{"id":995457,"date":"2021-07-09T20:01:13","date_gmt":"2021-07-10T00:01:13","guid":{"rendered":"https:\/\/georocfor.com\/privacy-policy\/"},"modified":"2026-01-26T15:22:34","modified_gmt":"2026-01-26T20:22:34","slug":"politique-de-confidentialite","status":"publish","type":"page","link":"https:\/\/georocfor.com\/fr\/politique-de-confidentialite\/","title":{"rendered":"Politique de confidentialit\u00e9"},"content":{"rendered":"<div class=\"vgblk-rw-wrapper limit-wrapper\">\r\n<p>Cette politique de confidentialit\u00e9 d\u00e9crit comment\u00a0\u00a0Les Accessoires G\u00e9o-Roc-For inc collecte, utilise et prot\u00e8ge les informations personnelles des visiteurs de notre site Web : www.georocfor.com.<\/p>\r\n<p>En acc\u00e9dant ou en utilisant notre site Web, vous reconnaissez avoir lu, compris et accept\u00e9 les modalit\u00e9s et conditions de cette politique de confidentialit\u00e9. Si vous n&rsquo;acceptez pas cette politique de confidentialit\u00e9, veuillez \u00abrefuser\u00bb\u00a0notre demande de consentement ou ne pas naviguer sur notre site Web.<\/p>\r\n<h3>Informations personnelles que nous recueillons<\/h3>\r\n<p>Nous collectons les informations personnelles que vous nous fournissez volontairement, telles que votre nom, votre adresse courriel et toute autre information que vous choisissez de fournir lorsque vous nous contactez via notre site Web.<\/p>\r\n<p>Nous utilisons \u00e9galement Google Analytics pour collecter des informations sur votre visite sur notre site Web, notamment les pages que vous consultez, les liens que vous cliquez et autres actions que vous effectuez sur notre site Web. Ces informations sont collect\u00e9es \u00e0 l&rsquo;aide de t\u00e9moins (cookies) et d&rsquo;autres technologies similaires sous forme anonyme.<\/p>\r\n<h3>Informations anonymes que nous recueillons (t\u00e9moins de statistiques et marketing)<\/h3>\r\n<p>Nous recueillons des donn\u00e9es anonymes telles que les adresses IP (adresse de protocole Internet) enregistr\u00e9es par les serveurs Internet.<\/p>\r\n<p>Nous recueillons \u00e9galement des donn\u00e9es de navigation de par notre utilisation de Google Analytics pour recueillir des statistiques telles que les dates et les heures d&rsquo;acc\u00e8s des visiteurs, de m\u00eame que les syst\u00e8mes d&rsquo;exploitation, les navigateurs utilis\u00e9s, les donn\u00e9es d\u00e9mographiques sur nos visiteurs (groupe d&rsquo;\u00e2ge, pays, langue, etc.) ainsi que les habitudes de navigation (pages consult\u00e9es, nombre de visites, dur\u00e9e de consultation, etc.). Ces informations sont sauvegard\u00e9es \u00e0 l&rsquo;aide de t\u00e9moins (cookies) et d&rsquo;autres technologies similaires..<\/p>\r\n<p>Un t\u00e9moin (cookie) est un petit fichier de donn\u00e9es texte qui est enregistr\u00e9 sur l&rsquo;ordinateur ou le p\u00e9riph\u00e9rique mobile d&rsquo;un utilisateur lorsqu&rsquo;il visite un site Web. Les t\u00e9moins sont utilis\u00e9s pour enregistrer des informations sur les pr\u00e9f\u00e9rences de l&rsquo;utilisateur, les choix de langue, les informations de connexion et les donn\u00e9es de navigation.<\/p>\r\n<p>Veuillez noter que nous n&rsquo;utilisons pas pr\u00e9sentement des outils publicitaires qui recueillent des t\u00e9moins de marketing.<br \/>Noter \u00e9galement que nous n&rsquo;avons acc\u00e8s \u00e0 aucune information personnelle sensible, telle que vos informations financi\u00e8res ou votre num\u00e9ro d&rsquo;assurance sociale.<\/p>\r\n<h3>D\u00e9sactivation des t\u00e9moins (cookies)<\/h3>\r\n<p>Pour activer ou d\u00e9sactiver les t\u00e9moins (cookies) dans Chrome, consultez <a href=\"https:\/\/support.google.com\/accounts\/answer\/61416?hl=fr\" target=\"_blank\" rel=\"noopener\">cette marche \u00e0 suivre de Google<\/a>. Sachez que vous pouvez \u00e9galement d\u00e9sactiver la diffusion d&rsquo;annonces cibl\u00e9es par centres d&rsquo;int\u00e9r\u00eat ou donn\u00e9es d\u00e9mographiques sur Google, en consultant<a href=\"https:\/\/support.google.com\/My-Ad-Center-Help\/answer\/12155764?hl=fr&amp;visit_id=639014153431453061-3716541529&amp;rd=1\" target=\"_blank\" rel=\"noopener\"> le Gestionnaire de pr\u00e9f\u00e9rences pour les annonces<\/a>. Lorsque vous proc\u00e9dez \u00e0 la d\u00e9sactivation de ce param\u00e8tre, les annonces ne seront pas bloqu\u00e9es, elles appara\u00eetront toujours, mais elles ne seront plus en lien avec vos centres d&rsquo;int\u00e9r\u00eat, vos donn\u00e9es d\u00e9mographiques ou les sites que vous aurez visit\u00e9s.<\/p>\r\n<h3>Utilisation des informations personnelles<\/h3>\r\n<p>Nous utilisons vos informations personnelles aux fins suivantes :<\/p>\r\n<ul>\r\n<li>Pour r\u00e9pondre \u00e0 vos demandes et fournir un support client;<\/li>\r\n<li>Pour analyser et am\u00e9liorer les performances de notre site Web (donn\u00e9es g\u00e9ographiques);<\/li>\r\n<li>Pour maintenir la s\u00e9curit\u00e9 et la protection de notre site Web.<\/li>\r\n<\/ul>\r\n<h3>Conservation des informations<\/h3>\r\n<p>Nous conservons vos informations personnelles aussi longtemps que n\u00e9cessaires pour atteindre les fins pour lesquelles elles ont \u00e9t\u00e9 collect\u00e9es, ou tel que requis par la loi.<\/p>\r\n<h3>S\u00e9curit\u00e9 des informations<\/h3>\r\n<p>Nous prenons des mesures de s\u00e9curit\u00e9 appropri\u00e9es pour prot\u00e9ger vos informations personnelles contre tout acc\u00e8s, utilisation ou divulgation non autoris\u00e9s. Toutefois, veuillez noter que malgr\u00e9 nos efforts, aucune mesure de s\u00e9curit\u00e9 n&rsquo;est absolument infaillible.<\/p>\r\n<h3>Modifications de la politique de confidentialit\u00e9<\/h3>\r\n<p>Nous nous r\u00e9servons le droit de modifier cette politique de confidentialit\u00e9 \u00e0 tout moment. Nous vous recommandons de consulter r\u00e9guli\u00e8rement cette politique de confidentialit\u00e9 pour \u00eatre inform\u00e9(e) des changements \u00e9ventuels.<\/p>\r\n<h3>Contact pour information<\/h3>\r\n<p>Si vous avez des questions ou des pr\u00e9occupations concernant cette politique de confidentialit\u00e9 ou la mani\u00e8re dont nous g\u00e9rons vos informations personnelles, veuillez contacter Luc Charland \u00e0 l&rsquo;adresse courriel suivante : <a href=\"mailto:luc@georocfor.com\">luc@georocfor.com<\/a> ou par t\u00e9l\u00e9phone au <a href=\"tel:8195694207\">819\u00a0569-4207<\/a>.<\/p>\r\n<p><strong>Derni\u00e8re mise \u00e0 jour :<\/strong> D\u00e9cembre 2025.<\/p>\r\n<\/div><!-- .vgblk-rw-wrapper -->","protected":false},"excerpt":{"rendered":"<p>Cette politique de confidentialit\u00e9 d\u00e9crit comment\u00a0\u00a0Les Accessoires G\u00e9o-Roc-For inc collecte, utilise et prot\u00e8ge les informations personnelles des visiteurs de notre site Web : www.georocfor.com. En acc\u00e9dant ou en utilisant notre site Web, vous reconnaissez avoir lu, compris et accept\u00e9 les modalit\u00e9s et conditions de cette politique de confidentialit\u00e9. Si vous n&rsquo;acceptez pas cette politique de&#8230;<\/p>\n","protected":false},"author":1,"featured_media":0,"parent":0,"menu_order":0,"comment_status":"closed","ping_status":"closed","template":"","meta":{"_acf_changed":false,"inline_featured_image":false,"_monsterinsights_skip_tracking":false,"_monsterinsights_sitenote_active":false,"_monsterinsights_sitenote_note":"","_monsterinsights_sitenote_category":0,"footnotes":""},"class_list":["post-995457","page","type-page","status-publish","hentry"],"acf":[],"yoast_head":"<!-- This site is optimized with the Yoast SEO plugin v26.8 - https:\/\/yoast.com\/product\/yoast-seo-wordpress\/ -->\n<title>Politique de confidentialit\u00e9 - GeoRocFor<\/title>\n<meta name=\"description\" content=\"Consultez la politique de confidentialit\u00e9 GeoRocFor pour comprendre comment nous collectons, utilisons et prot\u00e9geons vos donn\u00e9es personnelles.\" \/>\n<meta name=\"robots\" content=\"index, follow, max-snippet:-1, max-image-preview:large, max-video-preview:-1\" \/>\n<link rel=\"canonical\" href=\"https:\/\/georocfor.com\/fr\/politique-de-confidentialite\/\" \/>\n<meta property=\"og:locale\" content=\"fr_CA\" \/>\n<meta property=\"og:type\" content=\"article\" \/>\n<meta property=\"og:title\" content=\"Politique de confidentialit\u00e9 - GeoRocFor\" \/>\n<meta property=\"og:description\" content=\"Consultez la politique de confidentialit\u00e9 GeoRocFor pour comprendre comment nous collectons, utilisons et prot\u00e9geons vos donn\u00e9es personnelles.\" \/>\n<meta property=\"og:url\" content=\"https:\/\/georocfor.com\/fr\/politique-de-confidentialite\/\" \/>\n<meta property=\"og:site_name\" content=\"GeoRocFor\" \/>\n<meta property=\"article:modified_time\" content=\"2026-01-26T20:22:34+00:00\" \/>\n<meta name=\"twitter:card\" content=\"summary_large_image\" \/>\n<meta name=\"twitter:label1\" content=\"Estimation du temps de lecture\" \/>\n\t<meta name=\"twitter:data1\" content=\"3 minutes\" \/>\n<script type=\"application\/ld+json\" class=\"yoast-schema-graph\">{\"@context\":\"https:\/\/schema.org\",\"@graph\":[{\"@type\":\"WebPage\",\"@id\":\"https:\/\/georocfor.com\/fr\/politique-de-confidentialite\/\",\"url\":\"https:\/\/georocfor.com\/fr\/politique-de-confidentialite\/\",\"name\":\"Politique de confidentialit\u00e9 - GeoRocFor\",\"isPartOf\":{\"@id\":\"https:\/\/georocfor.com\/fr\/#website\"},\"datePublished\":\"2021-07-10T00:01:13+00:00\",\"dateModified\":\"2026-01-26T20:22:34+00:00\",\"description\":\"Consultez la politique de confidentialit\u00e9 GeoRocFor pour comprendre comment nous collectons, utilisons et prot\u00e9geons vos donn\u00e9es personnelles.\",\"breadcrumb\":{\"@id\":\"https:\/\/georocfor.com\/fr\/politique-de-confidentialite\/#breadcrumb\"},\"inLanguage\":\"fr-CA\",\"potentialAction\":[{\"@type\":\"ReadAction\",\"target\":[\"https:\/\/georocfor.com\/fr\/politique-de-confidentialite\/\"]}]},{\"@type\":\"BreadcrumbList\",\"@id\":\"https:\/\/georocfor.com\/fr\/politique-de-confidentialite\/#breadcrumb\",\"itemListElement\":[{\"@type\":\"ListItem\",\"position\":1,\"name\":\"Home\",\"item\":\"https:\/\/georocfor.com\/fr\/\"},{\"@type\":\"ListItem\",\"position\":2,\"name\":\"Politique de confidentialit\u00e9\"}]},{\"@type\":\"WebSite\",\"@id\":\"https:\/\/georocfor.com\/fr\/#website\",\"url\":\"https:\/\/georocfor.com\/fr\/\",\"name\":\"GeoRocFor\",\"description\":\"\",\"publisher\":{\"@id\":\"https:\/\/georocfor.com\/fr\/#organization\"},\"potentialAction\":[{\"@type\":\"SearchAction\",\"target\":{\"@type\":\"EntryPoint\",\"urlTemplate\":\"https:\/\/georocfor.com\/fr\/?s={search_term_string}\"},\"query-input\":{\"@type\":\"PropertyValueSpecification\",\"valueRequired\":true,\"valueName\":\"search_term_string\"}}],\"inLanguage\":\"fr-CA\"},{\"@type\":\"Organization\",\"@id\":\"https:\/\/georocfor.com\/fr\/#organization\",\"name\":\"GeoRocFor\",\"url\":\"https:\/\/georocfor.com\/fr\/\",\"logo\":{\"@type\":\"ImageObject\",\"inLanguage\":\"fr-CA\",\"@id\":\"https:\/\/georocfor.com\/fr\/#\/schema\/logo\/image\/\",\"url\":\"https:\/\/georocfor.com\/wp-content\/uploads\/2024\/03\/georocfor_logo_457x64.png\",\"contentUrl\":\"https:\/\/georocfor.com\/wp-content\/uploads\/2024\/03\/georocfor_logo_457x64.png\",\"width\":457,\"height\":64,\"caption\":\"GeoRocFor\"},\"image\":{\"@id\":\"https:\/\/georocfor.com\/fr\/#\/schema\/logo\/image\/\"}}]}<\/script>\n<!-- \/ Yoast SEO plugin. -->","yoast_head_json":{"title":"Politique de confidentialit\u00e9 - GeoRocFor","description":"Consultez la politique de confidentialit\u00e9 GeoRocFor pour comprendre comment nous collectons, utilisons et prot\u00e9geons vos donn\u00e9es personnelles.","robots":{"index":"index","follow":"follow","max-snippet":"max-snippet:-1","max-image-preview":"max-image-preview:large","max-video-preview":"max-video-preview:-1"},"canonical":"https:\/\/georocfor.com\/fr\/politique-de-confidentialite\/","og_locale":"fr_CA","og_type":"article","og_title":"Politique de confidentialit\u00e9 - GeoRocFor","og_description":"Consultez la politique de confidentialit\u00e9 GeoRocFor pour comprendre comment nous collectons, utilisons et prot\u00e9geons vos donn\u00e9es personnelles.","og_url":"https:\/\/georocfor.com\/fr\/politique-de-confidentialite\/","og_site_name":"GeoRocFor","article_modified_time":"2026-01-26T20:22:34+00:00","twitter_card":"summary_large_image","twitter_misc":{"Estimation du temps de lecture":"3 minutes"},"schema":{"@context":"https:\/\/schema.org","@graph":[{"@type":"WebPage","@id":"https:\/\/georocfor.com\/fr\/politique-de-confidentialite\/","url":"https:\/\/georocfor.com\/fr\/politique-de-confidentialite\/","name":"Politique de confidentialit\u00e9 - GeoRocFor","isPartOf":{"@id":"https:\/\/georocfor.com\/fr\/#website"},"datePublished":"2021-07-10T00:01:13+00:00","dateModified":"2026-01-26T20:22:34+00:00","description":"Consultez la politique de confidentialit\u00e9 GeoRocFor pour comprendre comment nous collectons, utilisons et prot\u00e9geons vos donn\u00e9es personnelles.","breadcrumb":{"@id":"https:\/\/georocfor.com\/fr\/politique-de-confidentialite\/#breadcrumb"},"inLanguage":"fr-CA","potentialAction":[{"@type":"ReadAction","target":["https:\/\/georocfor.com\/fr\/politique-de-confidentialite\/"]}]},{"@type":"BreadcrumbList","@id":"https:\/\/georocfor.com\/fr\/politique-de-confidentialite\/#breadcrumb","itemListElement":[{"@type":"ListItem","position":1,"name":"Home","item":"https:\/\/georocfor.com\/fr\/"},{"@type":"ListItem","position":2,"name":"Politique de confidentialit\u00e9"}]},{"@type":"WebSite","@id":"https:\/\/georocfor.com\/fr\/#website","url":"https:\/\/georocfor.com\/fr\/","name":"GeoRocFor","description":"","publisher":{"@id":"https:\/\/georocfor.com\/fr\/#organization"},"potentialAction":[{"@type":"SearchAction","target":{"@type":"EntryPoint","urlTemplate":"https:\/\/georocfor.com\/fr\/?s={search_term_string}"},"query-input":{"@type":"PropertyValueSpecification","valueRequired":true,"valueName":"search_term_string"}}],"inLanguage":"fr-CA"},{"@type":"Organization","@id":"https:\/\/georocfor.com\/fr\/#organization","name":"GeoRocFor","url":"https:\/\/georocfor.com\/fr\/","logo":{"@type":"ImageObject","inLanguage":"fr-CA","@id":"https:\/\/georocfor.com\/fr\/#\/schema\/logo\/image\/","url":"https:\/\/georocfor.com\/wp-content\/uploads\/2024\/03\/georocfor_logo_457x64.png","contentUrl":"https:\/\/georocfor.com\/wp-content\/uploads\/2024\/03\/georocfor_logo_457x64.png","width":457,"height":64,"caption":"GeoRocFor"},"image":{"@id":"https:\/\/georocfor.com\/fr\/#\/schema\/logo\/image\/"}}]}},"jetpack_sharing_enabled":true,"_links":{"self":[{"href":"https:\/\/georocfor.com\/fr\/wp-json\/wp\/v2\/pages\/995457","targetHints":{"allow":["GET"]}}],"collection":[{"href":"https:\/\/georocfor.com\/fr\/wp-json\/wp\/v2\/pages"}],"about":[{"href":"https:\/\/georocfor.com\/fr\/wp-json\/wp\/v2\/types\/page"}],"author":[{"embeddable":true,"href":"https:\/\/georocfor.com\/fr\/wp-json\/wp\/v2\/users\/1"}],"replies":[{"embeddable":true,"href":"https:\/\/georocfor.com\/fr\/wp-json\/wp\/v2\/comments?post=995457"}],"version-history":[{"count":5,"href":"https:\/\/georocfor.com\/fr\/wp-json\/wp\/v2\/pages\/995457\/revisions"}],"predecessor-version":[{"id":995782,"href":"https:\/\/georocfor.com\/fr\/wp-json\/wp\/v2\/pages\/995457\/revisions\/995782"}],"wp:attachment":[{"href":"https:\/\/georocfor.com\/fr\/wp-json\/wp\/v2\/media?parent=995457"}],"curies":[{"name":"wp","href":"https:\/\/api.w.org\/{rel}","templated":true}]}}