{"id":995381,"date":"2017-04-26T15:07:13","date_gmt":"2017-04-26T19:07:13","guid":{"rendered":"https:\/\/georocfor.com\/applications\/waterwell\/"},"modified":"2026-01-27T14:44:40","modified_gmt":"2026-01-27T19:44:40","slug":"forage-de-puits-artesien","status":"publish","type":"page","link":"https:\/\/georocfor.com\/fr\/applications\/forage-de-puits-artesien\/","title":{"rendered":"Forage de puits art\u00e9sien"},"content":{"rendered":"<div class=\"vgblk-rw-wrapper limit-wrapper\">\r\n<h2>Forage de <b> puits art\u00e9sien <\/b><\/h2>\r\n<p><strong>Lorsque le tubage doit \u00eatre install\u00e9 pour un puits d&rsquo;eau (puits art\u00e9sien), l&rsquo;utilisation du syst\u00e8me de forage Xs Drill est le choix num\u00e9ro un des foreurs. <\/strong><\/p>\r\n<p>G\u00e9orocfor offre la meilleure couronne pour le forage dans les terrains de recouvrement sur le march\u00e9. Dans un puits vertical, la couronne standard peut atteindre des profondeurs de plus de 250 m\u00e8tres. L&rsquo;utilisation de la couronne SA (S\u00e9v\u00e8re Application) est recommand\u00e9e lorsque les conditions g\u00e9ologiques sont tr\u00e8s difficiles (pr\u00e9sence de nombreux blocs et\/ou de sable) ou lorsque le forage doit atteindre des profondeurs allant jusqu&rsquo;\u00e0 250 m sans t\u00e9lescopage.<\/p>\r\n<p><img loading=\"lazy\" decoding=\"async\" title=\"georocfor_waterwell-01_1200x800\" src=\"https:\/\/georocfor.com\/wp-content\/uploads\/2024\/04\/georocfor_waterwell-01_1200x800.jpg\" sizes=\"auto, (max-width: 768px) 100vw, 100vw\" srcset=\"https:\/\/georocfor.com\/wp-content\/uploads\/2024\/04\/georocfor_waterwell-01_1200x800.jpg 1200w, https:\/\/georocfor.com\/wp-content\/uploads\/2024\/04\/georocfor_waterwell-01_1200x800-630x420.jpg 630w, https:\/\/georocfor.com\/wp-content\/uploads\/2024\/04\/georocfor_waterwell-01_1200x800-300x200.jpg 300w, https:\/\/georocfor.com\/wp-content\/uploads\/2024\/04\/georocfor_waterwell-01_1200x800-1024x683.jpg 1024w, https:\/\/georocfor.com\/wp-content\/uploads\/2024\/04\/georocfor_waterwell-01_1200x800-768x512.jpg 768w, https:\/\/georocfor.com\/wp-content\/uploads\/2024\/04\/georocfor_waterwell-01_1200x800-420x280.jpg 420w, https:\/\/georocfor.com\/wp-content\/uploads\/2024\/04\/georocfor_waterwell-01_1200x800-840x560.jpg 840w, https:\/\/georocfor.com\/wp-content\/uploads\/2024\/04\/georocfor_waterwell-01_1200x800-315x210.jpg 315w\" alt=\"georocfor_waterwell-01_1200x800\" width=\"1200\" height=\"800\" \/> <img loading=\"lazy\" decoding=\"async\" title=\"georocfor_waterwell-02_1200x800\" src=\"https:\/\/georocfor.com\/wp-content\/uploads\/2024\/04\/georocfor_waterwell-02_1200x800.jpg\" sizes=\"auto, (max-width: 768px) 100vw, 100vw\" srcset=\"https:\/\/georocfor.com\/wp-content\/uploads\/2024\/04\/georocfor_waterwell-02_1200x800.jpg 1200w, https:\/\/georocfor.com\/wp-content\/uploads\/2024\/04\/georocfor_waterwell-02_1200x800-630x420.jpg 630w, https:\/\/georocfor.com\/wp-content\/uploads\/2024\/04\/georocfor_waterwell-02_1200x800-300x200.jpg 300w, https:\/\/georocfor.com\/wp-content\/uploads\/2024\/04\/georocfor_waterwell-02_1200x800-1024x683.jpg 1024w, https:\/\/georocfor.com\/wp-content\/uploads\/2024\/04\/georocfor_waterwell-02_1200x800-768x512.jpg 768w, https:\/\/georocfor.com\/wp-content\/uploads\/2024\/04\/georocfor_waterwell-02_1200x800-420x280.jpg 420w, https:\/\/georocfor.com\/wp-content\/uploads\/2024\/04\/georocfor_waterwell-02_1200x800-840x560.jpg 840w, https:\/\/georocfor.com\/wp-content\/uploads\/2024\/04\/georocfor_waterwell-02_1200x800-315x210.jpg 315w\" alt=\"georocfor_waterwell-02_1200x800\" width=\"1200\" height=\"800\" \/> <img loading=\"lazy\" decoding=\"async\" title=\"georocfor_waterwell-03_1200x800\" src=\"https:\/\/georocfor.com\/wp-content\/uploads\/2024\/04\/georocfor_waterwell-03_1200x800.jpg\" sizes=\"auto, (max-width: 768px) 100vw, 100vw\" srcset=\"https:\/\/georocfor.com\/wp-content\/uploads\/2024\/04\/georocfor_waterwell-03_1200x800.jpg 1200w, https:\/\/georocfor.com\/wp-content\/uploads\/2024\/04\/georocfor_waterwell-03_1200x800-630x420.jpg 630w, https:\/\/georocfor.com\/wp-content\/uploads\/2024\/04\/georocfor_waterwell-03_1200x800-300x200.jpg 300w, https:\/\/georocfor.com\/wp-content\/uploads\/2024\/04\/georocfor_waterwell-03_1200x800-1024x683.jpg 1024w, https:\/\/georocfor.com\/wp-content\/uploads\/2024\/04\/georocfor_waterwell-03_1200x800-768x512.jpg 768w, https:\/\/georocfor.com\/wp-content\/uploads\/2024\/04\/georocfor_waterwell-03_1200x800-420x280.jpg 420w, https:\/\/georocfor.com\/wp-content\/uploads\/2024\/04\/georocfor_waterwell-03_1200x800-840x560.jpg 840w, https:\/\/georocfor.com\/wp-content\/uploads\/2024\/04\/georocfor_waterwell-03_1200x800-315x210.jpg 315w\" alt=\"georocfor_waterwell-03_1200x800\" width=\"1200\" height=\"800\" \/><\/p>\r\n<h2>Nos <br \/><b>syst\u00e8mes sugg\u00e9r\u00e9s <\/b><\/h2>\r\n<h4><a title=\"Syst\u00e8me Xs T V2.0 \" href=\"https:\/\/georocfor.com\/fr\/produits\/systemes-de-tubage-a-lavancement\/systeme-xs-t-v2-0\/\" target=\"_self\"> Syst\u00e8me Xs T V2.0 <\/a><\/h4>\r\n<p>Le syst\u00e8me Xs T V2.0 peut \u00eatre utilis\u00e9 avec n&rsquo;importe quelle taille de tubage, mais il est principalement&#8230;<\/p>\r\n<p><a role=\"button\" href=\"https:\/\/georocfor.com\/fr\/produits\/systemes-de-tubage-a-lavancement\/systeme-xs-t-v2-0\/\" target=\"_self\"> En savoir plus <\/a><\/p>\r\n<h4><a title=\"Syst\u00e8me Xs T \" href=\"https:\/\/georocfor.com\/fr\/produits\/systemes-de-tubage-a-lavancement\/systeme-xs-t\/\" target=\"_self\"> Syst\u00e8me Xs T <\/a><\/h4>\r\n<p>Le syst\u00e8me Xs T peut \u00eatre utilis\u00e9 avec n&rsquo;importe quelle taille de tubage, mais il est principalement&#8230;<\/p>\r\n<p><a role=\"button\" href=\"https:\/\/georocfor.com\/fr\/produits\/systemes-de-tubage-a-lavancement\/systeme-xs-t\/\" target=\"_self\"> En savoir plus <\/a><\/p>\r\n<h4><a title=\"Syst\u00e8me Xs S \" href=\"https:\/\/georocfor.com\/fr\/produits\/systemes-de-tubage-a-lavancement\/systeme-xs-s\/\" target=\"_self\"> Syst\u00e8me Xs S <\/a><\/h4>\r\n<p>Le syst\u00e8me Xs S est utilis\u00e9 avec n&rsquo;importe quelle taille de tubage ayant une paroi mince&#8230;<\/p>\r\n<p><a role=\"button\" href=\"https:\/\/georocfor.com\/fr\/produits\/systemes-de-tubage-a-lavancement\/systeme-xs-s\/\" target=\"_self\"> En savoir plus <\/a><\/p>\r\n<h4><a title=\"Syst\u00e8me Xs RU \" href=\"https:\/\/georocfor.com\/fr\/produits\/systemes-de-tubage-a-lavancement\/systeme-xs-ru\/\" target=\"_self\"> Syst\u00e8me Xs RU <\/a><\/h4>\r\n<p>The Xs RU (retrievable\/reusable) system is used with any size casing&#8230;<\/p>\r\n<p><a role=\"button\" href=\"https:\/\/georocfor.com\/fr\/produits\/systemes-de-tubage-a-lavancement\/systeme-xs-ru\/\" target=\"_self\"> En savoir plus <\/a><\/p>\r\n<\/div><!-- .vgblk-rw-wrapper -->","protected":false},"excerpt":{"rendered":"<p>Forage de puits art\u00e9sien Lorsque le tubage doit \u00eatre install\u00e9 pour un puits d&rsquo;eau (puits art\u00e9sien), l&rsquo;utilisation du syst\u00e8me de forage Xs Drill est le choix num\u00e9ro un des foreurs. G\u00e9orocfor offre la meilleure couronne pour le forage dans les terrains de recouvrement sur le march\u00e9. Dans un puits vertical, la couronne standard peut atteindre&#8230;<\/p>\n","protected":false},"author":1,"featured_media":992324,"parent":995371,"menu_order":0,"comment_status":"closed","ping_status":"closed","template":"","meta":{"_acf_changed":false,"inline_featured_image":false,"_monsterinsights_skip_tracking":false,"_monsterinsights_sitenote_active":false,"_monsterinsights_sitenote_note":"","_monsterinsights_sitenote_category":0,"footnotes":""},"class_list":["post-995381","page","type-page","status-publish","has-post-thumbnail","hentry"],"acf":[],"yoast_head":"<!-- This site is optimized with the Yoast SEO plugin v26.8 - https:\/\/yoast.com\/product\/yoast-seo-wordpress\/ -->\n<title>Forage de puits art\u00e9sien - GeoRocFor<\/title>\n<meta name=\"description\" content=\"Forage de puits art\u00e9siens GeoRocFor : \u00e9quipements robustes et solutions pr\u00e9cises pour eau potable, irrigation ou g\u00e9othermie.\" \/>\n<meta name=\"robots\" content=\"index, follow, max-snippet:-1, max-image-preview:large, max-video-preview:-1\" \/>\n<link rel=\"canonical\" href=\"https:\/\/georocfor.com\/fr\/applications\/forage-de-puits-artesien\/\" \/>\n<meta property=\"og:locale\" content=\"fr_CA\" \/>\n<meta property=\"og:type\" content=\"article\" \/>\n<meta property=\"og:title\" content=\"Forage de puits art\u00e9sien - GeoRocFor\" \/>\n<meta property=\"og:description\" content=\"Forage de puits art\u00e9siens GeoRocFor : \u00e9quipements robustes et solutions pr\u00e9cises pour eau potable, irrigation ou g\u00e9othermie.\" \/>\n<meta property=\"og:url\" content=\"https:\/\/georocfor.com\/fr\/applications\/forage-de-puits-artesien\/\" \/>\n<meta property=\"og:site_name\" content=\"GeoRocFor\" \/>\n<meta property=\"article:modified_time\" content=\"2026-01-27T19:44:40+00:00\" \/>\n<meta property=\"og:image\" content=\"https:\/\/georocfor.com\/wp-content\/uploads\/2024\/04\/georocfor_waterwell-01_1200x800.jpg\" \/>\n\t<meta property=\"og:image:width\" content=\"1200\" \/>\n\t<meta property=\"og:image:height\" content=\"800\" \/>\n\t<meta property=\"og:image:type\" content=\"image\/jpeg\" \/>\n<meta name=\"twitter:card\" content=\"summary_large_image\" \/>\n<meta name=\"twitter:label1\" content=\"Estimation du temps de lecture\" \/>\n\t<meta name=\"twitter:data1\" content=\"2 minutes\" \/>\n<script type=\"application\/ld+json\" class=\"yoast-schema-graph\">{\"@context\":\"https:\/\/schema.org\",\"@graph\":[{\"@type\":\"WebPage\",\"@id\":\"https:\/\/georocfor.com\/fr\/applications\/forage-de-puits-artesien\/\",\"url\":\"https:\/\/georocfor.com\/fr\/applications\/forage-de-puits-artesien\/\",\"name\":\"Forage de puits art\u00e9sien - GeoRocFor\",\"isPartOf\":{\"@id\":\"https:\/\/georocfor.com\/fr\/#website\"},\"primaryImageOfPage\":{\"@id\":\"https:\/\/georocfor.com\/fr\/applications\/forage-de-puits-artesien\/#primaryimage\"},\"image\":{\"@id\":\"https:\/\/georocfor.com\/fr\/applications\/forage-de-puits-artesien\/#primaryimage\"},\"thumbnailUrl\":\"https:\/\/georocfor.com\/wp-content\/uploads\/2024\/04\/georocfor_waterwell-01_1200x800.jpg\",\"datePublished\":\"2017-04-26T19:07:13+00:00\",\"dateModified\":\"2026-01-27T19:44:40+00:00\",\"description\":\"Forage de puits art\u00e9siens GeoRocFor : \u00e9quipements robustes et solutions pr\u00e9cises pour eau potable, irrigation ou g\u00e9othermie.\",\"breadcrumb\":{\"@id\":\"https:\/\/georocfor.com\/fr\/applications\/forage-de-puits-artesien\/#breadcrumb\"},\"inLanguage\":\"fr-CA\",\"potentialAction\":[{\"@type\":\"ReadAction\",\"target\":[\"https:\/\/georocfor.com\/fr\/applications\/forage-de-puits-artesien\/\"]}]},{\"@type\":\"ImageObject\",\"inLanguage\":\"fr-CA\",\"@id\":\"https:\/\/georocfor.com\/fr\/applications\/forage-de-puits-artesien\/#primaryimage\",\"url\":\"https:\/\/georocfor.com\/wp-content\/uploads\/2024\/04\/georocfor_waterwell-01_1200x800.jpg\",\"contentUrl\":\"https:\/\/georocfor.com\/wp-content\/uploads\/2024\/04\/georocfor_waterwell-01_1200x800.jpg\",\"width\":1200,\"height\":800,\"caption\":\"\u00c9quipe de forage de puits art\u00e9siens\"},{\"@type\":\"BreadcrumbList\",\"@id\":\"https:\/\/georocfor.com\/fr\/applications\/forage-de-puits-artesien\/#breadcrumb\",\"itemListElement\":[{\"@type\":\"ListItem\",\"position\":1,\"name\":\"Home\",\"item\":\"https:\/\/georocfor.com\/fr\/\"},{\"@type\":\"ListItem\",\"position\":2,\"name\":\"Applications\",\"item\":\"https:\/\/georocfor.com\/fr\/applications\/\"},{\"@type\":\"ListItem\",\"position\":3,\"name\":\"Forage de puits art\u00e9sien\"}]},{\"@type\":\"WebSite\",\"@id\":\"https:\/\/georocfor.com\/fr\/#website\",\"url\":\"https:\/\/georocfor.com\/fr\/\",\"name\":\"GeoRocFor\",\"description\":\"\",\"publisher\":{\"@id\":\"https:\/\/georocfor.com\/fr\/#organization\"},\"potentialAction\":[{\"@type\":\"SearchAction\",\"target\":{\"@type\":\"EntryPoint\",\"urlTemplate\":\"https:\/\/georocfor.com\/fr\/?s={search_term_string}\"},\"query-input\":{\"@type\":\"PropertyValueSpecification\",\"valueRequired\":true,\"valueName\":\"search_term_string\"}}],\"inLanguage\":\"fr-CA\"},{\"@type\":\"Organization\",\"@id\":\"https:\/\/georocfor.com\/fr\/#organization\",\"name\":\"GeoRocFor\",\"url\":\"https:\/\/georocfor.com\/fr\/\",\"logo\":{\"@type\":\"ImageObject\",\"inLanguage\":\"fr-CA\",\"@id\":\"https:\/\/georocfor.com\/fr\/#\/schema\/logo\/image\/\",\"url\":\"https:\/\/georocfor.com\/wp-content\/uploads\/2024\/03\/georocfor_logo_457x64.png\",\"contentUrl\":\"https:\/\/georocfor.com\/wp-content\/uploads\/2024\/03\/georocfor_logo_457x64.png\",\"width\":457,\"height\":64,\"caption\":\"GeoRocFor\"},\"image\":{\"@id\":\"https:\/\/georocfor.com\/fr\/#\/schema\/logo\/image\/\"}}]}<\/script>\n<!-- \/ Yoast SEO plugin. -->","yoast_head_json":{"title":"Forage de puits art\u00e9sien - GeoRocFor","description":"Forage de puits art\u00e9siens GeoRocFor : \u00e9quipements robustes et solutions pr\u00e9cises pour eau potable, irrigation ou g\u00e9othermie.","robots":{"index":"index","follow":"follow","max-snippet":"max-snippet:-1","max-image-preview":"max-image-preview:large","max-video-preview":"max-video-preview:-1"},"canonical":"https:\/\/georocfor.com\/fr\/applications\/forage-de-puits-artesien\/","og_locale":"fr_CA","og_type":"article","og_title":"Forage de puits art\u00e9sien - GeoRocFor","og_description":"Forage de puits art\u00e9siens GeoRocFor : \u00e9quipements robustes et solutions pr\u00e9cises pour eau potable, irrigation ou g\u00e9othermie.","og_url":"https:\/\/georocfor.com\/fr\/applications\/forage-de-puits-artesien\/","og_site_name":"GeoRocFor","article_modified_time":"2026-01-27T19:44:40+00:00","og_image":[{"width":1200,"height":800,"url":"https:\/\/georocfor.com\/wp-content\/uploads\/2024\/04\/georocfor_waterwell-01_1200x800.jpg","type":"image\/jpeg"}],"twitter_card":"summary_large_image","twitter_misc":{"Estimation du temps de lecture":"2 minutes"},"schema":{"@context":"https:\/\/schema.org","@graph":[{"@type":"WebPage","@id":"https:\/\/georocfor.com\/fr\/applications\/forage-de-puits-artesien\/","url":"https:\/\/georocfor.com\/fr\/applications\/forage-de-puits-artesien\/","name":"Forage de puits art\u00e9sien - GeoRocFor","isPartOf":{"@id":"https:\/\/georocfor.com\/fr\/#website"},"primaryImageOfPage":{"@id":"https:\/\/georocfor.com\/fr\/applications\/forage-de-puits-artesien\/#primaryimage"},"image":{"@id":"https:\/\/georocfor.com\/fr\/applications\/forage-de-puits-artesien\/#primaryimage"},"thumbnailUrl":"https:\/\/georocfor.com\/wp-content\/uploads\/2024\/04\/georocfor_waterwell-01_1200x800.jpg","datePublished":"2017-04-26T19:07:13+00:00","dateModified":"2026-01-27T19:44:40+00:00","description":"Forage de puits art\u00e9siens GeoRocFor : \u00e9quipements robustes et solutions pr\u00e9cises pour eau potable, irrigation ou g\u00e9othermie.","breadcrumb":{"@id":"https:\/\/georocfor.com\/fr\/applications\/forage-de-puits-artesien\/#breadcrumb"},"inLanguage":"fr-CA","potentialAction":[{"@type":"ReadAction","target":["https:\/\/georocfor.com\/fr\/applications\/forage-de-puits-artesien\/"]}]},{"@type":"ImageObject","inLanguage":"fr-CA","@id":"https:\/\/georocfor.com\/fr\/applications\/forage-de-puits-artesien\/#primaryimage","url":"https:\/\/georocfor.com\/wp-content\/uploads\/2024\/04\/georocfor_waterwell-01_1200x800.jpg","contentUrl":"https:\/\/georocfor.com\/wp-content\/uploads\/2024\/04\/georocfor_waterwell-01_1200x800.jpg","width":1200,"height":800,"caption":"\u00c9quipe de forage de puits art\u00e9siens"},{"@type":"BreadcrumbList","@id":"https:\/\/georocfor.com\/fr\/applications\/forage-de-puits-artesien\/#breadcrumb","itemListElement":[{"@type":"ListItem","position":1,"name":"Home","item":"https:\/\/georocfor.com\/fr\/"},{"@type":"ListItem","position":2,"name":"Applications","item":"https:\/\/georocfor.com\/fr\/applications\/"},{"@type":"ListItem","position":3,"name":"Forage de puits art\u00e9sien"}]},{"@type":"WebSite","@id":"https:\/\/georocfor.com\/fr\/#website","url":"https:\/\/georocfor.com\/fr\/","name":"GeoRocFor","description":"","publisher":{"@id":"https:\/\/georocfor.com\/fr\/#organization"},"potentialAction":[{"@type":"SearchAction","target":{"@type":"EntryPoint","urlTemplate":"https:\/\/georocfor.com\/fr\/?s={search_term_string}"},"query-input":{"@type":"PropertyValueSpecification","valueRequired":true,"valueName":"search_term_string"}}],"inLanguage":"fr-CA"},{"@type":"Organization","@id":"https:\/\/georocfor.com\/fr\/#organization","name":"GeoRocFor","url":"https:\/\/georocfor.com\/fr\/","logo":{"@type":"ImageObject","inLanguage":"fr-CA","@id":"https:\/\/georocfor.com\/fr\/#\/schema\/logo\/image\/","url":"https:\/\/georocfor.com\/wp-content\/uploads\/2024\/03\/georocfor_logo_457x64.png","contentUrl":"https:\/\/georocfor.com\/wp-content\/uploads\/2024\/03\/georocfor_logo_457x64.png","width":457,"height":64,"caption":"GeoRocFor"},"image":{"@id":"https:\/\/georocfor.com\/fr\/#\/schema\/logo\/image\/"}}]}},"jetpack_sharing_enabled":true,"_links":{"self":[{"href":"https:\/\/georocfor.com\/fr\/wp-json\/wp\/v2\/pages\/995381","targetHints":{"allow":["GET"]}}],"collection":[{"href":"https:\/\/georocfor.com\/fr\/wp-json\/wp\/v2\/pages"}],"about":[{"href":"https:\/\/georocfor.com\/fr\/wp-json\/wp\/v2\/types\/page"}],"author":[{"embeddable":true,"href":"https:\/\/georocfor.com\/fr\/wp-json\/wp\/v2\/users\/1"}],"replies":[{"embeddable":true,"href":"https:\/\/georocfor.com\/fr\/wp-json\/wp\/v2\/comments?post=995381"}],"version-history":[{"count":6,"href":"https:\/\/georocfor.com\/fr\/wp-json\/wp\/v2\/pages\/995381\/revisions"}],"predecessor-version":[{"id":995774,"href":"https:\/\/georocfor.com\/fr\/wp-json\/wp\/v2\/pages\/995381\/revisions\/995774"}],"up":[{"embeddable":true,"href":"https:\/\/georocfor.com\/fr\/wp-json\/wp\/v2\/pages\/995371"}],"wp:featuredmedia":[{"embeddable":true,"href":"https:\/\/georocfor.com\/fr\/wp-json\/wp\/v2\/media\/992324"}],"wp:attachment":[{"href":"https:\/\/georocfor.com\/fr\/wp-json\/wp\/v2\/media?parent=995381"}],"curies":[{"name":"wp","href":"https:\/\/api.w.org\/{rel}","templated":true}]}}