{"id":995379,"date":"2017-04-26T15:08:19","date_gmt":"2017-04-26T19:08:19","guid":{"rendered":"https:\/\/georocfor.com\/applications\/horizontal-drilling\/"},"modified":"2026-01-27T14:45:32","modified_gmt":"2026-01-27T19:45:32","slug":"forage-horizontal","status":"publish","type":"page","link":"https:\/\/georocfor.com\/fr\/applications\/forage-horizontal\/","title":{"rendered":"Forage horizontal"},"content":{"rendered":"<div class=\"vgblk-rw-wrapper limit-wrapper\">\r\n<h2>Forage<b> horizontal <\/b><\/h2>\r\n<p><strong>Traverser les conditions les plus difficiles. <\/strong><\/p>\r\n<p>Le forage horizontal est souvent utilis\u00e9 pour traverser des routes ou d&rsquo;autres structures permanentes sans avoir \u00e0 d\u00e9ranger le voisinage ou la circulation. Ce type de forage n\u00e9cessite un syst\u00e8me de forage appropri\u00e9. Comme le tubage est en contact avec le sol pendant toute la proc\u00e9dure, la qualit\u00e9 du syst\u00e8me d&rsquo;entra\u00eenement et de la couronne doit \u00eatre sup\u00e9rieure.<\/p>\r\n<p><img loading=\"lazy\" decoding=\"async\" title=\"georocfor_horizontal-drilling-03_1200x800\" src=\"https:\/\/georocfor.com\/wp-content\/uploads\/2024\/04\/georocfor_horizontal-drilling-03_1200x800.jpg\" sizes=\"auto, (max-width: 768px) 100vw, 100vw\" srcset=\"https:\/\/georocfor.com\/wp-content\/uploads\/2024\/04\/georocfor_horizontal-drilling-03_1200x800.jpg 1200w, https:\/\/georocfor.com\/wp-content\/uploads\/2024\/04\/georocfor_horizontal-drilling-03_1200x800-630x420.jpg 630w, https:\/\/georocfor.com\/wp-content\/uploads\/2024\/04\/georocfor_horizontal-drilling-03_1200x800-300x200.jpg 300w, https:\/\/georocfor.com\/wp-content\/uploads\/2024\/04\/georocfor_horizontal-drilling-03_1200x800-1024x683.jpg 1024w, https:\/\/georocfor.com\/wp-content\/uploads\/2024\/04\/georocfor_horizontal-drilling-03_1200x800-768x512.jpg 768w, https:\/\/georocfor.com\/wp-content\/uploads\/2024\/04\/georocfor_horizontal-drilling-03_1200x800-420x280.jpg 420w, https:\/\/georocfor.com\/wp-content\/uploads\/2024\/04\/georocfor_horizontal-drilling-03_1200x800-840x560.jpg 840w, https:\/\/georocfor.com\/wp-content\/uploads\/2024\/04\/georocfor_horizontal-drilling-03_1200x800-315x210.jpg 315w\" alt=\"georocfor_horizontal-drilling-03_1200x800\" width=\"1200\" height=\"800\" \/> <img loading=\"lazy\" decoding=\"async\" title=\"georocfor_horizontal-drilling-01_1200x800\" src=\"https:\/\/georocfor.com\/wp-content\/uploads\/2024\/04\/georocfor_horizontal-drilling-01_1200x800.jpg\" sizes=\"auto, (max-width: 768px) 100vw, 100vw\" srcset=\"https:\/\/georocfor.com\/wp-content\/uploads\/2024\/04\/georocfor_horizontal-drilling-01_1200x800.jpg 1200w, https:\/\/georocfor.com\/wp-content\/uploads\/2024\/04\/georocfor_horizontal-drilling-01_1200x800-630x420.jpg 630w, https:\/\/georocfor.com\/wp-content\/uploads\/2024\/04\/georocfor_horizontal-drilling-01_1200x800-300x200.jpg 300w, https:\/\/georocfor.com\/wp-content\/uploads\/2024\/04\/georocfor_horizontal-drilling-01_1200x800-1024x683.jpg 1024w, https:\/\/georocfor.com\/wp-content\/uploads\/2024\/04\/georocfor_horizontal-drilling-01_1200x800-768x512.jpg 768w, https:\/\/georocfor.com\/wp-content\/uploads\/2024\/04\/georocfor_horizontal-drilling-01_1200x800-420x280.jpg 420w, https:\/\/georocfor.com\/wp-content\/uploads\/2024\/04\/georocfor_horizontal-drilling-01_1200x800-840x560.jpg 840w, https:\/\/georocfor.com\/wp-content\/uploads\/2024\/04\/georocfor_horizontal-drilling-01_1200x800-315x210.jpg 315w\" alt=\"georocfor_horizontal-drilling-01_1200x800\" width=\"1200\" height=\"800\" \/> <img loading=\"lazy\" decoding=\"async\" title=\"georocfor_horizontal-drilling-02_1200x800\" src=\"https:\/\/georocfor.com\/wp-content\/uploads\/2024\/04\/georocfor_horizontal-drilling-02_1200x800.jpg\" sizes=\"auto, (max-width: 768px) 100vw, 100vw\" srcset=\"https:\/\/georocfor.com\/wp-content\/uploads\/2024\/04\/georocfor_horizontal-drilling-02_1200x800.jpg 1200w, https:\/\/georocfor.com\/wp-content\/uploads\/2024\/04\/georocfor_horizontal-drilling-02_1200x800-630x420.jpg 630w, https:\/\/georocfor.com\/wp-content\/uploads\/2024\/04\/georocfor_horizontal-drilling-02_1200x800-300x200.jpg 300w, https:\/\/georocfor.com\/wp-content\/uploads\/2024\/04\/georocfor_horizontal-drilling-02_1200x800-1024x683.jpg 1024w, https:\/\/georocfor.com\/wp-content\/uploads\/2024\/04\/georocfor_horizontal-drilling-02_1200x800-768x512.jpg 768w, https:\/\/georocfor.com\/wp-content\/uploads\/2024\/04\/georocfor_horizontal-drilling-02_1200x800-420x280.jpg 420w, https:\/\/georocfor.com\/wp-content\/uploads\/2024\/04\/georocfor_horizontal-drilling-02_1200x800-840x560.jpg 840w, https:\/\/georocfor.com\/wp-content\/uploads\/2024\/04\/georocfor_horizontal-drilling-02_1200x800-315x210.jpg 315w\" alt=\"georocfor_horizontal-drilling-02_1200x800\" width=\"1200\" height=\"800\" \/><\/p>\r\n<h2>Notre<br \/><b>syst\u00e8me recommand\u00e9 <\/b><\/h2>\r\n<h4><a title=\"Syst\u00e8me Xs RU \" href=\"https:\/\/georocfor.com\/fr\/produits\/systemes-de-tubage-a-lavancement\/systeme-xs-ru\/\" target=\"_self\"> Syst\u00e8me Xs RU <\/a><\/h4>\r\n<p>Le syst\u00e8me Xs RU (r\u00e9cup\u00e9rable\/r\u00e9utilisable) est utilis\u00e9 avec n&rsquo;importe quelle taille de tubage&#8230;<\/p>\r\n<p><a role=\"button\" href=\"https:\/\/georocfor.com\/fr\/produits\/systemes-de-tubage-a-lavancement\/systeme-xs-ru\/\" target=\"_self\"> En savoir plus <\/a><\/p>\r\n<\/div><!-- .vgblk-rw-wrapper -->","protected":false},"excerpt":{"rendered":"<p>Forage horizontal Traverser les conditions les plus difficiles. Le forage horizontal est souvent utilis\u00e9 pour traverser des routes ou d&rsquo;autres structures permanentes sans avoir \u00e0 d\u00e9ranger le voisinage ou la circulation. Ce type de forage n\u00e9cessite un syst\u00e8me de forage appropri\u00e9. Comme le tubage est en contact avec le sol pendant toute la proc\u00e9dure, la&#8230;<\/p>\n","protected":false},"author":1,"featured_media":992344,"parent":995371,"menu_order":0,"comment_status":"closed","ping_status":"closed","template":"","meta":{"_acf_changed":false,"inline_featured_image":false,"_monsterinsights_skip_tracking":false,"_monsterinsights_sitenote_active":false,"_monsterinsights_sitenote_note":"","_monsterinsights_sitenote_category":0,"footnotes":""},"class_list":["post-995379","page","type-page","status-publish","has-post-thumbnail","hentry"],"acf":[],"yoast_head":"<!-- This site is optimized with the Yoast SEO plugin v26.8 - https:\/\/yoast.com\/product\/yoast-seo-wordpress\/ -->\n<title>Forage horizontal - GeoRocFor<\/title>\n<meta name=\"description\" content=\"Solutions de forage horizontal GeoRocFor : \u00e9quipements pr\u00e9cis et fiables pour installation de conduites et projets civils.\" \/>\n<meta name=\"robots\" content=\"index, follow, max-snippet:-1, max-image-preview:large, max-video-preview:-1\" \/>\n<link rel=\"canonical\" href=\"https:\/\/georocfor.com\/fr\/applications\/forage-horizontal\/\" \/>\n<meta property=\"og:locale\" content=\"fr_CA\" \/>\n<meta property=\"og:type\" content=\"article\" \/>\n<meta property=\"og:title\" content=\"Forage horizontal - GeoRocFor\" \/>\n<meta property=\"og:description\" content=\"Solutions de forage horizontal GeoRocFor : \u00e9quipements pr\u00e9cis et fiables pour installation de conduites et projets civils.\" \/>\n<meta property=\"og:url\" content=\"https:\/\/georocfor.com\/fr\/applications\/forage-horizontal\/\" \/>\n<meta property=\"og:site_name\" content=\"GeoRocFor\" \/>\n<meta property=\"article:modified_time\" content=\"2026-01-27T19:45:32+00:00\" \/>\n<meta property=\"og:image\" content=\"https:\/\/georocfor.com\/wp-content\/uploads\/2024\/04\/georocfor_horizontal-drilling-02_1200x800.jpg\" \/>\n\t<meta property=\"og:image:width\" content=\"1200\" \/>\n\t<meta property=\"og:image:height\" content=\"800\" \/>\n\t<meta property=\"og:image:type\" content=\"image\/jpeg\" \/>\n<meta name=\"twitter:card\" content=\"summary_large_image\" \/>\n<meta name=\"twitter:label1\" content=\"Estimation du temps de lecture\" \/>\n\t<meta name=\"twitter:data1\" content=\"1 minute\" \/>\n<script type=\"application\/ld+json\" class=\"yoast-schema-graph\">{\"@context\":\"https:\/\/schema.org\",\"@graph\":[{\"@type\":\"WebPage\",\"@id\":\"https:\/\/georocfor.com\/fr\/applications\/forage-horizontal\/\",\"url\":\"https:\/\/georocfor.com\/fr\/applications\/forage-horizontal\/\",\"name\":\"Forage horizontal - GeoRocFor\",\"isPartOf\":{\"@id\":\"https:\/\/georocfor.com\/fr\/#website\"},\"primaryImageOfPage\":{\"@id\":\"https:\/\/georocfor.com\/fr\/applications\/forage-horizontal\/#primaryimage\"},\"image\":{\"@id\":\"https:\/\/georocfor.com\/fr\/applications\/forage-horizontal\/#primaryimage\"},\"thumbnailUrl\":\"https:\/\/georocfor.com\/wp-content\/uploads\/2024\/04\/georocfor_horizontal-drilling-02_1200x800.jpg\",\"datePublished\":\"2017-04-26T19:08:19+00:00\",\"dateModified\":\"2026-01-27T19:45:32+00:00\",\"description\":\"Solutions de forage horizontal GeoRocFor : \u00e9quipements pr\u00e9cis et fiables pour installation de conduites et projets civils.\",\"breadcrumb\":{\"@id\":\"https:\/\/georocfor.com\/fr\/applications\/forage-horizontal\/#breadcrumb\"},\"inLanguage\":\"fr-CA\",\"potentialAction\":[{\"@type\":\"ReadAction\",\"target\":[\"https:\/\/georocfor.com\/fr\/applications\/forage-horizontal\/\"]}]},{\"@type\":\"ImageObject\",\"inLanguage\":\"fr-CA\",\"@id\":\"https:\/\/georocfor.com\/fr\/applications\/forage-horizontal\/#primaryimage\",\"url\":\"https:\/\/georocfor.com\/wp-content\/uploads\/2024\/04\/georocfor_horizontal-drilling-02_1200x800.jpg\",\"contentUrl\":\"https:\/\/georocfor.com\/wp-content\/uploads\/2024\/04\/georocfor_horizontal-drilling-02_1200x800.jpg\",\"width\":1200,\"height\":800,\"caption\":\"Une \u00e9quipe entrain de faire du forage \u00e0 l'horizontal.\"},{\"@type\":\"BreadcrumbList\",\"@id\":\"https:\/\/georocfor.com\/fr\/applications\/forage-horizontal\/#breadcrumb\",\"itemListElement\":[{\"@type\":\"ListItem\",\"position\":1,\"name\":\"Home\",\"item\":\"https:\/\/georocfor.com\/fr\/\"},{\"@type\":\"ListItem\",\"position\":2,\"name\":\"Applications\",\"item\":\"https:\/\/georocfor.com\/fr\/applications\/\"},{\"@type\":\"ListItem\",\"position\":3,\"name\":\"Forage horizontal\"}]},{\"@type\":\"WebSite\",\"@id\":\"https:\/\/georocfor.com\/fr\/#website\",\"url\":\"https:\/\/georocfor.com\/fr\/\",\"name\":\"GeoRocFor\",\"description\":\"\",\"publisher\":{\"@id\":\"https:\/\/georocfor.com\/fr\/#organization\"},\"potentialAction\":[{\"@type\":\"SearchAction\",\"target\":{\"@type\":\"EntryPoint\",\"urlTemplate\":\"https:\/\/georocfor.com\/fr\/?s={search_term_string}\"},\"query-input\":{\"@type\":\"PropertyValueSpecification\",\"valueRequired\":true,\"valueName\":\"search_term_string\"}}],\"inLanguage\":\"fr-CA\"},{\"@type\":\"Organization\",\"@id\":\"https:\/\/georocfor.com\/fr\/#organization\",\"name\":\"GeoRocFor\",\"url\":\"https:\/\/georocfor.com\/fr\/\",\"logo\":{\"@type\":\"ImageObject\",\"inLanguage\":\"fr-CA\",\"@id\":\"https:\/\/georocfor.com\/fr\/#\/schema\/logo\/image\/\",\"url\":\"https:\/\/georocfor.com\/wp-content\/uploads\/2024\/03\/georocfor_logo_457x64.png\",\"contentUrl\":\"https:\/\/georocfor.com\/wp-content\/uploads\/2024\/03\/georocfor_logo_457x64.png\",\"width\":457,\"height\":64,\"caption\":\"GeoRocFor\"},\"image\":{\"@id\":\"https:\/\/georocfor.com\/fr\/#\/schema\/logo\/image\/\"}}]}<\/script>\n<!-- \/ Yoast SEO plugin. -->","yoast_head_json":{"title":"Forage horizontal - GeoRocFor","description":"Solutions de forage horizontal GeoRocFor : \u00e9quipements pr\u00e9cis et fiables pour installation de conduites et projets civils.","robots":{"index":"index","follow":"follow","max-snippet":"max-snippet:-1","max-image-preview":"max-image-preview:large","max-video-preview":"max-video-preview:-1"},"canonical":"https:\/\/georocfor.com\/fr\/applications\/forage-horizontal\/","og_locale":"fr_CA","og_type":"article","og_title":"Forage horizontal - GeoRocFor","og_description":"Solutions de forage horizontal GeoRocFor : \u00e9quipements pr\u00e9cis et fiables pour installation de conduites et projets civils.","og_url":"https:\/\/georocfor.com\/fr\/applications\/forage-horizontal\/","og_site_name":"GeoRocFor","article_modified_time":"2026-01-27T19:45:32+00:00","og_image":[{"width":1200,"height":800,"url":"https:\/\/georocfor.com\/wp-content\/uploads\/2024\/04\/georocfor_horizontal-drilling-02_1200x800.jpg","type":"image\/jpeg"}],"twitter_card":"summary_large_image","twitter_misc":{"Estimation du temps de lecture":"1 minute"},"schema":{"@context":"https:\/\/schema.org","@graph":[{"@type":"WebPage","@id":"https:\/\/georocfor.com\/fr\/applications\/forage-horizontal\/","url":"https:\/\/georocfor.com\/fr\/applications\/forage-horizontal\/","name":"Forage horizontal - GeoRocFor","isPartOf":{"@id":"https:\/\/georocfor.com\/fr\/#website"},"primaryImageOfPage":{"@id":"https:\/\/georocfor.com\/fr\/applications\/forage-horizontal\/#primaryimage"},"image":{"@id":"https:\/\/georocfor.com\/fr\/applications\/forage-horizontal\/#primaryimage"},"thumbnailUrl":"https:\/\/georocfor.com\/wp-content\/uploads\/2024\/04\/georocfor_horizontal-drilling-02_1200x800.jpg","datePublished":"2017-04-26T19:08:19+00:00","dateModified":"2026-01-27T19:45:32+00:00","description":"Solutions de forage horizontal GeoRocFor : \u00e9quipements pr\u00e9cis et fiables pour installation de conduites et projets civils.","breadcrumb":{"@id":"https:\/\/georocfor.com\/fr\/applications\/forage-horizontal\/#breadcrumb"},"inLanguage":"fr-CA","potentialAction":[{"@type":"ReadAction","target":["https:\/\/georocfor.com\/fr\/applications\/forage-horizontal\/"]}]},{"@type":"ImageObject","inLanguage":"fr-CA","@id":"https:\/\/georocfor.com\/fr\/applications\/forage-horizontal\/#primaryimage","url":"https:\/\/georocfor.com\/wp-content\/uploads\/2024\/04\/georocfor_horizontal-drilling-02_1200x800.jpg","contentUrl":"https:\/\/georocfor.com\/wp-content\/uploads\/2024\/04\/georocfor_horizontal-drilling-02_1200x800.jpg","width":1200,"height":800,"caption":"Une \u00e9quipe entrain de faire du forage \u00e0 l'horizontal."},{"@type":"BreadcrumbList","@id":"https:\/\/georocfor.com\/fr\/applications\/forage-horizontal\/#breadcrumb","itemListElement":[{"@type":"ListItem","position":1,"name":"Home","item":"https:\/\/georocfor.com\/fr\/"},{"@type":"ListItem","position":2,"name":"Applications","item":"https:\/\/georocfor.com\/fr\/applications\/"},{"@type":"ListItem","position":3,"name":"Forage horizontal"}]},{"@type":"WebSite","@id":"https:\/\/georocfor.com\/fr\/#website","url":"https:\/\/georocfor.com\/fr\/","name":"GeoRocFor","description":"","publisher":{"@id":"https:\/\/georocfor.com\/fr\/#organization"},"potentialAction":[{"@type":"SearchAction","target":{"@type":"EntryPoint","urlTemplate":"https:\/\/georocfor.com\/fr\/?s={search_term_string}"},"query-input":{"@type":"PropertyValueSpecification","valueRequired":true,"valueName":"search_term_string"}}],"inLanguage":"fr-CA"},{"@type":"Organization","@id":"https:\/\/georocfor.com\/fr\/#organization","name":"GeoRocFor","url":"https:\/\/georocfor.com\/fr\/","logo":{"@type":"ImageObject","inLanguage":"fr-CA","@id":"https:\/\/georocfor.com\/fr\/#\/schema\/logo\/image\/","url":"https:\/\/georocfor.com\/wp-content\/uploads\/2024\/03\/georocfor_logo_457x64.png","contentUrl":"https:\/\/georocfor.com\/wp-content\/uploads\/2024\/03\/georocfor_logo_457x64.png","width":457,"height":64,"caption":"GeoRocFor"},"image":{"@id":"https:\/\/georocfor.com\/fr\/#\/schema\/logo\/image\/"}}]}},"jetpack_sharing_enabled":true,"_links":{"self":[{"href":"https:\/\/georocfor.com\/fr\/wp-json\/wp\/v2\/pages\/995379","targetHints":{"allow":["GET"]}}],"collection":[{"href":"https:\/\/georocfor.com\/fr\/wp-json\/wp\/v2\/pages"}],"about":[{"href":"https:\/\/georocfor.com\/fr\/wp-json\/wp\/v2\/types\/page"}],"author":[{"embeddable":true,"href":"https:\/\/georocfor.com\/fr\/wp-json\/wp\/v2\/users\/1"}],"replies":[{"embeddable":true,"href":"https:\/\/georocfor.com\/fr\/wp-json\/wp\/v2\/comments?post=995379"}],"version-history":[{"count":5,"href":"https:\/\/georocfor.com\/fr\/wp-json\/wp\/v2\/pages\/995379\/revisions"}],"predecessor-version":[{"id":995892,"href":"https:\/\/georocfor.com\/fr\/wp-json\/wp\/v2\/pages\/995379\/revisions\/995892"}],"up":[{"embeddable":true,"href":"https:\/\/georocfor.com\/fr\/wp-json\/wp\/v2\/pages\/995371"}],"wp:featuredmedia":[{"embeddable":true,"href":"https:\/\/georocfor.com\/fr\/wp-json\/wp\/v2\/media\/992344"}],"wp:attachment":[{"href":"https:\/\/georocfor.com\/fr\/wp-json\/wp\/v2\/media?parent=995379"}],"curies":[{"name":"wp","href":"https:\/\/api.w.org\/{rel}","templated":true}]}}