{"id":995377,"date":"2017-05-08T17:40:04","date_gmt":"2017-05-08T21:40:04","guid":{"rendered":"https:\/\/georocfor.com\/applications\/geothermal-well\/"},"modified":"2026-01-27T14:47:21","modified_gmt":"2026-01-27T19:47:21","slug":"puits-geothermique","status":"publish","type":"page","link":"https:\/\/georocfor.com\/fr\/applications\/puits-geothermique\/","title":{"rendered":"Puits g\u00e9othermique"},"content":{"rendered":"<div class=\"vgblk-rw-wrapper limit-wrapper\">\r\n<h2><b>Puits g\u00e9othermique <\/b><\/h2>\r\n<p><strong>Meilleur &#8211; Plus rapide &#8211; Plus fort <\/strong><\/p>\r\n<p>Ces forages sont utilis\u00e9s pour l&rsquo;installation de syst\u00e8mes g\u00e9othermiques capables de r\u00e9cup\u00e9rer la chaleur naturelle du sol afin de chauffer ou de climatiser les b\u00e2timents.<\/p>\r\n<p>Le forage de petit diam\u00e8tre peut \u00eatre r\u00e9alis\u00e9 avec un marteau sup\u00e9rieur. Le forage de plus grand diam\u00e8tre sera effectu\u00e9 avec des marteaux DTH. En g\u00e9n\u00e9ral, les tubages de petit diam\u00e8tre seront retir\u00e9s du sol tandis que les tubages de plus grand diam\u00e8tre resteront en place dans le sol.<\/p>\r\n<h2>Notre <br \/><b>syst\u00e8me sugg\u00e9r\u00e9 <\/b><\/h2>\r\n<h4><a title=\"Syst\u00e8me Xs RU \" href=\"https:\/\/georocfor.com\/fr\/produits\/systemes-de-tubage-a-lavancement\/systeme-xs-ru\/\" target=\"_self\"> Syst\u00e8me Xs RU <\/a><\/h4>\r\n<p>Le syst\u00e8me Xs RU (r\u00e9cup\u00e9rable\/r\u00e9utilisable) est utilis\u00e9 avec tout diam\u00e8tre de tubage&#8230;<\/p>\r\n<p><a role=\"button\" href=\"https:\/\/georocfor.com\/fr\/produits\/systemes-de-tubage-a-lavancement\/systeme-xs-ru\/\" target=\"_self\"> En savoir plus <\/a><\/p>\r\n<\/div><!-- .vgblk-rw-wrapper -->","protected":false},"excerpt":{"rendered":"<p>Puits g\u00e9othermique Meilleur &#8211; Plus rapide &#8211; Plus fort Ces forages sont utilis\u00e9s pour l&rsquo;installation de syst\u00e8mes g\u00e9othermiques capables de r\u00e9cup\u00e9rer la chaleur naturelle du sol afin de chauffer ou de climatiser les b\u00e2timents. Le forage de petit diam\u00e8tre peut \u00eatre r\u00e9alis\u00e9 avec un marteau sup\u00e9rieur. Le forage de plus grand diam\u00e8tre sera effectu\u00e9 avec&#8230;<\/p>\n","protected":false},"author":1,"featured_media":995894,"parent":995371,"menu_order":0,"comment_status":"closed","ping_status":"closed","template":"","meta":{"_acf_changed":false,"inline_featured_image":false,"_monsterinsights_skip_tracking":false,"_monsterinsights_sitenote_active":false,"_monsterinsights_sitenote_note":"","_monsterinsights_sitenote_category":0,"footnotes":""},"class_list":["post-995377","page","type-page","status-publish","has-post-thumbnail","hentry"],"acf":[],"yoast_head":"<!-- This site is optimized with the Yoast SEO plugin v26.8 - https:\/\/yoast.com\/product\/yoast-seo-wordpress\/ -->\n<title>Puits g\u00e9othermique - GeoRocFor<\/title>\n<meta name=\"description\" content=\"Puits g\u00e9othermique GeoRocFor : solutions de forage durables pour projets de chauffage et refroidissement efficaces.\" \/>\n<meta name=\"robots\" content=\"index, follow, max-snippet:-1, max-image-preview:large, max-video-preview:-1\" \/>\n<link rel=\"canonical\" href=\"https:\/\/georocfor.com\/fr\/applications\/puits-geothermique\/\" \/>\n<meta property=\"og:locale\" content=\"fr_CA\" \/>\n<meta property=\"og:type\" content=\"article\" \/>\n<meta property=\"og:title\" content=\"Puits g\u00e9othermique - GeoRocFor\" \/>\n<meta property=\"og:description\" content=\"Puits g\u00e9othermique GeoRocFor : solutions de forage durables pour projets de chauffage et refroidissement efficaces.\" \/>\n<meta property=\"og:url\" content=\"https:\/\/georocfor.com\/fr\/applications\/puits-geothermique\/\" \/>\n<meta property=\"og:site_name\" content=\"GeoRocFor\" \/>\n<meta property=\"article:modified_time\" content=\"2026-01-27T19:47:21+00:00\" \/>\n<meta property=\"og:image\" content=\"https:\/\/georocfor.com\/wp-content\/uploads\/2026\/01\/georocfor_geothermal-well_1200x800.jpg\" \/>\n\t<meta property=\"og:image:width\" content=\"1200\" \/>\n\t<meta property=\"og:image:height\" content=\"800\" \/>\n\t<meta property=\"og:image:type\" content=\"image\/jpeg\" \/>\n<meta name=\"twitter:card\" content=\"summary_large_image\" \/>\n<meta name=\"twitter:label1\" content=\"Estimation du temps de lecture\" \/>\n\t<meta name=\"twitter:data1\" content=\"1 minute\" \/>\n<script type=\"application\/ld+json\" class=\"yoast-schema-graph\">{\"@context\":\"https:\/\/schema.org\",\"@graph\":[{\"@type\":\"WebPage\",\"@id\":\"https:\/\/georocfor.com\/fr\/applications\/puits-geothermique\/\",\"url\":\"https:\/\/georocfor.com\/fr\/applications\/puits-geothermique\/\",\"name\":\"Puits g\u00e9othermique - GeoRocFor\",\"isPartOf\":{\"@id\":\"https:\/\/georocfor.com\/fr\/#website\"},\"primaryImageOfPage\":{\"@id\":\"https:\/\/georocfor.com\/fr\/applications\/puits-geothermique\/#primaryimage\"},\"image\":{\"@id\":\"https:\/\/georocfor.com\/fr\/applications\/puits-geothermique\/#primaryimage\"},\"thumbnailUrl\":\"https:\/\/georocfor.com\/wp-content\/uploads\/2026\/01\/georocfor_geothermal-well_1200x800.jpg\",\"datePublished\":\"2017-05-08T21:40:04+00:00\",\"dateModified\":\"2026-01-27T19:47:21+00:00\",\"description\":\"Puits g\u00e9othermique GeoRocFor : solutions de forage durables pour projets de chauffage et refroidissement efficaces.\",\"breadcrumb\":{\"@id\":\"https:\/\/georocfor.com\/fr\/applications\/puits-geothermique\/#breadcrumb\"},\"inLanguage\":\"fr-CA\",\"potentialAction\":[{\"@type\":\"ReadAction\",\"target\":[\"https:\/\/georocfor.com\/fr\/applications\/puits-geothermique\/\"]}]},{\"@type\":\"ImageObject\",\"inLanguage\":\"fr-CA\",\"@id\":\"https:\/\/georocfor.com\/fr\/applications\/puits-geothermique\/#primaryimage\",\"url\":\"https:\/\/georocfor.com\/wp-content\/uploads\/2026\/01\/georocfor_geothermal-well_1200x800.jpg\",\"contentUrl\":\"https:\/\/georocfor.com\/wp-content\/uploads\/2026\/01\/georocfor_geothermal-well_1200x800.jpg\",\"width\":1200,\"height\":800,\"caption\":\"L'\u00e9quipement pour faire des puits g\u00e9othermique\"},{\"@type\":\"BreadcrumbList\",\"@id\":\"https:\/\/georocfor.com\/fr\/applications\/puits-geothermique\/#breadcrumb\",\"itemListElement\":[{\"@type\":\"ListItem\",\"position\":1,\"name\":\"Home\",\"item\":\"https:\/\/georocfor.com\/fr\/\"},{\"@type\":\"ListItem\",\"position\":2,\"name\":\"Applications\",\"item\":\"https:\/\/georocfor.com\/fr\/applications\/\"},{\"@type\":\"ListItem\",\"position\":3,\"name\":\"Puits g\u00e9othermique\"}]},{\"@type\":\"WebSite\",\"@id\":\"https:\/\/georocfor.com\/fr\/#website\",\"url\":\"https:\/\/georocfor.com\/fr\/\",\"name\":\"GeoRocFor\",\"description\":\"\",\"publisher\":{\"@id\":\"https:\/\/georocfor.com\/fr\/#organization\"},\"potentialAction\":[{\"@type\":\"SearchAction\",\"target\":{\"@type\":\"EntryPoint\",\"urlTemplate\":\"https:\/\/georocfor.com\/fr\/?s={search_term_string}\"},\"query-input\":{\"@type\":\"PropertyValueSpecification\",\"valueRequired\":true,\"valueName\":\"search_term_string\"}}],\"inLanguage\":\"fr-CA\"},{\"@type\":\"Organization\",\"@id\":\"https:\/\/georocfor.com\/fr\/#organization\",\"name\":\"GeoRocFor\",\"url\":\"https:\/\/georocfor.com\/fr\/\",\"logo\":{\"@type\":\"ImageObject\",\"inLanguage\":\"fr-CA\",\"@id\":\"https:\/\/georocfor.com\/fr\/#\/schema\/logo\/image\/\",\"url\":\"https:\/\/georocfor.com\/wp-content\/uploads\/2024\/03\/georocfor_logo_457x64.png\",\"contentUrl\":\"https:\/\/georocfor.com\/wp-content\/uploads\/2024\/03\/georocfor_logo_457x64.png\",\"width\":457,\"height\":64,\"caption\":\"GeoRocFor\"},\"image\":{\"@id\":\"https:\/\/georocfor.com\/fr\/#\/schema\/logo\/image\/\"}}]}<\/script>\n<!-- \/ Yoast SEO plugin. -->","yoast_head_json":{"title":"Puits g\u00e9othermique - GeoRocFor","description":"Puits g\u00e9othermique GeoRocFor : solutions de forage durables pour projets de chauffage et refroidissement efficaces.","robots":{"index":"index","follow":"follow","max-snippet":"max-snippet:-1","max-image-preview":"max-image-preview:large","max-video-preview":"max-video-preview:-1"},"canonical":"https:\/\/georocfor.com\/fr\/applications\/puits-geothermique\/","og_locale":"fr_CA","og_type":"article","og_title":"Puits g\u00e9othermique - GeoRocFor","og_description":"Puits g\u00e9othermique GeoRocFor : solutions de forage durables pour projets de chauffage et refroidissement efficaces.","og_url":"https:\/\/georocfor.com\/fr\/applications\/puits-geothermique\/","og_site_name":"GeoRocFor","article_modified_time":"2026-01-27T19:47:21+00:00","og_image":[{"width":1200,"height":800,"url":"https:\/\/georocfor.com\/wp-content\/uploads\/2026\/01\/georocfor_geothermal-well_1200x800.jpg","type":"image\/jpeg"}],"twitter_card":"summary_large_image","twitter_misc":{"Estimation du temps de lecture":"1 minute"},"schema":{"@context":"https:\/\/schema.org","@graph":[{"@type":"WebPage","@id":"https:\/\/georocfor.com\/fr\/applications\/puits-geothermique\/","url":"https:\/\/georocfor.com\/fr\/applications\/puits-geothermique\/","name":"Puits g\u00e9othermique - GeoRocFor","isPartOf":{"@id":"https:\/\/georocfor.com\/fr\/#website"},"primaryImageOfPage":{"@id":"https:\/\/georocfor.com\/fr\/applications\/puits-geothermique\/#primaryimage"},"image":{"@id":"https:\/\/georocfor.com\/fr\/applications\/puits-geothermique\/#primaryimage"},"thumbnailUrl":"https:\/\/georocfor.com\/wp-content\/uploads\/2026\/01\/georocfor_geothermal-well_1200x800.jpg","datePublished":"2017-05-08T21:40:04+00:00","dateModified":"2026-01-27T19:47:21+00:00","description":"Puits g\u00e9othermique GeoRocFor : solutions de forage durables pour projets de chauffage et refroidissement efficaces.","breadcrumb":{"@id":"https:\/\/georocfor.com\/fr\/applications\/puits-geothermique\/#breadcrumb"},"inLanguage":"fr-CA","potentialAction":[{"@type":"ReadAction","target":["https:\/\/georocfor.com\/fr\/applications\/puits-geothermique\/"]}]},{"@type":"ImageObject","inLanguage":"fr-CA","@id":"https:\/\/georocfor.com\/fr\/applications\/puits-geothermique\/#primaryimage","url":"https:\/\/georocfor.com\/wp-content\/uploads\/2026\/01\/georocfor_geothermal-well_1200x800.jpg","contentUrl":"https:\/\/georocfor.com\/wp-content\/uploads\/2026\/01\/georocfor_geothermal-well_1200x800.jpg","width":1200,"height":800,"caption":"L'\u00e9quipement pour faire des puits g\u00e9othermique"},{"@type":"BreadcrumbList","@id":"https:\/\/georocfor.com\/fr\/applications\/puits-geothermique\/#breadcrumb","itemListElement":[{"@type":"ListItem","position":1,"name":"Home","item":"https:\/\/georocfor.com\/fr\/"},{"@type":"ListItem","position":2,"name":"Applications","item":"https:\/\/georocfor.com\/fr\/applications\/"},{"@type":"ListItem","position":3,"name":"Puits g\u00e9othermique"}]},{"@type":"WebSite","@id":"https:\/\/georocfor.com\/fr\/#website","url":"https:\/\/georocfor.com\/fr\/","name":"GeoRocFor","description":"","publisher":{"@id":"https:\/\/georocfor.com\/fr\/#organization"},"potentialAction":[{"@type":"SearchAction","target":{"@type":"EntryPoint","urlTemplate":"https:\/\/georocfor.com\/fr\/?s={search_term_string}"},"query-input":{"@type":"PropertyValueSpecification","valueRequired":true,"valueName":"search_term_string"}}],"inLanguage":"fr-CA"},{"@type":"Organization","@id":"https:\/\/georocfor.com\/fr\/#organization","name":"GeoRocFor","url":"https:\/\/georocfor.com\/fr\/","logo":{"@type":"ImageObject","inLanguage":"fr-CA","@id":"https:\/\/georocfor.com\/fr\/#\/schema\/logo\/image\/","url":"https:\/\/georocfor.com\/wp-content\/uploads\/2024\/03\/georocfor_logo_457x64.png","contentUrl":"https:\/\/georocfor.com\/wp-content\/uploads\/2024\/03\/georocfor_logo_457x64.png","width":457,"height":64,"caption":"GeoRocFor"},"image":{"@id":"https:\/\/georocfor.com\/fr\/#\/schema\/logo\/image\/"}}]}},"jetpack_sharing_enabled":true,"_links":{"self":[{"href":"https:\/\/georocfor.com\/fr\/wp-json\/wp\/v2\/pages\/995377","targetHints":{"allow":["GET"]}}],"collection":[{"href":"https:\/\/georocfor.com\/fr\/wp-json\/wp\/v2\/pages"}],"about":[{"href":"https:\/\/georocfor.com\/fr\/wp-json\/wp\/v2\/types\/page"}],"author":[{"embeddable":true,"href":"https:\/\/georocfor.com\/fr\/wp-json\/wp\/v2\/users\/1"}],"replies":[{"embeddable":true,"href":"https:\/\/georocfor.com\/fr\/wp-json\/wp\/v2\/comments?post=995377"}],"version-history":[{"count":6,"href":"https:\/\/georocfor.com\/fr\/wp-json\/wp\/v2\/pages\/995377\/revisions"}],"predecessor-version":[{"id":995893,"href":"https:\/\/georocfor.com\/fr\/wp-json\/wp\/v2\/pages\/995377\/revisions\/995893"}],"up":[{"embeddable":true,"href":"https:\/\/georocfor.com\/fr\/wp-json\/wp\/v2\/pages\/995371"}],"wp:featuredmedia":[{"embeddable":true,"href":"https:\/\/georocfor.com\/fr\/wp-json\/wp\/v2\/media\/995894"}],"wp:attachment":[{"href":"https:\/\/georocfor.com\/fr\/wp-json\/wp\/v2\/media?parent=995377"}],"curies":[{"name":"wp","href":"https:\/\/api.w.org\/{rel}","templated":true}]}}