{"id":995375,"date":"2017-04-30T11:02:34","date_gmt":"2017-04-30T15:02:34","guid":{"rendered":"https:\/\/georocfor.com\/applications\/foundations\/"},"modified":"2026-01-27T14:44:03","modified_gmt":"2026-01-27T19:44:03","slug":"fondations","status":"publish","type":"page","link":"https:\/\/georocfor.com\/fr\/applications\/fondations\/","title":{"rendered":"Fondations"},"content":{"rendered":"<div class=\"vgblk-rw-wrapper limit-wrapper\">\r\n<h2><b>Fondations <\/b><\/h2>\r\n<p>Un <strong>syst\u00e8me de tubage<\/strong> pour les terrains de recouvrement est extr\u00eamement avantageux lors du forage de fondations, surtout lorsqu&rsquo;on doit percer des mat\u00e9riaux de surface instables ou meubles comme le sable, le gravier ou des rochers. Le principal objectif de ce syst\u00e8me est de stabiliser le trou de forage pendant l&rsquo;op\u00e9ration, afin d&rsquo;\u00e9viter l&rsquo;effondrement des parois. Cela est particuli\u00e8rement important lors du forage de fondations profondes, car cela garantit que le trou reste ouvert et bien align\u00e9 pour l&rsquo;installation des pieux de fondation ou d&rsquo;autres supports structuraux.<\/p>\r\n<p>En installant le tubage simultan\u00e9ment au forage, le syst\u00e8me offre un soutien imm\u00e9diat au trou, emp\u00eachant ainsi l&rsquo;entr\u00e9e de mat\u00e9riaux meubles. Cela aide non seulement \u00e0 maintenir l&rsquo;int\u00e9grit\u00e9 du trou, mais r\u00e9duit \u00e9galement le risque de contamination ou d&rsquo;\u00e9rosion du sol environnant. De plus, le syst\u00e8me de tubage pour les terrains de recouvrement permet une installation des pieux plus s\u00e9curitaire et efficace, assurant que les pieux peuvent \u00eatre enfonc\u00e9s ou for\u00e9s jusqu&rsquo;\u00e0 la profondeur requise sans \u00eatre g\u00ean\u00e9s par les couches superficielles instables.<\/p>\r\n<p><img loading=\"lazy\" decoding=\"async\" title=\"georocfor_foundation-01_1200x800\" src=\"https:\/\/georocfor.com\/wp-content\/uploads\/2024\/04\/georocfor_foundation-01_1200x800.jpg\" sizes=\"auto, (max-width: 768px) 100vw, 100vw\" srcset=\"https:\/\/georocfor.com\/wp-content\/uploads\/2024\/04\/georocfor_foundation-01_1200x800.jpg 1200w, https:\/\/georocfor.com\/wp-content\/uploads\/2024\/04\/georocfor_foundation-01_1200x800-630x420.jpg 630w, https:\/\/georocfor.com\/wp-content\/uploads\/2024\/04\/georocfor_foundation-01_1200x800-300x200.jpg 300w, https:\/\/georocfor.com\/wp-content\/uploads\/2024\/04\/georocfor_foundation-01_1200x800-1024x683.jpg 1024w, https:\/\/georocfor.com\/wp-content\/uploads\/2024\/04\/georocfor_foundation-01_1200x800-768x512.jpg 768w, https:\/\/georocfor.com\/wp-content\/uploads\/2024\/04\/georocfor_foundation-01_1200x800-420x280.jpg 420w, https:\/\/georocfor.com\/wp-content\/uploads\/2024\/04\/georocfor_foundation-01_1200x800-840x560.jpg 840w, https:\/\/georocfor.com\/wp-content\/uploads\/2024\/04\/georocfor_foundation-01_1200x800-315x210.jpg 315w\" alt=\"georocfor_foundation-01_1200x800\" width=\"1200\" height=\"800\" \/> <img loading=\"lazy\" decoding=\"async\" title=\"georocfor_foundation-02_1200x800\" src=\"https:\/\/georocfor.com\/wp-content\/uploads\/2024\/04\/georocfor_foundation-02_1200x800.jpg\" sizes=\"auto, (max-width: 768px) 100vw, 100vw\" srcset=\"https:\/\/georocfor.com\/wp-content\/uploads\/2024\/04\/georocfor_foundation-02_1200x800.jpg 1200w, https:\/\/georocfor.com\/wp-content\/uploads\/2024\/04\/georocfor_foundation-02_1200x800-630x420.jpg 630w, https:\/\/georocfor.com\/wp-content\/uploads\/2024\/04\/georocfor_foundation-02_1200x800-300x200.jpg 300w, https:\/\/georocfor.com\/wp-content\/uploads\/2024\/04\/georocfor_foundation-02_1200x800-1024x683.jpg 1024w, https:\/\/georocfor.com\/wp-content\/uploads\/2024\/04\/georocfor_foundation-02_1200x800-768x512.jpg 768w, https:\/\/georocfor.com\/wp-content\/uploads\/2024\/04\/georocfor_foundation-02_1200x800-420x280.jpg 420w, https:\/\/georocfor.com\/wp-content\/uploads\/2024\/04\/georocfor_foundation-02_1200x800-840x560.jpg 840w, https:\/\/georocfor.com\/wp-content\/uploads\/2024\/04\/georocfor_foundation-02_1200x800-315x210.jpg 315w\" alt=\"georocfor_foundation-02_1200x800\" width=\"1200\" height=\"800\" \/> <img loading=\"lazy\" decoding=\"async\" title=\"georocfor_foundation-03_1200x800\" src=\"https:\/\/georocfor.com\/wp-content\/uploads\/2024\/04\/georocfor_foundation-03_1200x800.jpg\" sizes=\"auto, (max-width: 768px) 100vw, 100vw\" srcset=\"https:\/\/georocfor.com\/wp-content\/uploads\/2024\/04\/georocfor_foundation-03_1200x800.jpg 1200w, https:\/\/georocfor.com\/wp-content\/uploads\/2024\/04\/georocfor_foundation-03_1200x800-630x420.jpg 630w, https:\/\/georocfor.com\/wp-content\/uploads\/2024\/04\/georocfor_foundation-03_1200x800-300x200.jpg 300w, https:\/\/georocfor.com\/wp-content\/uploads\/2024\/04\/georocfor_foundation-03_1200x800-1024x683.jpg 1024w, https:\/\/georocfor.com\/wp-content\/uploads\/2024\/04\/georocfor_foundation-03_1200x800-768x512.jpg 768w, https:\/\/georocfor.com\/wp-content\/uploads\/2024\/04\/georocfor_foundation-03_1200x800-420x280.jpg 420w, https:\/\/georocfor.com\/wp-content\/uploads\/2024\/04\/georocfor_foundation-03_1200x800-840x560.jpg 840w, https:\/\/georocfor.com\/wp-content\/uploads\/2024\/04\/georocfor_foundation-03_1200x800-315x210.jpg 315w\" alt=\"georocfor_foundation-03_1200x800\" width=\"1200\" height=\"800\" \/><\/p>\r\n<h2>Percez plus intelligemment <br \/><b> avec AirMaster <\/b><\/h2>\r\n<p>G\u00e9oRocFor propose maintenant un nouveau syst\u00e8me innovant, le <strong>AirMaster<\/strong>, con\u00e7u pour r\u00e9duire consid\u00e9rablement le risque de perte d&rsquo;air dans le sol lors du forage de fondations, particuli\u00e8rement lorsqu&rsquo;un syst\u00e8me de tubage \u00e0 l&rsquo;avancement est utilis\u00e9. La perte d&rsquo;air est un probl\u00e8me courant lors du forage \u00e0 travers des sols meubles ou non consolid\u00e9s, ou lorsque l&rsquo;air est utilis\u00e9 pour nettoyer le trou de forage. Cela peut entra\u00eener des inefficacit\u00e9s, de l&rsquo;instabilit\u00e9, voire le risque d&rsquo;effondrement du trou. Le syst\u00e8me <strong>AirMaster<\/strong> r\u00e9pond \u00e0 ce probl\u00e8me en contr\u00f4lant et en minimisant l&rsquo;\u00e9chappement de l&rsquo;air tout au long du processus de forage.<\/p>\r\n<p>En int\u00e9grant le syst\u00e8me <strong>AirMaster<\/strong> au tubage de recouvrement, il aide \u00e0 maintenir une pression stable dans le trou de forage, garantissant que l&rsquo;air est efficacement contenu et dirig\u00e9 exactement l\u00e0 o\u00f9 il est n\u00e9cessaire. Cet environnement contr\u00f4l\u00e9 r\u00e9duit le risque de d\u00e9placement du sol, de contamination et de perte inutile de ressources de forage pr\u00e9cieuses, comme l&rsquo;air.<\/p>\r\n<p><img loading=\"lazy\" decoding=\"async\" title=\"georocfor_fondation_drill-smarter-air-master_02_1200x800\" src=\"https:\/\/georocfor.com\/wp-content\/uploads\/2025\/04\/georocfor_fondation_drill-smarter-air-master_02_1200x800.jpg\" sizes=\"auto, (max-width: 768px) 100vw, 100vw\" srcset=\"https:\/\/georocfor.com\/wp-content\/uploads\/2025\/04\/georocfor_fondation_drill-smarter-air-master_02_1200x800.jpg 1200w, https:\/\/georocfor.com\/wp-content\/uploads\/2025\/04\/georocfor_fondation_drill-smarter-air-master_02_1200x800-630x420.jpg 630w, https:\/\/georocfor.com\/wp-content\/uploads\/2025\/04\/georocfor_fondation_drill-smarter-air-master_02_1200x800-300x200.jpg 300w, https:\/\/georocfor.com\/wp-content\/uploads\/2025\/04\/georocfor_fondation_drill-smarter-air-master_02_1200x800-1024x683.jpg 1024w, https:\/\/georocfor.com\/wp-content\/uploads\/2025\/04\/georocfor_fondation_drill-smarter-air-master_02_1200x800-768x512.jpg 768w, https:\/\/georocfor.com\/wp-content\/uploads\/2025\/04\/georocfor_fondation_drill-smarter-air-master_02_1200x800-420x280.jpg 420w, https:\/\/georocfor.com\/wp-content\/uploads\/2025\/04\/georocfor_fondation_drill-smarter-air-master_02_1200x800-840x560.jpg 840w, https:\/\/georocfor.com\/wp-content\/uploads\/2025\/04\/georocfor_fondation_drill-smarter-air-master_02_1200x800-315x210.jpg 315w\" alt=\"georocfor_fondation_drill-smarter-air-master_02_1200x800\" width=\"1200\" height=\"800\" \/> <img loading=\"lazy\" decoding=\"async\" title=\"georocfor_fondation_drill-smarter-air-master_01_1200x800\" src=\"https:\/\/georocfor.com\/wp-content\/uploads\/2025\/04\/georocfor_fondation_drill-smarter-air-master_01_1200x800.jpg\" sizes=\"auto, (max-width: 768px) 100vw, 100vw\" srcset=\"https:\/\/georocfor.com\/wp-content\/uploads\/2025\/04\/georocfor_fondation_drill-smarter-air-master_01_1200x800.jpg 1200w, https:\/\/georocfor.com\/wp-content\/uploads\/2025\/04\/georocfor_fondation_drill-smarter-air-master_01_1200x800-630x420.jpg 630w, https:\/\/georocfor.com\/wp-content\/uploads\/2025\/04\/georocfor_fondation_drill-smarter-air-master_01_1200x800-300x200.jpg 300w, https:\/\/georocfor.com\/wp-content\/uploads\/2025\/04\/georocfor_fondation_drill-smarter-air-master_01_1200x800-1024x683.jpg 1024w, https:\/\/georocfor.com\/wp-content\/uploads\/2025\/04\/georocfor_fondation_drill-smarter-air-master_01_1200x800-768x512.jpg 768w, https:\/\/georocfor.com\/wp-content\/uploads\/2025\/04\/georocfor_fondation_drill-smarter-air-master_01_1200x800-420x280.jpg 420w, https:\/\/georocfor.com\/wp-content\/uploads\/2025\/04\/georocfor_fondation_drill-smarter-air-master_01_1200x800-840x560.jpg 840w, https:\/\/georocfor.com\/wp-content\/uploads\/2025\/04\/georocfor_fondation_drill-smarter-air-master_01_1200x800-315x210.jpg 315w\" alt=\"georocfor_fondation_drill-smarter-air-master_01_1200x800\" width=\"1200\" height=\"800\" \/><\/p>\r\n<h2>Optimisez le forage de pieux <br \/><b>avec les syst\u00e8mes G\u00e9oRocFor<\/b><\/h2>\r\n<p><img loading=\"lazy\" decoding=\"async\" title=\"georocfor_fondation_optimize-pile-drilling_1200x1200\" src=\"https:\/\/georocfor.com\/wp-content\/uploads\/2025\/04\/georocfor_fondation_optimize-pile-drilling_1200x1200.jpg\" sizes=\"auto, (max-width: 768px) 100vw, 100vw\" srcset=\"https:\/\/georocfor.com\/wp-content\/uploads\/2025\/04\/georocfor_fondation_optimize-pile-drilling_1200x1200.jpg 1200w, https:\/\/georocfor.com\/wp-content\/uploads\/2025\/04\/georocfor_fondation_optimize-pile-drilling_1200x1200-315x315.jpg 315w, https:\/\/georocfor.com\/wp-content\/uploads\/2025\/04\/georocfor_fondation_optimize-pile-drilling_1200x1200-100x100.jpg 100w, https:\/\/georocfor.com\/wp-content\/uploads\/2025\/04\/georocfor_fondation_optimize-pile-drilling_1200x1200-630x630.jpg 630w, https:\/\/georocfor.com\/wp-content\/uploads\/2025\/04\/georocfor_fondation_optimize-pile-drilling_1200x1200-300x300.jpg 300w, https:\/\/georocfor.com\/wp-content\/uploads\/2025\/04\/georocfor_fondation_optimize-pile-drilling_1200x1200-1024x1024.jpg 1024w, https:\/\/georocfor.com\/wp-content\/uploads\/2025\/04\/georocfor_fondation_optimize-pile-drilling_1200x1200-150x150.jpg 150w, https:\/\/georocfor.com\/wp-content\/uploads\/2025\/04\/georocfor_fondation_optimize-pile-drilling_1200x1200-768x768.jpg 768w, https:\/\/georocfor.com\/wp-content\/uploads\/2025\/04\/georocfor_fondation_optimize-pile-drilling_1200x1200-420x420.jpg 420w, https:\/\/georocfor.com\/wp-content\/uploads\/2025\/04\/georocfor_fondation_optimize-pile-drilling_1200x1200-840x840.jpg 840w\" alt=\"georocfor_fondation_optimize-pile-drilling_1200x1200\" width=\"1200\" height=\"1200\" \/><\/p>\r\n<p>Dans l&rsquo;ensemble, le syst\u00e8me <strong>AirMaster<\/strong> am\u00e9liore l&rsquo;efficacit\u00e9 et la s\u00e9curit\u00e9 du syst\u00e8me de tubage \u00e0 l&rsquo;avancement en optimisant <strong>l&rsquo;utilisation de l&rsquo;air<\/strong>, en augmentant la performance de forage et en cr\u00e9ant un processus de forage de fondations plus stable et plus propre. Cela permet des installations de pieux plus rapides et plus pr\u00e9cises, tout en r\u00e9duisant l&rsquo;impact environnemental de la perte d&rsquo;air dans des sols sensibles.<\/p>\r\n<p><strong>G\u00e9oRocFor propose le meilleur syst\u00e8me adapt\u00e9 au forage de pieux, au micropieux et au forage d&rsquo;ancrages. <\/strong><\/p>\r\n<p>Les syst\u00e8mes GTE et GTE3 offrent la possibilit\u00e9 de forer le logement sous la couronne avec le m\u00eame taillant pilote. Ce syst\u00e8me est tr\u00e8s avantageux puisqu&rsquo;il permet de gagner beaucoup de temps en \u00e9vitant de manipuler les tiges de forage. Lorsque vous retirez le taillant pilote du tubage, le trou est termin\u00e9.<\/p>\r\n<h2>Nos <br \/><b>syst\u00e8mes sugg\u00e9r\u00e9s<\/b><\/h2>\r\n<h4><a title=\"Syst\u00e8me Xs GTE3 \" href=\"https:\/\/georocfor.com\/fr\/produits\/systemes-de-tubage-a-lavancement\/systeme-xs-gte3\/\" target=\"_self\"> Syst\u00e8me Xs GTE3 <\/a><\/h4>\r\n<p>Le syst\u00e8me Xs GTE3 est sp\u00e9cialement con\u00e7u pour le battage de pieux, le micropieux et l&rsquo;installation d&rsquo;ancrages\u2026<\/p>\r\n<p><a role=\"button\" href=\"https:\/\/georocfor.com\/fr\/produits\/systemes-de-tubage-a-lavancement\/systeme-xs-gte3\/\" target=\"_self\"> En savoir plus <\/a><\/p>\r\n<h4><a title=\"Syst\u00e8me Xs GT3 \" href=\"https:\/\/georocfor.com\/fr\/produits\/systemes-de-tubage-a-lavancement\/systeme-xs-gt3\/\" target=\"_self\"> Syst\u00e8me Xs GT3 <\/a><\/h4>\r\n<p>Le syst\u00e8me Xs GT3 est sp\u00e9cialement con\u00e7u pour le battage de pieux, le micropieux et l&rsquo;installation d&rsquo;ancrages\u2026<\/p>\r\n<p><a role=\"button\" href=\"https:\/\/georocfor.com\/fr\/produits\/systemes-de-tubage-a-lavancement\/systeme-xs-gt3\/\" target=\"_self\"> En savoir plus <\/a><\/p>\r\n<h4><a title=\"Syst\u00e8me Xs F3 \" href=\"https:\/\/georocfor.com\/fr\/produits\/systemes-de-tubage-a-lavancement\/systeme-xs-f3\/\" target=\"_self\"> Syst\u00e8me Xs F3 <\/a><\/h4>\r\n<p>Le syst\u00e8me Xs F3 (Flottant) est sp\u00e9cialement con\u00e7u pour le battage de pieux, le micropieux\u2026<\/p>\r\n<p><a role=\"button\" href=\"https:\/\/georocfor.com\/fr\/produits\/systemes-de-tubage-a-lavancement\/systeme-xs-f3\/\" target=\"_self\"> En savoir plus <\/a><\/p>\r\n<h4><a title=\"Syst\u00e8me Xs RU \" href=\"https:\/\/georocfor.com\/fr\/produits\/systemes-de-tubage-a-lavancement\/systeme-xs-ru\/\" target=\"_self\"> Syst\u00e8me Xs RU <\/a><\/h4>\r\n<p>Le syst\u00e8me Xs RU (r\u00e9cup\u00e9rable\/r\u00e9utilisable) est utilis\u00e9 avec n&rsquo;importe quelle taille de tubage\u2026<\/p>\r\n<p><a role=\"button\" href=\"https:\/\/georocfor.com\/fr\/produits\/systemes-de-tubage-a-lavancement\/systeme-xs-ru\/\" target=\"_self\"> En savoir plus <\/a><\/p>\r\n<\/div><!-- .vgblk-rw-wrapper -->","protected":false},"excerpt":{"rendered":"<p>Fondations Un syst\u00e8me de tubage pour les terrains de recouvrement est extr\u00eamement avantageux lors du forage de fondations, surtout lorsqu&rsquo;on doit percer des mat\u00e9riaux de surface instables ou meubles comme le sable, le gravier ou des rochers. Le principal objectif de ce syst\u00e8me est de stabiliser le trou de forage pendant l&rsquo;op\u00e9ration, afin d&rsquo;\u00e9viter l&rsquo;effondrement&#8230;<\/p>\n","protected":false},"author":1,"featured_media":992332,"parent":995371,"menu_order":0,"comment_status":"closed","ping_status":"closed","template":"","meta":{"_acf_changed":false,"inline_featured_image":false,"_monsterinsights_skip_tracking":false,"_monsterinsights_sitenote_active":false,"_monsterinsights_sitenote_note":"","_monsterinsights_sitenote_category":0,"footnotes":""},"class_list":["post-995375","page","type-page","status-publish","has-post-thumbnail","hentry"],"acf":[],"yoast_head":"<!-- This site is optimized with the Yoast SEO plugin v26.8 - https:\/\/yoast.com\/product\/yoast-seo-wordpress\/ -->\n<title>Fondations - GeoRocFor<\/title>\n<meta name=\"description\" content=\"Solutions de forage GeoRocFor pour fondations profondes et sp\u00e9ciales : performance, pr\u00e9cision et fiabilit\u00e9 pour vos projets de g\u00e9nie civil.\" \/>\n<meta name=\"robots\" content=\"index, follow, max-snippet:-1, max-image-preview:large, max-video-preview:-1\" \/>\n<link rel=\"canonical\" href=\"https:\/\/georocfor.com\/fr\/applications\/fondations\/\" \/>\n<meta property=\"og:locale\" content=\"fr_CA\" \/>\n<meta property=\"og:type\" content=\"article\" \/>\n<meta property=\"og:title\" content=\"Fondations - GeoRocFor\" \/>\n<meta property=\"og:description\" content=\"Solutions de forage GeoRocFor pour fondations profondes et sp\u00e9ciales : performance, pr\u00e9cision et fiabilit\u00e9 pour vos projets de g\u00e9nie civil.\" \/>\n<meta property=\"og:url\" content=\"https:\/\/georocfor.com\/fr\/applications\/fondations\/\" \/>\n<meta property=\"og:site_name\" content=\"GeoRocFor\" \/>\n<meta property=\"article:modified_time\" content=\"2026-01-27T19:44:03+00:00\" \/>\n<meta property=\"og:image\" content=\"https:\/\/georocfor.com\/wp-content\/uploads\/2024\/04\/georocfor_foundation-02_1200x800.jpg\" \/>\n\t<meta property=\"og:image:width\" content=\"1200\" \/>\n\t<meta property=\"og:image:height\" content=\"800\" \/>\n\t<meta property=\"og:image:type\" content=\"image\/jpeg\" \/>\n<meta name=\"twitter:card\" content=\"summary_large_image\" \/>\n<meta name=\"twitter:label1\" content=\"Estimation du temps de lecture\" \/>\n\t<meta name=\"twitter:data1\" content=\"4 minutes\" \/>\n<script type=\"application\/ld+json\" class=\"yoast-schema-graph\">{\"@context\":\"https:\/\/schema.org\",\"@graph\":[{\"@type\":\"WebPage\",\"@id\":\"https:\/\/georocfor.com\/fr\/applications\/fondations\/\",\"url\":\"https:\/\/georocfor.com\/fr\/applications\/fondations\/\",\"name\":\"Fondations - GeoRocFor\",\"isPartOf\":{\"@id\":\"https:\/\/georocfor.com\/fr\/#website\"},\"primaryImageOfPage\":{\"@id\":\"https:\/\/georocfor.com\/fr\/applications\/fondations\/#primaryimage\"},\"image\":{\"@id\":\"https:\/\/georocfor.com\/fr\/applications\/fondations\/#primaryimage\"},\"thumbnailUrl\":\"https:\/\/georocfor.com\/wp-content\/uploads\/2024\/04\/georocfor_foundation-01_1200x800.jpg\",\"datePublished\":\"2017-04-30T15:02:34+00:00\",\"dateModified\":\"2026-01-27T19:44:03+00:00\",\"description\":\"Solutions de forage GeoRocFor pour fondations profondes et sp\u00e9ciales : performance, pr\u00e9cision et fiabilit\u00e9 pour vos projets de g\u00e9nie civil.\",\"breadcrumb\":{\"@id\":\"https:\/\/georocfor.com\/fr\/applications\/fondations\/#breadcrumb\"},\"inLanguage\":\"fr-CA\",\"potentialAction\":[{\"@type\":\"ReadAction\",\"target\":[\"https:\/\/georocfor.com\/fr\/applications\/fondations\/\"]}]},{\"@type\":\"ImageObject\",\"inLanguage\":\"fr-CA\",\"@id\":\"https:\/\/georocfor.com\/fr\/applications\/fondations\/#primaryimage\",\"url\":\"https:\/\/georocfor.com\/wp-content\/uploads\/2024\/04\/georocfor_foundation-01_1200x800.jpg\",\"contentUrl\":\"https:\/\/georocfor.com\/wp-content\/uploads\/2024\/04\/georocfor_foundation-01_1200x800.jpg\",\"width\":1200,\"height\":800,\"caption\":\"Un chantier avec la machine pour cr\u00e9er des fondations.\"},{\"@type\":\"BreadcrumbList\",\"@id\":\"https:\/\/georocfor.com\/fr\/applications\/fondations\/#breadcrumb\",\"itemListElement\":[{\"@type\":\"ListItem\",\"position\":1,\"name\":\"Home\",\"item\":\"https:\/\/georocfor.com\/fr\/\"},{\"@type\":\"ListItem\",\"position\":2,\"name\":\"Applications\",\"item\":\"https:\/\/georocfor.com\/fr\/applications\/\"},{\"@type\":\"ListItem\",\"position\":3,\"name\":\"Fondations\"}]},{\"@type\":\"WebSite\",\"@id\":\"https:\/\/georocfor.com\/fr\/#website\",\"url\":\"https:\/\/georocfor.com\/fr\/\",\"name\":\"GeoRocFor\",\"description\":\"\",\"publisher\":{\"@id\":\"https:\/\/georocfor.com\/fr\/#organization\"},\"potentialAction\":[{\"@type\":\"SearchAction\",\"target\":{\"@type\":\"EntryPoint\",\"urlTemplate\":\"https:\/\/georocfor.com\/fr\/?s={search_term_string}\"},\"query-input\":{\"@type\":\"PropertyValueSpecification\",\"valueRequired\":true,\"valueName\":\"search_term_string\"}}],\"inLanguage\":\"fr-CA\"},{\"@type\":\"Organization\",\"@id\":\"https:\/\/georocfor.com\/fr\/#organization\",\"name\":\"GeoRocFor\",\"url\":\"https:\/\/georocfor.com\/fr\/\",\"logo\":{\"@type\":\"ImageObject\",\"inLanguage\":\"fr-CA\",\"@id\":\"https:\/\/georocfor.com\/fr\/#\/schema\/logo\/image\/\",\"url\":\"https:\/\/georocfor.com\/wp-content\/uploads\/2024\/03\/georocfor_logo_457x64.png\",\"contentUrl\":\"https:\/\/georocfor.com\/wp-content\/uploads\/2024\/03\/georocfor_logo_457x64.png\",\"width\":457,\"height\":64,\"caption\":\"GeoRocFor\"},\"image\":{\"@id\":\"https:\/\/georocfor.com\/fr\/#\/schema\/logo\/image\/\"}}]}<\/script>\n<!-- \/ Yoast SEO plugin. -->","yoast_head_json":{"title":"Fondations - GeoRocFor","description":"Solutions de forage GeoRocFor pour fondations profondes et sp\u00e9ciales : performance, pr\u00e9cision et fiabilit\u00e9 pour vos projets de g\u00e9nie civil.","robots":{"index":"index","follow":"follow","max-snippet":"max-snippet:-1","max-image-preview":"max-image-preview:large","max-video-preview":"max-video-preview:-1"},"canonical":"https:\/\/georocfor.com\/fr\/applications\/fondations\/","og_locale":"fr_CA","og_type":"article","og_title":"Fondations - GeoRocFor","og_description":"Solutions de forage GeoRocFor pour fondations profondes et sp\u00e9ciales : performance, pr\u00e9cision et fiabilit\u00e9 pour vos projets de g\u00e9nie civil.","og_url":"https:\/\/georocfor.com\/fr\/applications\/fondations\/","og_site_name":"GeoRocFor","article_modified_time":"2026-01-27T19:44:03+00:00","og_image":[{"width":1200,"height":800,"url":"https:\/\/georocfor.com\/wp-content\/uploads\/2024\/04\/georocfor_foundation-02_1200x800.jpg","type":"image\/jpeg"}],"twitter_card":"summary_large_image","twitter_misc":{"Estimation du temps de lecture":"4 minutes"},"schema":{"@context":"https:\/\/schema.org","@graph":[{"@type":"WebPage","@id":"https:\/\/georocfor.com\/fr\/applications\/fondations\/","url":"https:\/\/georocfor.com\/fr\/applications\/fondations\/","name":"Fondations - GeoRocFor","isPartOf":{"@id":"https:\/\/georocfor.com\/fr\/#website"},"primaryImageOfPage":{"@id":"https:\/\/georocfor.com\/fr\/applications\/fondations\/#primaryimage"},"image":{"@id":"https:\/\/georocfor.com\/fr\/applications\/fondations\/#primaryimage"},"thumbnailUrl":"https:\/\/georocfor.com\/wp-content\/uploads\/2024\/04\/georocfor_foundation-01_1200x800.jpg","datePublished":"2017-04-30T15:02:34+00:00","dateModified":"2026-01-27T19:44:03+00:00","description":"Solutions de forage GeoRocFor pour fondations profondes et sp\u00e9ciales : performance, pr\u00e9cision et fiabilit\u00e9 pour vos projets de g\u00e9nie civil.","breadcrumb":{"@id":"https:\/\/georocfor.com\/fr\/applications\/fondations\/#breadcrumb"},"inLanguage":"fr-CA","potentialAction":[{"@type":"ReadAction","target":["https:\/\/georocfor.com\/fr\/applications\/fondations\/"]}]},{"@type":"ImageObject","inLanguage":"fr-CA","@id":"https:\/\/georocfor.com\/fr\/applications\/fondations\/#primaryimage","url":"https:\/\/georocfor.com\/wp-content\/uploads\/2024\/04\/georocfor_foundation-01_1200x800.jpg","contentUrl":"https:\/\/georocfor.com\/wp-content\/uploads\/2024\/04\/georocfor_foundation-01_1200x800.jpg","width":1200,"height":800,"caption":"Un chantier avec la machine pour cr\u00e9er des fondations."},{"@type":"BreadcrumbList","@id":"https:\/\/georocfor.com\/fr\/applications\/fondations\/#breadcrumb","itemListElement":[{"@type":"ListItem","position":1,"name":"Home","item":"https:\/\/georocfor.com\/fr\/"},{"@type":"ListItem","position":2,"name":"Applications","item":"https:\/\/georocfor.com\/fr\/applications\/"},{"@type":"ListItem","position":3,"name":"Fondations"}]},{"@type":"WebSite","@id":"https:\/\/georocfor.com\/fr\/#website","url":"https:\/\/georocfor.com\/fr\/","name":"GeoRocFor","description":"","publisher":{"@id":"https:\/\/georocfor.com\/fr\/#organization"},"potentialAction":[{"@type":"SearchAction","target":{"@type":"EntryPoint","urlTemplate":"https:\/\/georocfor.com\/fr\/?s={search_term_string}"},"query-input":{"@type":"PropertyValueSpecification","valueRequired":true,"valueName":"search_term_string"}}],"inLanguage":"fr-CA"},{"@type":"Organization","@id":"https:\/\/georocfor.com\/fr\/#organization","name":"GeoRocFor","url":"https:\/\/georocfor.com\/fr\/","logo":{"@type":"ImageObject","inLanguage":"fr-CA","@id":"https:\/\/georocfor.com\/fr\/#\/schema\/logo\/image\/","url":"https:\/\/georocfor.com\/wp-content\/uploads\/2024\/03\/georocfor_logo_457x64.png","contentUrl":"https:\/\/georocfor.com\/wp-content\/uploads\/2024\/03\/georocfor_logo_457x64.png","width":457,"height":64,"caption":"GeoRocFor"},"image":{"@id":"https:\/\/georocfor.com\/fr\/#\/schema\/logo\/image\/"}}]}},"jetpack_sharing_enabled":true,"_links":{"self":[{"href":"https:\/\/georocfor.com\/fr\/wp-json\/wp\/v2\/pages\/995375","targetHints":{"allow":["GET"]}}],"collection":[{"href":"https:\/\/georocfor.com\/fr\/wp-json\/wp\/v2\/pages"}],"about":[{"href":"https:\/\/georocfor.com\/fr\/wp-json\/wp\/v2\/types\/page"}],"author":[{"embeddable":true,"href":"https:\/\/georocfor.com\/fr\/wp-json\/wp\/v2\/users\/1"}],"replies":[{"embeddable":true,"href":"https:\/\/georocfor.com\/fr\/wp-json\/wp\/v2\/comments?post=995375"}],"version-history":[{"count":5,"href":"https:\/\/georocfor.com\/fr\/wp-json\/wp\/v2\/pages\/995375\/revisions"}],"predecessor-version":[{"id":995773,"href":"https:\/\/georocfor.com\/fr\/wp-json\/wp\/v2\/pages\/995375\/revisions\/995773"}],"up":[{"embeddable":true,"href":"https:\/\/georocfor.com\/fr\/wp-json\/wp\/v2\/pages\/995371"}],"wp:featuredmedia":[{"embeddable":true,"href":"https:\/\/georocfor.com\/fr\/wp-json\/wp\/v2\/media\/992332"}],"wp:attachment":[{"href":"https:\/\/georocfor.com\/fr\/wp-json\/wp\/v2\/media?parent=995375"}],"curies":[{"name":"wp","href":"https:\/\/api.w.org\/{rel}","templated":true}]}}