{"id":995371,"date":"2024-01-31T12:15:28","date_gmt":"2024-01-31T17:15:28","guid":{"rendered":"https:\/\/georocfor.com\/applications\/"},"modified":"2026-01-27T14:43:33","modified_gmt":"2026-01-27T19:43:33","slug":"applications","status":"publish","type":"page","link":"https:\/\/georocfor.com\/fr\/applications\/","title":{"rendered":"Applications"},"content":{"rendered":"<div class=\"vgblk-rw-wrapper limit-wrapper\">\r\n<h2><b>Applications<\/b><\/h2>\r\n<h3><a title=\"Puits art\u00e9siens\" href=\"https:\/\/georocfor.com\/fr\/applications\/forage-de-puits-artesien\/\" target=\"_self\"> Puits art\u00e9siens <\/a><\/h3>\r\n<p>Lorsqu&rsquo;un tubage doit \u00eatre install\u00e9 durant le forage d&rsquo;un puits art\u00e9sien, l&rsquo;utilisation du syst\u00e8me Xs drill est l&rsquo;option #1.<\/p>\r\n<p><a role=\"button\" href=\"https:\/\/georocfor.com\/fr\/applications\/forage-de-puits-artesien\/\" target=\"_self\"> En savoir plus <\/a><\/p>\r\n<h3><a title=\"Fondations \" href=\"https:\/\/georocfor.com\/fr\/applications\/fondations\/\" target=\"_self\"> Fondations <\/a><\/h3>\r\n<p>G\u00e9oRocFor offre le syst\u00e8me de forage mort-terrain le mieux adapt\u00e9 pour le forage de pieux, micro-pieux et ancrages.<\/p>\r\n<p><a role=\"button\" href=\"https:\/\/georocfor.com\/fr\/applications\/fondations\/\" target=\"_self\"> En savoir plus <\/a><\/p>\r\n<h3><a title=\"Vo\u00fbtes parapluie \" href=\"https:\/\/georocfor.com\/fr\/applications\/forage-de-voute-parapluie\/\" target=\"_self\"> Vo\u00fbtes parapluie <\/a><\/h3>\r\n<p>La simplicit\u00e9 pour une meilleur production.<\/p>\r\n<p><a role=\"button\" href=\"https:\/\/georocfor.com\/fr\/applications\/forage-de-voute-parapluie\/\" target=\"_self\"> En savoir plus <\/a><\/p>\r\n<h3><a title=\"Forage horizontal \" href=\"https:\/\/georocfor.com\/fr\/applications\/forage-horizontal\/\" target=\"_self\"> Forage horizontal <\/a><\/h3>\r\n<p>Franchir les conditions les plus difficiles.<\/p>\r\n<p><a role=\"button\" href=\"https:\/\/georocfor.com\/fr\/applications\/forage-horizontal\/\" target=\"_self\"> En savoir plus <\/a><\/p>\r\n<h3><a title=\"Puits g\u00e9othermique\" href=\"https:\/\/georocfor.com\/fr\/applications\/puits-geothermique\/\" target=\"_self\"> Puits g\u00e9othermique <\/a><\/h3>\r\n<p>Ces forages sont utilis\u00e9s pour l&rsquo;installation de syst\u00e8mes g\u00e9othermiques permettant de capter la chaleur naturelle du sol<br \/>afin de chauffer ou de refroidir les b\u00e2timents. <a role=\"button\" href=\"https:\/\/georocfor.com\/fr\/applications\/puits-geothermique\/\" target=\"_self\"> En savoir plus <\/a><\/p>\r\n<h2>Nos<br \/><b>produits <\/b><\/h2>\r\n<h3><a title=\"Syst\u00e8mes de tubage \" href=\"https:\/\/georocfor.com\/fr\/produits\/systemes-de-tubage-a-lavancement\/\" target=\"_self\"> Syst\u00e8mes de tubage <\/a><\/h3>\r\n<p>Ces syst\u00e8mes brevet\u00e9s de tubage \u00e0 l&rsquo;avancement : de plus en plus populaires aupr\u00e8s des utilisateurs de syst\u00e8mes a<br \/>ailettes ou excentrique. <a role=\"button\" href=\"https:\/\/georocfor.com\/fr\/produits\/systemes-de-tubage-a-lavancement\/\" target=\"_self\"> En savoir plus <\/a><\/p>\r\n<h3><a title=\"Filets sur tubage \" href=\"https:\/\/georocfor.com\/fr\/produits\/tubage-filete\/\" target=\"_self\"> Filets sur tubage <\/a><\/h3>\r\n<p>GeoRocFor con\u00e7oit et fabrique des tubages filet\u00e9s pour des applications en fondations et travaux de g\u00e9nie civil.<\/p>\r\n<p><a role=\"button\" href=\"https:\/\/georocfor.com\/fr\/produits\/tubage-filete\/\" target=\"_self\"> En savoir plus <\/a><\/p>\r\n<h3><a title=\"Taillants de forage \" href=\"https:\/\/georocfor.com\/fr\/produits\/taillants-de-forage-de-roche\/\" target=\"_self\"> Taillants de forage <\/a><\/h3>\r\n<p>GeoRocFor fabrique des taillants de forage pour DTH et marteaux hors trou, con\u00e7us sur mesure pour r\u00e9pondre \u00e0 vos<br \/>besoins. <a role=\"button\" href=\"https:\/\/georocfor.com\/fr\/produits\/taillants-de-forage-de-roche\/\" target=\"_self\"> En savoir plus <\/a><\/p>\r\n<h3><a title=\"Double rotation\" href=\"https:\/\/georocfor.com\/fr\/produits\/forage-double-rotation\/\" target=\"_self\"> Double rotation <\/a><\/h3>\r\n<p>Optimisez vos op\u00e9rations \u00e0 double rotation gr\u00e2ce \u00e0 notre outillage de haute performance &#8211; con\u00e7ues pour la pr\u00e9cision, faites pour durer.<\/p>\r\n<p><a role=\"button\" href=\"https:\/\/georocfor.com\/fr\/produits\/forage-double-rotation\/\" target=\"_self\"> En savoir plus <\/a><\/p>\r\n<h3><a title=\"T\u00eates de d\u00e9chargement \" href=\"https:\/\/georocfor.com\/fr\/produits\/tete-de-decharge\/\" target=\"_self\"> T\u00eates de d\u00e9chargement <\/a><\/h3>\r\n<p>Une t\u00eate de d\u00e9chargement permet d&rsquo;acheminer les d\u00e9bris en lieu s\u00fbr, lors de l&rsquo;utilisation de nos syst\u00e8mes de forage.<\/p>\r\n<p><a role=\"button\" href=\"https:\/\/georocfor.com\/fr\/produits\/tete-de-decharge\/\" target=\"_self\"> En savoir plus <\/a><\/p>\r\n<h3><a title=\"Outils de d\u00e9molition \" href=\"https:\/\/georocfor.com\/fr\/produits\/outils-de-demolition\/\" target=\"_self\"> Outils de d\u00e9molition <\/a><\/h3>\r\n<p>Pour brise-roches mont\u00e9s sur \u00e9quipements lourds et\/ou sur fl\u00e8che.<\/p>\r\n<p><a role=\"button\" href=\"https:\/\/georocfor.com\/fr\/produits\/outils-de-demolition\/\" target=\"_self\"> En savoir plus <\/a><\/p>\r\n<h3><a title=\"AirMaster \" href=\"https:\/\/georocfor.com\/fr\/produits\/air-master\/\" target=\"_self\"> AirMaster <\/a><\/h3>\r\n<p>Con\u00e7u pour r\u00e9duire significativement le risque de perte d&rsquo;air dans le sol lors du forage de fondations, en particulier lors de l&rsquo;utilisation d&rsquo;un marteau fond de trou (DTH).<\/p>\r\n<p><a role=\"button\" href=\"https:\/\/georocfor.com\/fr\/produits\/air-master\/\" target=\"_self\"> En savoir plus <\/a><\/p>\r\n<h2>Rejoindre <b>l&rsquo;\u00e9quipe<\/b><\/h2>\r\n<p><a role=\"button\" href=\"https:\/\/georocfor.com\/fr\/carriere\/\" target=\"_self\"> Appliquer <\/a><\/p>\r\n<\/div><!-- .vgblk-rw-wrapper -->","protected":false},"excerpt":{"rendered":"<p>Applications Puits art\u00e9siens Lorsqu&rsquo;un tubage doit \u00eatre install\u00e9 durant le forage d&rsquo;un puits art\u00e9sien, l&rsquo;utilisation du syst\u00e8me Xs drill est l&rsquo;option #1. En savoir plus Fondations G\u00e9oRocFor offre le syst\u00e8me de forage mort-terrain le mieux adapt\u00e9 pour le forage de pieux, micro-pieux et ancrages. En savoir plus Vo\u00fbtes parapluie La simplicit\u00e9 pour une meilleur production&#8230;.<\/p>\n","protected":false},"author":1,"featured_media":992503,"parent":0,"menu_order":0,"comment_status":"closed","ping_status":"closed","template":"","meta":{"_acf_changed":false,"inline_featured_image":false,"_monsterinsights_skip_tracking":false,"_monsterinsights_sitenote_active":false,"_monsterinsights_sitenote_note":"","_monsterinsights_sitenote_category":0,"footnotes":""},"class_list":["post-995371","page","type-page","status-publish","has-post-thumbnail","hentry"],"acf":[],"yoast_head":"<!-- This site is optimized with the Yoast SEO plugin v26.8 - https:\/\/yoast.com\/product\/yoast-seo-wordpress\/ -->\n<title>Applications - GeoRocFor<\/title>\n<meta name=\"description\" content=\"Applications des solutions de forage GeoRocFor : puits art\u00e9siens, fondations, vo\u00fbtes parapluies, forage horizontal et g\u00e9othermie.\" \/>\n<meta name=\"robots\" content=\"index, follow, max-snippet:-1, max-image-preview:large, max-video-preview:-1\" \/>\n<link rel=\"canonical\" href=\"https:\/\/georocfor.com\/fr\/applications\/\" \/>\n<meta property=\"og:locale\" content=\"fr_CA\" \/>\n<meta property=\"og:type\" content=\"article\" \/>\n<meta property=\"og:title\" content=\"Applications - GeoRocFor\" \/>\n<meta property=\"og:description\" content=\"Applications des solutions de forage GeoRocFor : puits art\u00e9siens, fondations, vo\u00fbtes parapluies, forage horizontal et g\u00e9othermie.\" \/>\n<meta property=\"og:url\" content=\"https:\/\/georocfor.com\/fr\/applications\/\" \/>\n<meta property=\"og:site_name\" content=\"GeoRocFor\" \/>\n<meta property=\"article:modified_time\" content=\"2026-01-27T19:43:33+00:00\" \/>\n<meta property=\"og:image\" content=\"https:\/\/georocfor.com\/wp-content\/uploads\/2024\/10\/georocfor_acc_applications-forepoling_1920x800.jpg\" \/>\n\t<meta property=\"og:image:width\" content=\"1920\" \/>\n\t<meta property=\"og:image:height\" content=\"800\" \/>\n\t<meta property=\"og:image:type\" content=\"image\/jpeg\" \/>\n<meta name=\"twitter:card\" content=\"summary_large_image\" \/>\n<meta name=\"twitter:label1\" content=\"Estimation du temps de lecture\" \/>\n\t<meta name=\"twitter:data1\" content=\"2 minutes\" \/>\n<script type=\"application\/ld+json\" class=\"yoast-schema-graph\">{\"@context\":\"https:\/\/schema.org\",\"@graph\":[{\"@type\":\"WebPage\",\"@id\":\"https:\/\/georocfor.com\/fr\/applications\/\",\"url\":\"https:\/\/georocfor.com\/fr\/applications\/\",\"name\":\"Applications - GeoRocFor\",\"isPartOf\":{\"@id\":\"https:\/\/georocfor.com\/fr\/#website\"},\"primaryImageOfPage\":{\"@id\":\"https:\/\/georocfor.com\/fr\/applications\/#primaryimage\"},\"image\":{\"@id\":\"https:\/\/georocfor.com\/fr\/applications\/#primaryimage\"},\"thumbnailUrl\":\"https:\/\/georocfor.com\/wp-content\/uploads\/2024\/10\/georocfor_acc_applications-forepoling_1920x800.jpg\",\"datePublished\":\"2024-01-31T17:15:28+00:00\",\"dateModified\":\"2026-01-27T19:43:33+00:00\",\"description\":\"Applications des solutions de forage GeoRocFor : puits art\u00e9siens, fondations, vo\u00fbtes parapluies, forage horizontal et g\u00e9othermie.\",\"breadcrumb\":{\"@id\":\"https:\/\/georocfor.com\/fr\/applications\/#breadcrumb\"},\"inLanguage\":\"fr-CA\",\"potentialAction\":[{\"@type\":\"ReadAction\",\"target\":[\"https:\/\/georocfor.com\/fr\/applications\/\"]}]},{\"@type\":\"ImageObject\",\"inLanguage\":\"fr-CA\",\"@id\":\"https:\/\/georocfor.com\/fr\/applications\/#primaryimage\",\"url\":\"https:\/\/georocfor.com\/wp-content\/uploads\/2024\/10\/georocfor_acc_applications-forepoling_1920x800.jpg\",\"contentUrl\":\"https:\/\/georocfor.com\/wp-content\/uploads\/2024\/10\/georocfor_acc_applications-forepoling_1920x800.jpg\",\"width\":1920,\"height\":800,\"caption\":\"Workers in a tunnel are carrying out drilling operations.\"},{\"@type\":\"BreadcrumbList\",\"@id\":\"https:\/\/georocfor.com\/fr\/applications\/#breadcrumb\",\"itemListElement\":[{\"@type\":\"ListItem\",\"position\":1,\"name\":\"Home\",\"item\":\"https:\/\/georocfor.com\/fr\/\"},{\"@type\":\"ListItem\",\"position\":2,\"name\":\"Applications\"}]},{\"@type\":\"WebSite\",\"@id\":\"https:\/\/georocfor.com\/fr\/#website\",\"url\":\"https:\/\/georocfor.com\/fr\/\",\"name\":\"GeoRocFor\",\"description\":\"\",\"publisher\":{\"@id\":\"https:\/\/georocfor.com\/fr\/#organization\"},\"potentialAction\":[{\"@type\":\"SearchAction\",\"target\":{\"@type\":\"EntryPoint\",\"urlTemplate\":\"https:\/\/georocfor.com\/fr\/?s={search_term_string}\"},\"query-input\":{\"@type\":\"PropertyValueSpecification\",\"valueRequired\":true,\"valueName\":\"search_term_string\"}}],\"inLanguage\":\"fr-CA\"},{\"@type\":\"Organization\",\"@id\":\"https:\/\/georocfor.com\/fr\/#organization\",\"name\":\"GeoRocFor\",\"url\":\"https:\/\/georocfor.com\/fr\/\",\"logo\":{\"@type\":\"ImageObject\",\"inLanguage\":\"fr-CA\",\"@id\":\"https:\/\/georocfor.com\/fr\/#\/schema\/logo\/image\/\",\"url\":\"https:\/\/georocfor.com\/wp-content\/uploads\/2024\/03\/georocfor_logo_457x64.png\",\"contentUrl\":\"https:\/\/georocfor.com\/wp-content\/uploads\/2024\/03\/georocfor_logo_457x64.png\",\"width\":457,\"height\":64,\"caption\":\"GeoRocFor\"},\"image\":{\"@id\":\"https:\/\/georocfor.com\/fr\/#\/schema\/logo\/image\/\"}}]}<\/script>\n<!-- \/ Yoast SEO plugin. -->","yoast_head_json":{"title":"Applications - GeoRocFor","description":"Applications des solutions de forage GeoRocFor : puits art\u00e9siens, fondations, vo\u00fbtes parapluies, forage horizontal et g\u00e9othermie.","robots":{"index":"index","follow":"follow","max-snippet":"max-snippet:-1","max-image-preview":"max-image-preview:large","max-video-preview":"max-video-preview:-1"},"canonical":"https:\/\/georocfor.com\/fr\/applications\/","og_locale":"fr_CA","og_type":"article","og_title":"Applications - GeoRocFor","og_description":"Applications des solutions de forage GeoRocFor : puits art\u00e9siens, fondations, vo\u00fbtes parapluies, forage horizontal et g\u00e9othermie.","og_url":"https:\/\/georocfor.com\/fr\/applications\/","og_site_name":"GeoRocFor","article_modified_time":"2026-01-27T19:43:33+00:00","og_image":[{"width":1920,"height":800,"url":"https:\/\/georocfor.com\/wp-content\/uploads\/2024\/10\/georocfor_acc_applications-forepoling_1920x800.jpg","type":"image\/jpeg"}],"twitter_card":"summary_large_image","twitter_misc":{"Estimation du temps de lecture":"2 minutes"},"schema":{"@context":"https:\/\/schema.org","@graph":[{"@type":"WebPage","@id":"https:\/\/georocfor.com\/fr\/applications\/","url":"https:\/\/georocfor.com\/fr\/applications\/","name":"Applications - GeoRocFor","isPartOf":{"@id":"https:\/\/georocfor.com\/fr\/#website"},"primaryImageOfPage":{"@id":"https:\/\/georocfor.com\/fr\/applications\/#primaryimage"},"image":{"@id":"https:\/\/georocfor.com\/fr\/applications\/#primaryimage"},"thumbnailUrl":"https:\/\/georocfor.com\/wp-content\/uploads\/2024\/10\/georocfor_acc_applications-forepoling_1920x800.jpg","datePublished":"2024-01-31T17:15:28+00:00","dateModified":"2026-01-27T19:43:33+00:00","description":"Applications des solutions de forage GeoRocFor : puits art\u00e9siens, fondations, vo\u00fbtes parapluies, forage horizontal et g\u00e9othermie.","breadcrumb":{"@id":"https:\/\/georocfor.com\/fr\/applications\/#breadcrumb"},"inLanguage":"fr-CA","potentialAction":[{"@type":"ReadAction","target":["https:\/\/georocfor.com\/fr\/applications\/"]}]},{"@type":"ImageObject","inLanguage":"fr-CA","@id":"https:\/\/georocfor.com\/fr\/applications\/#primaryimage","url":"https:\/\/georocfor.com\/wp-content\/uploads\/2024\/10\/georocfor_acc_applications-forepoling_1920x800.jpg","contentUrl":"https:\/\/georocfor.com\/wp-content\/uploads\/2024\/10\/georocfor_acc_applications-forepoling_1920x800.jpg","width":1920,"height":800,"caption":"Workers in a tunnel are carrying out drilling operations."},{"@type":"BreadcrumbList","@id":"https:\/\/georocfor.com\/fr\/applications\/#breadcrumb","itemListElement":[{"@type":"ListItem","position":1,"name":"Home","item":"https:\/\/georocfor.com\/fr\/"},{"@type":"ListItem","position":2,"name":"Applications"}]},{"@type":"WebSite","@id":"https:\/\/georocfor.com\/fr\/#website","url":"https:\/\/georocfor.com\/fr\/","name":"GeoRocFor","description":"","publisher":{"@id":"https:\/\/georocfor.com\/fr\/#organization"},"potentialAction":[{"@type":"SearchAction","target":{"@type":"EntryPoint","urlTemplate":"https:\/\/georocfor.com\/fr\/?s={search_term_string}"},"query-input":{"@type":"PropertyValueSpecification","valueRequired":true,"valueName":"search_term_string"}}],"inLanguage":"fr-CA"},{"@type":"Organization","@id":"https:\/\/georocfor.com\/fr\/#organization","name":"GeoRocFor","url":"https:\/\/georocfor.com\/fr\/","logo":{"@type":"ImageObject","inLanguage":"fr-CA","@id":"https:\/\/georocfor.com\/fr\/#\/schema\/logo\/image\/","url":"https:\/\/georocfor.com\/wp-content\/uploads\/2024\/03\/georocfor_logo_457x64.png","contentUrl":"https:\/\/georocfor.com\/wp-content\/uploads\/2024\/03\/georocfor_logo_457x64.png","width":457,"height":64,"caption":"GeoRocFor"},"image":{"@id":"https:\/\/georocfor.com\/fr\/#\/schema\/logo\/image\/"}}]}},"jetpack_sharing_enabled":true,"_links":{"self":[{"href":"https:\/\/georocfor.com\/fr\/wp-json\/wp\/v2\/pages\/995371","targetHints":{"allow":["GET"]}}],"collection":[{"href":"https:\/\/georocfor.com\/fr\/wp-json\/wp\/v2\/pages"}],"about":[{"href":"https:\/\/georocfor.com\/fr\/wp-json\/wp\/v2\/types\/page"}],"author":[{"embeddable":true,"href":"https:\/\/georocfor.com\/fr\/wp-json\/wp\/v2\/users\/1"}],"replies":[{"embeddable":true,"href":"https:\/\/georocfor.com\/fr\/wp-json\/wp\/v2\/comments?post=995371"}],"version-history":[{"count":7,"href":"https:\/\/georocfor.com\/fr\/wp-json\/wp\/v2\/pages\/995371\/revisions"}],"predecessor-version":[{"id":995772,"href":"https:\/\/georocfor.com\/fr\/wp-json\/wp\/v2\/pages\/995371\/revisions\/995772"}],"wp:featuredmedia":[{"embeddable":true,"href":"https:\/\/georocfor.com\/fr\/wp-json\/wp\/v2\/media\/992503"}],"wp:attachment":[{"href":"https:\/\/georocfor.com\/fr\/wp-json\/wp\/v2\/media?parent=995371"}],"curies":[{"name":"wp","href":"https:\/\/api.w.org\/{rel}","templated":true}]}}