{"id":995342,"date":"2017-07-31T12:47:23","date_gmt":"2017-07-31T16:47:23","guid":{"rendered":"https:\/\/georocfor.com\/careers\/"},"modified":"2026-01-27T14:49:41","modified_gmt":"2026-01-27T19:49:41","slug":"carriere","status":"publish","type":"page","link":"https:\/\/georocfor.com\/fr\/carriere\/","title":{"rendered":"Carri\u00e8re"},"content":{"rendered":"<div class=\"vgblk-rw-wrapper limit-wrapper\">\r\n<h2>Offres <br \/><b>d&#8217;emploi <\/b><\/h2>\r\n<p>Si vous recherchez un travail stimulant, des possibilit\u00e9s constantes d&rsquo;avancement professionnel et des r\u00e9compenses qui en valent vraiment la peine, G\u00e9oRocFor a l&#8217;emploi que vous cherchez\u2026<\/p>\r\n<p><a role=\"button\" href=\"https:\/\/georocfor.com\/fr\/contact\/\" target=\"_self\"> Recherche d&#8217;emplois <\/a><\/p>\r\n<h3>Notre \u00e9quipe<\/h3>\r\n<p>Nous sommes \u00e0 la recherche de v\u00e9ritables personnalit\u00e9s. Des personnes qui ont le courage de prendre des risques. Qui comprennent que pour faire une diff\u00e9rence, il faut de la passion, de la patience et de la pers\u00e9v\u00e9rance.<\/p>\r\n<h4>Diversit\u00e9 <br \/><strong>de la main-d&rsquo;\u0153uvre<\/strong><\/h4>\r\n<p>Contribuer avec des id\u00e9es nouvelles et offrir des perspectives uniques est essentiel \u00e0 la r\u00e9ussite de l&rsquo;industrie.<\/p>\r\n<h4><b>Ing\u00e9nierie<\/b><\/h4>\r\n<p>Nos ing\u00e9nieurs travaillent, explorent, cr\u00e9ent et mettent en \u0153uvre la prochaine g\u00e9n\u00e9ration d&rsquo;outils et syst\u00e8mes de forage.<\/p>\r\n<h4>Cha\u00eene logistique<br \/><b>et d&rsquo;approvisionnement<\/b><\/h4>\r\n<p>Les produits et solutions innovants que nous d\u00e9veloppons n&rsquo;auraient aucune valeur si nous ne les partagions pas avec le monde entier.<\/p>\r\n<h4>Service <br \/><b>de fabrication <\/b><\/h4>\r\n<p>Nous offrons \u00e0 nos clients l&rsquo;assurance que leurs employ\u00e9s, leurs processus et leurs produits sont aussi s\u00e9curitaires et efficaces que possible.<\/p>\r\n<\/div><!-- .vgblk-rw-wrapper -->","protected":false},"excerpt":{"rendered":"<p>Offres d&#8217;emploi Si vous recherchez un travail stimulant, des possibilit\u00e9s constantes d&rsquo;avancement professionnel et des r\u00e9compenses qui en valent vraiment la peine, G\u00e9oRocFor a l&#8217;emploi que vous cherchez\u2026 Recherche d&#8217;emplois Notre \u00e9quipe Nous sommes \u00e0 la recherche de v\u00e9ritables personnalit\u00e9s. Des personnes qui ont le courage de prendre des risques. Qui comprennent que pour faire&#8230;<\/p>\n","protected":false},"author":1,"featured_media":995896,"parent":0,"menu_order":0,"comment_status":"closed","ping_status":"closed","template":"","meta":{"_acf_changed":false,"inline_featured_image":false,"_monsterinsights_skip_tracking":false,"_monsterinsights_sitenote_active":false,"_monsterinsights_sitenote_note":"","_monsterinsights_sitenote_category":0,"footnotes":""},"class_list":["post-995342","page","type-page","status-publish","has-post-thumbnail","hentry"],"acf":[],"yoast_head":"<!-- This site is optimized with the Yoast SEO plugin v26.8 - https:\/\/yoast.com\/product\/yoast-seo-wordpress\/ -->\n<title>Carri\u00e8re - GeoRocFor<\/title>\n<meta name=\"description\" content=\"Opportunit\u00e9s de carri\u00e8res chez GeoRocFor : rejoignez une \u00e9quipe d\u2019experts en solutions de forage innovantes.\" \/>\n<meta name=\"robots\" content=\"index, follow, max-snippet:-1, max-image-preview:large, max-video-preview:-1\" \/>\n<link rel=\"canonical\" href=\"https:\/\/georocfor.com\/fr\/carriere\/\" \/>\n<meta property=\"og:locale\" content=\"fr_CA\" \/>\n<meta property=\"og:type\" content=\"article\" \/>\n<meta property=\"og:title\" content=\"Carri\u00e8re - GeoRocFor\" \/>\n<meta property=\"og:description\" content=\"Opportunit\u00e9s de carri\u00e8res chez GeoRocFor : rejoignez une \u00e9quipe d\u2019experts en solutions de forage innovantes.\" \/>\n<meta property=\"og:url\" content=\"https:\/\/georocfor.com\/fr\/carriere\/\" \/>\n<meta property=\"og:site_name\" content=\"GeoRocFor\" \/>\n<meta property=\"article:modified_time\" content=\"2026-01-27T19:49:41+00:00\" \/>\n<meta property=\"og:image\" content=\"https:\/\/georocfor.com\/wp-content\/uploads\/2026\/01\/georocfor_career_1200x800.jpg\" \/>\n\t<meta property=\"og:image:width\" content=\"1200\" \/>\n\t<meta property=\"og:image:height\" content=\"800\" \/>\n\t<meta property=\"og:image:type\" content=\"image\/jpeg\" \/>\n<meta name=\"twitter:card\" content=\"summary_large_image\" \/>\n<meta name=\"twitter:label1\" content=\"Estimation du temps de lecture\" \/>\n\t<meta name=\"twitter:data1\" content=\"1 minute\" \/>\n<script type=\"application\/ld+json\" class=\"yoast-schema-graph\">{\"@context\":\"https:\/\/schema.org\",\"@graph\":[{\"@type\":\"WebPage\",\"@id\":\"https:\/\/georocfor.com\/fr\/carriere\/\",\"url\":\"https:\/\/georocfor.com\/fr\/carriere\/\",\"name\":\"Carri\u00e8re - GeoRocFor\",\"isPartOf\":{\"@id\":\"https:\/\/georocfor.com\/fr\/#website\"},\"primaryImageOfPage\":{\"@id\":\"https:\/\/georocfor.com\/fr\/carriere\/#primaryimage\"},\"image\":{\"@id\":\"https:\/\/georocfor.com\/fr\/carriere\/#primaryimage\"},\"thumbnailUrl\":\"https:\/\/georocfor.com\/wp-content\/uploads\/2026\/01\/georocfor_career_1200x800.jpg\",\"datePublished\":\"2017-07-31T16:47:23+00:00\",\"dateModified\":\"2026-01-27T19:49:41+00:00\",\"description\":\"Opportunit\u00e9s de carri\u00e8res chez GeoRocFor : rejoignez une \u00e9quipe d\u2019experts en solutions de forage innovantes.\",\"breadcrumb\":{\"@id\":\"https:\/\/georocfor.com\/fr\/carriere\/#breadcrumb\"},\"inLanguage\":\"fr-CA\",\"potentialAction\":[{\"@type\":\"ReadAction\",\"target\":[\"https:\/\/georocfor.com\/fr\/carriere\/\"]}]},{\"@type\":\"ImageObject\",\"inLanguage\":\"fr-CA\",\"@id\":\"https:\/\/georocfor.com\/fr\/carriere\/#primaryimage\",\"url\":\"https:\/\/georocfor.com\/wp-content\/uploads\/2026\/01\/georocfor_career_1200x800.jpg\",\"contentUrl\":\"https:\/\/georocfor.com\/wp-content\/uploads\/2026\/01\/georocfor_career_1200x800.jpg\",\"width\":1200,\"height\":800,\"caption\":\"\u00c9quipe de GeoRocFor\"},{\"@type\":\"BreadcrumbList\",\"@id\":\"https:\/\/georocfor.com\/fr\/carriere\/#breadcrumb\",\"itemListElement\":[{\"@type\":\"ListItem\",\"position\":1,\"name\":\"Home\",\"item\":\"https:\/\/georocfor.com\/fr\/\"},{\"@type\":\"ListItem\",\"position\":2,\"name\":\"Carri\u00e8re\"}]},{\"@type\":\"WebSite\",\"@id\":\"https:\/\/georocfor.com\/fr\/#website\",\"url\":\"https:\/\/georocfor.com\/fr\/\",\"name\":\"GeoRocFor\",\"description\":\"\",\"publisher\":{\"@id\":\"https:\/\/georocfor.com\/fr\/#organization\"},\"potentialAction\":[{\"@type\":\"SearchAction\",\"target\":{\"@type\":\"EntryPoint\",\"urlTemplate\":\"https:\/\/georocfor.com\/fr\/?s={search_term_string}\"},\"query-input\":{\"@type\":\"PropertyValueSpecification\",\"valueRequired\":true,\"valueName\":\"search_term_string\"}}],\"inLanguage\":\"fr-CA\"},{\"@type\":\"Organization\",\"@id\":\"https:\/\/georocfor.com\/fr\/#organization\",\"name\":\"GeoRocFor\",\"url\":\"https:\/\/georocfor.com\/fr\/\",\"logo\":{\"@type\":\"ImageObject\",\"inLanguage\":\"fr-CA\",\"@id\":\"https:\/\/georocfor.com\/fr\/#\/schema\/logo\/image\/\",\"url\":\"https:\/\/georocfor.com\/wp-content\/uploads\/2024\/03\/georocfor_logo_457x64.png\",\"contentUrl\":\"https:\/\/georocfor.com\/wp-content\/uploads\/2024\/03\/georocfor_logo_457x64.png\",\"width\":457,\"height\":64,\"caption\":\"GeoRocFor\"},\"image\":{\"@id\":\"https:\/\/georocfor.com\/fr\/#\/schema\/logo\/image\/\"}}]}<\/script>\n<!-- \/ Yoast SEO plugin. -->","yoast_head_json":{"title":"Carri\u00e8re - GeoRocFor","description":"Opportunit\u00e9s de carri\u00e8res chez GeoRocFor : rejoignez une \u00e9quipe d\u2019experts en solutions de forage innovantes.","robots":{"index":"index","follow":"follow","max-snippet":"max-snippet:-1","max-image-preview":"max-image-preview:large","max-video-preview":"max-video-preview:-1"},"canonical":"https:\/\/georocfor.com\/fr\/carriere\/","og_locale":"fr_CA","og_type":"article","og_title":"Carri\u00e8re - GeoRocFor","og_description":"Opportunit\u00e9s de carri\u00e8res chez GeoRocFor : rejoignez une \u00e9quipe d\u2019experts en solutions de forage innovantes.","og_url":"https:\/\/georocfor.com\/fr\/carriere\/","og_site_name":"GeoRocFor","article_modified_time":"2026-01-27T19:49:41+00:00","og_image":[{"width":1200,"height":800,"url":"https:\/\/georocfor.com\/wp-content\/uploads\/2026\/01\/georocfor_career_1200x800.jpg","type":"image\/jpeg"}],"twitter_card":"summary_large_image","twitter_misc":{"Estimation du temps de lecture":"1 minute"},"schema":{"@context":"https:\/\/schema.org","@graph":[{"@type":"WebPage","@id":"https:\/\/georocfor.com\/fr\/carriere\/","url":"https:\/\/georocfor.com\/fr\/carriere\/","name":"Carri\u00e8re - GeoRocFor","isPartOf":{"@id":"https:\/\/georocfor.com\/fr\/#website"},"primaryImageOfPage":{"@id":"https:\/\/georocfor.com\/fr\/carriere\/#primaryimage"},"image":{"@id":"https:\/\/georocfor.com\/fr\/carriere\/#primaryimage"},"thumbnailUrl":"https:\/\/georocfor.com\/wp-content\/uploads\/2026\/01\/georocfor_career_1200x800.jpg","datePublished":"2017-07-31T16:47:23+00:00","dateModified":"2026-01-27T19:49:41+00:00","description":"Opportunit\u00e9s de carri\u00e8res chez GeoRocFor : rejoignez une \u00e9quipe d\u2019experts en solutions de forage innovantes.","breadcrumb":{"@id":"https:\/\/georocfor.com\/fr\/carriere\/#breadcrumb"},"inLanguage":"fr-CA","potentialAction":[{"@type":"ReadAction","target":["https:\/\/georocfor.com\/fr\/carriere\/"]}]},{"@type":"ImageObject","inLanguage":"fr-CA","@id":"https:\/\/georocfor.com\/fr\/carriere\/#primaryimage","url":"https:\/\/georocfor.com\/wp-content\/uploads\/2026\/01\/georocfor_career_1200x800.jpg","contentUrl":"https:\/\/georocfor.com\/wp-content\/uploads\/2026\/01\/georocfor_career_1200x800.jpg","width":1200,"height":800,"caption":"\u00c9quipe de GeoRocFor"},{"@type":"BreadcrumbList","@id":"https:\/\/georocfor.com\/fr\/carriere\/#breadcrumb","itemListElement":[{"@type":"ListItem","position":1,"name":"Home","item":"https:\/\/georocfor.com\/fr\/"},{"@type":"ListItem","position":2,"name":"Carri\u00e8re"}]},{"@type":"WebSite","@id":"https:\/\/georocfor.com\/fr\/#website","url":"https:\/\/georocfor.com\/fr\/","name":"GeoRocFor","description":"","publisher":{"@id":"https:\/\/georocfor.com\/fr\/#organization"},"potentialAction":[{"@type":"SearchAction","target":{"@type":"EntryPoint","urlTemplate":"https:\/\/georocfor.com\/fr\/?s={search_term_string}"},"query-input":{"@type":"PropertyValueSpecification","valueRequired":true,"valueName":"search_term_string"}}],"inLanguage":"fr-CA"},{"@type":"Organization","@id":"https:\/\/georocfor.com\/fr\/#organization","name":"GeoRocFor","url":"https:\/\/georocfor.com\/fr\/","logo":{"@type":"ImageObject","inLanguage":"fr-CA","@id":"https:\/\/georocfor.com\/fr\/#\/schema\/logo\/image\/","url":"https:\/\/georocfor.com\/wp-content\/uploads\/2024\/03\/georocfor_logo_457x64.png","contentUrl":"https:\/\/georocfor.com\/wp-content\/uploads\/2024\/03\/georocfor_logo_457x64.png","width":457,"height":64,"caption":"GeoRocFor"},"image":{"@id":"https:\/\/georocfor.com\/fr\/#\/schema\/logo\/image\/"}}]}},"jetpack_sharing_enabled":true,"_links":{"self":[{"href":"https:\/\/georocfor.com\/fr\/wp-json\/wp\/v2\/pages\/995342","targetHints":{"allow":["GET"]}}],"collection":[{"href":"https:\/\/georocfor.com\/fr\/wp-json\/wp\/v2\/pages"}],"about":[{"href":"https:\/\/georocfor.com\/fr\/wp-json\/wp\/v2\/types\/page"}],"author":[{"embeddable":true,"href":"https:\/\/georocfor.com\/fr\/wp-json\/wp\/v2\/users\/1"}],"replies":[{"embeddable":true,"href":"https:\/\/georocfor.com\/fr\/wp-json\/wp\/v2\/comments?post=995342"}],"version-history":[{"count":5,"href":"https:\/\/georocfor.com\/fr\/wp-json\/wp\/v2\/pages\/995342\/revisions"}],"predecessor-version":[{"id":995778,"href":"https:\/\/georocfor.com\/fr\/wp-json\/wp\/v2\/pages\/995342\/revisions\/995778"}],"wp:featuredmedia":[{"embeddable":true,"href":"https:\/\/georocfor.com\/fr\/wp-json\/wp\/v2\/media\/995896"}],"wp:attachment":[{"href":"https:\/\/georocfor.com\/fr\/wp-json\/wp\/v2\/media?parent=995342"}],"curies":[{"name":"wp","href":"https:\/\/api.w.org\/{rel}","templated":true}]}}