{"id":995200,"date":"2016-12-05T16:27:47","date_gmt":"2016-12-05T21:27:47","guid":{"rendered":"https:\/\/georocfor.com\/contact\/"},"modified":"2026-01-27T14:51:02","modified_gmt":"2026-01-27T19:51:02","slug":"contact","status":"publish","type":"page","link":"https:\/\/georocfor.com\/fr\/contact\/","title":{"rendered":"Contact"},"content":{"rendered":"<div class=\"vgblk-rw-wrapper limit-wrapper\">\r\n<p><iframe loading=\"lazy\" src=\"https:\/\/www.google.com\/maps\/embed?pb=!1m14!1m8!1m3!1d22415.266234289873!2d-71.974036!3d45.391021!3m2!1i1024!2i768!4f13.1!3m3!1m2!1s0x4cb7b4ce9526cbb9%3A0x712dafe42189f3ae!2sGeoRocFor%20Inc!5e0!3m2!1sfr!2sus!4v1709571238752!5m2!1sfr!2sus\" width=\"100%\" height=\"450\" allowfullscreen=\"allowfullscreen\"><\/iframe><\/p>\r\n<h2>Contactez-nous<br \/><strong>ou <a href=\"#form\"> remplissez ce formulaire <\/a><\/strong><\/h2>\r\n<h4>Si\u00e8ge social<\/h4>\r\n<p>165 rue Joseph-Robertson\u200b<br \/>Sherbrooke, QC, J1L 2W7 Canada<\/p>\r\n<p><strong>BUR :<\/strong> <a href=\"tel:8195694207\">819 569.4207<\/a><\/p>\r\n<p><strong>SANS FRAIS :<\/strong> <a href=\"tel:8445694207\">844 569.4207<\/a><\/p>\r\n<h4><a title=\"Entrep\u00f4t-\u00c9tats-Unis \" href=\"https:\/\/www.google.ca\/maps\/place\/395+Caswell+Ave,+Derby,+VT+05830,+%C3%89tats-Unis\/@45.0058143,-72.0933496,17.5z\/data=!4m6!3m5!1s0x4cb66f452d1deaa1:0xce1f04b7858751e9!8m2!3d45.0055988!4d-72.0916608!16s%2Fg%2F11c2qcdm54?hl=fr&amp;entry=ttu&amp;g_ep=EgoyMDI1MDUxNS4xIKXMDSoJLDEwMjExNDUzSAFQAw%3D%3D\" target=\"_blank\" rel=\"noopener\"> Entrep\u00f4t-\u00c9tats-Unis <\/a><\/h4>\r\n<p>395 Avenue Casewell\u200b<br \/>Derby Line, VT 05830<\/p>\r\n<h4><a title=\"Usine de fabrication de pieux soud\u00e9s et filet\u00e9s \" href=\"https:\/\/www.google.ca\/maps\/place\/4005+Rue+de+la+Garlock,+Sherbrooke,+QC+J1L+1W9\/@45.4070595,-71.966787,18z\/data=!4m6!3m5!1s0x4cb7b4e8da50f077:0x2bbe33b4ec46a054!8m2!3d45.4067966!4d-71.9652015!16s%2Fg%2F11b8v4__0y?hl=fr&amp;entry=ttu&amp;g_ep=EgoyMDI1MDUxNS4xIKXMDSoJLDEwMjExNDUzSAFQAw%3D%3D\" target=\"_blank\" rel=\"noopener\"> Usine de fabrication de pieux soud\u00e9s et filet\u00e9s <\/a><\/h4>\r\n<p>4005 rue Garlock<br \/>Sherbrooke, QC J1L 1W9 Canada<\/p>\r\n<h2>Communiquer directement<br \/><strong>avec notre \u00e9quipe <\/strong><\/h2>\r\n<h4>Luc Charland, Pr\u00e9sident<\/h4>\r\n<p><a href=\"mailto:luc@georocfor.com\">\u00a0luc@georocfor.com<\/a><\/p>\r\n<h4>Stephane Vaillancourt, Directeur des ventes<\/h4>\r\n<p><a href=\"mailto:info@georocfor.com\">info@georocfor.com<\/a><\/p>\r\n<h4>David Th\u00e9berge, Eng. Directeur de produit<\/h4>\r\n<p><a href=\"mailto:david@georocfor.com\">david@georocfor.com<\/a><\/p>\r\n<h4>Louis-Rock Gagnon, D\u00e9veloppement des affaires &#8211; Canada<\/h4>\r\n<p><a href=\"mailto:lrgagnon@georocfor.com\">lrgagnon@georocfor.com<\/a><\/p>\r\n<h4>Jeffrey Foraker, D\u00e9veloppement des affaires &#8211; USA<\/h4>\r\n<p><a href=\"mailto:jforaker@georocfor.com\">jforaker@georocfor.com<\/a><\/p>\r\n<h2>Votre satisfaction<br \/><strong> est notre priorit\u00e9! <\/strong><\/h2>\r\n<p>Vous pouvez demander des informations par courriel ou par t\u00e9l\u00e9phone \u00e0 tout moment. Nous serons ravis de vous r\u00e9pondre rapidement.<\/p>\r\n<p>Notice: JavaScript is required for this content.<\/p>\r\n<!-- That data is being printed as a workaround to page builders reordering the order of the scripts loaded--><\/div><!-- .vgblk-rw-wrapper -->","protected":false},"excerpt":{"rendered":"<p>Contactez-nousou remplissez ce formulaire Si\u00e8ge social 165 rue Joseph-Robertson\u200bSherbrooke, QC, J1L 2W7 Canada BUR : 819 569.4207 SANS FRAIS : 844 569.4207 Entrep\u00f4t-\u00c9tats-Unis 395 Avenue Casewell\u200bDerby Line, VT 05830 Usine de fabrication de pieux soud\u00e9s et filet\u00e9s 4005 rue GarlockSherbrooke, QC J1L 1W9 Canada Communiquer directementavec notre \u00e9quipe Luc Charland, Pr\u00e9sident \u00a0luc@georocfor.com Stephane Vaillancourt, Directeur&#8230;<\/p>\n","protected":false},"author":1,"featured_media":995898,"parent":0,"menu_order":0,"comment_status":"closed","ping_status":"closed","template":"","meta":{"_acf_changed":false,"inline_featured_image":false,"_monsterinsights_skip_tracking":false,"_monsterinsights_sitenote_active":false,"_monsterinsights_sitenote_note":"","_monsterinsights_sitenote_category":0,"footnotes":""},"class_list":["post-995200","page","type-page","status-publish","has-post-thumbnail","hentry"],"acf":[],"yoast_head":"<!-- This site is optimized with the Yoast SEO plugin v26.8 - https:\/\/yoast.com\/product\/yoast-seo-wordpress\/ -->\n<title>Contact - GeoRocFor<\/title>\n<meta name=\"description\" content=\"Contactez GeoRocFor pour obtenir des conseils techniques, de l\u2019information sur nos produits et des solutions de forage adapt\u00e9es \u00e0 vos projets.\" \/>\n<meta name=\"robots\" content=\"index, follow, max-snippet:-1, max-image-preview:large, max-video-preview:-1\" \/>\n<link rel=\"canonical\" href=\"https:\/\/georocfor.com\/fr\/contact\/\" \/>\n<meta property=\"og:locale\" content=\"fr_CA\" \/>\n<meta property=\"og:type\" content=\"article\" \/>\n<meta property=\"og:title\" content=\"Contact - GeoRocFor\" \/>\n<meta property=\"og:description\" content=\"Contactez GeoRocFor pour obtenir des conseils techniques, de l\u2019information sur nos produits et des solutions de forage adapt\u00e9es \u00e0 vos projets.\" \/>\n<meta property=\"og:url\" content=\"https:\/\/georocfor.com\/fr\/contact\/\" \/>\n<meta property=\"og:site_name\" content=\"GeoRocFor\" \/>\n<meta property=\"article:modified_time\" content=\"2026-01-27T19:51:02+00:00\" \/>\n<meta property=\"og:image\" content=\"https:\/\/georocfor.com\/wp-content\/uploads\/2026\/01\/georocfor_contact_1200x800.jpg\" \/>\n\t<meta property=\"og:image:width\" content=\"1200\" \/>\n\t<meta property=\"og:image:height\" content=\"800\" \/>\n\t<meta property=\"og:image:type\" content=\"image\/jpeg\" \/>\n<meta name=\"twitter:card\" content=\"summary_large_image\" \/>\n<meta name=\"twitter:label1\" content=\"Estimation du temps de lecture\" \/>\n\t<meta name=\"twitter:data1\" content=\"1 minute\" \/>\n<script type=\"application\/ld+json\" class=\"yoast-schema-graph\">{\"@context\":\"https:\/\/schema.org\",\"@graph\":[{\"@type\":\"WebPage\",\"@id\":\"https:\/\/georocfor.com\/fr\/contact\/\",\"url\":\"https:\/\/georocfor.com\/fr\/contact\/\",\"name\":\"Contact - GeoRocFor\",\"isPartOf\":{\"@id\":\"https:\/\/georocfor.com\/fr\/#website\"},\"primaryImageOfPage\":{\"@id\":\"https:\/\/georocfor.com\/fr\/contact\/#primaryimage\"},\"image\":{\"@id\":\"https:\/\/georocfor.com\/fr\/contact\/#primaryimage\"},\"thumbnailUrl\":\"https:\/\/georocfor.com\/wp-content\/uploads\/2026\/01\/georocfor_contact_1200x800.jpg\",\"datePublished\":\"2016-12-05T21:27:47+00:00\",\"dateModified\":\"2026-01-27T19:51:02+00:00\",\"description\":\"Contactez GeoRocFor pour obtenir des conseils techniques, de l\u2019information sur nos produits et des solutions de forage adapt\u00e9es \u00e0 vos projets.\",\"breadcrumb\":{\"@id\":\"https:\/\/georocfor.com\/fr\/contact\/#breadcrumb\"},\"inLanguage\":\"fr-CA\",\"potentialAction\":[{\"@type\":\"ReadAction\",\"target\":[\"https:\/\/georocfor.com\/fr\/contact\/\"]}]},{\"@type\":\"ImageObject\",\"inLanguage\":\"fr-CA\",\"@id\":\"https:\/\/georocfor.com\/fr\/contact\/#primaryimage\",\"url\":\"https:\/\/georocfor.com\/wp-content\/uploads\/2026\/01\/georocfor_contact_1200x800.jpg\",\"contentUrl\":\"https:\/\/georocfor.com\/wp-content\/uploads\/2026\/01\/georocfor_contact_1200x800.jpg\",\"width\":1200,\"height\":800,\"caption\":\"Chantier de construction de forage.\"},{\"@type\":\"BreadcrumbList\",\"@id\":\"https:\/\/georocfor.com\/fr\/contact\/#breadcrumb\",\"itemListElement\":[{\"@type\":\"ListItem\",\"position\":1,\"name\":\"Home\",\"item\":\"https:\/\/georocfor.com\/fr\/\"},{\"@type\":\"ListItem\",\"position\":2,\"name\":\"Contact\"}]},{\"@type\":\"WebSite\",\"@id\":\"https:\/\/georocfor.com\/fr\/#website\",\"url\":\"https:\/\/georocfor.com\/fr\/\",\"name\":\"GeoRocFor\",\"description\":\"\",\"publisher\":{\"@id\":\"https:\/\/georocfor.com\/fr\/#organization\"},\"potentialAction\":[{\"@type\":\"SearchAction\",\"target\":{\"@type\":\"EntryPoint\",\"urlTemplate\":\"https:\/\/georocfor.com\/fr\/?s={search_term_string}\"},\"query-input\":{\"@type\":\"PropertyValueSpecification\",\"valueRequired\":true,\"valueName\":\"search_term_string\"}}],\"inLanguage\":\"fr-CA\"},{\"@type\":\"Organization\",\"@id\":\"https:\/\/georocfor.com\/fr\/#organization\",\"name\":\"GeoRocFor\",\"url\":\"https:\/\/georocfor.com\/fr\/\",\"logo\":{\"@type\":\"ImageObject\",\"inLanguage\":\"fr-CA\",\"@id\":\"https:\/\/georocfor.com\/fr\/#\/schema\/logo\/image\/\",\"url\":\"https:\/\/georocfor.com\/wp-content\/uploads\/2024\/03\/georocfor_logo_457x64.png\",\"contentUrl\":\"https:\/\/georocfor.com\/wp-content\/uploads\/2024\/03\/georocfor_logo_457x64.png\",\"width\":457,\"height\":64,\"caption\":\"GeoRocFor\"},\"image\":{\"@id\":\"https:\/\/georocfor.com\/fr\/#\/schema\/logo\/image\/\"}}]}<\/script>\n<!-- \/ Yoast SEO plugin. -->","yoast_head_json":{"title":"Contact - GeoRocFor","description":"Contactez GeoRocFor pour obtenir des conseils techniques, de l\u2019information sur nos produits et des solutions de forage adapt\u00e9es \u00e0 vos projets.","robots":{"index":"index","follow":"follow","max-snippet":"max-snippet:-1","max-image-preview":"max-image-preview:large","max-video-preview":"max-video-preview:-1"},"canonical":"https:\/\/georocfor.com\/fr\/contact\/","og_locale":"fr_CA","og_type":"article","og_title":"Contact - GeoRocFor","og_description":"Contactez GeoRocFor pour obtenir des conseils techniques, de l\u2019information sur nos produits et des solutions de forage adapt\u00e9es \u00e0 vos projets.","og_url":"https:\/\/georocfor.com\/fr\/contact\/","og_site_name":"GeoRocFor","article_modified_time":"2026-01-27T19:51:02+00:00","og_image":[{"width":1200,"height":800,"url":"https:\/\/georocfor.com\/wp-content\/uploads\/2026\/01\/georocfor_contact_1200x800.jpg","type":"image\/jpeg"}],"twitter_card":"summary_large_image","twitter_misc":{"Estimation du temps de lecture":"1 minute"},"schema":{"@context":"https:\/\/schema.org","@graph":[{"@type":"WebPage","@id":"https:\/\/georocfor.com\/fr\/contact\/","url":"https:\/\/georocfor.com\/fr\/contact\/","name":"Contact - GeoRocFor","isPartOf":{"@id":"https:\/\/georocfor.com\/fr\/#website"},"primaryImageOfPage":{"@id":"https:\/\/georocfor.com\/fr\/contact\/#primaryimage"},"image":{"@id":"https:\/\/georocfor.com\/fr\/contact\/#primaryimage"},"thumbnailUrl":"https:\/\/georocfor.com\/wp-content\/uploads\/2026\/01\/georocfor_contact_1200x800.jpg","datePublished":"2016-12-05T21:27:47+00:00","dateModified":"2026-01-27T19:51:02+00:00","description":"Contactez GeoRocFor pour obtenir des conseils techniques, de l\u2019information sur nos produits et des solutions de forage adapt\u00e9es \u00e0 vos projets.","breadcrumb":{"@id":"https:\/\/georocfor.com\/fr\/contact\/#breadcrumb"},"inLanguage":"fr-CA","potentialAction":[{"@type":"ReadAction","target":["https:\/\/georocfor.com\/fr\/contact\/"]}]},{"@type":"ImageObject","inLanguage":"fr-CA","@id":"https:\/\/georocfor.com\/fr\/contact\/#primaryimage","url":"https:\/\/georocfor.com\/wp-content\/uploads\/2026\/01\/georocfor_contact_1200x800.jpg","contentUrl":"https:\/\/georocfor.com\/wp-content\/uploads\/2026\/01\/georocfor_contact_1200x800.jpg","width":1200,"height":800,"caption":"Chantier de construction de forage."},{"@type":"BreadcrumbList","@id":"https:\/\/georocfor.com\/fr\/contact\/#breadcrumb","itemListElement":[{"@type":"ListItem","position":1,"name":"Home","item":"https:\/\/georocfor.com\/fr\/"},{"@type":"ListItem","position":2,"name":"Contact"}]},{"@type":"WebSite","@id":"https:\/\/georocfor.com\/fr\/#website","url":"https:\/\/georocfor.com\/fr\/","name":"GeoRocFor","description":"","publisher":{"@id":"https:\/\/georocfor.com\/fr\/#organization"},"potentialAction":[{"@type":"SearchAction","target":{"@type":"EntryPoint","urlTemplate":"https:\/\/georocfor.com\/fr\/?s={search_term_string}"},"query-input":{"@type":"PropertyValueSpecification","valueRequired":true,"valueName":"search_term_string"}}],"inLanguage":"fr-CA"},{"@type":"Organization","@id":"https:\/\/georocfor.com\/fr\/#organization","name":"GeoRocFor","url":"https:\/\/georocfor.com\/fr\/","logo":{"@type":"ImageObject","inLanguage":"fr-CA","@id":"https:\/\/georocfor.com\/fr\/#\/schema\/logo\/image\/","url":"https:\/\/georocfor.com\/wp-content\/uploads\/2024\/03\/georocfor_logo_457x64.png","contentUrl":"https:\/\/georocfor.com\/wp-content\/uploads\/2024\/03\/georocfor_logo_457x64.png","width":457,"height":64,"caption":"GeoRocFor"},"image":{"@id":"https:\/\/georocfor.com\/fr\/#\/schema\/logo\/image\/"}}]}},"jetpack_sharing_enabled":true,"_links":{"self":[{"href":"https:\/\/georocfor.com\/fr\/wp-json\/wp\/v2\/pages\/995200","targetHints":{"allow":["GET"]}}],"collection":[{"href":"https:\/\/georocfor.com\/fr\/wp-json\/wp\/v2\/pages"}],"about":[{"href":"https:\/\/georocfor.com\/fr\/wp-json\/wp\/v2\/types\/page"}],"author":[{"embeddable":true,"href":"https:\/\/georocfor.com\/fr\/wp-json\/wp\/v2\/users\/1"}],"replies":[{"embeddable":true,"href":"https:\/\/georocfor.com\/fr\/wp-json\/wp\/v2\/comments?post=995200"}],"version-history":[{"count":5,"href":"https:\/\/georocfor.com\/fr\/wp-json\/wp\/v2\/pages\/995200\/revisions"}],"predecessor-version":[{"id":995779,"href":"https:\/\/georocfor.com\/fr\/wp-json\/wp\/v2\/pages\/995200\/revisions\/995779"}],"wp:featuredmedia":[{"embeddable":true,"href":"https:\/\/georocfor.com\/fr\/wp-json\/wp\/v2\/media\/995898"}],"wp:attachment":[{"href":"https:\/\/georocfor.com\/fr\/wp-json\/wp\/v2\/media?parent=995200"}],"curies":[{"name":"wp","href":"https:\/\/api.w.org\/{rel}","templated":true}]}}