{"id":995185,"date":"2024-01-31T12:04:05","date_gmt":"2024-01-31T17:04:05","guid":{"rendered":"https:\/\/georocfor.com\/produits\/tete-de-decharge\/xs-pneumatic-diverter\/"},"modified":"2026-01-27T16:50:04","modified_gmt":"2026-01-27T21:50:04","slug":"tete-de-decharge-pneumatique","status":"publish","type":"page","link":"https:\/\/georocfor.com\/fr\/produits\/tete-de-decharge\/tete-de-decharge-pneumatique\/","title":{"rendered":"T\u00eate de d\u00e9charge pneumatique"},"content":{"rendered":"<div class=\"vgblk-rw-wrapper limit-wrapper\">\r\n<h2>T\u00eate de d\u00e9charge<br \/><b>pneumatique<\/b><\/h2>\r\n<p><strong>La t\u00eate de d\u00e9charge pneumatique de G\u00e9orocfor est un d\u00e9viateu<\/strong>r fixe r\u00e9volutionnaire con\u00e7u pour am\u00e9liorer l&rsquo;efficacit\u00e9 de vos op\u00e9rations de forage. Ce d\u00e9viateur s&rsquo;adapte \u00e0 tous les types d&rsquo;installations de forage et offre une solution rapide et sans effort qui r\u00e9duit consid\u00e9rablement le temps de manipulation des tubages, ce qui se traduit par une productivit\u00e9 accrue.<\/p>\r\n<p>Le d\u00e9viateur s&rsquo;attache facilement \u00e0 la t\u00eate de rotation \u00e0 l&rsquo;aide de deux v\u00e9rins pneumatiques et se commande via une valve \u00e0 distance situ\u00e9e sur le panneau de contr\u00f4le. Gr\u00e2ce \u00e0 ce syst\u00e8me, l&rsquo;op\u00e9rateur a un contr\u00f4le total pour relever ou abaisser le d\u00e9viateur afin d&rsquo;exposer le haut du tube de forage, ou pour appliquer une pression vers le bas sur le tubage lorsque n\u00e9cessaire.<\/p>\r\n<p>L&rsquo;une des caract\u00e9ristiques cl\u00e9s de cette t\u00eate de d\u00e9charge pneumatique, c&rsquo;est que sa partie du bas a la capacit\u00e9 de tourner avec le tubage sur son roulement, assurant ainsi un fonctionnement fluide et minimisant la friction, au cas o\u00f9 le tubage tournerait. Cette conception permet un processus plus efficace et rationalis\u00e9, permettant \u00e0 votre \u00e9quipe de se concentrer sur l&rsquo;essentiel\u202f: accomplir le travail rapidement et en toute s\u00e9curit\u00e9.<\/p>\r\n<p><iframe loading=\"lazy\" title=\"Georocfor Pneumatic Air Diverter\" src=\"https:\/\/www.youtube.com\/embed\/vgdL_EQ4qLE?feature=oembed\" width=\"1260\" height=\"945\" frameborder=\"0\" allowfullscreen=\"allowfullscreen\"><\/iframe><\/p>\r\n<h2>Adaptable. <br \/><b>Efficace. Productif. <\/b><\/h2>\r\n<p><img loading=\"lazy\" decoding=\"async\" title=\"georocfor_xs-pneumatic-diverter_1200x1200\" src=\"https:\/\/georocfor.com\/wp-content\/uploads\/2025\/04\/georocfor_xs-pneumatic-diverter_1200x1200.jpg\" sizes=\"auto, (max-width: 768px) 100vw, 100vw\" srcset=\"https:\/\/georocfor.com\/wp-content\/uploads\/2025\/04\/georocfor_xs-pneumatic-diverter_1200x1200.jpg 1200w, https:\/\/georocfor.com\/wp-content\/uploads\/2025\/04\/georocfor_xs-pneumatic-diverter_1200x1200-315x315.jpg 315w, https:\/\/georocfor.com\/wp-content\/uploads\/2025\/04\/georocfor_xs-pneumatic-diverter_1200x1200-100x100.jpg 100w, https:\/\/georocfor.com\/wp-content\/uploads\/2025\/04\/georocfor_xs-pneumatic-diverter_1200x1200-630x630.jpg 630w, https:\/\/georocfor.com\/wp-content\/uploads\/2025\/04\/georocfor_xs-pneumatic-diverter_1200x1200-300x300.jpg 300w, https:\/\/georocfor.com\/wp-content\/uploads\/2025\/04\/georocfor_xs-pneumatic-diverter_1200x1200-1024x1024.jpg 1024w, https:\/\/georocfor.com\/wp-content\/uploads\/2025\/04\/georocfor_xs-pneumatic-diverter_1200x1200-150x150.jpg 150w, https:\/\/georocfor.com\/wp-content\/uploads\/2025\/04\/georocfor_xs-pneumatic-diverter_1200x1200-768x768.jpg 768w, https:\/\/georocfor.com\/wp-content\/uploads\/2025\/04\/georocfor_xs-pneumatic-diverter_1200x1200-420x420.jpg 420w, https:\/\/georocfor.com\/wp-content\/uploads\/2025\/04\/georocfor_xs-pneumatic-diverter_1200x1200-840x840.jpg 840w\" alt=\"georocfor_xs-pneumatic-diverter_1200x1200\" width=\"1200\" height=\"1200\" \/><\/p>\r\n<p>Le d\u00e9viateur pneumatique de G\u00e9orocfor est offert en plusieurs tailles afin de r\u00e9pondre \u00e0 diff\u00e9rents besoins, et il peut \u00e9galement s&rsquo;adapter \u00e0 4 ou 5 dimensions de tubages diff\u00e9rentes gr\u00e2ce \u00e0 l&rsquo;utilisation d&rsquo;adaptateurs. Cette flexibilit\u00e9 en fait une solution encore plus polyvalente pour un large \u00e9ventail d&rsquo;op\u00e9rations de forage, vous offrant un rendement optimal, moins d&rsquo;arr\u00eats et une productivit\u00e9 accrue.<\/p>\r\n<p>Le d\u00e9viateur pneumatique de G\u00e9orocfor est la solution id\u00e9ale pour optimiser vos op\u00e9rations de forage, r\u00e9duire les temps d&rsquo;arr\u00eat et am\u00e9liorer la productivit\u00e9 globale.<\/p>\r\n<h2>Nos <br \/><b>documents <\/b><\/h2>\r\n<h4><a title=\"Bo\u00eetier de commande\" href=\"https:\/\/georocfor.com\/wp-content\/uploads\/2025\/11\/Boite-de-Controle-Fr.pdf\" target=\"_blank\" rel=\"noopener\"> Bo\u00eetier de commande <\/a><\/h4>\r\n<p>Pi\u00e8ces pour le bo\u00eetier de commande.<\/p>\r\n<p><a role=\"button\" href=\"https:\/\/georocfor.com\/wp-content\/uploads\/2025\/11\/Boite-de-Controle-Fr.pdf\" target=\"_blank\" rel=\"noopener\"> En savoir plus <\/a><\/p>\r\n<h4><a title=\"Kit d'installation\" href=\"https:\/\/georocfor.com\/wp-content\/uploads\/2025\/11\/Drillin-with-xs-drill-FR.pdf\" target=\"_blank\" rel=\"noopener\"> Kit d&rsquo;installation <\/a><\/h4>\r\n<p>Kit d&rsquo;installation pour la mise en place du d\u00e9viateur.<\/p>\r\n<p><a role=\"button\" href=\"https:\/\/georocfor.com\/wp-content\/uploads\/2025\/11\/Drillin-with-xs-drill-FR.pdf\" target=\"_blank\" rel=\"noopener\"> En savoir plus <\/a><\/p>\r\n<h4><a title=\"Instructions d'installation\" href=\"https:\/\/georocfor.com\/wp-content\/uploads\/2025\/11\/Air-intruction-installation-Fr.pdf\" target=\"_blank\" rel=\"noopener\"> Instructions d&rsquo;installation <\/a><\/h4>\r\n<p>Comment installer le d\u00e9viateur complet.<\/p>\r\n<p><a role=\"button\" href=\"https:\/\/georocfor.com\/wp-content\/uploads\/2025\/11\/Air-intruction-installation-Fr.pdf\" target=\"_blank\" rel=\"noopener\"> En savoir plus <\/a><\/p>\r\n<h4><a title=\"Installation de l'air\" href=\"https:\/\/georocfor.com\/wp-content\/uploads\/2025\/11\/Air-installation-Fr.pdf\" target=\"_blank\" rel=\"noopener\"> Installation de l&rsquo;air <\/a><\/h4>\r\n<p>Consultez notre dessin.<\/p>\r\n<p><a role=\"button\" href=\"https:\/\/georocfor.com\/wp-content\/uploads\/2025\/11\/Air-installation-Fr.pdf\" target=\"_blank\" rel=\"noopener\"> En savoir plus <\/a><\/p>\r\n<h4><a title=\"Brochure\" href=\"https:\/\/georocfor.com\/wp-content\/uploads\/2025\/11\/Brochure-georocfor_dr_FR.pdf\" target=\"_blank\" rel=\"noopener\"> Brochure <\/a><\/h4>\r\n<p>Consultez notre brochure.<\/p>\r\n<p><a role=\"button\" href=\"https:\/\/georocfor.com\/wp-content\/uploads\/2025\/11\/Brochure-georocfor_dr_FR.pdf\" target=\"_blank\" rel=\"noopener\"> En savoir plus <\/a> <img loading=\"lazy\" decoding=\"async\" title=\"georocfor_xs-pneumatic-diverter-01_1200x800\" src=\"https:\/\/georocfor.com\/wp-content\/uploads\/2024\/04\/georocfor_xs-pneumatic-diverter-01_1200x800.jpg\" sizes=\"auto, (max-width: 768px) 100vw, 100vw\" srcset=\"https:\/\/georocfor.com\/wp-content\/uploads\/2024\/04\/georocfor_xs-pneumatic-diverter-01_1200x800.jpg 1200w, https:\/\/georocfor.com\/wp-content\/uploads\/2024\/04\/georocfor_xs-pneumatic-diverter-01_1200x800-630x420.jpg 630w, https:\/\/georocfor.com\/wp-content\/uploads\/2024\/04\/georocfor_xs-pneumatic-diverter-01_1200x800-300x200.jpg 300w, https:\/\/georocfor.com\/wp-content\/uploads\/2024\/04\/georocfor_xs-pneumatic-diverter-01_1200x800-1024x683.jpg 1024w, https:\/\/georocfor.com\/wp-content\/uploads\/2024\/04\/georocfor_xs-pneumatic-diverter-01_1200x800-768x512.jpg 768w, https:\/\/georocfor.com\/wp-content\/uploads\/2024\/04\/georocfor_xs-pneumatic-diverter-01_1200x800-420x280.jpg 420w, https:\/\/georocfor.com\/wp-content\/uploads\/2024\/04\/georocfor_xs-pneumatic-diverter-01_1200x800-840x560.jpg 840w, https:\/\/georocfor.com\/wp-content\/uploads\/2024\/04\/georocfor_xs-pneumatic-diverter-01_1200x800-315x210.jpg 315w\" alt=\"georocfor_xs-pneumatic-diverter-01_1200x800\" width=\"1200\" height=\"800\" \/> <img loading=\"lazy\" decoding=\"async\" title=\"georocfor_xs-pneumatic-diverter-02_1200x800\" src=\"https:\/\/georocfor.com\/wp-content\/uploads\/2024\/04\/georocfor_xs-pneumatic-diverter-02_1200x800.jpg\" sizes=\"auto, (max-width: 768px) 100vw, 100vw\" srcset=\"https:\/\/georocfor.com\/wp-content\/uploads\/2024\/04\/georocfor_xs-pneumatic-diverter-02_1200x800.jpg 1200w, https:\/\/georocfor.com\/wp-content\/uploads\/2024\/04\/georocfor_xs-pneumatic-diverter-02_1200x800-630x420.jpg 630w, https:\/\/georocfor.com\/wp-content\/uploads\/2024\/04\/georocfor_xs-pneumatic-diverter-02_1200x800-300x200.jpg 300w, https:\/\/georocfor.com\/wp-content\/uploads\/2024\/04\/georocfor_xs-pneumatic-diverter-02_1200x800-1024x683.jpg 1024w, https:\/\/georocfor.com\/wp-content\/uploads\/2024\/04\/georocfor_xs-pneumatic-diverter-02_1200x800-768x512.jpg 768w, https:\/\/georocfor.com\/wp-content\/uploads\/2024\/04\/georocfor_xs-pneumatic-diverter-02_1200x800-420x280.jpg 420w, https:\/\/georocfor.com\/wp-content\/uploads\/2024\/04\/georocfor_xs-pneumatic-diverter-02_1200x800-840x560.jpg 840w, https:\/\/georocfor.com\/wp-content\/uploads\/2024\/04\/georocfor_xs-pneumatic-diverter-02_1200x800-315x210.jpg 315w\" alt=\"georocfor_xs-pneumatic-diverter-02_1200x800\" width=\"1200\" height=\"800\" \/> <img loading=\"lazy\" decoding=\"async\" title=\"georocfor_xs-pneumatic-diverter-03_1200x800\" src=\"https:\/\/georocfor.com\/wp-content\/uploads\/2024\/04\/georocfor_xs-pneumatic-diverter-03_1200x800.jpg\" sizes=\"auto, (max-width: 768px) 100vw, 100vw\" srcset=\"https:\/\/georocfor.com\/wp-content\/uploads\/2024\/04\/georocfor_xs-pneumatic-diverter-03_1200x800.jpg 1200w, https:\/\/georocfor.com\/wp-content\/uploads\/2024\/04\/georocfor_xs-pneumatic-diverter-03_1200x800-630x420.jpg 630w, https:\/\/georocfor.com\/wp-content\/uploads\/2024\/04\/georocfor_xs-pneumatic-diverter-03_1200x800-300x200.jpg 300w, https:\/\/georocfor.com\/wp-content\/uploads\/2024\/04\/georocfor_xs-pneumatic-diverter-03_1200x800-1024x683.jpg 1024w, https:\/\/georocfor.com\/wp-content\/uploads\/2024\/04\/georocfor_xs-pneumatic-diverter-03_1200x800-768x512.jpg 768w, https:\/\/georocfor.com\/wp-content\/uploads\/2024\/04\/georocfor_xs-pneumatic-diverter-03_1200x800-420x280.jpg 420w, https:\/\/georocfor.com\/wp-content\/uploads\/2024\/04\/georocfor_xs-pneumatic-diverter-03_1200x800-840x560.jpg 840w, https:\/\/georocfor.com\/wp-content\/uploads\/2024\/04\/georocfor_xs-pneumatic-diverter-03_1200x800-315x210.jpg 315w\" alt=\"georocfor_xs-pneumatic-diverter-03_1200x800\" width=\"1200\" height=\"800\" \/><\/p>\r\n<\/div><!-- .vgblk-rw-wrapper -->","protected":false},"excerpt":{"rendered":"<p>T\u00eate de d\u00e9chargepneumatique La t\u00eate de d\u00e9charge pneumatique de G\u00e9orocfor est un d\u00e9viateur fixe r\u00e9volutionnaire con\u00e7u pour am\u00e9liorer l&rsquo;efficacit\u00e9 de vos op\u00e9rations de forage. Ce d\u00e9viateur s&rsquo;adapte \u00e0 tous les types d&rsquo;installations de forage et offre une solution rapide et sans effort qui r\u00e9duit consid\u00e9rablement le temps de manipulation des tubages, ce qui se traduit&#8230;<\/p>\n","protected":false},"author":1,"featured_media":992234,"parent":995049,"menu_order":0,"comment_status":"closed","ping_status":"closed","template":"","meta":{"_acf_changed":false,"inline_featured_image":false,"_monsterinsights_skip_tracking":false,"_monsterinsights_sitenote_active":false,"_monsterinsights_sitenote_note":"","_monsterinsights_sitenote_category":0,"footnotes":""},"class_list":["post-995185","page","type-page","status-publish","has-post-thumbnail","hentry"],"acf":[],"yoast_head":"<!-- This site is optimized with the Yoast SEO plugin v26.8 - https:\/\/yoast.com\/product\/yoast-seo-wordpress\/ -->\n<title>T\u00eate de d\u00e9charge pneumatique - GeoRocFor<\/title>\n<meta name=\"description\" content=\"T\u00eate de d\u00e9charge pneumatique GeoRocFor : puissance d\u2019\u00e9vacuation et efficacit\u00e9 durable pour vos op\u00e9rations de forage et travaux g\u00e9otechniques.\" \/>\n<meta name=\"robots\" content=\"index, follow, max-snippet:-1, max-image-preview:large, max-video-preview:-1\" \/>\n<link rel=\"canonical\" href=\"https:\/\/georocfor.com\/fr\/produits\/tete-de-decharge\/tete-de-decharge-pneumatique\/\" \/>\n<meta property=\"og:locale\" content=\"fr_CA\" \/>\n<meta property=\"og:type\" content=\"article\" \/>\n<meta property=\"og:title\" content=\"T\u00eate de d\u00e9charge pneumatique - GeoRocFor\" \/>\n<meta property=\"og:description\" content=\"T\u00eate de d\u00e9charge pneumatique GeoRocFor : puissance d\u2019\u00e9vacuation et efficacit\u00e9 durable pour vos op\u00e9rations de forage et travaux g\u00e9otechniques.\" \/>\n<meta property=\"og:url\" content=\"https:\/\/georocfor.com\/fr\/produits\/tete-de-decharge\/tete-de-decharge-pneumatique\/\" \/>\n<meta property=\"og:site_name\" content=\"GeoRocFor\" \/>\n<meta property=\"article:modified_time\" content=\"2026-01-27T21:50:04+00:00\" \/>\n<meta property=\"og:image\" content=\"https:\/\/georocfor.com\/wp-content\/uploads\/2024\/04\/georocfor_xs-pneumatic-diverter-01_1200x800.jpg\" \/>\n\t<meta property=\"og:image:width\" content=\"1200\" \/>\n\t<meta property=\"og:image:height\" content=\"800\" \/>\n\t<meta property=\"og:image:type\" content=\"image\/jpeg\" \/>\n<meta name=\"twitter:card\" content=\"summary_large_image\" \/>\n<meta name=\"twitter:label1\" content=\"Estimation du temps de lecture\" \/>\n\t<meta name=\"twitter:data1\" content=\"3 minutes\" \/>\n<script type=\"application\/ld+json\" class=\"yoast-schema-graph\">{\"@context\":\"https:\/\/schema.org\",\"@graph\":[{\"@type\":\"WebPage\",\"@id\":\"https:\/\/georocfor.com\/fr\/produits\/tete-de-decharge\/tete-de-decharge-pneumatique\/\",\"url\":\"https:\/\/georocfor.com\/fr\/produits\/tete-de-decharge\/tete-de-decharge-pneumatique\/\",\"name\":\"T\u00eate de d\u00e9charge pneumatique - GeoRocFor\",\"isPartOf\":{\"@id\":\"https:\/\/georocfor.com\/fr\/#website\"},\"primaryImageOfPage\":{\"@id\":\"https:\/\/georocfor.com\/fr\/produits\/tete-de-decharge\/tete-de-decharge-pneumatique\/#primaryimage\"},\"image\":{\"@id\":\"https:\/\/georocfor.com\/fr\/produits\/tete-de-decharge\/tete-de-decharge-pneumatique\/#primaryimage\"},\"thumbnailUrl\":\"https:\/\/georocfor.com\/wp-content\/uploads\/2024\/04\/georocfor_xs-pneumatic-diverter-01_1200x800.jpg\",\"datePublished\":\"2024-01-31T17:04:05+00:00\",\"dateModified\":\"2026-01-27T21:50:04+00:00\",\"description\":\"T\u00eate de d\u00e9charge pneumatique GeoRocFor : puissance d\u2019\u00e9vacuation et efficacit\u00e9 durable pour vos op\u00e9rations de forage et travaux g\u00e9otechniques.\",\"breadcrumb\":{\"@id\":\"https:\/\/georocfor.com\/fr\/produits\/tete-de-decharge\/tete-de-decharge-pneumatique\/#breadcrumb\"},\"inLanguage\":\"fr-CA\",\"potentialAction\":[{\"@type\":\"ReadAction\",\"target\":[\"https:\/\/georocfor.com\/fr\/produits\/tete-de-decharge\/tete-de-decharge-pneumatique\/\"]}]},{\"@type\":\"ImageObject\",\"inLanguage\":\"fr-CA\",\"@id\":\"https:\/\/georocfor.com\/fr\/produits\/tete-de-decharge\/tete-de-decharge-pneumatique\/#primaryimage\",\"url\":\"https:\/\/georocfor.com\/wp-content\/uploads\/2024\/04\/georocfor_xs-pneumatic-diverter-01_1200x800.jpg\",\"contentUrl\":\"https:\/\/georocfor.com\/wp-content\/uploads\/2024\/04\/georocfor_xs-pneumatic-diverter-01_1200x800.jpg\",\"width\":1200,\"height\":800,\"caption\":\"T\u00eate de d\u00e9charge pneumatique\"},{\"@type\":\"BreadcrumbList\",\"@id\":\"https:\/\/georocfor.com\/fr\/produits\/tete-de-decharge\/tete-de-decharge-pneumatique\/#breadcrumb\",\"itemListElement\":[{\"@type\":\"ListItem\",\"position\":1,\"name\":\"Home\",\"item\":\"https:\/\/georocfor.com\/fr\/\"},{\"@type\":\"ListItem\",\"position\":2,\"name\":\"Produits\",\"item\":\"https:\/\/georocfor.com\/fr\/produits\/\"},{\"@type\":\"ListItem\",\"position\":3,\"name\":\"T\u00eate de d\u00e9charge\",\"item\":\"https:\/\/georocfor.com\/fr\/produits\/tete-de-decharge\/\"},{\"@type\":\"ListItem\",\"position\":4,\"name\":\"T\u00eate de d\u00e9charge pneumatique\"}]},{\"@type\":\"WebSite\",\"@id\":\"https:\/\/georocfor.com\/fr\/#website\",\"url\":\"https:\/\/georocfor.com\/fr\/\",\"name\":\"GeoRocFor\",\"description\":\"\",\"publisher\":{\"@id\":\"https:\/\/georocfor.com\/fr\/#organization\"},\"potentialAction\":[{\"@type\":\"SearchAction\",\"target\":{\"@type\":\"EntryPoint\",\"urlTemplate\":\"https:\/\/georocfor.com\/fr\/?s={search_term_string}\"},\"query-input\":{\"@type\":\"PropertyValueSpecification\",\"valueRequired\":true,\"valueName\":\"search_term_string\"}}],\"inLanguage\":\"fr-CA\"},{\"@type\":\"Organization\",\"@id\":\"https:\/\/georocfor.com\/fr\/#organization\",\"name\":\"GeoRocFor\",\"url\":\"https:\/\/georocfor.com\/fr\/\",\"logo\":{\"@type\":\"ImageObject\",\"inLanguage\":\"fr-CA\",\"@id\":\"https:\/\/georocfor.com\/fr\/#\/schema\/logo\/image\/\",\"url\":\"https:\/\/georocfor.com\/wp-content\/uploads\/2024\/03\/georocfor_logo_457x64.png\",\"contentUrl\":\"https:\/\/georocfor.com\/wp-content\/uploads\/2024\/03\/georocfor_logo_457x64.png\",\"width\":457,\"height\":64,\"caption\":\"GeoRocFor\"},\"image\":{\"@id\":\"https:\/\/georocfor.com\/fr\/#\/schema\/logo\/image\/\"}}]}<\/script>\n<!-- \/ Yoast SEO plugin. -->","yoast_head_json":{"title":"T\u00eate de d\u00e9charge pneumatique - GeoRocFor","description":"T\u00eate de d\u00e9charge pneumatique GeoRocFor : puissance d\u2019\u00e9vacuation et efficacit\u00e9 durable pour vos op\u00e9rations de forage et travaux g\u00e9otechniques.","robots":{"index":"index","follow":"follow","max-snippet":"max-snippet:-1","max-image-preview":"max-image-preview:large","max-video-preview":"max-video-preview:-1"},"canonical":"https:\/\/georocfor.com\/fr\/produits\/tete-de-decharge\/tete-de-decharge-pneumatique\/","og_locale":"fr_CA","og_type":"article","og_title":"T\u00eate de d\u00e9charge pneumatique - GeoRocFor","og_description":"T\u00eate de d\u00e9charge pneumatique GeoRocFor : puissance d\u2019\u00e9vacuation et efficacit\u00e9 durable pour vos op\u00e9rations de forage et travaux g\u00e9otechniques.","og_url":"https:\/\/georocfor.com\/fr\/produits\/tete-de-decharge\/tete-de-decharge-pneumatique\/","og_site_name":"GeoRocFor","article_modified_time":"2026-01-27T21:50:04+00:00","og_image":[{"width":1200,"height":800,"url":"https:\/\/georocfor.com\/wp-content\/uploads\/2024\/04\/georocfor_xs-pneumatic-diverter-01_1200x800.jpg","type":"image\/jpeg"}],"twitter_card":"summary_large_image","twitter_misc":{"Estimation du temps de lecture":"3 minutes"},"schema":{"@context":"https:\/\/schema.org","@graph":[{"@type":"WebPage","@id":"https:\/\/georocfor.com\/fr\/produits\/tete-de-decharge\/tete-de-decharge-pneumatique\/","url":"https:\/\/georocfor.com\/fr\/produits\/tete-de-decharge\/tete-de-decharge-pneumatique\/","name":"T\u00eate de d\u00e9charge pneumatique - GeoRocFor","isPartOf":{"@id":"https:\/\/georocfor.com\/fr\/#website"},"primaryImageOfPage":{"@id":"https:\/\/georocfor.com\/fr\/produits\/tete-de-decharge\/tete-de-decharge-pneumatique\/#primaryimage"},"image":{"@id":"https:\/\/georocfor.com\/fr\/produits\/tete-de-decharge\/tete-de-decharge-pneumatique\/#primaryimage"},"thumbnailUrl":"https:\/\/georocfor.com\/wp-content\/uploads\/2024\/04\/georocfor_xs-pneumatic-diverter-01_1200x800.jpg","datePublished":"2024-01-31T17:04:05+00:00","dateModified":"2026-01-27T21:50:04+00:00","description":"T\u00eate de d\u00e9charge pneumatique GeoRocFor : puissance d\u2019\u00e9vacuation et efficacit\u00e9 durable pour vos op\u00e9rations de forage et travaux g\u00e9otechniques.","breadcrumb":{"@id":"https:\/\/georocfor.com\/fr\/produits\/tete-de-decharge\/tete-de-decharge-pneumatique\/#breadcrumb"},"inLanguage":"fr-CA","potentialAction":[{"@type":"ReadAction","target":["https:\/\/georocfor.com\/fr\/produits\/tete-de-decharge\/tete-de-decharge-pneumatique\/"]}]},{"@type":"ImageObject","inLanguage":"fr-CA","@id":"https:\/\/georocfor.com\/fr\/produits\/tete-de-decharge\/tete-de-decharge-pneumatique\/#primaryimage","url":"https:\/\/georocfor.com\/wp-content\/uploads\/2024\/04\/georocfor_xs-pneumatic-diverter-01_1200x800.jpg","contentUrl":"https:\/\/georocfor.com\/wp-content\/uploads\/2024\/04\/georocfor_xs-pneumatic-diverter-01_1200x800.jpg","width":1200,"height":800,"caption":"T\u00eate de d\u00e9charge pneumatique"},{"@type":"BreadcrumbList","@id":"https:\/\/georocfor.com\/fr\/produits\/tete-de-decharge\/tete-de-decharge-pneumatique\/#breadcrumb","itemListElement":[{"@type":"ListItem","position":1,"name":"Home","item":"https:\/\/georocfor.com\/fr\/"},{"@type":"ListItem","position":2,"name":"Produits","item":"https:\/\/georocfor.com\/fr\/produits\/"},{"@type":"ListItem","position":3,"name":"T\u00eate de d\u00e9charge","item":"https:\/\/georocfor.com\/fr\/produits\/tete-de-decharge\/"},{"@type":"ListItem","position":4,"name":"T\u00eate de d\u00e9charge pneumatique"}]},{"@type":"WebSite","@id":"https:\/\/georocfor.com\/fr\/#website","url":"https:\/\/georocfor.com\/fr\/","name":"GeoRocFor","description":"","publisher":{"@id":"https:\/\/georocfor.com\/fr\/#organization"},"potentialAction":[{"@type":"SearchAction","target":{"@type":"EntryPoint","urlTemplate":"https:\/\/georocfor.com\/fr\/?s={search_term_string}"},"query-input":{"@type":"PropertyValueSpecification","valueRequired":true,"valueName":"search_term_string"}}],"inLanguage":"fr-CA"},{"@type":"Organization","@id":"https:\/\/georocfor.com\/fr\/#organization","name":"GeoRocFor","url":"https:\/\/georocfor.com\/fr\/","logo":{"@type":"ImageObject","inLanguage":"fr-CA","@id":"https:\/\/georocfor.com\/fr\/#\/schema\/logo\/image\/","url":"https:\/\/georocfor.com\/wp-content\/uploads\/2024\/03\/georocfor_logo_457x64.png","contentUrl":"https:\/\/georocfor.com\/wp-content\/uploads\/2024\/03\/georocfor_logo_457x64.png","width":457,"height":64,"caption":"GeoRocFor"},"image":{"@id":"https:\/\/georocfor.com\/fr\/#\/schema\/logo\/image\/"}}]}},"jetpack_sharing_enabled":false,"_links":{"self":[{"href":"https:\/\/georocfor.com\/fr\/wp-json\/wp\/v2\/pages\/995185","targetHints":{"allow":["GET"]}}],"collection":[{"href":"https:\/\/georocfor.com\/fr\/wp-json\/wp\/v2\/pages"}],"about":[{"href":"https:\/\/georocfor.com\/fr\/wp-json\/wp\/v2\/types\/page"}],"author":[{"embeddable":true,"href":"https:\/\/georocfor.com\/fr\/wp-json\/wp\/v2\/users\/1"}],"replies":[{"embeddable":true,"href":"https:\/\/georocfor.com\/fr\/wp-json\/wp\/v2\/comments?post=995185"}],"version-history":[{"count":8,"href":"https:\/\/georocfor.com\/fr\/wp-json\/wp\/v2\/pages\/995185\/revisions"}],"predecessor-version":[{"id":995796,"href":"https:\/\/georocfor.com\/fr\/wp-json\/wp\/v2\/pages\/995185\/revisions\/995796"}],"up":[{"embeddable":true,"href":"https:\/\/georocfor.com\/fr\/wp-json\/wp\/v2\/pages\/995049"}],"wp:featuredmedia":[{"embeddable":true,"href":"https:\/\/georocfor.com\/fr\/wp-json\/wp\/v2\/media\/992234"}],"wp:attachment":[{"href":"https:\/\/georocfor.com\/fr\/wp-json\/wp\/v2\/media?parent=995185"}],"curies":[{"name":"wp","href":"https:\/\/api.w.org\/{rel}","templated":true}]}}