{"id":995183,"date":"2024-03-27T13:25:49","date_gmt":"2024-03-27T17:25:49","guid":{"rendered":"https:\/\/georocfor.com\/produits\/systemes-de-tubage-a-lavancement\/xs-w-system\/xs-w-5500-139-7mm-a-9625-244-5mm\/"},"modified":"2026-01-28T07:59:32","modified_gmt":"2026-01-28T12:59:32","slug":"xs-w-5500-139-7mm-a-9625-244-5mm","status":"publish","type":"page","link":"https:\/\/georocfor.com\/fr\/produits\/systemes-de-tubage-a-lavancement\/systeme-xs-w-system\/xs-w-5500-139-7mm-a-9625-244-5mm\/","title":{"rendered":"Xs W 5,500\u2033 \/ 139.7mm  \u00e0  9,625\u2033 \/ 244.5mm"},"content":{"rendered":"<div class=\"vgblk-rw-wrapper limit-wrapper\">\r\n<h2>Produits <br \/><b>Xs W<\/b><\/h2>\r\n<div id=\"product-3d-image\"><!--data-speed=\"2\" data-delay=\"1\"--><img loading=\"lazy\" decoding=\"async\" src=\"https:\/\/georocfor.com\/wp-content\/uploads\/2024\/04\/XS-W-6.625-Rot-3D-0000-1.jpg\" width=\"640\" height=\"640\" class=\"reel image-3d\" data-images=\"https:\/\/georocfor.com\/wp-content\/uploads\/2024\/04\/XS-W-6.625-Rot-3D-0000-1.jpg,https:\/\/georocfor.com\/wp-content\/uploads\/2024\/04\/XS-W-6.625-Rot-3D-0041-1.jpg,https:\/\/georocfor.com\/wp-content\/uploads\/2024\/04\/XS-W-6.625-Rot-3D-0040-1.jpg,https:\/\/georocfor.com\/wp-content\/uploads\/2024\/04\/XS-W-6.625-Rot-3D-0039-1.jpg,https:\/\/georocfor.com\/wp-content\/uploads\/2024\/04\/XS-W-6.625-Rot-3D-0038-1.jpg,https:\/\/georocfor.com\/wp-content\/uploads\/2024\/04\/XS-W-6.625-Rot-3D-0037-1.jpg,https:\/\/georocfor.com\/wp-content\/uploads\/2024\/04\/XS-W-6.625-Rot-3D-0036-1.jpg,https:\/\/georocfor.com\/wp-content\/uploads\/2024\/04\/XS-W-6.625-Rot-3D-0035-1.jpg,https:\/\/georocfor.com\/wp-content\/uploads\/2024\/04\/XS-W-6.625-Rot-3D-0034-1.jpg,https:\/\/georocfor.com\/wp-content\/uploads\/2024\/04\/XS-W-6.625-Rot-3D-0033-1.jpg,https:\/\/georocfor.com\/wp-content\/uploads\/2024\/04\/XS-W-6.625-Rot-3D-0032-1.jpg,https:\/\/georocfor.com\/wp-content\/uploads\/2024\/04\/XS-W-6.625-Rot-3D-0031-1.jpg,https:\/\/georocfor.com\/wp-content\/uploads\/2024\/04\/XS-W-6.625-Rot-3D-0030-1.jpg,https:\/\/georocfor.com\/wp-content\/uploads\/2024\/04\/XS-W-6.625-Rot-3D-0029-1.jpg,https:\/\/georocfor.com\/wp-content\/uploads\/2024\/04\/XS-W-6.625-Rot-3D-0028-1.jpg,https:\/\/georocfor.com\/wp-content\/uploads\/2024\/04\/XS-W-6.625-Rot-3D-0027-1.jpg,https:\/\/georocfor.com\/wp-content\/uploads\/2024\/04\/XS-W-6.625-Rot-3D-0026-1.jpg,https:\/\/georocfor.com\/wp-content\/uploads\/2024\/04\/XS-W-6.625-Rot-3D-0025-1.jpg,https:\/\/georocfor.com\/wp-content\/uploads\/2024\/04\/XS-W-6.625-Rot-3D-0024-1.jpg,https:\/\/georocfor.com\/wp-content\/uploads\/2024\/04\/XS-W-6.625-Rot-3D-0023-1.jpg,https:\/\/georocfor.com\/wp-content\/uploads\/2024\/04\/XS-W-6.625-Rot-3D-0022-1.jpg,https:\/\/georocfor.com\/wp-content\/uploads\/2024\/04\/XS-W-6.625-Rot-3D-0021-1.jpg,https:\/\/georocfor.com\/wp-content\/uploads\/2024\/04\/XS-W-6.625-Rot-3D-0020-1.jpg,https:\/\/georocfor.com\/wp-content\/uploads\/2024\/04\/XS-W-6.625-Rot-3D-0019-1.jpg,https:\/\/georocfor.com\/wp-content\/uploads\/2024\/04\/XS-W-6.625-Rot-3D-0018-1.jpg,https:\/\/georocfor.com\/wp-content\/uploads\/2024\/04\/XS-W-6.625-Rot-3D-0017-1.jpg,https:\/\/georocfor.com\/wp-content\/uploads\/2024\/04\/XS-W-6.625-Rot-3D-0016-1.jpg,https:\/\/georocfor.com\/wp-content\/uploads\/2024\/04\/XS-W-6.625-Rot-3D-0015-1.jpg,https:\/\/georocfor.com\/wp-content\/uploads\/2024\/04\/XS-W-6.625-Rot-3D-0014-1.jpg,https:\/\/georocfor.com\/wp-content\/uploads\/2024\/04\/XS-W-6.625-Rot-3D-0013-1.jpg,https:\/\/georocfor.com\/wp-content\/uploads\/2024\/04\/XS-W-6.625-Rot-3D-0012-1.jpg,https:\/\/georocfor.com\/wp-content\/uploads\/2024\/04\/XS-W-6.625-Rot-3D-0011-1.jpg,https:\/\/georocfor.com\/wp-content\/uploads\/2024\/04\/XS-W-6.625-Rot-3D-0010-1.jpg,https:\/\/georocfor.com\/wp-content\/uploads\/2024\/04\/XS-W-6.625-Rot-3D-0009-1.jpg,https:\/\/georocfor.com\/wp-content\/uploads\/2024\/04\/XS-W-6.625-Rot-3D-0008-1.jpg,https:\/\/georocfor.com\/wp-content\/uploads\/2024\/04\/XS-W-6.625-Rot-3D-0007-1.jpg,https:\/\/georocfor.com\/wp-content\/uploads\/2024\/04\/XS-W-6.625-Rot-3D-0006-1.jpg,https:\/\/georocfor.com\/wp-content\/uploads\/2024\/04\/XS-W-6.625-Rot-3D-0005-1.jpg,https:\/\/georocfor.com\/wp-content\/uploads\/2024\/04\/XS-W-6.625-Rot-3D-0004-1.jpg,https:\/\/georocfor.com\/wp-content\/uploads\/2024\/04\/XS-W-6.625-Rot-3D-0003-1.jpg,https:\/\/georocfor.com\/wp-content\/uploads\/2024\/04\/XS-W-6.625-Rot-3D-0002-1.jpg,https:\/\/georocfor.com\/wp-content\/uploads\/2024\/04\/XS-W-6.625-Rot-3D-0001-1.jpg\" \/><\/div>\r\n<p>L&rsquo;utilisation de ce syst\u00e8me \u00e9prouv\u00e9 peut s&rsquo;av\u00e9rer relativement \u00e9conomique lors du forage de trous peu profonds dans des sols meubles.<\/p>\r\n<p>Les ailes se d\u00e9ploient d\u00e8s que la rotation est engag\u00e9e, forant un diam\u00e8tre suffisamment grand pour que le tubage puisse passer dans le trou avec assez de d\u00e9gagement.<\/p>\r\n<h2>Donn\u00e9es<br \/><b>techniques <\/b><\/h2>\r\n<p><img loading=\"lazy\" decoding=\"async\" title=\"georocfor_xs-w-mesures_1200x800\" src=\"https:\/\/georocfor.com\/wp-content\/uploads\/2024\/04\/georocfor_xs-w-mesures_1200x800-630x354.jpg\" sizes=\"auto, (max-width: 768px) 100vw, 100vw\" srcset=\"https:\/\/georocfor.com\/wp-content\/uploads\/2024\/04\/georocfor_xs-w-mesures_1200x800-630x354.jpg 630w, https:\/\/georocfor.com\/wp-content\/uploads\/2024\/04\/georocfor_xs-w-mesures_1200x800-300x169.jpg 300w, https:\/\/georocfor.com\/wp-content\/uploads\/2024\/04\/georocfor_xs-w-mesures_1200x800-768x432.jpg 768w, https:\/\/georocfor.com\/wp-content\/uploads\/2024\/04\/georocfor_xs-w-mesures_1200x800-420x236.jpg 420w, https:\/\/georocfor.com\/wp-content\/uploads\/2024\/04\/georocfor_xs-w-mesures_1200x800-840x473.jpg 840w, https:\/\/georocfor.com\/wp-content\/uploads\/2024\/04\/georocfor_xs-w-mesures_1200x800-315x177.jpg 315w, https:\/\/georocfor.com\/wp-content\/uploads\/2024\/04\/georocfor_xs-w-mesures_1200x800.jpg 1024w\" alt=\"georocfor_xs-w-mesures_1200x800\" width=\"630\" height=\"354\" \/> Mesures du syst\u00e8me Xs W 5,500\u2033 \/ 139.7mm<\/p>\r\n<h3>Donn\u00e9es techniques<\/h3>\r\n<table>\r\n<tbody>\r\n<tr>\r\n<td>Diam\u00e8tre ext\u00e9rieur du tube<\/td>\r\n<td>5,500&Prime;<\/td>\r\n<td>139.7mm<\/td>\r\n<\/tr>\r\n<tr>\r\n<td>Mur maximum<\/td>\r\n<td>0,275&Prime;<\/td>\r\n<td>7mm<\/td>\r\n<\/tr>\r\n<tr>\r\n<td>Diam\u00e8tre ailettes ouvertes<\/td>\r\n<td>6,000&Prime;<\/td>\r\n<td>152.4mm<\/td>\r\n<\/tr>\r\n<tr>\r\n<td>Diam\u00e8tre ailettes ferm\u00e9es<\/td>\r\n<td>4,490&Prime;<\/td>\r\n<td>114mm<\/td>\r\n<\/tr>\r\n<tr>\r\n<td>Diam\u00e8tre du taillant<\/td>\r\n<td>4,920&Prime;<\/td>\r\n<td>125mm<\/td>\r\n<\/tr>\r\n<tr>\r\n<td>Diam\u00e8tre int\u00e9rieur du sabot<\/td>\r\n<td>4,580&Prime;<\/td>\r\n<td>116.3mm<\/td>\r\n<\/tr>\r\n<tr>\r\n<td>Marteau<\/td>\r\n<td>4&Prime;<\/td>\r\n<td>101.6mm<\/td>\r\n<\/tr>\r\n<\/tbody>\r\n<\/table>\r\n<h3>Num\u00e9ro de produit<\/h3>\r\n<table>\r\n<tbody>\r\n<tr>\r\n<td>Sabot<\/td>\r\n<td>SSO-XSW114-5.5X***<\/td>\r\n<\/tr>\r\n<tr>\r\n<td>Ensemble complet<\/td>\r\n<td>XS-W-K5.5\/114\/***<\/td>\r\n<\/tr>\r\n<tr>\r\n<td>Ailettes de remplacement<\/td>\r\n<td>XS-W-W5.5<\/td>\r\n<\/tr>\r\n<tr>\r\n<td>Taillant d&rsquo;entrainement seul<\/td>\r\n<td>XS-W-DR5.5\/114\/***<\/td>\r\n<\/tr>\r\n<tr>\r\n<td>Ensemble de barrures<\/td>\r\n<td>XS-W-P5.5<\/td>\r\n<\/tr>\r\n<\/tbody>\r\n<\/table>\r\n<p>Mesures du syst\u00e8me Xs W 6,625\u2033 \/ 168.3mm<\/p>\r\n<h3>Donn\u00e9es techniques<\/h3>\r\n<table>\r\n<tbody>\r\n<tr>\r\n<td>Diam\u00e8tre ext\u00e9rieur du tube<\/td>\r\n<td>6,625&Prime;<\/td>\r\n<td>168.3mm<\/td>\r\n<\/tr>\r\n<tr>\r\n<td>Mur maximum<\/td>\r\n<td>0,295&Prime;<\/td>\r\n<td>7.5mm<\/td>\r\n<\/tr>\r\n<tr>\r\n<td>Diam\u00e8tre ailettes ouvertes<\/td>\r\n<td>7,250&Prime;<\/td>\r\n<td>184.2mm<\/td>\r\n<\/tr>\r\n<tr>\r\n<td>Diam\u00e8tre ailettes ferm\u00e9es<\/td>\r\n<td>5,530&Prime;<\/td>\r\n<td>140.5mm<\/td>\r\n<\/tr>\r\n<tr>\r\n<td>Diam\u00e8tre du taillant<\/td>\r\n<td>5,970&Prime;<\/td>\r\n<td>151.6mm<\/td>\r\n<\/tr>\r\n<tr>\r\n<td>Diam\u00e8tre int\u00e9rieur du sabot<\/td>\r\n<td>5,660&Prime;<\/td>\r\n<td>143.8mm<\/td>\r\n<\/tr>\r\n<tr>\r\n<td>Marteau<\/td>\r\n<td>5&Prime;<\/td>\r\n<td>127mm<\/td>\r\n<\/tr>\r\n<\/tbody>\r\n<\/table>\r\n<h3>Num\u00e9ro de produit<\/h3>\r\n<table>\r\n<tbody>\r\n<tr>\r\n<td>Sabot<\/td>\r\n<td>SSO-XSW142-6.6X***<\/td>\r\n<\/tr>\r\n<tr>\r\n<td>Ensemble complet<\/td>\r\n<td>XS-W-K6.6\/142\/***<\/td>\r\n<\/tr>\r\n<tr>\r\n<td>Ailettes de remplacement<\/td>\r\n<td>XS-W-W6.6<\/td>\r\n<\/tr>\r\n<tr>\r\n<td>Taillant d&rsquo;entrainement seul<\/td>\r\n<td>XS-W-DR6.6\/142\/***<\/td>\r\n<\/tr>\r\n<tr>\r\n<td>Ensemble de barrures<\/td>\r\n<td>XS-W-P6.6<\/td>\r\n<\/tr>\r\n<\/tbody>\r\n<\/table>\r\n<p>Mesures du syst\u00e8me Xs W 8,625\u2033 \/ 219mm<\/p>\r\n<h3>Donn\u00e9es techniques<\/h3>\r\n<table>\r\n<tbody>\r\n<tr>\r\n<td>Diam\u00e8tre ext\u00e9rieur du tube<\/td>\r\n<td>8,625&Prime;<\/td>\r\n<td>219mm<\/td>\r\n<\/tr>\r\n<tr>\r\n<td>Mur maximum<\/td>\r\n<td>0,330&Prime;<\/td>\r\n<td>8.4mm<\/td>\r\n<\/tr>\r\n<tr>\r\n<td>Diam\u00e8tre ailettes ouvertes<\/td>\r\n<td>9,313&Prime;<\/td>\r\n<td>236.5mm<\/td>\r\n<\/tr>\r\n<tr>\r\n<td>Diam\u00e8tre ailettes ferm\u00e9es<\/td>\r\n<td>7,380&Prime;<\/td>\r\n<td>187.5mm<\/td>\r\n<\/tr>\r\n<tr>\r\n<td>Diam\u00e8tre du taillant<\/td>\r\n<td>7,910&Prime;<\/td>\r\n<td>201mm<\/td>\r\n<\/tr>\r\n<tr>\r\n<td>Diam\u00e8tre int\u00e9rieur du sabot<\/td>\r\n<td>7,535&Prime;<\/td>\r\n<td>191.4mm<\/td>\r\n<\/tr>\r\n<tr>\r\n<td>Marteau<\/td>\r\n<td>6&Prime;<\/td>\r\n<td>152.4mm<\/td>\r\n<\/tr>\r\n<\/tbody>\r\n<\/table>\r\n<h3>Num\u00e9ro de produit<\/h3>\r\n<table>\r\n<tbody>\r\n<tr>\r\n<td>Sabot<\/td>\r\n<td>SSO-XSW187-8.6X***<\/td>\r\n<\/tr>\r\n<tr>\r\n<td>Ensemble complet<\/td>\r\n<td>XS-W-K8.6\/187\/***<\/td>\r\n<\/tr>\r\n<tr>\r\n<td>Ailettes de remplacement<\/td>\r\n<td>XS-W-W8.6<\/td>\r\n<\/tr>\r\n<tr>\r\n<td>Taillant d&rsquo;entrainement seul<\/td>\r\n<td>XS-W-DR8.6\/187\/***<\/td>\r\n<\/tr>\r\n<tr>\r\n<td>Ensemble de barrures<\/td>\r\n<td>XS-W-W8.6<\/td>\r\n<\/tr>\r\n<\/tbody>\r\n<\/table>\r\n<p>Mesures du syst\u00e8me Xs W 9,625\u2033 \/ 244.5mm<\/p>\r\n<h3>Donn\u00e9es techniques<\/h3>\r\n<table>\r\n<tbody>\r\n<tr>\r\n<td>Diam\u00e8tre ext\u00e9rieur du tube<\/td>\r\n<td>9,625&Prime;<\/td>\r\n<td>244.5mm<\/td>\r\n<\/tr>\r\n<tr>\r\n<td>Mur maximum<\/td>\r\n<td>0,375&Prime;<\/td>\r\n<td>9.5mm<\/td>\r\n<\/tr>\r\n<tr>\r\n<td>Diam\u00e8tre ailettes ouvertes<\/td>\r\n<td>10,375&Prime;<\/td>\r\n<td>263mm<\/td>\r\n<\/tr>\r\n<tr>\r\n<td>Diam\u00e8tre ailettes ferm\u00e9es<\/td>\r\n<td>8,270&Prime;<\/td>\r\n<td>210mm<\/td>\r\n<\/tr>\r\n<tr>\r\n<td>Diam\u00e8tre du taillant<\/td>\r\n<td>8,800&Prime;<\/td>\r\n<td>223.6mm<\/td>\r\n<\/tr>\r\n<tr>\r\n<td>Diam\u00e8tre int\u00e9rieur du sabot<\/td>\r\n<td>8,350&Prime;<\/td>\r\n<td>212mm<\/td>\r\n<\/tr>\r\n<tr>\r\n<td>Marteau<\/td>\r\n<td>8&Prime;<\/td>\r\n<td>203.2mm<\/td>\r\n<\/tr>\r\n<\/tbody>\r\n<\/table>\r\n<h3>Num\u00e9ro de produit<\/h3>\r\n<table>\r\n<tbody>\r\n<tr>\r\n<td>Sabot<\/td>\r\n<td>SSO-XSW210-9.6X***<\/td>\r\n<\/tr>\r\n<tr>\r\n<td>Ensemble complet<\/td>\r\n<td>XS-W-K9.6\/210\/***<\/td>\r\n<\/tr>\r\n<tr>\r\n<td>Ailettes de remplacement<\/td>\r\n<td>XS-W-W9.6<\/td>\r\n<\/tr>\r\n<tr>\r\n<td>Taillant d&rsquo;entrainement seul<\/td>\r\n<td>XS-W-DR9.6\/210\/***<\/td>\r\n<\/tr>\r\n<tr>\r\n<td>Ensemble de barrures<\/td>\r\n<td>XS-W-W9.6<\/td>\r\n<\/tr>\r\n<\/tbody>\r\n<\/table>\r\n<\/div><!-- .vgblk-rw-wrapper -->","protected":false},"excerpt":{"rendered":"<p>Produits Xs W L&rsquo;utilisation de ce syst\u00e8me \u00e9prouv\u00e9 peut s&rsquo;av\u00e9rer relativement \u00e9conomique lors du forage de trous peu profonds dans des sols meubles. Les ailes se d\u00e9ploient d\u00e8s que la rotation est engag\u00e9e, forant un diam\u00e8tre suffisamment grand pour que le tubage puisse passer dans le trou avec assez de d\u00e9gagement. Donn\u00e9estechniques Mesures du syst\u00e8me&#8230;<\/p>\n","protected":false},"author":1,"featured_media":991979,"parent":995085,"menu_order":0,"comment_status":"closed","ping_status":"closed","template":"","meta":{"_acf_changed":false,"inline_featured_image":false,"_monsterinsights_skip_tracking":false,"_monsterinsights_sitenote_active":false,"_monsterinsights_sitenote_note":"","_monsterinsights_sitenote_category":0,"footnotes":""},"class_list":["post-995183","page","type-page","status-publish","has-post-thumbnail","hentry"],"acf":[],"yoast_head":"<!-- This site is optimized with the Yoast SEO plugin v26.8 - https:\/\/yoast.com\/product\/yoast-seo-wordpress\/ -->\n<title>Xs W 5,500\u2033 \/ 139.7mm \u00e0 9,625\u2033 \/ 244.5mm - GeoRocFor<\/title>\n<meta name=\"description\" content=\"Syst\u00e8me XS W GeoRocFor (5500\u2013139.7 mm \u00e0 9625\u2013244.5 mm) : tubage durable et pr\u00e9cis pour projets de fondations, puits et g\u00e9nie civil.\" \/>\n<meta name=\"robots\" content=\"index, follow, max-snippet:-1, max-image-preview:large, max-video-preview:-1\" \/>\n<link rel=\"canonical\" href=\"https:\/\/georocfor.com\/fr\/produits\/systemes-de-tubage-a-lavancement\/systeme-xs-w-system\/xs-w-5500-139-7mm-a-9625-244-5mm\/\" \/>\n<meta property=\"og:locale\" content=\"fr_CA\" \/>\n<meta property=\"og:type\" content=\"article\" \/>\n<meta property=\"og:title\" content=\"Xs W 5,500\u2033 \/ 139.7mm \u00e0 9,625\u2033 \/ 244.5mm - GeoRocFor\" \/>\n<meta property=\"og:description\" content=\"Syst\u00e8me XS W GeoRocFor (5500\u2013139.7 mm \u00e0 9625\u2013244.5 mm) : tubage durable et pr\u00e9cis pour projets de fondations, puits et g\u00e9nie civil.\" \/>\n<meta property=\"og:url\" content=\"https:\/\/georocfor.com\/fr\/produits\/systemes-de-tubage-a-lavancement\/systeme-xs-w-system\/xs-w-5500-139-7mm-a-9625-244-5mm\/\" \/>\n<meta property=\"og:site_name\" content=\"GeoRocFor\" \/>\n<meta property=\"article:modified_time\" content=\"2026-01-28T12:59:32+00:00\" \/>\n<meta property=\"og:image\" content=\"https:\/\/georocfor.com\/wp-content\/uploads\/2024\/04\/XS-W-6.625-Rot-3D-0041-1.jpg\" \/>\n\t<meta property=\"og:image:width\" content=\"640\" \/>\n\t<meta property=\"og:image:height\" content=\"480\" \/>\n\t<meta property=\"og:image:type\" content=\"image\/jpeg\" \/>\n<meta name=\"twitter:card\" content=\"summary_large_image\" \/>\n<meta name=\"twitter:label1\" content=\"Estimation du temps de lecture\" \/>\n\t<meta name=\"twitter:data1\" content=\"2 minutes\" \/>\n<script type=\"application\/ld+json\" class=\"yoast-schema-graph\">{\"@context\":\"https:\/\/schema.org\",\"@graph\":[{\"@type\":\"WebPage\",\"@id\":\"https:\/\/georocfor.com\/fr\/produits\/systemes-de-tubage-a-lavancement\/systeme-xs-w-system\/xs-w-5500-139-7mm-a-9625-244-5mm\/\",\"url\":\"https:\/\/georocfor.com\/fr\/produits\/systemes-de-tubage-a-lavancement\/systeme-xs-w-system\/xs-w-5500-139-7mm-a-9625-244-5mm\/\",\"name\":\"Xs W 5,500\u2033 \/ 139.7mm \u00e0 9,625\u2033 \/ 244.5mm - GeoRocFor\",\"isPartOf\":{\"@id\":\"https:\/\/georocfor.com\/fr\/#website\"},\"primaryImageOfPage\":{\"@id\":\"https:\/\/georocfor.com\/fr\/produits\/systemes-de-tubage-a-lavancement\/systeme-xs-w-system\/xs-w-5500-139-7mm-a-9625-244-5mm\/#primaryimage\"},\"image\":{\"@id\":\"https:\/\/georocfor.com\/fr\/produits\/systemes-de-tubage-a-lavancement\/systeme-xs-w-system\/xs-w-5500-139-7mm-a-9625-244-5mm\/#primaryimage\"},\"thumbnailUrl\":\"https:\/\/georocfor.com\/wp-content\/uploads\/2024\/04\/XS-W-6.625-Rot-3D-0041-1.jpg\",\"datePublished\":\"2024-03-27T17:25:49+00:00\",\"dateModified\":\"2026-01-28T12:59:32+00:00\",\"description\":\"Syst\u00e8me XS W GeoRocFor (5500\u2013139.7 mm \u00e0 9625\u2013244.5 mm) : tubage durable et pr\u00e9cis pour projets de fondations, puits et g\u00e9nie civil.\",\"breadcrumb\":{\"@id\":\"https:\/\/georocfor.com\/fr\/produits\/systemes-de-tubage-a-lavancement\/systeme-xs-w-system\/xs-w-5500-139-7mm-a-9625-244-5mm\/#breadcrumb\"},\"inLanguage\":\"fr-CA\",\"potentialAction\":[{\"@type\":\"ReadAction\",\"target\":[\"https:\/\/georocfor.com\/fr\/produits\/systemes-de-tubage-a-lavancement\/systeme-xs-w-system\/xs-w-5500-139-7mm-a-9625-244-5mm\/\"]}]},{\"@type\":\"ImageObject\",\"inLanguage\":\"fr-CA\",\"@id\":\"https:\/\/georocfor.com\/fr\/produits\/systemes-de-tubage-a-lavancement\/systeme-xs-w-system\/xs-w-5500-139-7mm-a-9625-244-5mm\/#primaryimage\",\"url\":\"https:\/\/georocfor.com\/wp-content\/uploads\/2024\/04\/XS-W-6.625-Rot-3D-0041-1.jpg\",\"contentUrl\":\"https:\/\/georocfor.com\/wp-content\/uploads\/2024\/04\/XS-W-6.625-Rot-3D-0041-1.jpg\",\"width\":640,\"height\":480,\"caption\":\"Syst\u00e8me Xs W - 5,500\u2033 \/ 139.7mm \u00e0 9,625\u2033 \/ 244.5mm\"},{\"@type\":\"BreadcrumbList\",\"@id\":\"https:\/\/georocfor.com\/fr\/produits\/systemes-de-tubage-a-lavancement\/systeme-xs-w-system\/xs-w-5500-139-7mm-a-9625-244-5mm\/#breadcrumb\",\"itemListElement\":[{\"@type\":\"ListItem\",\"position\":1,\"name\":\"Home\",\"item\":\"https:\/\/georocfor.com\/fr\/\"},{\"@type\":\"ListItem\",\"position\":2,\"name\":\"Produits\",\"item\":\"https:\/\/georocfor.com\/fr\/produits\/\"},{\"@type\":\"ListItem\",\"position\":3,\"name\":\"Syst\u00e8mes de tubage \u00e0 l\u2019avancement\",\"item\":\"https:\/\/georocfor.com\/fr\/produits\/systemes-de-tubage-a-lavancement\/\"},{\"@type\":\"ListItem\",\"position\":4,\"name\":\"Syst\u00e8me Xs W\",\"item\":\"https:\/\/georocfor.com\/fr\/produits\/systemes-de-tubage-a-lavancement\/systeme-xs-w-system\/\"},{\"@type\":\"ListItem\",\"position\":5,\"name\":\"Xs W 5,500\u2033 \/ 139.7mm \u00e0 9,625\u2033 \/ 244.5mm\"}]},{\"@type\":\"WebSite\",\"@id\":\"https:\/\/georocfor.com\/fr\/#website\",\"url\":\"https:\/\/georocfor.com\/fr\/\",\"name\":\"GeoRocFor\",\"description\":\"\",\"publisher\":{\"@id\":\"https:\/\/georocfor.com\/fr\/#organization\"},\"potentialAction\":[{\"@type\":\"SearchAction\",\"target\":{\"@type\":\"EntryPoint\",\"urlTemplate\":\"https:\/\/georocfor.com\/fr\/?s={search_term_string}\"},\"query-input\":{\"@type\":\"PropertyValueSpecification\",\"valueRequired\":true,\"valueName\":\"search_term_string\"}}],\"inLanguage\":\"fr-CA\"},{\"@type\":\"Organization\",\"@id\":\"https:\/\/georocfor.com\/fr\/#organization\",\"name\":\"GeoRocFor\",\"url\":\"https:\/\/georocfor.com\/fr\/\",\"logo\":{\"@type\":\"ImageObject\",\"inLanguage\":\"fr-CA\",\"@id\":\"https:\/\/georocfor.com\/fr\/#\/schema\/logo\/image\/\",\"url\":\"https:\/\/georocfor.com\/wp-content\/uploads\/2024\/03\/georocfor_logo_457x64.png\",\"contentUrl\":\"https:\/\/georocfor.com\/wp-content\/uploads\/2024\/03\/georocfor_logo_457x64.png\",\"width\":457,\"height\":64,\"caption\":\"GeoRocFor\"},\"image\":{\"@id\":\"https:\/\/georocfor.com\/fr\/#\/schema\/logo\/image\/\"}}]}<\/script>\n<!-- \/ Yoast SEO plugin. -->","yoast_head_json":{"title":"Xs W 5,500\u2033 \/ 139.7mm \u00e0 9,625\u2033 \/ 244.5mm - GeoRocFor","description":"Syst\u00e8me XS W GeoRocFor (5500\u2013139.7 mm \u00e0 9625\u2013244.5 mm) : tubage durable et pr\u00e9cis pour projets de fondations, puits et g\u00e9nie civil.","robots":{"index":"index","follow":"follow","max-snippet":"max-snippet:-1","max-image-preview":"max-image-preview:large","max-video-preview":"max-video-preview:-1"},"canonical":"https:\/\/georocfor.com\/fr\/produits\/systemes-de-tubage-a-lavancement\/systeme-xs-w-system\/xs-w-5500-139-7mm-a-9625-244-5mm\/","og_locale":"fr_CA","og_type":"article","og_title":"Xs W 5,500\u2033 \/ 139.7mm \u00e0 9,625\u2033 \/ 244.5mm - GeoRocFor","og_description":"Syst\u00e8me XS W GeoRocFor (5500\u2013139.7 mm \u00e0 9625\u2013244.5 mm) : tubage durable et pr\u00e9cis pour projets de fondations, puits et g\u00e9nie civil.","og_url":"https:\/\/georocfor.com\/fr\/produits\/systemes-de-tubage-a-lavancement\/systeme-xs-w-system\/xs-w-5500-139-7mm-a-9625-244-5mm\/","og_site_name":"GeoRocFor","article_modified_time":"2026-01-28T12:59:32+00:00","og_image":[{"width":640,"height":480,"url":"https:\/\/georocfor.com\/wp-content\/uploads\/2024\/04\/XS-W-6.625-Rot-3D-0041-1.jpg","type":"image\/jpeg"}],"twitter_card":"summary_large_image","twitter_misc":{"Estimation du temps de lecture":"2 minutes"},"schema":{"@context":"https:\/\/schema.org","@graph":[{"@type":"WebPage","@id":"https:\/\/georocfor.com\/fr\/produits\/systemes-de-tubage-a-lavancement\/systeme-xs-w-system\/xs-w-5500-139-7mm-a-9625-244-5mm\/","url":"https:\/\/georocfor.com\/fr\/produits\/systemes-de-tubage-a-lavancement\/systeme-xs-w-system\/xs-w-5500-139-7mm-a-9625-244-5mm\/","name":"Xs W 5,500\u2033 \/ 139.7mm \u00e0 9,625\u2033 \/ 244.5mm - GeoRocFor","isPartOf":{"@id":"https:\/\/georocfor.com\/fr\/#website"},"primaryImageOfPage":{"@id":"https:\/\/georocfor.com\/fr\/produits\/systemes-de-tubage-a-lavancement\/systeme-xs-w-system\/xs-w-5500-139-7mm-a-9625-244-5mm\/#primaryimage"},"image":{"@id":"https:\/\/georocfor.com\/fr\/produits\/systemes-de-tubage-a-lavancement\/systeme-xs-w-system\/xs-w-5500-139-7mm-a-9625-244-5mm\/#primaryimage"},"thumbnailUrl":"https:\/\/georocfor.com\/wp-content\/uploads\/2024\/04\/XS-W-6.625-Rot-3D-0041-1.jpg","datePublished":"2024-03-27T17:25:49+00:00","dateModified":"2026-01-28T12:59:32+00:00","description":"Syst\u00e8me XS W GeoRocFor (5500\u2013139.7 mm \u00e0 9625\u2013244.5 mm) : tubage durable et pr\u00e9cis pour projets de fondations, puits et g\u00e9nie civil.","breadcrumb":{"@id":"https:\/\/georocfor.com\/fr\/produits\/systemes-de-tubage-a-lavancement\/systeme-xs-w-system\/xs-w-5500-139-7mm-a-9625-244-5mm\/#breadcrumb"},"inLanguage":"fr-CA","potentialAction":[{"@type":"ReadAction","target":["https:\/\/georocfor.com\/fr\/produits\/systemes-de-tubage-a-lavancement\/systeme-xs-w-system\/xs-w-5500-139-7mm-a-9625-244-5mm\/"]}]},{"@type":"ImageObject","inLanguage":"fr-CA","@id":"https:\/\/georocfor.com\/fr\/produits\/systemes-de-tubage-a-lavancement\/systeme-xs-w-system\/xs-w-5500-139-7mm-a-9625-244-5mm\/#primaryimage","url":"https:\/\/georocfor.com\/wp-content\/uploads\/2024\/04\/XS-W-6.625-Rot-3D-0041-1.jpg","contentUrl":"https:\/\/georocfor.com\/wp-content\/uploads\/2024\/04\/XS-W-6.625-Rot-3D-0041-1.jpg","width":640,"height":480,"caption":"Syst\u00e8me Xs W - 5,500\u2033 \/ 139.7mm \u00e0 9,625\u2033 \/ 244.5mm"},{"@type":"BreadcrumbList","@id":"https:\/\/georocfor.com\/fr\/produits\/systemes-de-tubage-a-lavancement\/systeme-xs-w-system\/xs-w-5500-139-7mm-a-9625-244-5mm\/#breadcrumb","itemListElement":[{"@type":"ListItem","position":1,"name":"Home","item":"https:\/\/georocfor.com\/fr\/"},{"@type":"ListItem","position":2,"name":"Produits","item":"https:\/\/georocfor.com\/fr\/produits\/"},{"@type":"ListItem","position":3,"name":"Syst\u00e8mes de tubage \u00e0 l\u2019avancement","item":"https:\/\/georocfor.com\/fr\/produits\/systemes-de-tubage-a-lavancement\/"},{"@type":"ListItem","position":4,"name":"Syst\u00e8me Xs W","item":"https:\/\/georocfor.com\/fr\/produits\/systemes-de-tubage-a-lavancement\/systeme-xs-w-system\/"},{"@type":"ListItem","position":5,"name":"Xs W 5,500\u2033 \/ 139.7mm \u00e0 9,625\u2033 \/ 244.5mm"}]},{"@type":"WebSite","@id":"https:\/\/georocfor.com\/fr\/#website","url":"https:\/\/georocfor.com\/fr\/","name":"GeoRocFor","description":"","publisher":{"@id":"https:\/\/georocfor.com\/fr\/#organization"},"potentialAction":[{"@type":"SearchAction","target":{"@type":"EntryPoint","urlTemplate":"https:\/\/georocfor.com\/fr\/?s={search_term_string}"},"query-input":{"@type":"PropertyValueSpecification","valueRequired":true,"valueName":"search_term_string"}}],"inLanguage":"fr-CA"},{"@type":"Organization","@id":"https:\/\/georocfor.com\/fr\/#organization","name":"GeoRocFor","url":"https:\/\/georocfor.com\/fr\/","logo":{"@type":"ImageObject","inLanguage":"fr-CA","@id":"https:\/\/georocfor.com\/fr\/#\/schema\/logo\/image\/","url":"https:\/\/georocfor.com\/wp-content\/uploads\/2024\/03\/georocfor_logo_457x64.png","contentUrl":"https:\/\/georocfor.com\/wp-content\/uploads\/2024\/03\/georocfor_logo_457x64.png","width":457,"height":64,"caption":"GeoRocFor"},"image":{"@id":"https:\/\/georocfor.com\/fr\/#\/schema\/logo\/image\/"}}]}},"jetpack_sharing_enabled":true,"_links":{"self":[{"href":"https:\/\/georocfor.com\/fr\/wp-json\/wp\/v2\/pages\/995183","targetHints":{"allow":["GET"]}}],"collection":[{"href":"https:\/\/georocfor.com\/fr\/wp-json\/wp\/v2\/pages"}],"about":[{"href":"https:\/\/georocfor.com\/fr\/wp-json\/wp\/v2\/types\/page"}],"author":[{"embeddable":true,"href":"https:\/\/georocfor.com\/fr\/wp-json\/wp\/v2\/users\/1"}],"replies":[{"embeddable":true,"href":"https:\/\/georocfor.com\/fr\/wp-json\/wp\/v2\/comments?post=995183"}],"version-history":[{"count":5,"href":"https:\/\/georocfor.com\/fr\/wp-json\/wp\/v2\/pages\/995183\/revisions"}],"predecessor-version":[{"id":995929,"href":"https:\/\/georocfor.com\/fr\/wp-json\/wp\/v2\/pages\/995183\/revisions\/995929"}],"up":[{"embeddable":true,"href":"https:\/\/georocfor.com\/fr\/wp-json\/wp\/v2\/pages\/995085"}],"wp:featuredmedia":[{"embeddable":true,"href":"https:\/\/georocfor.com\/fr\/wp-json\/wp\/v2\/media\/991979"}],"wp:attachment":[{"href":"https:\/\/georocfor.com\/fr\/wp-json\/wp\/v2\/media?parent=995183"}],"curies":[{"name":"wp","href":"https:\/\/api.w.org\/{rel}","templated":true}]}}