{"id":995180,"date":"2024-03-29T15:21:29","date_gmt":"2024-03-29T19:21:29","guid":{"rendered":"https:\/\/georocfor.com\/produits\/systemes-de-tubage-a-lavancement\/xs-w-system\/xs-w-10750-273mm-a-18000-457-2mm\/"},"modified":"2026-01-28T07:57:14","modified_gmt":"2026-01-28T12:57:14","slug":"xs-w-10750-273mm-a-18000-457-2mm","status":"publish","type":"page","link":"https:\/\/georocfor.com\/fr\/produits\/systemes-de-tubage-a-lavancement\/systeme-xs-w-system\/xs-w-10750-273mm-a-18000-457-2mm\/","title":{"rendered":"Xs W 10,750\u2033 \/ 273mm \u00e0 18,000\u2033 \/ 457.2mm"},"content":{"rendered":"<div class=\"vgblk-rw-wrapper limit-wrapper\">\r\n<h2>Produits <br \/><b>Xs W <\/b><\/h2>\r\n<div id=\"product-3d-image\"><!--data-speed=\"2\" data-delay=\"1\"--><img loading=\"lazy\" decoding=\"async\" src=\"https:\/\/georocfor.com\/wp-content\/uploads\/2024\/04\/XS-W-10.750-Rot-3D-0000.jpg\" width=\"640\" height=\"640\" class=\"reel image-3d\" data-images=\"https:\/\/georocfor.com\/wp-content\/uploads\/2024\/04\/XS-W-10.750-Rot-3D-0000.jpg,https:\/\/georocfor.com\/wp-content\/uploads\/2024\/04\/XS-W-10.750-Rot-3D-0041.jpg,https:\/\/georocfor.com\/wp-content\/uploads\/2024\/04\/XS-W-10.750-Rot-3D-0040.jpg,https:\/\/georocfor.com\/wp-content\/uploads\/2024\/04\/XS-W-10.750-Rot-3D-0039.jpg,https:\/\/georocfor.com\/wp-content\/uploads\/2024\/04\/XS-W-10.750-Rot-3D-0038.jpg,https:\/\/georocfor.com\/wp-content\/uploads\/2024\/04\/XS-W-10.750-Rot-3D-0037.jpg,https:\/\/georocfor.com\/wp-content\/uploads\/2024\/04\/XS-W-10.750-Rot-3D-0036.jpg,https:\/\/georocfor.com\/wp-content\/uploads\/2024\/04\/XS-W-10.750-Rot-3D-0035.jpg,https:\/\/georocfor.com\/wp-content\/uploads\/2024\/04\/XS-W-10.750-Rot-3D-0034.jpg,https:\/\/georocfor.com\/wp-content\/uploads\/2024\/04\/XS-W-10.750-Rot-3D-0033.jpg,https:\/\/georocfor.com\/wp-content\/uploads\/2024\/04\/XS-W-10.750-Rot-3D-0032.jpg,https:\/\/georocfor.com\/wp-content\/uploads\/2024\/04\/XS-W-10.750-Rot-3D-0031.jpg,https:\/\/georocfor.com\/wp-content\/uploads\/2024\/04\/XS-W-10.750-Rot-3D-0030.jpg,https:\/\/georocfor.com\/wp-content\/uploads\/2024\/04\/XS-W-10.750-Rot-3D-0029.jpg,https:\/\/georocfor.com\/wp-content\/uploads\/2024\/04\/XS-W-10.750-Rot-3D-0028.jpg,https:\/\/georocfor.com\/wp-content\/uploads\/2024\/04\/XS-W-10.750-Rot-3D-0027.jpg,https:\/\/georocfor.com\/wp-content\/uploads\/2024\/04\/XS-W-10.750-Rot-3D-0026.jpg,https:\/\/georocfor.com\/wp-content\/uploads\/2024\/04\/XS-W-10.750-Rot-3D-0025.jpg,https:\/\/georocfor.com\/wp-content\/uploads\/2024\/04\/XS-W-10.750-Rot-3D-0024.jpg,https:\/\/georocfor.com\/wp-content\/uploads\/2024\/04\/XS-W-10.750-Rot-3D-0023.jpg,https:\/\/georocfor.com\/wp-content\/uploads\/2024\/04\/XS-W-10.750-Rot-3D-0022.jpg,https:\/\/georocfor.com\/wp-content\/uploads\/2024\/04\/XS-W-10.750-Rot-3D-0021.jpg,https:\/\/georocfor.com\/wp-content\/uploads\/2024\/04\/XS-W-10.750-Rot-3D-0020.jpg,https:\/\/georocfor.com\/wp-content\/uploads\/2024\/04\/XS-W-10.750-Rot-3D-0019.jpg,https:\/\/georocfor.com\/wp-content\/uploads\/2024\/04\/XS-W-10.750-Rot-3D-0018.jpg,https:\/\/georocfor.com\/wp-content\/uploads\/2024\/04\/XS-W-10.750-Rot-3D-0017.jpg,https:\/\/georocfor.com\/wp-content\/uploads\/2024\/04\/XS-W-10.750-Rot-3D-0016.jpg,https:\/\/georocfor.com\/wp-content\/uploads\/2024\/04\/XS-W-10.750-Rot-3D-0015.jpg,https:\/\/georocfor.com\/wp-content\/uploads\/2024\/04\/XS-W-10.750-Rot-3D-0014.jpg,https:\/\/georocfor.com\/wp-content\/uploads\/2024\/04\/XS-W-10.750-Rot-3D-0013.jpg,https:\/\/georocfor.com\/wp-content\/uploads\/2024\/04\/XS-W-10.750-Rot-3D-0012.jpg,https:\/\/georocfor.com\/wp-content\/uploads\/2024\/04\/XS-W-10.750-Rot-3D-0011.jpg,https:\/\/georocfor.com\/wp-content\/uploads\/2024\/04\/XS-W-10.750-Rot-3D-0010.jpg,https:\/\/georocfor.com\/wp-content\/uploads\/2024\/04\/XS-W-10.750-Rot-3D-0009.jpg,https:\/\/georocfor.com\/wp-content\/uploads\/2024\/04\/XS-W-10.750-Rot-3D-0008.jpg,https:\/\/georocfor.com\/wp-content\/uploads\/2024\/04\/XS-W-10.750-Rot-3D-0007.jpg,https:\/\/georocfor.com\/wp-content\/uploads\/2024\/04\/XS-W-10.750-Rot-3D-0006.jpg,https:\/\/georocfor.com\/wp-content\/uploads\/2024\/04\/XS-W-10.750-Rot-3D-0005.jpg,https:\/\/georocfor.com\/wp-content\/uploads\/2024\/04\/XS-W-10.750-Rot-3D-0004.jpg,https:\/\/georocfor.com\/wp-content\/uploads\/2024\/04\/XS-W-10.750-Rot-3D-0003.jpg,https:\/\/georocfor.com\/wp-content\/uploads\/2024\/04\/XS-W-10.750-Rot-3D-0002.jpg,https:\/\/georocfor.com\/wp-content\/uploads\/2024\/04\/XS-W-10.750-Rot-3D-0001.jpg\" \/><\/div>\r\n<p>L&rsquo;utilisation de ce syst\u00e8me \u00e9prouv\u00e9 peut s&rsquo;av\u00e9rer relativement \u00e9conomique lors du forage de trous peu profonds dans des sols meubles.<\/p>\r\n<p>Les ailes se d\u00e9ploient d\u00e8s que la rotation est engag\u00e9e, forant un diam\u00e8tre suffisamment grand pour que le tubage puisse passer dans le trou avec assez de d\u00e9gagement.<\/p>\r\n<h2>Donn\u00e9es<br \/><b>techniques <\/b><\/h2>\r\n<p><img loading=\"lazy\" decoding=\"async\" title=\"georocfor_xs-w-mesures_1200x800\" src=\"https:\/\/georocfor.com\/wp-content\/uploads\/2024\/04\/georocfor_xs-w-mesures_1200x800-630x354.jpg\" sizes=\"auto, (max-width: 768px) 100vw, 100vw\" srcset=\"https:\/\/georocfor.com\/wp-content\/uploads\/2024\/04\/georocfor_xs-w-mesures_1200x800-630x354.jpg 630w, https:\/\/georocfor.com\/wp-content\/uploads\/2024\/04\/georocfor_xs-w-mesures_1200x800-300x169.jpg 300w, https:\/\/georocfor.com\/wp-content\/uploads\/2024\/04\/georocfor_xs-w-mesures_1200x800-768x432.jpg 768w, https:\/\/georocfor.com\/wp-content\/uploads\/2024\/04\/georocfor_xs-w-mesures_1200x800-420x236.jpg 420w, https:\/\/georocfor.com\/wp-content\/uploads\/2024\/04\/georocfor_xs-w-mesures_1200x800-840x473.jpg 840w, https:\/\/georocfor.com\/wp-content\/uploads\/2024\/04\/georocfor_xs-w-mesures_1200x800-315x177.jpg 315w, https:\/\/georocfor.com\/wp-content\/uploads\/2024\/04\/georocfor_xs-w-mesures_1200x800.jpg 1024w\" alt=\"georocfor_xs-w-mesures_1200x800\" width=\"630\" height=\"354\" \/> Mesures du syst\u00e8me Xs W 10,750\u2033 \/ 273mm<\/p>\r\n<h3>Donn\u00e9es techniques<\/h3>\r\n<table>\r\n<tbody>\r\n<tr>\r\n<td>Diam\u00e8tre ext\u00e9rieur du tube<\/td>\r\n<td>10,750&Prime;<\/td>\r\n<td>273mm<\/td>\r\n<\/tr>\r\n<tr>\r\n<td>Mur maximum<\/td>\r\n<td>0,375&Prime;<\/td>\r\n<td>9.5mm<\/td>\r\n<\/tr>\r\n<tr>\r\n<td>Diam\u00e8tre ailettes ouvertes<\/td>\r\n<td>11,500&Prime;<\/td>\r\n<td>292.1mm<\/td>\r\n<\/tr>\r\n<tr>\r\n<td>Diam\u00e8tre ailettes ferm\u00e9es<\/td>\r\n<td>9,450&Prime;<\/td>\r\n<td>240mm<\/td>\r\n<\/tr>\r\n<tr>\r\n<td>Diam\u00e8tre du taillant<\/td>\r\n<td>9,950&Prime;<\/td>\r\n<td>252.8mm<\/td>\r\n<\/tr>\r\n<tr>\r\n<td>Diam\u00e8tre int\u00e9rieur du sabot<\/td>\r\n<td>9,510&Prime;<\/td>\r\n<td>241.6mm<\/td>\r\n<\/tr>\r\n<tr>\r\n<td>Marteau<\/td>\r\n<td>8&Prime;<\/td>\r\n<td>203.2mm<\/td>\r\n<\/tr>\r\n<\/tbody>\r\n<\/table>\r\n<h3>Num\u00e9ro de produit<\/h3>\r\n<table>\r\n<tbody>\r\n<tr>\r\n<td>Sabot<\/td>\r\n<td>SSO-XSW210-9.6X***<\/td>\r\n<\/tr>\r\n<tr>\r\n<td>Ensemble complet<\/td>\r\n<td>XS-W-K9.6\/210\/***<\/td>\r\n<\/tr>\r\n<tr>\r\n<td>Ailettes de remplacement<\/td>\r\n<td>XS-W-W9.6<\/td>\r\n<\/tr>\r\n<tr>\r\n<td>Taillant d&rsquo;entrainement seul<\/td>\r\n<td>XS-W-DR9.6\/210\/***<\/td>\r\n<\/tr>\r\n<tr>\r\n<td>Ensemble de barrures<\/td>\r\n<td>XS-W-W9.6<\/td>\r\n<\/tr>\r\n<\/tbody>\r\n<\/table>\r\n<p>Mesures du syst\u00e8me Xs W 12,750\u2033 \/ 324mm<\/p>\r\n<h3>Donn\u00e9es techniques<\/h3>\r\n<table>\r\n<tbody>\r\n<tr>\r\n<td>Diam\u00e8tre ext\u00e9rieur du tube<\/td>\r\n<td>12,750&Prime;<\/td>\r\n<td>324mm<\/td>\r\n<\/tr>\r\n<tr>\r\n<td>Mur maximum<\/td>\r\n<td>0,440&Prime;<\/td>\r\n<td>11mm<\/td>\r\n<\/tr>\r\n<tr>\r\n<td>Diam\u00e8tre ailettes ouvertes<\/td>\r\n<td>13,438&Prime;<\/td>\r\n<td>341.3mm<\/td>\r\n<\/tr>\r\n<tr>\r\n<td>Diam\u00e8tre ailettes ferm\u00e9es<\/td>\r\n<td>11,150&Prime;<\/td>\r\n<td>283.2mm<\/td>\r\n<\/tr>\r\n<tr>\r\n<td>Diam\u00e8tre du taillant<\/td>\r\n<td>11,810&Prime;<\/td>\r\n<td>300mm<\/td>\r\n<\/tr>\r\n<tr>\r\n<td>Diam\u00e8tre int\u00e9rieur du sabot<\/td>\r\n<td>11,215&Prime;<\/td>\r\n<td>285mm<\/td>\r\n<\/tr>\r\n<tr>\r\n<td>Marteau<\/td>\r\n<td>10&Prime;<\/td>\r\n<td>254mm<\/td>\r\n<\/tr>\r\n<\/tbody>\r\n<\/table>\r\n<h3>Num\u00e9ro de produit<\/h3>\r\n<table>\r\n<tbody>\r\n<tr>\r\n<td>Sabot<\/td>\r\n<td>SSO-XSW283-12.75X***<\/td>\r\n<\/tr>\r\n<tr>\r\n<td>Ensemble complet<\/td>\r\n<td>XS-W-K12.75\/283\/***<\/td>\r\n<\/tr>\r\n<tr>\r\n<td>Ailettes de remplacement<\/td>\r\n<td>XS-W-W12.75<\/td>\r\n<\/tr>\r\n<tr>\r\n<td>Taillant d&rsquo;entrainement seul<\/td>\r\n<td>XS-W-K12.75\/283\/***<\/td>\r\n<\/tr>\r\n<tr>\r\n<td>Ensemble de barrures<\/td>\r\n<td>XS-W-W12.75<\/td>\r\n<\/tr>\r\n<\/tbody>\r\n<\/table>\r\n<p>Mesures du syst\u00e8me Xs W 14,000\u2033 \/ 355.6mm<\/p>\r\n<h3>Donn\u00e9es techniques<\/h3>\r\n<table>\r\n<tbody>\r\n<tr>\r\n<td>Diam\u00e8tre ext\u00e9rieur du tube<\/td>\r\n<td>14,000&Prime;<\/td>\r\n<td>355.6mm<\/td>\r\n<\/tr>\r\n<tr>\r\n<td>Mur maximum<\/td>\r\n<td>0,513&Prime;<\/td>\r\n<td>13mm<\/td>\r\n<\/tr>\r\n<tr>\r\n<td>Diam\u00e8tre ailettes ouvertes<\/td>\r\n<td>14,750&Prime;<\/td>\r\n<td>375.7mm<\/td>\r\n<\/tr>\r\n<tr>\r\n<td>Diam\u00e8tre ailettes ferm\u00e9es<\/td>\r\n<td>12,290&Prime;<\/td>\r\n<td>312.2mm<\/td>\r\n<\/tr>\r\n<tr>\r\n<td>Diam\u00e8tre du taillant<\/td>\r\n<td>12,920&Prime;<\/td>\r\n<td>328.2mm<\/td>\r\n<\/tr>\r\n<tr>\r\n<td>Diam\u00e8tre int\u00e9rieur du sabot<\/td>\r\n<td>12,375&Prime;<\/td>\r\n<td>314.3mm<\/td>\r\n<\/tr>\r\n<tr>\r\n<td>Marteau<\/td>\r\n<td>10&Prime;<\/td>\r\n<td>254mm<\/td>\r\n<\/tr>\r\n<\/tbody>\r\n<\/table>\r\n<h3>Num\u00e9ro de produit<\/h3>\r\n<table>\r\n<tbody>\r\n<tr>\r\n<td>Sabot<\/td>\r\n<td>SSO-XSW312-14.0X***<\/td>\r\n<\/tr>\r\n<tr>\r\n<td>Ensemble complet<\/td>\r\n<td>XS-W-K14.0\/312\/***<\/td>\r\n<\/tr>\r\n<tr>\r\n<td>Ailettes de remplacement<\/td>\r\n<td>XS-W-W14.0<\/td>\r\n<\/tr>\r\n<tr>\r\n<td>Taillant d&rsquo;entrainement seul<\/td>\r\n<td>XS-W-K14.0\/312\/***<\/td>\r\n<\/tr>\r\n<tr>\r\n<td>Ensemble de barrures<\/td>\r\n<td>XS-W-W14.0<\/td>\r\n<\/tr>\r\n<\/tbody>\r\n<\/table>\r\n<p>Mesures du syst\u00e8me Xs W 16,000\u2033 \/ 406.4mm<\/p>\r\n<h3>Donn\u00e9es techniques<\/h3>\r\n<table>\r\n<tbody>\r\n<tr>\r\n<td>Diam\u00e8tre ext\u00e9rieur du tube<\/td>\r\n<td>16,000&Prime;<\/td>\r\n<td>406.4mm<\/td>\r\n<\/tr>\r\n<tr>\r\n<td>Mur maximum<\/td>\r\n<td>0,375&Prime; *<\/td>\r\n<td>9.5mm*<\/td>\r\n<\/tr>\r\n<tr>\r\n<td>Diam\u00e8tre ailettes ouvertes<\/td>\r\n<td>16,875&Prime;<\/td>\r\n<td>428.6mm<\/td>\r\n<\/tr>\r\n<tr>\r\n<td>Diam\u00e8tre ailettes ferm\u00e9es<\/td>\r\n<td>14,365&Prime;<\/td>\r\n<td>365mm<\/td>\r\n<\/tr>\r\n<tr>\r\n<td>Diam\u00e8tre du taillant<\/td>\r\n<td>15,100&Prime;<\/td>\r\n<td>383.4mm<\/td>\r\n<\/tr>\r\n<tr>\r\n<td>Diam\u00e8tre int\u00e9rieur du sabot<\/td>\r\n<td>14,450&Prime;<\/td>\r\n<td>367mm<\/td>\r\n<\/tr>\r\n<tr>\r\n<td>Marteau<\/td>\r\n<td>12&Prime;<\/td>\r\n<td>304.8mm<\/td>\r\n<\/tr>\r\n<\/tbody>\r\n<\/table>\r\n<p>* ,513&Prime;\/13mm option disponible sur demande<\/p>\r\n<h3>Num\u00e9ro de produit<\/h3>\r\n<table>\r\n<tbody>\r\n<tr>\r\n<td>Sabot<\/td>\r\n<td>SSO-XSW365-16X***<\/td>\r\n<\/tr>\r\n<tr>\r\n<td>Ensemble complet<\/td>\r\n<td>XS-W-K16.0\/375\/***<\/td>\r\n<\/tr>\r\n<tr>\r\n<td>Ailettes de remplacement<\/td>\r\n<td>XS-W-W16.0<\/td>\r\n<\/tr>\r\n<tr>\r\n<td>Taillant d&rsquo;entrainement seul<\/td>\r\n<td>XS-W-K16.0\/375\/***<\/td>\r\n<\/tr>\r\n<tr>\r\n<td>Ensemble de barrures<\/td>\r\n<td>XS-W-W16.0<\/td>\r\n<\/tr>\r\n<\/tbody>\r\n<\/table>\r\n<p>Mesures du syst\u00e8me Xs W 18,000\u2033 \/ 457.2mm<\/p>\r\n<h3>Donn\u00e9es techniques<\/h3>\r\n<table>\r\n<tbody>\r\n<tr>\r\n<td>Diam\u00e8tre ext\u00e9rieur du tube<\/td>\r\n<td>18,000&Prime;<\/td>\r\n<td>457.2mm<\/td>\r\n<\/tr>\r\n<tr>\r\n<td>Mur maximum<\/td>\r\n<td>0,437&Prime; *<\/td>\r\n<td>11mm*<\/td>\r\n<\/tr>\r\n<tr>\r\n<td>Diam\u00e8tre ailettes ouvertes<\/td>\r\n<td>18,875&Prime;<\/td>\r\n<td>479.4mm<\/td>\r\n<\/tr>\r\n<tr>\r\n<td>Diam\u00e8tre ailettes ferm\u00e9es<\/td>\r\n<td>16,300&Prime;<\/td>\r\n<td>414mm<\/td>\r\n<\/tr>\r\n<tr>\r\n<td>Diam\u00e8tre du taillant<\/td>\r\n<td>17,050&Prime;<\/td>\r\n<td>433mm<\/td>\r\n<\/tr>\r\n<tr>\r\n<td>Diam\u00e8tre int\u00e9rieur du sabot<\/td>\r\n<td>16,390&Prime;<\/td>\r\n<td>416.3mm<\/td>\r\n<\/tr>\r\n<tr>\r\n<td>Marteau<\/td>\r\n<td>15&Prime;<\/td>\r\n<td>381mm<\/td>\r\n<\/tr>\r\n<\/tbody>\r\n<\/table>\r\n<p>* ,513&Prime;\/13mm option disponible sur demande<\/p>\r\n<h3>Num\u00e9ro de produit<\/h3>\r\n<table>\r\n<tbody>\r\n<tr>\r\n<td>Sabot<\/td>\r\n<td>SSO-XSW414-18.0X***<\/td>\r\n<\/tr>\r\n<tr>\r\n<td>Ensemble complet<\/td>\r\n<td>XS-W-K18.0\/414\/***<\/td>\r\n<\/tr>\r\n<tr>\r\n<td>Ailettes de remplacement<\/td>\r\n<td>XS-W-W18.0<\/td>\r\n<\/tr>\r\n<tr>\r\n<td>Taillant d&rsquo;entrainement seul<\/td>\r\n<td>XS-W-K18.0\/414\/***<\/td>\r\n<\/tr>\r\n<tr>\r\n<td>Ensemble de barrures<\/td>\r\n<td>XS-W-W18.0<\/td>\r\n<\/tr>\r\n<\/tbody>\r\n<\/table>\r\n<\/div><!-- .vgblk-rw-wrapper -->","protected":false},"excerpt":{"rendered":"<p>Produits Xs W L&rsquo;utilisation de ce syst\u00e8me \u00e9prouv\u00e9 peut s&rsquo;av\u00e9rer relativement \u00e9conomique lors du forage de trous peu profonds dans des sols meubles. Les ailes se d\u00e9ploient d\u00e8s que la rotation est engag\u00e9e, forant un diam\u00e8tre suffisamment grand pour que le tubage puisse passer dans le trou avec assez de d\u00e9gagement. Donn\u00e9estechniques Mesures du syst\u00e8me&#8230;<\/p>\n","protected":false},"author":1,"featured_media":992083,"parent":995085,"menu_order":0,"comment_status":"closed","ping_status":"closed","template":"","meta":{"_acf_changed":false,"inline_featured_image":false,"_monsterinsights_skip_tracking":false,"_monsterinsights_sitenote_active":false,"_monsterinsights_sitenote_note":"","_monsterinsights_sitenote_category":0,"footnotes":""},"class_list":["post-995180","page","type-page","status-publish","has-post-thumbnail","hentry"],"acf":[],"yoast_head":"<!-- This site is optimized with the Yoast SEO plugin v26.8 - https:\/\/yoast.com\/product\/yoast-seo-wordpress\/ -->\n<title>Xs W 10,750\u2033 \/ 273mm \u00e0 18,000\u2033 \/ 457.2mm - GeoRocFor<\/title>\n<meta name=\"description\" content=\"Syst\u00e8me XS W GeoRocFor (10750\u2013273 mm \u00e0 18000\u2013457.2 mm) : tubage \u00e0 l\u2019avancement pr\u00e9cis et durable pour projets de fondations et puits.\" \/>\n<meta name=\"robots\" content=\"index, follow, max-snippet:-1, max-image-preview:large, max-video-preview:-1\" \/>\n<link rel=\"canonical\" href=\"https:\/\/georocfor.com\/fr\/produits\/systemes-de-tubage-a-lavancement\/systeme-xs-w-system\/xs-w-10750-273mm-a-18000-457-2mm\/\" \/>\n<meta property=\"og:locale\" content=\"fr_CA\" \/>\n<meta property=\"og:type\" content=\"article\" \/>\n<meta property=\"og:title\" content=\"Xs W 10,750\u2033 \/ 273mm \u00e0 18,000\u2033 \/ 457.2mm - GeoRocFor\" \/>\n<meta property=\"og:description\" content=\"Syst\u00e8me XS W GeoRocFor (10750\u2013273 mm \u00e0 18000\u2013457.2 mm) : tubage \u00e0 l\u2019avancement pr\u00e9cis et durable pour projets de fondations et puits.\" \/>\n<meta property=\"og:url\" content=\"https:\/\/georocfor.com\/fr\/produits\/systemes-de-tubage-a-lavancement\/systeme-xs-w-system\/xs-w-10750-273mm-a-18000-457-2mm\/\" \/>\n<meta property=\"og:site_name\" content=\"GeoRocFor\" \/>\n<meta property=\"article:modified_time\" content=\"2026-01-28T12:57:14+00:00\" \/>\n<meta property=\"og:image\" content=\"https:\/\/georocfor.com\/wp-content\/uploads\/2024\/04\/XS-W-10.750-Rot-3D-0041.jpg\" \/>\n\t<meta property=\"og:image:width\" content=\"640\" \/>\n\t<meta property=\"og:image:height\" content=\"480\" \/>\n\t<meta property=\"og:image:type\" content=\"image\/jpeg\" \/>\n<meta name=\"twitter:card\" content=\"summary_large_image\" \/>\n<meta name=\"twitter:label1\" content=\"Estimation du temps de lecture\" \/>\n\t<meta name=\"twitter:data1\" content=\"2 minutes\" \/>\n<script type=\"application\/ld+json\" class=\"yoast-schema-graph\">{\"@context\":\"https:\/\/schema.org\",\"@graph\":[{\"@type\":\"WebPage\",\"@id\":\"https:\/\/georocfor.com\/fr\/produits\/systemes-de-tubage-a-lavancement\/systeme-xs-w-system\/xs-w-10750-273mm-a-18000-457-2mm\/\",\"url\":\"https:\/\/georocfor.com\/fr\/produits\/systemes-de-tubage-a-lavancement\/systeme-xs-w-system\/xs-w-10750-273mm-a-18000-457-2mm\/\",\"name\":\"Xs W 10,750\u2033 \/ 273mm \u00e0 18,000\u2033 \/ 457.2mm - GeoRocFor\",\"isPartOf\":{\"@id\":\"https:\/\/georocfor.com\/fr\/#website\"},\"primaryImageOfPage\":{\"@id\":\"https:\/\/georocfor.com\/fr\/produits\/systemes-de-tubage-a-lavancement\/systeme-xs-w-system\/xs-w-10750-273mm-a-18000-457-2mm\/#primaryimage\"},\"image\":{\"@id\":\"https:\/\/georocfor.com\/fr\/produits\/systemes-de-tubage-a-lavancement\/systeme-xs-w-system\/xs-w-10750-273mm-a-18000-457-2mm\/#primaryimage\"},\"thumbnailUrl\":\"https:\/\/georocfor.com\/wp-content\/uploads\/2024\/04\/XS-W-10.750-Rot-3D-0041.jpg\",\"datePublished\":\"2024-03-29T19:21:29+00:00\",\"dateModified\":\"2026-01-28T12:57:14+00:00\",\"description\":\"Syst\u00e8me XS W GeoRocFor (10750\u2013273 mm \u00e0 18000\u2013457.2 mm) : tubage \u00e0 l\u2019avancement pr\u00e9cis et durable pour projets de fondations et puits.\",\"breadcrumb\":{\"@id\":\"https:\/\/georocfor.com\/fr\/produits\/systemes-de-tubage-a-lavancement\/systeme-xs-w-system\/xs-w-10750-273mm-a-18000-457-2mm\/#breadcrumb\"},\"inLanguage\":\"fr-CA\",\"potentialAction\":[{\"@type\":\"ReadAction\",\"target\":[\"https:\/\/georocfor.com\/fr\/produits\/systemes-de-tubage-a-lavancement\/systeme-xs-w-system\/xs-w-10750-273mm-a-18000-457-2mm\/\"]}]},{\"@type\":\"ImageObject\",\"inLanguage\":\"fr-CA\",\"@id\":\"https:\/\/georocfor.com\/fr\/produits\/systemes-de-tubage-a-lavancement\/systeme-xs-w-system\/xs-w-10750-273mm-a-18000-457-2mm\/#primaryimage\",\"url\":\"https:\/\/georocfor.com\/wp-content\/uploads\/2024\/04\/XS-W-10.750-Rot-3D-0041.jpg\",\"contentUrl\":\"https:\/\/georocfor.com\/wp-content\/uploads\/2024\/04\/XS-W-10.750-Rot-3D-0041.jpg\",\"width\":640,\"height\":480,\"caption\":\"Syst\u00e8me Xs W - 10,750\u2033 \/ 273mm \u00e0 18,000\u2033 \/ 457.2mm\"},{\"@type\":\"BreadcrumbList\",\"@id\":\"https:\/\/georocfor.com\/fr\/produits\/systemes-de-tubage-a-lavancement\/systeme-xs-w-system\/xs-w-10750-273mm-a-18000-457-2mm\/#breadcrumb\",\"itemListElement\":[{\"@type\":\"ListItem\",\"position\":1,\"name\":\"Home\",\"item\":\"https:\/\/georocfor.com\/fr\/\"},{\"@type\":\"ListItem\",\"position\":2,\"name\":\"Produits\",\"item\":\"https:\/\/georocfor.com\/fr\/produits\/\"},{\"@type\":\"ListItem\",\"position\":3,\"name\":\"Syst\u00e8mes de tubage \u00e0 l\u2019avancement\",\"item\":\"https:\/\/georocfor.com\/fr\/produits\/systemes-de-tubage-a-lavancement\/\"},{\"@type\":\"ListItem\",\"position\":4,\"name\":\"Syst\u00e8me Xs W\",\"item\":\"https:\/\/georocfor.com\/fr\/produits\/systemes-de-tubage-a-lavancement\/systeme-xs-w-system\/\"},{\"@type\":\"ListItem\",\"position\":5,\"name\":\"Xs W 10,750\u2033 \/ 273mm \u00e0 18,000\u2033 \/ 457.2mm\"}]},{\"@type\":\"WebSite\",\"@id\":\"https:\/\/georocfor.com\/fr\/#website\",\"url\":\"https:\/\/georocfor.com\/fr\/\",\"name\":\"GeoRocFor\",\"description\":\"\",\"publisher\":{\"@id\":\"https:\/\/georocfor.com\/fr\/#organization\"},\"potentialAction\":[{\"@type\":\"SearchAction\",\"target\":{\"@type\":\"EntryPoint\",\"urlTemplate\":\"https:\/\/georocfor.com\/fr\/?s={search_term_string}\"},\"query-input\":{\"@type\":\"PropertyValueSpecification\",\"valueRequired\":true,\"valueName\":\"search_term_string\"}}],\"inLanguage\":\"fr-CA\"},{\"@type\":\"Organization\",\"@id\":\"https:\/\/georocfor.com\/fr\/#organization\",\"name\":\"GeoRocFor\",\"url\":\"https:\/\/georocfor.com\/fr\/\",\"logo\":{\"@type\":\"ImageObject\",\"inLanguage\":\"fr-CA\",\"@id\":\"https:\/\/georocfor.com\/fr\/#\/schema\/logo\/image\/\",\"url\":\"https:\/\/georocfor.com\/wp-content\/uploads\/2024\/03\/georocfor_logo_457x64.png\",\"contentUrl\":\"https:\/\/georocfor.com\/wp-content\/uploads\/2024\/03\/georocfor_logo_457x64.png\",\"width\":457,\"height\":64,\"caption\":\"GeoRocFor\"},\"image\":{\"@id\":\"https:\/\/georocfor.com\/fr\/#\/schema\/logo\/image\/\"}}]}<\/script>\n<!-- \/ Yoast SEO plugin. -->","yoast_head_json":{"title":"Xs W 10,750\u2033 \/ 273mm \u00e0 18,000\u2033 \/ 457.2mm - GeoRocFor","description":"Syst\u00e8me XS W GeoRocFor (10750\u2013273 mm \u00e0 18000\u2013457.2 mm) : tubage \u00e0 l\u2019avancement pr\u00e9cis et durable pour projets de fondations et puits.","robots":{"index":"index","follow":"follow","max-snippet":"max-snippet:-1","max-image-preview":"max-image-preview:large","max-video-preview":"max-video-preview:-1"},"canonical":"https:\/\/georocfor.com\/fr\/produits\/systemes-de-tubage-a-lavancement\/systeme-xs-w-system\/xs-w-10750-273mm-a-18000-457-2mm\/","og_locale":"fr_CA","og_type":"article","og_title":"Xs W 10,750\u2033 \/ 273mm \u00e0 18,000\u2033 \/ 457.2mm - GeoRocFor","og_description":"Syst\u00e8me XS W GeoRocFor (10750\u2013273 mm \u00e0 18000\u2013457.2 mm) : tubage \u00e0 l\u2019avancement pr\u00e9cis et durable pour projets de fondations et puits.","og_url":"https:\/\/georocfor.com\/fr\/produits\/systemes-de-tubage-a-lavancement\/systeme-xs-w-system\/xs-w-10750-273mm-a-18000-457-2mm\/","og_site_name":"GeoRocFor","article_modified_time":"2026-01-28T12:57:14+00:00","og_image":[{"width":640,"height":480,"url":"https:\/\/georocfor.com\/wp-content\/uploads\/2024\/04\/XS-W-10.750-Rot-3D-0041.jpg","type":"image\/jpeg"}],"twitter_card":"summary_large_image","twitter_misc":{"Estimation du temps de lecture":"2 minutes"},"schema":{"@context":"https:\/\/schema.org","@graph":[{"@type":"WebPage","@id":"https:\/\/georocfor.com\/fr\/produits\/systemes-de-tubage-a-lavancement\/systeme-xs-w-system\/xs-w-10750-273mm-a-18000-457-2mm\/","url":"https:\/\/georocfor.com\/fr\/produits\/systemes-de-tubage-a-lavancement\/systeme-xs-w-system\/xs-w-10750-273mm-a-18000-457-2mm\/","name":"Xs W 10,750\u2033 \/ 273mm \u00e0 18,000\u2033 \/ 457.2mm - GeoRocFor","isPartOf":{"@id":"https:\/\/georocfor.com\/fr\/#website"},"primaryImageOfPage":{"@id":"https:\/\/georocfor.com\/fr\/produits\/systemes-de-tubage-a-lavancement\/systeme-xs-w-system\/xs-w-10750-273mm-a-18000-457-2mm\/#primaryimage"},"image":{"@id":"https:\/\/georocfor.com\/fr\/produits\/systemes-de-tubage-a-lavancement\/systeme-xs-w-system\/xs-w-10750-273mm-a-18000-457-2mm\/#primaryimage"},"thumbnailUrl":"https:\/\/georocfor.com\/wp-content\/uploads\/2024\/04\/XS-W-10.750-Rot-3D-0041.jpg","datePublished":"2024-03-29T19:21:29+00:00","dateModified":"2026-01-28T12:57:14+00:00","description":"Syst\u00e8me XS W GeoRocFor (10750\u2013273 mm \u00e0 18000\u2013457.2 mm) : tubage \u00e0 l\u2019avancement pr\u00e9cis et durable pour projets de fondations et puits.","breadcrumb":{"@id":"https:\/\/georocfor.com\/fr\/produits\/systemes-de-tubage-a-lavancement\/systeme-xs-w-system\/xs-w-10750-273mm-a-18000-457-2mm\/#breadcrumb"},"inLanguage":"fr-CA","potentialAction":[{"@type":"ReadAction","target":["https:\/\/georocfor.com\/fr\/produits\/systemes-de-tubage-a-lavancement\/systeme-xs-w-system\/xs-w-10750-273mm-a-18000-457-2mm\/"]}]},{"@type":"ImageObject","inLanguage":"fr-CA","@id":"https:\/\/georocfor.com\/fr\/produits\/systemes-de-tubage-a-lavancement\/systeme-xs-w-system\/xs-w-10750-273mm-a-18000-457-2mm\/#primaryimage","url":"https:\/\/georocfor.com\/wp-content\/uploads\/2024\/04\/XS-W-10.750-Rot-3D-0041.jpg","contentUrl":"https:\/\/georocfor.com\/wp-content\/uploads\/2024\/04\/XS-W-10.750-Rot-3D-0041.jpg","width":640,"height":480,"caption":"Syst\u00e8me Xs W - 10,750\u2033 \/ 273mm \u00e0 18,000\u2033 \/ 457.2mm"},{"@type":"BreadcrumbList","@id":"https:\/\/georocfor.com\/fr\/produits\/systemes-de-tubage-a-lavancement\/systeme-xs-w-system\/xs-w-10750-273mm-a-18000-457-2mm\/#breadcrumb","itemListElement":[{"@type":"ListItem","position":1,"name":"Home","item":"https:\/\/georocfor.com\/fr\/"},{"@type":"ListItem","position":2,"name":"Produits","item":"https:\/\/georocfor.com\/fr\/produits\/"},{"@type":"ListItem","position":3,"name":"Syst\u00e8mes de tubage \u00e0 l\u2019avancement","item":"https:\/\/georocfor.com\/fr\/produits\/systemes-de-tubage-a-lavancement\/"},{"@type":"ListItem","position":4,"name":"Syst\u00e8me Xs W","item":"https:\/\/georocfor.com\/fr\/produits\/systemes-de-tubage-a-lavancement\/systeme-xs-w-system\/"},{"@type":"ListItem","position":5,"name":"Xs W 10,750\u2033 \/ 273mm \u00e0 18,000\u2033 \/ 457.2mm"}]},{"@type":"WebSite","@id":"https:\/\/georocfor.com\/fr\/#website","url":"https:\/\/georocfor.com\/fr\/","name":"GeoRocFor","description":"","publisher":{"@id":"https:\/\/georocfor.com\/fr\/#organization"},"potentialAction":[{"@type":"SearchAction","target":{"@type":"EntryPoint","urlTemplate":"https:\/\/georocfor.com\/fr\/?s={search_term_string}"},"query-input":{"@type":"PropertyValueSpecification","valueRequired":true,"valueName":"search_term_string"}}],"inLanguage":"fr-CA"},{"@type":"Organization","@id":"https:\/\/georocfor.com\/fr\/#organization","name":"GeoRocFor","url":"https:\/\/georocfor.com\/fr\/","logo":{"@type":"ImageObject","inLanguage":"fr-CA","@id":"https:\/\/georocfor.com\/fr\/#\/schema\/logo\/image\/","url":"https:\/\/georocfor.com\/wp-content\/uploads\/2024\/03\/georocfor_logo_457x64.png","contentUrl":"https:\/\/georocfor.com\/wp-content\/uploads\/2024\/03\/georocfor_logo_457x64.png","width":457,"height":64,"caption":"GeoRocFor"},"image":{"@id":"https:\/\/georocfor.com\/fr\/#\/schema\/logo\/image\/"}}]}},"jetpack_sharing_enabled":true,"_links":{"self":[{"href":"https:\/\/georocfor.com\/fr\/wp-json\/wp\/v2\/pages\/995180","targetHints":{"allow":["GET"]}}],"collection":[{"href":"https:\/\/georocfor.com\/fr\/wp-json\/wp\/v2\/pages"}],"about":[{"href":"https:\/\/georocfor.com\/fr\/wp-json\/wp\/v2\/types\/page"}],"author":[{"embeddable":true,"href":"https:\/\/georocfor.com\/fr\/wp-json\/wp\/v2\/users\/1"}],"replies":[{"embeddable":true,"href":"https:\/\/georocfor.com\/fr\/wp-json\/wp\/v2\/comments?post=995180"}],"version-history":[{"count":5,"href":"https:\/\/georocfor.com\/fr\/wp-json\/wp\/v2\/pages\/995180\/revisions"}],"predecessor-version":[{"id":995927,"href":"https:\/\/georocfor.com\/fr\/wp-json\/wp\/v2\/pages\/995180\/revisions\/995927"}],"up":[{"embeddable":true,"href":"https:\/\/georocfor.com\/fr\/wp-json\/wp\/v2\/pages\/995085"}],"wp:featuredmedia":[{"embeddable":true,"href":"https:\/\/georocfor.com\/fr\/wp-json\/wp\/v2\/media\/992083"}],"wp:attachment":[{"href":"https:\/\/georocfor.com\/fr\/wp-json\/wp\/v2\/media?parent=995180"}],"curies":[{"name":"wp","href":"https:\/\/api.w.org\/{rel}","templated":true}]}}