{"id":995174,"date":"2024-03-27T11:58:57","date_gmt":"2024-03-27T15:58:57","guid":{"rendered":"https:\/\/georocfor.com\/produits\/systemes-de-tubage-a-lavancement\/xs-t-v2-0-system\/xs-t-v2-0-4500-114-3mm-a-5500-139-7mm\/"},"modified":"2026-01-27T16:36:51","modified_gmt":"2026-01-27T21:36:51","slug":"xs-t-v2-0-4500-114-3mm-a-5500-139-7mm","status":"publish","type":"page","link":"https:\/\/georocfor.com\/fr\/produits\/systemes-de-tubage-a-lavancement\/systeme-xs-t-v2-0\/xs-t-v2-0-4500-114-3mm-a-5500-139-7mm\/","title":{"rendered":"Xs T V2.0 4,500\u2033 \/ 114.3mm  \u00e0 5,500\u2033 \/ 139.7mm"},"content":{"rendered":"<div class=\"vgblk-rw-wrapper limit-wrapper\">\r\n<h2>Produits<br \/><b>Xs T V2.0 <\/b><\/h2>\r\n<div id=\"product-3d-image\"><!--data-speed=\"2\" data-delay=\"1\"--><img loading=\"lazy\" decoding=\"async\" src=\"https:\/\/georocfor.com\/wp-content\/uploads\/2025\/08\/PSyst_XST-V2_-_6_625_0000.jpg\" width=\"640\" height=\"640\" class=\"reel image-3d\" data-images=\"https:\/\/georocfor.com\/wp-content\/uploads\/2025\/08\/PSyst_XST-V2_-_6_625_0001.jpg,https:\/\/georocfor.com\/wp-content\/uploads\/2025\/08\/PSyst_XST-V2_-_6_625_0041.jpg,https:\/\/georocfor.com\/wp-content\/uploads\/2025\/08\/PSyst_XST-V2_-_6_625_0040.jpg,https:\/\/georocfor.com\/wp-content\/uploads\/2025\/08\/PSyst_XST-V2_-_6_625_0039.jpg,https:\/\/georocfor.com\/wp-content\/uploads\/2025\/08\/PSyst_XST-V2_-_6_625_0038.jpg,https:\/\/georocfor.com\/wp-content\/uploads\/2025\/08\/PSyst_XST-V2_-_6_625_0037.jpg,https:\/\/georocfor.com\/wp-content\/uploads\/2025\/08\/PSyst_XST-V2_-_6_625_0036.jpg,https:\/\/georocfor.com\/wp-content\/uploads\/2025\/08\/PSyst_XST-V2_-_6_625_0035.jpg,https:\/\/georocfor.com\/wp-content\/uploads\/2025\/08\/PSyst_XST-V2_-_6_625_0034.jpg,https:\/\/georocfor.com\/wp-content\/uploads\/2025\/08\/PSyst_XST-V2_-_6_625_0033.jpg,https:\/\/georocfor.com\/wp-content\/uploads\/2025\/08\/PSyst_XST-V2_-_6_625_0032.jpg,https:\/\/georocfor.com\/wp-content\/uploads\/2025\/08\/PSyst_XST-V2_-_6_625_0031.jpg,https:\/\/georocfor.com\/wp-content\/uploads\/2025\/08\/PSyst_XST-V2_-_6_625_0030.jpg,https:\/\/georocfor.com\/wp-content\/uploads\/2025\/08\/PSyst_XST-V2_-_6_625_0029.jpg,https:\/\/georocfor.com\/wp-content\/uploads\/2025\/08\/PSyst_XST-V2_-_6_625_0028.jpg,https:\/\/georocfor.com\/wp-content\/uploads\/2025\/08\/PSyst_XST-V2_-_6_625_0027.jpg,https:\/\/georocfor.com\/wp-content\/uploads\/2025\/08\/PSyst_XST-V2_-_6_625_0025.jpg,https:\/\/georocfor.com\/wp-content\/uploads\/2025\/08\/PSyst_XST-V2_-_6_625_0024.jpg,https:\/\/georocfor.com\/wp-content\/uploads\/2025\/08\/PSyst_XST-V2_-_6_625_0023.jpg,https:\/\/georocfor.com\/wp-content\/uploads\/2025\/08\/PSyst_XST-V2_-_6_625_0022.jpg,https:\/\/georocfor.com\/wp-content\/uploads\/2025\/08\/PSyst_XST-V2_-_6_625_0021.jpg,https:\/\/georocfor.com\/wp-content\/uploads\/2025\/08\/PSyst_XST-V2_-_6_625_0020.jpg,https:\/\/georocfor.com\/wp-content\/uploads\/2025\/08\/PSyst_XST-V2_-_6_625_0019.jpg,https:\/\/georocfor.com\/wp-content\/uploads\/2025\/08\/PSyst_XST-V2_-_6_625_0018.jpg,https:\/\/georocfor.com\/wp-content\/uploads\/2025\/08\/PSyst_XST-V2_-_6_625_0017.jpg,https:\/\/georocfor.com\/wp-content\/uploads\/2025\/08\/PSyst_XST-V2_-_6_625_0016.jpg,https:\/\/georocfor.com\/wp-content\/uploads\/2025\/08\/PSyst_XST-V2_-_6_625_0015.jpg,https:\/\/georocfor.com\/wp-content\/uploads\/2025\/08\/PSyst_XST-V2_-_6_625_0014.jpg,https:\/\/georocfor.com\/wp-content\/uploads\/2025\/08\/PSyst_XST-V2_-_6_625_0013.jpg,https:\/\/georocfor.com\/wp-content\/uploads\/2025\/08\/PSyst_XST-V2_-_6_625_0012.jpg,https:\/\/georocfor.com\/wp-content\/uploads\/2025\/08\/PSyst_XST-V2_-_6_625_0011.jpg,https:\/\/georocfor.com\/wp-content\/uploads\/2025\/08\/PSyst_XST-V2_-_6_625_0010.jpg,https:\/\/georocfor.com\/wp-content\/uploads\/2025\/08\/PSyst_XST-V2_-_6_625_0009.jpg,https:\/\/georocfor.com\/wp-content\/uploads\/2025\/08\/PSyst_XST-V2_-_6_625_0008.jpg,https:\/\/georocfor.com\/wp-content\/uploads\/2025\/08\/PSyst_XST-V2_-_6_625_0007.jpg,https:\/\/georocfor.com\/wp-content\/uploads\/2025\/08\/PSyst_XST-V2_-_6_625_0006.jpg,https:\/\/georocfor.com\/wp-content\/uploads\/2025\/08\/PSyst_XST-V2_-_6_625_0005.jpg,https:\/\/georocfor.com\/wp-content\/uploads\/2025\/08\/PSyst_XST-V2_-_6_625_0004.jpg,https:\/\/georocfor.com\/wp-content\/uploads\/2025\/08\/PSyst_XST-V2_-_6_625_0003.jpg,https:\/\/georocfor.com\/wp-content\/uploads\/2025\/08\/PSyst_XST-V2_-_6_625_0002.jpg\" \/><\/div>\r\n<p>Ce syst\u00e8me est utilis\u00e9 pour le forage de trous profonds lorsque l&rsquo;installation permanente de tubage est requise. Le diam\u00e8tre de sous-forage r\u00e9duit est \u00e9quivalent \u00e0 celui de tous les autres syst\u00e8mes sur le march\u00e9.<\/p>\r\n<h3>Avantages<\/h3>\r\n<ul>\r\n<li>Meilleure durabilit\u00e9 de la couronne sur le march\u00e9.<\/li>\r\n<li>Facile \u00e0 verrouiller la couronne m\u00eame lorsque l&rsquo;air est en marche.<\/li>\r\n<\/ul>\r\n<h3>Applications les plus courantes<\/h3>\r\n<p>Puits d&rsquo;eau et puits g\u00e9othermiques<\/p>\r\n<h2>Donn\u00e9es<br \/><b>techniques<\/b><\/h2>\r\n<p><img loading=\"lazy\" decoding=\"async\" title=\"georocfor_xs-tv2-mesures_1200x800\" src=\"https:\/\/georocfor.com\/wp-content\/uploads\/2024\/03\/georocfor_xs-tv2-mesures_1200x800-630x420.jpg\" sizes=\"auto, (max-width: 768px) 100vw, 100vw\" srcset=\"https:\/\/georocfor.com\/wp-content\/uploads\/2024\/03\/georocfor_xs-tv2-mesures_1200x800-630x420.jpg 630w, https:\/\/georocfor.com\/wp-content\/uploads\/2024\/03\/georocfor_xs-tv2-mesures_1200x800-300x200.jpg 300w, https:\/\/georocfor.com\/wp-content\/uploads\/2024\/03\/georocfor_xs-tv2-mesures_1200x800-1024x683.jpg 1024w, https:\/\/georocfor.com\/wp-content\/uploads\/2024\/03\/georocfor_xs-tv2-mesures_1200x800-768x512.jpg 768w, https:\/\/georocfor.com\/wp-content\/uploads\/2024\/03\/georocfor_xs-tv2-mesures_1200x800-420x280.jpg 420w, https:\/\/georocfor.com\/wp-content\/uploads\/2024\/03\/georocfor_xs-tv2-mesures_1200x800-840x560.jpg 840w, https:\/\/georocfor.com\/wp-content\/uploads\/2024\/03\/georocfor_xs-tv2-mesures_1200x800-315x210.jpg 315w, https:\/\/georocfor.com\/wp-content\/uploads\/2024\/03\/georocfor_xs-tv2-mesures_1200x800.jpg 1200w\" alt=\"georocfor_xs-tv2-mesures_1200x800\" width=\"630\" height=\"420\" \/> Mesures du syst\u00e8me Xs T V2.0 4,500\u2033 \/ 114.3mm<\/p>\r\n<h3>Donn\u00e9es techniques<\/h3>\r\n<table>\r\n<tbody>\r\n<tr>\r\n<td>Diam\u00e8tre ext\u00e9rieur du tube<\/td>\r\n<td>4,500&Prime;<\/td>\r\n<td>114.3mm<\/td>\r\n<\/tr>\r\n<tr>\r\n<td>Mur maximum<\/td>\r\n<td>0,250&Prime;<\/td>\r\n<td>6.3mm<\/td>\r\n<\/tr>\r\n<tr>\r\n<td>Diam\u00e8tre ext\u00e9rieur<\/td>\r\n<td>5,375&Prime;<\/td>\r\n<td>136.5mm<\/td>\r\n<\/tr>\r\n<tr>\r\n<td>Diam\u00e8tre int\u00e9rieur<\/td>\r\n<td>3,640&Prime;<\/td>\r\n<td>92.5mm<\/td>\r\n<\/tr>\r\n<tr>\r\n<td>Diam\u00e8tre du taillant d&rsquo;entrainement<\/td>\r\n<td>3,930&Prime;<\/td>\r\n<td>99.8mm<\/td>\r\n<\/tr>\r\n<tr>\r\n<td>Marteau<\/td>\r\n<td>3&Prime; \/ 3,5&Prime;<\/td>\r\n<td>76.2mm \/ 88.9mm<\/td>\r\n<\/tr>\r\n<\/tbody>\r\n<\/table>\r\n<h3>Num\u00e9ro de produit<\/h3>\r\n<table>\r\n<tbody>\r\n<tr>\r\n<td>Couronne standard<\/td>\r\n<td>XS-T-CR4.50\/PLUS<\/td>\r\n<\/tr>\r\n<tr>\r\n<td>Couronne SA<\/td>\r\n<td>XS-T-CR4.50\/SA<\/td>\r\n<\/tr>\r\n<tr>\r\n<td>Taillant d&rsquo;entrainement<\/td>\r\n<td>XS-T-DR4.50\/***<\/td>\r\n<\/tr>\r\n<\/tbody>\r\n<\/table>\r\n<p>Mesures du syst\u00e8me Xs T V2.0 4,500\u2033 \/ 114.3mm<\/p>\r\n<h3>Donn\u00e9es techniques<\/h3>\r\n<table>\r\n<tbody>\r\n<tr>\r\n<td>Diam\u00e8tre ext\u00e9rieur du tube<\/td>\r\n<td>5,000&Prime;<\/td>\r\n<td>127mm<\/td>\r\n<\/tr>\r\n<tr>\r\n<td>Mur maximum<\/td>\r\n<td>0,280&Prime;<\/td>\r\n<td>7mm<\/td>\r\n<\/tr>\r\n<tr>\r\n<td>Diam\u00e8tre ext\u00e9rieur<\/td>\r\n<td>5,875&Prime;<\/td>\r\n<td>149.2mm<\/td>\r\n<\/tr>\r\n<tr>\r\n<td>Diam\u00e8tre int\u00e9rieur<\/td>\r\n<td>4,060&Prime;<\/td>\r\n<td>103.1mm<\/td>\r\n<\/tr>\r\n<tr>\r\n<td>Diam\u00e8tre du taillant d&rsquo;entrainement<\/td>\r\n<td>4,400&Prime;<\/td>\r\n<td>111.8mm<\/td>\r\n<\/tr>\r\n<tr>\r\n<td>Marteau<\/td>\r\n<td>4&Prime;<\/td>\r\n<td>101.6mm<\/td>\r\n<\/tr>\r\n<\/tbody>\r\n<\/table>\r\n<h3>Num\u00e9ro de produit<\/h3>\r\n<table>\r\n<tbody>\r\n<tr>\r\n<td>Couronne standard<\/td>\r\n<td>XS-T-CR5.00\/PLUS<\/td>\r\n<\/tr>\r\n<tr>\r\n<td>Couronne SA<\/td>\r\n<td>XS-T-CR5.00\/SA<\/td>\r\n<\/tr>\r\n<tr>\r\n<td>Taillant d&rsquo;entrainement<\/td>\r\n<td>XS-T-DR5.00\/***<\/td>\r\n<\/tr>\r\n<\/tbody>\r\n<\/table>\r\n<p>Mesures du syst\u00e8me Xs T V2.0 5,500 &#8211; 2\u2033 \/ 139.7 &#8211; 2<\/p>\r\n<h3>Donn\u00e9es techniques<\/h3>\r\n<table>\r\n<tbody>\r\n<tr>\r\n<td>Diam\u00e8tre ext\u00e9rieur du tube<\/td>\r\n<td>5,500&Prime;<\/td>\r\n<td>139.7mm<\/td>\r\n<\/tr>\r\n<tr>\r\n<td>Mur maximum<\/td>\r\n<td>0,425&Prime;<\/td>\r\n<td>10,8mm<\/td>\r\n<\/tr>\r\n<tr>\r\n<td>Diam\u00e8tre ext\u00e9rieur<\/td>\r\n<td>6,200&Prime;<\/td>\r\n<td>157mm<\/td>\r\n<\/tr>\r\n<tr>\r\n<td>Diam\u00e8tre int\u00e9rieur<\/td>\r\n<td>4,210&Prime;<\/td>\r\n<td>107mm<\/td>\r\n<\/tr>\r\n<tr>\r\n<td>Diam\u00e8tre du taillant d&rsquo;entrainement<\/td>\r\n<td>4,550&Prime;<\/td>\r\n<td>115,5mm<\/td>\r\n<\/tr>\r\n<tr>\r\n<td>Marteau<\/td>\r\n<td>4&Prime;<\/td>\r\n<td>101.6mm<\/td>\r\n<\/tr>\r\n<\/tbody>\r\n<\/table>\r\n<h3>Num\u00e9ro de produit<\/h3>\r\n<table>\r\n<tbody>\r\n<tr>\r\n<td>Couronne standard<\/td>\r\n<td>XS-T\/V2-CR5.50-2\/PLUS<\/td>\r\n<\/tr>\r\n<tr>\r\n<td>Couronne SA<\/td>\r\n<td>XS-T\/V2-CR5.50-2\/SA<\/td>\r\n<\/tr>\r\n<tr>\r\n<td>Taillant d&rsquo;entrainement<\/td>\r\n<td>XS-T\/V2-DR5.50-2\/***<\/td>\r\n<\/tr>\r\n<\/tbody>\r\n<\/table>\r\n<p>Mesures du syst\u00e8me Xs T V2.0 5,500\u2033 \/ 139.7mm<\/p>\r\n<h3>Donn\u00e9es techniques<\/h3>\r\n<table>\r\n<tbody>\r\n<tr>\r\n<td>Diam\u00e8tre ext\u00e9rieur du tube<\/td>\r\n<td>5,500&Prime;<\/td>\r\n<td>139.7mm<\/td>\r\n<\/tr>\r\n<tr>\r\n<td>Mur maximum<\/td>\r\n<td>0,258&Prime;<\/td>\r\n<td>6,5mm<\/td>\r\n<\/tr>\r\n<tr>\r\n<td>Diam\u00e8tre ext\u00e9rieur<\/td>\r\n<td>6,350&Prime;<\/td>\r\n<td>161mm<\/td>\r\n<\/tr>\r\n<tr>\r\n<td>Diam\u00e8tre int\u00e9rieur<\/td>\r\n<td>4,560&Prime;<\/td>\r\n<td>116mm<\/td>\r\n<\/tr>\r\n<tr>\r\n<td>Diam\u00e8tre du taillant d&rsquo;entrainement<\/td>\r\n<td>4,900&Prime;<\/td>\r\n<td>124,4mm<\/td>\r\n<\/tr>\r\n<tr>\r\n<td>Marteau<\/td>\r\n<td>4&Prime;<\/td>\r\n<td>101.6mm<\/td>\r\n<\/tr>\r\n<\/tbody>\r\n<\/table>\r\n<h3>Num\u00e9ro de produit<\/h3>\r\n<table>\r\n<tbody>\r\n<tr>\r\n<td>Couronne standard<\/td>\r\n<td>XS-T\/V2-CR5.50\/PLUS<\/td>\r\n<\/tr>\r\n<tr>\r\n<td>Couronne SA<\/td>\r\n<td>XS-T\/V2-CR5.50\/SA<\/td>\r\n<\/tr>\r\n<tr>\r\n<td>Taillant d&rsquo;entrainement<\/td>\r\n<td>XS-T\/V2-DR5.50\/***<\/td>\r\n<\/tr>\r\n<\/tbody>\r\n<\/table>\r\n<\/div><!-- .vgblk-rw-wrapper -->","protected":false},"excerpt":{"rendered":"<p>ProduitsXs T V2.0 Ce syst\u00e8me est utilis\u00e9 pour le forage de trous profonds lorsque l&rsquo;installation permanente de tubage est requise. Le diam\u00e8tre de sous-forage r\u00e9duit est \u00e9quivalent \u00e0 celui de tous les autres syst\u00e8mes sur le march\u00e9. Avantages Meilleure durabilit\u00e9 de la couronne sur le march\u00e9. Facile \u00e0 verrouiller la couronne m\u00eame lorsque l&rsquo;air est&#8230;<\/p>\n","protected":false},"author":1,"featured_media":993418,"parent":995083,"menu_order":0,"comment_status":"closed","ping_status":"closed","template":"","meta":{"_acf_changed":false,"inline_featured_image":false,"_monsterinsights_skip_tracking":false,"_monsterinsights_sitenote_active":false,"_monsterinsights_sitenote_note":"","_monsterinsights_sitenote_category":0,"footnotes":""},"class_list":["post-995174","page","type-page","status-publish","has-post-thumbnail","hentry"],"acf":[],"yoast_head":"<!-- This site is optimized with the Yoast SEO plugin v26.8 - https:\/\/yoast.com\/product\/yoast-seo-wordpress\/ -->\n<title>Xs T V2.0 4,500\u2033 \/ 114.3mm \u00e0 5,500\u2033 \/ 139.7mm - GeoRocFor<\/title>\n<meta name=\"description\" content=\"XS-T v2.0 4500\u2013114.3 mm \u00e0 5500\u2013139.7 mm GeoRocFor : tubage durable pour optimiser productivit\u00e9, pr\u00e9cision et efficacit\u00e9 de forage.\" \/>\n<meta name=\"robots\" content=\"index, follow, max-snippet:-1, max-image-preview:large, max-video-preview:-1\" \/>\n<link rel=\"canonical\" href=\"https:\/\/georocfor.com\/fr\/produits\/systemes-de-tubage-a-lavancement\/systeme-xs-t-v2-0\/xs-t-v2-0-4500-114-3mm-a-5500-139-7mm\/\" \/>\n<meta property=\"og:locale\" content=\"fr_CA\" \/>\n<meta property=\"og:type\" content=\"article\" \/>\n<meta property=\"og:title\" content=\"Xs T V2.0 4,500\u2033 \/ 114.3mm \u00e0 5,500\u2033 \/ 139.7mm - GeoRocFor\" \/>\n<meta property=\"og:description\" content=\"XS-T v2.0 4500\u2013114.3 mm \u00e0 5500\u2013139.7 mm GeoRocFor : tubage durable pour optimiser productivit\u00e9, pr\u00e9cision et efficacit\u00e9 de forage.\" \/>\n<meta property=\"og:url\" content=\"https:\/\/georocfor.com\/fr\/produits\/systemes-de-tubage-a-lavancement\/systeme-xs-t-v2-0\/xs-t-v2-0-4500-114-3mm-a-5500-139-7mm\/\" \/>\n<meta property=\"og:site_name\" content=\"GeoRocFor\" \/>\n<meta property=\"article:modified_time\" content=\"2026-01-27T21:36:51+00:00\" \/>\n<meta property=\"og:image\" content=\"https:\/\/georocfor.com\/wp-content\/uploads\/2025\/08\/PSyst_XST-V2_-_6_625_0041.jpg\" \/>\n\t<meta property=\"og:image:width\" content=\"640\" \/>\n\t<meta property=\"og:image:height\" content=\"480\" \/>\n\t<meta property=\"og:image:type\" content=\"image\/jpeg\" \/>\n<meta name=\"twitter:card\" content=\"summary_large_image\" \/>\n<meta name=\"twitter:label1\" content=\"Estimation du temps de lecture\" \/>\n\t<meta name=\"twitter:data1\" content=\"2 minutes\" \/>\n<script type=\"application\/ld+json\" class=\"yoast-schema-graph\">{\"@context\":\"https:\/\/schema.org\",\"@graph\":[{\"@type\":\"WebPage\",\"@id\":\"https:\/\/georocfor.com\/fr\/produits\/systemes-de-tubage-a-lavancement\/systeme-xs-t-v2-0\/xs-t-v2-0-4500-114-3mm-a-5500-139-7mm\/\",\"url\":\"https:\/\/georocfor.com\/fr\/produits\/systemes-de-tubage-a-lavancement\/systeme-xs-t-v2-0\/xs-t-v2-0-4500-114-3mm-a-5500-139-7mm\/\",\"name\":\"Xs T V2.0 4,500\u2033 \/ 114.3mm \u00e0 5,500\u2033 \/ 139.7mm - GeoRocFor\",\"isPartOf\":{\"@id\":\"https:\/\/georocfor.com\/fr\/#website\"},\"primaryImageOfPage\":{\"@id\":\"https:\/\/georocfor.com\/fr\/produits\/systemes-de-tubage-a-lavancement\/systeme-xs-t-v2-0\/xs-t-v2-0-4500-114-3mm-a-5500-139-7mm\/#primaryimage\"},\"image\":{\"@id\":\"https:\/\/georocfor.com\/fr\/produits\/systemes-de-tubage-a-lavancement\/systeme-xs-t-v2-0\/xs-t-v2-0-4500-114-3mm-a-5500-139-7mm\/#primaryimage\"},\"thumbnailUrl\":\"https:\/\/georocfor.com\/wp-content\/uploads\/2025\/08\/PSyst_XST-V2_-_6_625_0041.jpg\",\"datePublished\":\"2024-03-27T15:58:57+00:00\",\"dateModified\":\"2026-01-27T21:36:51+00:00\",\"description\":\"XS-T v2.0 4500\u2013114.3 mm \u00e0 5500\u2013139.7 mm GeoRocFor : tubage durable pour optimiser productivit\u00e9, pr\u00e9cision et efficacit\u00e9 de forage.\",\"breadcrumb\":{\"@id\":\"https:\/\/georocfor.com\/fr\/produits\/systemes-de-tubage-a-lavancement\/systeme-xs-t-v2-0\/xs-t-v2-0-4500-114-3mm-a-5500-139-7mm\/#breadcrumb\"},\"inLanguage\":\"fr-CA\",\"potentialAction\":[{\"@type\":\"ReadAction\",\"target\":[\"https:\/\/georocfor.com\/fr\/produits\/systemes-de-tubage-a-lavancement\/systeme-xs-t-v2-0\/xs-t-v2-0-4500-114-3mm-a-5500-139-7mm\/\"]}]},{\"@type\":\"ImageObject\",\"inLanguage\":\"fr-CA\",\"@id\":\"https:\/\/georocfor.com\/fr\/produits\/systemes-de-tubage-a-lavancement\/systeme-xs-t-v2-0\/xs-t-v2-0-4500-114-3mm-a-5500-139-7mm\/#primaryimage\",\"url\":\"https:\/\/georocfor.com\/wp-content\/uploads\/2025\/08\/PSyst_XST-V2_-_6_625_0041.jpg\",\"contentUrl\":\"https:\/\/georocfor.com\/wp-content\/uploads\/2025\/08\/PSyst_XST-V2_-_6_625_0041.jpg\",\"width\":640,\"height\":480,\"caption\":\"Syst\u00e8me Xs T V2.0 - 4,500\u2033 \/ 114.3mm \u00e0 5,500\u2033 \/ 139.7mm\"},{\"@type\":\"BreadcrumbList\",\"@id\":\"https:\/\/georocfor.com\/fr\/produits\/systemes-de-tubage-a-lavancement\/systeme-xs-t-v2-0\/xs-t-v2-0-4500-114-3mm-a-5500-139-7mm\/#breadcrumb\",\"itemListElement\":[{\"@type\":\"ListItem\",\"position\":1,\"name\":\"Home\",\"item\":\"https:\/\/georocfor.com\/fr\/\"},{\"@type\":\"ListItem\",\"position\":2,\"name\":\"Produits\",\"item\":\"https:\/\/georocfor.com\/fr\/produits\/\"},{\"@type\":\"ListItem\",\"position\":3,\"name\":\"Syst\u00e8mes de tubage \u00e0 l\u2019avancement\",\"item\":\"https:\/\/georocfor.com\/fr\/produits\/systemes-de-tubage-a-lavancement\/\"},{\"@type\":\"ListItem\",\"position\":4,\"name\":\"Syst\u00e8me Xs T v2.0\",\"item\":\"https:\/\/georocfor.com\/fr\/produits\/systemes-de-tubage-a-lavancement\/systeme-xs-t-v2-0\/\"},{\"@type\":\"ListItem\",\"position\":5,\"name\":\"Xs T V2.0 4,500\u2033 \/ 114.3mm \u00e0 5,500\u2033 \/ 139.7mm\"}]},{\"@type\":\"WebSite\",\"@id\":\"https:\/\/georocfor.com\/fr\/#website\",\"url\":\"https:\/\/georocfor.com\/fr\/\",\"name\":\"GeoRocFor\",\"description\":\"\",\"publisher\":{\"@id\":\"https:\/\/georocfor.com\/fr\/#organization\"},\"potentialAction\":[{\"@type\":\"SearchAction\",\"target\":{\"@type\":\"EntryPoint\",\"urlTemplate\":\"https:\/\/georocfor.com\/fr\/?s={search_term_string}\"},\"query-input\":{\"@type\":\"PropertyValueSpecification\",\"valueRequired\":true,\"valueName\":\"search_term_string\"}}],\"inLanguage\":\"fr-CA\"},{\"@type\":\"Organization\",\"@id\":\"https:\/\/georocfor.com\/fr\/#organization\",\"name\":\"GeoRocFor\",\"url\":\"https:\/\/georocfor.com\/fr\/\",\"logo\":{\"@type\":\"ImageObject\",\"inLanguage\":\"fr-CA\",\"@id\":\"https:\/\/georocfor.com\/fr\/#\/schema\/logo\/image\/\",\"url\":\"https:\/\/georocfor.com\/wp-content\/uploads\/2024\/03\/georocfor_logo_457x64.png\",\"contentUrl\":\"https:\/\/georocfor.com\/wp-content\/uploads\/2024\/03\/georocfor_logo_457x64.png\",\"width\":457,\"height\":64,\"caption\":\"GeoRocFor\"},\"image\":{\"@id\":\"https:\/\/georocfor.com\/fr\/#\/schema\/logo\/image\/\"}}]}<\/script>\n<!-- \/ Yoast SEO plugin. -->","yoast_head_json":{"title":"Xs T V2.0 4,500\u2033 \/ 114.3mm \u00e0 5,500\u2033 \/ 139.7mm - GeoRocFor","description":"XS-T v2.0 4500\u2013114.3 mm \u00e0 5500\u2013139.7 mm GeoRocFor : tubage durable pour optimiser productivit\u00e9, pr\u00e9cision et efficacit\u00e9 de forage.","robots":{"index":"index","follow":"follow","max-snippet":"max-snippet:-1","max-image-preview":"max-image-preview:large","max-video-preview":"max-video-preview:-1"},"canonical":"https:\/\/georocfor.com\/fr\/produits\/systemes-de-tubage-a-lavancement\/systeme-xs-t-v2-0\/xs-t-v2-0-4500-114-3mm-a-5500-139-7mm\/","og_locale":"fr_CA","og_type":"article","og_title":"Xs T V2.0 4,500\u2033 \/ 114.3mm \u00e0 5,500\u2033 \/ 139.7mm - GeoRocFor","og_description":"XS-T v2.0 4500\u2013114.3 mm \u00e0 5500\u2013139.7 mm GeoRocFor : tubage durable pour optimiser productivit\u00e9, pr\u00e9cision et efficacit\u00e9 de forage.","og_url":"https:\/\/georocfor.com\/fr\/produits\/systemes-de-tubage-a-lavancement\/systeme-xs-t-v2-0\/xs-t-v2-0-4500-114-3mm-a-5500-139-7mm\/","og_site_name":"GeoRocFor","article_modified_time":"2026-01-27T21:36:51+00:00","og_image":[{"width":640,"height":480,"url":"https:\/\/georocfor.com\/wp-content\/uploads\/2025\/08\/PSyst_XST-V2_-_6_625_0041.jpg","type":"image\/jpeg"}],"twitter_card":"summary_large_image","twitter_misc":{"Estimation du temps de lecture":"2 minutes"},"schema":{"@context":"https:\/\/schema.org","@graph":[{"@type":"WebPage","@id":"https:\/\/georocfor.com\/fr\/produits\/systemes-de-tubage-a-lavancement\/systeme-xs-t-v2-0\/xs-t-v2-0-4500-114-3mm-a-5500-139-7mm\/","url":"https:\/\/georocfor.com\/fr\/produits\/systemes-de-tubage-a-lavancement\/systeme-xs-t-v2-0\/xs-t-v2-0-4500-114-3mm-a-5500-139-7mm\/","name":"Xs T V2.0 4,500\u2033 \/ 114.3mm \u00e0 5,500\u2033 \/ 139.7mm - GeoRocFor","isPartOf":{"@id":"https:\/\/georocfor.com\/fr\/#website"},"primaryImageOfPage":{"@id":"https:\/\/georocfor.com\/fr\/produits\/systemes-de-tubage-a-lavancement\/systeme-xs-t-v2-0\/xs-t-v2-0-4500-114-3mm-a-5500-139-7mm\/#primaryimage"},"image":{"@id":"https:\/\/georocfor.com\/fr\/produits\/systemes-de-tubage-a-lavancement\/systeme-xs-t-v2-0\/xs-t-v2-0-4500-114-3mm-a-5500-139-7mm\/#primaryimage"},"thumbnailUrl":"https:\/\/georocfor.com\/wp-content\/uploads\/2025\/08\/PSyst_XST-V2_-_6_625_0041.jpg","datePublished":"2024-03-27T15:58:57+00:00","dateModified":"2026-01-27T21:36:51+00:00","description":"XS-T v2.0 4500\u2013114.3 mm \u00e0 5500\u2013139.7 mm GeoRocFor : tubage durable pour optimiser productivit\u00e9, pr\u00e9cision et efficacit\u00e9 de forage.","breadcrumb":{"@id":"https:\/\/georocfor.com\/fr\/produits\/systemes-de-tubage-a-lavancement\/systeme-xs-t-v2-0\/xs-t-v2-0-4500-114-3mm-a-5500-139-7mm\/#breadcrumb"},"inLanguage":"fr-CA","potentialAction":[{"@type":"ReadAction","target":["https:\/\/georocfor.com\/fr\/produits\/systemes-de-tubage-a-lavancement\/systeme-xs-t-v2-0\/xs-t-v2-0-4500-114-3mm-a-5500-139-7mm\/"]}]},{"@type":"ImageObject","inLanguage":"fr-CA","@id":"https:\/\/georocfor.com\/fr\/produits\/systemes-de-tubage-a-lavancement\/systeme-xs-t-v2-0\/xs-t-v2-0-4500-114-3mm-a-5500-139-7mm\/#primaryimage","url":"https:\/\/georocfor.com\/wp-content\/uploads\/2025\/08\/PSyst_XST-V2_-_6_625_0041.jpg","contentUrl":"https:\/\/georocfor.com\/wp-content\/uploads\/2025\/08\/PSyst_XST-V2_-_6_625_0041.jpg","width":640,"height":480,"caption":"Syst\u00e8me Xs T V2.0 - 4,500\u2033 \/ 114.3mm \u00e0 5,500\u2033 \/ 139.7mm"},{"@type":"BreadcrumbList","@id":"https:\/\/georocfor.com\/fr\/produits\/systemes-de-tubage-a-lavancement\/systeme-xs-t-v2-0\/xs-t-v2-0-4500-114-3mm-a-5500-139-7mm\/#breadcrumb","itemListElement":[{"@type":"ListItem","position":1,"name":"Home","item":"https:\/\/georocfor.com\/fr\/"},{"@type":"ListItem","position":2,"name":"Produits","item":"https:\/\/georocfor.com\/fr\/produits\/"},{"@type":"ListItem","position":3,"name":"Syst\u00e8mes de tubage \u00e0 l\u2019avancement","item":"https:\/\/georocfor.com\/fr\/produits\/systemes-de-tubage-a-lavancement\/"},{"@type":"ListItem","position":4,"name":"Syst\u00e8me Xs T v2.0","item":"https:\/\/georocfor.com\/fr\/produits\/systemes-de-tubage-a-lavancement\/systeme-xs-t-v2-0\/"},{"@type":"ListItem","position":5,"name":"Xs T V2.0 4,500\u2033 \/ 114.3mm \u00e0 5,500\u2033 \/ 139.7mm"}]},{"@type":"WebSite","@id":"https:\/\/georocfor.com\/fr\/#website","url":"https:\/\/georocfor.com\/fr\/","name":"GeoRocFor","description":"","publisher":{"@id":"https:\/\/georocfor.com\/fr\/#organization"},"potentialAction":[{"@type":"SearchAction","target":{"@type":"EntryPoint","urlTemplate":"https:\/\/georocfor.com\/fr\/?s={search_term_string}"},"query-input":{"@type":"PropertyValueSpecification","valueRequired":true,"valueName":"search_term_string"}}],"inLanguage":"fr-CA"},{"@type":"Organization","@id":"https:\/\/georocfor.com\/fr\/#organization","name":"GeoRocFor","url":"https:\/\/georocfor.com\/fr\/","logo":{"@type":"ImageObject","inLanguage":"fr-CA","@id":"https:\/\/georocfor.com\/fr\/#\/schema\/logo\/image\/","url":"https:\/\/georocfor.com\/wp-content\/uploads\/2024\/03\/georocfor_logo_457x64.png","contentUrl":"https:\/\/georocfor.com\/wp-content\/uploads\/2024\/03\/georocfor_logo_457x64.png","width":457,"height":64,"caption":"GeoRocFor"},"image":{"@id":"https:\/\/georocfor.com\/fr\/#\/schema\/logo\/image\/"}}]}},"jetpack_sharing_enabled":true,"_links":{"self":[{"href":"https:\/\/georocfor.com\/fr\/wp-json\/wp\/v2\/pages\/995174","targetHints":{"allow":["GET"]}}],"collection":[{"href":"https:\/\/georocfor.com\/fr\/wp-json\/wp\/v2\/pages"}],"about":[{"href":"https:\/\/georocfor.com\/fr\/wp-json\/wp\/v2\/types\/page"}],"author":[{"embeddable":true,"href":"https:\/\/georocfor.com\/fr\/wp-json\/wp\/v2\/users\/1"}],"replies":[{"embeddable":true,"href":"https:\/\/georocfor.com\/fr\/wp-json\/wp\/v2\/comments?post=995174"}],"version-history":[{"count":6,"href":"https:\/\/georocfor.com\/fr\/wp-json\/wp\/v2\/pages\/995174\/revisions"}],"predecessor-version":[{"id":995923,"href":"https:\/\/georocfor.com\/fr\/wp-json\/wp\/v2\/pages\/995174\/revisions\/995923"}],"up":[{"embeddable":true,"href":"https:\/\/georocfor.com\/fr\/wp-json\/wp\/v2\/pages\/995083"}],"wp:featuredmedia":[{"embeddable":true,"href":"https:\/\/georocfor.com\/fr\/wp-json\/wp\/v2\/media\/993418"}],"wp:attachment":[{"href":"https:\/\/georocfor.com\/fr\/wp-json\/wp\/v2\/media?parent=995174"}],"curies":[{"name":"wp","href":"https:\/\/api.w.org\/{rel}","templated":true}]}}