{"id":995155,"date":"2024-03-27T11:25:17","date_gmt":"2024-03-27T15:25:17","guid":{"rendered":"https:\/\/georocfor.com\/produits\/systemes-de-tubage-a-lavancement\/xs-s-system\/xs-s-6625-168-3mm-a-10750-273mm\/"},"modified":"2026-01-29T09:40:46","modified_gmt":"2026-01-29T14:40:46","slug":"xs-s-6625-168-3mm-a-10750-273mm","status":"publish","type":"page","link":"https:\/\/georocfor.com\/fr\/produits\/systemes-de-tubage-a-lavancement\/systeme-xs-s\/xs-s-6625-168-3mm-a-10750-273mm\/","title":{"rendered":"Xs S 6,625\u2033 \/ 168.3mm \u00e0 10,750\u2033 \/ 273mm"},"content":{"rendered":"<div class=\"vgblk-rw-wrapper limit-wrapper\">\n<h2>\n\tProduits<br \/><b>Xs S <\/b>\n\t<\/h2>\n\t<div id=\"product-3d-image\"><!--data-speed=\"2\" data-delay=\"1\"--><img loading=\"lazy\" decoding=\"async\" src=\"https:\/\/georocfor.com\/wp-content\/uploads\/2025\/08\/Syst_XS_10_750_0000.jpg\" width=\"640\" height=\"640\" class=\"reel image-3d\" data-images=\"https:\/\/georocfor.com\/wp-content\/uploads\/2025\/08\/Syst_XS_10_750_0000.jpg,https:\/\/georocfor.com\/wp-content\/uploads\/2025\/08\/Syst_XS_10_750_0042.jpg,https:\/\/georocfor.com\/wp-content\/uploads\/2025\/08\/Syst_XS_10_750_0041.jpg,https:\/\/georocfor.com\/wp-content\/uploads\/2025\/08\/Syst_XS_10_750_0040.jpg,https:\/\/georocfor.com\/wp-content\/uploads\/2025\/08\/Syst_XS_10_750_0039.jpg,https:\/\/georocfor.com\/wp-content\/uploads\/2025\/08\/Syst_XS_10_750_0038.jpg,https:\/\/georocfor.com\/wp-content\/uploads\/2025\/08\/Syst_XS_10_750_0037.jpg,https:\/\/georocfor.com\/wp-content\/uploads\/2025\/08\/Syst_XS_10_750_0036.jpg,https:\/\/georocfor.com\/wp-content\/uploads\/2025\/08\/Syst_XS_10_750_0035.jpg,https:\/\/georocfor.com\/wp-content\/uploads\/2025\/08\/Syst_XS_10_750_0034.jpg,https:\/\/georocfor.com\/wp-content\/uploads\/2025\/08\/Syst_XS_10_750_0033.jpg,https:\/\/georocfor.com\/wp-content\/uploads\/2025\/08\/Syst_XS_10_750_0032.jpg,https:\/\/georocfor.com\/wp-content\/uploads\/2025\/08\/Syst_XS_10_750_0031.jpg,https:\/\/georocfor.com\/wp-content\/uploads\/2025\/08\/Syst_XS_10_750_0030.jpg,https:\/\/georocfor.com\/wp-content\/uploads\/2025\/08\/Syst_XS_10_750_0029.jpg,https:\/\/georocfor.com\/wp-content\/uploads\/2025\/08\/Syst_XS_10_750_0028.jpg,https:\/\/georocfor.com\/wp-content\/uploads\/2025\/08\/Syst_XS_10_750_0027.jpg,https:\/\/georocfor.com\/wp-content\/uploads\/2025\/08\/Syst_XS_10_750_0026.jpg,https:\/\/georocfor.com\/wp-content\/uploads\/2025\/08\/Syst_XS_10_750_0025.jpg,https:\/\/georocfor.com\/wp-content\/uploads\/2025\/08\/Syst_XS_10_750_0024.jpg,https:\/\/georocfor.com\/wp-content\/uploads\/2025\/08\/Syst_XS_10_750_0023.jpg,https:\/\/georocfor.com\/wp-content\/uploads\/2025\/08\/Syst_XS_10_750_0022.jpg,https:\/\/georocfor.com\/wp-content\/uploads\/2025\/08\/Syst_XS_10_750_0021.jpg,https:\/\/georocfor.com\/wp-content\/uploads\/2025\/08\/Syst_XS_10_750_0020.jpg,https:\/\/georocfor.com\/wp-content\/uploads\/2025\/08\/Syst_XS_10_750_0019.jpg,https:\/\/georocfor.com\/wp-content\/uploads\/2025\/08\/Syst_XS_10_750_0018.jpg,https:\/\/georocfor.com\/wp-content\/uploads\/2025\/08\/Syst_XS_10_750_0017.jpg,https:\/\/georocfor.com\/wp-content\/uploads\/2025\/08\/Syst_XS_10_750_0016.jpg,https:\/\/georocfor.com\/wp-content\/uploads\/2025\/08\/Syst_XS_10_750_0015.jpg,https:\/\/georocfor.com\/wp-content\/uploads\/2025\/08\/Syst_XS_10_750_0014.jpg,https:\/\/georocfor.com\/wp-content\/uploads\/2025\/08\/Syst_XS_10_750_0013.jpg,https:\/\/georocfor.com\/wp-content\/uploads\/2025\/08\/Syst_XS_10_750_0012.jpg,https:\/\/georocfor.com\/wp-content\/uploads\/2025\/08\/Syst_XS_10_750_0011.jpg,https:\/\/georocfor.com\/wp-content\/uploads\/2025\/08\/Syst_XS_10_750_0010.jpg,https:\/\/georocfor.com\/wp-content\/uploads\/2025\/08\/Syst_XS_10_750_0009.jpg,https:\/\/georocfor.com\/wp-content\/uploads\/2025\/08\/Syst_XS_10_750_0008.jpg,https:\/\/georocfor.com\/wp-content\/uploads\/2025\/08\/Syst_XS_10_750_0007.jpg,https:\/\/georocfor.com\/wp-content\/uploads\/2025\/08\/Syst_XS_10_750_0006.jpg,https:\/\/georocfor.com\/wp-content\/uploads\/2025\/08\/Syst_XS_10_750_0005.jpg,https:\/\/georocfor.com\/wp-content\/uploads\/2025\/08\/Syst_XS_10_750_0004.jpg,https:\/\/georocfor.com\/wp-content\/uploads\/2025\/08\/Syst_XS_10_750_0003.jpg,https:\/\/georocfor.com\/wp-content\/uploads\/2025\/08\/Syst_XS_10_750_0002.jpg,https:\/\/georocfor.com\/wp-content\/uploads\/2025\/08\/Syst_XS_10_750_0001.jpg\" \/><\/div>\n\t<p>Ce syst\u00e8me est utilis\u00e9 pour le forage de trous profonds o\u00f9 l&rsquo;installation permanente de tubage et le sous-forage sont n\u00e9cessaires. <\/p>\n<h3>\n\tAvantages \n\t<\/h3>\n\t<ul>\n<li>Meilleure durabilit\u00e9 de la couronne sur le march\u00e9<\/li>\n<li>Cr\u00e9e un trou plus large dans le roc lors du sous-forage.<\/li>\n<\/ul>\n<h3>\n\tApplications les plus courantes \n\t<\/h3>\n\t<p>Puits d&rsquo;eau et puits g\u00e9othermiques<\/p>\n<h2>\n\tDonn\u00e9es<br \/><b>techniques <\/b>\n\t<\/h2>\n\t\t\t\t\t\t\t<img loading=\"lazy\" decoding=\"async\" src=\"https:\/\/georocfor.com\/wp-content\/uploads\/2024\/02\/georocfor_xs-mesures_1200x800-630x420.jpg\" alt=\"Syst\u00e8me Xs F3 - Mesures\" itemprop=\"image\" height=\"420\" width=\"630\" title=\"Syst\u00e8me Xs F3 - Mesures\" onerror=\"this.style.display='none'\"  sizes=\"auto, (max-width: 768px) 100vw, 100vw\" srcset=\"https:\/\/georocfor.com\/wp-content\/uploads\/2024\/02\/georocfor_xs-mesures_1200x800-630x420.jpg 630w, https:\/\/georocfor.com\/wp-content\/uploads\/2024\/02\/georocfor_xs-mesures_1200x800-300x200.jpg 300w, https:\/\/georocfor.com\/wp-content\/uploads\/2024\/02\/georocfor_xs-mesures_1200x800-1024x683.jpg 1024w, https:\/\/georocfor.com\/wp-content\/uploads\/2024\/02\/georocfor_xs-mesures_1200x800-768x512.jpg 768w, https:\/\/georocfor.com\/wp-content\/uploads\/2024\/02\/georocfor_xs-mesures_1200x800-420x280.jpg 420w, https:\/\/georocfor.com\/wp-content\/uploads\/2024\/02\/georocfor_xs-mesures_1200x800-840x560.jpg 840w, https:\/\/georocfor.com\/wp-content\/uploads\/2024\/02\/georocfor_xs-mesures_1200x800-315x210.jpg 315w, https:\/\/georocfor.com\/wp-content\/uploads\/2024\/02\/georocfor_xs-mesures_1200x800.jpg 1200w\" \/>\t\t\t\t\t\t\t\n\t\t\tMesures du syst\u00e8me Xs S 6,625\u2033 \/ 168.3mm\n\t\t<h3>Donn\u00e9es techniques <\/h3>\n<table>\n<tbody>\n<tr>\n<td>Diam\u00e8tre ext\u00e9rieur du tube <\/td>\n<td>6,625&Prime;<\/td>\n<td>168.3mm<\/td>\n<\/tr>\n<tr>\n<td>Mur maximum <\/td>\n<td>0,188&Prime;<\/td>\n<td>4.8mm<\/td>\n<\/tr>\n<tr>\n<td>Diam\u00e8tre ext\u00e9rieur <\/td>\n<td>7,500&Prime;<\/td>\n<td>190.5mm<\/td>\n<\/tr>\n<tr>\n<td>Diam\u00e8tre int\u00e9rieur <\/td>\n<td>6,060&Prime;<\/td>\n<td>153.9mm<\/td>\n<\/tr>\n<tr>\n<td>Diam\u00e8tre entre les plats <\/td>\n<td>5,660&Prime;<\/td>\n<td>143.7mm<\/td>\n<\/tr>\n<tr>\n<td>Diam\u00e8tre du taillant d&rsquo;entrainement <\/td>\n<td>6,220&Prime;<\/td>\n<td>158mm<\/td>\n<\/tr>\n<tr>\n<td>Diam\u00e8tre du taillant carr\u00e9 <\/td>\n<td>6,000&Prime;<\/td>\n<td>152.4mm<\/td>\n<\/tr>\n<tr>\n<td>Marteau <\/td>\n<td>5&Prime; \/ 6&Prime;<\/td>\n<td>127mm \/ 152.4mm<\/td>\n<\/tr>\n<\/tbody>\n<\/table>\n<h3>Num\u00e9ro de produit <\/h3>\n<table>\n<tbody>\n<tr>\n<td>Couronne standard <\/td>\n<td>XS-S-CR6.625\/PLUS<\/td>\n<\/tr>\n<tr>\n<td>Couronne SA <\/td>\n<td>XS-S-CR6.625\/SA<\/td>\n<\/tr>\n<tr>\n<td>Taillant d&rsquo;entrainement <\/td>\n<td>XS-S-DR6.625\/***<\/td>\n<\/tr>\n<tr>\n<td>Taillant carr\u00e9 <\/td>\n<td>XS-S-BI6.625\/***<\/td>\n<\/tr>\n<\/tbody>\n<\/table>\n\t\t\tMesures du syst\u00e8me Xs S 7,000\u2033 \/ 177.8mm\n\t\t<h3>Donn\u00e9es techniques <\/h3>\n<table>\n<tbody>\n<tr>\n<td>Diam\u00e8tre ext\u00e9rieur du tube <\/td>\n<td>7,000&Prime;<\/td>\n<td>177.8mm<\/td>\n<\/tr>\n<tr>\n<td>Mur maximum <\/td>\n<td>0,250&Prime;<\/td>\n<td>6.4mm<\/td>\n<\/tr>\n<tr>\n<td>Diam\u00e8tre ext\u00e9rieur<\/td>\n<td>8,000&Prime;<\/td>\n<td>203.2mm<\/td>\n<\/tr>\n<tr>\n<td>Diam\u00e8tre int\u00e9rieur <\/td>\n<td>6,400&Prime;<\/td>\n<td>162.6mm<\/td>\n<\/tr>\n<tr>\n<td>Diam\u00e8tre entre les plats <\/td>\n<td>5,900&Prime;<\/td>\n<td>149.6mm<\/td>\n<\/tr>\n<tr>\n<td>Diam\u00e8tre du taillant d&rsquo;entrainement <\/td>\n<td>6,560&Prime;<\/td>\n<td>166.6mm<\/td>\n<\/tr>\n<tr>\n<td>Diam\u00e8tre du taillant carr\u00e9 <\/td>\n<td>6,375&Prime;<\/td>\n<td>161.9mm<\/td>\n<\/tr>\n<tr>\n<td>Marteau <\/td>\n<td>6&Prime;<\/td>\n<td>152.4mm<\/td>\n<\/tr>\n<\/tbody>\n<\/table>\n<h3>Num\u00e9ro de produit <\/h3>\n<table>\n<tbody>\n<tr>\n<td>Couronne standard <\/td>\n<td>XS-S-CR7.00\/PLUS<\/td>\n<\/tr>\n<tr>\n<td>Couronne SA <\/td>\n<td>XS-S-CR7.00\/SA<\/td>\n<\/tr>\n<tr>\n<td>Taillant d&rsquo;entrainement <\/td>\n<td>XS-S-DR7.00\/***<\/td>\n<\/tr>\n<tr>\n<td>Taillant carr\u00e9 <\/td>\n<td>XS-S-BI7.00\/***<\/td>\n<\/tr>\n<\/tbody>\n<\/table>\n\t\t\tMesures du syst\u00e8me Xs S 8,625\u2033 \/ 219mm\n\t\t<h3>Donn\u00e9es techniques <\/h3>\n<table>\n<tbody>\n<tr>\n<td>Diam\u00e8tre ext\u00e9rieur du tube <\/td>\n<td>8,625&Prime;<\/td>\n<td>219mm<\/td>\n<\/tr>\n<tr>\n<td>Mur maximum <\/td>\n<td>0,188&Prime;<\/td>\n<td>4.8mm<\/td>\n<\/tr>\n<tr>\n<td>Diam\u00e8tre ext\u00e9rieur <\/td>\n<td>9,500&Prime;<\/td>\n<td>241.3mm<\/td>\n<\/tr>\n<tr>\n<td>Diam\u00e8tre int\u00e9rieur <\/td>\n<td>8,060&Prime;<\/td>\n<td>204.7mm<\/td>\n<\/tr>\n<tr>\n<td>Diam\u00e8tre entre les plats <\/td>\n<td>7,530&Prime;<\/td>\n<td>191.3mm<\/td>\n<\/tr>\n<tr>\n<td>Diam\u00e8tre du taillant d&rsquo;entrainement <\/td>\n<td>8,200&Prime;<\/td>\n<td>208.3mm<\/td>\n<\/tr>\n<tr>\n<td>Diam\u00e8tre du taillant carr\u00e9 <\/td>\n<td>8,000&Prime;<\/td>\n<td>203.2mm<\/td>\n<\/tr>\n<tr>\n<td>Marteau <\/td>\n<td>6&Prime;<\/td>\n<td>152.4mm<\/td>\n<\/tr>\n<\/tbody>\n<\/table>\n<h3>Num\u00e9ro de produit <\/h3>\n<table>\n<tbody>\n<tr>\n<td>Couronne standard <\/td>\n<td>XS-S-CR8.625\/PLUS<\/td>\n<\/tr>\n<tr>\n<td>Couronne SA <\/td>\n<td>XS-S-CR8.625\/SA<\/td>\n<\/tr>\n<tr>\n<td>Taillant d&rsquo;entrainement <\/td>\n<td>XS-S-DR8.625\/***<\/td>\n<\/tr>\n<tr>\n<td>Taillant carr\u00e9 <\/td>\n<td>XS-S-BI8.625\/***<\/td>\n<\/tr>\n<\/tbody>\n<\/table>\n\t\t\tMesures du syst\u00e8me Xs S 10,750\u2033 \/ 273mm\n\t\t<h3>Donn\u00e9es techniques <\/h3>\n<table>\n<tbody>\n<tr>\n<td>Diam\u00e8tre ext\u00e9rieur du tube <\/td>\n<td>10,750&Prime;<\/td>\n<td>273mm<\/td>\n<\/tr>\n<tr>\n<td>Mur maximum <\/td>\n<td>0,375&Prime;<\/td>\n<td>9.5mm<\/td>\n<\/tr>\n<tr>\n<td>Diam\u00e8tre ext\u00e9rieur <\/td>\n<td>11,750&Prime;<\/td>\n<td>298.5mm<\/td>\n<\/tr>\n<tr>\n<td>Diam\u00e8tre int\u00e9rieur <\/td>\n<td>9,700&Prime;<\/td>\n<td>246.4mm<\/td>\n<\/tr>\n<tr>\n<td>Diam\u00e8tre entre les plats <\/td>\n<td>8,960&Prime;<\/td>\n<td>227.6mm<\/td>\n<\/tr>\n<tr>\n<td>Diam\u00e8tre du taillant d&rsquo;entrainement <\/td>\n<td>9,940&Prime;<\/td>\n<td>252.5mm<\/td>\n<\/tr>\n<tr>\n<td>Diam\u00e8tre du taillant carr\u00e9 <\/td>\n<td>9,625&Prime;<\/td>\n<td>244.5mm<\/td>\n<\/tr>\n<tr>\n<td>Marteau<\/td>\n<td>8&Prime;<\/td>\n<td>203.2mm<\/td>\n<\/tr>\n<\/tbody>\n<\/table>\n<h3>Num\u00e9ro de produit<\/h3>\n<table>\n<tbody>\n<tr>\n<td>Couronne standard <\/td>\n<td>XS-S-CR10.75\/PLUS<\/td>\n<\/tr>\n<tr>\n<td>Couronne SA <\/td>\n<td>XS-S-CR10.75\/SA<\/td>\n<\/tr>\n<tr>\n<td>Taillant d&rsquo;entrainement <\/td>\n<td>XS-S-DR10.75\/***<\/td>\n<\/tr>\n<tr>\n<td>Taillant carr\u00e9 <\/td>\n<td>XS-S-BI10.75\/***<\/td>\n<\/tr>\n<\/tbody>\n<\/table>\n\n<\/div><!-- .vgblk-rw-wrapper -->","protected":false},"excerpt":{"rendered":"<p>ProduitsXs S Ce syst\u00e8me est utilis\u00e9 pour le forage de trous profonds o\u00f9 l&rsquo;installation permanente de tubage et le sous-forage sont n\u00e9cessaires. Avantages Meilleure durabilit\u00e9 de la couronne sur le march\u00e9 Cr\u00e9e un trou plus large dans le roc lors du sous-forage. Applications les plus courantes Puits d&rsquo;eau et puits g\u00e9othermiques Donn\u00e9estechniques Mesures du syst\u00e8me&#8230;<\/p>\n","protected":false},"author":1,"featured_media":992895,"parent":995079,"menu_order":0,"comment_status":"closed","ping_status":"closed","template":"","meta":{"_acf_changed":false,"inline_featured_image":false,"_monsterinsights_skip_tracking":false,"_monsterinsights_sitenote_active":false,"_monsterinsights_sitenote_note":"","_monsterinsights_sitenote_category":0,"footnotes":""},"class_list":["post-995155","page","type-page","status-publish","has-post-thumbnail","hentry"],"acf":[],"yoast_head":"<!-- This site is optimized with the Yoast SEO plugin v26.8 - https:\/\/yoast.com\/product\/yoast-seo-wordpress\/ -->\n<title>Xs S 6,625\u2033 \/ 168.3mm \u00e0 10,750\u2033 \/ 273mm - GeoRocFor<\/title>\n<meta name=\"description\" content=\"XS-S 4500\u2013114.3 mm \u00e0 5500\u2013139.7 mm GeoRocFor : tubage durable con\u00e7u pour optimiser productivit\u00e9, stabilit\u00e9 et efficacit\u00e9 de forage.\" \/>\n<meta name=\"robots\" content=\"index, follow, max-snippet:-1, max-image-preview:large, max-video-preview:-1\" \/>\n<link rel=\"canonical\" href=\"https:\/\/georocfor.com\/fr\/produits\/systemes-de-tubage-a-lavancement\/systeme-xs-s\/xs-s-6625-168-3mm-a-10750-273mm\/\" \/>\n<meta property=\"og:locale\" content=\"fr_CA\" \/>\n<meta property=\"og:type\" content=\"article\" \/>\n<meta property=\"og:title\" content=\"Xs S 6,625\u2033 \/ 168.3mm \u00e0 10,750\u2033 \/ 273mm - GeoRocFor\" \/>\n<meta property=\"og:description\" content=\"XS-S 4500\u2013114.3 mm \u00e0 5500\u2013139.7 mm GeoRocFor : tubage durable con\u00e7u pour optimiser productivit\u00e9, stabilit\u00e9 et efficacit\u00e9 de forage.\" \/>\n<meta property=\"og:url\" content=\"https:\/\/georocfor.com\/fr\/produits\/systemes-de-tubage-a-lavancement\/systeme-xs-s\/xs-s-6625-168-3mm-a-10750-273mm\/\" \/>\n<meta property=\"og:site_name\" content=\"GeoRocFor\" \/>\n<meta property=\"article:modified_time\" content=\"2026-01-29T14:40:46+00:00\" \/>\n<meta property=\"og:image\" content=\"https:\/\/georocfor.com\/wp-content\/uploads\/2025\/08\/Syst_XS_7_000_0041.jpg\" \/>\n\t<meta property=\"og:image:width\" content=\"640\" \/>\n\t<meta property=\"og:image:height\" content=\"480\" \/>\n\t<meta property=\"og:image:type\" content=\"image\/jpeg\" \/>\n<meta name=\"twitter:card\" content=\"summary_large_image\" \/>\n<meta name=\"twitter:label1\" content=\"Estimation du temps de lecture\" \/>\n\t<meta name=\"twitter:data1\" content=\"2 minutes\" \/>\n<script type=\"application\/ld+json\" class=\"yoast-schema-graph\">{\"@context\":\"https:\/\/schema.org\",\"@graph\":[{\"@type\":\"WebPage\",\"@id\":\"https:\/\/georocfor.com\/fr\/produits\/systemes-de-tubage-a-lavancement\/systeme-xs-s\/xs-s-6625-168-3mm-a-10750-273mm\/\",\"url\":\"https:\/\/georocfor.com\/fr\/produits\/systemes-de-tubage-a-lavancement\/systeme-xs-s\/xs-s-6625-168-3mm-a-10750-273mm\/\",\"name\":\"Xs S 6,625\u2033 \/ 168.3mm \u00e0 10,750\u2033 \/ 273mm - GeoRocFor\",\"isPartOf\":{\"@id\":\"https:\/\/georocfor.com\/fr\/#website\"},\"primaryImageOfPage\":{\"@id\":\"https:\/\/georocfor.com\/fr\/produits\/systemes-de-tubage-a-lavancement\/systeme-xs-s\/xs-s-6625-168-3mm-a-10750-273mm\/#primaryimage\"},\"image\":{\"@id\":\"https:\/\/georocfor.com\/fr\/produits\/systemes-de-tubage-a-lavancement\/systeme-xs-s\/xs-s-6625-168-3mm-a-10750-273mm\/#primaryimage\"},\"thumbnailUrl\":\"https:\/\/georocfor.com\/wp-content\/uploads\/2025\/08\/Syst_XS_7_000_0041.jpg\",\"datePublished\":\"2024-03-27T15:25:17+00:00\",\"dateModified\":\"2026-01-29T14:40:46+00:00\",\"description\":\"XS-S 4500\u2013114.3 mm \u00e0 5500\u2013139.7 mm GeoRocFor : tubage durable con\u00e7u pour optimiser productivit\u00e9, stabilit\u00e9 et efficacit\u00e9 de forage.\",\"breadcrumb\":{\"@id\":\"https:\/\/georocfor.com\/fr\/produits\/systemes-de-tubage-a-lavancement\/systeme-xs-s\/xs-s-6625-168-3mm-a-10750-273mm\/#breadcrumb\"},\"inLanguage\":\"fr-CA\",\"potentialAction\":[{\"@type\":\"ReadAction\",\"target\":[\"https:\/\/georocfor.com\/fr\/produits\/systemes-de-tubage-a-lavancement\/systeme-xs-s\/xs-s-6625-168-3mm-a-10750-273mm\/\"]}]},{\"@type\":\"ImageObject\",\"inLanguage\":\"fr-CA\",\"@id\":\"https:\/\/georocfor.com\/fr\/produits\/systemes-de-tubage-a-lavancement\/systeme-xs-s\/xs-s-6625-168-3mm-a-10750-273mm\/#primaryimage\",\"url\":\"https:\/\/georocfor.com\/wp-content\/uploads\/2025\/08\/Syst_XS_7_000_0041.jpg\",\"contentUrl\":\"https:\/\/georocfor.com\/wp-content\/uploads\/2025\/08\/Syst_XS_7_000_0041.jpg\",\"width\":640,\"height\":480,\"caption\":\"Syst\u00e8me Xs S - 5,500\u2033 - B \/ 139.7mm - B \u00e0 6,000\u2033 - B \/ 152.4mm - B\"},{\"@type\":\"BreadcrumbList\",\"@id\":\"https:\/\/georocfor.com\/fr\/produits\/systemes-de-tubage-a-lavancement\/systeme-xs-s\/xs-s-6625-168-3mm-a-10750-273mm\/#breadcrumb\",\"itemListElement\":[{\"@type\":\"ListItem\",\"position\":1,\"name\":\"Home\",\"item\":\"https:\/\/georocfor.com\/fr\/\"},{\"@type\":\"ListItem\",\"position\":2,\"name\":\"Produits\",\"item\":\"https:\/\/georocfor.com\/fr\/produits\/\"},{\"@type\":\"ListItem\",\"position\":3,\"name\":\"Syst\u00e8mes de tubage \u00e0 l\u2019avancement\",\"item\":\"https:\/\/georocfor.com\/fr\/produits\/systemes-de-tubage-a-lavancement\/\"},{\"@type\":\"ListItem\",\"position\":4,\"name\":\"Syst\u00e8me Xs S\",\"item\":\"https:\/\/georocfor.com\/fr\/produits\/systemes-de-tubage-a-lavancement\/systeme-xs-s\/\"},{\"@type\":\"ListItem\",\"position\":5,\"name\":\"Xs S 6,625\u2033 \/ 168.3mm \u00e0 10,750\u2033 \/ 273mm\"}]},{\"@type\":\"WebSite\",\"@id\":\"https:\/\/georocfor.com\/fr\/#website\",\"url\":\"https:\/\/georocfor.com\/fr\/\",\"name\":\"GeoRocFor\",\"description\":\"\",\"publisher\":{\"@id\":\"https:\/\/georocfor.com\/fr\/#organization\"},\"potentialAction\":[{\"@type\":\"SearchAction\",\"target\":{\"@type\":\"EntryPoint\",\"urlTemplate\":\"https:\/\/georocfor.com\/fr\/?s={search_term_string}\"},\"query-input\":{\"@type\":\"PropertyValueSpecification\",\"valueRequired\":true,\"valueName\":\"search_term_string\"}}],\"inLanguage\":\"fr-CA\"},{\"@type\":\"Organization\",\"@id\":\"https:\/\/georocfor.com\/fr\/#organization\",\"name\":\"GeoRocFor\",\"url\":\"https:\/\/georocfor.com\/fr\/\",\"logo\":{\"@type\":\"ImageObject\",\"inLanguage\":\"fr-CA\",\"@id\":\"https:\/\/georocfor.com\/fr\/#\/schema\/logo\/image\/\",\"url\":\"https:\/\/georocfor.com\/wp-content\/uploads\/2024\/03\/georocfor_logo_457x64.png\",\"contentUrl\":\"https:\/\/georocfor.com\/wp-content\/uploads\/2024\/03\/georocfor_logo_457x64.png\",\"width\":457,\"height\":64,\"caption\":\"GeoRocFor\"},\"image\":{\"@id\":\"https:\/\/georocfor.com\/fr\/#\/schema\/logo\/image\/\"}}]}<\/script>\n<!-- \/ Yoast SEO plugin. -->","yoast_head_json":{"title":"Xs S 6,625\u2033 \/ 168.3mm \u00e0 10,750\u2033 \/ 273mm - GeoRocFor","description":"XS-S 4500\u2013114.3 mm \u00e0 5500\u2013139.7 mm GeoRocFor : tubage durable con\u00e7u pour optimiser productivit\u00e9, stabilit\u00e9 et efficacit\u00e9 de forage.","robots":{"index":"index","follow":"follow","max-snippet":"max-snippet:-1","max-image-preview":"max-image-preview:large","max-video-preview":"max-video-preview:-1"},"canonical":"https:\/\/georocfor.com\/fr\/produits\/systemes-de-tubage-a-lavancement\/systeme-xs-s\/xs-s-6625-168-3mm-a-10750-273mm\/","og_locale":"fr_CA","og_type":"article","og_title":"Xs S 6,625\u2033 \/ 168.3mm \u00e0 10,750\u2033 \/ 273mm - GeoRocFor","og_description":"XS-S 4500\u2013114.3 mm \u00e0 5500\u2013139.7 mm GeoRocFor : tubage durable con\u00e7u pour optimiser productivit\u00e9, stabilit\u00e9 et efficacit\u00e9 de forage.","og_url":"https:\/\/georocfor.com\/fr\/produits\/systemes-de-tubage-a-lavancement\/systeme-xs-s\/xs-s-6625-168-3mm-a-10750-273mm\/","og_site_name":"GeoRocFor","article_modified_time":"2026-01-29T14:40:46+00:00","og_image":[{"width":640,"height":480,"url":"https:\/\/georocfor.com\/wp-content\/uploads\/2025\/08\/Syst_XS_7_000_0041.jpg","type":"image\/jpeg"}],"twitter_card":"summary_large_image","twitter_misc":{"Estimation du temps de lecture":"2 minutes"},"schema":{"@context":"https:\/\/schema.org","@graph":[{"@type":"WebPage","@id":"https:\/\/georocfor.com\/fr\/produits\/systemes-de-tubage-a-lavancement\/systeme-xs-s\/xs-s-6625-168-3mm-a-10750-273mm\/","url":"https:\/\/georocfor.com\/fr\/produits\/systemes-de-tubage-a-lavancement\/systeme-xs-s\/xs-s-6625-168-3mm-a-10750-273mm\/","name":"Xs S 6,625\u2033 \/ 168.3mm \u00e0 10,750\u2033 \/ 273mm - GeoRocFor","isPartOf":{"@id":"https:\/\/georocfor.com\/fr\/#website"},"primaryImageOfPage":{"@id":"https:\/\/georocfor.com\/fr\/produits\/systemes-de-tubage-a-lavancement\/systeme-xs-s\/xs-s-6625-168-3mm-a-10750-273mm\/#primaryimage"},"image":{"@id":"https:\/\/georocfor.com\/fr\/produits\/systemes-de-tubage-a-lavancement\/systeme-xs-s\/xs-s-6625-168-3mm-a-10750-273mm\/#primaryimage"},"thumbnailUrl":"https:\/\/georocfor.com\/wp-content\/uploads\/2025\/08\/Syst_XS_7_000_0041.jpg","datePublished":"2024-03-27T15:25:17+00:00","dateModified":"2026-01-29T14:40:46+00:00","description":"XS-S 4500\u2013114.3 mm \u00e0 5500\u2013139.7 mm GeoRocFor : tubage durable con\u00e7u pour optimiser productivit\u00e9, stabilit\u00e9 et efficacit\u00e9 de forage.","breadcrumb":{"@id":"https:\/\/georocfor.com\/fr\/produits\/systemes-de-tubage-a-lavancement\/systeme-xs-s\/xs-s-6625-168-3mm-a-10750-273mm\/#breadcrumb"},"inLanguage":"fr-CA","potentialAction":[{"@type":"ReadAction","target":["https:\/\/georocfor.com\/fr\/produits\/systemes-de-tubage-a-lavancement\/systeme-xs-s\/xs-s-6625-168-3mm-a-10750-273mm\/"]}]},{"@type":"ImageObject","inLanguage":"fr-CA","@id":"https:\/\/georocfor.com\/fr\/produits\/systemes-de-tubage-a-lavancement\/systeme-xs-s\/xs-s-6625-168-3mm-a-10750-273mm\/#primaryimage","url":"https:\/\/georocfor.com\/wp-content\/uploads\/2025\/08\/Syst_XS_7_000_0041.jpg","contentUrl":"https:\/\/georocfor.com\/wp-content\/uploads\/2025\/08\/Syst_XS_7_000_0041.jpg","width":640,"height":480,"caption":"Syst\u00e8me Xs S - 5,500\u2033 - B \/ 139.7mm - B \u00e0 6,000\u2033 - B \/ 152.4mm - B"},{"@type":"BreadcrumbList","@id":"https:\/\/georocfor.com\/fr\/produits\/systemes-de-tubage-a-lavancement\/systeme-xs-s\/xs-s-6625-168-3mm-a-10750-273mm\/#breadcrumb","itemListElement":[{"@type":"ListItem","position":1,"name":"Home","item":"https:\/\/georocfor.com\/fr\/"},{"@type":"ListItem","position":2,"name":"Produits","item":"https:\/\/georocfor.com\/fr\/produits\/"},{"@type":"ListItem","position":3,"name":"Syst\u00e8mes de tubage \u00e0 l\u2019avancement","item":"https:\/\/georocfor.com\/fr\/produits\/systemes-de-tubage-a-lavancement\/"},{"@type":"ListItem","position":4,"name":"Syst\u00e8me Xs S","item":"https:\/\/georocfor.com\/fr\/produits\/systemes-de-tubage-a-lavancement\/systeme-xs-s\/"},{"@type":"ListItem","position":5,"name":"Xs S 6,625\u2033 \/ 168.3mm \u00e0 10,750\u2033 \/ 273mm"}]},{"@type":"WebSite","@id":"https:\/\/georocfor.com\/fr\/#website","url":"https:\/\/georocfor.com\/fr\/","name":"GeoRocFor","description":"","publisher":{"@id":"https:\/\/georocfor.com\/fr\/#organization"},"potentialAction":[{"@type":"SearchAction","target":{"@type":"EntryPoint","urlTemplate":"https:\/\/georocfor.com\/fr\/?s={search_term_string}"},"query-input":{"@type":"PropertyValueSpecification","valueRequired":true,"valueName":"search_term_string"}}],"inLanguage":"fr-CA"},{"@type":"Organization","@id":"https:\/\/georocfor.com\/fr\/#organization","name":"GeoRocFor","url":"https:\/\/georocfor.com\/fr\/","logo":{"@type":"ImageObject","inLanguage":"fr-CA","@id":"https:\/\/georocfor.com\/fr\/#\/schema\/logo\/image\/","url":"https:\/\/georocfor.com\/wp-content\/uploads\/2024\/03\/georocfor_logo_457x64.png","contentUrl":"https:\/\/georocfor.com\/wp-content\/uploads\/2024\/03\/georocfor_logo_457x64.png","width":457,"height":64,"caption":"GeoRocFor"},"image":{"@id":"https:\/\/georocfor.com\/fr\/#\/schema\/logo\/image\/"}}]}},"jetpack_sharing_enabled":true,"_links":{"self":[{"href":"https:\/\/georocfor.com\/fr\/wp-json\/wp\/v2\/pages\/995155","targetHints":{"allow":["GET"]}}],"collection":[{"href":"https:\/\/georocfor.com\/fr\/wp-json\/wp\/v2\/pages"}],"about":[{"href":"https:\/\/georocfor.com\/fr\/wp-json\/wp\/v2\/types\/page"}],"author":[{"embeddable":true,"href":"https:\/\/georocfor.com\/fr\/wp-json\/wp\/v2\/users\/1"}],"replies":[{"embeddable":true,"href":"https:\/\/georocfor.com\/fr\/wp-json\/wp\/v2\/comments?post=995155"}],"version-history":[{"count":6,"href":"https:\/\/georocfor.com\/fr\/wp-json\/wp\/v2\/pages\/995155\/revisions"}],"predecessor-version":[{"id":995977,"href":"https:\/\/georocfor.com\/fr\/wp-json\/wp\/v2\/pages\/995155\/revisions\/995977"}],"up":[{"embeddable":true,"href":"https:\/\/georocfor.com\/fr\/wp-json\/wp\/v2\/pages\/995079"}],"wp:featuredmedia":[{"embeddable":true,"href":"https:\/\/georocfor.com\/fr\/wp-json\/wp\/v2\/media\/992895"}],"wp:attachment":[{"href":"https:\/\/georocfor.com\/fr\/wp-json\/wp\/v2\/media?parent=995155"}],"curies":[{"name":"wp","href":"https:\/\/api.w.org\/{rel}","templated":true}]}}