{"id":995141,"date":"2024-03-29T09:45:24","date_gmt":"2024-03-29T13:45:24","guid":{"rendered":"https:\/\/georocfor.com\/produits\/systemes-de-tubage-a-lavancement\/xs-ru-system\/xs-ru-10750-273mm-a-14000-355-6mm\/"},"modified":"2026-01-28T14:30:26","modified_gmt":"2026-01-28T19:30:26","slug":"xs-ru-10750-273mm-a-14000-355-6mm","status":"publish","type":"page","link":"https:\/\/georocfor.com\/fr\/produits\/systemes-de-tubage-a-lavancement\/systeme-xs-ru\/xs-ru-10750-273mm-a-14000-355-6mm\/","title":{"rendered":"Xs RU 10,750\u2033 \/ 273mm \u00e0  14,000\u2033 \/ 355.6mm"},"content":{"rendered":"<div class=\"vgblk-rw-wrapper limit-wrapper\">\r\n<h2>Produits<br \/><b>Xs RU <\/b><\/h2>\r\n<div id=\"product-3d-image\"><!--data-speed=\"2\" data-delay=\"1\"--><img loading=\"lazy\" decoding=\"async\" src=\"https:\/\/georocfor.com\/wp-content\/uploads\/2025\/08\/PSyst_XS-RU_-_10_750_0000.jpg\" width=\"640\" height=\"640\" class=\"reel image-3d\" data-images=\"https:\/\/georocfor.com\/wp-content\/uploads\/2025\/08\/PSyst_XS-RU_-_10_750_0000.jpg,https:\/\/georocfor.com\/wp-content\/uploads\/2025\/08\/PSyst_XS-RU_-_10_750_0042.jpg,https:\/\/georocfor.com\/wp-content\/uploads\/2025\/08\/PSyst_XS-RU_-_10_750_0041.jpg,https:\/\/georocfor.com\/wp-content\/uploads\/2025\/08\/PSyst_XS-RU_-_10_750_0040.jpg,https:\/\/georocfor.com\/wp-content\/uploads\/2025\/08\/PSyst_XS-RU_-_10_750_0039.jpg,https:\/\/georocfor.com\/wp-content\/uploads\/2025\/08\/PSyst_XS-RU_-_10_750_0037.jpg,https:\/\/georocfor.com\/wp-content\/uploads\/2025\/08\/PSyst_XS-RU_-_10_750_0036.jpg,https:\/\/georocfor.com\/wp-content\/uploads\/2025\/08\/PSyst_XS-RU_-_10_750_0035.jpg,https:\/\/georocfor.com\/wp-content\/uploads\/2025\/08\/PSyst_XS-RU_-_10_750_0034.jpg,https:\/\/georocfor.com\/wp-content\/uploads\/2025\/08\/PSyst_XS-RU_-_10_750_0033.jpg,https:\/\/georocfor.com\/wp-content\/uploads\/2025\/08\/PSyst_XS-RU_-_10_750_0032.jpg,https:\/\/georocfor.com\/wp-content\/uploads\/2025\/08\/PSyst_XS-RU_-_10_750_0031.jpg,https:\/\/georocfor.com\/wp-content\/uploads\/2025\/08\/PSyst_XS-RU_-_10_750_0030.jpg,https:\/\/georocfor.com\/wp-content\/uploads\/2025\/08\/PSyst_XS-RU_-_10_750_0029.jpg,https:\/\/georocfor.com\/wp-content\/uploads\/2025\/08\/PSyst_XS-RU_-_10_750_0028.jpg,https:\/\/georocfor.com\/wp-content\/uploads\/2025\/08\/PSyst_XS-RU_-_10_750_0027.jpg,https:\/\/georocfor.com\/wp-content\/uploads\/2025\/08\/PSyst_XS-RU_-_10_750_0026.jpg,https:\/\/georocfor.com\/wp-content\/uploads\/2025\/08\/PSyst_XS-RU_-_10_750_0025.jpg,https:\/\/georocfor.com\/wp-content\/uploads\/2025\/08\/PSyst_XS-RU_-_10_750_0024.jpg,https:\/\/georocfor.com\/wp-content\/uploads\/2025\/08\/PSyst_XS-RU_-_10_750_0023.jpg,https:\/\/georocfor.com\/wp-content\/uploads\/2025\/08\/PSyst_XS-RU_-_10_750_0022.jpg,https:\/\/georocfor.com\/wp-content\/uploads\/2025\/08\/PSyst_XS-RU_-_10_750_0021.jpg,https:\/\/georocfor.com\/wp-content\/uploads\/2025\/08\/PSyst_XS-RU_-_10_750_0020.jpg,https:\/\/georocfor.com\/wp-content\/uploads\/2025\/08\/PSyst_XS-RU_-_10_750_0019.jpg,https:\/\/georocfor.com\/wp-content\/uploads\/2025\/08\/PSyst_XS-RU_-_10_750_0018.jpg,https:\/\/georocfor.com\/wp-content\/uploads\/2025\/08\/PSyst_XS-RU_-_10_750_0017.jpg,https:\/\/georocfor.com\/wp-content\/uploads\/2025\/08\/PSyst_XS-RU_-_10_750_0016.jpg,https:\/\/georocfor.com\/wp-content\/uploads\/2025\/08\/PSyst_XS-RU_-_10_750_0015.jpg,https:\/\/georocfor.com\/wp-content\/uploads\/2025\/08\/PSyst_XS-RU_-_10_750_0014.jpg,https:\/\/georocfor.com\/wp-content\/uploads\/2025\/08\/PSyst_XS-RU_-_10_750_0013.jpg,https:\/\/georocfor.com\/wp-content\/uploads\/2025\/08\/PSyst_XS-RU_-_10_750_0012.jpg,https:\/\/georocfor.com\/wp-content\/uploads\/2025\/08\/PSyst_XS-RU_-_10_750_0011.jpg,https:\/\/georocfor.com\/wp-content\/uploads\/2025\/08\/PSyst_XS-RU_-_10_750_0010.jpg,https:\/\/georocfor.com\/wp-content\/uploads\/2025\/08\/PSyst_XS-RU_-_10_750_0009.jpg,https:\/\/georocfor.com\/wp-content\/uploads\/2025\/08\/PSyst_XS-RU_-_10_750_0008.jpg,https:\/\/georocfor.com\/wp-content\/uploads\/2025\/08\/PSyst_XS-RU_-_10_750_0007.jpg,https:\/\/georocfor.com\/wp-content\/uploads\/2025\/08\/PSyst_XS-RU_-_10_750_0006.jpg,https:\/\/georocfor.com\/wp-content\/uploads\/2025\/08\/PSyst_XS-RU_-_10_750_0005.jpg,https:\/\/georocfor.com\/wp-content\/uploads\/2025\/08\/PSyst_XS-RU_-_10_750_0004.jpg,https:\/\/georocfor.com\/wp-content\/uploads\/2025\/08\/PSyst_XS-RU_-_10_750_0003.jpg,https:\/\/georocfor.com\/wp-content\/uploads\/2025\/08\/PSyst_XS-RU_-_10_750_0002.jpg,https:\/\/georocfor.com\/wp-content\/uploads\/2025\/08\/PSyst_XS-RU_-_10_750_0001.jpg\" \/><\/div>\r\n<p>Ce syst\u00e8me est utilis\u00e9 lorsque le tubage doit \u00eatre r\u00e9cup\u00e9r\u00e9. Il est possible de r\u00e9utiliser la couronne dans une configuration d&rsquo;application s\u00e9v\u00e8re.<\/p>\r\n<h3>Avantages<\/h3>\r\n<ul>\r\n<li>Meilleure dur\u00e9e de vie de couronne sur le march\u00e9<\/li>\r\n<li>Le diam\u00e8tre de forage est juste un peu plus grand que le tubage<\/li>\r\n<\/ul>\r\n<h3>Applications les plus courantes<\/h3>\r\n<p>Ancrage, puits g\u00e9othermique, horizontal, pieux, micropieux et investigation de site<\/p>\r\n<h2>Donn\u00e9es<br \/><b>techniques <\/b><\/h2>\r\n<p><img loading=\"lazy\" decoding=\"async\" title=\"georocfor_xs-mesures_1200x800\" src=\"https:\/\/georocfor.com\/wp-content\/uploads\/2024\/02\/georocfor_xs-mesures_1200x800-630x420.jpg\" sizes=\"auto, (max-width: 768px) 100vw, 100vw\" srcset=\"https:\/\/georocfor.com\/wp-content\/uploads\/2024\/02\/georocfor_xs-mesures_1200x800-630x420.jpg 630w, https:\/\/georocfor.com\/wp-content\/uploads\/2024\/02\/georocfor_xs-mesures_1200x800-300x200.jpg 300w, https:\/\/georocfor.com\/wp-content\/uploads\/2024\/02\/georocfor_xs-mesures_1200x800-1024x683.jpg 1024w, https:\/\/georocfor.com\/wp-content\/uploads\/2024\/02\/georocfor_xs-mesures_1200x800-768x512.jpg 768w, https:\/\/georocfor.com\/wp-content\/uploads\/2024\/02\/georocfor_xs-mesures_1200x800-420x280.jpg 420w, https:\/\/georocfor.com\/wp-content\/uploads\/2024\/02\/georocfor_xs-mesures_1200x800-840x560.jpg 840w, https:\/\/georocfor.com\/wp-content\/uploads\/2024\/02\/georocfor_xs-mesures_1200x800-315x210.jpg 315w, https:\/\/georocfor.com\/wp-content\/uploads\/2024\/02\/georocfor_xs-mesures_1200x800.jpg 1200w\" alt=\"georocfor_xs-mesures_1200x800\" width=\"630\" height=\"420\" \/> Mesures du syst\u00e8me Xs RU 10,750\u2033 \/ 273mm<\/p>\r\n<h3>Donn\u00e9es techniques<\/h3>\r\n<table>\r\n<tbody>\r\n<tr>\r\n<td>Diam\u00e8tre ext\u00e9rieur du tube<\/td>\r\n<td>10,750&Prime;<\/td>\r\n<td>273mm<\/td>\r\n<\/tr>\r\n<tr>\r\n<td>Mur maximum<\/td>\r\n<td>0,875&Prime;<\/td>\r\n<td>22.2mm<\/td>\r\n<\/tr>\r\n<tr>\r\n<td>Diam\u00e8tre ext\u00e9rieur<\/td>\r\n<td>11,250&Prime;<\/td>\r\n<td>285.8mm<\/td>\r\n<\/tr>\r\n<tr>\r\n<td>Diam\u00e8tre int\u00e9rieur<\/td>\r\n<td>8,210&Prime;<\/td>\r\n<td>208.5mm<\/td>\r\n<\/tr>\r\n<tr>\r\n<td>Diam\u00e8tre du taillant d&rsquo;entrainement<\/td>\r\n<td>8,840&Prime;<\/td>\r\n<td>224.5mm<\/td>\r\n<\/tr>\r\n<tr>\r\n<td>Marteau<\/td>\r\n<td>8&Prime;<\/td>\r\n<td>203.2mm<\/td>\r\n<\/tr>\r\n<\/tbody>\r\n<\/table>\r\n<h3>Num\u00e9ro de produit<\/h3>\r\n<table>\r\n<tbody>\r\n<tr>\r\n<td>Couronne standard<\/td>\r\n<td>XS-RU-CR10.75\/PLUS<\/td>\r\n<\/tr>\r\n<tr>\r\n<td>Couronne SA<\/td>\r\n<td>XS-RU-CR10.75\/SA<\/td>\r\n<\/tr>\r\n<tr>\r\n<td>Taillant d&rsquo;entrainement<\/td>\r\n<td>XS-RU-DR10.75\/***<\/td>\r\n<\/tr>\r\n<\/tbody>\r\n<\/table>\r\n<p>Mesures du syst\u00e8me Xs RU 12,750\u2033 \/ 324mm<\/p>\r\n<h3>Donn\u00e9es techniques<\/h3>\r\n<table>\r\n<tbody>\r\n<tr>\r\n<td>Diam\u00e8tre ext\u00e9rieur du tube<\/td>\r\n<td>12,750&Prime;<\/td>\r\n<td>324mm<\/td>\r\n<\/tr>\r\n<tr>\r\n<td>Mur maximum<\/td>\r\n<td>0,938&Prime;<\/td>\r\n<td>24mm<\/td>\r\n<\/tr>\r\n<tr>\r\n<td>Diam\u00e8tre ext\u00e9rieur<\/td>\r\n<td>13,250&Prime;<\/td>\r\n<td>336.5mm<\/td>\r\n<\/tr>\r\n<tr>\r\n<td>Diam\u00e8tre int\u00e9rieur<\/td>\r\n<td>9,910&Prime;<\/td>\r\n<td>251.7mm<\/td>\r\n<\/tr>\r\n<tr>\r\n<td>Diam\u00e8tre du taillant d&rsquo;entrainement<\/td>\r\n<td>10,650&Prime;<\/td>\r\n<td>270.5mm<\/td>\r\n<\/tr>\r\n<tr>\r\n<td>Marteau<\/td>\r\n<td>8&Prime;<\/td>\r\n<td>203.2mm<\/td>\r\n<\/tr>\r\n<\/tbody>\r\n<\/table>\r\n<h3>Num\u00e9ro de produit<\/h3>\r\n<table>\r\n<tbody>\r\n<tr>\r\n<td>Couronne standard<\/td>\r\n<td>XS-RU-CR12.75\/PLUS<\/td>\r\n<\/tr>\r\n<tr>\r\n<td>Couronne SA<\/td>\r\n<td>XS-RU-CR12.75\/SA<\/td>\r\n<\/tr>\r\n<tr>\r\n<td>Taillant d&rsquo;entrainement<\/td>\r\n<td>XS-RU-DR12.75\/***<\/td>\r\n<\/tr>\r\n<\/tbody>\r\n<\/table>\r\n<p>Mesures du syst\u00e8me Xs RU 14,000\u2033 \/ 355.6mm<\/p>\r\n<h3>Donn\u00e9es techniques<\/h3>\r\n<table>\r\n<tbody>\r\n<tr>\r\n<td>Diam\u00e8tre ext\u00e9rieur du tube<\/td>\r\n<td>14,000&Prime;<\/td>\r\n<td>355.6mm<\/td>\r\n<\/tr>\r\n<tr>\r\n<td>Mur maximum<\/td>\r\n<td>1,000&Prime;<\/td>\r\n<td>26.4mm<\/td>\r\n<\/tr>\r\n<tr>\r\n<td>Diam\u00e8tre ext\u00e9rieur<\/td>\r\n<td>14,500&Prime;<\/td>\r\n<td>368.3mm<\/td>\r\n<\/tr>\r\n<tr>\r\n<td>Diam\u00e8tre int\u00e9rieur<\/td>\r\n<td>10,640&Prime;<\/td>\r\n<td>270.3mm<\/td>\r\n<\/tr>\r\n<tr>\r\n<td>Diam\u00e8tre du taillant d&rsquo;entrainement<\/td>\r\n<td>11,600&Prime;<\/td>\r\n<td>294.6mm<\/td>\r\n<\/tr>\r\n<tr>\r\n<td>Marteau<\/td>\r\n<td>10&Prime;<\/td>\r\n<td>254mm<\/td>\r\n<\/tr>\r\n<\/tbody>\r\n<\/table>\r\n<h3>Num\u00e9ro de produit<\/h3>\r\n<table>\r\n<tbody>\r\n<tr>\r\n<td>Couronne standard<\/td>\r\n<td>XS-RU-CR14.00\/PLUS<\/td>\r\n<\/tr>\r\n<tr>\r\n<td>Couronne SA<\/td>\r\n<td>XS-RU-CR14.00\/SA<\/td>\r\n<\/tr>\r\n<tr>\r\n<td>Taillant d&rsquo;entrainement<\/td>\r\n<td>XS-RU-DR14.00\/***<\/td>\r\n<\/tr>\r\n<\/tbody>\r\n<\/table>\r\n<\/div><!-- .vgblk-rw-wrapper -->","protected":false},"excerpt":{"rendered":"<p>ProduitsXs RU Ce syst\u00e8me est utilis\u00e9 lorsque le tubage doit \u00eatre r\u00e9cup\u00e9r\u00e9. Il est possible de r\u00e9utiliser la couronne dans une configuration d&rsquo;application s\u00e9v\u00e8re. Avantages Meilleure dur\u00e9e de vie de couronne sur le march\u00e9 Le diam\u00e8tre de forage est juste un peu plus grand que le tubage Applications les plus courantes Ancrage, puits g\u00e9othermique, horizontal,&#8230;<\/p>\n","protected":false},"author":1,"featured_media":994725,"parent":995078,"menu_order":0,"comment_status":"closed","ping_status":"closed","template":"","meta":{"_acf_changed":false,"inline_featured_image":false,"_monsterinsights_skip_tracking":false,"_monsterinsights_sitenote_active":false,"_monsterinsights_sitenote_note":"","_monsterinsights_sitenote_category":0,"footnotes":""},"class_list":["post-995141","page","type-page","status-publish","has-post-thumbnail","hentry"],"acf":[],"yoast_head":"<!-- This site is optimized with the Yoast SEO plugin v26.8 - https:\/\/yoast.com\/product\/yoast-seo-wordpress\/ -->\n<title>Xs RU 10,750\u2033 \/ 273mm \u00e0 14,000\u2033 \/ 355.6mm - GeoRocFor<\/title>\n<meta name=\"description\" content=\"XS-RU 10750\u2013273 mm \u00e0 14000\u2013355.6 mm GeoRocFor : tubage \u00e0 l\u2019avancement robuste et fiable pour forages techniques et chantiers exigeants.\" \/>\n<meta name=\"robots\" content=\"index, follow, max-snippet:-1, max-image-preview:large, max-video-preview:-1\" \/>\n<link rel=\"canonical\" href=\"https:\/\/georocfor.com\/fr\/produits\/systemes-de-tubage-a-lavancement\/systeme-xs-ru\/xs-ru-10750-273mm-a-14000-355-6mm\/\" \/>\n<meta property=\"og:locale\" content=\"fr_CA\" \/>\n<meta property=\"og:type\" content=\"article\" \/>\n<meta property=\"og:title\" content=\"Xs RU 10,750\u2033 \/ 273mm \u00e0 14,000\u2033 \/ 355.6mm - GeoRocFor\" \/>\n<meta property=\"og:description\" content=\"XS-RU 10750\u2013273 mm \u00e0 14000\u2013355.6 mm GeoRocFor : tubage \u00e0 l\u2019avancement robuste et fiable pour forages techniques et chantiers exigeants.\" \/>\n<meta property=\"og:url\" content=\"https:\/\/georocfor.com\/fr\/produits\/systemes-de-tubage-a-lavancement\/systeme-xs-ru\/xs-ru-10750-273mm-a-14000-355-6mm\/\" \/>\n<meta property=\"og:site_name\" content=\"GeoRocFor\" \/>\n<meta property=\"article:modified_time\" content=\"2026-01-28T19:30:26+00:00\" \/>\n<meta property=\"og:image\" content=\"https:\/\/georocfor.com\/wp-content\/uploads\/2025\/08\/PSyst_XS-RU_-_10_750_0042.jpg\" \/>\n\t<meta property=\"og:image:width\" content=\"640\" \/>\n\t<meta property=\"og:image:height\" content=\"480\" \/>\n\t<meta property=\"og:image:type\" content=\"image\/jpeg\" \/>\n<meta name=\"twitter:card\" content=\"summary_large_image\" \/>\n<meta name=\"twitter:label1\" content=\"Estimation du temps de lecture\" \/>\n\t<meta name=\"twitter:data1\" content=\"2 minutes\" \/>\n<script type=\"application\/ld+json\" class=\"yoast-schema-graph\">{\"@context\":\"https:\/\/schema.org\",\"@graph\":[{\"@type\":\"WebPage\",\"@id\":\"https:\/\/georocfor.com\/fr\/produits\/systemes-de-tubage-a-lavancement\/systeme-xs-ru\/xs-ru-10750-273mm-a-14000-355-6mm\/\",\"url\":\"https:\/\/georocfor.com\/fr\/produits\/systemes-de-tubage-a-lavancement\/systeme-xs-ru\/xs-ru-10750-273mm-a-14000-355-6mm\/\",\"name\":\"Xs RU 10,750\u2033 \/ 273mm \u00e0 14,000\u2033 \/ 355.6mm - GeoRocFor\",\"isPartOf\":{\"@id\":\"https:\/\/georocfor.com\/fr\/#website\"},\"primaryImageOfPage\":{\"@id\":\"https:\/\/georocfor.com\/fr\/produits\/systemes-de-tubage-a-lavancement\/systeme-xs-ru\/xs-ru-10750-273mm-a-14000-355-6mm\/#primaryimage\"},\"image\":{\"@id\":\"https:\/\/georocfor.com\/fr\/produits\/systemes-de-tubage-a-lavancement\/systeme-xs-ru\/xs-ru-10750-273mm-a-14000-355-6mm\/#primaryimage\"},\"thumbnailUrl\":\"https:\/\/georocfor.com\/wp-content\/uploads\/2025\/08\/PSyst_XS-RU_-_10_750_0042.jpg\",\"datePublished\":\"2024-03-29T13:45:24+00:00\",\"dateModified\":\"2026-01-28T19:30:26+00:00\",\"description\":\"XS-RU 10750\u2013273 mm \u00e0 14000\u2013355.6 mm GeoRocFor : tubage \u00e0 l\u2019avancement robuste et fiable pour forages techniques et chantiers exigeants.\",\"breadcrumb\":{\"@id\":\"https:\/\/georocfor.com\/fr\/produits\/systemes-de-tubage-a-lavancement\/systeme-xs-ru\/xs-ru-10750-273mm-a-14000-355-6mm\/#breadcrumb\"},\"inLanguage\":\"fr-CA\",\"potentialAction\":[{\"@type\":\"ReadAction\",\"target\":[\"https:\/\/georocfor.com\/fr\/produits\/systemes-de-tubage-a-lavancement\/systeme-xs-ru\/xs-ru-10750-273mm-a-14000-355-6mm\/\"]}]},{\"@type\":\"ImageObject\",\"inLanguage\":\"fr-CA\",\"@id\":\"https:\/\/georocfor.com\/fr\/produits\/systemes-de-tubage-a-lavancement\/systeme-xs-ru\/xs-ru-10750-273mm-a-14000-355-6mm\/#primaryimage\",\"url\":\"https:\/\/georocfor.com\/wp-content\/uploads\/2025\/08\/PSyst_XS-RU_-_10_750_0042.jpg\",\"contentUrl\":\"https:\/\/georocfor.com\/wp-content\/uploads\/2025\/08\/PSyst_XS-RU_-_10_750_0042.jpg\",\"width\":640,\"height\":480,\"caption\":\"Syst\u00e8me Xs RU - 10,750\u2033 \/ 273mm \u00e0 14,000\u2033 \/ 355.6mm\"},{\"@type\":\"BreadcrumbList\",\"@id\":\"https:\/\/georocfor.com\/fr\/produits\/systemes-de-tubage-a-lavancement\/systeme-xs-ru\/xs-ru-10750-273mm-a-14000-355-6mm\/#breadcrumb\",\"itemListElement\":[{\"@type\":\"ListItem\",\"position\":1,\"name\":\"Home\",\"item\":\"https:\/\/georocfor.com\/fr\/\"},{\"@type\":\"ListItem\",\"position\":2,\"name\":\"Produits\",\"item\":\"https:\/\/georocfor.com\/fr\/produits\/\"},{\"@type\":\"ListItem\",\"position\":3,\"name\":\"Syst\u00e8mes de tubage \u00e0 l\u2019avancement\",\"item\":\"https:\/\/georocfor.com\/fr\/produits\/systemes-de-tubage-a-lavancement\/\"},{\"@type\":\"ListItem\",\"position\":4,\"name\":\"Syst\u00e8me Xs RU\",\"item\":\"https:\/\/georocfor.com\/fr\/produits\/systemes-de-tubage-a-lavancement\/systeme-xs-ru\/\"},{\"@type\":\"ListItem\",\"position\":5,\"name\":\"Xs RU 10,750\u2033 \/ 273mm \u00e0 14,000\u2033 \/ 355.6mm\"}]},{\"@type\":\"WebSite\",\"@id\":\"https:\/\/georocfor.com\/fr\/#website\",\"url\":\"https:\/\/georocfor.com\/fr\/\",\"name\":\"GeoRocFor\",\"description\":\"\",\"publisher\":{\"@id\":\"https:\/\/georocfor.com\/fr\/#organization\"},\"potentialAction\":[{\"@type\":\"SearchAction\",\"target\":{\"@type\":\"EntryPoint\",\"urlTemplate\":\"https:\/\/georocfor.com\/fr\/?s={search_term_string}\"},\"query-input\":{\"@type\":\"PropertyValueSpecification\",\"valueRequired\":true,\"valueName\":\"search_term_string\"}}],\"inLanguage\":\"fr-CA\"},{\"@type\":\"Organization\",\"@id\":\"https:\/\/georocfor.com\/fr\/#organization\",\"name\":\"GeoRocFor\",\"url\":\"https:\/\/georocfor.com\/fr\/\",\"logo\":{\"@type\":\"ImageObject\",\"inLanguage\":\"fr-CA\",\"@id\":\"https:\/\/georocfor.com\/fr\/#\/schema\/logo\/image\/\",\"url\":\"https:\/\/georocfor.com\/wp-content\/uploads\/2024\/03\/georocfor_logo_457x64.png\",\"contentUrl\":\"https:\/\/georocfor.com\/wp-content\/uploads\/2024\/03\/georocfor_logo_457x64.png\",\"width\":457,\"height\":64,\"caption\":\"GeoRocFor\"},\"image\":{\"@id\":\"https:\/\/georocfor.com\/fr\/#\/schema\/logo\/image\/\"}}]}<\/script>\n<!-- \/ Yoast SEO plugin. -->","yoast_head_json":{"title":"Xs RU 10,750\u2033 \/ 273mm \u00e0 14,000\u2033 \/ 355.6mm - GeoRocFor","description":"XS-RU 10750\u2013273 mm \u00e0 14000\u2013355.6 mm GeoRocFor : tubage \u00e0 l\u2019avancement robuste et fiable pour forages techniques et chantiers exigeants.","robots":{"index":"index","follow":"follow","max-snippet":"max-snippet:-1","max-image-preview":"max-image-preview:large","max-video-preview":"max-video-preview:-1"},"canonical":"https:\/\/georocfor.com\/fr\/produits\/systemes-de-tubage-a-lavancement\/systeme-xs-ru\/xs-ru-10750-273mm-a-14000-355-6mm\/","og_locale":"fr_CA","og_type":"article","og_title":"Xs RU 10,750\u2033 \/ 273mm \u00e0 14,000\u2033 \/ 355.6mm - GeoRocFor","og_description":"XS-RU 10750\u2013273 mm \u00e0 14000\u2013355.6 mm GeoRocFor : tubage \u00e0 l\u2019avancement robuste et fiable pour forages techniques et chantiers exigeants.","og_url":"https:\/\/georocfor.com\/fr\/produits\/systemes-de-tubage-a-lavancement\/systeme-xs-ru\/xs-ru-10750-273mm-a-14000-355-6mm\/","og_site_name":"GeoRocFor","article_modified_time":"2026-01-28T19:30:26+00:00","og_image":[{"width":640,"height":480,"url":"https:\/\/georocfor.com\/wp-content\/uploads\/2025\/08\/PSyst_XS-RU_-_10_750_0042.jpg","type":"image\/jpeg"}],"twitter_card":"summary_large_image","twitter_misc":{"Estimation du temps de lecture":"2 minutes"},"schema":{"@context":"https:\/\/schema.org","@graph":[{"@type":"WebPage","@id":"https:\/\/georocfor.com\/fr\/produits\/systemes-de-tubage-a-lavancement\/systeme-xs-ru\/xs-ru-10750-273mm-a-14000-355-6mm\/","url":"https:\/\/georocfor.com\/fr\/produits\/systemes-de-tubage-a-lavancement\/systeme-xs-ru\/xs-ru-10750-273mm-a-14000-355-6mm\/","name":"Xs RU 10,750\u2033 \/ 273mm \u00e0 14,000\u2033 \/ 355.6mm - GeoRocFor","isPartOf":{"@id":"https:\/\/georocfor.com\/fr\/#website"},"primaryImageOfPage":{"@id":"https:\/\/georocfor.com\/fr\/produits\/systemes-de-tubage-a-lavancement\/systeme-xs-ru\/xs-ru-10750-273mm-a-14000-355-6mm\/#primaryimage"},"image":{"@id":"https:\/\/georocfor.com\/fr\/produits\/systemes-de-tubage-a-lavancement\/systeme-xs-ru\/xs-ru-10750-273mm-a-14000-355-6mm\/#primaryimage"},"thumbnailUrl":"https:\/\/georocfor.com\/wp-content\/uploads\/2025\/08\/PSyst_XS-RU_-_10_750_0042.jpg","datePublished":"2024-03-29T13:45:24+00:00","dateModified":"2026-01-28T19:30:26+00:00","description":"XS-RU 10750\u2013273 mm \u00e0 14000\u2013355.6 mm GeoRocFor : tubage \u00e0 l\u2019avancement robuste et fiable pour forages techniques et chantiers exigeants.","breadcrumb":{"@id":"https:\/\/georocfor.com\/fr\/produits\/systemes-de-tubage-a-lavancement\/systeme-xs-ru\/xs-ru-10750-273mm-a-14000-355-6mm\/#breadcrumb"},"inLanguage":"fr-CA","potentialAction":[{"@type":"ReadAction","target":["https:\/\/georocfor.com\/fr\/produits\/systemes-de-tubage-a-lavancement\/systeme-xs-ru\/xs-ru-10750-273mm-a-14000-355-6mm\/"]}]},{"@type":"ImageObject","inLanguage":"fr-CA","@id":"https:\/\/georocfor.com\/fr\/produits\/systemes-de-tubage-a-lavancement\/systeme-xs-ru\/xs-ru-10750-273mm-a-14000-355-6mm\/#primaryimage","url":"https:\/\/georocfor.com\/wp-content\/uploads\/2025\/08\/PSyst_XS-RU_-_10_750_0042.jpg","contentUrl":"https:\/\/georocfor.com\/wp-content\/uploads\/2025\/08\/PSyst_XS-RU_-_10_750_0042.jpg","width":640,"height":480,"caption":"Syst\u00e8me Xs RU - 10,750\u2033 \/ 273mm \u00e0 14,000\u2033 \/ 355.6mm"},{"@type":"BreadcrumbList","@id":"https:\/\/georocfor.com\/fr\/produits\/systemes-de-tubage-a-lavancement\/systeme-xs-ru\/xs-ru-10750-273mm-a-14000-355-6mm\/#breadcrumb","itemListElement":[{"@type":"ListItem","position":1,"name":"Home","item":"https:\/\/georocfor.com\/fr\/"},{"@type":"ListItem","position":2,"name":"Produits","item":"https:\/\/georocfor.com\/fr\/produits\/"},{"@type":"ListItem","position":3,"name":"Syst\u00e8mes de tubage \u00e0 l\u2019avancement","item":"https:\/\/georocfor.com\/fr\/produits\/systemes-de-tubage-a-lavancement\/"},{"@type":"ListItem","position":4,"name":"Syst\u00e8me Xs RU","item":"https:\/\/georocfor.com\/fr\/produits\/systemes-de-tubage-a-lavancement\/systeme-xs-ru\/"},{"@type":"ListItem","position":5,"name":"Xs RU 10,750\u2033 \/ 273mm \u00e0 14,000\u2033 \/ 355.6mm"}]},{"@type":"WebSite","@id":"https:\/\/georocfor.com\/fr\/#website","url":"https:\/\/georocfor.com\/fr\/","name":"GeoRocFor","description":"","publisher":{"@id":"https:\/\/georocfor.com\/fr\/#organization"},"potentialAction":[{"@type":"SearchAction","target":{"@type":"EntryPoint","urlTemplate":"https:\/\/georocfor.com\/fr\/?s={search_term_string}"},"query-input":{"@type":"PropertyValueSpecification","valueRequired":true,"valueName":"search_term_string"}}],"inLanguage":"fr-CA"},{"@type":"Organization","@id":"https:\/\/georocfor.com\/fr\/#organization","name":"GeoRocFor","url":"https:\/\/georocfor.com\/fr\/","logo":{"@type":"ImageObject","inLanguage":"fr-CA","@id":"https:\/\/georocfor.com\/fr\/#\/schema\/logo\/image\/","url":"https:\/\/georocfor.com\/wp-content\/uploads\/2024\/03\/georocfor_logo_457x64.png","contentUrl":"https:\/\/georocfor.com\/wp-content\/uploads\/2024\/03\/georocfor_logo_457x64.png","width":457,"height":64,"caption":"GeoRocFor"},"image":{"@id":"https:\/\/georocfor.com\/fr\/#\/schema\/logo\/image\/"}}]}},"jetpack_sharing_enabled":true,"_links":{"self":[{"href":"https:\/\/georocfor.com\/fr\/wp-json\/wp\/v2\/pages\/995141","targetHints":{"allow":["GET"]}}],"collection":[{"href":"https:\/\/georocfor.com\/fr\/wp-json\/wp\/v2\/pages"}],"about":[{"href":"https:\/\/georocfor.com\/fr\/wp-json\/wp\/v2\/types\/page"}],"author":[{"embeddable":true,"href":"https:\/\/georocfor.com\/fr\/wp-json\/wp\/v2\/users\/1"}],"replies":[{"embeddable":true,"href":"https:\/\/georocfor.com\/fr\/wp-json\/wp\/v2\/comments?post=995141"}],"version-history":[{"count":5,"href":"https:\/\/georocfor.com\/fr\/wp-json\/wp\/v2\/pages\/995141\/revisions"}],"predecessor-version":[{"id":995966,"href":"https:\/\/georocfor.com\/fr\/wp-json\/wp\/v2\/pages\/995141\/revisions\/995966"}],"up":[{"embeddable":true,"href":"https:\/\/georocfor.com\/fr\/wp-json\/wp\/v2\/pages\/995078"}],"wp:featuredmedia":[{"embeddable":true,"href":"https:\/\/georocfor.com\/fr\/wp-json\/wp\/v2\/media\/994725"}],"wp:attachment":[{"href":"https:\/\/georocfor.com\/fr\/wp-json\/wp\/v2\/media?parent=995141"}],"curies":[{"name":"wp","href":"https:\/\/api.w.org\/{rel}","templated":true}]}}