{"id":995131,"date":"2024-03-29T09:10:54","date_gmt":"2024-03-29T13:10:54","guid":{"rendered":"https:\/\/georocfor.com\/produits\/systemes-de-tubage-a-lavancement\/xs-gte3-system\/xs-gte3-18000-457-2mm-a-24000-609-6mm\/"},"modified":"2026-01-28T14:28:24","modified_gmt":"2026-01-28T19:28:24","slug":"xs-gte3-18000-457-2mm-a-24000-609-6mm","status":"publish","type":"page","link":"https:\/\/georocfor.com\/fr\/produits\/systemes-de-tubage-a-lavancement\/systeme-xs-gte3\/xs-gte3-18000-457-2mm-a-24000-609-6mm\/","title":{"rendered":"Xs GTE3 18,000\u2033 \/ 457.2mm \u00e0 24,000\u2033 \/ 609.6mm"},"content":{"rendered":"<div class=\"vgblk-rw-wrapper limit-wrapper\">\r\n<h2>Produits<br \/><b> Xs GTE3 <\/b><\/h2>\r\n<div id=\"product-3d-image\"><!--data-speed=\"2\" data-delay=\"1\"--><img loading=\"lazy\" decoding=\"async\" src=\"https:\/\/georocfor.com\/wp-content\/uploads\/2025\/08\/Syst_XS-GTE3_24_000_0000.jpg\" width=\"640\" height=\"640\" class=\"reel image-3d\" data-images=\"https:\/\/georocfor.com\/wp-content\/uploads\/2025\/08\/Syst_XS-GTE3_24_000_0000.jpg,https:\/\/georocfor.com\/wp-content\/uploads\/2025\/08\/Syst_XS-GTE3_24_000_0042.jpg,https:\/\/georocfor.com\/wp-content\/uploads\/2025\/08\/Syst_XS-GTE3_24_000_0041.jpg,https:\/\/georocfor.com\/wp-content\/uploads\/2025\/08\/Syst_XS-GTE3_24_000_0040.jpg,https:\/\/georocfor.com\/wp-content\/uploads\/2025\/08\/Syst_XS-GTE3_24_000_0039.jpg,https:\/\/georocfor.com\/wp-content\/uploads\/2025\/08\/Syst_XS-GTE3_24_000_0038.jpg,https:\/\/georocfor.com\/wp-content\/uploads\/2025\/08\/Syst_XS-GTE3_24_000_0037.jpg,https:\/\/georocfor.com\/wp-content\/uploads\/2025\/08\/Syst_XS-GTE3_24_000_0036.jpg,https:\/\/georocfor.com\/wp-content\/uploads\/2025\/08\/Syst_XS-GTE3_24_000_0035.jpg,https:\/\/georocfor.com\/wp-content\/uploads\/2025\/08\/Syst_XS-GTE3_24_000_0034.jpg,https:\/\/georocfor.com\/wp-content\/uploads\/2025\/08\/Syst_XS-GTE3_24_000_0033.jpg,https:\/\/georocfor.com\/wp-content\/uploads\/2025\/08\/Syst_XS-GTE3_24_000_0032.jpg,https:\/\/georocfor.com\/wp-content\/uploads\/2025\/08\/Syst_XS-GTE3_24_000_0031.jpg,https:\/\/georocfor.com\/wp-content\/uploads\/2025\/08\/Syst_XS-GTE3_24_000_0030.jpg,https:\/\/georocfor.com\/wp-content\/uploads\/2025\/08\/Syst_XS-GTE3_24_000_0029.jpg,https:\/\/georocfor.com\/wp-content\/uploads\/2025\/08\/Syst_XS-GTE3_24_000_0028.jpg,https:\/\/georocfor.com\/wp-content\/uploads\/2025\/08\/Syst_XS-GTE3_24_000_0027.jpg,https:\/\/georocfor.com\/wp-content\/uploads\/2025\/08\/Syst_XS-GTE3_24_000_0026.jpg,https:\/\/georocfor.com\/wp-content\/uploads\/2025\/08\/Syst_XS-GTE3_24_000_0025.jpg,https:\/\/georocfor.com\/wp-content\/uploads\/2025\/08\/Syst_XS-GTE3_24_000_0024.jpg,https:\/\/georocfor.com\/wp-content\/uploads\/2025\/08\/Syst_XS-GTE3_24_000_0023.jpg,https:\/\/georocfor.com\/wp-content\/uploads\/2025\/08\/Syst_XS-GTE3_24_000_0022.jpg,https:\/\/georocfor.com\/wp-content\/uploads\/2025\/08\/Syst_XS-GTE3_24_000_0021.jpg,https:\/\/georocfor.com\/wp-content\/uploads\/2025\/08\/Syst_XS-GTE3_24_000_0020.jpg,https:\/\/georocfor.com\/wp-content\/uploads\/2025\/08\/Syst_XS-GTE3_24_000_0019.jpg,https:\/\/georocfor.com\/wp-content\/uploads\/2025\/08\/Syst_XS-GTE3_24_000_0018.jpg,https:\/\/georocfor.com\/wp-content\/uploads\/2025\/08\/Syst_XS-GTE3_24_000_0017.jpg,https:\/\/georocfor.com\/wp-content\/uploads\/2025\/08\/Syst_XS-GTE3_24_000_0016.jpg,https:\/\/georocfor.com\/wp-content\/uploads\/2025\/08\/Syst_XS-GTE3_24_000_0015.jpg,https:\/\/georocfor.com\/wp-content\/uploads\/2025\/08\/Syst_XS-GTE3_24_000_0014.jpg,https:\/\/georocfor.com\/wp-content\/uploads\/2025\/08\/Syst_XS-GTE3_24_000_0013.jpg,https:\/\/georocfor.com\/wp-content\/uploads\/2025\/08\/Syst_XS-GTE3_24_000_0012.jpg,https:\/\/georocfor.com\/wp-content\/uploads\/2025\/08\/Syst_XS-GTE3_24_000_0011.jpg,https:\/\/georocfor.com\/wp-content\/uploads\/2025\/08\/Syst_XS-GTE3_24_000_0010.jpg,https:\/\/georocfor.com\/wp-content\/uploads\/2025\/08\/Syst_XS-GTE3_24_000_0009.jpg,https:\/\/georocfor.com\/wp-content\/uploads\/2025\/08\/Syst_XS-GTE3_24_000_0008.jpg,https:\/\/georocfor.com\/wp-content\/uploads\/2025\/08\/Syst_XS-GTE3_24_000_0007.jpg,https:\/\/georocfor.com\/wp-content\/uploads\/2025\/08\/Syst_XS-GTE3_24_000_0006.jpg,https:\/\/georocfor.com\/wp-content\/uploads\/2025\/08\/Syst_XS-GTE3_24_000_0005.jpg,https:\/\/georocfor.com\/wp-content\/uploads\/2025\/08\/Syst_XS-GTE3_24_000_0004.jpg,https:\/\/georocfor.com\/wp-content\/uploads\/2025\/08\/Syst_XS-GTE3_24_000_0003.jpg,https:\/\/georocfor.com\/wp-content\/uploads\/2025\/08\/Syst_XS-GTE3_24_000_0002.jpg,https:\/\/georocfor.com\/wp-content\/uploads\/2025\/08\/Syst_XS-GTE3_24_000_0001.jpg\" \/><\/div>\r\n<p>Ce syst\u00e8me \u00e9conomique est utilis\u00e9 pour le forage de trous peu profonds \u00e0 mod\u00e9r\u00e9ment profonds lorsque l&rsquo;installation permanente ou temporaire de tubage est requise. L&rsquo;installation du tubage et le forage du roc de fond se font avec le m\u00eame taillant d&rsquo;entra\u00eenement.<\/p>\r\n<h3>Avantages<\/h3>\r\n<ul>\r\n<li>Meilleur syst\u00e8me de passage au travers de la couronne sur le march\u00e9<\/li>\r\n<li>Plus pratique<\/li>\r\n<li>Installation du tubage et forage du roc avec le m\u00eame taillant d&rsquo;entra\u00eenement.<\/li>\r\n<\/ul>\r\n<h3>Applications les plus courantes<\/h3>\r\n<p>Forage de pieux, micropieux et investigations de site<\/p>\r\n<h2>Donn\u00e9es<br \/><b>techniques <\/b><\/h2>\r\n<p><img loading=\"lazy\" decoding=\"async\" title=\"georocfor_xs-gt3-technical-data2_1200x800\" src=\"https:\/\/georocfor.com\/wp-content\/uploads\/2025\/08\/georocfor_xs-gt3-technical-data2_1200x800-1-630x420.jpg\" sizes=\"auto, (max-width: 768px) 100vw, 100vw\" srcset=\"https:\/\/georocfor.com\/wp-content\/uploads\/2025\/08\/georocfor_xs-gt3-technical-data2_1200x800-1-630x420.jpg 630w, https:\/\/georocfor.com\/wp-content\/uploads\/2025\/08\/georocfor_xs-gt3-technical-data2_1200x800-1-300x200.jpg 300w, https:\/\/georocfor.com\/wp-content\/uploads\/2025\/08\/georocfor_xs-gt3-technical-data2_1200x800-1-1024x683.jpg 1024w, https:\/\/georocfor.com\/wp-content\/uploads\/2025\/08\/georocfor_xs-gt3-technical-data2_1200x800-1-768x512.jpg 768w, https:\/\/georocfor.com\/wp-content\/uploads\/2025\/08\/georocfor_xs-gt3-technical-data2_1200x800-1-420x280.jpg 420w, https:\/\/georocfor.com\/wp-content\/uploads\/2025\/08\/georocfor_xs-gt3-technical-data2_1200x800-1-840x560.jpg 840w, https:\/\/georocfor.com\/wp-content\/uploads\/2025\/08\/georocfor_xs-gt3-technical-data2_1200x800-1-315x210.jpg 315w, https:\/\/georocfor.com\/wp-content\/uploads\/2025\/08\/georocfor_xs-gt3-technical-data2_1200x800-1.jpg 1200w\" alt=\"georocfor_xs-gt3-technical-data2_1200x800\" width=\"630\" height=\"420\" \/> Mesures du syst\u00e8me Xs GTE3 18,000\u2033 \/ 457.2mm<\/p>\r\n<h3>Donn\u00e9es techniques<\/h3>\r\n<table>\r\n<tbody>\r\n<tr>\r\n<td>Diam\u00e8tre ext\u00e9rieur du tube<\/td>\r\n<td>18,000&Prime;<\/td>\r\n<td>457.2mm<\/td>\r\n<\/tr>\r\n<tr>\r\n<td>Mur maximum<\/td>\r\n<td>0,787&Prime;<\/td>\r\n<td>20mm<\/td>\r\n<\/tr>\r\n<tr>\r\n<td>Diam\u00e8tre ext\u00e9rieur<\/td>\r\n<td>18,500&Prime;<\/td>\r\n<td>470mm<\/td>\r\n<\/tr>\r\n<tr>\r\n<td>Diam\u00e8tre int\u00e9rieur<\/td>\r\n<td>16,410&Prime;<\/td>\r\n<td>416.8mm<\/td>\r\n<\/tr>\r\n<tr>\r\n<td>Diam\u00e8tre entre les plats (C)<\/td>\r\n<td>14,975&Prime;<\/td>\r\n<td>380.4mm<\/td>\r\n<\/tr>\r\n<tr>\r\n<td>Diam\u00e8tre du taillant d&rsquo;entrainement<\/td>\r\n<td>16,313&Prime;<\/td>\r\n<td>414.4mm<\/td>\r\n<\/tr>\r\n<tr>\r\n<td>Marteau<\/td>\r\n<td>15&Prime;<\/td>\r\n<td>381mm<\/td>\r\n<\/tr>\r\n<\/tbody>\r\n<\/table>\r\n<h3>Num\u00e9ro de produit<\/h3>\r\n<table>\r\n<tbody>\r\n<tr>\r\n<td>Couronne standard<\/td>\r\n<td>XS-GTE3-CR18.00\/PLUS<\/td>\r\n<\/tr>\r\n<tr>\r\n<td>Taillant d&rsquo;entrainement<\/td>\r\n<td>XS-GTE3-DR18.00\/***<\/td>\r\n<\/tr>\r\n<\/tbody>\r\n<\/table>\r\n<p>Mesures du syst\u00e8me Xs GTE3 20,000\u2033 \/ 508mm<\/p>\r\n<h3>Donn\u00e9es techniques<\/h3>\r\n<table>\r\n<tbody>\r\n<tr>\r\n<td>Diam\u00e8tre ext\u00e9rieur du tube<\/td>\r\n<td>20,000&Prime;<\/td>\r\n<td>457.2mm<\/td>\r\n<\/tr>\r\n<tr>\r\n<td>Mur maximum<\/td>\r\n<td>0,905&Prime;<\/td>\r\n<td>23mm<\/td>\r\n<\/tr>\r\n<tr>\r\n<td>Diam\u00e8tre ext\u00e9rieur<\/td>\r\n<td>20,500&Prime;<\/td>\r\n<td>520.7mm<\/td>\r\n<\/tr>\r\n<tr>\r\n<td>Diam\u00e8tre int\u00e9rieur<\/td>\r\n<td>18,100&Prime;<\/td>\r\n<td>459.7mm<\/td>\r\n<\/tr>\r\n<tr>\r\n<td>Diam\u00e8tre entre les plats (C)<\/td>\r\n<td>16,440&Prime;<\/td>\r\n<td>417.6mm<\/td>\r\n<\/tr>\r\n<tr>\r\n<td>Diam\u00e8tre du taillant d&rsquo;entrainement<\/td>\r\n<td>18,000&Prime;<\/td>\r\n<td>457.2mm<\/td>\r\n<\/tr>\r\n<tr>\r\n<td>Marteau<\/td>\r\n<td>15&Prime;<\/td>\r\n<td>381mm<\/td>\r\n<\/tr>\r\n<\/tbody>\r\n<\/table>\r\n<h3>Num\u00e9ro de produit<\/h3>\r\n<table>\r\n<tbody>\r\n<tr>\r\n<td>Couronne standard<\/td>\r\n<td>XS-GTE3-CR20.00\/PLUS<\/td>\r\n<\/tr>\r\n<tr>\r\n<td>Taillant d&rsquo;entrainement<\/td>\r\n<td>XS-GTE3-DR20.00\/***<\/td>\r\n<\/tr>\r\n<\/tbody>\r\n<\/table>\r\n<p>Mesures du syst\u00e8me Xs GTE3 22,000\u2033 \/ 558.8mm<\/p>\r\n<h3>Donn\u00e9es techniques<\/h3>\r\n<table>\r\n<tbody>\r\n<tr>\r\n<td>Diam\u00e8tre ext\u00e9rieur du tube<\/td>\r\n<td>22,000&Prime;<\/td>\r\n<td>558.8mm<\/td>\r\n<\/tr>\r\n<tr>\r\n<td>Mur maximum<\/td>\r\n<td>1,000&Prime;<\/td>\r\n<td>26mm<\/td>\r\n<\/tr>\r\n<tr>\r\n<td>Diam\u00e8tre ext\u00e9rieur<\/td>\r\n<td>22,500&Prime;<\/td>\r\n<td>571.5mm<\/td>\r\n<\/tr>\r\n<tr>\r\n<td>Diam\u00e8tre int\u00e9rieur<\/td>\r\n<td>19,850&Prime;<\/td>\r\n<td>504.2mm<\/td>\r\n<\/tr>\r\n<tr>\r\n<td>Diam\u00e8tre entre les plats (C)<\/td>\r\n<td>18,030&Prime;<\/td>\r\n<td>458mm<\/td>\r\n<\/tr>\r\n<tr>\r\n<td>Diam\u00e8tre du taillant d&rsquo;entrainement<\/td>\r\n<td>19,750&Prime;<\/td>\r\n<td>501.7mm<\/td>\r\n<\/tr>\r\n<tr>\r\n<td>Marteau<\/td>\r\n<td>18&Prime;<\/td>\r\n<td>457mm<\/td>\r\n<\/tr>\r\n<\/tbody>\r\n<\/table>\r\n<h3>Num\u00e9ro de produit<\/h3>\r\n<table>\r\n<tbody>\r\n<tr>\r\n<td>Couronne standard<\/td>\r\n<td>XS-GTE3-CR22.00\/PLUS<\/td>\r\n<\/tr>\r\n<tr>\r\n<td>Taillant d&rsquo;entrainement<\/td>\r\n<td>XS-GTE3-DR22.00\/***<\/td>\r\n<\/tr>\r\n<\/tbody>\r\n<\/table>\r\n<p>Mesures du syst\u00e8me Xs GTE3 24,000\u2033 \/ 609.6mm<\/p>\r\n<h3>Donn\u00e9es techniques<\/h3>\r\n<table>\r\n<tbody>\r\n<tr>\r\n<td>Diam\u00e8tre ext\u00e9rieur du tube<\/td>\r\n<td>24,000&Prime;<\/td>\r\n<td>609.6mm<\/td>\r\n<\/tr>\r\n<tr>\r\n<td>Mur maximum<\/td>\r\n<td>1,000&Prime;<\/td>\r\n<td>26mm<\/td>\r\n<\/tr>\r\n<tr>\r\n<td>Diam\u00e8tre ext\u00e9rieur<\/td>\r\n<td>24,500&Prime;<\/td>\r\n<td>622.3mm<\/td>\r\n<\/tr>\r\n<tr>\r\n<td>Diam\u00e8tre int\u00e9rieur<\/td>\r\n<td>21,150&Prime;<\/td>\r\n<td>537.2mm<\/td>\r\n<\/tr>\r\n<tr>\r\n<td>Diam\u00e8tre entre les plats (C)<\/td>\r\n<td>19,150&Prime;<\/td>\r\n<td>486.4mm<\/td>\r\n<\/tr>\r\n<tr>\r\n<td>Diam\u00e8tre du taillant d&rsquo;entrainement<\/td>\r\n<td>21,063&Prime;<\/td>\r\n<td>535mm<\/td>\r\n<\/tr>\r\n<tr>\r\n<td>Marteau<\/td>\r\n<td>18&Prime;<\/td>\r\n<td>457mm<\/td>\r\n<\/tr>\r\n<\/tbody>\r\n<\/table>\r\n<h3>Num\u00e9ro de produit<\/h3>\r\n<table>\r\n<tbody>\r\n<tr>\r\n<td>Couronne standard<\/td>\r\n<td>XS-GTE3-CR24.00\/PLUS<\/td>\r\n<\/tr>\r\n<tr>\r\n<td>Taillant d&rsquo;entrainement<\/td>\r\n<td>XS-GTE3-DR24.00\/***<\/td>\r\n<\/tr>\r\n<\/tbody>\r\n<\/table>\r\n<\/div><!-- .vgblk-rw-wrapper -->","protected":false},"excerpt":{"rendered":"<p>Produits Xs GTE3 Ce syst\u00e8me \u00e9conomique est utilis\u00e9 pour le forage de trous peu profonds \u00e0 mod\u00e9r\u00e9ment profonds lorsque l&rsquo;installation permanente ou temporaire de tubage est requise. L&rsquo;installation du tubage et le forage du roc de fond se font avec le m\u00eame taillant d&rsquo;entra\u00eenement. Avantages Meilleur syst\u00e8me de passage au travers de la couronne sur&#8230;<\/p>\n","protected":false},"author":1,"featured_media":994117,"parent":995077,"menu_order":0,"comment_status":"closed","ping_status":"closed","template":"","meta":{"_acf_changed":false,"inline_featured_image":false,"_monsterinsights_skip_tracking":false,"_monsterinsights_sitenote_active":false,"_monsterinsights_sitenote_note":"","_monsterinsights_sitenote_category":0,"footnotes":""},"class_list":["post-995131","page","type-page","status-publish","has-post-thumbnail","hentry"],"acf":[],"yoast_head":"<!-- This site is optimized with the Yoast SEO plugin v26.8 - https:\/\/yoast.com\/product\/yoast-seo-wordpress\/ -->\n<title>Xs GTE3 18,000\u2033 \/ 457.2mm \u00e0 24,000\u2033 \/ 609.6mm - GeoRocFor<\/title>\n<meta name=\"description\" content=\"XS-GTE3 18000\u2013457.2 mm \u00e0 24000\u2013609.6 mm GeoRocFor : tubage performant pour maximiser stabilit\u00e9, productivit\u00e9 et efficacit\u00e9 de forage.\" \/>\n<meta name=\"robots\" content=\"index, follow, max-snippet:-1, max-image-preview:large, max-video-preview:-1\" \/>\n<link rel=\"canonical\" href=\"https:\/\/georocfor.com\/fr\/produits\/systemes-de-tubage-a-lavancement\/systeme-xs-gte3\/xs-gte3-18000-457-2mm-a-24000-609-6mm\/\" \/>\n<meta property=\"og:locale\" content=\"fr_CA\" \/>\n<meta property=\"og:type\" content=\"article\" \/>\n<meta property=\"og:title\" content=\"Xs GTE3 18,000\u2033 \/ 457.2mm \u00e0 24,000\u2033 \/ 609.6mm - GeoRocFor\" \/>\n<meta property=\"og:description\" content=\"XS-GTE3 18000\u2013457.2 mm \u00e0 24000\u2013609.6 mm GeoRocFor : tubage performant pour maximiser stabilit\u00e9, productivit\u00e9 et efficacit\u00e9 de forage.\" \/>\n<meta property=\"og:url\" content=\"https:\/\/georocfor.com\/fr\/produits\/systemes-de-tubage-a-lavancement\/systeme-xs-gte3\/xs-gte3-18000-457-2mm-a-24000-609-6mm\/\" \/>\n<meta property=\"og:site_name\" content=\"GeoRocFor\" \/>\n<meta property=\"article:modified_time\" content=\"2026-01-28T19:28:24+00:00\" \/>\n<meta property=\"og:image\" content=\"https:\/\/georocfor.com\/wp-content\/uploads\/2025\/08\/Syst_XS-GTE3_24_000_0042.jpg\" \/>\n\t<meta property=\"og:image:width\" content=\"640\" \/>\n\t<meta property=\"og:image:height\" content=\"480\" \/>\n\t<meta property=\"og:image:type\" content=\"image\/jpeg\" \/>\n<meta name=\"twitter:card\" content=\"summary_large_image\" \/>\n<meta name=\"twitter:label1\" content=\"Estimation du temps de lecture\" \/>\n\t<meta name=\"twitter:data1\" content=\"2 minutes\" \/>\n<script type=\"application\/ld+json\" class=\"yoast-schema-graph\">{\"@context\":\"https:\/\/schema.org\",\"@graph\":[{\"@type\":\"WebPage\",\"@id\":\"https:\/\/georocfor.com\/fr\/produits\/systemes-de-tubage-a-lavancement\/systeme-xs-gte3\/xs-gte3-18000-457-2mm-a-24000-609-6mm\/\",\"url\":\"https:\/\/georocfor.com\/fr\/produits\/systemes-de-tubage-a-lavancement\/systeme-xs-gte3\/xs-gte3-18000-457-2mm-a-24000-609-6mm\/\",\"name\":\"Xs GTE3 18,000\u2033 \/ 457.2mm \u00e0 24,000\u2033 \/ 609.6mm - GeoRocFor\",\"isPartOf\":{\"@id\":\"https:\/\/georocfor.com\/fr\/#website\"},\"primaryImageOfPage\":{\"@id\":\"https:\/\/georocfor.com\/fr\/produits\/systemes-de-tubage-a-lavancement\/systeme-xs-gte3\/xs-gte3-18000-457-2mm-a-24000-609-6mm\/#primaryimage\"},\"image\":{\"@id\":\"https:\/\/georocfor.com\/fr\/produits\/systemes-de-tubage-a-lavancement\/systeme-xs-gte3\/xs-gte3-18000-457-2mm-a-24000-609-6mm\/#primaryimage\"},\"thumbnailUrl\":\"https:\/\/georocfor.com\/wp-content\/uploads\/2025\/08\/Syst_XS-GTE3_24_000_0042.jpg\",\"datePublished\":\"2024-03-29T13:10:54+00:00\",\"dateModified\":\"2026-01-28T19:28:24+00:00\",\"description\":\"XS-GTE3 18000\u2013457.2 mm \u00e0 24000\u2013609.6 mm GeoRocFor : tubage performant pour maximiser stabilit\u00e9, productivit\u00e9 et efficacit\u00e9 de forage.\",\"breadcrumb\":{\"@id\":\"https:\/\/georocfor.com\/fr\/produits\/systemes-de-tubage-a-lavancement\/systeme-xs-gte3\/xs-gte3-18000-457-2mm-a-24000-609-6mm\/#breadcrumb\"},\"inLanguage\":\"fr-CA\",\"potentialAction\":[{\"@type\":\"ReadAction\",\"target\":[\"https:\/\/georocfor.com\/fr\/produits\/systemes-de-tubage-a-lavancement\/systeme-xs-gte3\/xs-gte3-18000-457-2mm-a-24000-609-6mm\/\"]}]},{\"@type\":\"ImageObject\",\"inLanguage\":\"fr-CA\",\"@id\":\"https:\/\/georocfor.com\/fr\/produits\/systemes-de-tubage-a-lavancement\/systeme-xs-gte3\/xs-gte3-18000-457-2mm-a-24000-609-6mm\/#primaryimage\",\"url\":\"https:\/\/georocfor.com\/wp-content\/uploads\/2025\/08\/Syst_XS-GTE3_24_000_0042.jpg\",\"contentUrl\":\"https:\/\/georocfor.com\/wp-content\/uploads\/2025\/08\/Syst_XS-GTE3_24_000_0042.jpg\",\"width\":640,\"height\":480,\"caption\":\"Syst\u00e8me Xs GTE3 - 18,000\u2033 \/ 457.2mm \u00e0 24,000\u2033 \/ 609.6mm\"},{\"@type\":\"BreadcrumbList\",\"@id\":\"https:\/\/georocfor.com\/fr\/produits\/systemes-de-tubage-a-lavancement\/systeme-xs-gte3\/xs-gte3-18000-457-2mm-a-24000-609-6mm\/#breadcrumb\",\"itemListElement\":[{\"@type\":\"ListItem\",\"position\":1,\"name\":\"Home\",\"item\":\"https:\/\/georocfor.com\/fr\/\"},{\"@type\":\"ListItem\",\"position\":2,\"name\":\"Produits\",\"item\":\"https:\/\/georocfor.com\/fr\/produits\/\"},{\"@type\":\"ListItem\",\"position\":3,\"name\":\"Syst\u00e8mes de tubage \u00e0 l\u2019avancement\",\"item\":\"https:\/\/georocfor.com\/fr\/produits\/systemes-de-tubage-a-lavancement\/\"},{\"@type\":\"ListItem\",\"position\":4,\"name\":\"Syst\u00e8me Xs GTE3\",\"item\":\"https:\/\/georocfor.com\/fr\/produits\/systemes-de-tubage-a-lavancement\/systeme-xs-gte3\/\"},{\"@type\":\"ListItem\",\"position\":5,\"name\":\"Xs GTE3 18,000\u2033 \/ 457.2mm \u00e0 24,000\u2033 \/ 609.6mm\"}]},{\"@type\":\"WebSite\",\"@id\":\"https:\/\/georocfor.com\/fr\/#website\",\"url\":\"https:\/\/georocfor.com\/fr\/\",\"name\":\"GeoRocFor\",\"description\":\"\",\"publisher\":{\"@id\":\"https:\/\/georocfor.com\/fr\/#organization\"},\"potentialAction\":[{\"@type\":\"SearchAction\",\"target\":{\"@type\":\"EntryPoint\",\"urlTemplate\":\"https:\/\/georocfor.com\/fr\/?s={search_term_string}\"},\"query-input\":{\"@type\":\"PropertyValueSpecification\",\"valueRequired\":true,\"valueName\":\"search_term_string\"}}],\"inLanguage\":\"fr-CA\"},{\"@type\":\"Organization\",\"@id\":\"https:\/\/georocfor.com\/fr\/#organization\",\"name\":\"GeoRocFor\",\"url\":\"https:\/\/georocfor.com\/fr\/\",\"logo\":{\"@type\":\"ImageObject\",\"inLanguage\":\"fr-CA\",\"@id\":\"https:\/\/georocfor.com\/fr\/#\/schema\/logo\/image\/\",\"url\":\"https:\/\/georocfor.com\/wp-content\/uploads\/2024\/03\/georocfor_logo_457x64.png\",\"contentUrl\":\"https:\/\/georocfor.com\/wp-content\/uploads\/2024\/03\/georocfor_logo_457x64.png\",\"width\":457,\"height\":64,\"caption\":\"GeoRocFor\"},\"image\":{\"@id\":\"https:\/\/georocfor.com\/fr\/#\/schema\/logo\/image\/\"}}]}<\/script>\n<!-- \/ Yoast SEO plugin. -->","yoast_head_json":{"title":"Xs GTE3 18,000\u2033 \/ 457.2mm \u00e0 24,000\u2033 \/ 609.6mm - GeoRocFor","description":"XS-GTE3 18000\u2013457.2 mm \u00e0 24000\u2013609.6 mm GeoRocFor : tubage performant pour maximiser stabilit\u00e9, productivit\u00e9 et efficacit\u00e9 de forage.","robots":{"index":"index","follow":"follow","max-snippet":"max-snippet:-1","max-image-preview":"max-image-preview:large","max-video-preview":"max-video-preview:-1"},"canonical":"https:\/\/georocfor.com\/fr\/produits\/systemes-de-tubage-a-lavancement\/systeme-xs-gte3\/xs-gte3-18000-457-2mm-a-24000-609-6mm\/","og_locale":"fr_CA","og_type":"article","og_title":"Xs GTE3 18,000\u2033 \/ 457.2mm \u00e0 24,000\u2033 \/ 609.6mm - GeoRocFor","og_description":"XS-GTE3 18000\u2013457.2 mm \u00e0 24000\u2013609.6 mm GeoRocFor : tubage performant pour maximiser stabilit\u00e9, productivit\u00e9 et efficacit\u00e9 de forage.","og_url":"https:\/\/georocfor.com\/fr\/produits\/systemes-de-tubage-a-lavancement\/systeme-xs-gte3\/xs-gte3-18000-457-2mm-a-24000-609-6mm\/","og_site_name":"GeoRocFor","article_modified_time":"2026-01-28T19:28:24+00:00","og_image":[{"width":640,"height":480,"url":"https:\/\/georocfor.com\/wp-content\/uploads\/2025\/08\/Syst_XS-GTE3_24_000_0042.jpg","type":"image\/jpeg"}],"twitter_card":"summary_large_image","twitter_misc":{"Estimation du temps de lecture":"2 minutes"},"schema":{"@context":"https:\/\/schema.org","@graph":[{"@type":"WebPage","@id":"https:\/\/georocfor.com\/fr\/produits\/systemes-de-tubage-a-lavancement\/systeme-xs-gte3\/xs-gte3-18000-457-2mm-a-24000-609-6mm\/","url":"https:\/\/georocfor.com\/fr\/produits\/systemes-de-tubage-a-lavancement\/systeme-xs-gte3\/xs-gte3-18000-457-2mm-a-24000-609-6mm\/","name":"Xs GTE3 18,000\u2033 \/ 457.2mm \u00e0 24,000\u2033 \/ 609.6mm - GeoRocFor","isPartOf":{"@id":"https:\/\/georocfor.com\/fr\/#website"},"primaryImageOfPage":{"@id":"https:\/\/georocfor.com\/fr\/produits\/systemes-de-tubage-a-lavancement\/systeme-xs-gte3\/xs-gte3-18000-457-2mm-a-24000-609-6mm\/#primaryimage"},"image":{"@id":"https:\/\/georocfor.com\/fr\/produits\/systemes-de-tubage-a-lavancement\/systeme-xs-gte3\/xs-gte3-18000-457-2mm-a-24000-609-6mm\/#primaryimage"},"thumbnailUrl":"https:\/\/georocfor.com\/wp-content\/uploads\/2025\/08\/Syst_XS-GTE3_24_000_0042.jpg","datePublished":"2024-03-29T13:10:54+00:00","dateModified":"2026-01-28T19:28:24+00:00","description":"XS-GTE3 18000\u2013457.2 mm \u00e0 24000\u2013609.6 mm GeoRocFor : tubage performant pour maximiser stabilit\u00e9, productivit\u00e9 et efficacit\u00e9 de forage.","breadcrumb":{"@id":"https:\/\/georocfor.com\/fr\/produits\/systemes-de-tubage-a-lavancement\/systeme-xs-gte3\/xs-gte3-18000-457-2mm-a-24000-609-6mm\/#breadcrumb"},"inLanguage":"fr-CA","potentialAction":[{"@type":"ReadAction","target":["https:\/\/georocfor.com\/fr\/produits\/systemes-de-tubage-a-lavancement\/systeme-xs-gte3\/xs-gte3-18000-457-2mm-a-24000-609-6mm\/"]}]},{"@type":"ImageObject","inLanguage":"fr-CA","@id":"https:\/\/georocfor.com\/fr\/produits\/systemes-de-tubage-a-lavancement\/systeme-xs-gte3\/xs-gte3-18000-457-2mm-a-24000-609-6mm\/#primaryimage","url":"https:\/\/georocfor.com\/wp-content\/uploads\/2025\/08\/Syst_XS-GTE3_24_000_0042.jpg","contentUrl":"https:\/\/georocfor.com\/wp-content\/uploads\/2025\/08\/Syst_XS-GTE3_24_000_0042.jpg","width":640,"height":480,"caption":"Syst\u00e8me Xs GTE3 - 18,000\u2033 \/ 457.2mm \u00e0 24,000\u2033 \/ 609.6mm"},{"@type":"BreadcrumbList","@id":"https:\/\/georocfor.com\/fr\/produits\/systemes-de-tubage-a-lavancement\/systeme-xs-gte3\/xs-gte3-18000-457-2mm-a-24000-609-6mm\/#breadcrumb","itemListElement":[{"@type":"ListItem","position":1,"name":"Home","item":"https:\/\/georocfor.com\/fr\/"},{"@type":"ListItem","position":2,"name":"Produits","item":"https:\/\/georocfor.com\/fr\/produits\/"},{"@type":"ListItem","position":3,"name":"Syst\u00e8mes de tubage \u00e0 l\u2019avancement","item":"https:\/\/georocfor.com\/fr\/produits\/systemes-de-tubage-a-lavancement\/"},{"@type":"ListItem","position":4,"name":"Syst\u00e8me Xs GTE3","item":"https:\/\/georocfor.com\/fr\/produits\/systemes-de-tubage-a-lavancement\/systeme-xs-gte3\/"},{"@type":"ListItem","position":5,"name":"Xs GTE3 18,000\u2033 \/ 457.2mm \u00e0 24,000\u2033 \/ 609.6mm"}]},{"@type":"WebSite","@id":"https:\/\/georocfor.com\/fr\/#website","url":"https:\/\/georocfor.com\/fr\/","name":"GeoRocFor","description":"","publisher":{"@id":"https:\/\/georocfor.com\/fr\/#organization"},"potentialAction":[{"@type":"SearchAction","target":{"@type":"EntryPoint","urlTemplate":"https:\/\/georocfor.com\/fr\/?s={search_term_string}"},"query-input":{"@type":"PropertyValueSpecification","valueRequired":true,"valueName":"search_term_string"}}],"inLanguage":"fr-CA"},{"@type":"Organization","@id":"https:\/\/georocfor.com\/fr\/#organization","name":"GeoRocFor","url":"https:\/\/georocfor.com\/fr\/","logo":{"@type":"ImageObject","inLanguage":"fr-CA","@id":"https:\/\/georocfor.com\/fr\/#\/schema\/logo\/image\/","url":"https:\/\/georocfor.com\/wp-content\/uploads\/2024\/03\/georocfor_logo_457x64.png","contentUrl":"https:\/\/georocfor.com\/wp-content\/uploads\/2024\/03\/georocfor_logo_457x64.png","width":457,"height":64,"caption":"GeoRocFor"},"image":{"@id":"https:\/\/georocfor.com\/fr\/#\/schema\/logo\/image\/"}}]}},"jetpack_sharing_enabled":true,"_links":{"self":[{"href":"https:\/\/georocfor.com\/fr\/wp-json\/wp\/v2\/pages\/995131","targetHints":{"allow":["GET"]}}],"collection":[{"href":"https:\/\/georocfor.com\/fr\/wp-json\/wp\/v2\/pages"}],"about":[{"href":"https:\/\/georocfor.com\/fr\/wp-json\/wp\/v2\/types\/page"}],"author":[{"embeddable":true,"href":"https:\/\/georocfor.com\/fr\/wp-json\/wp\/v2\/users\/1"}],"replies":[{"embeddable":true,"href":"https:\/\/georocfor.com\/fr\/wp-json\/wp\/v2\/comments?post=995131"}],"version-history":[{"count":5,"href":"https:\/\/georocfor.com\/fr\/wp-json\/wp\/v2\/pages\/995131\/revisions"}],"predecessor-version":[{"id":995962,"href":"https:\/\/georocfor.com\/fr\/wp-json\/wp\/v2\/pages\/995131\/revisions\/995962"}],"up":[{"embeddable":true,"href":"https:\/\/georocfor.com\/fr\/wp-json\/wp\/v2\/pages\/995077"}],"wp:featuredmedia":[{"embeddable":true,"href":"https:\/\/georocfor.com\/fr\/wp-json\/wp\/v2\/media\/994117"}],"wp:attachment":[{"href":"https:\/\/georocfor.com\/fr\/wp-json\/wp\/v2\/media?parent=995131"}],"curies":[{"name":"wp","href":"https:\/\/api.w.org\/{rel}","templated":true}]}}