{"id":995125,"date":"2024-03-27T12:15:29","date_gmt":"2024-03-27T16:15:29","guid":{"rendered":"https:\/\/georocfor.com\/produits\/systemes-de-tubage-a-lavancement\/xs-gt3-system\/xs-gt3-8625-219mm-a-9625-244-5mm\/"},"modified":"2026-01-27T15:08:49","modified_gmt":"2026-01-27T20:08:49","slug":"xs-gt3-8625-219mm-a-9625-244-5mm","status":"publish","type":"page","link":"https:\/\/georocfor.com\/fr\/produits\/systemes-de-tubage-a-lavancement\/systeme-xs-gt3\/xs-gt3-8625-219mm-a-9625-244-5mm\/","title":{"rendered":"Xs GT3 8,625\u2033 \/ 219mm \u00e0 9,625\u2033 \/ 244.5mm"},"content":{"rendered":"<div class=\"vgblk-rw-wrapper limit-wrapper\">\r\n<h2>Produits<br \/><b>Xs GT3 <\/b><\/h2>\r\n<p><img loading=\"lazy\" decoding=\"async\" title=\"georocfor_gif_xs-f_512x384\" src=\"https:\/\/georocfor.com\/wp-content\/uploads\/2024\/02\/georocfor_gif_xs-f_512x384.gif\" sizes=\"auto, (max-width: 768px) 100vw, 100vw\" alt=\"georocfor_gif_xs-f_512x384\" width=\"512\" height=\"384\" \/><\/p>\r\n<p>Il s&rsquo;agit du syst\u00e8me de tubage avec cuvelage le plus \u00e9conomique pour les terrains de surface (overburden). Il est utilis\u00e9 dans des trous peu profonds sans sortie visible (blind holes), notamment dans les forages \u00ab\u00a0\u00e0 l&rsquo;aveugle\u00a0\u00bb. Le cuvelage peut \u00eatre laiss\u00e9 en place dans le sol ou retir\u00e9 (r\u00e9cup\u00e9r\u00e9) apr\u00e8s le forage.*<\/p>\r\n<h3>Avantages<\/h3>\r\n<ul>\r\n<li>Diam\u00e8tre de forage adaptable<\/li>\r\n<li>Tr\u00e8s facile \u00e0 retirer (remonter)<\/li>\r\n<li>Simple d&rsquo;utilisation<\/li>\r\n<\/ul>\r\n<h3>Applications les plus courantes<\/h3>\r\n<p>Forage de pieux, micropieux et investigations de site<\/p>\r\n<h2>Donn\u00e9es<br \/><b>techniques <\/b><\/h2>\r\n<p><img loading=\"lazy\" decoding=\"async\" title=\"georocfor_xs-gt3-technical-data_1200x800\" src=\"https:\/\/georocfor.com\/wp-content\/uploads\/2025\/08\/georocfor_xs-gt3-technical-data_1200x800-630x420.jpg\" sizes=\"auto, (max-width: 768px) 100vw, 100vw\" srcset=\"https:\/\/georocfor.com\/wp-content\/uploads\/2025\/08\/georocfor_xs-gt3-technical-data_1200x800-630x420.jpg 630w, https:\/\/georocfor.com\/wp-content\/uploads\/2025\/08\/georocfor_xs-gt3-technical-data_1200x800-300x200.jpg 300w, https:\/\/georocfor.com\/wp-content\/uploads\/2025\/08\/georocfor_xs-gt3-technical-data_1200x800-1024x683.jpg 1024w, https:\/\/georocfor.com\/wp-content\/uploads\/2025\/08\/georocfor_xs-gt3-technical-data_1200x800-768x512.jpg 768w, https:\/\/georocfor.com\/wp-content\/uploads\/2025\/08\/georocfor_xs-gt3-technical-data_1200x800-420x280.jpg 420w, https:\/\/georocfor.com\/wp-content\/uploads\/2025\/08\/georocfor_xs-gt3-technical-data_1200x800-840x560.jpg 840w, https:\/\/georocfor.com\/wp-content\/uploads\/2025\/08\/georocfor_xs-gt3-technical-data_1200x800-315x210.jpg 315w, https:\/\/georocfor.com\/wp-content\/uploads\/2025\/08\/georocfor_xs-gt3-technical-data_1200x800.jpg 1200w\" alt=\"georocfor_xs-gt3-technical-data_1200x800\" width=\"630\" height=\"420\" \/> Mesures du syst\u00e8me Xs GT3 8,625\u2033 \/ 219mm<\/p>\r\n<h3>Donn\u00e9es techniques<\/h3>\r\n<table>\r\n<tbody>\r\n<tr>\r\n<td>Diam\u00e8tre ext\u00e9rieur du tube<\/td>\r\n<td>8,625&Prime;<\/td>\r\n<td>219mm<\/td>\r\n<\/tr>\r\n<tr>\r\n<td>Mur maximum<\/td>\r\n<td>0,313&Prime;<\/td>\r\n<td>8mm<\/td>\r\n<\/tr>\r\n<tr>\r\n<td>Diam\u00e8tre ext\u00e9rieur<\/td>\r\n<td>9,500&Prime;<\/td>\r\n<td>241.3mm<\/td>\r\n<\/tr>\r\n<tr>\r\n<td>Diam\u00e8tre int\u00e9rieur<\/td>\r\n<td>8,000&Prime;<\/td>\r\n<td>203.2mm<\/td>\r\n<\/tr>\r\n<tr>\r\n<td>Diam\u00e8tre entre les plats (C)<\/td>\r\n<td>7,150&Prime;<\/td>\r\n<td>181.6mm<\/td>\r\n<\/tr>\r\n<tr>\r\n<td>Diam\u00e8tre du taillant d&rsquo;entrainement<\/td>\r\n<td>7,938&Prime;<\/td>\r\n<td>201.6mm<\/td>\r\n<\/tr>\r\n<tr>\r\n<td>Marteau<\/td>\r\n<td>6&Prime;<\/td>\r\n<td>152.4mm<\/td>\r\n<\/tr>\r\n<\/tbody>\r\n<\/table>\r\n<h3>Num\u00e9ro de produit<\/h3>\r\n<table>\r\n<tbody>\r\n<tr>\r\n<td>Couronne standard<\/td>\r\n<td>XS-GT3-CR8.625\/PLUS<\/td>\r\n<\/tr>\r\n<tr>\r\n<td>Couronne SA<\/td>\r\n<td>XS-GT3-CR8.625\/SA<\/td>\r\n<\/tr>\r\n<tr>\r\n<td>Taillant d&rsquo;entrainement<\/td>\r\n<td>XS-GT3-DR8.625\/***<\/td>\r\n<\/tr>\r\n<\/tbody>\r\n<\/table>\r\n<p>Mesures du syst\u00e8me Xs GT3 9,625\u2033 \/ 244.5mm<\/p>\r\n<h3>Donn\u00e9es techniques<\/h3>\r\n<table>\r\n<tbody>\r\n<tr>\r\n<td>Diam\u00e8tre ext\u00e9rieur du tube<\/td>\r\n<td>9,625&Prime;<\/td>\r\n<td>244.5mm<\/td>\r\n<\/tr>\r\n<tr>\r\n<td>Mur maximum<\/td>\r\n<td>0,513&Prime;<\/td>\r\n<td>13mm<\/td>\r\n<\/tr>\r\n<tr>\r\n<td>Diam\u00e8tre ext\u00e9rieur<\/td>\r\n<td>10,750&Prime;<\/td>\r\n<td>273mm<\/td>\r\n<\/tr>\r\n<tr>\r\n<td>Diam\u00e8tre int\u00e9rieur<\/td>\r\n<td>8,600&Prime;<\/td>\r\n<td>218.4mm<\/td>\r\n<\/tr>\r\n<tr>\r\n<td>Diam\u00e8tre entre les plats (C)<\/td>\r\n<td>7,750&Prime;<\/td>\r\n<td>196.9mm<\/td>\r\n<\/tr>\r\n<tr>\r\n<td>Diam\u00e8tre du taillant d&rsquo;entrainement<\/td>\r\n<td>8,500&Prime;<\/td>\r\n<td>215.9mm<\/td>\r\n<\/tr>\r\n<tr>\r\n<td>Marteau<\/td>\r\n<td>6&Prime;<\/td>\r\n<td>152.4mm<\/td>\r\n<\/tr>\r\n<\/tbody>\r\n<\/table>\r\n<h3>Num\u00e9ro de produit<\/h3>\r\n<table>\r\n<tbody>\r\n<tr>\r\n<td>Couronne standard<\/td>\r\n<td>XS-GT3-CR9.625\/PLUS<\/td>\r\n<\/tr>\r\n<tr>\r\n<td>Couronne SA<\/td>\r\n<td>XS-GT3-CR9.625\/SA<\/td>\r\n<\/tr>\r\n<tr>\r\n<td>Taillant d&rsquo;entrainement<\/td>\r\n<td>XS-GT3-DR9.625\/***<\/td>\r\n<\/tr>\r\n<\/tbody>\r\n<\/table>\r\n<\/div><!-- .vgblk-rw-wrapper -->","protected":false},"excerpt":{"rendered":"<p>ProduitsXs GT3 Il s&rsquo;agit du syst\u00e8me de tubage avec cuvelage le plus \u00e9conomique pour les terrains de surface (overburden). Il est utilis\u00e9 dans des trous peu profonds sans sortie visible (blind holes), notamment dans les forages \u00ab\u00a0\u00e0 l&rsquo;aveugle\u00a0\u00bb. Le cuvelage peut \u00eatre laiss\u00e9 en place dans le sol ou retir\u00e9 (r\u00e9cup\u00e9r\u00e9) apr\u00e8s le forage.* Avantages&#8230;<\/p>\n","protected":false},"author":1,"featured_media":989873,"parent":995073,"menu_order":0,"comment_status":"closed","ping_status":"closed","template":"","meta":{"_acf_changed":false,"inline_featured_image":false,"_monsterinsights_skip_tracking":false,"_monsterinsights_sitenote_active":false,"_monsterinsights_sitenote_note":"","_monsterinsights_sitenote_category":0,"footnotes":""},"class_list":["post-995125","page","type-page","status-publish","has-post-thumbnail","hentry"],"acf":[],"yoast_head":"<!-- This site is optimized with the Yoast SEO plugin v26.8 - https:\/\/yoast.com\/product\/yoast-seo-wordpress\/ -->\n<title>Xs GT3 8,625\u2033 \/ 219mm \u00e0 9,625\u2033 \/ 244.5mm - GeoRocFor<\/title>\n<meta name=\"description\" content=\"D\u00e9couvrez le XS-GT3 8625\u2013219 mm \u00e0 9625\u2013244.5 mm GeoRocFor : solution de tubage robuste pour stabilisation efficace et performance accrue.\" \/>\n<meta name=\"robots\" content=\"index, follow, max-snippet:-1, max-image-preview:large, max-video-preview:-1\" \/>\n<link rel=\"canonical\" href=\"https:\/\/georocfor.com\/fr\/produits\/systemes-de-tubage-a-lavancement\/systeme-xs-gt3\/xs-gt3-8625-219mm-a-9625-244-5mm\/\" \/>\n<meta property=\"og:locale\" content=\"fr_CA\" \/>\n<meta property=\"og:type\" content=\"article\" \/>\n<meta property=\"og:title\" content=\"Xs GT3 8,625\u2033 \/ 219mm \u00e0 9,625\u2033 \/ 244.5mm - GeoRocFor\" \/>\n<meta property=\"og:description\" content=\"D\u00e9couvrez le XS-GT3 8625\u2013219 mm \u00e0 9625\u2013244.5 mm GeoRocFor : solution de tubage robuste pour stabilisation efficace et performance accrue.\" \/>\n<meta property=\"og:url\" content=\"https:\/\/georocfor.com\/fr\/produits\/systemes-de-tubage-a-lavancement\/systeme-xs-gt3\/xs-gt3-8625-219mm-a-9625-244-5mm\/\" \/>\n<meta property=\"og:site_name\" content=\"GeoRocFor\" \/>\n<meta property=\"article:modified_time\" content=\"2026-01-27T20:08:49+00:00\" \/>\n<meta property=\"og:image\" content=\"https:\/\/georocfor.com\/wp-content\/uploads\/2024\/03\/XS-GT-5.000-Rot-3D-0041.jpg\" \/>\n\t<meta property=\"og:image:width\" content=\"640\" \/>\n\t<meta property=\"og:image:height\" content=\"480\" \/>\n\t<meta property=\"og:image:type\" content=\"image\/jpeg\" \/>\n<meta name=\"twitter:card\" content=\"summary_large_image\" \/>\n<meta name=\"twitter:label1\" content=\"Estimation du temps de lecture\" \/>\n\t<meta name=\"twitter:data1\" content=\"2 minutes\" \/>\n<script type=\"application\/ld+json\" class=\"yoast-schema-graph\">{\"@context\":\"https:\/\/schema.org\",\"@graph\":[{\"@type\":\"WebPage\",\"@id\":\"https:\/\/georocfor.com\/fr\/produits\/systemes-de-tubage-a-lavancement\/systeme-xs-gt3\/xs-gt3-8625-219mm-a-9625-244-5mm\/\",\"url\":\"https:\/\/georocfor.com\/fr\/produits\/systemes-de-tubage-a-lavancement\/systeme-xs-gt3\/xs-gt3-8625-219mm-a-9625-244-5mm\/\",\"name\":\"Xs GT3 8,625\u2033 \/ 219mm \u00e0 9,625\u2033 \/ 244.5mm - GeoRocFor\",\"isPartOf\":{\"@id\":\"https:\/\/georocfor.com\/fr\/#website\"},\"primaryImageOfPage\":{\"@id\":\"https:\/\/georocfor.com\/fr\/produits\/systemes-de-tubage-a-lavancement\/systeme-xs-gt3\/xs-gt3-8625-219mm-a-9625-244-5mm\/#primaryimage\"},\"image\":{\"@id\":\"https:\/\/georocfor.com\/fr\/produits\/systemes-de-tubage-a-lavancement\/systeme-xs-gt3\/xs-gt3-8625-219mm-a-9625-244-5mm\/#primaryimage\"},\"thumbnailUrl\":\"https:\/\/georocfor.com\/wp-content\/uploads\/2024\/03\/XS-GT-5.000-Rot-3D-0041.jpg\",\"datePublished\":\"2024-03-27T16:15:29+00:00\",\"dateModified\":\"2026-01-27T20:08:49+00:00\",\"description\":\"D\u00e9couvrez le XS-GT3 8625\u2013219 mm \u00e0 9625\u2013244.5 mm GeoRocFor : solution de tubage robuste pour stabilisation efficace et performance accrue.\",\"breadcrumb\":{\"@id\":\"https:\/\/georocfor.com\/fr\/produits\/systemes-de-tubage-a-lavancement\/systeme-xs-gt3\/xs-gt3-8625-219mm-a-9625-244-5mm\/#breadcrumb\"},\"inLanguage\":\"fr-CA\",\"potentialAction\":[{\"@type\":\"ReadAction\",\"target\":[\"https:\/\/georocfor.com\/fr\/produits\/systemes-de-tubage-a-lavancement\/systeme-xs-gt3\/xs-gt3-8625-219mm-a-9625-244-5mm\/\"]}]},{\"@type\":\"ImageObject\",\"inLanguage\":\"fr-CA\",\"@id\":\"https:\/\/georocfor.com\/fr\/produits\/systemes-de-tubage-a-lavancement\/systeme-xs-gt3\/xs-gt3-8625-219mm-a-9625-244-5mm\/#primaryimage\",\"url\":\"https:\/\/georocfor.com\/wp-content\/uploads\/2024\/03\/XS-GT-5.000-Rot-3D-0041.jpg\",\"contentUrl\":\"https:\/\/georocfor.com\/wp-content\/uploads\/2024\/03\/XS-GT-5.000-Rot-3D-0041.jpg\",\"width\":640,\"height\":480,\"caption\":\"Syst\u00e8me Xs GT3 - 4,500\u2033 \/ 114.3mm \u00e0 7,000-2\u2033 \/ 177.8mm -2\"},{\"@type\":\"BreadcrumbList\",\"@id\":\"https:\/\/georocfor.com\/fr\/produits\/systemes-de-tubage-a-lavancement\/systeme-xs-gt3\/xs-gt3-8625-219mm-a-9625-244-5mm\/#breadcrumb\",\"itemListElement\":[{\"@type\":\"ListItem\",\"position\":1,\"name\":\"Home\",\"item\":\"https:\/\/georocfor.com\/fr\/\"},{\"@type\":\"ListItem\",\"position\":2,\"name\":\"Produits\",\"item\":\"https:\/\/georocfor.com\/fr\/produits\/\"},{\"@type\":\"ListItem\",\"position\":3,\"name\":\"Syst\u00e8mes de tubage \u00e0 l\u2019avancement\",\"item\":\"https:\/\/georocfor.com\/fr\/produits\/systemes-de-tubage-a-lavancement\/\"},{\"@type\":\"ListItem\",\"position\":4,\"name\":\"Syst\u00e8me Xs GT3\",\"item\":\"https:\/\/georocfor.com\/fr\/produits\/systemes-de-tubage-a-lavancement\/systeme-xs-gt3\/\"},{\"@type\":\"ListItem\",\"position\":5,\"name\":\"Xs GT3 8,625\u2033 \/ 219mm \u00e0 9,625\u2033 \/ 244.5mm\"}]},{\"@type\":\"WebSite\",\"@id\":\"https:\/\/georocfor.com\/fr\/#website\",\"url\":\"https:\/\/georocfor.com\/fr\/\",\"name\":\"GeoRocFor\",\"description\":\"\",\"publisher\":{\"@id\":\"https:\/\/georocfor.com\/fr\/#organization\"},\"potentialAction\":[{\"@type\":\"SearchAction\",\"target\":{\"@type\":\"EntryPoint\",\"urlTemplate\":\"https:\/\/georocfor.com\/fr\/?s={search_term_string}\"},\"query-input\":{\"@type\":\"PropertyValueSpecification\",\"valueRequired\":true,\"valueName\":\"search_term_string\"}}],\"inLanguage\":\"fr-CA\"},{\"@type\":\"Organization\",\"@id\":\"https:\/\/georocfor.com\/fr\/#organization\",\"name\":\"GeoRocFor\",\"url\":\"https:\/\/georocfor.com\/fr\/\",\"logo\":{\"@type\":\"ImageObject\",\"inLanguage\":\"fr-CA\",\"@id\":\"https:\/\/georocfor.com\/fr\/#\/schema\/logo\/image\/\",\"url\":\"https:\/\/georocfor.com\/wp-content\/uploads\/2024\/03\/georocfor_logo_457x64.png\",\"contentUrl\":\"https:\/\/georocfor.com\/wp-content\/uploads\/2024\/03\/georocfor_logo_457x64.png\",\"width\":457,\"height\":64,\"caption\":\"GeoRocFor\"},\"image\":{\"@id\":\"https:\/\/georocfor.com\/fr\/#\/schema\/logo\/image\/\"}}]}<\/script>\n<!-- \/ Yoast SEO plugin. -->","yoast_head_json":{"title":"Xs GT3 8,625\u2033 \/ 219mm \u00e0 9,625\u2033 \/ 244.5mm - GeoRocFor","description":"D\u00e9couvrez le XS-GT3 8625\u2013219 mm \u00e0 9625\u2013244.5 mm GeoRocFor : solution de tubage robuste pour stabilisation efficace et performance accrue.","robots":{"index":"index","follow":"follow","max-snippet":"max-snippet:-1","max-image-preview":"max-image-preview:large","max-video-preview":"max-video-preview:-1"},"canonical":"https:\/\/georocfor.com\/fr\/produits\/systemes-de-tubage-a-lavancement\/systeme-xs-gt3\/xs-gt3-8625-219mm-a-9625-244-5mm\/","og_locale":"fr_CA","og_type":"article","og_title":"Xs GT3 8,625\u2033 \/ 219mm \u00e0 9,625\u2033 \/ 244.5mm - GeoRocFor","og_description":"D\u00e9couvrez le XS-GT3 8625\u2013219 mm \u00e0 9625\u2013244.5 mm GeoRocFor : solution de tubage robuste pour stabilisation efficace et performance accrue.","og_url":"https:\/\/georocfor.com\/fr\/produits\/systemes-de-tubage-a-lavancement\/systeme-xs-gt3\/xs-gt3-8625-219mm-a-9625-244-5mm\/","og_site_name":"GeoRocFor","article_modified_time":"2026-01-27T20:08:49+00:00","og_image":[{"width":640,"height":480,"url":"https:\/\/georocfor.com\/wp-content\/uploads\/2024\/03\/XS-GT-5.000-Rot-3D-0041.jpg","type":"image\/jpeg"}],"twitter_card":"summary_large_image","twitter_misc":{"Estimation du temps de lecture":"2 minutes"},"schema":{"@context":"https:\/\/schema.org","@graph":[{"@type":"WebPage","@id":"https:\/\/georocfor.com\/fr\/produits\/systemes-de-tubage-a-lavancement\/systeme-xs-gt3\/xs-gt3-8625-219mm-a-9625-244-5mm\/","url":"https:\/\/georocfor.com\/fr\/produits\/systemes-de-tubage-a-lavancement\/systeme-xs-gt3\/xs-gt3-8625-219mm-a-9625-244-5mm\/","name":"Xs GT3 8,625\u2033 \/ 219mm \u00e0 9,625\u2033 \/ 244.5mm - GeoRocFor","isPartOf":{"@id":"https:\/\/georocfor.com\/fr\/#website"},"primaryImageOfPage":{"@id":"https:\/\/georocfor.com\/fr\/produits\/systemes-de-tubage-a-lavancement\/systeme-xs-gt3\/xs-gt3-8625-219mm-a-9625-244-5mm\/#primaryimage"},"image":{"@id":"https:\/\/georocfor.com\/fr\/produits\/systemes-de-tubage-a-lavancement\/systeme-xs-gt3\/xs-gt3-8625-219mm-a-9625-244-5mm\/#primaryimage"},"thumbnailUrl":"https:\/\/georocfor.com\/wp-content\/uploads\/2024\/03\/XS-GT-5.000-Rot-3D-0041.jpg","datePublished":"2024-03-27T16:15:29+00:00","dateModified":"2026-01-27T20:08:49+00:00","description":"D\u00e9couvrez le XS-GT3 8625\u2013219 mm \u00e0 9625\u2013244.5 mm GeoRocFor : solution de tubage robuste pour stabilisation efficace et performance accrue.","breadcrumb":{"@id":"https:\/\/georocfor.com\/fr\/produits\/systemes-de-tubage-a-lavancement\/systeme-xs-gt3\/xs-gt3-8625-219mm-a-9625-244-5mm\/#breadcrumb"},"inLanguage":"fr-CA","potentialAction":[{"@type":"ReadAction","target":["https:\/\/georocfor.com\/fr\/produits\/systemes-de-tubage-a-lavancement\/systeme-xs-gt3\/xs-gt3-8625-219mm-a-9625-244-5mm\/"]}]},{"@type":"ImageObject","inLanguage":"fr-CA","@id":"https:\/\/georocfor.com\/fr\/produits\/systemes-de-tubage-a-lavancement\/systeme-xs-gt3\/xs-gt3-8625-219mm-a-9625-244-5mm\/#primaryimage","url":"https:\/\/georocfor.com\/wp-content\/uploads\/2024\/03\/XS-GT-5.000-Rot-3D-0041.jpg","contentUrl":"https:\/\/georocfor.com\/wp-content\/uploads\/2024\/03\/XS-GT-5.000-Rot-3D-0041.jpg","width":640,"height":480,"caption":"Syst\u00e8me Xs GT3 - 4,500\u2033 \/ 114.3mm \u00e0 7,000-2\u2033 \/ 177.8mm -2"},{"@type":"BreadcrumbList","@id":"https:\/\/georocfor.com\/fr\/produits\/systemes-de-tubage-a-lavancement\/systeme-xs-gt3\/xs-gt3-8625-219mm-a-9625-244-5mm\/#breadcrumb","itemListElement":[{"@type":"ListItem","position":1,"name":"Home","item":"https:\/\/georocfor.com\/fr\/"},{"@type":"ListItem","position":2,"name":"Produits","item":"https:\/\/georocfor.com\/fr\/produits\/"},{"@type":"ListItem","position":3,"name":"Syst\u00e8mes de tubage \u00e0 l\u2019avancement","item":"https:\/\/georocfor.com\/fr\/produits\/systemes-de-tubage-a-lavancement\/"},{"@type":"ListItem","position":4,"name":"Syst\u00e8me Xs GT3","item":"https:\/\/georocfor.com\/fr\/produits\/systemes-de-tubage-a-lavancement\/systeme-xs-gt3\/"},{"@type":"ListItem","position":5,"name":"Xs GT3 8,625\u2033 \/ 219mm \u00e0 9,625\u2033 \/ 244.5mm"}]},{"@type":"WebSite","@id":"https:\/\/georocfor.com\/fr\/#website","url":"https:\/\/georocfor.com\/fr\/","name":"GeoRocFor","description":"","publisher":{"@id":"https:\/\/georocfor.com\/fr\/#organization"},"potentialAction":[{"@type":"SearchAction","target":{"@type":"EntryPoint","urlTemplate":"https:\/\/georocfor.com\/fr\/?s={search_term_string}"},"query-input":{"@type":"PropertyValueSpecification","valueRequired":true,"valueName":"search_term_string"}}],"inLanguage":"fr-CA"},{"@type":"Organization","@id":"https:\/\/georocfor.com\/fr\/#organization","name":"GeoRocFor","url":"https:\/\/georocfor.com\/fr\/","logo":{"@type":"ImageObject","inLanguage":"fr-CA","@id":"https:\/\/georocfor.com\/fr\/#\/schema\/logo\/image\/","url":"https:\/\/georocfor.com\/wp-content\/uploads\/2024\/03\/georocfor_logo_457x64.png","contentUrl":"https:\/\/georocfor.com\/wp-content\/uploads\/2024\/03\/georocfor_logo_457x64.png","width":457,"height":64,"caption":"GeoRocFor"},"image":{"@id":"https:\/\/georocfor.com\/fr\/#\/schema\/logo\/image\/"}}]}},"jetpack_sharing_enabled":true,"_links":{"self":[{"href":"https:\/\/georocfor.com\/fr\/wp-json\/wp\/v2\/pages\/995125","targetHints":{"allow":["GET"]}}],"collection":[{"href":"https:\/\/georocfor.com\/fr\/wp-json\/wp\/v2\/pages"}],"about":[{"href":"https:\/\/georocfor.com\/fr\/wp-json\/wp\/v2\/types\/page"}],"author":[{"embeddable":true,"href":"https:\/\/georocfor.com\/fr\/wp-json\/wp\/v2\/users\/1"}],"replies":[{"embeddable":true,"href":"https:\/\/georocfor.com\/fr\/wp-json\/wp\/v2\/comments?post=995125"}],"version-history":[{"count":4,"href":"https:\/\/georocfor.com\/fr\/wp-json\/wp\/v2\/pages\/995125\/revisions"}],"predecessor-version":[{"id":995826,"href":"https:\/\/georocfor.com\/fr\/wp-json\/wp\/v2\/pages\/995125\/revisions\/995826"}],"up":[{"embeddable":true,"href":"https:\/\/georocfor.com\/fr\/wp-json\/wp\/v2\/pages\/995073"}],"wp:featuredmedia":[{"embeddable":true,"href":"https:\/\/georocfor.com\/fr\/wp-json\/wp\/v2\/media\/989873"}],"wp:attachment":[{"href":"https:\/\/georocfor.com\/fr\/wp-json\/wp\/v2\/media?parent=995125"}],"curies":[{"name":"wp","href":"https:\/\/api.w.org\/{rel}","templated":true}]}}