{"id":995115,"date":"2024-03-27T12:17:08","date_gmt":"2024-03-27T16:17:08","guid":{"rendered":"https:\/\/georocfor.com\/produits\/systemes-de-tubage-a-lavancement\/xs-gt3-system\/xs-gt3-10750-273mm-a-14000-355-6mm\/"},"modified":"2026-01-28T14:24:49","modified_gmt":"2026-01-28T19:24:49","slug":"xs-gt3-10750-273mm-a-14000-355-6mm","status":"publish","type":"page","link":"https:\/\/georocfor.com\/fr\/produits\/systemes-de-tubage-a-lavancement\/systeme-xs-gt3\/xs-gt3-10750-273mm-a-14000-355-6mm\/","title":{"rendered":"Xs GT3 10,750\u2033\/ 273mm \u00e0 14,000\u2033 \/ 355.6mm"},"content":{"rendered":"<div class=\"vgblk-rw-wrapper limit-wrapper\">\r\n<h2>Produits<br \/><b>Xs GT3 <\/b><\/h2>\r\n<div id=\"product-3d-image\"><!--data-speed=\"2\" data-delay=\"1\"--><img loading=\"lazy\" decoding=\"async\" src=\"https:\/\/georocfor.com\/wp-content\/uploads\/2025\/08\/Syst_XS-GT3_10_750_0000.jpg\" width=\"640\" height=\"640\" class=\"reel image-3d\" data-images=\"https:\/\/georocfor.com\/wp-content\/uploads\/2025\/08\/Syst_XS-GT3_10_750_0000.jpg,https:\/\/georocfor.com\/wp-content\/uploads\/2025\/08\/Syst_XS-GT3_10_750_0042.jpg,https:\/\/georocfor.com\/wp-content\/uploads\/2025\/08\/Syst_XS-GT3_10_750_0041.jpg,https:\/\/georocfor.com\/wp-content\/uploads\/2025\/08\/Syst_XS-GT3_10_750_0040.jpg,https:\/\/georocfor.com\/wp-content\/uploads\/2025\/08\/Syst_XS-GT3_10_750_0039.jpg,https:\/\/georocfor.com\/wp-content\/uploads\/2025\/08\/Syst_XS-GT3_10_750_0038.jpg,https:\/\/georocfor.com\/wp-content\/uploads\/2025\/08\/Syst_XS-GT3_10_750_0037.jpg,https:\/\/georocfor.com\/wp-content\/uploads\/2025\/08\/Syst_XS-GT3_10_750_0036.jpg,https:\/\/georocfor.com\/wp-content\/uploads\/2025\/08\/Syst_XS-GT3_10_750_0035.jpg,https:\/\/georocfor.com\/wp-content\/uploads\/2025\/08\/Syst_XS-GT3_10_750_0034.jpg,https:\/\/georocfor.com\/wp-content\/uploads\/2025\/08\/Syst_XS-GT3_10_750_0033.jpg,https:\/\/georocfor.com\/wp-content\/uploads\/2025\/08\/Syst_XS-GT3_10_750_0032.jpg,https:\/\/georocfor.com\/wp-content\/uploads\/2025\/08\/Syst_XS-GT3_10_750_0031.jpg,https:\/\/georocfor.com\/wp-content\/uploads\/2025\/08\/Syst_XS-GT3_10_750_0030.jpg,https:\/\/georocfor.com\/wp-content\/uploads\/2025\/08\/Syst_XS-GT3_10_750_0029.jpg,https:\/\/georocfor.com\/wp-content\/uploads\/2025\/08\/Syst_XS-GT3_10_750_0028.jpg,https:\/\/georocfor.com\/wp-content\/uploads\/2025\/08\/Syst_XS-GT3_10_750_0027.jpg,https:\/\/georocfor.com\/wp-content\/uploads\/2025\/08\/Syst_XS-GT3_10_750_0026.jpg,https:\/\/georocfor.com\/wp-content\/uploads\/2025\/08\/Syst_XS-GT3_10_750_0025.jpg,https:\/\/georocfor.com\/wp-content\/uploads\/2025\/08\/Syst_XS-GT3_10_750_0024.jpg,https:\/\/georocfor.com\/wp-content\/uploads\/2025\/08\/Syst_XS-GT3_10_750_0023.jpg,https:\/\/georocfor.com\/wp-content\/uploads\/2025\/08\/Syst_XS-GT3_10_750_0022.jpg,https:\/\/georocfor.com\/wp-content\/uploads\/2025\/08\/Syst_XS-GT3_10_750_0021.jpg,https:\/\/georocfor.com\/wp-content\/uploads\/2025\/08\/Syst_XS-GT3_10_750_0020.jpg,https:\/\/georocfor.com\/wp-content\/uploads\/2025\/08\/Syst_XS-GT3_10_750_0019.jpg,https:\/\/georocfor.com\/wp-content\/uploads\/2025\/08\/Syst_XS-GT3_10_750_0018.jpg,https:\/\/georocfor.com\/wp-content\/uploads\/2025\/08\/Syst_XS-GT3_10_750_0017.jpg,https:\/\/georocfor.com\/wp-content\/uploads\/2025\/08\/Syst_XS-GT3_10_750_0016.jpg,https:\/\/georocfor.com\/wp-content\/uploads\/2025\/08\/Syst_XS-GT3_10_750_0015.jpg,https:\/\/georocfor.com\/wp-content\/uploads\/2025\/08\/Syst_XS-GT3_10_750_0014.jpg,https:\/\/georocfor.com\/wp-content\/uploads\/2025\/08\/Syst_XS-GT3_10_750_0013.jpg,https:\/\/georocfor.com\/wp-content\/uploads\/2025\/08\/Syst_XS-GT3_10_750_0012.jpg,https:\/\/georocfor.com\/wp-content\/uploads\/2025\/08\/Syst_XS-GT3_10_750_0011.jpg,https:\/\/georocfor.com\/wp-content\/uploads\/2025\/08\/Syst_XS-GT3_10_750_0010.jpg,https:\/\/georocfor.com\/wp-content\/uploads\/2025\/08\/Syst_XS-GT3_10_750_0009.jpg,https:\/\/georocfor.com\/wp-content\/uploads\/2025\/08\/Syst_XS-GT3_10_750_0008.jpg,https:\/\/georocfor.com\/wp-content\/uploads\/2025\/08\/Syst_XS-GT3_10_750_0007.jpg,https:\/\/georocfor.com\/wp-content\/uploads\/2025\/08\/Syst_XS-GT3_10_750_0006.jpg,https:\/\/georocfor.com\/wp-content\/uploads\/2025\/08\/Syst_XS-GT3_10_750_0005.jpg,https:\/\/georocfor.com\/wp-content\/uploads\/2025\/08\/Syst_XS-GT3_10_750_0004.jpg,https:\/\/georocfor.com\/wp-content\/uploads\/2025\/08\/Syst_XS-GT3_10_750_0003.jpg,https:\/\/georocfor.com\/wp-content\/uploads\/2025\/08\/Syst_XS-GT3_10_750_0002.jpg,https:\/\/georocfor.com\/wp-content\/uploads\/2025\/08\/Syst_XS-GT3_10_750_0001.jpg\" \/><\/div>\r\n<p>Ce syst\u00e8me est utilis\u00e9 pour le forage de trous mod\u00e9r\u00e9ment profonds \u00e0 profonds lorsque l&rsquo;installation permanente de tubage est requise. L&rsquo;installation du tubage et le forage du roc de fond se font avec le m\u00eame taillant d&rsquo;entrainement. Le diam\u00e8tre du forage dans le roc de fond est \u00e9gal au diam\u00e8tre int\u00e9rieur du tubage.<\/p>\r\n<h3>Avantages<\/h3>\r\n<ul>\r\n<li>Meilleur syst\u00e8me de passage au travers de la couronne sur le march\u00e9<\/li>\r\n<li>Plus pratique<\/li>\r\n<li>Installation du tubage et forage du roc avec le m\u00eame taillant d&rsquo;entra\u00eenement.<\/li>\r\n<\/ul>\r\n<h3>Applications les plus courantes<\/h3>\r\n<p>Forage de pieux, micropieux et investigations de site<\/p>\r\n<h2>Donn\u00e9es<br \/><b>techniques <\/b><\/h2>\r\n<p><img loading=\"lazy\" decoding=\"async\" title=\"georocfor_xs-gt3-technical-data_1200x800\" src=\"https:\/\/georocfor.com\/wp-content\/uploads\/2025\/08\/georocfor_xs-gt3-technical-data_1200x800-630x420.jpg\" sizes=\"auto, (max-width: 768px) 100vw, 100vw\" srcset=\"https:\/\/georocfor.com\/wp-content\/uploads\/2025\/08\/georocfor_xs-gt3-technical-data_1200x800-630x420.jpg 630w, https:\/\/georocfor.com\/wp-content\/uploads\/2025\/08\/georocfor_xs-gt3-technical-data_1200x800-300x200.jpg 300w, https:\/\/georocfor.com\/wp-content\/uploads\/2025\/08\/georocfor_xs-gt3-technical-data_1200x800-1024x683.jpg 1024w, https:\/\/georocfor.com\/wp-content\/uploads\/2025\/08\/georocfor_xs-gt3-technical-data_1200x800-768x512.jpg 768w, https:\/\/georocfor.com\/wp-content\/uploads\/2025\/08\/georocfor_xs-gt3-technical-data_1200x800-420x280.jpg 420w, https:\/\/georocfor.com\/wp-content\/uploads\/2025\/08\/georocfor_xs-gt3-technical-data_1200x800-840x560.jpg 840w, https:\/\/georocfor.com\/wp-content\/uploads\/2025\/08\/georocfor_xs-gt3-technical-data_1200x800-315x210.jpg 315w, https:\/\/georocfor.com\/wp-content\/uploads\/2025\/08\/georocfor_xs-gt3-technical-data_1200x800.jpg 1200w\" alt=\"georocfor_xs-gt3-technical-data_1200x800\" width=\"630\" height=\"420\" \/> Mesures du syst\u00e8me Xs GT3 10,750\u2033 \/ 273mm<\/p>\r\n<h3>Donn\u00e9es techniques<\/h3>\r\n<table>\r\n<tbody>\r\n<tr>\r\n<td>Diam\u00e8tre ext\u00e9rieur du tube<\/td>\r\n<td>10,750&Prime;<\/td>\r\n<td>273mm<\/td>\r\n<\/tr>\r\n<tr>\r\n<td>Mur maximum<\/td>\r\n<td>0,395&Prime;<\/td>\r\n<td>10mm<\/td>\r\n<\/tr>\r\n<tr>\r\n<td>Diam\u00e8tre ext\u00e9rieur<\/td>\r\n<td>12,000&Prime;<\/td>\r\n<td>304.8mm<\/td>\r\n<\/tr>\r\n<tr>\r\n<td>Diam\u00e8tre int\u00e9rieur<\/td>\r\n<td>9,960&Prime;<\/td>\r\n<td>253mm<\/td>\r\n<\/tr>\r\n<tr>\r\n<td>Diam\u00e8tre entre les plats (C)<\/td>\r\n<td>9,030&Prime;<\/td>\r\n<td>229.4mm<\/td>\r\n<\/tr>\r\n<tr>\r\n<td>Diam\u00e8tre du taillant d&rsquo;entrainement<\/td>\r\n<td>9,875&Prime;<\/td>\r\n<td>251mm<\/td>\r\n<\/tr>\r\n<tr>\r\n<td>Marteau<\/td>\r\n<td>8&Prime;<\/td>\r\n<td>203.2mm<\/td>\r\n<\/tr>\r\n<\/tbody>\r\n<\/table>\r\n<h3>Num\u00e9ro de produit<\/h3>\r\n<table>\r\n<tbody>\r\n<tr>\r\n<td>Couronne standard<\/td>\r\n<td>XS-GT3-CR10.75\/PLUS<\/td>\r\n<\/tr>\r\n<tr>\r\n<td>Couronne SA<\/td>\r\n<td>XS-GT3-CR10.75\/SA<\/td>\r\n<\/tr>\r\n<tr>\r\n<td>Taillant d&rsquo;entrainement<\/td>\r\n<td>XS-GT3-DR10.75\/***<\/td>\r\n<\/tr>\r\n<\/tbody>\r\n<\/table>\r\n<p>Mesures du syst\u00e8me Xs GT3 11,875\u2033 \/ 301.6mm<\/p>\r\n<h3>Donn\u00e9es techniques<\/h3>\r\n<table>\r\n<tbody>\r\n<tr>\r\n<td>Diam\u00e8tre ext\u00e9rieur du tube<\/td>\r\n<td>11,875&Prime;<\/td>\r\n<td>301.6mm<\/td>\r\n<\/tr>\r\n<tr>\r\n<td>Mur maximum<\/td>\r\n<td>0,588&Prime;<\/td>\r\n<td>15mm<\/td>\r\n<\/tr>\r\n<tr>\r\n<td>Diam\u00e8tre ext\u00e9rieur<\/td>\r\n<td>12,875&Prime;<\/td>\r\n<td>327mm<\/td>\r\n<\/tr>\r\n<tr>\r\n<td>Diam\u00e8tre int\u00e9rieur<\/td>\r\n<td>10,700&Prime;<\/td>\r\n<td>271.8mm<\/td>\r\n<\/tr>\r\n<tr>\r\n<td>Diam\u00e8tre entre les plats (C)<\/td>\r\n<td>9,500&Prime;<\/td>\r\n<td>276mm<\/td>\r\n<\/tr>\r\n<tr>\r\n<td>Diam\u00e8tre du taillant d&rsquo;entrainement<\/td>\r\n<td>10,625&Prime;<\/td>\r\n<td>270mm<\/td>\r\n<\/tr>\r\n<tr>\r\n<td>Marteau<\/td>\r\n<td>8&Prime;<\/td>\r\n<td>203.2mm<\/td>\r\n<\/tr>\r\n<\/tbody>\r\n<\/table>\r\n<h3>Num\u00e9ro de produit<\/h3>\r\n<table>\r\n<tbody>\r\n<tr>\r\n<td>Couronne standard<\/td>\r\n<td>XS-GT3-CR11.875\/PLUS<\/td>\r\n<\/tr>\r\n<tr>\r\n<td>Couronne SA<\/td>\r\n<td>XS-GT3-CR11.875\/SA<\/td>\r\n<\/tr>\r\n<tr>\r\n<td>Taillant d&rsquo;entrainement<\/td>\r\n<td>XS-GT3-DR11.875\/***<\/td>\r\n<\/tr>\r\n<\/tbody>\r\n<\/table>\r\n<p>Mesures du syst\u00e8me Xs GT3 12,750\u2033 \/ 324mm<\/p>\r\n<h3>Donn\u00e9es techniques<\/h3>\r\n<table>\r\n<tbody>\r\n<tr>\r\n<td>Diam\u00e8tre ext\u00e9rieur du tube<\/td>\r\n<td>12,750&Prime;<\/td>\r\n<td>324mm<\/td>\r\n<\/tr>\r\n<tr>\r\n<td>Mur maximum<\/td>\r\n<td>0,450&Prime;<\/td>\r\n<td>11.4mm<\/td>\r\n<\/tr>\r\n<tr>\r\n<td>Diam\u00e8tre ext\u00e9rieur<\/td>\r\n<td>14,000&Prime;<\/td>\r\n<td>355.6mm<\/td>\r\n<\/tr>\r\n<tr>\r\n<td>Diam\u00e8tre int\u00e9rieur<\/td>\r\n<td>11,850&Prime;<\/td>\r\n<td>301mm<\/td>\r\n<\/tr>\r\n<tr>\r\n<td>Diam\u00e8tre entre les plats (C)<\/td>\r\n<td>10,870&Prime;<\/td>\r\n<td>276mm<\/td>\r\n<\/tr>\r\n<tr>\r\n<td>Diam\u00e8tre du taillant d&rsquo;entrainement<\/td>\r\n<td>11,750&Prime;<\/td>\r\n<td>298.5mm<\/td>\r\n<\/tr>\r\n<tr>\r\n<td>Marteau<\/td>\r\n<td>10&Prime;<\/td>\r\n<td>254mm<\/td>\r\n<\/tr>\r\n<\/tbody>\r\n<\/table>\r\n<h3>Num\u00e9ro de produit<\/h3>\r\n<table>\r\n<tbody>\r\n<tr>\r\n<td>Couronne standard<\/td>\r\n<td>XS-GT3-CR12.75\/PLUS<\/td>\r\n<\/tr>\r\n<tr>\r\n<td>Couronne SA<\/td>\r\n<td>XS-GT3-CR12.75\/SA<\/td>\r\n<\/tr>\r\n<tr>\r\n<td>Taillant d&rsquo;entrainement<\/td>\r\n<td>XS-GT3-DR12.75\/***<\/td>\r\n<\/tr>\r\n<\/tbody>\r\n<\/table>\r\n<p>Mesures du syst\u00e8me Xs GT3 14,000\u2033 \/ 355.6mm<\/p>\r\n<h3>Donn\u00e9es techniques<\/h3>\r\n<table>\r\n<tbody>\r\n<tr>\r\n<td>Diam\u00e8tre ext\u00e9rieur du tube<\/td>\r\n<td>14,000&Prime;<\/td>\r\n<td>355.6mm<\/td>\r\n<\/tr>\r\n<tr>\r\n<td>Mur maximum<\/td>\r\n<td>0,500&Prime;<\/td>\r\n<td>12.7mm<\/td>\r\n<\/tr>\r\n<tr>\r\n<td>Diam\u00e8tre ext\u00e9rieur<\/td>\r\n<td>15,500&Prime;<\/td>\r\n<td>393.7mm<\/td>\r\n<\/tr>\r\n<tr>\r\n<td>Diam\u00e8tre int\u00e9rieur<\/td>\r\n<td>13,000&Prime;<\/td>\r\n<td>330.2mm<\/td>\r\n<\/tr>\r\n<tr>\r\n<td>Diam\u00e8tre entre les plats (C)<\/td>\r\n<td>11,840&Prime;<\/td>\r\n<td>300.7mm<\/td>\r\n<\/tr>\r\n<tr>\r\n<td>Diam\u00e8tre du taillant d&rsquo;entrainement<\/td>\r\n<td>12,938&Prime;<\/td>\r\n<td>328.6mm<\/td>\r\n<\/tr>\r\n<tr>\r\n<td>Marteau<\/td>\r\n<td>10&Prime;<\/td>\r\n<td>254mm<\/td>\r\n<\/tr>\r\n<\/tbody>\r\n<\/table>\r\n<h3>Num\u00e9ro de produit<\/h3>\r\n<table>\r\n<tbody>\r\n<tr>\r\n<td>Couronne standard<\/td>\r\n<td>XS-GT3-CR14.00\/PLUS<\/td>\r\n<\/tr>\r\n<tr>\r\n<td>Couronne SA<\/td>\r\n<td>XS-GT3-CR14.00\/SA<\/td>\r\n<\/tr>\r\n<tr>\r\n<td>Taillant d&rsquo;entrainement<\/td>\r\n<td>XS-GT3-DR14.00\/***<\/td>\r\n<\/tr>\r\n<\/tbody>\r\n<\/table>\r\n<\/div><!-- .vgblk-rw-wrapper -->","protected":false},"excerpt":{"rendered":"<p>ProduitsXs GT3 Ce syst\u00e8me est utilis\u00e9 pour le forage de trous mod\u00e9r\u00e9ment profonds \u00e0 profonds lorsque l&rsquo;installation permanente de tubage est requise. L&rsquo;installation du tubage et le forage du roc de fond se font avec le m\u00eame taillant d&rsquo;entrainement. Le diam\u00e8tre du forage dans le roc de fond est \u00e9gal au diam\u00e8tre int\u00e9rieur du tubage&#8230;.<\/p>\n","protected":false},"author":1,"featured_media":993768,"parent":995073,"menu_order":0,"comment_status":"closed","ping_status":"closed","template":"","meta":{"_acf_changed":false,"inline_featured_image":false,"_monsterinsights_skip_tracking":false,"_monsterinsights_sitenote_active":false,"_monsterinsights_sitenote_note":"","_monsterinsights_sitenote_category":0,"footnotes":""},"class_list":["post-995115","page","type-page","status-publish","has-post-thumbnail","hentry"],"acf":[],"yoast_head":"<!-- This site is optimized with the Yoast SEO plugin v26.8 - https:\/\/yoast.com\/product\/yoast-seo-wordpress\/ -->\n<title>Xs GT3 10,750\u2033\/ 273mm \u00e0 14,000\u2033 \/ 355.6mm - GeoRocFor<\/title>\n<meta name=\"description\" content=\"Syst\u00e8me XS-GT3 GeoRocFor (10750\u2013273 mm \u00e0 14000\u2013355.6 mm) : tubage \u00e0 l\u2019avancement pr\u00e9cis et durable pour fondations, puits et g\u00e9nie civil.\" \/>\n<meta name=\"robots\" content=\"index, follow, max-snippet:-1, max-image-preview:large, max-video-preview:-1\" \/>\n<link rel=\"canonical\" href=\"https:\/\/georocfor.com\/fr\/produits\/systemes-de-tubage-a-lavancement\/systeme-xs-gt3\/xs-gt3-10750-273mm-a-14000-355-6mm\/\" \/>\n<meta property=\"og:locale\" content=\"fr_CA\" \/>\n<meta property=\"og:type\" content=\"article\" \/>\n<meta property=\"og:title\" content=\"Xs GT3 10,750\u2033\/ 273mm \u00e0 14,000\u2033 \/ 355.6mm - GeoRocFor\" \/>\n<meta property=\"og:description\" content=\"Syst\u00e8me XS-GT3 GeoRocFor (10750\u2013273 mm \u00e0 14000\u2013355.6 mm) : tubage \u00e0 l\u2019avancement pr\u00e9cis et durable pour fondations, puits et g\u00e9nie civil.\" \/>\n<meta property=\"og:url\" content=\"https:\/\/georocfor.com\/fr\/produits\/systemes-de-tubage-a-lavancement\/systeme-xs-gt3\/xs-gt3-10750-273mm-a-14000-355-6mm\/\" \/>\n<meta property=\"og:site_name\" content=\"GeoRocFor\" \/>\n<meta property=\"article:modified_time\" content=\"2026-01-28T19:24:49+00:00\" \/>\n<meta property=\"og:image\" content=\"https:\/\/georocfor.com\/wp-content\/uploads\/2025\/08\/Syst_XS-GT3_10_750_0042.jpg\" \/>\n\t<meta property=\"og:image:width\" content=\"640\" \/>\n\t<meta property=\"og:image:height\" content=\"480\" \/>\n\t<meta property=\"og:image:type\" content=\"image\/jpeg\" \/>\n<meta name=\"twitter:card\" content=\"summary_large_image\" \/>\n<meta name=\"twitter:label1\" content=\"Estimation du temps de lecture\" \/>\n\t<meta name=\"twitter:data1\" content=\"2 minutes\" \/>\n<script type=\"application\/ld+json\" class=\"yoast-schema-graph\">{\"@context\":\"https:\/\/schema.org\",\"@graph\":[{\"@type\":\"WebPage\",\"@id\":\"https:\/\/georocfor.com\/fr\/produits\/systemes-de-tubage-a-lavancement\/systeme-xs-gt3\/xs-gt3-10750-273mm-a-14000-355-6mm\/\",\"url\":\"https:\/\/georocfor.com\/fr\/produits\/systemes-de-tubage-a-lavancement\/systeme-xs-gt3\/xs-gt3-10750-273mm-a-14000-355-6mm\/\",\"name\":\"Xs GT3 10,750\u2033\/ 273mm \u00e0 14,000\u2033 \/ 355.6mm - GeoRocFor\",\"isPartOf\":{\"@id\":\"https:\/\/georocfor.com\/fr\/#website\"},\"primaryImageOfPage\":{\"@id\":\"https:\/\/georocfor.com\/fr\/produits\/systemes-de-tubage-a-lavancement\/systeme-xs-gt3\/xs-gt3-10750-273mm-a-14000-355-6mm\/#primaryimage\"},\"image\":{\"@id\":\"https:\/\/georocfor.com\/fr\/produits\/systemes-de-tubage-a-lavancement\/systeme-xs-gt3\/xs-gt3-10750-273mm-a-14000-355-6mm\/#primaryimage\"},\"thumbnailUrl\":\"https:\/\/georocfor.com\/wp-content\/uploads\/2025\/08\/Syst_XS-GT3_10_750_0042.jpg\",\"datePublished\":\"2024-03-27T16:17:08+00:00\",\"dateModified\":\"2026-01-28T19:24:49+00:00\",\"description\":\"Syst\u00e8me XS-GT3 GeoRocFor (10750\u2013273 mm \u00e0 14000\u2013355.6 mm) : tubage \u00e0 l\u2019avancement pr\u00e9cis et durable pour fondations, puits et g\u00e9nie civil.\",\"breadcrumb\":{\"@id\":\"https:\/\/georocfor.com\/fr\/produits\/systemes-de-tubage-a-lavancement\/systeme-xs-gt3\/xs-gt3-10750-273mm-a-14000-355-6mm\/#breadcrumb\"},\"inLanguage\":\"fr-CA\",\"potentialAction\":[{\"@type\":\"ReadAction\",\"target\":[\"https:\/\/georocfor.com\/fr\/produits\/systemes-de-tubage-a-lavancement\/systeme-xs-gt3\/xs-gt3-10750-273mm-a-14000-355-6mm\/\"]}]},{\"@type\":\"ImageObject\",\"inLanguage\":\"fr-CA\",\"@id\":\"https:\/\/georocfor.com\/fr\/produits\/systemes-de-tubage-a-lavancement\/systeme-xs-gt3\/xs-gt3-10750-273mm-a-14000-355-6mm\/#primaryimage\",\"url\":\"https:\/\/georocfor.com\/wp-content\/uploads\/2025\/08\/Syst_XS-GT3_10_750_0042.jpg\",\"contentUrl\":\"https:\/\/georocfor.com\/wp-content\/uploads\/2025\/08\/Syst_XS-GT3_10_750_0042.jpg\",\"width\":640,\"height\":480,\"caption\":\"Syst\u00e8me Xs GT3 - 10,750\u2033\/ 273mm \u00e0 14,000\u2033 \/ 355.6mm\"},{\"@type\":\"BreadcrumbList\",\"@id\":\"https:\/\/georocfor.com\/fr\/produits\/systemes-de-tubage-a-lavancement\/systeme-xs-gt3\/xs-gt3-10750-273mm-a-14000-355-6mm\/#breadcrumb\",\"itemListElement\":[{\"@type\":\"ListItem\",\"position\":1,\"name\":\"Home\",\"item\":\"https:\/\/georocfor.com\/fr\/\"},{\"@type\":\"ListItem\",\"position\":2,\"name\":\"Produits\",\"item\":\"https:\/\/georocfor.com\/fr\/produits\/\"},{\"@type\":\"ListItem\",\"position\":3,\"name\":\"Syst\u00e8mes de tubage \u00e0 l\u2019avancement\",\"item\":\"https:\/\/georocfor.com\/fr\/produits\/systemes-de-tubage-a-lavancement\/\"},{\"@type\":\"ListItem\",\"position\":4,\"name\":\"Syst\u00e8me Xs GT3\",\"item\":\"https:\/\/georocfor.com\/fr\/produits\/systemes-de-tubage-a-lavancement\/systeme-xs-gt3\/\"},{\"@type\":\"ListItem\",\"position\":5,\"name\":\"Xs GT3 10,750\u2033\/ 273mm \u00e0 14,000\u2033 \/ 355.6mm\"}]},{\"@type\":\"WebSite\",\"@id\":\"https:\/\/georocfor.com\/fr\/#website\",\"url\":\"https:\/\/georocfor.com\/fr\/\",\"name\":\"GeoRocFor\",\"description\":\"\",\"publisher\":{\"@id\":\"https:\/\/georocfor.com\/fr\/#organization\"},\"potentialAction\":[{\"@type\":\"SearchAction\",\"target\":{\"@type\":\"EntryPoint\",\"urlTemplate\":\"https:\/\/georocfor.com\/fr\/?s={search_term_string}\"},\"query-input\":{\"@type\":\"PropertyValueSpecification\",\"valueRequired\":true,\"valueName\":\"search_term_string\"}}],\"inLanguage\":\"fr-CA\"},{\"@type\":\"Organization\",\"@id\":\"https:\/\/georocfor.com\/fr\/#organization\",\"name\":\"GeoRocFor\",\"url\":\"https:\/\/georocfor.com\/fr\/\",\"logo\":{\"@type\":\"ImageObject\",\"inLanguage\":\"fr-CA\",\"@id\":\"https:\/\/georocfor.com\/fr\/#\/schema\/logo\/image\/\",\"url\":\"https:\/\/georocfor.com\/wp-content\/uploads\/2024\/03\/georocfor_logo_457x64.png\",\"contentUrl\":\"https:\/\/georocfor.com\/wp-content\/uploads\/2024\/03\/georocfor_logo_457x64.png\",\"width\":457,\"height\":64,\"caption\":\"GeoRocFor\"},\"image\":{\"@id\":\"https:\/\/georocfor.com\/fr\/#\/schema\/logo\/image\/\"}}]}<\/script>\n<!-- \/ Yoast SEO plugin. -->","yoast_head_json":{"title":"Xs GT3 10,750\u2033\/ 273mm \u00e0 14,000\u2033 \/ 355.6mm - GeoRocFor","description":"Syst\u00e8me XS-GT3 GeoRocFor (10750\u2013273 mm \u00e0 14000\u2013355.6 mm) : tubage \u00e0 l\u2019avancement pr\u00e9cis et durable pour fondations, puits et g\u00e9nie civil.","robots":{"index":"index","follow":"follow","max-snippet":"max-snippet:-1","max-image-preview":"max-image-preview:large","max-video-preview":"max-video-preview:-1"},"canonical":"https:\/\/georocfor.com\/fr\/produits\/systemes-de-tubage-a-lavancement\/systeme-xs-gt3\/xs-gt3-10750-273mm-a-14000-355-6mm\/","og_locale":"fr_CA","og_type":"article","og_title":"Xs GT3 10,750\u2033\/ 273mm \u00e0 14,000\u2033 \/ 355.6mm - GeoRocFor","og_description":"Syst\u00e8me XS-GT3 GeoRocFor (10750\u2013273 mm \u00e0 14000\u2013355.6 mm) : tubage \u00e0 l\u2019avancement pr\u00e9cis et durable pour fondations, puits et g\u00e9nie civil.","og_url":"https:\/\/georocfor.com\/fr\/produits\/systemes-de-tubage-a-lavancement\/systeme-xs-gt3\/xs-gt3-10750-273mm-a-14000-355-6mm\/","og_site_name":"GeoRocFor","article_modified_time":"2026-01-28T19:24:49+00:00","og_image":[{"width":640,"height":480,"url":"https:\/\/georocfor.com\/wp-content\/uploads\/2025\/08\/Syst_XS-GT3_10_750_0042.jpg","type":"image\/jpeg"}],"twitter_card":"summary_large_image","twitter_misc":{"Estimation du temps de lecture":"2 minutes"},"schema":{"@context":"https:\/\/schema.org","@graph":[{"@type":"WebPage","@id":"https:\/\/georocfor.com\/fr\/produits\/systemes-de-tubage-a-lavancement\/systeme-xs-gt3\/xs-gt3-10750-273mm-a-14000-355-6mm\/","url":"https:\/\/georocfor.com\/fr\/produits\/systemes-de-tubage-a-lavancement\/systeme-xs-gt3\/xs-gt3-10750-273mm-a-14000-355-6mm\/","name":"Xs GT3 10,750\u2033\/ 273mm \u00e0 14,000\u2033 \/ 355.6mm - GeoRocFor","isPartOf":{"@id":"https:\/\/georocfor.com\/fr\/#website"},"primaryImageOfPage":{"@id":"https:\/\/georocfor.com\/fr\/produits\/systemes-de-tubage-a-lavancement\/systeme-xs-gt3\/xs-gt3-10750-273mm-a-14000-355-6mm\/#primaryimage"},"image":{"@id":"https:\/\/georocfor.com\/fr\/produits\/systemes-de-tubage-a-lavancement\/systeme-xs-gt3\/xs-gt3-10750-273mm-a-14000-355-6mm\/#primaryimage"},"thumbnailUrl":"https:\/\/georocfor.com\/wp-content\/uploads\/2025\/08\/Syst_XS-GT3_10_750_0042.jpg","datePublished":"2024-03-27T16:17:08+00:00","dateModified":"2026-01-28T19:24:49+00:00","description":"Syst\u00e8me XS-GT3 GeoRocFor (10750\u2013273 mm \u00e0 14000\u2013355.6 mm) : tubage \u00e0 l\u2019avancement pr\u00e9cis et durable pour fondations, puits et g\u00e9nie civil.","breadcrumb":{"@id":"https:\/\/georocfor.com\/fr\/produits\/systemes-de-tubage-a-lavancement\/systeme-xs-gt3\/xs-gt3-10750-273mm-a-14000-355-6mm\/#breadcrumb"},"inLanguage":"fr-CA","potentialAction":[{"@type":"ReadAction","target":["https:\/\/georocfor.com\/fr\/produits\/systemes-de-tubage-a-lavancement\/systeme-xs-gt3\/xs-gt3-10750-273mm-a-14000-355-6mm\/"]}]},{"@type":"ImageObject","inLanguage":"fr-CA","@id":"https:\/\/georocfor.com\/fr\/produits\/systemes-de-tubage-a-lavancement\/systeme-xs-gt3\/xs-gt3-10750-273mm-a-14000-355-6mm\/#primaryimage","url":"https:\/\/georocfor.com\/wp-content\/uploads\/2025\/08\/Syst_XS-GT3_10_750_0042.jpg","contentUrl":"https:\/\/georocfor.com\/wp-content\/uploads\/2025\/08\/Syst_XS-GT3_10_750_0042.jpg","width":640,"height":480,"caption":"Syst\u00e8me Xs GT3 - 10,750\u2033\/ 273mm \u00e0 14,000\u2033 \/ 355.6mm"},{"@type":"BreadcrumbList","@id":"https:\/\/georocfor.com\/fr\/produits\/systemes-de-tubage-a-lavancement\/systeme-xs-gt3\/xs-gt3-10750-273mm-a-14000-355-6mm\/#breadcrumb","itemListElement":[{"@type":"ListItem","position":1,"name":"Home","item":"https:\/\/georocfor.com\/fr\/"},{"@type":"ListItem","position":2,"name":"Produits","item":"https:\/\/georocfor.com\/fr\/produits\/"},{"@type":"ListItem","position":3,"name":"Syst\u00e8mes de tubage \u00e0 l\u2019avancement","item":"https:\/\/georocfor.com\/fr\/produits\/systemes-de-tubage-a-lavancement\/"},{"@type":"ListItem","position":4,"name":"Syst\u00e8me Xs GT3","item":"https:\/\/georocfor.com\/fr\/produits\/systemes-de-tubage-a-lavancement\/systeme-xs-gt3\/"},{"@type":"ListItem","position":5,"name":"Xs GT3 10,750\u2033\/ 273mm \u00e0 14,000\u2033 \/ 355.6mm"}]},{"@type":"WebSite","@id":"https:\/\/georocfor.com\/fr\/#website","url":"https:\/\/georocfor.com\/fr\/","name":"GeoRocFor","description":"","publisher":{"@id":"https:\/\/georocfor.com\/fr\/#organization"},"potentialAction":[{"@type":"SearchAction","target":{"@type":"EntryPoint","urlTemplate":"https:\/\/georocfor.com\/fr\/?s={search_term_string}"},"query-input":{"@type":"PropertyValueSpecification","valueRequired":true,"valueName":"search_term_string"}}],"inLanguage":"fr-CA"},{"@type":"Organization","@id":"https:\/\/georocfor.com\/fr\/#organization","name":"GeoRocFor","url":"https:\/\/georocfor.com\/fr\/","logo":{"@type":"ImageObject","inLanguage":"fr-CA","@id":"https:\/\/georocfor.com\/fr\/#\/schema\/logo\/image\/","url":"https:\/\/georocfor.com\/wp-content\/uploads\/2024\/03\/georocfor_logo_457x64.png","contentUrl":"https:\/\/georocfor.com\/wp-content\/uploads\/2024\/03\/georocfor_logo_457x64.png","width":457,"height":64,"caption":"GeoRocFor"},"image":{"@id":"https:\/\/georocfor.com\/fr\/#\/schema\/logo\/image\/"}}]}},"jetpack_sharing_enabled":true,"_links":{"self":[{"href":"https:\/\/georocfor.com\/fr\/wp-json\/wp\/v2\/pages\/995115","targetHints":{"allow":["GET"]}}],"collection":[{"href":"https:\/\/georocfor.com\/fr\/wp-json\/wp\/v2\/pages"}],"about":[{"href":"https:\/\/georocfor.com\/fr\/wp-json\/wp\/v2\/types\/page"}],"author":[{"embeddable":true,"href":"https:\/\/georocfor.com\/fr\/wp-json\/wp\/v2\/users\/1"}],"replies":[{"embeddable":true,"href":"https:\/\/georocfor.com\/fr\/wp-json\/wp\/v2\/comments?post=995115"}],"version-history":[{"count":5,"href":"https:\/\/georocfor.com\/fr\/wp-json\/wp\/v2\/pages\/995115\/revisions"}],"predecessor-version":[{"id":995955,"href":"https:\/\/georocfor.com\/fr\/wp-json\/wp\/v2\/pages\/995115\/revisions\/995955"}],"up":[{"embeddable":true,"href":"https:\/\/georocfor.com\/fr\/wp-json\/wp\/v2\/pages\/995073"}],"wp:featuredmedia":[{"embeddable":true,"href":"https:\/\/georocfor.com\/fr\/wp-json\/wp\/v2\/media\/993768"}],"wp:attachment":[{"href":"https:\/\/georocfor.com\/fr\/wp-json\/wp\/v2\/media?parent=995115"}],"curies":[{"name":"wp","href":"https:\/\/api.w.org\/{rel}","templated":true}]}}