{"id":995109,"date":"2024-03-27T13:20:18","date_gmt":"2024-03-27T17:20:18","guid":{"rendered":"https:\/\/georocfor.com\/produits\/systemes-de-tubage-a-lavancement\/xs-fp-fph-system\/xs-fp-fph-3000-72-2mm-a-3500-88-9mm\/"},"modified":"2026-01-28T14:22:51","modified_gmt":"2026-01-28T19:22:51","slug":"xs-fp-fph-3000-72-2mm-a-3500-88-9mm","status":"publish","type":"page","link":"https:\/\/georocfor.com\/fr\/produits\/systemes-de-tubage-a-lavancement\/systeme-xs-fp-fph\/xs-fp-fph-3000-72-2mm-a-3500-88-9mm\/","title":{"rendered":"Xs FP \/ FPH 3,000\u2033 \/ 72.2mm \u00e0 3,500\u2033 \/ 88.9mm"},"content":{"rendered":"<div class=\"vgblk-rw-wrapper limit-wrapper\">\r\n<h2>Produits<br \/><b>Xs FP \/ FPH<\/b><\/h2>\r\n<div id=\"product-3d-image\"><!--data-speed=\"2\" data-delay=\"1\"--><img loading=\"lazy\" decoding=\"async\" src=\"https:\/\/georocfor.com\/wp-content\/uploads\/2024\/04\/XS-FPH-3.500-Rot-3D-0000.jpg\" width=\"640\" height=\"640\" class=\"reel image-3d\" data-images=\"https:\/\/georocfor.com\/wp-content\/uploads\/2024\/04\/XS-FPH-3.500-Rot-3D-0000.jpg,https:\/\/georocfor.com\/wp-content\/uploads\/2024\/04\/XS-FPH-3.500-Rot-3D-0031.jpg,https:\/\/georocfor.com\/wp-content\/uploads\/2024\/04\/XS-FPH-3.500-Rot-3D-0030.jpg,https:\/\/georocfor.com\/wp-content\/uploads\/2024\/04\/XS-FPH-3.500-Rot-3D-0029.jpg,https:\/\/georocfor.com\/wp-content\/uploads\/2024\/04\/XS-FPH-3.500-Rot-3D-0028.jpg,https:\/\/georocfor.com\/wp-content\/uploads\/2024\/04\/XS-FPH-3.500-Rot-3D-0027.jpg,https:\/\/georocfor.com\/wp-content\/uploads\/2024\/04\/XS-FPH-3.500-Rot-3D-0026.jpg,https:\/\/georocfor.com\/wp-content\/uploads\/2024\/04\/XS-FPH-3.500-Rot-3D-0025.jpg,https:\/\/georocfor.com\/wp-content\/uploads\/2024\/04\/XS-FPH-3.500-Rot-3D-0024.jpg,https:\/\/georocfor.com\/wp-content\/uploads\/2024\/04\/XS-FPH-3.500-Rot-3D-0023.jpg,https:\/\/georocfor.com\/wp-content\/uploads\/2024\/04\/XS-FPH-3.500-Rot-3D-0022.jpg,https:\/\/georocfor.com\/wp-content\/uploads\/2024\/04\/XS-FPH-3.500-Rot-3D-0021.jpg,https:\/\/georocfor.com\/wp-content\/uploads\/2024\/04\/XS-FPH-3.500-Rot-3D-0020.jpg,https:\/\/georocfor.com\/wp-content\/uploads\/2024\/04\/XS-FPH-3.500-Rot-3D-0019.jpg,https:\/\/georocfor.com\/wp-content\/uploads\/2024\/04\/XS-FPH-3.500-Rot-3D-0018.jpg,https:\/\/georocfor.com\/wp-content\/uploads\/2024\/04\/XS-FPH-3.500-Rot-3D-0017.jpg,https:\/\/georocfor.com\/wp-content\/uploads\/2024\/04\/XS-FPH-3.500-Rot-3D-0016.jpg,https:\/\/georocfor.com\/wp-content\/uploads\/2024\/04\/XS-FPH-3.500-Rot-3D-0015.jpg,https:\/\/georocfor.com\/wp-content\/uploads\/2024\/04\/XS-FPH-3.500-Rot-3D-0014.jpg,https:\/\/georocfor.com\/wp-content\/uploads\/2024\/04\/XS-FPH-3.500-Rot-3D-0013.jpg,https:\/\/georocfor.com\/wp-content\/uploads\/2024\/04\/XS-FPH-3.500-Rot-3D-0012.jpg,https:\/\/georocfor.com\/wp-content\/uploads\/2024\/04\/XS-FPH-3.500-Rot-3D-0011.jpg,https:\/\/georocfor.com\/wp-content\/uploads\/2024\/04\/XS-FPH-3.500-Rot-3D-0010.jpg,https:\/\/georocfor.com\/wp-content\/uploads\/2024\/04\/XS-FPH-3.500-Rot-3D-0009.jpg,https:\/\/georocfor.com\/wp-content\/uploads\/2024\/04\/XS-FPH-3.500-Rot-3D-0008.jpg,https:\/\/georocfor.com\/wp-content\/uploads\/2024\/04\/XS-FPH-3.500-Rot-3D-0007.jpg,https:\/\/georocfor.com\/wp-content\/uploads\/2024\/04\/XS-FPH-3.500-Rot-3D-0006.jpg,https:\/\/georocfor.com\/wp-content\/uploads\/2024\/04\/XS-FPH-3.500-Rot-3D-0005.jpg,https:\/\/georocfor.com\/wp-content\/uploads\/2024\/04\/XS-FPH-3.500-Rot-3D-0004.jpg,https:\/\/georocfor.com\/wp-content\/uploads\/2024\/04\/XS-FPH-3.500-Rot-3D-0003.jpg,https:\/\/georocfor.com\/wp-content\/uploads\/2024\/04\/XS-FPH-3.500-Rot-3D-0002.jpg,https:\/\/georocfor.com\/wp-content\/uploads\/2024\/04\/XS-FPH-3.500-Rot-3D-0001.jpg\" \/><\/div>\r\n<p>Il s&rsquo;agit du syst\u00e8me le plus \u00e9conomique pour l&rsquo;installation permanente de tubage dans le forage de trous peu profonds \u00e0 moyens.<\/p>\r\n<h3>Avantages<\/h3>\r\n<ul>\r\n<li>Tr\u00e8s grande surface d&rsquo;impact<\/li>\r\n<li>Tr\u00e8s facile \u00e0 verrouiller\/d\u00e9verrouiller (surtout en configuration NLS)<\/li>\r\n<\/ul>\r\n<h3>Applications les plus courantes<\/h3>\r\n<p>Vo\u00fbte parapluie, exploration et puits sismiques<\/p>\r\n<h2>Donn\u00e9es <br \/><b>techniques <\/b><\/h2>\r\n<p><img loading=\"lazy\" decoding=\"async\" title=\"georocfor_xs-mesures_1200x800\" src=\"https:\/\/georocfor.com\/wp-content\/uploads\/2024\/02\/georocfor_xs-mesures_1200x800-630x420.jpg\" sizes=\"auto, (max-width: 768px) 100vw, 100vw\" srcset=\"https:\/\/georocfor.com\/wp-content\/uploads\/2024\/02\/georocfor_xs-mesures_1200x800-630x420.jpg 630w, https:\/\/georocfor.com\/wp-content\/uploads\/2024\/02\/georocfor_xs-mesures_1200x800-300x200.jpg 300w, https:\/\/georocfor.com\/wp-content\/uploads\/2024\/02\/georocfor_xs-mesures_1200x800-1024x683.jpg 1024w, https:\/\/georocfor.com\/wp-content\/uploads\/2024\/02\/georocfor_xs-mesures_1200x800-768x512.jpg 768w, https:\/\/georocfor.com\/wp-content\/uploads\/2024\/02\/georocfor_xs-mesures_1200x800-420x280.jpg 420w, https:\/\/georocfor.com\/wp-content\/uploads\/2024\/02\/georocfor_xs-mesures_1200x800-840x560.jpg 840w, https:\/\/georocfor.com\/wp-content\/uploads\/2024\/02\/georocfor_xs-mesures_1200x800-315x210.jpg 315w, https:\/\/georocfor.com\/wp-content\/uploads\/2024\/02\/georocfor_xs-mesures_1200x800.jpg 1200w\" alt=\"georocfor_xs-mesures_1200x800\" width=\"630\" height=\"420\" \/> Mesures du syst\u00e8me Xs FP 3,000\u2033 \/ 76.2mm<\/p>\r\n<h3>Donn\u00e9es techniques<\/h3>\r\n<table>\r\n<tbody>\r\n<tr>\r\n<td>Diam\u00e8tre ext\u00e9rieur du tube<\/td>\r\n<td>3,000&Prime;<\/td>\r\n<td>76.2mm<\/td>\r\n<\/tr>\r\n<tr>\r\n<td>Mur maximum<\/td>\r\n<td>0,313&Prime;<\/td>\r\n<td>8mm<\/td>\r\n<\/tr>\r\n<tr>\r\n<td>Diam\u00e8tre ext\u00e9rieur<\/td>\r\n<td>3,440&Prime;<\/td>\r\n<td>87.4mm<\/td>\r\n<\/tr>\r\n<tr>\r\n<td>Diam\u00e8tre int\u00e9rieur<\/td>\r\n<td>1,950&Prime;<\/td>\r\n<td>49.5mm<\/td>\r\n<\/tr>\r\n<tr>\r\n<td>Diam\u00e8tre du taillant d&rsquo;entrainement<\/td>\r\n<td>2,330&Prime;<\/td>\r\n<td>59.2mm<\/td>\r\n<\/tr>\r\n<tr>\r\n<td>Type de filet<\/td>\r\n<td>R32<\/td>\r\n<td>\u00a0<\/td>\r\n<\/tr>\r\n<\/tbody>\r\n<\/table>\r\n<h3>Num\u00e9ro de produit<\/h3>\r\n<table>\r\n<tbody>\r\n<tr>\r\n<td>Couronne standard<\/td>\r\n<td>XS-FP-CR3.00<\/td>\r\n<\/tr>\r\n<tr>\r\n<td>Taillant d&rsquo;entra\u00eenement sans verrous<\/td>\r\n<td>XS-FP-DR3.00\/***NLS<\/td>\r\n<\/tr>\r\n<tr>\r\n<td>Taillant d&rsquo;entra\u00eenement verrouillable<\/td>\r\n<td>XS-FP-DR3.00\/***<\/td>\r\n<\/tr>\r\n<\/tbody>\r\n<\/table>\r\n<p>Mesures du syst\u00e8me Xs FPH 3,000\u2033 \/ 76.2mm<\/p>\r\n<h3>Donn\u00e9es techniques<\/h3>\r\n<table>\r\n<tbody>\r\n<tr>\r\n<td>Diam\u00e8tre ext\u00e9rieur du tube<\/td>\r\n<td>3,000&Prime;<\/td>\r\n<td>76.2mm<\/td>\r\n<\/tr>\r\n<tr>\r\n<td>Mur maximum<\/td>\r\n<td>0,313&Prime;<\/td>\r\n<td>8mm<\/td>\r\n<\/tr>\r\n<tr>\r\n<td>Diam\u00e8tre ext\u00e9rieur<\/td>\r\n<td>3,438&Prime;<\/td>\r\n<td>87.3mm<\/td>\r\n<\/tr>\r\n<tr>\r\n<td>Diam\u00e8tre int\u00e9rieur<\/td>\r\n<td>1,800&Prime;<\/td>\r\n<td>45.7mm<\/td>\r\n<\/tr>\r\n<tr>\r\n<td>Diam\u00e8tre du taillant d&rsquo;entrainement<\/td>\r\n<td>2,300&Prime;<\/td>\r\n<td>58.4mm<\/td>\r\n<\/tr>\r\n<tr>\r\n<td>Type de filet<\/td>\r\n<td>R32<\/td>\r\n<td>\u00a0<\/td>\r\n<\/tr>\r\n<\/tbody>\r\n<\/table>\r\n<h3>Num\u00e9ro de produit<\/h3>\r\n<table>\r\n<tbody>\r\n<tr>\r\n<td>Couronne standard<\/td>\r\n<td>XS-FPH-CR3.00<\/td>\r\n<\/tr>\r\n<tr>\r\n<td>Couronne renforc\u00e9e<\/td>\r\n<td>XS-FPH-CR3.00\/HD<\/td>\r\n<\/tr>\r\n<tr>\r\n<td>Couronne d&rsquo;argile<\/td>\r\n<td>XS-FPH-CR3.00\/CL<\/td>\r\n<\/tr>\r\n<tr>\r\n<td>Taillant d&rsquo;entra\u00eenement sans verrous<\/td>\r\n<td>XS-FPH-DR3.00\/***NLS-LP<\/td>\r\n<\/tr>\r\n<tr>\r\n<td>Taillant d&rsquo;entra\u00eenement verrouillable<\/td>\r\n<td>XS-FPH-DR3.00\/***-LP<\/td>\r\n<\/tr>\r\n<\/tbody>\r\n<\/table>\r\n<p>Mesures du syst\u00e8me Xs FP 3,500\u2033 \/ 88.9mm<\/p>\r\n<h3>Donn\u00e9es techniques<\/h3>\r\n<table>\r\n<tbody>\r\n<tr>\r\n<td>Diam\u00e8tre ext\u00e9rieur du tube<\/td>\r\n<td>3,500&Prime;<\/td>\r\n<td>88.9mm<\/td>\r\n<\/tr>\r\n<tr>\r\n<td>Mur maximum<\/td>\r\n<td>0,313&Prime;<\/td>\r\n<td>8mm<\/td>\r\n<\/tr>\r\n<tr>\r\n<td>Diam\u00e8tre ext\u00e9rieur<\/td>\r\n<td>4,000&Prime;<\/td>\r\n<td>101.6mm<\/td>\r\n<\/tr>\r\n<tr>\r\n<td>Diam\u00e8tre int\u00e9rieur<\/td>\r\n<td>2,450&Prime;<\/td>\r\n<td>62.2mm<\/td>\r\n<\/tr>\r\n<tr>\r\n<td>Diam\u00e8tre du taillant d&rsquo;entrainement<\/td>\r\n<td>2,800&Prime;<\/td>\r\n<td>71.1mm<\/td>\r\n<\/tr>\r\n<tr>\r\n<td>Type de filet<\/td>\r\n<td>T38<\/td>\r\n<\/tr>\r\n<\/tbody>\r\n<\/table>\r\n<h3>Num\u00e9ro de produit<\/h3>\r\n<table>\r\n<tbody>\r\n<tr>\r\n<td>Couronne standard<\/td>\r\n<td>XS-FP-CR3.50<\/td>\r\n<\/tr>\r\n<tr>\r\n<td>Taillant d&rsquo;entra\u00eenement sans verrous<\/td>\r\n<td>XS-FP-DR3.50\/***NLS-LP<\/td>\r\n<\/tr>\r\n<tr>\r\n<td>Taillant d&rsquo;entra\u00eenement verrouillable<\/td>\r\n<td>XS-FP-DR3.50\/***-LP<\/td>\r\n<\/tr>\r\n<\/tbody>\r\n<\/table>\r\n<p>Mesures du syst\u00e8me Xs FPH 3,500\u2033 \/ 88.9mm<\/p>\r\n<h3>Donn\u00e9es techniques<\/h3>\r\n<table>\r\n<tbody>\r\n<tr>\r\n<td>Diam\u00e8tre ext\u00e9rieur du tube<\/td>\r\n<td>3,500&Prime;<\/td>\r\n<td>88.9mm<\/td>\r\n<\/tr>\r\n<tr>\r\n<td>Mur maximum<\/td>\r\n<td>0,313&Prime;<\/td>\r\n<td>8mm<\/td>\r\n<\/tr>\r\n<tr>\r\n<td>Diam\u00e8tre ext\u00e9rieur<\/td>\r\n<td>4,000&Prime;<\/td>\r\n<td>101.6mm<\/td>\r\n<\/tr>\r\n<tr>\r\n<td>Diam\u00e8tre int\u00e9rieur<\/td>\r\n<td>2,300&Prime;<\/td>\r\n<td>58.4mm<\/td>\r\n<\/tr>\r\n<tr>\r\n<td>Diam\u00e8tre du taillant d&rsquo;entrainement<\/td>\r\n<td>2,800&Prime;<\/td>\r\n<td>71.1mm<\/td>\r\n<\/tr>\r\n<tr>\r\n<td>Type de filet<\/td>\r\n<td>T38<\/td>\r\n<\/tr>\r\n<\/tbody>\r\n<\/table>\r\n<h3>Num\u00e9ro de produit<\/h3>\r\n<table>\r\n<tbody>\r\n<tr>\r\n<td>Couronne standard<\/td>\r\n<td>XS-FPH-CR3.50<\/td>\r\n<\/tr>\r\n<tr>\r\n<td>Couronne renforc\u00e9e<\/td>\r\n<td>XS-FPH-CR3.50\/HD<\/td>\r\n<\/tr>\r\n<tr>\r\n<td>Couronne d&rsquo;argile<\/td>\r\n<td>XS-FPH-CR3.50\/CL<\/td>\r\n<\/tr>\r\n<tr>\r\n<td>Taillant d&rsquo;entra\u00eenement sans verrous<\/td>\r\n<td>XS-FPH-DR3.50\/***NLS-LP<\/td>\r\n<\/tr>\r\n<tr>\r\n<td>Taillant d&rsquo;entra\u00eenement verrouillable<\/td>\r\n<td>XS-FPH-DR3.50\/***-LP<\/td>\r\n<\/tr>\r\n<\/tbody>\r\n<\/table>\r\n<\/div><!-- .vgblk-rw-wrapper -->","protected":false},"excerpt":{"rendered":"<p>ProduitsXs FP \/ FPH Il s&rsquo;agit du syst\u00e8me le plus \u00e9conomique pour l&rsquo;installation permanente de tubage dans le forage de trous peu profonds \u00e0 moyens. Avantages Tr\u00e8s grande surface d&rsquo;impact Tr\u00e8s facile \u00e0 verrouiller\/d\u00e9verrouiller (surtout en configuration NLS) Applications les plus courantes Vo\u00fbte parapluie, exploration et puits sismiques Donn\u00e9es techniques Mesures du syst\u00e8me Xs FP&#8230;<\/p>\n","protected":false},"author":1,"featured_media":991890,"parent":995071,"menu_order":0,"comment_status":"closed","ping_status":"closed","template":"","meta":{"_acf_changed":false,"inline_featured_image":false,"_monsterinsights_skip_tracking":false,"_monsterinsights_sitenote_active":false,"_monsterinsights_sitenote_note":"","_monsterinsights_sitenote_category":0,"footnotes":""},"class_list":["post-995109","page","type-page","status-publish","has-post-thumbnail","hentry"],"acf":[],"yoast_head":"<!-- This site is optimized with the Yoast SEO plugin v26.8 - https:\/\/yoast.com\/product\/yoast-seo-wordpress\/ -->\n<title>Xs FP \/ FPH 3,000\u2033 \/ 72.2mm \u00e0 3,500\u2033 \/ 88.9mm - GeoRocFor<\/title>\n<meta name=\"description\" content=\"Syst\u00e8me XS-FP\/FPH GeoRocFor (3000\u201372.2 mm \u00e0 3500\u201388.9 mm) : tubage \u00e0 l\u2019avancement pr\u00e9cis pour projets de fondations, puits et g\u00e9nie civil.\" \/>\n<meta name=\"robots\" content=\"index, follow, max-snippet:-1, max-image-preview:large, max-video-preview:-1\" \/>\n<link rel=\"canonical\" href=\"https:\/\/georocfor.com\/fr\/produits\/systemes-de-tubage-a-lavancement\/systeme-xs-fp-fph\/xs-fp-fph-3000-72-2mm-a-3500-88-9mm\/\" \/>\n<meta property=\"og:locale\" content=\"fr_CA\" \/>\n<meta property=\"og:type\" content=\"article\" \/>\n<meta property=\"og:title\" content=\"Xs FP \/ FPH 3,000\u2033 \/ 72.2mm \u00e0 3,500\u2033 \/ 88.9mm - GeoRocFor\" \/>\n<meta property=\"og:description\" content=\"Syst\u00e8me XS-FP\/FPH GeoRocFor (3000\u201372.2 mm \u00e0 3500\u201388.9 mm) : tubage \u00e0 l\u2019avancement pr\u00e9cis pour projets de fondations, puits et g\u00e9nie civil.\" \/>\n<meta property=\"og:url\" content=\"https:\/\/georocfor.com\/fr\/produits\/systemes-de-tubage-a-lavancement\/systeme-xs-fp-fph\/xs-fp-fph-3000-72-2mm-a-3500-88-9mm\/\" \/>\n<meta property=\"og:site_name\" content=\"GeoRocFor\" \/>\n<meta property=\"article:modified_time\" content=\"2026-01-28T19:22:51+00:00\" \/>\n<meta property=\"og:image\" content=\"https:\/\/georocfor.com\/wp-content\/uploads\/2024\/04\/XS-FP-5.000-Rot-3D-0030-1.jpg\" \/>\n\t<meta property=\"og:image:width\" content=\"640\" \/>\n\t<meta property=\"og:image:height\" content=\"480\" \/>\n\t<meta property=\"og:image:type\" content=\"image\/jpeg\" \/>\n<meta name=\"twitter:card\" content=\"summary_large_image\" \/>\n<meta name=\"twitter:label1\" content=\"Estimation du temps de lecture\" \/>\n\t<meta name=\"twitter:data1\" content=\"2 minutes\" \/>\n<script type=\"application\/ld+json\" class=\"yoast-schema-graph\">{\"@context\":\"https:\/\/schema.org\",\"@graph\":[{\"@type\":\"WebPage\",\"@id\":\"https:\/\/georocfor.com\/fr\/produits\/systemes-de-tubage-a-lavancement\/systeme-xs-fp-fph\/xs-fp-fph-3000-72-2mm-a-3500-88-9mm\/\",\"url\":\"https:\/\/georocfor.com\/fr\/produits\/systemes-de-tubage-a-lavancement\/systeme-xs-fp-fph\/xs-fp-fph-3000-72-2mm-a-3500-88-9mm\/\",\"name\":\"Xs FP \/ FPH 3,000\u2033 \/ 72.2mm \u00e0 3,500\u2033 \/ 88.9mm - GeoRocFor\",\"isPartOf\":{\"@id\":\"https:\/\/georocfor.com\/fr\/#website\"},\"primaryImageOfPage\":{\"@id\":\"https:\/\/georocfor.com\/fr\/produits\/systemes-de-tubage-a-lavancement\/systeme-xs-fp-fph\/xs-fp-fph-3000-72-2mm-a-3500-88-9mm\/#primaryimage\"},\"image\":{\"@id\":\"https:\/\/georocfor.com\/fr\/produits\/systemes-de-tubage-a-lavancement\/systeme-xs-fp-fph\/xs-fp-fph-3000-72-2mm-a-3500-88-9mm\/#primaryimage\"},\"thumbnailUrl\":\"https:\/\/georocfor.com\/wp-content\/uploads\/2024\/04\/XS-FP-5.000-Rot-3D-0030-1.jpg\",\"datePublished\":\"2024-03-27T17:20:18+00:00\",\"dateModified\":\"2026-01-28T19:22:51+00:00\",\"description\":\"Syst\u00e8me XS-FP\/FPH GeoRocFor (3000\u201372.2 mm \u00e0 3500\u201388.9 mm) : tubage \u00e0 l\u2019avancement pr\u00e9cis pour projets de fondations, puits et g\u00e9nie civil.\",\"breadcrumb\":{\"@id\":\"https:\/\/georocfor.com\/fr\/produits\/systemes-de-tubage-a-lavancement\/systeme-xs-fp-fph\/xs-fp-fph-3000-72-2mm-a-3500-88-9mm\/#breadcrumb\"},\"inLanguage\":\"fr-CA\",\"potentialAction\":[{\"@type\":\"ReadAction\",\"target\":[\"https:\/\/georocfor.com\/fr\/produits\/systemes-de-tubage-a-lavancement\/systeme-xs-fp-fph\/xs-fp-fph-3000-72-2mm-a-3500-88-9mm\/\"]}]},{\"@type\":\"ImageObject\",\"inLanguage\":\"fr-CA\",\"@id\":\"https:\/\/georocfor.com\/fr\/produits\/systemes-de-tubage-a-lavancement\/systeme-xs-fp-fph\/xs-fp-fph-3000-72-2mm-a-3500-88-9mm\/#primaryimage\",\"url\":\"https:\/\/georocfor.com\/wp-content\/uploads\/2024\/04\/XS-FP-5.000-Rot-3D-0030-1.jpg\",\"contentUrl\":\"https:\/\/georocfor.com\/wp-content\/uploads\/2024\/04\/XS-FP-5.000-Rot-3D-0030-1.jpg\",\"width\":640,\"height\":480,\"caption\":\"Syst\u00e8me Xs FP \/ FPH - 5,000\u2033 \/ 127mm \u00e0 6,000\u2033 \/ 152.4mm\"},{\"@type\":\"BreadcrumbList\",\"@id\":\"https:\/\/georocfor.com\/fr\/produits\/systemes-de-tubage-a-lavancement\/systeme-xs-fp-fph\/xs-fp-fph-3000-72-2mm-a-3500-88-9mm\/#breadcrumb\",\"itemListElement\":[{\"@type\":\"ListItem\",\"position\":1,\"name\":\"Home\",\"item\":\"https:\/\/georocfor.com\/fr\/\"},{\"@type\":\"ListItem\",\"position\":2,\"name\":\"Produits\",\"item\":\"https:\/\/georocfor.com\/fr\/produits\/\"},{\"@type\":\"ListItem\",\"position\":3,\"name\":\"Syst\u00e8mes de tubage \u00e0 l\u2019avancement\",\"item\":\"https:\/\/georocfor.com\/fr\/produits\/systemes-de-tubage-a-lavancement\/\"},{\"@type\":\"ListItem\",\"position\":4,\"name\":\"Syst\u00e8me Xs FP \/ FPH\",\"item\":\"https:\/\/georocfor.com\/fr\/produits\/systemes-de-tubage-a-lavancement\/systeme-xs-fp-fph\/\"},{\"@type\":\"ListItem\",\"position\":5,\"name\":\"Xs FP \/ FPH 3,000\u2033 \/ 72.2mm \u00e0 3,500\u2033 \/ 88.9mm\"}]},{\"@type\":\"WebSite\",\"@id\":\"https:\/\/georocfor.com\/fr\/#website\",\"url\":\"https:\/\/georocfor.com\/fr\/\",\"name\":\"GeoRocFor\",\"description\":\"\",\"publisher\":{\"@id\":\"https:\/\/georocfor.com\/fr\/#organization\"},\"potentialAction\":[{\"@type\":\"SearchAction\",\"target\":{\"@type\":\"EntryPoint\",\"urlTemplate\":\"https:\/\/georocfor.com\/fr\/?s={search_term_string}\"},\"query-input\":{\"@type\":\"PropertyValueSpecification\",\"valueRequired\":true,\"valueName\":\"search_term_string\"}}],\"inLanguage\":\"fr-CA\"},{\"@type\":\"Organization\",\"@id\":\"https:\/\/georocfor.com\/fr\/#organization\",\"name\":\"GeoRocFor\",\"url\":\"https:\/\/georocfor.com\/fr\/\",\"logo\":{\"@type\":\"ImageObject\",\"inLanguage\":\"fr-CA\",\"@id\":\"https:\/\/georocfor.com\/fr\/#\/schema\/logo\/image\/\",\"url\":\"https:\/\/georocfor.com\/wp-content\/uploads\/2024\/03\/georocfor_logo_457x64.png\",\"contentUrl\":\"https:\/\/georocfor.com\/wp-content\/uploads\/2024\/03\/georocfor_logo_457x64.png\",\"width\":457,\"height\":64,\"caption\":\"GeoRocFor\"},\"image\":{\"@id\":\"https:\/\/georocfor.com\/fr\/#\/schema\/logo\/image\/\"}}]}<\/script>\n<!-- \/ Yoast SEO plugin. -->","yoast_head_json":{"title":"Xs FP \/ FPH 3,000\u2033 \/ 72.2mm \u00e0 3,500\u2033 \/ 88.9mm - GeoRocFor","description":"Syst\u00e8me XS-FP\/FPH GeoRocFor (3000\u201372.2 mm \u00e0 3500\u201388.9 mm) : tubage \u00e0 l\u2019avancement pr\u00e9cis pour projets de fondations, puits et g\u00e9nie civil.","robots":{"index":"index","follow":"follow","max-snippet":"max-snippet:-1","max-image-preview":"max-image-preview:large","max-video-preview":"max-video-preview:-1"},"canonical":"https:\/\/georocfor.com\/fr\/produits\/systemes-de-tubage-a-lavancement\/systeme-xs-fp-fph\/xs-fp-fph-3000-72-2mm-a-3500-88-9mm\/","og_locale":"fr_CA","og_type":"article","og_title":"Xs FP \/ FPH 3,000\u2033 \/ 72.2mm \u00e0 3,500\u2033 \/ 88.9mm - GeoRocFor","og_description":"Syst\u00e8me XS-FP\/FPH GeoRocFor (3000\u201372.2 mm \u00e0 3500\u201388.9 mm) : tubage \u00e0 l\u2019avancement pr\u00e9cis pour projets de fondations, puits et g\u00e9nie civil.","og_url":"https:\/\/georocfor.com\/fr\/produits\/systemes-de-tubage-a-lavancement\/systeme-xs-fp-fph\/xs-fp-fph-3000-72-2mm-a-3500-88-9mm\/","og_site_name":"GeoRocFor","article_modified_time":"2026-01-28T19:22:51+00:00","og_image":[{"width":640,"height":480,"url":"https:\/\/georocfor.com\/wp-content\/uploads\/2024\/04\/XS-FP-5.000-Rot-3D-0030-1.jpg","type":"image\/jpeg"}],"twitter_card":"summary_large_image","twitter_misc":{"Estimation du temps de lecture":"2 minutes"},"schema":{"@context":"https:\/\/schema.org","@graph":[{"@type":"WebPage","@id":"https:\/\/georocfor.com\/fr\/produits\/systemes-de-tubage-a-lavancement\/systeme-xs-fp-fph\/xs-fp-fph-3000-72-2mm-a-3500-88-9mm\/","url":"https:\/\/georocfor.com\/fr\/produits\/systemes-de-tubage-a-lavancement\/systeme-xs-fp-fph\/xs-fp-fph-3000-72-2mm-a-3500-88-9mm\/","name":"Xs FP \/ FPH 3,000\u2033 \/ 72.2mm \u00e0 3,500\u2033 \/ 88.9mm - GeoRocFor","isPartOf":{"@id":"https:\/\/georocfor.com\/fr\/#website"},"primaryImageOfPage":{"@id":"https:\/\/georocfor.com\/fr\/produits\/systemes-de-tubage-a-lavancement\/systeme-xs-fp-fph\/xs-fp-fph-3000-72-2mm-a-3500-88-9mm\/#primaryimage"},"image":{"@id":"https:\/\/georocfor.com\/fr\/produits\/systemes-de-tubage-a-lavancement\/systeme-xs-fp-fph\/xs-fp-fph-3000-72-2mm-a-3500-88-9mm\/#primaryimage"},"thumbnailUrl":"https:\/\/georocfor.com\/wp-content\/uploads\/2024\/04\/XS-FP-5.000-Rot-3D-0030-1.jpg","datePublished":"2024-03-27T17:20:18+00:00","dateModified":"2026-01-28T19:22:51+00:00","description":"Syst\u00e8me XS-FP\/FPH GeoRocFor (3000\u201372.2 mm \u00e0 3500\u201388.9 mm) : tubage \u00e0 l\u2019avancement pr\u00e9cis pour projets de fondations, puits et g\u00e9nie civil.","breadcrumb":{"@id":"https:\/\/georocfor.com\/fr\/produits\/systemes-de-tubage-a-lavancement\/systeme-xs-fp-fph\/xs-fp-fph-3000-72-2mm-a-3500-88-9mm\/#breadcrumb"},"inLanguage":"fr-CA","potentialAction":[{"@type":"ReadAction","target":["https:\/\/georocfor.com\/fr\/produits\/systemes-de-tubage-a-lavancement\/systeme-xs-fp-fph\/xs-fp-fph-3000-72-2mm-a-3500-88-9mm\/"]}]},{"@type":"ImageObject","inLanguage":"fr-CA","@id":"https:\/\/georocfor.com\/fr\/produits\/systemes-de-tubage-a-lavancement\/systeme-xs-fp-fph\/xs-fp-fph-3000-72-2mm-a-3500-88-9mm\/#primaryimage","url":"https:\/\/georocfor.com\/wp-content\/uploads\/2024\/04\/XS-FP-5.000-Rot-3D-0030-1.jpg","contentUrl":"https:\/\/georocfor.com\/wp-content\/uploads\/2024\/04\/XS-FP-5.000-Rot-3D-0030-1.jpg","width":640,"height":480,"caption":"Syst\u00e8me Xs FP \/ FPH - 5,000\u2033 \/ 127mm \u00e0 6,000\u2033 \/ 152.4mm"},{"@type":"BreadcrumbList","@id":"https:\/\/georocfor.com\/fr\/produits\/systemes-de-tubage-a-lavancement\/systeme-xs-fp-fph\/xs-fp-fph-3000-72-2mm-a-3500-88-9mm\/#breadcrumb","itemListElement":[{"@type":"ListItem","position":1,"name":"Home","item":"https:\/\/georocfor.com\/fr\/"},{"@type":"ListItem","position":2,"name":"Produits","item":"https:\/\/georocfor.com\/fr\/produits\/"},{"@type":"ListItem","position":3,"name":"Syst\u00e8mes de tubage \u00e0 l\u2019avancement","item":"https:\/\/georocfor.com\/fr\/produits\/systemes-de-tubage-a-lavancement\/"},{"@type":"ListItem","position":4,"name":"Syst\u00e8me Xs FP \/ FPH","item":"https:\/\/georocfor.com\/fr\/produits\/systemes-de-tubage-a-lavancement\/systeme-xs-fp-fph\/"},{"@type":"ListItem","position":5,"name":"Xs FP \/ FPH 3,000\u2033 \/ 72.2mm \u00e0 3,500\u2033 \/ 88.9mm"}]},{"@type":"WebSite","@id":"https:\/\/georocfor.com\/fr\/#website","url":"https:\/\/georocfor.com\/fr\/","name":"GeoRocFor","description":"","publisher":{"@id":"https:\/\/georocfor.com\/fr\/#organization"},"potentialAction":[{"@type":"SearchAction","target":{"@type":"EntryPoint","urlTemplate":"https:\/\/georocfor.com\/fr\/?s={search_term_string}"},"query-input":{"@type":"PropertyValueSpecification","valueRequired":true,"valueName":"search_term_string"}}],"inLanguage":"fr-CA"},{"@type":"Organization","@id":"https:\/\/georocfor.com\/fr\/#organization","name":"GeoRocFor","url":"https:\/\/georocfor.com\/fr\/","logo":{"@type":"ImageObject","inLanguage":"fr-CA","@id":"https:\/\/georocfor.com\/fr\/#\/schema\/logo\/image\/","url":"https:\/\/georocfor.com\/wp-content\/uploads\/2024\/03\/georocfor_logo_457x64.png","contentUrl":"https:\/\/georocfor.com\/wp-content\/uploads\/2024\/03\/georocfor_logo_457x64.png","width":457,"height":64,"caption":"GeoRocFor"},"image":{"@id":"https:\/\/georocfor.com\/fr\/#\/schema\/logo\/image\/"}}]}},"jetpack_sharing_enabled":true,"_links":{"self":[{"href":"https:\/\/georocfor.com\/fr\/wp-json\/wp\/v2\/pages\/995109","targetHints":{"allow":["GET"]}}],"collection":[{"href":"https:\/\/georocfor.com\/fr\/wp-json\/wp\/v2\/pages"}],"about":[{"href":"https:\/\/georocfor.com\/fr\/wp-json\/wp\/v2\/types\/page"}],"author":[{"embeddable":true,"href":"https:\/\/georocfor.com\/fr\/wp-json\/wp\/v2\/users\/1"}],"replies":[{"embeddable":true,"href":"https:\/\/georocfor.com\/fr\/wp-json\/wp\/v2\/comments?post=995109"}],"version-history":[{"count":6,"href":"https:\/\/georocfor.com\/fr\/wp-json\/wp\/v2\/pages\/995109\/revisions"}],"predecessor-version":[{"id":995952,"href":"https:\/\/georocfor.com\/fr\/wp-json\/wp\/v2\/pages\/995109\/revisions\/995952"}],"up":[{"embeddable":true,"href":"https:\/\/georocfor.com\/fr\/wp-json\/wp\/v2\/pages\/995071"}],"wp:featuredmedia":[{"embeddable":true,"href":"https:\/\/georocfor.com\/fr\/wp-json\/wp\/v2\/media\/991890"}],"wp:attachment":[{"href":"https:\/\/georocfor.com\/fr\/wp-json\/wp\/v2\/media?parent=995109"}],"curies":[{"name":"wp","href":"https:\/\/api.w.org\/{rel}","templated":true}]}}