{"id":995099,"date":"2024-01-31T12:03:28","date_gmt":"2024-01-31T17:03:28","guid":{"rendered":"https:\/\/georocfor.com\/produits\/tete-de-decharge\/bolt-on-diverter\/"},"modified":"2026-01-27T16:49:40","modified_gmt":"2026-01-27T21:49:40","slug":"tete-de-decharge-a-boulonner","status":"publish","type":"page","link":"https:\/\/georocfor.com\/fr\/produits\/tete-de-decharge\/tete-de-decharge-a-boulonner\/","title":{"rendered":"T\u00eate de d\u00e9charge \u00e0 boulonner"},"content":{"rendered":"<div class=\"vgblk-rw-wrapper limit-wrapper\">\r\n<h2>T\u00eate de d\u00e9charge<br \/><b>\u00e0 boulonner<\/b><\/h2>\r\n<p>La t\u00eate de d\u00e9charge \u00e0 boulonner de G\u00e9orocfor est un d\u00e9viateur \u00e0 installation manuel fiable, con\u00e7u pour r\u00e9pondre \u00e0 divers besoins de forage. Cependant, il est important de noter que l&rsquo;utilisation de ce type de t\u00eate de d\u00e9charge peut s&rsquo;av\u00e9rer plus complexe que d&rsquo;autres mod\u00e8les, car elle n\u00e9cessite plusieurs manipulations manuelles.<\/p>\r\n<p>Pour installer ce d\u00e9viateur, il faut d&rsquo;abord d\u00e9visser le joint sup\u00e9rieur et glisser le d\u00e9viateur par-dessus le tube de forage jusqu&rsquo;au tubage. Ensuite, il faut boulonner le collier inf\u00e9rieur au tubage. Un d\u00e9fi fr\u00e9quemment rencontr\u00e9 est que la vibration g\u00e9n\u00e9r\u00e9e par le martelage peut desserrer les boulons. Pour rem\u00e9dier \u00e0 cela, il est n\u00e9cessaire de red\u00e9marrer la soudeuse et de faire des points de soudure sur le collier, ce qui r\u00e9duit la vibration sur les boulons et assure un ajustement plus s\u00e9curitaire.<\/p>\r\n<h2>T\u00eate de d\u00e9charge \u00e0 boulonner <br \/><b>Un choix \u00e9conomique<\/b><\/h2>\r\n<p><img loading=\"lazy\" decoding=\"async\" title=\"georocfor_bolt-on-diverter_1200x1200\" src=\"https:\/\/georocfor.com\/wp-content\/uploads\/2025\/04\/georocfor_bolt-on-diverter_1200x1200.jpg\" sizes=\"auto, (max-width: 768px) 100vw, 100vw\" srcset=\"https:\/\/georocfor.com\/wp-content\/uploads\/2025\/04\/georocfor_bolt-on-diverter_1200x1200.jpg 1200w, https:\/\/georocfor.com\/wp-content\/uploads\/2025\/04\/georocfor_bolt-on-diverter_1200x1200-315x315.jpg 315w, https:\/\/georocfor.com\/wp-content\/uploads\/2025\/04\/georocfor_bolt-on-diverter_1200x1200-100x100.jpg 100w, https:\/\/georocfor.com\/wp-content\/uploads\/2025\/04\/georocfor_bolt-on-diverter_1200x1200-630x630.jpg 630w, https:\/\/georocfor.com\/wp-content\/uploads\/2025\/04\/georocfor_bolt-on-diverter_1200x1200-300x300.jpg 300w, https:\/\/georocfor.com\/wp-content\/uploads\/2025\/04\/georocfor_bolt-on-diverter_1200x1200-1024x1024.jpg 1024w, https:\/\/georocfor.com\/wp-content\/uploads\/2025\/04\/georocfor_bolt-on-diverter_1200x1200-150x150.jpg 150w, https:\/\/georocfor.com\/wp-content\/uploads\/2025\/04\/georocfor_bolt-on-diverter_1200x1200-768x768.jpg 768w, https:\/\/georocfor.com\/wp-content\/uploads\/2025\/04\/georocfor_bolt-on-diverter_1200x1200-420x420.jpg 420w, https:\/\/georocfor.com\/wp-content\/uploads\/2025\/04\/georocfor_bolt-on-diverter_1200x1200-840x840.jpg 840w\" alt=\"georocfor_bolt-on-diverter_1200x1200\" width=\"1200\" height=\"1200\" \/><\/p>\r\n<p>Bien que cette m\u00e9thode offre l&rsquo;avantage d&rsquo;un co\u00fbt initial inf\u00e9rieur, elle comporte tout de m\u00eame certains inconv\u00e9nients. Le processus est exigeant en main-d&rsquo;\u0153uvre et prend du temps, ce qui peut avoir un impact notable sur la performance de forage et r\u00e9duire l&rsquo;efficacit\u00e9 globale. Ainsi, m\u00eame si la t\u00eate de d\u00e9charge \u00e0 boulonner peut sembler une solution \u00e9conomique au d\u00e9part, elle risque d&rsquo;entra\u00eener des co\u00fbts d&rsquo;exploitation plus \u00e9lev\u00e9s et un ralentissement du progr\u00e8s des travaux au fil de la journ\u00e9e.<\/p>\r\n<p>En r\u00e9sum\u00e9, la t\u00eate de d\u00e9charge \u00e0 boulonner convient surtout aux situations o\u00f9 le co\u00fbt est la principale pr\u00e9occupation, mais il est important de savoir que le temps et les efforts requis pour l&rsquo;installation, l&rsquo;entretien et la s\u00e9curisation des boulons pourraient annuler les \u00e9conomies initiales et nuire \u00e0 la productivit\u00e9 globale de l&rsquo;op\u00e9ration.<\/p>\r\n<\/div><!-- .vgblk-rw-wrapper -->","protected":false},"excerpt":{"rendered":"<p>T\u00eate de d\u00e9charge\u00e0 boulonner La t\u00eate de d\u00e9charge \u00e0 boulonner de G\u00e9orocfor est un d\u00e9viateur \u00e0 installation manuel fiable, con\u00e7u pour r\u00e9pondre \u00e0 divers besoins de forage. Cependant, il est important de noter que l&rsquo;utilisation de ce type de t\u00eate de d\u00e9charge peut s&rsquo;av\u00e9rer plus complexe que d&rsquo;autres mod\u00e8les, car elle n\u00e9cessite plusieurs manipulations manuelles&#8230;.<\/p>\n","protected":false},"author":1,"featured_media":992559,"parent":995049,"menu_order":0,"comment_status":"closed","ping_status":"closed","template":"","meta":{"_acf_changed":false,"inline_featured_image":false,"_monsterinsights_skip_tracking":false,"_monsterinsights_sitenote_active":false,"_monsterinsights_sitenote_note":"","_monsterinsights_sitenote_category":0,"footnotes":""},"class_list":["post-995099","page","type-page","status-publish","has-post-thumbnail","hentry"],"acf":[],"yoast_head":"<!-- This site is optimized with the Yoast SEO plugin v26.8 - https:\/\/yoast.com\/product\/yoast-seo-wordpress\/ -->\n<title>T\u00eate de d\u00e9charge \u00e0 boulonner - GeoRocFor<\/title>\n<meta name=\"description\" content=\"T\u00eate de d\u00e9charge \u00e0 boulonner GeoRocFor : performance robuste pour optimiser l\u2019\u00e9vacuation des d\u00e9blais et r\u00e9duire les interruptions de forage.\" \/>\n<meta name=\"robots\" content=\"index, follow, max-snippet:-1, max-image-preview:large, max-video-preview:-1\" \/>\n<link rel=\"canonical\" href=\"https:\/\/georocfor.com\/fr\/produits\/tete-de-decharge\/tete-de-decharge-a-boulonner\/\" \/>\n<meta property=\"og:locale\" content=\"fr_CA\" \/>\n<meta property=\"og:type\" content=\"article\" \/>\n<meta property=\"og:title\" content=\"T\u00eate de d\u00e9charge \u00e0 boulonner - GeoRocFor\" \/>\n<meta property=\"og:description\" content=\"T\u00eate de d\u00e9charge \u00e0 boulonner GeoRocFor : performance robuste pour optimiser l\u2019\u00e9vacuation des d\u00e9blais et r\u00e9duire les interruptions de forage.\" \/>\n<meta property=\"og:url\" content=\"https:\/\/georocfor.com\/fr\/produits\/tete-de-decharge\/tete-de-decharge-a-boulonner\/\" \/>\n<meta property=\"og:site_name\" content=\"GeoRocFor\" \/>\n<meta property=\"article:modified_time\" content=\"2026-01-27T21:49:40+00:00\" \/>\n<meta property=\"og:image\" content=\"https:\/\/georocfor.com\/wp-content\/uploads\/2025\/04\/georocfor_bolt-on-diverter_1200x1200.jpg\" \/>\n\t<meta property=\"og:image:width\" content=\"1200\" \/>\n\t<meta property=\"og:image:height\" content=\"1200\" \/>\n\t<meta property=\"og:image:type\" content=\"image\/jpeg\" \/>\n<meta name=\"twitter:card\" content=\"summary_large_image\" \/>\n<meta name=\"twitter:label1\" content=\"Estimation du temps de lecture\" \/>\n\t<meta name=\"twitter:data1\" content=\"2 minutes\" \/>\n<script type=\"application\/ld+json\" class=\"yoast-schema-graph\">{\"@context\":\"https:\/\/schema.org\",\"@graph\":[{\"@type\":\"WebPage\",\"@id\":\"https:\/\/georocfor.com\/fr\/produits\/tete-de-decharge\/tete-de-decharge-a-boulonner\/\",\"url\":\"https:\/\/georocfor.com\/fr\/produits\/tete-de-decharge\/tete-de-decharge-a-boulonner\/\",\"name\":\"T\u00eate de d\u00e9charge \u00e0 boulonner - GeoRocFor\",\"isPartOf\":{\"@id\":\"https:\/\/georocfor.com\/fr\/#website\"},\"primaryImageOfPage\":{\"@id\":\"https:\/\/georocfor.com\/fr\/produits\/tete-de-decharge\/tete-de-decharge-a-boulonner\/#primaryimage\"},\"image\":{\"@id\":\"https:\/\/georocfor.com\/fr\/produits\/tete-de-decharge\/tete-de-decharge-a-boulonner\/#primaryimage\"},\"thumbnailUrl\":\"https:\/\/georocfor.com\/wp-content\/uploads\/2025\/04\/georocfor_bolt-on-diverter_1200x1200.jpg\",\"datePublished\":\"2024-01-31T17:03:28+00:00\",\"dateModified\":\"2026-01-27T21:49:40+00:00\",\"description\":\"T\u00eate de d\u00e9charge \u00e0 boulonner GeoRocFor : performance robuste pour optimiser l\u2019\u00e9vacuation des d\u00e9blais et r\u00e9duire les interruptions de forage.\",\"breadcrumb\":{\"@id\":\"https:\/\/georocfor.com\/fr\/produits\/tete-de-decharge\/tete-de-decharge-a-boulonner\/#breadcrumb\"},\"inLanguage\":\"fr-CA\",\"potentialAction\":[{\"@type\":\"ReadAction\",\"target\":[\"https:\/\/georocfor.com\/fr\/produits\/tete-de-decharge\/tete-de-decharge-a-boulonner\/\"]}]},{\"@type\":\"ImageObject\",\"inLanguage\":\"fr-CA\",\"@id\":\"https:\/\/georocfor.com\/fr\/produits\/tete-de-decharge\/tete-de-decharge-a-boulonner\/#primaryimage\",\"url\":\"https:\/\/georocfor.com\/wp-content\/uploads\/2025\/04\/georocfor_bolt-on-diverter_1200x1200.jpg\",\"contentUrl\":\"https:\/\/georocfor.com\/wp-content\/uploads\/2025\/04\/georocfor_bolt-on-diverter_1200x1200.jpg\",\"width\":1200,\"height\":1200,\"caption\":\"Bolt-On Diverter\"},{\"@type\":\"BreadcrumbList\",\"@id\":\"https:\/\/georocfor.com\/fr\/produits\/tete-de-decharge\/tete-de-decharge-a-boulonner\/#breadcrumb\",\"itemListElement\":[{\"@type\":\"ListItem\",\"position\":1,\"name\":\"Home\",\"item\":\"https:\/\/georocfor.com\/fr\/\"},{\"@type\":\"ListItem\",\"position\":2,\"name\":\"Produits\",\"item\":\"https:\/\/georocfor.com\/fr\/produits\/\"},{\"@type\":\"ListItem\",\"position\":3,\"name\":\"T\u00eate de d\u00e9charge\",\"item\":\"https:\/\/georocfor.com\/fr\/produits\/tete-de-decharge\/\"},{\"@type\":\"ListItem\",\"position\":4,\"name\":\"T\u00eate de d\u00e9charge \u00e0 boulonner\"}]},{\"@type\":\"WebSite\",\"@id\":\"https:\/\/georocfor.com\/fr\/#website\",\"url\":\"https:\/\/georocfor.com\/fr\/\",\"name\":\"GeoRocFor\",\"description\":\"\",\"publisher\":{\"@id\":\"https:\/\/georocfor.com\/fr\/#organization\"},\"potentialAction\":[{\"@type\":\"SearchAction\",\"target\":{\"@type\":\"EntryPoint\",\"urlTemplate\":\"https:\/\/georocfor.com\/fr\/?s={search_term_string}\"},\"query-input\":{\"@type\":\"PropertyValueSpecification\",\"valueRequired\":true,\"valueName\":\"search_term_string\"}}],\"inLanguage\":\"fr-CA\"},{\"@type\":\"Organization\",\"@id\":\"https:\/\/georocfor.com\/fr\/#organization\",\"name\":\"GeoRocFor\",\"url\":\"https:\/\/georocfor.com\/fr\/\",\"logo\":{\"@type\":\"ImageObject\",\"inLanguage\":\"fr-CA\",\"@id\":\"https:\/\/georocfor.com\/fr\/#\/schema\/logo\/image\/\",\"url\":\"https:\/\/georocfor.com\/wp-content\/uploads\/2024\/03\/georocfor_logo_457x64.png\",\"contentUrl\":\"https:\/\/georocfor.com\/wp-content\/uploads\/2024\/03\/georocfor_logo_457x64.png\",\"width\":457,\"height\":64,\"caption\":\"GeoRocFor\"},\"image\":{\"@id\":\"https:\/\/georocfor.com\/fr\/#\/schema\/logo\/image\/\"}}]}<\/script>\n<!-- \/ Yoast SEO plugin. -->","yoast_head_json":{"title":"T\u00eate de d\u00e9charge \u00e0 boulonner - GeoRocFor","description":"T\u00eate de d\u00e9charge \u00e0 boulonner GeoRocFor : performance robuste pour optimiser l\u2019\u00e9vacuation des d\u00e9blais et r\u00e9duire les interruptions de forage.","robots":{"index":"index","follow":"follow","max-snippet":"max-snippet:-1","max-image-preview":"max-image-preview:large","max-video-preview":"max-video-preview:-1"},"canonical":"https:\/\/georocfor.com\/fr\/produits\/tete-de-decharge\/tete-de-decharge-a-boulonner\/","og_locale":"fr_CA","og_type":"article","og_title":"T\u00eate de d\u00e9charge \u00e0 boulonner - GeoRocFor","og_description":"T\u00eate de d\u00e9charge \u00e0 boulonner GeoRocFor : performance robuste pour optimiser l\u2019\u00e9vacuation des d\u00e9blais et r\u00e9duire les interruptions de forage.","og_url":"https:\/\/georocfor.com\/fr\/produits\/tete-de-decharge\/tete-de-decharge-a-boulonner\/","og_site_name":"GeoRocFor","article_modified_time":"2026-01-27T21:49:40+00:00","og_image":[{"width":1200,"height":1200,"url":"https:\/\/georocfor.com\/wp-content\/uploads\/2025\/04\/georocfor_bolt-on-diverter_1200x1200.jpg","type":"image\/jpeg"}],"twitter_card":"summary_large_image","twitter_misc":{"Estimation du temps de lecture":"2 minutes"},"schema":{"@context":"https:\/\/schema.org","@graph":[{"@type":"WebPage","@id":"https:\/\/georocfor.com\/fr\/produits\/tete-de-decharge\/tete-de-decharge-a-boulonner\/","url":"https:\/\/georocfor.com\/fr\/produits\/tete-de-decharge\/tete-de-decharge-a-boulonner\/","name":"T\u00eate de d\u00e9charge \u00e0 boulonner - GeoRocFor","isPartOf":{"@id":"https:\/\/georocfor.com\/fr\/#website"},"primaryImageOfPage":{"@id":"https:\/\/georocfor.com\/fr\/produits\/tete-de-decharge\/tete-de-decharge-a-boulonner\/#primaryimage"},"image":{"@id":"https:\/\/georocfor.com\/fr\/produits\/tete-de-decharge\/tete-de-decharge-a-boulonner\/#primaryimage"},"thumbnailUrl":"https:\/\/georocfor.com\/wp-content\/uploads\/2025\/04\/georocfor_bolt-on-diverter_1200x1200.jpg","datePublished":"2024-01-31T17:03:28+00:00","dateModified":"2026-01-27T21:49:40+00:00","description":"T\u00eate de d\u00e9charge \u00e0 boulonner GeoRocFor : performance robuste pour optimiser l\u2019\u00e9vacuation des d\u00e9blais et r\u00e9duire les interruptions de forage.","breadcrumb":{"@id":"https:\/\/georocfor.com\/fr\/produits\/tete-de-decharge\/tete-de-decharge-a-boulonner\/#breadcrumb"},"inLanguage":"fr-CA","potentialAction":[{"@type":"ReadAction","target":["https:\/\/georocfor.com\/fr\/produits\/tete-de-decharge\/tete-de-decharge-a-boulonner\/"]}]},{"@type":"ImageObject","inLanguage":"fr-CA","@id":"https:\/\/georocfor.com\/fr\/produits\/tete-de-decharge\/tete-de-decharge-a-boulonner\/#primaryimage","url":"https:\/\/georocfor.com\/wp-content\/uploads\/2025\/04\/georocfor_bolt-on-diverter_1200x1200.jpg","contentUrl":"https:\/\/georocfor.com\/wp-content\/uploads\/2025\/04\/georocfor_bolt-on-diverter_1200x1200.jpg","width":1200,"height":1200,"caption":"Bolt-On Diverter"},{"@type":"BreadcrumbList","@id":"https:\/\/georocfor.com\/fr\/produits\/tete-de-decharge\/tete-de-decharge-a-boulonner\/#breadcrumb","itemListElement":[{"@type":"ListItem","position":1,"name":"Home","item":"https:\/\/georocfor.com\/fr\/"},{"@type":"ListItem","position":2,"name":"Produits","item":"https:\/\/georocfor.com\/fr\/produits\/"},{"@type":"ListItem","position":3,"name":"T\u00eate de d\u00e9charge","item":"https:\/\/georocfor.com\/fr\/produits\/tete-de-decharge\/"},{"@type":"ListItem","position":4,"name":"T\u00eate de d\u00e9charge \u00e0 boulonner"}]},{"@type":"WebSite","@id":"https:\/\/georocfor.com\/fr\/#website","url":"https:\/\/georocfor.com\/fr\/","name":"GeoRocFor","description":"","publisher":{"@id":"https:\/\/georocfor.com\/fr\/#organization"},"potentialAction":[{"@type":"SearchAction","target":{"@type":"EntryPoint","urlTemplate":"https:\/\/georocfor.com\/fr\/?s={search_term_string}"},"query-input":{"@type":"PropertyValueSpecification","valueRequired":true,"valueName":"search_term_string"}}],"inLanguage":"fr-CA"},{"@type":"Organization","@id":"https:\/\/georocfor.com\/fr\/#organization","name":"GeoRocFor","url":"https:\/\/georocfor.com\/fr\/","logo":{"@type":"ImageObject","inLanguage":"fr-CA","@id":"https:\/\/georocfor.com\/fr\/#\/schema\/logo\/image\/","url":"https:\/\/georocfor.com\/wp-content\/uploads\/2024\/03\/georocfor_logo_457x64.png","contentUrl":"https:\/\/georocfor.com\/wp-content\/uploads\/2024\/03\/georocfor_logo_457x64.png","width":457,"height":64,"caption":"GeoRocFor"},"image":{"@id":"https:\/\/georocfor.com\/fr\/#\/schema\/logo\/image\/"}}]}},"jetpack_sharing_enabled":true,"_links":{"self":[{"href":"https:\/\/georocfor.com\/fr\/wp-json\/wp\/v2\/pages\/995099","targetHints":{"allow":["GET"]}}],"collection":[{"href":"https:\/\/georocfor.com\/fr\/wp-json\/wp\/v2\/pages"}],"about":[{"href":"https:\/\/georocfor.com\/fr\/wp-json\/wp\/v2\/types\/page"}],"author":[{"embeddable":true,"href":"https:\/\/georocfor.com\/fr\/wp-json\/wp\/v2\/users\/1"}],"replies":[{"embeddable":true,"href":"https:\/\/georocfor.com\/fr\/wp-json\/wp\/v2\/comments?post=995099"}],"version-history":[{"count":5,"href":"https:\/\/georocfor.com\/fr\/wp-json\/wp\/v2\/pages\/995099\/revisions"}],"predecessor-version":[{"id":995797,"href":"https:\/\/georocfor.com\/fr\/wp-json\/wp\/v2\/pages\/995099\/revisions\/995797"}],"up":[{"embeddable":true,"href":"https:\/\/georocfor.com\/fr\/wp-json\/wp\/v2\/pages\/995049"}],"wp:featuredmedia":[{"embeddable":true,"href":"https:\/\/georocfor.com\/fr\/wp-json\/wp\/v2\/media\/992559"}],"wp:attachment":[{"href":"https:\/\/georocfor.com\/fr\/wp-json\/wp\/v2\/media?parent=995099"}],"curies":[{"name":"wp","href":"https:\/\/api.w.org\/{rel}","templated":true}]}}