{"id":995097,"date":"2024-01-31T12:00:16","date_gmt":"2024-01-31T17:00:16","guid":{"rendered":"https:\/\/georocfor.com\/produits\/taillants-de-forage-de-roche\/water-hammer-bits\/"},"modified":"2026-01-27T16:47:46","modified_gmt":"2026-01-27T21:47:46","slug":"taillants-pour-marteau-a-eau","status":"publish","type":"page","link":"https:\/\/georocfor.com\/fr\/produits\/taillants-de-forage-de-roche\/taillants-pour-marteau-a-eau\/","title":{"rendered":"Taillants pour marteau \u00e0 eau"},"content":{"rendered":"<div class=\"vgblk-rw-wrapper limit-wrapper\">\r\n<h2>Excellence manufacturi\u00e8re.<br \/><b>Performance in\u00e9gal\u00e9e <\/b><\/h2>\r\n<p><img loading=\"lazy\" decoding=\"async\" title=\"georocfor_water-hammer-bits\" src=\"https:\/\/georocfor.com\/wp-content\/uploads\/2025\/05\/georocfor_water-hammer-bits-1.jpg\" sizes=\"auto, (max-width: 768px) 100vw, 100vw\" srcset=\"https:\/\/georocfor.com\/wp-content\/uploads\/2025\/05\/georocfor_water-hammer-bits-1.jpg 2048w, https:\/\/georocfor.com\/wp-content\/uploads\/2025\/05\/georocfor_water-hammer-bits-1-300x150.jpg 300w, https:\/\/georocfor.com\/wp-content\/uploads\/2025\/05\/georocfor_water-hammer-bits-1-1024x512.jpg 1024w, https:\/\/georocfor.com\/wp-content\/uploads\/2025\/05\/georocfor_water-hammer-bits-1-768x384.jpg 768w, https:\/\/georocfor.com\/wp-content\/uploads\/2025\/05\/georocfor_water-hammer-bits-1-1536x768.jpg 1536w, https:\/\/georocfor.com\/wp-content\/uploads\/2025\/05\/georocfor_water-hammer-bits-1-1260x630.jpg 1260w, https:\/\/georocfor.com\/wp-content\/uploads\/2025\/05\/georocfor_water-hammer-bits-1-630x315.jpg 630w, https:\/\/georocfor.com\/wp-content\/uploads\/2025\/05\/georocfor_water-hammer-bits-1-420x210.jpg 420w, https:\/\/georocfor.com\/wp-content\/uploads\/2025\/05\/georocfor_water-hammer-bits-1-840x420.jpg 840w, https:\/\/georocfor.com\/wp-content\/uploads\/2025\/05\/georocfor_water-hammer-bits-1-315x158.jpg 315w\" alt=\"georocfor_water-hammer-bits\" width=\"2048\" height=\"1024\" \/><\/p>\r\n<p>L&rsquo;utilisation d&rsquo;un marteau \u00e0 eau dans le forage fond de trou (DTH) peut offrir plusieurs avantages distincts qui am\u00e9liorent l&rsquo;efficacit\u00e9 globale et la performance du processus de forage. La combinaison de la pression de l&rsquo;eau ou de l&rsquo;air avec un m\u00e9canisme de marteau permet une action de per\u00e7age plus puissante et pr\u00e9cise, ce qui s&rsquo;av\u00e8re particuli\u00e8rement b\u00e9n\u00e9fique dans certaines conditions de forage.<\/p>\r\n<p>G\u00e9oRocFor con\u00e7oit et fabrique des taillants haute performance pour les marteaux fond de trou (DTH) \u00e0 eau. Con\u00e7us pour offrir une efficacit\u00e9 maximale et une durabilit\u00e9 accrue, nos outils assurent une p\u00e9n\u00e9tration exceptionnelle et une longue dur\u00e9e de vie, m\u00eame dans les conditions de forage les plus difficiles. Faites confiance \u00e0 G\u00e9oRocFor &#8211; propulsant votre progr\u00e8s, un taillant \u00e0 la fois.<\/p>\r\n<h3>Votre partenaire de confiance pour l&rsquo;excellence en forage<\/h3>\r\n<p>Pour des taillants de marteau \u00e0 eau efficaces et de haute qualit\u00e9, G\u00e9oRocFor est le nom sur lequel vous pouvez compter. Que vous \u0153uvriez dans le forage de puits d&rsquo;eau, des projets g\u00e9otechniques ou l&rsquo;exploration mini\u00e8re, nos taillants de marteau \u00e0 eau fabriqu\u00e9s sur mesure offrent des performances sup\u00e9rieures et des r\u00e9sultats fiables. G\u00e9oRocFor, votre partenaire de choix pour tous vos besoins en forage.<\/p>\r\n<h2>Avantages du forage<br \/><b>avec un marteau \u00e0 eau <\/b><\/h2>\r\n<p>Taux de p\u00e9n\u00e9tration am\u00e9lior\u00e9s<\/p>\r\n<p>Un syst\u00e8me de marteau \u00e0 eau transmet une \u00e9nergie d&rsquo;impact \u00e0 haute fr\u00e9quence au taillant, ce qui permet une p\u00e9n\u00e9tration plus rapide et plus efficace dans les formations rocheuses dures. Les impacts rapides du m\u00e9canisme du marteau aident \u00e0 briser les mat\u00e9riaux difficiles plus rapidement, r\u00e9duisant ainsi le temps de forage et augmentant la productivit\u00e9.<\/p>\r\n<p>\u00c9vacuation am\u00e9lior\u00e9e des d\u00e9bris<\/p>\r\n<p>Les syst\u00e8mes de marteau \u00e0 eau offrent une m\u00e9thode efficace pour \u00e9liminer les d\u00e9bris de coupe et les r\u00e9sidus de forage du trou. La pression de l&rsquo;eau ou de l&rsquo;air aide \u00e0 expulser les particules de roche bris\u00e9e hors du trou, ce qui pr\u00e9vient les blocages et garde le trou propre. Ce trou propre est particuli\u00e8rement important pour des applications comme l&rsquo;\u00e9chantillonnage carott\u00e9, l&rsquo;exploration mini\u00e8re et le forage de puits d&rsquo;eau, o\u00f9 des \u00e9chantillons propres sont n\u00e9cessaires pour l&rsquo;analyse.<\/p>\r\n<p>R\u00e9duction de l&rsquo;usure de l&rsquo;\u00e9quipement<\/p>\r\n<p>L&rsquo;impact constant \u00e0 haute \u00e9nergie lors du forage DTH peut entra\u00eener une usure importante de l&rsquo;\u00e9quipement. Un syst\u00e8me de marteau \u00e0 eau aide \u00e0 r\u00e9duire la friction et la g\u00e9n\u00e9ration de chaleur, ce qui peut prolonger la dur\u00e9e de vie du marteau DTH et du taillant. La force constante fournie par le marteau \u00e0 eau r\u00e9duit \u00e9galement le besoin d&rsquo;exercer une force excessive sur la foreuse, pr\u00e9venant ainsi l&rsquo;usure pr\u00e9matur\u00e9e des composants.<\/p>\r\n<p>Augmentation de l&rsquo;efficacit\u00e9 du forage<\/p>\r\n<p>La combinaison de la pression de l&rsquo;eau ou de l&rsquo;air et de l&rsquo;impact du marteau permet au syst\u00e8me DTH de d\u00e9livrer des coups plus puissants \u00e0 la roche sans n\u00e9cessiter plus de carburant ou d&rsquo;\u00e9nergie. Par cons\u00e9quent, le syst\u00e8me peut forer plus efficacement, r\u00e9duisant la consommation d&rsquo;\u00e9nergie tout en atteignant des taux de p\u00e9n\u00e9tration plus \u00e9lev\u00e9s. Cette efficacit\u00e9 contribue \u00e9galement \u00e0 des \u00e9conomies globales et \u00e0 une r\u00e9alisation plus rapide des projets.<\/p>\r\n<p>Contr\u00f4le et pr\u00e9cision am\u00e9lior\u00e9s<\/p>\r\n<p>Les syst\u00e8mes de marteau \u00e0 eau peuvent offrir un contr\u00f4le plus pr\u00e9cis du processus de forage. La capacit\u00e9 de moduler la pression et l&rsquo;impact utilis\u00e9s permet de percer la roche avec une plus grande exactitude, r\u00e9duisant ainsi le risque de d\u00e9vier de la cible. Ceci est particuli\u00e8rement avantageux dans des applications telles que le forage directionnel.<\/p>\r\n<\/div><!-- .vgblk-rw-wrapper -->","protected":false},"excerpt":{"rendered":"<p>Excellence manufacturi\u00e8re.Performance in\u00e9gal\u00e9e L&rsquo;utilisation d&rsquo;un marteau \u00e0 eau dans le forage fond de trou (DTH) peut offrir plusieurs avantages distincts qui am\u00e9liorent l&rsquo;efficacit\u00e9 globale et la performance du processus de forage. La combinaison de la pression de l&rsquo;eau ou de l&rsquo;air avec un m\u00e9canisme de marteau permet une action de per\u00e7age plus puissante et pr\u00e9cise,&#8230;<\/p>\n","protected":false},"author":1,"featured_media":992640,"parent":995055,"menu_order":0,"comment_status":"closed","ping_status":"closed","template":"","meta":{"_acf_changed":false,"inline_featured_image":false,"_monsterinsights_skip_tracking":false,"_monsterinsights_sitenote_active":false,"_monsterinsights_sitenote_note":"","_monsterinsights_sitenote_category":0,"footnotes":""},"class_list":["post-995097","page","type-page","status-publish","has-post-thumbnail","hentry"],"acf":[],"yoast_head":"<!-- This site is optimized with the Yoast SEO plugin v26.8 - https:\/\/yoast.com\/product\/yoast-seo-wordpress\/ -->\n<title>Taillants pour marteau \u00e0 eau - GeoRocFor<\/title>\n<meta name=\"description\" content=\"Taillants pour marteau \u00e0 eau GeoRocFor : outils robustes pour forage de roche avec flux d\u2019eau, stabilit\u00e9 et productivit\u00e9 accrues.\" \/>\n<meta name=\"robots\" content=\"index, follow, max-snippet:-1, max-image-preview:large, max-video-preview:-1\" \/>\n<link rel=\"canonical\" href=\"https:\/\/georocfor.com\/fr\/produits\/taillants-de-forage-de-roche\/taillants-pour-marteau-a-eau\/\" \/>\n<meta property=\"og:locale\" content=\"fr_CA\" \/>\n<meta property=\"og:type\" content=\"article\" \/>\n<meta property=\"og:title\" content=\"Taillants pour marteau \u00e0 eau - GeoRocFor\" \/>\n<meta property=\"og:description\" content=\"Taillants pour marteau \u00e0 eau GeoRocFor : outils robustes pour forage de roche avec flux d\u2019eau, stabilit\u00e9 et productivit\u00e9 accrues.\" \/>\n<meta property=\"og:url\" content=\"https:\/\/georocfor.com\/fr\/produits\/taillants-de-forage-de-roche\/taillants-pour-marteau-a-eau\/\" \/>\n<meta property=\"og:site_name\" content=\"GeoRocFor\" \/>\n<meta property=\"article:modified_time\" content=\"2026-01-27T21:47:46+00:00\" \/>\n<meta property=\"og:image\" content=\"https:\/\/georocfor.com\/wp-content\/uploads\/2025\/05\/georocfor_water-hammer-bits.jpg\" \/>\n\t<meta property=\"og:image:width\" content=\"2048\" \/>\n\t<meta property=\"og:image:height\" content=\"1024\" \/>\n\t<meta property=\"og:image:type\" content=\"image\/jpeg\" \/>\n<meta name=\"twitter:card\" content=\"summary_large_image\" \/>\n<meta name=\"twitter:label1\" content=\"Estimation du temps de lecture\" \/>\n\t<meta name=\"twitter:data1\" content=\"3 minutes\" \/>\n<script type=\"application\/ld+json\" class=\"yoast-schema-graph\">{\"@context\":\"https:\/\/schema.org\",\"@graph\":[{\"@type\":\"WebPage\",\"@id\":\"https:\/\/georocfor.com\/fr\/produits\/taillants-de-forage-de-roche\/taillants-pour-marteau-a-eau\/\",\"url\":\"https:\/\/georocfor.com\/fr\/produits\/taillants-de-forage-de-roche\/taillants-pour-marteau-a-eau\/\",\"name\":\"Taillants pour marteau \u00e0 eau - GeoRocFor\",\"isPartOf\":{\"@id\":\"https:\/\/georocfor.com\/fr\/#website\"},\"primaryImageOfPage\":{\"@id\":\"https:\/\/georocfor.com\/fr\/produits\/taillants-de-forage-de-roche\/taillants-pour-marteau-a-eau\/#primaryimage\"},\"image\":{\"@id\":\"https:\/\/georocfor.com\/fr\/produits\/taillants-de-forage-de-roche\/taillants-pour-marteau-a-eau\/#primaryimage\"},\"thumbnailUrl\":\"https:\/\/georocfor.com\/wp-content\/uploads\/2025\/05\/georocfor_water-hammer-bits.jpg\",\"datePublished\":\"2024-01-31T17:00:16+00:00\",\"dateModified\":\"2026-01-27T21:47:46+00:00\",\"description\":\"Taillants pour marteau \u00e0 eau GeoRocFor : outils robustes pour forage de roche avec flux d\u2019eau, stabilit\u00e9 et productivit\u00e9 accrues.\",\"breadcrumb\":{\"@id\":\"https:\/\/georocfor.com\/fr\/produits\/taillants-de-forage-de-roche\/taillants-pour-marteau-a-eau\/#breadcrumb\"},\"inLanguage\":\"fr-CA\",\"potentialAction\":[{\"@type\":\"ReadAction\",\"target\":[\"https:\/\/georocfor.com\/fr\/produits\/taillants-de-forage-de-roche\/taillants-pour-marteau-a-eau\/\"]}]},{\"@type\":\"ImageObject\",\"inLanguage\":\"fr-CA\",\"@id\":\"https:\/\/georocfor.com\/fr\/produits\/taillants-de-forage-de-roche\/taillants-pour-marteau-a-eau\/#primaryimage\",\"url\":\"https:\/\/georocfor.com\/wp-content\/uploads\/2025\/05\/georocfor_water-hammer-bits.jpg\",\"contentUrl\":\"https:\/\/georocfor.com\/wp-content\/uploads\/2025\/05\/georocfor_water-hammer-bits.jpg\",\"width\":2048,\"height\":1024,\"caption\":\"Water Hammer bits - Piece\"},{\"@type\":\"BreadcrumbList\",\"@id\":\"https:\/\/georocfor.com\/fr\/produits\/taillants-de-forage-de-roche\/taillants-pour-marteau-a-eau\/#breadcrumb\",\"itemListElement\":[{\"@type\":\"ListItem\",\"position\":1,\"name\":\"Home\",\"item\":\"https:\/\/georocfor.com\/fr\/\"},{\"@type\":\"ListItem\",\"position\":2,\"name\":\"Produits\",\"item\":\"https:\/\/georocfor.com\/fr\/produits\/\"},{\"@type\":\"ListItem\",\"position\":3,\"name\":\"Taillants de forage de roche\",\"item\":\"https:\/\/georocfor.com\/fr\/produits\/taillants-de-forage-de-roche\/\"},{\"@type\":\"ListItem\",\"position\":4,\"name\":\"Taillants pour marteau \u00e0 eau\"}]},{\"@type\":\"WebSite\",\"@id\":\"https:\/\/georocfor.com\/fr\/#website\",\"url\":\"https:\/\/georocfor.com\/fr\/\",\"name\":\"GeoRocFor\",\"description\":\"\",\"publisher\":{\"@id\":\"https:\/\/georocfor.com\/fr\/#organization\"},\"potentialAction\":[{\"@type\":\"SearchAction\",\"target\":{\"@type\":\"EntryPoint\",\"urlTemplate\":\"https:\/\/georocfor.com\/fr\/?s={search_term_string}\"},\"query-input\":{\"@type\":\"PropertyValueSpecification\",\"valueRequired\":true,\"valueName\":\"search_term_string\"}}],\"inLanguage\":\"fr-CA\"},{\"@type\":\"Organization\",\"@id\":\"https:\/\/georocfor.com\/fr\/#organization\",\"name\":\"GeoRocFor\",\"url\":\"https:\/\/georocfor.com\/fr\/\",\"logo\":{\"@type\":\"ImageObject\",\"inLanguage\":\"fr-CA\",\"@id\":\"https:\/\/georocfor.com\/fr\/#\/schema\/logo\/image\/\",\"url\":\"https:\/\/georocfor.com\/wp-content\/uploads\/2024\/03\/georocfor_logo_457x64.png\",\"contentUrl\":\"https:\/\/georocfor.com\/wp-content\/uploads\/2024\/03\/georocfor_logo_457x64.png\",\"width\":457,\"height\":64,\"caption\":\"GeoRocFor\"},\"image\":{\"@id\":\"https:\/\/georocfor.com\/fr\/#\/schema\/logo\/image\/\"}}]}<\/script>\n<!-- \/ Yoast SEO plugin. -->","yoast_head_json":{"title":"Taillants pour marteau \u00e0 eau - GeoRocFor","description":"Taillants pour marteau \u00e0 eau GeoRocFor : outils robustes pour forage de roche avec flux d\u2019eau, stabilit\u00e9 et productivit\u00e9 accrues.","robots":{"index":"index","follow":"follow","max-snippet":"max-snippet:-1","max-image-preview":"max-image-preview:large","max-video-preview":"max-video-preview:-1"},"canonical":"https:\/\/georocfor.com\/fr\/produits\/taillants-de-forage-de-roche\/taillants-pour-marteau-a-eau\/","og_locale":"fr_CA","og_type":"article","og_title":"Taillants pour marteau \u00e0 eau - GeoRocFor","og_description":"Taillants pour marteau \u00e0 eau GeoRocFor : outils robustes pour forage de roche avec flux d\u2019eau, stabilit\u00e9 et productivit\u00e9 accrues.","og_url":"https:\/\/georocfor.com\/fr\/produits\/taillants-de-forage-de-roche\/taillants-pour-marteau-a-eau\/","og_site_name":"GeoRocFor","article_modified_time":"2026-01-27T21:47:46+00:00","og_image":[{"width":2048,"height":1024,"url":"https:\/\/georocfor.com\/wp-content\/uploads\/2025\/05\/georocfor_water-hammer-bits.jpg","type":"image\/jpeg"}],"twitter_card":"summary_large_image","twitter_misc":{"Estimation du temps de lecture":"3 minutes"},"schema":{"@context":"https:\/\/schema.org","@graph":[{"@type":"WebPage","@id":"https:\/\/georocfor.com\/fr\/produits\/taillants-de-forage-de-roche\/taillants-pour-marteau-a-eau\/","url":"https:\/\/georocfor.com\/fr\/produits\/taillants-de-forage-de-roche\/taillants-pour-marteau-a-eau\/","name":"Taillants pour marteau \u00e0 eau - GeoRocFor","isPartOf":{"@id":"https:\/\/georocfor.com\/fr\/#website"},"primaryImageOfPage":{"@id":"https:\/\/georocfor.com\/fr\/produits\/taillants-de-forage-de-roche\/taillants-pour-marteau-a-eau\/#primaryimage"},"image":{"@id":"https:\/\/georocfor.com\/fr\/produits\/taillants-de-forage-de-roche\/taillants-pour-marteau-a-eau\/#primaryimage"},"thumbnailUrl":"https:\/\/georocfor.com\/wp-content\/uploads\/2025\/05\/georocfor_water-hammer-bits.jpg","datePublished":"2024-01-31T17:00:16+00:00","dateModified":"2026-01-27T21:47:46+00:00","description":"Taillants pour marteau \u00e0 eau GeoRocFor : outils robustes pour forage de roche avec flux d\u2019eau, stabilit\u00e9 et productivit\u00e9 accrues.","breadcrumb":{"@id":"https:\/\/georocfor.com\/fr\/produits\/taillants-de-forage-de-roche\/taillants-pour-marteau-a-eau\/#breadcrumb"},"inLanguage":"fr-CA","potentialAction":[{"@type":"ReadAction","target":["https:\/\/georocfor.com\/fr\/produits\/taillants-de-forage-de-roche\/taillants-pour-marteau-a-eau\/"]}]},{"@type":"ImageObject","inLanguage":"fr-CA","@id":"https:\/\/georocfor.com\/fr\/produits\/taillants-de-forage-de-roche\/taillants-pour-marteau-a-eau\/#primaryimage","url":"https:\/\/georocfor.com\/wp-content\/uploads\/2025\/05\/georocfor_water-hammer-bits.jpg","contentUrl":"https:\/\/georocfor.com\/wp-content\/uploads\/2025\/05\/georocfor_water-hammer-bits.jpg","width":2048,"height":1024,"caption":"Water Hammer bits - Piece"},{"@type":"BreadcrumbList","@id":"https:\/\/georocfor.com\/fr\/produits\/taillants-de-forage-de-roche\/taillants-pour-marteau-a-eau\/#breadcrumb","itemListElement":[{"@type":"ListItem","position":1,"name":"Home","item":"https:\/\/georocfor.com\/fr\/"},{"@type":"ListItem","position":2,"name":"Produits","item":"https:\/\/georocfor.com\/fr\/produits\/"},{"@type":"ListItem","position":3,"name":"Taillants de forage de roche","item":"https:\/\/georocfor.com\/fr\/produits\/taillants-de-forage-de-roche\/"},{"@type":"ListItem","position":4,"name":"Taillants pour marteau \u00e0 eau"}]},{"@type":"WebSite","@id":"https:\/\/georocfor.com\/fr\/#website","url":"https:\/\/georocfor.com\/fr\/","name":"GeoRocFor","description":"","publisher":{"@id":"https:\/\/georocfor.com\/fr\/#organization"},"potentialAction":[{"@type":"SearchAction","target":{"@type":"EntryPoint","urlTemplate":"https:\/\/georocfor.com\/fr\/?s={search_term_string}"},"query-input":{"@type":"PropertyValueSpecification","valueRequired":true,"valueName":"search_term_string"}}],"inLanguage":"fr-CA"},{"@type":"Organization","@id":"https:\/\/georocfor.com\/fr\/#organization","name":"GeoRocFor","url":"https:\/\/georocfor.com\/fr\/","logo":{"@type":"ImageObject","inLanguage":"fr-CA","@id":"https:\/\/georocfor.com\/fr\/#\/schema\/logo\/image\/","url":"https:\/\/georocfor.com\/wp-content\/uploads\/2024\/03\/georocfor_logo_457x64.png","contentUrl":"https:\/\/georocfor.com\/wp-content\/uploads\/2024\/03\/georocfor_logo_457x64.png","width":457,"height":64,"caption":"GeoRocFor"},"image":{"@id":"https:\/\/georocfor.com\/fr\/#\/schema\/logo\/image\/"}}]}},"jetpack_sharing_enabled":true,"_links":{"self":[{"href":"https:\/\/georocfor.com\/fr\/wp-json\/wp\/v2\/pages\/995097","targetHints":{"allow":["GET"]}}],"collection":[{"href":"https:\/\/georocfor.com\/fr\/wp-json\/wp\/v2\/pages"}],"about":[{"href":"https:\/\/georocfor.com\/fr\/wp-json\/wp\/v2\/types\/page"}],"author":[{"embeddable":true,"href":"https:\/\/georocfor.com\/fr\/wp-json\/wp\/v2\/users\/1"}],"replies":[{"embeddable":true,"href":"https:\/\/georocfor.com\/fr\/wp-json\/wp\/v2\/comments?post=995097"}],"version-history":[{"count":5,"href":"https:\/\/georocfor.com\/fr\/wp-json\/wp\/v2\/pages\/995097\/revisions"}],"predecessor-version":[{"id":995926,"href":"https:\/\/georocfor.com\/fr\/wp-json\/wp\/v2\/pages\/995097\/revisions\/995926"}],"up":[{"embeddable":true,"href":"https:\/\/georocfor.com\/fr\/wp-json\/wp\/v2\/pages\/995055"}],"wp:featuredmedia":[{"embeddable":true,"href":"https:\/\/georocfor.com\/fr\/wp-json\/wp\/v2\/media\/992640"}],"wp:attachment":[{"href":"https:\/\/georocfor.com\/fr\/wp-json\/wp\/v2\/media?parent=995097"}],"curies":[{"name":"wp","href":"https:\/\/api.w.org\/{rel}","templated":true}]}}