{"id":995095,"date":"2024-01-31T12:01:17","date_gmt":"2024-01-31T17:01:17","guid":{"rendered":"https:\/\/georocfor.com\/produits\/taillants-de-forage-de-roche\/top-hammer-custom-bits\/"},"modified":"2026-01-27T16:47:09","modified_gmt":"2026-01-27T21:47:09","slug":"taillants-marteau-hors-trou-sur-mesure","status":"publish","type":"page","link":"https:\/\/georocfor.com\/fr\/produits\/taillants-de-forage-de-roche\/taillants-marteau-hors-trou-sur-mesure\/","title":{"rendered":"Taillants marteau hors trou sur mesure"},"content":{"rendered":"<div class=\"vgblk-rw-wrapper limit-wrapper\">\r\n<h2>Taillants pour marteau hors trou <br \/><b> sur mesure pour applications sp\u00e9ciales <\/b><\/h2>\r\n<p><img loading=\"lazy\" decoding=\"async\" title=\"georocfor_top-hammer-custom_bits\" src=\"https:\/\/georocfor.com\/wp-content\/uploads\/2025\/05\/georocfor_top-hammer-custom_bits.jpg\" sizes=\"auto, (max-width: 768px) 100vw, 100vw\" srcset=\"https:\/\/georocfor.com\/wp-content\/uploads\/2025\/05\/georocfor_top-hammer-custom_bits.jpg 1747w, https:\/\/georocfor.com\/wp-content\/uploads\/2025\/05\/georocfor_top-hammer-custom_bits-300x120.jpg 300w, https:\/\/georocfor.com\/wp-content\/uploads\/2025\/05\/georocfor_top-hammer-custom_bits-1024x411.jpg 1024w, https:\/\/georocfor.com\/wp-content\/uploads\/2025\/05\/georocfor_top-hammer-custom_bits-768x308.jpg 768w, https:\/\/georocfor.com\/wp-content\/uploads\/2025\/05\/georocfor_top-hammer-custom_bits-1536x616.jpg 1536w, https:\/\/georocfor.com\/wp-content\/uploads\/2025\/05\/georocfor_top-hammer-custom_bits-1260x506.jpg 1260w, https:\/\/georocfor.com\/wp-content\/uploads\/2025\/05\/georocfor_top-hammer-custom_bits-630x253.jpg 630w, https:\/\/georocfor.com\/wp-content\/uploads\/2025\/05\/georocfor_top-hammer-custom_bits-420x169.jpg 420w, https:\/\/georocfor.com\/wp-content\/uploads\/2025\/05\/georocfor_top-hammer-custom_bits-840x337.jpg 840w, https:\/\/georocfor.com\/wp-content\/uploads\/2025\/05\/georocfor_top-hammer-custom_bits-315x126.jpg 315w\" alt=\"georocfor_top-hammer-custom_bits\" width=\"1747\" height=\"701\" \/><\/p>\r\n<p>Nous sommes sp\u00e9cialis\u00e9s dans la fabrication de taillants marteau hors trou con\u00e7us sur mesure pour r\u00e9pondre aux exigences uniques des applications sp\u00e9ciales. Que vous ayez besoin d&rsquo;un design sp\u00e9cifique ou d&rsquo;un diam\u00e8tre personnalis\u00e9, nos taillants sont fabriqu\u00e9s pour optimiser vos op\u00e9rations de forage, m\u00eame dans les conditions les plus difficiles.<\/p>\r\n<h2>Con\u00e7us pour <b>performer <\/b><\/h2>\r\n<p>Conceptions sur mesure pour une performance accrue<\/p>\r\n<p>Nous proposons la conception de taillants sur mesure qui am\u00e9liorent la p\u00e9n\u00e9tration, r\u00e9duisent les vibrations et garantissent un alignement pr\u00e9cis des trous. Nos mod\u00e8les sont con\u00e7us pour durer et offrir des r\u00e9sultats sup\u00e9rieurs.<\/p>\r\n<p>Diam\u00e8tres sp\u00e9ciaux pour des besoins uniques<\/p>\r\n<p>Nous offrons des taillants marteau hors trou dans des diam\u00e8tres personnalis\u00e9s pour r\u00e9pondre pr\u00e9cis\u00e9ment \u00e0 vos exigences de forage. Que ce soit pour le forage de gros diam\u00e8tres dans des projets de construction ou de g\u00e9othermie, ou pour des trous de dimensions non standard, nos diam\u00e8tres sur mesure assurent un ajustement parfait \u00e0 chaque application.<\/p>\r\n<p>Fabriqu\u00e9s pour la durabilit\u00e9 et l&rsquo;efficacit\u00e9<\/p>\r\n<p>Nos taillants sont fabriqu\u00e9s \u00e0 partir de mat\u00e9riaux de premi\u00e8re qualit\u00e9, comme de l&rsquo;acier sup\u00e9rieur et des boutons de carbure, ce qui assure une durabilit\u00e9 et une r\u00e9sistance \u00e0 l&rsquo;usure exceptionnelles. Con\u00e7us pour offrir une performance \u00e0 fort impact, ils r\u00e9duisent les temps d&rsquo;arr\u00eat et am\u00e9liorent l&rsquo;efficacit\u00e9 du forage.<\/p>\r\n<\/div><!-- .vgblk-rw-wrapper -->","protected":false},"excerpt":{"rendered":"<p>Taillants pour marteau hors trou sur mesure pour applications sp\u00e9ciales Nous sommes sp\u00e9cialis\u00e9s dans la fabrication de taillants marteau hors trou con\u00e7us sur mesure pour r\u00e9pondre aux exigences uniques des applications sp\u00e9ciales. Que vous ayez besoin d&rsquo;un design sp\u00e9cifique ou d&rsquo;un diam\u00e8tre personnalis\u00e9, nos taillants sont fabriqu\u00e9s pour optimiser vos op\u00e9rations de forage, m\u00eame dans&#8230;<\/p>\n","protected":false},"author":1,"featured_media":992634,"parent":995055,"menu_order":0,"comment_status":"closed","ping_status":"closed","template":"","meta":{"_acf_changed":false,"inline_featured_image":false,"_monsterinsights_skip_tracking":false,"_monsterinsights_sitenote_active":false,"_monsterinsights_sitenote_note":"","_monsterinsights_sitenote_category":0,"footnotes":""},"class_list":["post-995095","page","type-page","status-publish","has-post-thumbnail","hentry"],"acf":[],"yoast_head":"<!-- This site is optimized with the Yoast SEO plugin v26.8 - https:\/\/yoast.com\/product\/yoast-seo-wordpress\/ -->\n<title>Taillants marteau hors trou sur mesure - GeoRocFor<\/title>\n<meta name=\"description\" content=\"Outils taillants marteau hors-trou sur mesure GeoRocFor : performance optimis\u00e9e, pr\u00e9cision accrue et productivit\u00e9 renforc\u00e9e en forage.\" \/>\n<meta name=\"robots\" content=\"index, follow, max-snippet:-1, max-image-preview:large, max-video-preview:-1\" \/>\n<link rel=\"canonical\" href=\"https:\/\/georocfor.com\/fr\/produits\/taillants-de-forage-de-roche\/taillants-marteau-hors-trou-sur-mesure\/\" \/>\n<meta property=\"og:locale\" content=\"fr_CA\" \/>\n<meta property=\"og:type\" content=\"article\" \/>\n<meta property=\"og:title\" content=\"Taillants marteau hors trou sur mesure - GeoRocFor\" \/>\n<meta property=\"og:description\" content=\"Outils taillants marteau hors-trou sur mesure GeoRocFor : performance optimis\u00e9e, pr\u00e9cision accrue et productivit\u00e9 renforc\u00e9e en forage.\" \/>\n<meta property=\"og:url\" content=\"https:\/\/georocfor.com\/fr\/produits\/taillants-de-forage-de-roche\/taillants-marteau-hors-trou-sur-mesure\/\" \/>\n<meta property=\"og:site_name\" content=\"GeoRocFor\" \/>\n<meta property=\"article:modified_time\" content=\"2026-01-27T21:47:09+00:00\" \/>\n<meta property=\"og:image\" content=\"https:\/\/georocfor.com\/wp-content\/uploads\/2025\/05\/georocfor_top-hammer-custom_bits.jpg\" \/>\n\t<meta property=\"og:image:width\" content=\"1747\" \/>\n\t<meta property=\"og:image:height\" content=\"701\" \/>\n\t<meta property=\"og:image:type\" content=\"image\/jpeg\" \/>\n<meta name=\"twitter:card\" content=\"summary_large_image\" \/>\n<meta name=\"twitter:label1\" content=\"Estimation du temps de lecture\" \/>\n\t<meta name=\"twitter:data1\" content=\"2 minutes\" \/>\n<script type=\"application\/ld+json\" class=\"yoast-schema-graph\">{\"@context\":\"https:\/\/schema.org\",\"@graph\":[{\"@type\":\"WebPage\",\"@id\":\"https:\/\/georocfor.com\/fr\/produits\/taillants-de-forage-de-roche\/taillants-marteau-hors-trou-sur-mesure\/\",\"url\":\"https:\/\/georocfor.com\/fr\/produits\/taillants-de-forage-de-roche\/taillants-marteau-hors-trou-sur-mesure\/\",\"name\":\"Taillants marteau hors trou sur mesure - GeoRocFor\",\"isPartOf\":{\"@id\":\"https:\/\/georocfor.com\/fr\/#website\"},\"primaryImageOfPage\":{\"@id\":\"https:\/\/georocfor.com\/fr\/produits\/taillants-de-forage-de-roche\/taillants-marteau-hors-trou-sur-mesure\/#primaryimage\"},\"image\":{\"@id\":\"https:\/\/georocfor.com\/fr\/produits\/taillants-de-forage-de-roche\/taillants-marteau-hors-trou-sur-mesure\/#primaryimage\"},\"thumbnailUrl\":\"https:\/\/georocfor.com\/wp-content\/uploads\/2025\/05\/georocfor_top-hammer-custom_bits.jpg\",\"datePublished\":\"2024-01-31T17:01:17+00:00\",\"dateModified\":\"2026-01-27T21:47:09+00:00\",\"description\":\"Outils taillants marteau hors-trou sur mesure GeoRocFor : performance optimis\u00e9e, pr\u00e9cision accrue et productivit\u00e9 renforc\u00e9e en forage.\",\"breadcrumb\":{\"@id\":\"https:\/\/georocfor.com\/fr\/produits\/taillants-de-forage-de-roche\/taillants-marteau-hors-trou-sur-mesure\/#breadcrumb\"},\"inLanguage\":\"fr-CA\",\"potentialAction\":[{\"@type\":\"ReadAction\",\"target\":[\"https:\/\/georocfor.com\/fr\/produits\/taillants-de-forage-de-roche\/taillants-marteau-hors-trou-sur-mesure\/\"]}]},{\"@type\":\"ImageObject\",\"inLanguage\":\"fr-CA\",\"@id\":\"https:\/\/georocfor.com\/fr\/produits\/taillants-de-forage-de-roche\/taillants-marteau-hors-trou-sur-mesure\/#primaryimage\",\"url\":\"https:\/\/georocfor.com\/wp-content\/uploads\/2025\/05\/georocfor_top-hammer-custom_bits.jpg\",\"contentUrl\":\"https:\/\/georocfor.com\/wp-content\/uploads\/2025\/05\/georocfor_top-hammer-custom_bits.jpg\",\"width\":1747,\"height\":701,\"caption\":\"Top Hammer Custom Bits - Pieces\"},{\"@type\":\"BreadcrumbList\",\"@id\":\"https:\/\/georocfor.com\/fr\/produits\/taillants-de-forage-de-roche\/taillants-marteau-hors-trou-sur-mesure\/#breadcrumb\",\"itemListElement\":[{\"@type\":\"ListItem\",\"position\":1,\"name\":\"Home\",\"item\":\"https:\/\/georocfor.com\/fr\/\"},{\"@type\":\"ListItem\",\"position\":2,\"name\":\"Produits\",\"item\":\"https:\/\/georocfor.com\/fr\/produits\/\"},{\"@type\":\"ListItem\",\"position\":3,\"name\":\"Taillants de forage de roche\",\"item\":\"https:\/\/georocfor.com\/fr\/produits\/taillants-de-forage-de-roche\/\"},{\"@type\":\"ListItem\",\"position\":4,\"name\":\"Taillants marteau hors trou sur mesure\"}]},{\"@type\":\"WebSite\",\"@id\":\"https:\/\/georocfor.com\/fr\/#website\",\"url\":\"https:\/\/georocfor.com\/fr\/\",\"name\":\"GeoRocFor\",\"description\":\"\",\"publisher\":{\"@id\":\"https:\/\/georocfor.com\/fr\/#organization\"},\"potentialAction\":[{\"@type\":\"SearchAction\",\"target\":{\"@type\":\"EntryPoint\",\"urlTemplate\":\"https:\/\/georocfor.com\/fr\/?s={search_term_string}\"},\"query-input\":{\"@type\":\"PropertyValueSpecification\",\"valueRequired\":true,\"valueName\":\"search_term_string\"}}],\"inLanguage\":\"fr-CA\"},{\"@type\":\"Organization\",\"@id\":\"https:\/\/georocfor.com\/fr\/#organization\",\"name\":\"GeoRocFor\",\"url\":\"https:\/\/georocfor.com\/fr\/\",\"logo\":{\"@type\":\"ImageObject\",\"inLanguage\":\"fr-CA\",\"@id\":\"https:\/\/georocfor.com\/fr\/#\/schema\/logo\/image\/\",\"url\":\"https:\/\/georocfor.com\/wp-content\/uploads\/2024\/03\/georocfor_logo_457x64.png\",\"contentUrl\":\"https:\/\/georocfor.com\/wp-content\/uploads\/2024\/03\/georocfor_logo_457x64.png\",\"width\":457,\"height\":64,\"caption\":\"GeoRocFor\"},\"image\":{\"@id\":\"https:\/\/georocfor.com\/fr\/#\/schema\/logo\/image\/\"}}]}<\/script>\n<!-- \/ Yoast SEO plugin. -->","yoast_head_json":{"title":"Taillants marteau hors trou sur mesure - GeoRocFor","description":"Outils taillants marteau hors-trou sur mesure GeoRocFor : performance optimis\u00e9e, pr\u00e9cision accrue et productivit\u00e9 renforc\u00e9e en forage.","robots":{"index":"index","follow":"follow","max-snippet":"max-snippet:-1","max-image-preview":"max-image-preview:large","max-video-preview":"max-video-preview:-1"},"canonical":"https:\/\/georocfor.com\/fr\/produits\/taillants-de-forage-de-roche\/taillants-marteau-hors-trou-sur-mesure\/","og_locale":"fr_CA","og_type":"article","og_title":"Taillants marteau hors trou sur mesure - GeoRocFor","og_description":"Outils taillants marteau hors-trou sur mesure GeoRocFor : performance optimis\u00e9e, pr\u00e9cision accrue et productivit\u00e9 renforc\u00e9e en forage.","og_url":"https:\/\/georocfor.com\/fr\/produits\/taillants-de-forage-de-roche\/taillants-marteau-hors-trou-sur-mesure\/","og_site_name":"GeoRocFor","article_modified_time":"2026-01-27T21:47:09+00:00","og_image":[{"width":1747,"height":701,"url":"https:\/\/georocfor.com\/wp-content\/uploads\/2025\/05\/georocfor_top-hammer-custom_bits.jpg","type":"image\/jpeg"}],"twitter_card":"summary_large_image","twitter_misc":{"Estimation du temps de lecture":"2 minutes"},"schema":{"@context":"https:\/\/schema.org","@graph":[{"@type":"WebPage","@id":"https:\/\/georocfor.com\/fr\/produits\/taillants-de-forage-de-roche\/taillants-marteau-hors-trou-sur-mesure\/","url":"https:\/\/georocfor.com\/fr\/produits\/taillants-de-forage-de-roche\/taillants-marteau-hors-trou-sur-mesure\/","name":"Taillants marteau hors trou sur mesure - GeoRocFor","isPartOf":{"@id":"https:\/\/georocfor.com\/fr\/#website"},"primaryImageOfPage":{"@id":"https:\/\/georocfor.com\/fr\/produits\/taillants-de-forage-de-roche\/taillants-marteau-hors-trou-sur-mesure\/#primaryimage"},"image":{"@id":"https:\/\/georocfor.com\/fr\/produits\/taillants-de-forage-de-roche\/taillants-marteau-hors-trou-sur-mesure\/#primaryimage"},"thumbnailUrl":"https:\/\/georocfor.com\/wp-content\/uploads\/2025\/05\/georocfor_top-hammer-custom_bits.jpg","datePublished":"2024-01-31T17:01:17+00:00","dateModified":"2026-01-27T21:47:09+00:00","description":"Outils taillants marteau hors-trou sur mesure GeoRocFor : performance optimis\u00e9e, pr\u00e9cision accrue et productivit\u00e9 renforc\u00e9e en forage.","breadcrumb":{"@id":"https:\/\/georocfor.com\/fr\/produits\/taillants-de-forage-de-roche\/taillants-marteau-hors-trou-sur-mesure\/#breadcrumb"},"inLanguage":"fr-CA","potentialAction":[{"@type":"ReadAction","target":["https:\/\/georocfor.com\/fr\/produits\/taillants-de-forage-de-roche\/taillants-marteau-hors-trou-sur-mesure\/"]}]},{"@type":"ImageObject","inLanguage":"fr-CA","@id":"https:\/\/georocfor.com\/fr\/produits\/taillants-de-forage-de-roche\/taillants-marteau-hors-trou-sur-mesure\/#primaryimage","url":"https:\/\/georocfor.com\/wp-content\/uploads\/2025\/05\/georocfor_top-hammer-custom_bits.jpg","contentUrl":"https:\/\/georocfor.com\/wp-content\/uploads\/2025\/05\/georocfor_top-hammer-custom_bits.jpg","width":1747,"height":701,"caption":"Top Hammer Custom Bits - Pieces"},{"@type":"BreadcrumbList","@id":"https:\/\/georocfor.com\/fr\/produits\/taillants-de-forage-de-roche\/taillants-marteau-hors-trou-sur-mesure\/#breadcrumb","itemListElement":[{"@type":"ListItem","position":1,"name":"Home","item":"https:\/\/georocfor.com\/fr\/"},{"@type":"ListItem","position":2,"name":"Produits","item":"https:\/\/georocfor.com\/fr\/produits\/"},{"@type":"ListItem","position":3,"name":"Taillants de forage de roche","item":"https:\/\/georocfor.com\/fr\/produits\/taillants-de-forage-de-roche\/"},{"@type":"ListItem","position":4,"name":"Taillants marteau hors trou sur mesure"}]},{"@type":"WebSite","@id":"https:\/\/georocfor.com\/fr\/#website","url":"https:\/\/georocfor.com\/fr\/","name":"GeoRocFor","description":"","publisher":{"@id":"https:\/\/georocfor.com\/fr\/#organization"},"potentialAction":[{"@type":"SearchAction","target":{"@type":"EntryPoint","urlTemplate":"https:\/\/georocfor.com\/fr\/?s={search_term_string}"},"query-input":{"@type":"PropertyValueSpecification","valueRequired":true,"valueName":"search_term_string"}}],"inLanguage":"fr-CA"},{"@type":"Organization","@id":"https:\/\/georocfor.com\/fr\/#organization","name":"GeoRocFor","url":"https:\/\/georocfor.com\/fr\/","logo":{"@type":"ImageObject","inLanguage":"fr-CA","@id":"https:\/\/georocfor.com\/fr\/#\/schema\/logo\/image\/","url":"https:\/\/georocfor.com\/wp-content\/uploads\/2024\/03\/georocfor_logo_457x64.png","contentUrl":"https:\/\/georocfor.com\/wp-content\/uploads\/2024\/03\/georocfor_logo_457x64.png","width":457,"height":64,"caption":"GeoRocFor"},"image":{"@id":"https:\/\/georocfor.com\/fr\/#\/schema\/logo\/image\/"}}]}},"jetpack_sharing_enabled":true,"_links":{"self":[{"href":"https:\/\/georocfor.com\/fr\/wp-json\/wp\/v2\/pages\/995095","targetHints":{"allow":["GET"]}}],"collection":[{"href":"https:\/\/georocfor.com\/fr\/wp-json\/wp\/v2\/pages"}],"about":[{"href":"https:\/\/georocfor.com\/fr\/wp-json\/wp\/v2\/types\/page"}],"author":[{"embeddable":true,"href":"https:\/\/georocfor.com\/fr\/wp-json\/wp\/v2\/users\/1"}],"replies":[{"embeddable":true,"href":"https:\/\/georocfor.com\/fr\/wp-json\/wp\/v2\/comments?post=995095"}],"version-history":[{"count":6,"href":"https:\/\/georocfor.com\/fr\/wp-json\/wp\/v2\/pages\/995095\/revisions"}],"predecessor-version":[{"id":995801,"href":"https:\/\/georocfor.com\/fr\/wp-json\/wp\/v2\/pages\/995095\/revisions\/995801"}],"up":[{"embeddable":true,"href":"https:\/\/georocfor.com\/fr\/wp-json\/wp\/v2\/pages\/995055"}],"wp:featuredmedia":[{"embeddable":true,"href":"https:\/\/georocfor.com\/fr\/wp-json\/wp\/v2\/media\/992634"}],"wp:attachment":[{"href":"https:\/\/georocfor.com\/fr\/wp-json\/wp\/v2\/media?parent=995095"}],"curies":[{"name":"wp","href":"https:\/\/api.w.org\/{rel}","templated":true}]}}