{"id":995093,"date":"2024-01-31T12:02:23","date_gmt":"2024-01-31T17:02:23","guid":{"rendered":"https:\/\/georocfor.com\/produits\/taillants-de-forage-de-roche\/standard-dth-bits\/"},"modified":"2026-01-27T16:46:30","modified_gmt":"2026-01-27T21:46:30","slug":"taillants-dth-standard","status":"publish","type":"page","link":"https:\/\/georocfor.com\/fr\/produits\/taillants-de-forage-de-roche\/taillants-dth-standard\/","title":{"rendered":"Taillants DTH standard"},"content":{"rendered":"<div class=\"vgblk-rw-wrapper limit-wrapper\">\r\n<h2>Taillants DTH standard de haute qualit\u00e9 <br \/><b>Sur lesquels vous pouvez compter <\/b><\/h2>\r\n<p><img loading=\"lazy\" decoding=\"async\" title=\"georocfor_rock-drilling-bits_1200x800\" src=\"https:\/\/georocfor.com\/wp-content\/uploads\/2025\/04\/georocfor_rock-drilling-bits_1200x800.jpg\" sizes=\"auto, (max-width: 768px) 100vw, 100vw\" srcset=\"https:\/\/georocfor.com\/wp-content\/uploads\/2025\/04\/georocfor_rock-drilling-bits_1200x800.jpg 1200w, https:\/\/georocfor.com\/wp-content\/uploads\/2025\/04\/georocfor_rock-drilling-bits_1200x800-300x200.jpg 300w, https:\/\/georocfor.com\/wp-content\/uploads\/2025\/04\/georocfor_rock-drilling-bits_1200x800-1024x683.jpg 1024w, https:\/\/georocfor.com\/wp-content\/uploads\/2025\/04\/georocfor_rock-drilling-bits_1200x800-768x512.jpg 768w, https:\/\/georocfor.com\/wp-content\/uploads\/2025\/04\/georocfor_rock-drilling-bits_1200x800-630x420.jpg 630w, https:\/\/georocfor.com\/wp-content\/uploads\/2025\/04\/georocfor_rock-drilling-bits_1200x800-420x280.jpg 420w, https:\/\/georocfor.com\/wp-content\/uploads\/2025\/04\/georocfor_rock-drilling-bits_1200x800-840x560.jpg 840w, https:\/\/georocfor.com\/wp-content\/uploads\/2025\/04\/georocfor_rock-drilling-bits_1200x800-315x210.jpg 315w\" alt=\"georocfor_rock-drilling-bits_1200x800\" width=\"1200\" height=\"800\" \/><\/p>\r\n<p>La fabrication de taillants pour marteaux fond de trou (DTH) est un processus hautement sp\u00e9cialis\u00e9 qui allie ing\u00e9nierie de pr\u00e9cision, m\u00e9tallurgie avanc\u00e9e et contr\u00f4le de qualit\u00e9 rigoureux. Ces outils sont essentiels dans les secteurs miniers, de la construction et du p\u00e9trole et gaz, o\u00f9 il est crucial de pouvoir compter sur un forage fiable et efficace.<\/p>\r\n<p>G\u00e9oRocFor con\u00e7oit et fabrique avec fiert\u00e9 des taillants DTH haute performance au Canada depuis 1990. En plus de trente ans, nous avons d\u00e9velopp\u00e9 une expertise technique exceptionnelle et une connaissance approfondie du secteur, ce qui nous permet d&rsquo;offrir des solutions de forage sur mesure, adapt\u00e9es aux conditions de sol les plus exigeantes. Approuv\u00e9e par des professionnels partout dans le monde, G\u00e9oRocFor allie pr\u00e9cision, durabilit\u00e9 et innovation-taillant apr\u00e8s taillant.<\/p>\r\n<h2>O\u00f9 l&rsquo;expertise <br \/><b>rencontre la pr\u00e9cision <\/b><\/h2>\r\n<p>Conception et s\u00e9lection des mat\u00e9riaux Le processus d\u00e9bute par la phase de conception, o\u00f9 les ing\u00e9nieurs d\u00e9terminent la forme, la taille et la configuration optimales du taillant en fonction de son application pr\u00e9vue et des conditions g\u00e9ologiques. Le choix des mat\u00e9riaux est crucial. Des aciers alli\u00e9s de haute qualit\u00e9 sont couramment utilis\u00e9s pour le corps du taillant en raison de leur r\u00e9sistance, leur duret\u00e9 \u00e0 l&rsquo;usure et leur t\u00e9nacit\u00e9. Les boutons en carbure de tungst\u00e8ne sont s\u00e9lectionn\u00e9s pour leur duret\u00e9 et leur<br \/>capacit\u00e9 \u00e0 r\u00e9sister \u00e0 de fortes contraintes d&rsquo;impact. Forgeage et usinage<\/p>\r\n<p>Le corps en acier est forg\u00e9 sous haute pression et chaleur pour obtenir une forme brute. Ce processus de forge augmente la densit\u00e9 et la r\u00e9sistance du mat\u00e9riau. Apr\u00e8s le forgeage, des machines CNC (commande num\u00e9rique par ordinateur) sont utilis\u00e9es pour obtenir des dimensions pr\u00e9cises, cr\u00e9er des canaux d&rsquo;air et pr\u00e9parer le taillant pour l&rsquo;insertion des boutons en carbure. L&rsquo;usinage de pr\u00e9cision assure l&rsquo;\u00e9quilibre et la performance ad\u00e9quats du taillant lors de son utilisation.<\/p>\r\n<p>L&rsquo;Insertion des boutons en carbure de tungst\u00e8ne<\/p>\r\n<p>Les boutons en carbure de tungst\u00e8ne sont ins\u00e9r\u00e9s sous pression dans des trous pr\u00e9-perc\u00e9s \u00e0 la surface du taillant. Le motif et le nombre de boutons sont soigneusement calcul\u00e9s pour optimiser la vitesse de p\u00e9n\u00e9tration et la dur\u00e9e de vie de l&rsquo;outil.<\/p>\r\n<p>Traitement thermique<\/p>\r\n<p>L&rsquo;ensemble du taillant subit un proc\u00e9d\u00e9 de traitement thermique afin d&rsquo;am\u00e9liorer ses propri\u00e9t\u00e9s m\u00e9caniques. Cette \u00e9tape consiste en des cycles contr\u00f4l\u00e9s de chauffage et de refroidissement qui augmentent la duret\u00e9 et la durabilit\u00e9 de l&rsquo;acier, le rendant ainsi plus r\u00e9sistant \u00e0 l&rsquo;usure, aux impacts et \u00e0 la fatigue lors des op\u00e9rations de forage.<\/p>\r\n<p>Finition de surface et contr\u00f4le de qualit\u00e9<\/p>\r\n<p>Apr\u00e8s le traitement thermique, le taillant est nettoy\u00e9 et inspect\u00e9. Des traitements de surface, comme le grenaillage, sont appliqu\u00e9s afin d&rsquo;am\u00e9liorer davantage la r\u00e9sistance \u00e0 l&rsquo;usure. V\u00e9rification rigoureuses de contr\u00f4le de qualit\u00e9, incluant la v\u00e9rification dimensionnelle, les tests de duret\u00e9 et l&rsquo;inspection visuelle, garantissent que chaque taillant r\u00e9pond aux normes de performance et de s\u00e9curit\u00e9 G\u00e9oRocfor.<\/p>\r\n<\/div><!-- .vgblk-rw-wrapper -->","protected":false},"excerpt":{"rendered":"<p>Taillants DTH standard de haute qualit\u00e9 Sur lesquels vous pouvez compter La fabrication de taillants pour marteaux fond de trou (DTH) est un processus hautement sp\u00e9cialis\u00e9 qui allie ing\u00e9nierie de pr\u00e9cision, m\u00e9tallurgie avanc\u00e9e et contr\u00f4le de qualit\u00e9 rigoureux. Ces outils sont essentiels dans les secteurs miniers, de la construction et du p\u00e9trole et gaz, o\u00f9&#8230;<\/p>\n","protected":false},"author":1,"featured_media":992621,"parent":995055,"menu_order":0,"comment_status":"closed","ping_status":"closed","template":"","meta":{"_acf_changed":false,"inline_featured_image":false,"_monsterinsights_skip_tracking":false,"_monsterinsights_sitenote_active":false,"_monsterinsights_sitenote_note":"","_monsterinsights_sitenote_category":0,"footnotes":""},"class_list":["post-995093","page","type-page","status-publish","has-post-thumbnail","hentry"],"acf":[],"yoast_head":"<!-- This site is optimized with the Yoast SEO plugin v26.8 - https:\/\/yoast.com\/product\/yoast-seo-wordpress\/ -->\n<title>Taillants DTH standard - GeoRocFor<\/title>\n<meta name=\"description\" content=\"Taillants DTH standard GeoRocFor pour forage de roche : outils performants, durables et adapt\u00e9s aux conditions difficiles.\" \/>\n<meta name=\"robots\" content=\"index, follow, max-snippet:-1, max-image-preview:large, max-video-preview:-1\" \/>\n<link rel=\"canonical\" href=\"https:\/\/georocfor.com\/fr\/produits\/taillants-de-forage-de-roche\/taillants-dth-standard\/\" \/>\n<meta property=\"og:locale\" content=\"fr_CA\" \/>\n<meta property=\"og:type\" content=\"article\" \/>\n<meta property=\"og:title\" content=\"Taillants DTH standard - GeoRocFor\" \/>\n<meta property=\"og:description\" content=\"Taillants DTH standard GeoRocFor pour forage de roche : outils performants, durables et adapt\u00e9s aux conditions difficiles.\" \/>\n<meta property=\"og:url\" content=\"https:\/\/georocfor.com\/fr\/produits\/taillants-de-forage-de-roche\/taillants-dth-standard\/\" \/>\n<meta property=\"og:site_name\" content=\"GeoRocFor\" \/>\n<meta property=\"article:modified_time\" content=\"2026-01-27T21:46:30+00:00\" \/>\n<meta property=\"og:image\" content=\"https:\/\/georocfor.com\/wp-content\/uploads\/2025\/04\/georocfor_rock-drilling-bits_1200x800.jpg\" \/>\n\t<meta property=\"og:image:width\" content=\"1200\" \/>\n\t<meta property=\"og:image:height\" content=\"800\" \/>\n\t<meta property=\"og:image:type\" content=\"image\/jpeg\" \/>\n<meta name=\"twitter:card\" content=\"summary_large_image\" \/>\n<meta name=\"twitter:label1\" content=\"Estimation du temps de lecture\" \/>\n\t<meta name=\"twitter:data1\" content=\"3 minutes\" \/>\n<script type=\"application\/ld+json\" class=\"yoast-schema-graph\">{\"@context\":\"https:\/\/schema.org\",\"@graph\":[{\"@type\":\"WebPage\",\"@id\":\"https:\/\/georocfor.com\/fr\/produits\/taillants-de-forage-de-roche\/taillants-dth-standard\/\",\"url\":\"https:\/\/georocfor.com\/fr\/produits\/taillants-de-forage-de-roche\/taillants-dth-standard\/\",\"name\":\"Taillants DTH standard - GeoRocFor\",\"isPartOf\":{\"@id\":\"https:\/\/georocfor.com\/fr\/#website\"},\"primaryImageOfPage\":{\"@id\":\"https:\/\/georocfor.com\/fr\/produits\/taillants-de-forage-de-roche\/taillants-dth-standard\/#primaryimage\"},\"image\":{\"@id\":\"https:\/\/georocfor.com\/fr\/produits\/taillants-de-forage-de-roche\/taillants-dth-standard\/#primaryimage\"},\"thumbnailUrl\":\"https:\/\/georocfor.com\/wp-content\/uploads\/2025\/04\/georocfor_rock-drilling-bits_1200x800.jpg\",\"datePublished\":\"2024-01-31T17:02:23+00:00\",\"dateModified\":\"2026-01-27T21:46:30+00:00\",\"description\":\"Taillants DTH standard GeoRocFor pour forage de roche : outils performants, durables et adapt\u00e9s aux conditions difficiles.\",\"breadcrumb\":{\"@id\":\"https:\/\/georocfor.com\/fr\/produits\/taillants-de-forage-de-roche\/taillants-dth-standard\/#breadcrumb\"},\"inLanguage\":\"fr-CA\",\"potentialAction\":[{\"@type\":\"ReadAction\",\"target\":[\"https:\/\/georocfor.com\/fr\/produits\/taillants-de-forage-de-roche\/taillants-dth-standard\/\"]}]},{\"@type\":\"ImageObject\",\"inLanguage\":\"fr-CA\",\"@id\":\"https:\/\/georocfor.com\/fr\/produits\/taillants-de-forage-de-roche\/taillants-dth-standard\/#primaryimage\",\"url\":\"https:\/\/georocfor.com\/wp-content\/uploads\/2025\/04\/georocfor_rock-drilling-bits_1200x800.jpg\",\"contentUrl\":\"https:\/\/georocfor.com\/wp-content\/uploads\/2025\/04\/georocfor_rock-drilling-bits_1200x800.jpg\",\"width\":1200,\"height\":800,\"caption\":\"Rock Drilling Bits - Pieces\"},{\"@type\":\"BreadcrumbList\",\"@id\":\"https:\/\/georocfor.com\/fr\/produits\/taillants-de-forage-de-roche\/taillants-dth-standard\/#breadcrumb\",\"itemListElement\":[{\"@type\":\"ListItem\",\"position\":1,\"name\":\"Home\",\"item\":\"https:\/\/georocfor.com\/fr\/\"},{\"@type\":\"ListItem\",\"position\":2,\"name\":\"Produits\",\"item\":\"https:\/\/georocfor.com\/fr\/produits\/\"},{\"@type\":\"ListItem\",\"position\":3,\"name\":\"Taillants de forage de roche\",\"item\":\"https:\/\/georocfor.com\/fr\/produits\/taillants-de-forage-de-roche\/\"},{\"@type\":\"ListItem\",\"position\":4,\"name\":\"Taillants DTH standard\"}]},{\"@type\":\"WebSite\",\"@id\":\"https:\/\/georocfor.com\/fr\/#website\",\"url\":\"https:\/\/georocfor.com\/fr\/\",\"name\":\"GeoRocFor\",\"description\":\"\",\"publisher\":{\"@id\":\"https:\/\/georocfor.com\/fr\/#organization\"},\"potentialAction\":[{\"@type\":\"SearchAction\",\"target\":{\"@type\":\"EntryPoint\",\"urlTemplate\":\"https:\/\/georocfor.com\/fr\/?s={search_term_string}\"},\"query-input\":{\"@type\":\"PropertyValueSpecification\",\"valueRequired\":true,\"valueName\":\"search_term_string\"}}],\"inLanguage\":\"fr-CA\"},{\"@type\":\"Organization\",\"@id\":\"https:\/\/georocfor.com\/fr\/#organization\",\"name\":\"GeoRocFor\",\"url\":\"https:\/\/georocfor.com\/fr\/\",\"logo\":{\"@type\":\"ImageObject\",\"inLanguage\":\"fr-CA\",\"@id\":\"https:\/\/georocfor.com\/fr\/#\/schema\/logo\/image\/\",\"url\":\"https:\/\/georocfor.com\/wp-content\/uploads\/2024\/03\/georocfor_logo_457x64.png\",\"contentUrl\":\"https:\/\/georocfor.com\/wp-content\/uploads\/2024\/03\/georocfor_logo_457x64.png\",\"width\":457,\"height\":64,\"caption\":\"GeoRocFor\"},\"image\":{\"@id\":\"https:\/\/georocfor.com\/fr\/#\/schema\/logo\/image\/\"}}]}<\/script>\n<!-- \/ Yoast SEO plugin. -->","yoast_head_json":{"title":"Taillants DTH standard - GeoRocFor","description":"Taillants DTH standard GeoRocFor pour forage de roche : outils performants, durables et adapt\u00e9s aux conditions difficiles.","robots":{"index":"index","follow":"follow","max-snippet":"max-snippet:-1","max-image-preview":"max-image-preview:large","max-video-preview":"max-video-preview:-1"},"canonical":"https:\/\/georocfor.com\/fr\/produits\/taillants-de-forage-de-roche\/taillants-dth-standard\/","og_locale":"fr_CA","og_type":"article","og_title":"Taillants DTH standard - GeoRocFor","og_description":"Taillants DTH standard GeoRocFor pour forage de roche : outils performants, durables et adapt\u00e9s aux conditions difficiles.","og_url":"https:\/\/georocfor.com\/fr\/produits\/taillants-de-forage-de-roche\/taillants-dth-standard\/","og_site_name":"GeoRocFor","article_modified_time":"2026-01-27T21:46:30+00:00","og_image":[{"width":1200,"height":800,"url":"https:\/\/georocfor.com\/wp-content\/uploads\/2025\/04\/georocfor_rock-drilling-bits_1200x800.jpg","type":"image\/jpeg"}],"twitter_card":"summary_large_image","twitter_misc":{"Estimation du temps de lecture":"3 minutes"},"schema":{"@context":"https:\/\/schema.org","@graph":[{"@type":"WebPage","@id":"https:\/\/georocfor.com\/fr\/produits\/taillants-de-forage-de-roche\/taillants-dth-standard\/","url":"https:\/\/georocfor.com\/fr\/produits\/taillants-de-forage-de-roche\/taillants-dth-standard\/","name":"Taillants DTH standard - GeoRocFor","isPartOf":{"@id":"https:\/\/georocfor.com\/fr\/#website"},"primaryImageOfPage":{"@id":"https:\/\/georocfor.com\/fr\/produits\/taillants-de-forage-de-roche\/taillants-dth-standard\/#primaryimage"},"image":{"@id":"https:\/\/georocfor.com\/fr\/produits\/taillants-de-forage-de-roche\/taillants-dth-standard\/#primaryimage"},"thumbnailUrl":"https:\/\/georocfor.com\/wp-content\/uploads\/2025\/04\/georocfor_rock-drilling-bits_1200x800.jpg","datePublished":"2024-01-31T17:02:23+00:00","dateModified":"2026-01-27T21:46:30+00:00","description":"Taillants DTH standard GeoRocFor pour forage de roche : outils performants, durables et adapt\u00e9s aux conditions difficiles.","breadcrumb":{"@id":"https:\/\/georocfor.com\/fr\/produits\/taillants-de-forage-de-roche\/taillants-dth-standard\/#breadcrumb"},"inLanguage":"fr-CA","potentialAction":[{"@type":"ReadAction","target":["https:\/\/georocfor.com\/fr\/produits\/taillants-de-forage-de-roche\/taillants-dth-standard\/"]}]},{"@type":"ImageObject","inLanguage":"fr-CA","@id":"https:\/\/georocfor.com\/fr\/produits\/taillants-de-forage-de-roche\/taillants-dth-standard\/#primaryimage","url":"https:\/\/georocfor.com\/wp-content\/uploads\/2025\/04\/georocfor_rock-drilling-bits_1200x800.jpg","contentUrl":"https:\/\/georocfor.com\/wp-content\/uploads\/2025\/04\/georocfor_rock-drilling-bits_1200x800.jpg","width":1200,"height":800,"caption":"Rock Drilling Bits - Pieces"},{"@type":"BreadcrumbList","@id":"https:\/\/georocfor.com\/fr\/produits\/taillants-de-forage-de-roche\/taillants-dth-standard\/#breadcrumb","itemListElement":[{"@type":"ListItem","position":1,"name":"Home","item":"https:\/\/georocfor.com\/fr\/"},{"@type":"ListItem","position":2,"name":"Produits","item":"https:\/\/georocfor.com\/fr\/produits\/"},{"@type":"ListItem","position":3,"name":"Taillants de forage de roche","item":"https:\/\/georocfor.com\/fr\/produits\/taillants-de-forage-de-roche\/"},{"@type":"ListItem","position":4,"name":"Taillants DTH standard"}]},{"@type":"WebSite","@id":"https:\/\/georocfor.com\/fr\/#website","url":"https:\/\/georocfor.com\/fr\/","name":"GeoRocFor","description":"","publisher":{"@id":"https:\/\/georocfor.com\/fr\/#organization"},"potentialAction":[{"@type":"SearchAction","target":{"@type":"EntryPoint","urlTemplate":"https:\/\/georocfor.com\/fr\/?s={search_term_string}"},"query-input":{"@type":"PropertyValueSpecification","valueRequired":true,"valueName":"search_term_string"}}],"inLanguage":"fr-CA"},{"@type":"Organization","@id":"https:\/\/georocfor.com\/fr\/#organization","name":"GeoRocFor","url":"https:\/\/georocfor.com\/fr\/","logo":{"@type":"ImageObject","inLanguage":"fr-CA","@id":"https:\/\/georocfor.com\/fr\/#\/schema\/logo\/image\/","url":"https:\/\/georocfor.com\/wp-content\/uploads\/2024\/03\/georocfor_logo_457x64.png","contentUrl":"https:\/\/georocfor.com\/wp-content\/uploads\/2024\/03\/georocfor_logo_457x64.png","width":457,"height":64,"caption":"GeoRocFor"},"image":{"@id":"https:\/\/georocfor.com\/fr\/#\/schema\/logo\/image\/"}}]}},"jetpack_sharing_enabled":true,"_links":{"self":[{"href":"https:\/\/georocfor.com\/fr\/wp-json\/wp\/v2\/pages\/995093","targetHints":{"allow":["GET"]}}],"collection":[{"href":"https:\/\/georocfor.com\/fr\/wp-json\/wp\/v2\/pages"}],"about":[{"href":"https:\/\/georocfor.com\/fr\/wp-json\/wp\/v2\/types\/page"}],"author":[{"embeddable":true,"href":"https:\/\/georocfor.com\/fr\/wp-json\/wp\/v2\/users\/1"}],"replies":[{"embeddable":true,"href":"https:\/\/georocfor.com\/fr\/wp-json\/wp\/v2\/comments?post=995093"}],"version-history":[{"count":5,"href":"https:\/\/georocfor.com\/fr\/wp-json\/wp\/v2\/pages\/995093\/revisions"}],"predecessor-version":[{"id":995802,"href":"https:\/\/georocfor.com\/fr\/wp-json\/wp\/v2\/pages\/995093\/revisions\/995802"}],"up":[{"embeddable":true,"href":"https:\/\/georocfor.com\/fr\/wp-json\/wp\/v2\/pages\/995055"}],"wp:featuredmedia":[{"embeddable":true,"href":"https:\/\/georocfor.com\/fr\/wp-json\/wp\/v2\/media\/992621"}],"wp:attachment":[{"href":"https:\/\/georocfor.com\/fr\/wp-json\/wp\/v2\/media?parent=995093"}],"curies":[{"name":"wp","href":"https:\/\/api.w.org\/{rel}","templated":true}]}}