{"id":995091,"date":"2024-01-31T12:00:47","date_gmt":"2024-01-31T17:00:47","guid":{"rendered":"https:\/\/georocfor.com\/produits\/taillants-de-forage-de-roche\/rc-bits\/"},"modified":"2026-01-27T16:48:33","modified_gmt":"2026-01-27T21:48:33","slug":"taillants-rc","status":"publish","type":"page","link":"https:\/\/georocfor.com\/fr\/produits\/taillants-de-forage-de-roche\/taillants-rc\/","title":{"rendered":"Taillants RC"},"content":{"rendered":"<div class=\"vgblk-rw-wrapper limit-wrapper\">\r\n<h2>Taillants de haute qualit\u00e9 \u00e0 circulation<br \/><b> inverse pour forage fond de trou (DTH) <\/b><\/h2>\r\n<p><img loading=\"lazy\" decoding=\"async\" title=\"georocfor_rc-bits\" src=\"https:\/\/georocfor.com\/wp-content\/uploads\/2025\/05\/georocfor_rc-bits.jpg\" sizes=\"auto, (max-width: 768px) 100vw, 100vw\" srcset=\"https:\/\/georocfor.com\/wp-content\/uploads\/2025\/05\/georocfor_rc-bits.jpg 2048w, https:\/\/georocfor.com\/wp-content\/uploads\/2025\/05\/georocfor_rc-bits-300x150.jpg 300w, https:\/\/georocfor.com\/wp-content\/uploads\/2025\/05\/georocfor_rc-bits-1024x512.jpg 1024w, https:\/\/georocfor.com\/wp-content\/uploads\/2025\/05\/georocfor_rc-bits-768x384.jpg 768w, https:\/\/georocfor.com\/wp-content\/uploads\/2025\/05\/georocfor_rc-bits-1536x768.jpg 1536w, https:\/\/georocfor.com\/wp-content\/uploads\/2025\/05\/georocfor_rc-bits-1260x630.jpg 1260w, https:\/\/georocfor.com\/wp-content\/uploads\/2025\/05\/georocfor_rc-bits-630x315.jpg 630w, https:\/\/georocfor.com\/wp-content\/uploads\/2025\/05\/georocfor_rc-bits-420x210.jpg 420w, https:\/\/georocfor.com\/wp-content\/uploads\/2025\/05\/georocfor_rc-bits-840x420.jpg 840w, https:\/\/georocfor.com\/wp-content\/uploads\/2025\/05\/georocfor_rc-bits-315x158.jpg 315w\" alt=\"georocfor_rc-bits\" width=\"2048\" height=\"1024\" \/><\/p>\r\n<p>Les taillants \u00e0 circulation inverse de G\u00e9orocfor sont con\u00e7us pour offrir des performances exceptionnelles, une grande durabilit\u00e9 et une efficacit\u00e9 accrue, ce qui les rend id\u00e9aux pour diverses applications de forage, y compris : le forage d&rsquo;exploration, l&rsquo;exploitation mini\u00e8re et le forage de puits d&rsquo;eau.<\/p>\r\n<p>&nbsp;<\/p>\r\n<h3>Qu&rsquo;est-ce qu&rsquo;un taillant \u00e0 circulation inverse ?<\/h3>\r\n<p>Le forage \u00e0 circulation inverse est une technique o\u00f9 les d\u00e9blais de forage sont remont\u00e9s \u00e0 la surface en faisant circuler de l&rsquo;air \u00e0 travers la tige de forage, dans le sens inverse du forage conventionnel. Ce proc\u00e9d\u00e9 permet des taux de p\u00e9n\u00e9tration plus rapides, des \u00e9chantillons plus propres et r\u00e9duit l&rsquo;usure de l&rsquo;\u00e9quipement. Les taillants RC sont un \u00e9l\u00e9ment essentiel de cette technique, car ils facilitent la remont\u00e9e des fragments rocheux pour analyse tout en assurant une grande efficacit\u00e9 de forage.<\/p>\r\n<h2>L&rsquo;expertise de G\u00e9orocfor <br \/><b>dans les taillants RC <\/b><\/h2>\r\n<p>Mat\u00e9riaux haute performance<\/p>\r\n<p>Nos taillants \u00e0 circulation inverse sont fabriqu\u00e9s \u00e0 partir de mat\u00e9riaux de qualit\u00e9 sup\u00e9rieure, tels que l&rsquo;acier alli\u00e9 \u00e0 haute r\u00e9sistance et des inserts en carbure, afin d&rsquo;assurer une durabilit\u00e9 prolong\u00e9e et une grande r\u00e9sistance \u00e0 l&rsquo;usure, m\u00eame dans les formations les plus difficiles.<\/p>\r\n<p>Conception optimis\u00e9e pour l&rsquo;efficacit\u00e9<\/p>\r\n<p>Les taillants \u00e0 circulation inverse de G\u00e9orocfor sont con\u00e7us pour maximiser les taux de p\u00e9n\u00e9tration et minimiser les co\u00fbts de forage. Leur conception de pointe assure un forage efficace, rapide et performant, vous offrant les meilleurs r\u00e9sultats en moins de temps.<\/p>\r\n<p>Collecte d&rsquo;\u00e9chantillons propres<\/p>\r\n<p>Gr\u00e2ce \u00e0 la circulation inverse, nos taillants garantissent que les \u00e9chantillons pr\u00e9lev\u00e9s sont propres et exempts de contamination, fournissant des donn\u00e9es pr\u00e9cises pour l&rsquo;analyse g\u00e9ologique.<\/p>\r\n<p>Large \u00e9ventail de tailles et de configurations<\/p>\r\n<p>Nous offrons une gamme compl\u00e8te de taillants \u00e0 circulation inverse dans diverses tailles, formes et configurations, ce qui facilite le choix du taillant id\u00e9al pour r\u00e9pondre \u00e0 vos besoins sp\u00e9cifiques en mati\u00e8re de forage.<\/p>\r\n<\/div><!-- .vgblk-rw-wrapper -->","protected":false},"excerpt":{"rendered":"<p>Taillants de haute qualit\u00e9 \u00e0 circulation inverse pour forage fond de trou (DTH) Les taillants \u00e0 circulation inverse de G\u00e9orocfor sont con\u00e7us pour offrir des performances exceptionnelles, une grande durabilit\u00e9 et une efficacit\u00e9 accrue, ce qui les rend id\u00e9aux pour diverses applications de forage, y compris : le forage d&rsquo;exploration, l&rsquo;exploitation mini\u00e8re et le forage&#8230;<\/p>\n","protected":false},"author":1,"featured_media":992637,"parent":995055,"menu_order":0,"comment_status":"closed","ping_status":"closed","template":"","meta":{"_acf_changed":false,"inline_featured_image":false,"_monsterinsights_skip_tracking":false,"_monsterinsights_sitenote_active":false,"_monsterinsights_sitenote_note":"","_monsterinsights_sitenote_category":0,"footnotes":""},"class_list":["post-995091","page","type-page","status-publish","has-post-thumbnail","hentry"],"acf":[],"yoast_head":"<!-- This site is optimized with the Yoast SEO plugin v26.8 - https:\/\/yoast.com\/product\/yoast-seo-wordpress\/ -->\n<title>Taillants RC - GeoRocFor<\/title>\n<meta name=\"description\" content=\"Taillants RC GeoRocFor pour forage de roche : durabilit\u00e9, puissance de coupe et performance optimis\u00e9e pour conditions ardues.\" \/>\n<meta name=\"robots\" content=\"index, follow, max-snippet:-1, max-image-preview:large, max-video-preview:-1\" \/>\n<link rel=\"canonical\" href=\"https:\/\/georocfor.com\/fr\/produits\/taillants-de-forage-de-roche\/taillants-rc\/\" \/>\n<meta property=\"og:locale\" content=\"fr_CA\" \/>\n<meta property=\"og:type\" content=\"article\" \/>\n<meta property=\"og:title\" content=\"Taillants RC - GeoRocFor\" \/>\n<meta property=\"og:description\" content=\"Taillants RC GeoRocFor pour forage de roche : durabilit\u00e9, puissance de coupe et performance optimis\u00e9e pour conditions ardues.\" \/>\n<meta property=\"og:url\" content=\"https:\/\/georocfor.com\/fr\/produits\/taillants-de-forage-de-roche\/taillants-rc\/\" \/>\n<meta property=\"og:site_name\" content=\"GeoRocFor\" \/>\n<meta property=\"article:modified_time\" content=\"2026-01-27T21:48:33+00:00\" \/>\n<meta property=\"og:image\" content=\"https:\/\/georocfor.com\/wp-content\/uploads\/2025\/05\/georocfor_rc-bits.jpg\" \/>\n\t<meta property=\"og:image:width\" content=\"2048\" \/>\n\t<meta property=\"og:image:height\" content=\"1024\" \/>\n\t<meta property=\"og:image:type\" content=\"image\/jpeg\" \/>\n<meta name=\"twitter:card\" content=\"summary_large_image\" \/>\n<meta name=\"twitter:label1\" content=\"Estimation du temps de lecture\" \/>\n\t<meta name=\"twitter:data1\" content=\"2 minutes\" \/>\n<script type=\"application\/ld+json\" class=\"yoast-schema-graph\">{\"@context\":\"https:\/\/schema.org\",\"@graph\":[{\"@type\":\"WebPage\",\"@id\":\"https:\/\/georocfor.com\/fr\/produits\/taillants-de-forage-de-roche\/taillants-rc\/\",\"url\":\"https:\/\/georocfor.com\/fr\/produits\/taillants-de-forage-de-roche\/taillants-rc\/\",\"name\":\"Taillants RC - GeoRocFor\",\"isPartOf\":{\"@id\":\"https:\/\/georocfor.com\/fr\/#website\"},\"primaryImageOfPage\":{\"@id\":\"https:\/\/georocfor.com\/fr\/produits\/taillants-de-forage-de-roche\/taillants-rc\/#primaryimage\"},\"image\":{\"@id\":\"https:\/\/georocfor.com\/fr\/produits\/taillants-de-forage-de-roche\/taillants-rc\/#primaryimage\"},\"thumbnailUrl\":\"https:\/\/georocfor.com\/wp-content\/uploads\/2025\/05\/georocfor_rc-bits.jpg\",\"datePublished\":\"2024-01-31T17:00:47+00:00\",\"dateModified\":\"2026-01-27T21:48:33+00:00\",\"description\":\"Taillants RC GeoRocFor pour forage de roche : durabilit\u00e9, puissance de coupe et performance optimis\u00e9e pour conditions ardues.\",\"breadcrumb\":{\"@id\":\"https:\/\/georocfor.com\/fr\/produits\/taillants-de-forage-de-roche\/taillants-rc\/#breadcrumb\"},\"inLanguage\":\"fr-CA\",\"potentialAction\":[{\"@type\":\"ReadAction\",\"target\":[\"https:\/\/georocfor.com\/fr\/produits\/taillants-de-forage-de-roche\/taillants-rc\/\"]}]},{\"@type\":\"ImageObject\",\"inLanguage\":\"fr-CA\",\"@id\":\"https:\/\/georocfor.com\/fr\/produits\/taillants-de-forage-de-roche\/taillants-rc\/#primaryimage\",\"url\":\"https:\/\/georocfor.com\/wp-content\/uploads\/2025\/05\/georocfor_rc-bits.jpg\",\"contentUrl\":\"https:\/\/georocfor.com\/wp-content\/uploads\/2025\/05\/georocfor_rc-bits.jpg\",\"width\":2048,\"height\":1024,\"caption\":\"RC bits - Piece\"},{\"@type\":\"BreadcrumbList\",\"@id\":\"https:\/\/georocfor.com\/fr\/produits\/taillants-de-forage-de-roche\/taillants-rc\/#breadcrumb\",\"itemListElement\":[{\"@type\":\"ListItem\",\"position\":1,\"name\":\"Home\",\"item\":\"https:\/\/georocfor.com\/fr\/\"},{\"@type\":\"ListItem\",\"position\":2,\"name\":\"Produits\",\"item\":\"https:\/\/georocfor.com\/fr\/produits\/\"},{\"@type\":\"ListItem\",\"position\":3,\"name\":\"Taillants de forage de roche\",\"item\":\"https:\/\/georocfor.com\/fr\/produits\/taillants-de-forage-de-roche\/\"},{\"@type\":\"ListItem\",\"position\":4,\"name\":\"Taillants RC\"}]},{\"@type\":\"WebSite\",\"@id\":\"https:\/\/georocfor.com\/fr\/#website\",\"url\":\"https:\/\/georocfor.com\/fr\/\",\"name\":\"GeoRocFor\",\"description\":\"\",\"publisher\":{\"@id\":\"https:\/\/georocfor.com\/fr\/#organization\"},\"potentialAction\":[{\"@type\":\"SearchAction\",\"target\":{\"@type\":\"EntryPoint\",\"urlTemplate\":\"https:\/\/georocfor.com\/fr\/?s={search_term_string}\"},\"query-input\":{\"@type\":\"PropertyValueSpecification\",\"valueRequired\":true,\"valueName\":\"search_term_string\"}}],\"inLanguage\":\"fr-CA\"},{\"@type\":\"Organization\",\"@id\":\"https:\/\/georocfor.com\/fr\/#organization\",\"name\":\"GeoRocFor\",\"url\":\"https:\/\/georocfor.com\/fr\/\",\"logo\":{\"@type\":\"ImageObject\",\"inLanguage\":\"fr-CA\",\"@id\":\"https:\/\/georocfor.com\/fr\/#\/schema\/logo\/image\/\",\"url\":\"https:\/\/georocfor.com\/wp-content\/uploads\/2024\/03\/georocfor_logo_457x64.png\",\"contentUrl\":\"https:\/\/georocfor.com\/wp-content\/uploads\/2024\/03\/georocfor_logo_457x64.png\",\"width\":457,\"height\":64,\"caption\":\"GeoRocFor\"},\"image\":{\"@id\":\"https:\/\/georocfor.com\/fr\/#\/schema\/logo\/image\/\"}}]}<\/script>\n<!-- \/ Yoast SEO plugin. -->","yoast_head_json":{"title":"Taillants RC - GeoRocFor","description":"Taillants RC GeoRocFor pour forage de roche : durabilit\u00e9, puissance de coupe et performance optimis\u00e9e pour conditions ardues.","robots":{"index":"index","follow":"follow","max-snippet":"max-snippet:-1","max-image-preview":"max-image-preview:large","max-video-preview":"max-video-preview:-1"},"canonical":"https:\/\/georocfor.com\/fr\/produits\/taillants-de-forage-de-roche\/taillants-rc\/","og_locale":"fr_CA","og_type":"article","og_title":"Taillants RC - GeoRocFor","og_description":"Taillants RC GeoRocFor pour forage de roche : durabilit\u00e9, puissance de coupe et performance optimis\u00e9e pour conditions ardues.","og_url":"https:\/\/georocfor.com\/fr\/produits\/taillants-de-forage-de-roche\/taillants-rc\/","og_site_name":"GeoRocFor","article_modified_time":"2026-01-27T21:48:33+00:00","og_image":[{"width":2048,"height":1024,"url":"https:\/\/georocfor.com\/wp-content\/uploads\/2025\/05\/georocfor_rc-bits.jpg","type":"image\/jpeg"}],"twitter_card":"summary_large_image","twitter_misc":{"Estimation du temps de lecture":"2 minutes"},"schema":{"@context":"https:\/\/schema.org","@graph":[{"@type":"WebPage","@id":"https:\/\/georocfor.com\/fr\/produits\/taillants-de-forage-de-roche\/taillants-rc\/","url":"https:\/\/georocfor.com\/fr\/produits\/taillants-de-forage-de-roche\/taillants-rc\/","name":"Taillants RC - GeoRocFor","isPartOf":{"@id":"https:\/\/georocfor.com\/fr\/#website"},"primaryImageOfPage":{"@id":"https:\/\/georocfor.com\/fr\/produits\/taillants-de-forage-de-roche\/taillants-rc\/#primaryimage"},"image":{"@id":"https:\/\/georocfor.com\/fr\/produits\/taillants-de-forage-de-roche\/taillants-rc\/#primaryimage"},"thumbnailUrl":"https:\/\/georocfor.com\/wp-content\/uploads\/2025\/05\/georocfor_rc-bits.jpg","datePublished":"2024-01-31T17:00:47+00:00","dateModified":"2026-01-27T21:48:33+00:00","description":"Taillants RC GeoRocFor pour forage de roche : durabilit\u00e9, puissance de coupe et performance optimis\u00e9e pour conditions ardues.","breadcrumb":{"@id":"https:\/\/georocfor.com\/fr\/produits\/taillants-de-forage-de-roche\/taillants-rc\/#breadcrumb"},"inLanguage":"fr-CA","potentialAction":[{"@type":"ReadAction","target":["https:\/\/georocfor.com\/fr\/produits\/taillants-de-forage-de-roche\/taillants-rc\/"]}]},{"@type":"ImageObject","inLanguage":"fr-CA","@id":"https:\/\/georocfor.com\/fr\/produits\/taillants-de-forage-de-roche\/taillants-rc\/#primaryimage","url":"https:\/\/georocfor.com\/wp-content\/uploads\/2025\/05\/georocfor_rc-bits.jpg","contentUrl":"https:\/\/georocfor.com\/wp-content\/uploads\/2025\/05\/georocfor_rc-bits.jpg","width":2048,"height":1024,"caption":"RC bits - Piece"},{"@type":"BreadcrumbList","@id":"https:\/\/georocfor.com\/fr\/produits\/taillants-de-forage-de-roche\/taillants-rc\/#breadcrumb","itemListElement":[{"@type":"ListItem","position":1,"name":"Home","item":"https:\/\/georocfor.com\/fr\/"},{"@type":"ListItem","position":2,"name":"Produits","item":"https:\/\/georocfor.com\/fr\/produits\/"},{"@type":"ListItem","position":3,"name":"Taillants de forage de roche","item":"https:\/\/georocfor.com\/fr\/produits\/taillants-de-forage-de-roche\/"},{"@type":"ListItem","position":4,"name":"Taillants RC"}]},{"@type":"WebSite","@id":"https:\/\/georocfor.com\/fr\/#website","url":"https:\/\/georocfor.com\/fr\/","name":"GeoRocFor","description":"","publisher":{"@id":"https:\/\/georocfor.com\/fr\/#organization"},"potentialAction":[{"@type":"SearchAction","target":{"@type":"EntryPoint","urlTemplate":"https:\/\/georocfor.com\/fr\/?s={search_term_string}"},"query-input":{"@type":"PropertyValueSpecification","valueRequired":true,"valueName":"search_term_string"}}],"inLanguage":"fr-CA"},{"@type":"Organization","@id":"https:\/\/georocfor.com\/fr\/#organization","name":"GeoRocFor","url":"https:\/\/georocfor.com\/fr\/","logo":{"@type":"ImageObject","inLanguage":"fr-CA","@id":"https:\/\/georocfor.com\/fr\/#\/schema\/logo\/image\/","url":"https:\/\/georocfor.com\/wp-content\/uploads\/2024\/03\/georocfor_logo_457x64.png","contentUrl":"https:\/\/georocfor.com\/wp-content\/uploads\/2024\/03\/georocfor_logo_457x64.png","width":457,"height":64,"caption":"GeoRocFor"},"image":{"@id":"https:\/\/georocfor.com\/fr\/#\/schema\/logo\/image\/"}}]}},"jetpack_sharing_enabled":true,"_links":{"self":[{"href":"https:\/\/georocfor.com\/fr\/wp-json\/wp\/v2\/pages\/995091","targetHints":{"allow":["GET"]}}],"collection":[{"href":"https:\/\/georocfor.com\/fr\/wp-json\/wp\/v2\/pages"}],"about":[{"href":"https:\/\/georocfor.com\/fr\/wp-json\/wp\/v2\/types\/page"}],"author":[{"embeddable":true,"href":"https:\/\/georocfor.com\/fr\/wp-json\/wp\/v2\/users\/1"}],"replies":[{"embeddable":true,"href":"https:\/\/georocfor.com\/fr\/wp-json\/wp\/v2\/comments?post=995091"}],"version-history":[{"count":6,"href":"https:\/\/georocfor.com\/fr\/wp-json\/wp\/v2\/pages\/995091\/revisions"}],"predecessor-version":[{"id":995799,"href":"https:\/\/georocfor.com\/fr\/wp-json\/wp\/v2\/pages\/995091\/revisions\/995799"}],"up":[{"embeddable":true,"href":"https:\/\/georocfor.com\/fr\/wp-json\/wp\/v2\/pages\/995055"}],"wp:featuredmedia":[{"embeddable":true,"href":"https:\/\/georocfor.com\/fr\/wp-json\/wp\/v2\/media\/992637"}],"wp:attachment":[{"href":"https:\/\/georocfor.com\/fr\/wp-json\/wp\/v2\/media?parent=995091"}],"curies":[{"name":"wp","href":"https:\/\/api.w.org\/{rel}","templated":true}]}}