{"id":995089,"date":"2024-01-31T12:01:53","date_gmt":"2024-01-31T17:01:53","guid":{"rendered":"https:\/\/georocfor.com\/produits\/taillants-de-forage-de-roche\/dth-hole-openers\/"},"modified":"2026-01-27T16:44:49","modified_gmt":"2026-01-27T21:44:49","slug":"aleseur-de-trous-dth","status":"publish","type":"page","link":"https:\/\/georocfor.com\/fr\/produits\/taillants-de-forage-de-roche\/aleseur-de-trous-dth\/","title":{"rendered":"Al\u00e9seur de trous DTH"},"content":{"rendered":"<div class=\"vgblk-rw-wrapper limit-wrapper\">\r\n<h2>Al\u00e9seur de trous DTH<br \/><b> fabriqu\u00e9s avec expertise <\/b><\/h2>\r\n<p><img loading=\"lazy\" decoding=\"async\" title=\"georocfor_dth-hole-openers_1200x800\" src=\"https:\/\/georocfor.com\/wp-content\/uploads\/2025\/05\/georocfor_dth-hole-openers_1200x800.jpg\" sizes=\"auto, (max-width: 768px) 100vw, 100vw\" srcset=\"https:\/\/georocfor.com\/wp-content\/uploads\/2025\/05\/georocfor_dth-hole-openers_1200x800.jpg 1200w, https:\/\/georocfor.com\/wp-content\/uploads\/2025\/05\/georocfor_dth-hole-openers_1200x800-300x200.jpg 300w, https:\/\/georocfor.com\/wp-content\/uploads\/2025\/05\/georocfor_dth-hole-openers_1200x800-1024x683.jpg 1024w, https:\/\/georocfor.com\/wp-content\/uploads\/2025\/05\/georocfor_dth-hole-openers_1200x800-768x512.jpg 768w, https:\/\/georocfor.com\/wp-content\/uploads\/2025\/05\/georocfor_dth-hole-openers_1200x800-630x420.jpg 630w, https:\/\/georocfor.com\/wp-content\/uploads\/2025\/05\/georocfor_dth-hole-openers_1200x800-420x280.jpg 420w, https:\/\/georocfor.com\/wp-content\/uploads\/2025\/05\/georocfor_dth-hole-openers_1200x800-840x560.jpg 840w, https:\/\/georocfor.com\/wp-content\/uploads\/2025\/05\/georocfor_dth-hole-openers_1200x800-315x210.jpg 315w\" alt=\"georocfor_dth-hole-openers_1200x800\" width=\"1200\" height=\"800\" \/><\/p>\r\n<p>Les al\u00e9seurs de trous sont des outils essentiels dans le forage DTH. Ils sont principalement utilis\u00e9s pour agrandir des trous pr\u00e9alablement for\u00e9s et maintenir la rectitude du trou. Cela s&rsquo;av\u00e8re particuli\u00e8rement important dans les applications o\u00f9 des trous de plus grand diam\u00e8tre sont n\u00e9cessaires pour des op\u00e9rations sp\u00e9cifiques telles que l&rsquo;installation de tubages de grand diam\u00e8tre, le minage ou les infrastructures de services publics.<\/p>\r\n<p>Nous comprenons que chaque projet de forage poss\u00e8de des exigences uniques. C&rsquo;est pourquoi nous proposons des al\u00e9seurs de trous personnalis\u00e9s, con\u00e7us pour r\u00e9pondre \u00e0 vos besoins op\u00e9rationnels sp\u00e9cifiques. Que vous ayez besoin d&rsquo;une taille, d&rsquo;un mat\u00e9riau ou d&rsquo;un design particulier pour votre projet, nous pouvons vous offrir une solution sur mesure afin d&rsquo;optimiser l&rsquo;efficacit\u00e9 de votre forage.<\/p>\r\n<h3>Qualit\u00e9 sur laquelle vous pouvez compter<\/h3>\r\n<p>Chaque al\u00e9seur de trous que nous fabriquons passe par des contr\u00f4les de qualit\u00e9 rigoureux et des proc\u00e9dures d&rsquo;essai afin de garantir qu&rsquo;il respecte les normes de l&rsquo;industrie et qu&rsquo;il offre des performances optimales m\u00eame dans des conditions difficiles. Avec G\u00e9orocfor, vous pouvez avoir l&rsquo;assurance d&rsquo;investir dans un outil qui se distingue par sa fiabilit\u00e9 exceptionnelle, sa pr\u00e9cision et sa long\u00e9vit\u00e9.<\/p>\r\n<h2>Principaux avantages des <br \/><b> al\u00e9seurs de trous G\u00e9orocfor <\/b><\/h2>\r\n<p>Diam\u00e8tre de trou accru<\/p>\r\n<p>Les al\u00e9seurs de trous G\u00e9orocfor vous permettent d&rsquo;agrandir efficacement des trous de plus petit diam\u00e8tre vers des diam\u00e8tres plus grands, sans avoir besoin de plusieurs taillants ou d&rsquo;unit\u00e9s de forage suppl\u00e9mentaires.<\/p>\r\n<p>Vitesse de forage am\u00e9lior\u00e9e<\/p>\r\n<p>En utilisant un al\u00e9seur de trous, il est possible d&rsquo;effectuer les op\u00e9rations de forage plus rapidement qu&rsquo;avec les m\u00e9thodes traditionnelles, ce qui permet de r\u00e9duire le temps global ainsi que le co\u00fbt du projet.<\/p>\r\n<p>R\u00e9duction de l&rsquo;usure<\/p>\r\n<p>Nos al\u00e9seurs de trous sont con\u00e7us pour une durabilit\u00e9 optimale gr\u00e2ce \u00e0 des boutons et plaquettes de carbure de haute qualit\u00e9 et une construction de pr\u00e9cision, ce qui minimise l&rsquo;usure lors du forage et prolonge la dur\u00e9e de vie de l&rsquo;outil.<\/p>\r\n<p>Polyvalence<\/p>\r\n<p>Que vous travailliez dans des formations tendres ou de la roche dure, nos al\u00e9seurs de trous s&rsquo;adaptent \u00e0 diverses conditions de sol, offrant une fiabilit\u00e9 dans une grande vari\u00e9t\u00e9 d&rsquo;environnements de forage.<\/p>\r\n<p>Rentabilit\u00e9<\/p>\r\n<p>Avec les al\u00e9seurs G\u00e9orocfor, vous atteindrez la taille de trou d\u00e9sir\u00e9e sans avoir \u00e0 changer fr\u00e9quemment d&rsquo;outil, ce qui r\u00e9duit les temps d&rsquo;arr\u00eat op\u00e9rationnels et minimise le co\u00fbt par m\u00e8tre for\u00e9.<\/p>\r\n<\/div><!-- .vgblk-rw-wrapper -->","protected":false},"excerpt":{"rendered":"<p>Al\u00e9seur de trous DTH fabriqu\u00e9s avec expertise Les al\u00e9seurs de trous sont des outils essentiels dans le forage DTH. Ils sont principalement utilis\u00e9s pour agrandir des trous pr\u00e9alablement for\u00e9s et maintenir la rectitude du trou. Cela s&rsquo;av\u00e8re particuli\u00e8rement important dans les applications o\u00f9 des trous de plus grand diam\u00e8tre sont n\u00e9cessaires pour des op\u00e9rations sp\u00e9cifiques&#8230;<\/p>\n","protected":false},"author":1,"featured_media":992631,"parent":995055,"menu_order":0,"comment_status":"closed","ping_status":"closed","template":"","meta":{"_acf_changed":false,"inline_featured_image":false,"_monsterinsights_skip_tracking":false,"_monsterinsights_sitenote_active":false,"_monsterinsights_sitenote_note":"","_monsterinsights_sitenote_category":0,"footnotes":""},"class_list":["post-995089","page","type-page","status-publish","has-post-thumbnail","hentry"],"acf":[],"yoast_head":"<!-- This site is optimized with the Yoast SEO plugin v26.8 - https:\/\/yoast.com\/product\/yoast-seo-wordpress\/ -->\n<title>Al\u00e9seur de trous DTH - GeoRocFor<\/title>\n<meta name=\"description\" content=\"Al\u00e9seur de trous DTH GeoRocFor pour forage de roche : pr\u00e9cision d\u2019\u00e9largissement, efficacit\u00e9 et stabilit\u00e9 sur vos chantiers.\" \/>\n<meta name=\"robots\" content=\"index, follow, max-snippet:-1, max-image-preview:large, max-video-preview:-1\" \/>\n<link rel=\"canonical\" href=\"https:\/\/georocfor.com\/fr\/produits\/taillants-de-forage-de-roche\/aleseur-de-trous-dth\/\" \/>\n<meta property=\"og:locale\" content=\"fr_CA\" \/>\n<meta property=\"og:type\" content=\"article\" \/>\n<meta property=\"og:title\" content=\"Al\u00e9seur de trous DTH - GeoRocFor\" \/>\n<meta property=\"og:description\" content=\"Al\u00e9seur de trous DTH GeoRocFor pour forage de roche : pr\u00e9cision d\u2019\u00e9largissement, efficacit\u00e9 et stabilit\u00e9 sur vos chantiers.\" \/>\n<meta property=\"og:url\" content=\"https:\/\/georocfor.com\/fr\/produits\/taillants-de-forage-de-roche\/aleseur-de-trous-dth\/\" \/>\n<meta property=\"og:site_name\" content=\"GeoRocFor\" \/>\n<meta property=\"article:modified_time\" content=\"2026-01-27T21:44:49+00:00\" \/>\n<meta property=\"og:image\" content=\"https:\/\/georocfor.com\/wp-content\/uploads\/2025\/05\/georocfor_dth-hole-openers_1200x800.jpg\" \/>\n\t<meta property=\"og:image:width\" content=\"1200\" \/>\n\t<meta property=\"og:image:height\" content=\"800\" \/>\n\t<meta property=\"og:image:type\" content=\"image\/jpeg\" \/>\n<meta name=\"twitter:card\" content=\"summary_large_image\" \/>\n<meta name=\"twitter:label1\" content=\"Estimation du temps de lecture\" \/>\n\t<meta name=\"twitter:data1\" content=\"2 minutes\" \/>\n<script type=\"application\/ld+json\" class=\"yoast-schema-graph\">{\"@context\":\"https:\/\/schema.org\",\"@graph\":[{\"@type\":\"WebPage\",\"@id\":\"https:\/\/georocfor.com\/fr\/produits\/taillants-de-forage-de-roche\/aleseur-de-trous-dth\/\",\"url\":\"https:\/\/georocfor.com\/fr\/produits\/taillants-de-forage-de-roche\/aleseur-de-trous-dth\/\",\"name\":\"Al\u00e9seur de trous DTH - GeoRocFor\",\"isPartOf\":{\"@id\":\"https:\/\/georocfor.com\/fr\/#website\"},\"primaryImageOfPage\":{\"@id\":\"https:\/\/georocfor.com\/fr\/produits\/taillants-de-forage-de-roche\/aleseur-de-trous-dth\/#primaryimage\"},\"image\":{\"@id\":\"https:\/\/georocfor.com\/fr\/produits\/taillants-de-forage-de-roche\/aleseur-de-trous-dth\/#primaryimage\"},\"thumbnailUrl\":\"https:\/\/georocfor.com\/wp-content\/uploads\/2025\/05\/georocfor_dth-hole-openers_1200x800.jpg\",\"datePublished\":\"2024-01-31T17:01:53+00:00\",\"dateModified\":\"2026-01-27T21:44:49+00:00\",\"description\":\"Al\u00e9seur de trous DTH GeoRocFor pour forage de roche : pr\u00e9cision d\u2019\u00e9largissement, efficacit\u00e9 et stabilit\u00e9 sur vos chantiers.\",\"breadcrumb\":{\"@id\":\"https:\/\/georocfor.com\/fr\/produits\/taillants-de-forage-de-roche\/aleseur-de-trous-dth\/#breadcrumb\"},\"inLanguage\":\"fr-CA\",\"potentialAction\":[{\"@type\":\"ReadAction\",\"target\":[\"https:\/\/georocfor.com\/fr\/produits\/taillants-de-forage-de-roche\/aleseur-de-trous-dth\/\"]}]},{\"@type\":\"ImageObject\",\"inLanguage\":\"fr-CA\",\"@id\":\"https:\/\/georocfor.com\/fr\/produits\/taillants-de-forage-de-roche\/aleseur-de-trous-dth\/#primaryimage\",\"url\":\"https:\/\/georocfor.com\/wp-content\/uploads\/2025\/05\/georocfor_dth-hole-openers_1200x800.jpg\",\"contentUrl\":\"https:\/\/georocfor.com\/wp-content\/uploads\/2025\/05\/georocfor_dth-hole-openers_1200x800.jpg\",\"width\":1200,\"height\":800,\"caption\":\"DTH Hole Openers - Piece\"},{\"@type\":\"BreadcrumbList\",\"@id\":\"https:\/\/georocfor.com\/fr\/produits\/taillants-de-forage-de-roche\/aleseur-de-trous-dth\/#breadcrumb\",\"itemListElement\":[{\"@type\":\"ListItem\",\"position\":1,\"name\":\"Home\",\"item\":\"https:\/\/georocfor.com\/fr\/\"},{\"@type\":\"ListItem\",\"position\":2,\"name\":\"Produits\",\"item\":\"https:\/\/georocfor.com\/fr\/produits\/\"},{\"@type\":\"ListItem\",\"position\":3,\"name\":\"Taillants de forage de roche\",\"item\":\"https:\/\/georocfor.com\/fr\/produits\/taillants-de-forage-de-roche\/\"},{\"@type\":\"ListItem\",\"position\":4,\"name\":\"Al\u00e9seur de trous DTH\"}]},{\"@type\":\"WebSite\",\"@id\":\"https:\/\/georocfor.com\/fr\/#website\",\"url\":\"https:\/\/georocfor.com\/fr\/\",\"name\":\"GeoRocFor\",\"description\":\"\",\"publisher\":{\"@id\":\"https:\/\/georocfor.com\/fr\/#organization\"},\"potentialAction\":[{\"@type\":\"SearchAction\",\"target\":{\"@type\":\"EntryPoint\",\"urlTemplate\":\"https:\/\/georocfor.com\/fr\/?s={search_term_string}\"},\"query-input\":{\"@type\":\"PropertyValueSpecification\",\"valueRequired\":true,\"valueName\":\"search_term_string\"}}],\"inLanguage\":\"fr-CA\"},{\"@type\":\"Organization\",\"@id\":\"https:\/\/georocfor.com\/fr\/#organization\",\"name\":\"GeoRocFor\",\"url\":\"https:\/\/georocfor.com\/fr\/\",\"logo\":{\"@type\":\"ImageObject\",\"inLanguage\":\"fr-CA\",\"@id\":\"https:\/\/georocfor.com\/fr\/#\/schema\/logo\/image\/\",\"url\":\"https:\/\/georocfor.com\/wp-content\/uploads\/2024\/03\/georocfor_logo_457x64.png\",\"contentUrl\":\"https:\/\/georocfor.com\/wp-content\/uploads\/2024\/03\/georocfor_logo_457x64.png\",\"width\":457,\"height\":64,\"caption\":\"GeoRocFor\"},\"image\":{\"@id\":\"https:\/\/georocfor.com\/fr\/#\/schema\/logo\/image\/\"}}]}<\/script>\n<!-- \/ Yoast SEO plugin. -->","yoast_head_json":{"title":"Al\u00e9seur de trous DTH - GeoRocFor","description":"Al\u00e9seur de trous DTH GeoRocFor pour forage de roche : pr\u00e9cision d\u2019\u00e9largissement, efficacit\u00e9 et stabilit\u00e9 sur vos chantiers.","robots":{"index":"index","follow":"follow","max-snippet":"max-snippet:-1","max-image-preview":"max-image-preview:large","max-video-preview":"max-video-preview:-1"},"canonical":"https:\/\/georocfor.com\/fr\/produits\/taillants-de-forage-de-roche\/aleseur-de-trous-dth\/","og_locale":"fr_CA","og_type":"article","og_title":"Al\u00e9seur de trous DTH - GeoRocFor","og_description":"Al\u00e9seur de trous DTH GeoRocFor pour forage de roche : pr\u00e9cision d\u2019\u00e9largissement, efficacit\u00e9 et stabilit\u00e9 sur vos chantiers.","og_url":"https:\/\/georocfor.com\/fr\/produits\/taillants-de-forage-de-roche\/aleseur-de-trous-dth\/","og_site_name":"GeoRocFor","article_modified_time":"2026-01-27T21:44:49+00:00","og_image":[{"width":1200,"height":800,"url":"https:\/\/georocfor.com\/wp-content\/uploads\/2025\/05\/georocfor_dth-hole-openers_1200x800.jpg","type":"image\/jpeg"}],"twitter_card":"summary_large_image","twitter_misc":{"Estimation du temps de lecture":"2 minutes"},"schema":{"@context":"https:\/\/schema.org","@graph":[{"@type":"WebPage","@id":"https:\/\/georocfor.com\/fr\/produits\/taillants-de-forage-de-roche\/aleseur-de-trous-dth\/","url":"https:\/\/georocfor.com\/fr\/produits\/taillants-de-forage-de-roche\/aleseur-de-trous-dth\/","name":"Al\u00e9seur de trous DTH - GeoRocFor","isPartOf":{"@id":"https:\/\/georocfor.com\/fr\/#website"},"primaryImageOfPage":{"@id":"https:\/\/georocfor.com\/fr\/produits\/taillants-de-forage-de-roche\/aleseur-de-trous-dth\/#primaryimage"},"image":{"@id":"https:\/\/georocfor.com\/fr\/produits\/taillants-de-forage-de-roche\/aleseur-de-trous-dth\/#primaryimage"},"thumbnailUrl":"https:\/\/georocfor.com\/wp-content\/uploads\/2025\/05\/georocfor_dth-hole-openers_1200x800.jpg","datePublished":"2024-01-31T17:01:53+00:00","dateModified":"2026-01-27T21:44:49+00:00","description":"Al\u00e9seur de trous DTH GeoRocFor pour forage de roche : pr\u00e9cision d\u2019\u00e9largissement, efficacit\u00e9 et stabilit\u00e9 sur vos chantiers.","breadcrumb":{"@id":"https:\/\/georocfor.com\/fr\/produits\/taillants-de-forage-de-roche\/aleseur-de-trous-dth\/#breadcrumb"},"inLanguage":"fr-CA","potentialAction":[{"@type":"ReadAction","target":["https:\/\/georocfor.com\/fr\/produits\/taillants-de-forage-de-roche\/aleseur-de-trous-dth\/"]}]},{"@type":"ImageObject","inLanguage":"fr-CA","@id":"https:\/\/georocfor.com\/fr\/produits\/taillants-de-forage-de-roche\/aleseur-de-trous-dth\/#primaryimage","url":"https:\/\/georocfor.com\/wp-content\/uploads\/2025\/05\/georocfor_dth-hole-openers_1200x800.jpg","contentUrl":"https:\/\/georocfor.com\/wp-content\/uploads\/2025\/05\/georocfor_dth-hole-openers_1200x800.jpg","width":1200,"height":800,"caption":"DTH Hole Openers - Piece"},{"@type":"BreadcrumbList","@id":"https:\/\/georocfor.com\/fr\/produits\/taillants-de-forage-de-roche\/aleseur-de-trous-dth\/#breadcrumb","itemListElement":[{"@type":"ListItem","position":1,"name":"Home","item":"https:\/\/georocfor.com\/fr\/"},{"@type":"ListItem","position":2,"name":"Produits","item":"https:\/\/georocfor.com\/fr\/produits\/"},{"@type":"ListItem","position":3,"name":"Taillants de forage de roche","item":"https:\/\/georocfor.com\/fr\/produits\/taillants-de-forage-de-roche\/"},{"@type":"ListItem","position":4,"name":"Al\u00e9seur de trous DTH"}]},{"@type":"WebSite","@id":"https:\/\/georocfor.com\/fr\/#website","url":"https:\/\/georocfor.com\/fr\/","name":"GeoRocFor","description":"","publisher":{"@id":"https:\/\/georocfor.com\/fr\/#organization"},"potentialAction":[{"@type":"SearchAction","target":{"@type":"EntryPoint","urlTemplate":"https:\/\/georocfor.com\/fr\/?s={search_term_string}"},"query-input":{"@type":"PropertyValueSpecification","valueRequired":true,"valueName":"search_term_string"}}],"inLanguage":"fr-CA"},{"@type":"Organization","@id":"https:\/\/georocfor.com\/fr\/#organization","name":"GeoRocFor","url":"https:\/\/georocfor.com\/fr\/","logo":{"@type":"ImageObject","inLanguage":"fr-CA","@id":"https:\/\/georocfor.com\/fr\/#\/schema\/logo\/image\/","url":"https:\/\/georocfor.com\/wp-content\/uploads\/2024\/03\/georocfor_logo_457x64.png","contentUrl":"https:\/\/georocfor.com\/wp-content\/uploads\/2024\/03\/georocfor_logo_457x64.png","width":457,"height":64,"caption":"GeoRocFor"},"image":{"@id":"https:\/\/georocfor.com\/fr\/#\/schema\/logo\/image\/"}}]}},"jetpack_sharing_enabled":true,"_links":{"self":[{"href":"https:\/\/georocfor.com\/fr\/wp-json\/wp\/v2\/pages\/995089","targetHints":{"allow":["GET"]}}],"collection":[{"href":"https:\/\/georocfor.com\/fr\/wp-json\/wp\/v2\/pages"}],"about":[{"href":"https:\/\/georocfor.com\/fr\/wp-json\/wp\/v2\/types\/page"}],"author":[{"embeddable":true,"href":"https:\/\/georocfor.com\/fr\/wp-json\/wp\/v2\/users\/1"}],"replies":[{"embeddable":true,"href":"https:\/\/georocfor.com\/fr\/wp-json\/wp\/v2\/comments?post=995089"}],"version-history":[{"count":6,"href":"https:\/\/georocfor.com\/fr\/wp-json\/wp\/v2\/pages\/995089\/revisions"}],"predecessor-version":[{"id":995804,"href":"https:\/\/georocfor.com\/fr\/wp-json\/wp\/v2\/pages\/995089\/revisions\/995804"}],"up":[{"embeddable":true,"href":"https:\/\/georocfor.com\/fr\/wp-json\/wp\/v2\/pages\/995055"}],"wp:featuredmedia":[{"embeddable":true,"href":"https:\/\/georocfor.com\/fr\/wp-json\/wp\/v2\/media\/992631"}],"wp:attachment":[{"href":"https:\/\/georocfor.com\/fr\/wp-json\/wp\/v2\/media?parent=995089"}],"curies":[{"name":"wp","href":"https:\/\/api.w.org\/{rel}","templated":true}]}}