{"id":995087,"date":"2024-01-31T11:59:41","date_gmt":"2024-01-31T16:59:41","guid":{"rendered":"https:\/\/georocfor.com\/produits\/taillants-de-forage-de-roche\/bits-repair\/"},"modified":"2026-01-26T15:44:48","modified_gmt":"2026-01-26T20:44:48","slug":"reparation-de-taillants","status":"publish","type":"page","link":"https:\/\/georocfor.com\/fr\/produits\/taillants-de-forage-de-roche\/reparation-de-taillants\/","title":{"rendered":"R\u00e9paration de taillants"},"content":{"rendered":"<div class=\"vgblk-rw-wrapper limit-wrapper\">\r\n<h2>R\u00e9paration des taillants DTH <br \/><b> remplacement des boutons<br \/>en carbure <\/b><\/h2>\r\n<p>R\u00e9paration des taillants DTH : remplacement des boutons en carbure<\/p>\r\n<p>Dans le domaine du forage DTH (Down-the-Hole), la durabilit\u00e9 et la performance des taillants sont essentielles pour garantir une efficacit\u00e9 de per\u00e7age optimale. Cependant, m\u00eame en utilisant des mat\u00e9riaux de haute qualit\u00e9, les taillants DTH subissent de l&rsquo;usure \u00e0 chaque utilisation, en particulier sur les boutons en carbure. Ces boutons sont des \u00e9l\u00e9ments cl\u00e9s pour la p\u00e9n\u00e9tration de la roche et l&rsquo;efficacit\u00e9 du forage. Lorsqu&rsquo;ils deviennent us\u00e9s, la performance diminue, ce qui entra\u00eene une consommation d&rsquo;\u00e9nergie accrue, des co\u00fbts d&rsquo;exploitation plus \u00e9lev\u00e9s et une vitesse de forage r\u00e9duite. Heureusement, ces taillants peuvent \u00eatre r\u00e9par\u00e9s gr\u00e2ce \u00e0 une proc\u00e9dure sp\u00e9cialis\u00e9e permettant le remplacement des boutons en carbure, une des solutions les plus courantes et efficaces.<\/p>\r\n<h3>Pourquoi remplacer les boutons en carbure ?<\/h3>\r\n<p>Les boutons en carbure sont des inserts robustes int\u00e9gr\u00e9s \u00e0 la t\u00eate du taillant pour faciliter la p\u00e9n\u00e9tration des formations rocheuses. Ils offrent une r\u00e9sistance exceptionnelle \u00e0 l&rsquo;usure, mais au fil du temps et avec une utilisation continue, ils s&rsquo;usent, se fissurent ou se brisent, ce qui compromet la capacit\u00e9 du taillant \u00e0 forer efficacement dans la roche. Une fois que les boutons en carbure perdent leur forme, la performance du taillant est consid\u00e9rablement r\u00e9duite, entra\u00eenant une vitesse de forage plus lente, une consommation d&rsquo;\u00e9nergie accrue et des risques de dommages pour l&rsquo;\u00e9quipement environnant.<\/p>\r\n<h2><strong>Avantages <\/strong><\/h2>\r\n<h4>Am\u00e9lioration de la performance<\/h4>\r\n<p>Le remplacement des boutons en carbure est une m\u00e9thode efficace et rapide pour restaurer la performance de vos taillants DTH.<\/p>\r\n<h4>Dur\u00e9e de vie prolong\u00e9e<\/h4>\r\n<p>En rempla\u00e7ant les boutons us\u00e9s ou endommag\u00e9s, vous pouvez consid\u00e9rablement augmenter la dur\u00e9e de vie de vos taillants, am\u00e9liorer la performance de forage et r\u00e9duire les co\u00fbts d&rsquo;exploitation.<\/p>\r\n<h4>Sp\u00e9cialiste de confiance<\/h4>\r\n<p>G\u00e9orocfor offre des services de r\u00e9paration sp\u00e9cialis\u00e9s pour les taillants DTH, garantissant que vos outils continuent de fournir une performance de qualit\u00e9 sup\u00e9rieure \u00e0 une fraction du co\u00fbt d&rsquo;un \u00e9quipement neuf.<\/p>\r\n<h2>\u00c9tapes de <b>la r\u00e9paration <\/b><\/h2>\r\n<p>Inspection initiale<\/p>\r\n<p>La premi\u00e8re \u00e9tape consiste en une inspection minutieuse du taillant afin d&rsquo;\u00e9valuer l&rsquo;\u00e9tat g\u00e9n\u00e9ral des boutons de carbure. Cette inspection permet de d\u00e9terminer si un remplacement est n\u00e9cessaire et si d&rsquo;autres r\u00e9parations doivent \u00eatre effectu\u00e9es.<\/p>\r\n<p>Retrait des boutons endommag\u00e9s<\/p>\r\n<p>Une fois le besoin de remplacement confirm\u00e9, les boutons de carbure us\u00e9s ou endommag\u00e9s sont soigneusement retir\u00e9s du taillant. Cette op\u00e9ration est g\u00e9n\u00e9ralement r\u00e9alis\u00e9e \u00e0 l&rsquo;aide d&rsquo;une machine d&rsquo;\u00e9rosion \u00e0 arc \u00e9lectrique.<\/p>\r\n<p>Pr\u00e9paration de la surface<\/p>\r\n<p>Apr\u00e8s le retrait des boutons us\u00e9s, la surface du taillant est nettoy\u00e9e et pr\u00e9par\u00e9e. Cela peut inclure un usinage de pr\u00e9cision afin d&rsquo;assurer que les nouveaux boutons de carbure s&rsquo;ajustent correctement et offrent une fixation solide.<\/p>\r\n<p>Insertion des nouveaux boutons de carbure<\/p>\r\n<p>Les nouveaux boutons de carbure sont ensuite ins\u00e9r\u00e9s dans les emplacements pr\u00e9par\u00e9s.<\/p>\r\n<\/div><!-- .vgblk-rw-wrapper -->","protected":false},"excerpt":{"rendered":"<p>R\u00e9paration des taillants DTH remplacement des boutonsen carbure R\u00e9paration des taillants DTH : remplacement des boutons en carbure Dans le domaine du forage DTH (Down-the-Hole), la durabilit\u00e9 et la performance des taillants sont essentielles pour garantir une efficacit\u00e9 de per\u00e7age optimale. Cependant, m\u00eame en utilisant des mat\u00e9riaux de haute qualit\u00e9, les taillants DTH subissent de&#8230;<\/p>\n","protected":false},"author":1,"featured_media":0,"parent":995055,"menu_order":0,"comment_status":"closed","ping_status":"closed","template":"","meta":{"_acf_changed":false,"inline_featured_image":false,"_monsterinsights_skip_tracking":false,"_monsterinsights_sitenote_active":false,"_monsterinsights_sitenote_note":"","_monsterinsights_sitenote_category":0,"footnotes":""},"class_list":["post-995087","page","type-page","status-publish","hentry"],"acf":[],"yoast_head":"<!-- This site is optimized with the Yoast SEO plugin v26.8 - https:\/\/yoast.com\/product\/yoast-seo-wordpress\/ -->\n<title>R\u00e9paration de taillants - GeoRocFor<\/title>\n<meta name=\"description\" content=\"R\u00e9paration de taillants GeoRocFor pour forage de roche : remise \u00e0 neuf, performance restaur\u00e9e et optimisation de la productivit\u00e9.\" \/>\n<meta name=\"robots\" content=\"index, follow, max-snippet:-1, max-image-preview:large, max-video-preview:-1\" \/>\n<link rel=\"canonical\" href=\"https:\/\/georocfor.com\/fr\/produits\/taillants-de-forage-de-roche\/reparation-de-taillants\/\" \/>\n<meta property=\"og:locale\" content=\"fr_CA\" \/>\n<meta property=\"og:type\" content=\"article\" \/>\n<meta property=\"og:title\" content=\"R\u00e9paration de taillants - GeoRocFor\" \/>\n<meta property=\"og:description\" content=\"R\u00e9paration de taillants GeoRocFor pour forage de roche : remise \u00e0 neuf, performance restaur\u00e9e et optimisation de la productivit\u00e9.\" \/>\n<meta property=\"og:url\" content=\"https:\/\/georocfor.com\/fr\/produits\/taillants-de-forage-de-roche\/reparation-de-taillants\/\" \/>\n<meta property=\"og:site_name\" content=\"GeoRocFor\" \/>\n<meta property=\"article:modified_time\" content=\"2026-01-26T20:44:48+00:00\" \/>\n<meta name=\"twitter:card\" content=\"summary_large_image\" \/>\n<meta name=\"twitter:label1\" content=\"Estimation du temps de lecture\" \/>\n\t<meta name=\"twitter:data1\" content=\"3 minutes\" \/>\n<script type=\"application\/ld+json\" class=\"yoast-schema-graph\">{\"@context\":\"https:\/\/schema.org\",\"@graph\":[{\"@type\":\"WebPage\",\"@id\":\"https:\/\/georocfor.com\/fr\/produits\/taillants-de-forage-de-roche\/reparation-de-taillants\/\",\"url\":\"https:\/\/georocfor.com\/fr\/produits\/taillants-de-forage-de-roche\/reparation-de-taillants\/\",\"name\":\"R\u00e9paration de taillants - GeoRocFor\",\"isPartOf\":{\"@id\":\"https:\/\/georocfor.com\/fr\/#website\"},\"datePublished\":\"2024-01-31T16:59:41+00:00\",\"dateModified\":\"2026-01-26T20:44:48+00:00\",\"description\":\"R\u00e9paration de taillants GeoRocFor pour forage de roche : remise \u00e0 neuf, performance restaur\u00e9e et optimisation de la productivit\u00e9.\",\"breadcrumb\":{\"@id\":\"https:\/\/georocfor.com\/fr\/produits\/taillants-de-forage-de-roche\/reparation-de-taillants\/#breadcrumb\"},\"inLanguage\":\"fr-CA\",\"potentialAction\":[{\"@type\":\"ReadAction\",\"target\":[\"https:\/\/georocfor.com\/fr\/produits\/taillants-de-forage-de-roche\/reparation-de-taillants\/\"]}]},{\"@type\":\"BreadcrumbList\",\"@id\":\"https:\/\/georocfor.com\/fr\/produits\/taillants-de-forage-de-roche\/reparation-de-taillants\/#breadcrumb\",\"itemListElement\":[{\"@type\":\"ListItem\",\"position\":1,\"name\":\"Home\",\"item\":\"https:\/\/georocfor.com\/fr\/\"},{\"@type\":\"ListItem\",\"position\":2,\"name\":\"Produits\",\"item\":\"https:\/\/georocfor.com\/fr\/produits\/\"},{\"@type\":\"ListItem\",\"position\":3,\"name\":\"Taillants de forage de roche\",\"item\":\"https:\/\/georocfor.com\/fr\/produits\/taillants-de-forage-de-roche\/\"},{\"@type\":\"ListItem\",\"position\":4,\"name\":\"R\u00e9paration de taillants\"}]},{\"@type\":\"WebSite\",\"@id\":\"https:\/\/georocfor.com\/fr\/#website\",\"url\":\"https:\/\/georocfor.com\/fr\/\",\"name\":\"GeoRocFor\",\"description\":\"\",\"publisher\":{\"@id\":\"https:\/\/georocfor.com\/fr\/#organization\"},\"potentialAction\":[{\"@type\":\"SearchAction\",\"target\":{\"@type\":\"EntryPoint\",\"urlTemplate\":\"https:\/\/georocfor.com\/fr\/?s={search_term_string}\"},\"query-input\":{\"@type\":\"PropertyValueSpecification\",\"valueRequired\":true,\"valueName\":\"search_term_string\"}}],\"inLanguage\":\"fr-CA\"},{\"@type\":\"Organization\",\"@id\":\"https:\/\/georocfor.com\/fr\/#organization\",\"name\":\"GeoRocFor\",\"url\":\"https:\/\/georocfor.com\/fr\/\",\"logo\":{\"@type\":\"ImageObject\",\"inLanguage\":\"fr-CA\",\"@id\":\"https:\/\/georocfor.com\/fr\/#\/schema\/logo\/image\/\",\"url\":\"https:\/\/georocfor.com\/wp-content\/uploads\/2024\/03\/georocfor_logo_457x64.png\",\"contentUrl\":\"https:\/\/georocfor.com\/wp-content\/uploads\/2024\/03\/georocfor_logo_457x64.png\",\"width\":457,\"height\":64,\"caption\":\"GeoRocFor\"},\"image\":{\"@id\":\"https:\/\/georocfor.com\/fr\/#\/schema\/logo\/image\/\"}}]}<\/script>\n<!-- \/ Yoast SEO plugin. -->","yoast_head_json":{"title":"R\u00e9paration de taillants - GeoRocFor","description":"R\u00e9paration de taillants GeoRocFor pour forage de roche : remise \u00e0 neuf, performance restaur\u00e9e et optimisation de la productivit\u00e9.","robots":{"index":"index","follow":"follow","max-snippet":"max-snippet:-1","max-image-preview":"max-image-preview:large","max-video-preview":"max-video-preview:-1"},"canonical":"https:\/\/georocfor.com\/fr\/produits\/taillants-de-forage-de-roche\/reparation-de-taillants\/","og_locale":"fr_CA","og_type":"article","og_title":"R\u00e9paration de taillants - GeoRocFor","og_description":"R\u00e9paration de taillants GeoRocFor pour forage de roche : remise \u00e0 neuf, performance restaur\u00e9e et optimisation de la productivit\u00e9.","og_url":"https:\/\/georocfor.com\/fr\/produits\/taillants-de-forage-de-roche\/reparation-de-taillants\/","og_site_name":"GeoRocFor","article_modified_time":"2026-01-26T20:44:48+00:00","twitter_card":"summary_large_image","twitter_misc":{"Estimation du temps de lecture":"3 minutes"},"schema":{"@context":"https:\/\/schema.org","@graph":[{"@type":"WebPage","@id":"https:\/\/georocfor.com\/fr\/produits\/taillants-de-forage-de-roche\/reparation-de-taillants\/","url":"https:\/\/georocfor.com\/fr\/produits\/taillants-de-forage-de-roche\/reparation-de-taillants\/","name":"R\u00e9paration de taillants - GeoRocFor","isPartOf":{"@id":"https:\/\/georocfor.com\/fr\/#website"},"datePublished":"2024-01-31T16:59:41+00:00","dateModified":"2026-01-26T20:44:48+00:00","description":"R\u00e9paration de taillants GeoRocFor pour forage de roche : remise \u00e0 neuf, performance restaur\u00e9e et optimisation de la productivit\u00e9.","breadcrumb":{"@id":"https:\/\/georocfor.com\/fr\/produits\/taillants-de-forage-de-roche\/reparation-de-taillants\/#breadcrumb"},"inLanguage":"fr-CA","potentialAction":[{"@type":"ReadAction","target":["https:\/\/georocfor.com\/fr\/produits\/taillants-de-forage-de-roche\/reparation-de-taillants\/"]}]},{"@type":"BreadcrumbList","@id":"https:\/\/georocfor.com\/fr\/produits\/taillants-de-forage-de-roche\/reparation-de-taillants\/#breadcrumb","itemListElement":[{"@type":"ListItem","position":1,"name":"Home","item":"https:\/\/georocfor.com\/fr\/"},{"@type":"ListItem","position":2,"name":"Produits","item":"https:\/\/georocfor.com\/fr\/produits\/"},{"@type":"ListItem","position":3,"name":"Taillants de forage de roche","item":"https:\/\/georocfor.com\/fr\/produits\/taillants-de-forage-de-roche\/"},{"@type":"ListItem","position":4,"name":"R\u00e9paration de taillants"}]},{"@type":"WebSite","@id":"https:\/\/georocfor.com\/fr\/#website","url":"https:\/\/georocfor.com\/fr\/","name":"GeoRocFor","description":"","publisher":{"@id":"https:\/\/georocfor.com\/fr\/#organization"},"potentialAction":[{"@type":"SearchAction","target":{"@type":"EntryPoint","urlTemplate":"https:\/\/georocfor.com\/fr\/?s={search_term_string}"},"query-input":{"@type":"PropertyValueSpecification","valueRequired":true,"valueName":"search_term_string"}}],"inLanguage":"fr-CA"},{"@type":"Organization","@id":"https:\/\/georocfor.com\/fr\/#organization","name":"GeoRocFor","url":"https:\/\/georocfor.com\/fr\/","logo":{"@type":"ImageObject","inLanguage":"fr-CA","@id":"https:\/\/georocfor.com\/fr\/#\/schema\/logo\/image\/","url":"https:\/\/georocfor.com\/wp-content\/uploads\/2024\/03\/georocfor_logo_457x64.png","contentUrl":"https:\/\/georocfor.com\/wp-content\/uploads\/2024\/03\/georocfor_logo_457x64.png","width":457,"height":64,"caption":"GeoRocFor"},"image":{"@id":"https:\/\/georocfor.com\/fr\/#\/schema\/logo\/image\/"}}]}},"jetpack_sharing_enabled":true,"_links":{"self":[{"href":"https:\/\/georocfor.com\/fr\/wp-json\/wp\/v2\/pages\/995087","targetHints":{"allow":["GET"]}}],"collection":[{"href":"https:\/\/georocfor.com\/fr\/wp-json\/wp\/v2\/pages"}],"about":[{"href":"https:\/\/georocfor.com\/fr\/wp-json\/wp\/v2\/types\/page"}],"author":[{"embeddable":true,"href":"https:\/\/georocfor.com\/fr\/wp-json\/wp\/v2\/users\/1"}],"replies":[{"embeddable":true,"href":"https:\/\/georocfor.com\/fr\/wp-json\/wp\/v2\/comments?post=995087"}],"version-history":[{"count":5,"href":"https:\/\/georocfor.com\/fr\/wp-json\/wp\/v2\/pages\/995087\/revisions"}],"predecessor-version":[{"id":995803,"href":"https:\/\/georocfor.com\/fr\/wp-json\/wp\/v2\/pages\/995087\/revisions\/995803"}],"up":[{"embeddable":true,"href":"https:\/\/georocfor.com\/fr\/wp-json\/wp\/v2\/pages\/995055"}],"wp:attachment":[{"href":"https:\/\/georocfor.com\/fr\/wp-json\/wp\/v2\/media?parent=995087"}],"curies":[{"name":"wp","href":"https:\/\/api.w.org\/{rel}","templated":true}]}}