{"id":995085,"date":"2024-03-27T08:49:47","date_gmt":"2024-03-27T12:49:47","guid":{"rendered":"https:\/\/georocfor.com\/produits\/systemes-de-tubage-a-lavancement\/xs-w-system\/"},"modified":"2026-01-28T07:56:18","modified_gmt":"2026-01-28T12:56:18","slug":"systeme-xs-w-system","status":"publish","type":"page","link":"https:\/\/georocfor.com\/fr\/produits\/systemes-de-tubage-a-lavancement\/systeme-xs-w-system\/","title":{"rendered":"Syst\u00e8me Xs W"},"content":{"rendered":"<div class=\"vgblk-rw-wrapper limit-wrapper\">\r\n<h2>Description <br \/><b>Xs W<\/b><\/h2>\r\n<p><strong>Lorsque la performance compte, les professionnels font confiance aux syst\u00e8mes de forage G\u00e9oRocFor pour leurs taux de p\u00e9n\u00e9tration sup\u00e9rieurs, leur dur\u00e9e de vie prolong\u00e9e et leur fiabilit\u00e9 in\u00e9gal\u00e9e. <\/strong><\/p>\r\n<p>Con\u00e7us au Canada avec une pr\u00e9cision de pointe, les taillants \u00e0 ailettes G\u00e9oRocFor sont optimis\u00e9s pour maximiser l&rsquo;efficacit\u00e9 du forage dans des roches tendres \u00e0 moyennement dures. La g\u00e9om\u00e9trie unique en forme d&rsquo;ailette assure un fonctionnement plus r\u00e9gulier, r\u00e9duit les vibrations et produit des trous de forage plus droits, ce qui vous permet de terminer le travail plus rapidement tout en minimisant l&rsquo;usure de l&rsquo;\u00e9quipement.<\/p>\r\n<p>Toutefois, pour les applications plus exigeantes &#8211; telles que la roche dure, les terrains mixtes, ou lorsque la pr\u00e9cision et le contr\u00f4le du surcreusement sont essentiels &#8211; les syst\u00e8mes de forage concentriques, comme les syst\u00e8mes de tubage \u00e0 l&rsquo;avancement G\u00e9oRocFor, offrent de meilleures performances. Les syst\u00e8mes concentriques assurent un alignement sup\u00e9rieur, un contact complet avec la face et un transfert d&rsquo;\u00e9nergie optimal, ce qui en fait le choix privil\u00e9gi\u00e9 dans les environnements les plus exigeants.<\/p>\r\n<h2>Voir les produits du<br \/><b>syst\u00e8me Xs W<\/b><\/h2>\r\n<p>Xs W 5,500\u2033 &#8211; 9,625\u2033 (139.7mm &#8211; 244.5mm)<\/p>\r\n<p><a role=\"button\" href=\"https:\/\/georocfor.com\/fr\/produits\/systemes-de-tubage-a-lavancement\/systeme-xs-w-system\/xs-w-5500-139-7mm-a-9625-244-5mm\/\" target=\"_self\"> Voir le produit <\/a><\/p>\r\n<p>Xs W 10,750\u2033 &#8211; 18,000\u2033 (273mm &#8211; 457.2mm)<\/p>\r\n<p><a role=\"button\" href=\"https:\/\/georocfor.com\/fr\/produits\/systemes-de-tubage-a-lavancement\/systeme-xs-w-system\/xs-w-10750-273mm-a-18000-457-2mm\/\" target=\"_self\"> Voir le produit <\/a><\/p>\r\n<p>Xs W 20,000\u2033 &#8211; 24,000\u2033 (508mm &#8211; 609.6mm)<\/p>\r\n<p><a role=\"button\" href=\"https:\/\/georocfor.com\/fr\/produits\/systemes-de-tubage-a-lavancement\/systeme-xs-w-system\/xs-w-20000-508mm-a-24000-609-6mm\/\" target=\"_self\"> Voir le produit <\/a><\/p>\r\n<\/div><!-- .vgblk-rw-wrapper -->","protected":false},"excerpt":{"rendered":"<p>Description Xs W Lorsque la performance compte, les professionnels font confiance aux syst\u00e8mes de forage G\u00e9oRocFor pour leurs taux de p\u00e9n\u00e9tration sup\u00e9rieurs, leur dur\u00e9e de vie prolong\u00e9e et leur fiabilit\u00e9 in\u00e9gal\u00e9e. Con\u00e7us au Canada avec une pr\u00e9cision de pointe, les taillants \u00e0 ailettes G\u00e9oRocFor sont optimis\u00e9s pour maximiser l&rsquo;efficacit\u00e9 du forage dans des roches tendres&#8230;<\/p>\n","protected":false},"author":1,"featured_media":992427,"parent":995043,"menu_order":0,"comment_status":"closed","ping_status":"closed","template":"","meta":{"_acf_changed":false,"inline_featured_image":false,"_monsterinsights_skip_tracking":false,"_monsterinsights_sitenote_active":false,"_monsterinsights_sitenote_note":"","_monsterinsights_sitenote_category":0,"footnotes":""},"class_list":["post-995085","page","type-page","status-publish","has-post-thumbnail","hentry"],"acf":[],"yoast_head":"<!-- This site is optimized with the Yoast SEO plugin v26.8 - https:\/\/yoast.com\/product\/yoast-seo-wordpress\/ -->\n<title>Syst\u00e8me Xs W - GeoRocFor<\/title>\n<meta name=\"description\" content=\"Syst\u00e8me XS-W GeoRocFor pour tubage \u00e0 l\u2019avancement : pr\u00e9cision, durabilit\u00e9 et optimisation des op\u00e9rations de forage profond.\" \/>\n<meta name=\"robots\" content=\"index, follow, max-snippet:-1, max-image-preview:large, max-video-preview:-1\" \/>\n<link rel=\"canonical\" href=\"https:\/\/georocfor.com\/fr\/produits\/systemes-de-tubage-a-lavancement\/systeme-xs-w-system\/\" \/>\n<meta property=\"og:locale\" content=\"fr_CA\" \/>\n<meta property=\"og:type\" content=\"article\" \/>\n<meta property=\"og:title\" content=\"Syst\u00e8me Xs W - GeoRocFor\" \/>\n<meta property=\"og:description\" content=\"Syst\u00e8me XS-W GeoRocFor pour tubage \u00e0 l\u2019avancement : pr\u00e9cision, durabilit\u00e9 et optimisation des op\u00e9rations de forage profond.\" \/>\n<meta property=\"og:url\" content=\"https:\/\/georocfor.com\/fr\/produits\/systemes-de-tubage-a-lavancement\/systeme-xs-w-system\/\" \/>\n<meta property=\"og:site_name\" content=\"GeoRocFor\" \/>\n<meta property=\"article:modified_time\" content=\"2026-01-28T12:56:18+00:00\" \/>\n<meta property=\"og:image\" content=\"https:\/\/georocfor.com\/wp-content\/uploads\/2024\/08\/georocfor_casing-systems_xs-w_200x355.jpg\" \/>\n\t<meta property=\"og:image:width\" content=\"355\" \/>\n\t<meta property=\"og:image:height\" content=\"200\" \/>\n\t<meta property=\"og:image:type\" content=\"image\/jpeg\" \/>\n<meta name=\"twitter:card\" content=\"summary_large_image\" \/>\n<meta name=\"twitter:label1\" content=\"Estimation du temps de lecture\" \/>\n\t<meta name=\"twitter:data1\" content=\"1 minute\" \/>\n<script type=\"application\/ld+json\" class=\"yoast-schema-graph\">{\"@context\":\"https:\/\/schema.org\",\"@graph\":[{\"@type\":\"WebPage\",\"@id\":\"https:\/\/georocfor.com\/fr\/produits\/systemes-de-tubage-a-lavancement\/systeme-xs-w-system\/\",\"url\":\"https:\/\/georocfor.com\/fr\/produits\/systemes-de-tubage-a-lavancement\/systeme-xs-w-system\/\",\"name\":\"Syst\u00e8me Xs W - GeoRocFor\",\"isPartOf\":{\"@id\":\"https:\/\/georocfor.com\/fr\/#website\"},\"primaryImageOfPage\":{\"@id\":\"https:\/\/georocfor.com\/fr\/produits\/systemes-de-tubage-a-lavancement\/systeme-xs-w-system\/#primaryimage\"},\"image\":{\"@id\":\"https:\/\/georocfor.com\/fr\/produits\/systemes-de-tubage-a-lavancement\/systeme-xs-w-system\/#primaryimage\"},\"thumbnailUrl\":\"https:\/\/georocfor.com\/wp-content\/uploads\/2024\/08\/georocfor_casing-systems_xs-w_200x355.jpg\",\"datePublished\":\"2024-03-27T12:49:47+00:00\",\"dateModified\":\"2026-01-28T12:56:18+00:00\",\"description\":\"Syst\u00e8me XS-W GeoRocFor pour tubage \u00e0 l\u2019avancement : pr\u00e9cision, durabilit\u00e9 et optimisation des op\u00e9rations de forage profond.\",\"breadcrumb\":{\"@id\":\"https:\/\/georocfor.com\/fr\/produits\/systemes-de-tubage-a-lavancement\/systeme-xs-w-system\/#breadcrumb\"},\"inLanguage\":\"fr-CA\",\"potentialAction\":[{\"@type\":\"ReadAction\",\"target\":[\"https:\/\/georocfor.com\/fr\/produits\/systemes-de-tubage-a-lavancement\/systeme-xs-w-system\/\"]}]},{\"@type\":\"ImageObject\",\"inLanguage\":\"fr-CA\",\"@id\":\"https:\/\/georocfor.com\/fr\/produits\/systemes-de-tubage-a-lavancement\/systeme-xs-w-system\/#primaryimage\",\"url\":\"https:\/\/georocfor.com\/wp-content\/uploads\/2024\/08\/georocfor_casing-systems_xs-w_200x355.jpg\",\"contentUrl\":\"https:\/\/georocfor.com\/wp-content\/uploads\/2024\/08\/georocfor_casing-systems_xs-w_200x355.jpg\",\"width\":355,\"height\":200,\"caption\":\"Syst\u00e8mes de tubage \u00e0 l'avancement - Xs W\"},{\"@type\":\"BreadcrumbList\",\"@id\":\"https:\/\/georocfor.com\/fr\/produits\/systemes-de-tubage-a-lavancement\/systeme-xs-w-system\/#breadcrumb\",\"itemListElement\":[{\"@type\":\"ListItem\",\"position\":1,\"name\":\"Home\",\"item\":\"https:\/\/georocfor.com\/fr\/\"},{\"@type\":\"ListItem\",\"position\":2,\"name\":\"Produits\",\"item\":\"https:\/\/georocfor.com\/fr\/produits\/\"},{\"@type\":\"ListItem\",\"position\":3,\"name\":\"Syst\u00e8mes de tubage \u00e0 l\u2019avancement\",\"item\":\"https:\/\/georocfor.com\/fr\/produits\/systemes-de-tubage-a-lavancement\/\"},{\"@type\":\"ListItem\",\"position\":4,\"name\":\"Syst\u00e8me Xs W\"}]},{\"@type\":\"WebSite\",\"@id\":\"https:\/\/georocfor.com\/fr\/#website\",\"url\":\"https:\/\/georocfor.com\/fr\/\",\"name\":\"GeoRocFor\",\"description\":\"\",\"publisher\":{\"@id\":\"https:\/\/georocfor.com\/fr\/#organization\"},\"potentialAction\":[{\"@type\":\"SearchAction\",\"target\":{\"@type\":\"EntryPoint\",\"urlTemplate\":\"https:\/\/georocfor.com\/fr\/?s={search_term_string}\"},\"query-input\":{\"@type\":\"PropertyValueSpecification\",\"valueRequired\":true,\"valueName\":\"search_term_string\"}}],\"inLanguage\":\"fr-CA\"},{\"@type\":\"Organization\",\"@id\":\"https:\/\/georocfor.com\/fr\/#organization\",\"name\":\"GeoRocFor\",\"url\":\"https:\/\/georocfor.com\/fr\/\",\"logo\":{\"@type\":\"ImageObject\",\"inLanguage\":\"fr-CA\",\"@id\":\"https:\/\/georocfor.com\/fr\/#\/schema\/logo\/image\/\",\"url\":\"https:\/\/georocfor.com\/wp-content\/uploads\/2024\/03\/georocfor_logo_457x64.png\",\"contentUrl\":\"https:\/\/georocfor.com\/wp-content\/uploads\/2024\/03\/georocfor_logo_457x64.png\",\"width\":457,\"height\":64,\"caption\":\"GeoRocFor\"},\"image\":{\"@id\":\"https:\/\/georocfor.com\/fr\/#\/schema\/logo\/image\/\"}}]}<\/script>\n<!-- \/ Yoast SEO plugin. -->","yoast_head_json":{"title":"Syst\u00e8me Xs W - GeoRocFor","description":"Syst\u00e8me XS-W GeoRocFor pour tubage \u00e0 l\u2019avancement : pr\u00e9cision, durabilit\u00e9 et optimisation des op\u00e9rations de forage profond.","robots":{"index":"index","follow":"follow","max-snippet":"max-snippet:-1","max-image-preview":"max-image-preview:large","max-video-preview":"max-video-preview:-1"},"canonical":"https:\/\/georocfor.com\/fr\/produits\/systemes-de-tubage-a-lavancement\/systeme-xs-w-system\/","og_locale":"fr_CA","og_type":"article","og_title":"Syst\u00e8me Xs W - GeoRocFor","og_description":"Syst\u00e8me XS-W GeoRocFor pour tubage \u00e0 l\u2019avancement : pr\u00e9cision, durabilit\u00e9 et optimisation des op\u00e9rations de forage profond.","og_url":"https:\/\/georocfor.com\/fr\/produits\/systemes-de-tubage-a-lavancement\/systeme-xs-w-system\/","og_site_name":"GeoRocFor","article_modified_time":"2026-01-28T12:56:18+00:00","og_image":[{"width":355,"height":200,"url":"https:\/\/georocfor.com\/wp-content\/uploads\/2024\/08\/georocfor_casing-systems_xs-w_200x355.jpg","type":"image\/jpeg"}],"twitter_card":"summary_large_image","twitter_misc":{"Estimation du temps de lecture":"1 minute"},"schema":{"@context":"https:\/\/schema.org","@graph":[{"@type":"WebPage","@id":"https:\/\/georocfor.com\/fr\/produits\/systemes-de-tubage-a-lavancement\/systeme-xs-w-system\/","url":"https:\/\/georocfor.com\/fr\/produits\/systemes-de-tubage-a-lavancement\/systeme-xs-w-system\/","name":"Syst\u00e8me Xs W - GeoRocFor","isPartOf":{"@id":"https:\/\/georocfor.com\/fr\/#website"},"primaryImageOfPage":{"@id":"https:\/\/georocfor.com\/fr\/produits\/systemes-de-tubage-a-lavancement\/systeme-xs-w-system\/#primaryimage"},"image":{"@id":"https:\/\/georocfor.com\/fr\/produits\/systemes-de-tubage-a-lavancement\/systeme-xs-w-system\/#primaryimage"},"thumbnailUrl":"https:\/\/georocfor.com\/wp-content\/uploads\/2024\/08\/georocfor_casing-systems_xs-w_200x355.jpg","datePublished":"2024-03-27T12:49:47+00:00","dateModified":"2026-01-28T12:56:18+00:00","description":"Syst\u00e8me XS-W GeoRocFor pour tubage \u00e0 l\u2019avancement : pr\u00e9cision, durabilit\u00e9 et optimisation des op\u00e9rations de forage profond.","breadcrumb":{"@id":"https:\/\/georocfor.com\/fr\/produits\/systemes-de-tubage-a-lavancement\/systeme-xs-w-system\/#breadcrumb"},"inLanguage":"fr-CA","potentialAction":[{"@type":"ReadAction","target":["https:\/\/georocfor.com\/fr\/produits\/systemes-de-tubage-a-lavancement\/systeme-xs-w-system\/"]}]},{"@type":"ImageObject","inLanguage":"fr-CA","@id":"https:\/\/georocfor.com\/fr\/produits\/systemes-de-tubage-a-lavancement\/systeme-xs-w-system\/#primaryimage","url":"https:\/\/georocfor.com\/wp-content\/uploads\/2024\/08\/georocfor_casing-systems_xs-w_200x355.jpg","contentUrl":"https:\/\/georocfor.com\/wp-content\/uploads\/2024\/08\/georocfor_casing-systems_xs-w_200x355.jpg","width":355,"height":200,"caption":"Syst\u00e8mes de tubage \u00e0 l'avancement - Xs W"},{"@type":"BreadcrumbList","@id":"https:\/\/georocfor.com\/fr\/produits\/systemes-de-tubage-a-lavancement\/systeme-xs-w-system\/#breadcrumb","itemListElement":[{"@type":"ListItem","position":1,"name":"Home","item":"https:\/\/georocfor.com\/fr\/"},{"@type":"ListItem","position":2,"name":"Produits","item":"https:\/\/georocfor.com\/fr\/produits\/"},{"@type":"ListItem","position":3,"name":"Syst\u00e8mes de tubage \u00e0 l\u2019avancement","item":"https:\/\/georocfor.com\/fr\/produits\/systemes-de-tubage-a-lavancement\/"},{"@type":"ListItem","position":4,"name":"Syst\u00e8me Xs W"}]},{"@type":"WebSite","@id":"https:\/\/georocfor.com\/fr\/#website","url":"https:\/\/georocfor.com\/fr\/","name":"GeoRocFor","description":"","publisher":{"@id":"https:\/\/georocfor.com\/fr\/#organization"},"potentialAction":[{"@type":"SearchAction","target":{"@type":"EntryPoint","urlTemplate":"https:\/\/georocfor.com\/fr\/?s={search_term_string}"},"query-input":{"@type":"PropertyValueSpecification","valueRequired":true,"valueName":"search_term_string"}}],"inLanguage":"fr-CA"},{"@type":"Organization","@id":"https:\/\/georocfor.com\/fr\/#organization","name":"GeoRocFor","url":"https:\/\/georocfor.com\/fr\/","logo":{"@type":"ImageObject","inLanguage":"fr-CA","@id":"https:\/\/georocfor.com\/fr\/#\/schema\/logo\/image\/","url":"https:\/\/georocfor.com\/wp-content\/uploads\/2024\/03\/georocfor_logo_457x64.png","contentUrl":"https:\/\/georocfor.com\/wp-content\/uploads\/2024\/03\/georocfor_logo_457x64.png","width":457,"height":64,"caption":"GeoRocFor"},"image":{"@id":"https:\/\/georocfor.com\/fr\/#\/schema\/logo\/image\/"}}]}},"jetpack_sharing_enabled":true,"_links":{"self":[{"href":"https:\/\/georocfor.com\/fr\/wp-json\/wp\/v2\/pages\/995085","targetHints":{"allow":["GET"]}}],"collection":[{"href":"https:\/\/georocfor.com\/fr\/wp-json\/wp\/v2\/pages"}],"about":[{"href":"https:\/\/georocfor.com\/fr\/wp-json\/wp\/v2\/types\/page"}],"author":[{"embeddable":true,"href":"https:\/\/georocfor.com\/fr\/wp-json\/wp\/v2\/users\/1"}],"replies":[{"embeddable":true,"href":"https:\/\/georocfor.com\/fr\/wp-json\/wp\/v2\/comments?post=995085"}],"version-history":[{"count":5,"href":"https:\/\/georocfor.com\/fr\/wp-json\/wp\/v2\/pages\/995085\/revisions"}],"predecessor-version":[{"id":995807,"href":"https:\/\/georocfor.com\/fr\/wp-json\/wp\/v2\/pages\/995085\/revisions\/995807"}],"up":[{"embeddable":true,"href":"https:\/\/georocfor.com\/fr\/wp-json\/wp\/v2\/pages\/995043"}],"wp:featuredmedia":[{"embeddable":true,"href":"https:\/\/georocfor.com\/fr\/wp-json\/wp\/v2\/media\/992427"}],"wp:attachment":[{"href":"https:\/\/georocfor.com\/fr\/wp-json\/wp\/v2\/media?parent=995085"}],"curies":[{"name":"wp","href":"https:\/\/api.w.org\/{rel}","templated":true}]}}