{"id":995083,"date":"2024-03-26T15:23:14","date_gmt":"2024-03-26T19:23:14","guid":{"rendered":"https:\/\/georocfor.com\/produits\/systemes-de-tubage-a-lavancement\/xs-t-v2-0-system\/"},"modified":"2026-01-27T16:28:07","modified_gmt":"2026-01-27T21:28:07","slug":"systeme-xs-t-v2-0","status":"publish","type":"page","link":"https:\/\/georocfor.com\/fr\/produits\/systemes-de-tubage-a-lavancement\/systeme-xs-t-v2-0\/","title":{"rendered":"Syst\u00e8me Xs T v2.0"},"content":{"rendered":"<div class=\"vgblk-rw-wrapper limit-wrapper\">\r\n<h2>Description <br \/><b>Xs T V2.0 <\/b><\/h2>\r\n<p><strong>Le syst\u00e8me Xs T V2.0 peut \u00eatre utilis\u00e9 avec n&rsquo;importe quelle taille de tubage, mais il est principalement con\u00e7u pour les tubages \u00e0 paroi \u00e9paisse. <\/strong><\/p>\r\n<p>Le syst\u00e8me Xs T V2.0 poss\u00e8de quatre (4) rainures permettant de transmettre directement l&rsquo;impact du marteau \u00e0 la couronne, procurant ainsi la force n\u00e9cessaire pour forer et descendre le tubage. Les v\u00e9roux (m\u00e9canisme de verrouillage) sont plus grands et offrent une surface d&rsquo;impact sup\u00e9rieure, ce qui augmente consid\u00e9rablement la dur\u00e9e de vie du syst\u00e8me. Selon le mod\u00e8le, la surface d&rsquo;impact peut \u00eatre augment\u00e9e jusqu&rsquo;\u00e0 quatre fois par rapport \u00e0 la version standard. La couronne est \u00e9quip\u00e9e d&rsquo;un assemblage \u00e0 emboitement qui s&rsquo;adapte sur le tubage pour am\u00e9liorer l&rsquo;alignement lors du soudage. Le diam\u00e8tre de forage dans le substrat rocheux sera l\u00e9g\u00e8rement r\u00e9duit par rapport aux syst\u00e8mes de forage Xs de premi\u00e8re g\u00e9n\u00e9ration.<\/p>\r\n<h2>Voir les produits du <br \/><b>syst\u00e8me Xs T V2.0 <\/b><\/h2>\r\n<p>Xs T V2.0 4,500\u2033 &#8211; 5,500\u2033 (114.3mm &#8211; 139.7mm)<\/p>\r\n<p><a role=\"button\" href=\"https:\/\/georocfor.com\/fr\/produits\/systemes-de-tubage-a-lavancement\/systeme-xs-t-v2-0\/xs-t-v2-0-4500-114-3mm-a-5500-139-7mm\/\" target=\"_self\"> Voir le produit <\/a><\/p>\r\n<p>Xs T V2.0 6,000\u2033 &#8211; 7,000\u2033 (152.4mm &#8211; 177.8mm)<\/p>\r\n<p><a role=\"button\" href=\"https:\/\/georocfor.com\/fr\/produits\/systemes-de-tubage-a-lavancement\/systeme-xs-t-v2-0\/xs-t-v2-0-6000-152-4mm-a-7000-177-8mm\/\" target=\"_self\"> Voir le produit <\/a><\/p>\r\n<p>Xs T V2.0 7,625\u2033- 9,625\u2033 (194.7mm &#8211; 244.5mm)<\/p>\r\n<p><a role=\"button\" href=\"https:\/\/georocfor.com\/fr\/produits\/systemes-de-tubage-a-lavancement\/systeme-xs-t-v2-0\/xs-t-v2-0-7625-194-7mm-a-9625-244-5mm\/\" target=\"_self\"> Voir le produit <\/a><\/p>\r\n<p>Xs T V2.0 10,750\u2033\u2033 &#8211; 14,000\u2033 (273mm &#8211; 355.6mm)<\/p>\r\n<p><a role=\"button\" href=\"https:\/\/georocfor.com\/fr\/produits\/systemes-de-tubage-a-lavancement\/systeme-xs-t-v2-0\/xs-t-v2-0-10750-273mm-a-14000-355-6mm\/\" target=\"_self\"> Voir le produit <\/a><\/p>\r\n<p>Xs T V2.0 16,000\u2033 &#8211; 18,000\u2033 (406.4mm &#8211; 457.2mm)<\/p>\r\n<p><a role=\"button\" href=\"https:\/\/georocfor.com\/fr\/produits\/systemes-de-tubage-a-lavancement\/systeme-xs-t-v2-0\/xs-t-v2-0-16000-406-4mm-a-18000-457-2mm\/\" target=\"_self\"> Voir le produit <\/a><\/p>\r\n<p>Xs T V2.0 20,000\u2033 &#8211; 28,000\u2033 (508mm &#8211; 711.2mm)<\/p>\r\n<p><a role=\"button\" href=\"https:\/\/georocfor.com\/fr\/produits\/systemes-de-tubage-a-lavancement\/systeme-xs-t-v2-0\/xs-t-v2-0-20000-508mm-a-28000-711-2mm\/\" target=\"_self\"> Voir le produit <\/a><\/p>\r\n<p>Xs T V2.0 30,000\u2033 &#8211; 36,000\u2033 (762mm &#8211; 914.4mm)<\/p>\r\n<p><a role=\"button\" href=\"https:\/\/georocfor.com\/fr\/produits\/systemes-de-tubage-a-lavancement\/systeme-xs-t-v2-0\/t-v2-0-30000-762mm-a-36000-914-4mm\/\" target=\"_self\"> Voir le produit <\/a><\/p>\r\n<h2>Nos <br \/><b>documents <\/b><\/h2>\r\n<h4><a title=\"Brochure\" href=\"https:\/\/georocfor.com\/wp-content\/uploads\/2025\/11\/FR-Brochure-georocfor_t-v2_FR.pdf\" target=\"_blank\" rel=\"noopener\"> Brochure <\/a><\/h4>\r\n<p>Veuillez consulter notre brochure pour plus d&rsquo;informations.<\/p>\r\n<p><a role=\"button\" href=\"https:\/\/georocfor.com\/wp-content\/uploads\/2025\/11\/FR-Brochure-georocfor_t-v2_FR.pdf\" target=\"_blank\" rel=\"noopener\"> En savoir plus <\/a> <iframe loading=\"lazy\" title=\"Drilling System Xs T-V2 Georocfor\" src=\"https:\/\/www.youtube.com\/embed\/R-4_461ErVc?feature=oembed\" width=\"1260\" height=\"945\" frameborder=\"0\" allowfullscreen=\"allowfullscreen\"><\/iframe><\/p>\r\n<h2>Avantages <br \/><b>du produit<\/b><\/h2>\r\n<h4><a title=\"Avantages par rapport aux syst\u00e8mes excentriques \" href=\"https:\/\/georocfor.com\/fr\/produits\/systemes-de-tubage-a-lavancement\/avantages-par-rapport-aux-systemes-excentriques\/\" target=\"_self\"> Avantages par rapport aux syst\u00e8mes excentriques <\/a><\/h4>\r\n<p>Un syst\u00e8me de forage concentrique offre un meilleur contr\u00f4le directionnel, un retrait de tubage plus facile et de meilleures performances dans des conditions de sol difficiles comparativement \u00e0 un syst\u00e8me excentrique.<\/p>\r\n<p><a role=\"button\" href=\"https:\/\/georocfor.com\/fr\/produits\/systemes-de-tubage-a-lavancement\/avantages-par-rapport-aux-systemes-excentriques\/\" target=\"_self\"> En savoir plus <\/a><\/p>\r\n<h4><a title=\"Advantages Over Other Ring Bit Systems\" href=\"https:\/\/georocfor.com\/fr\/produits\/systemes-de-tubage-a-lavancement\/avantages-par-rapport-aux-autres-systemes-concentrique\/\" target=\"_self\"> Advantages Over Other Ring Bit Systems <\/a><\/h4>\r\n<p>Le syst\u00e8me concentrique G\u00e9oRocFor offre une rectitude sup\u00e9rieure du trou de forage, des taux de p\u00e9n\u00e9tration plus \u00e9lev\u00e9s et la possibilit\u00e9 d&rsquo;utiliser de plus gros marteaux fond de trou (DTH), comparativement aux autres syst\u00e8mes concentriques.<\/p>\r\n<p><a role=\"button\" href=\"https:\/\/georocfor.com\/fr\/produits\/systemes-de-tubage-a-lavancement\/avantages-par-rapport-aux-autres-systemes-concentrique\/\" target=\"_self\"> En savoir plus <\/a><\/p>\r\n<h4><a title=\"Avantages par rapport aux syst\u00e8mes \u00e0 ailettes \" href=\"https:\/\/georocfor.com\/fr\/produits\/systemes-de-tubage-a-lavancement\/avantages-par-rapport-aux-systemes-a-ailettes\/\" target=\"_self\"> Avantages par rapport aux syst\u00e8mes \u00e0 ailettes <\/a><\/h4>\r\n<p>La conception enti\u00e8rement concentrique du Xs Drill permet un forage fluide et ininterrompu, m\u00eame dans des terrains de recouvrement difficiles, \u00e9vitant ainsi les blocages et les pics de couple fr\u00e9quemment rencontr\u00e9s avec les syst\u00e8mes \u00e0 ailettes.<\/p>\r\n<p><a role=\"button\" href=\"https:\/\/georocfor.com\/fr\/produits\/systemes-de-tubage-a-lavancement\/avantages-par-rapport-aux-systemes-a-ailettes\/\" target=\"_self\"> En savoir plus <\/a><\/p>\r\n<h2>Les <br \/><b>composants<\/b><\/h2>\r\n<p><img loading=\"lazy\" decoding=\"async\" title=\"Dr-XST-V2-6.625-250x250\" src=\"https:\/\/georocfor.com\/wp-content\/uploads\/2024\/03\/Dr-XST-V2-6.625-250x250-1.jpg\" sizes=\"auto, (max-width: 768px) 100vw, 100vw\" srcset=\"https:\/\/georocfor.com\/wp-content\/uploads\/2024\/03\/Dr-XST-V2-6.625-250x250-1.jpg 250w, https:\/\/georocfor.com\/wp-content\/uploads\/2024\/03\/Dr-XST-V2-6.625-250x250-1-100x100.jpg 100w, https:\/\/georocfor.com\/wp-content\/uploads\/2024\/03\/Dr-XST-V2-6.625-250x250-1-150x150.jpg 150w\" alt=\"Dr-XST-V2-6.625-250x250\" width=\"250\" height=\"250\" \/><\/p>\r\n<h3>Taillant d&rsquo;entra\u00eenement<\/h3>\r\n<p>Le taillant d&rsquo;entra\u00eenement est le dispositif qui transmet l&rsquo;impact et la rotation directement \u00e0 la couronne pour le forage. Le taillant d&rsquo;entra\u00eenement s&rsquo;ins\u00e8re dans quatre m\u00e9plats sur la couronne du tubage, et ils fonctionnent ensemble comme un foret standard; le taillant d&rsquo;entra\u00eenement et la couronne sont tous deux munis de boutons en carbure de tungst\u00e8ne. Le taillant d&rsquo;entra\u00eenement perce un avant-trou sous la couronne afin de guider la direction du tubage lors du forage difficile.<\/p>\r\n<p><img loading=\"lazy\" decoding=\"async\" title=\"Cr-XS-6.6251-250x250\" src=\"https:\/\/georocfor.com\/wp-content\/uploads\/2024\/03\/Cr-XS-6.6251-250x250-1.jpg\" sizes=\"auto, (max-width: 768px) 100vw, 100vw\" srcset=\"https:\/\/georocfor.com\/wp-content\/uploads\/2024\/03\/Cr-XS-6.6251-250x250-1.jpg 250w, https:\/\/georocfor.com\/wp-content\/uploads\/2024\/03\/Cr-XS-6.6251-250x250-1-100x100.jpg 100w, https:\/\/georocfor.com\/wp-content\/uploads\/2024\/03\/Cr-XS-6.6251-250x250-1-150x150.jpg 150w\" alt=\"Cr-XS-6.6251-250x250\" width=\"250\" height=\"250\" \/><\/p>\r\n<h3>Couronne de forage<\/h3>\r\n<p>La couronne de forage est une unit\u00e9 compos\u00e9e de deux pi\u00e8ces, reli\u00e9es de fa\u00e7on permanente. La partie sup\u00e9rieure est soud\u00e9e au tubage, tandis que la partie inf\u00e9rieure, munie de carbure de tungst\u00e8ne, peut tourner librement avec le taillant d&rsquo;entra\u00eenement<\/p>\r\n<ul>\r\n<li><strong>Zone d&rsquo;impact\u202f:<\/strong> L&rsquo;\u00e9nergie directe provenant du marteau est transf\u00e9r\u00e9e \u00e0 la couronne \u00e0 travers quatre (4) \u00e9videments form\u00e9s par la surface de verrouillage, en plus d&rsquo;une autre zone de contact tout autour de la p\u00e9riph\u00e9rie de l&rsquo;entra\u00eenement.<\/li>\r\n<li><strong>\u00c9vacuation\u202f:<\/strong> Deux (2) grands orifices d&rsquo;air sont perc\u00e9s \u00e0 l&rsquo;avant du taillant (c\u00f4t\u00e9 forage). Ces orifices sont directement connect\u00e9s \u00e0 deux (2) grands conduits d&rsquo;\u00e9vacuation, permettant ainsi aux d\u00e9bris de forage d&rsquo;\u00eatre \u00e9vacu\u00e9s du bout du taillant vers le haut du tubage. Pour faciliter l&rsquo;\u00e9vacuation des d\u00e9bris, deux (2) orifices d&rsquo;air plus petits dans les conduits d&rsquo;\u00e9vacuation donnent une vitesse suppl\u00e9mentaire aux d\u00e9bris.<\/li>\r\n<\/ul>\r\n<p>Ce mod\u00e8le est \u00e9galement dot\u00e9 d&rsquo;une \u00ab\u202fzone de concassage rotative\u202f\u00bb. Cette zone de protection est situ\u00e9e \u00e0 l&rsquo;extr\u00e9mit\u00e9 des conduits d&rsquo;\u00e9vacuation, juste sous l&rsquo;entra\u00eenement cannel\u00e9 du marteau. Cette zone vise \u00e0 am\u00e9liorer l&rsquo;\u00e9vacuation en emp\u00eachant l&rsquo;accumulation de roches et de gravier au point de retrait. En tournant l&rsquo;entra\u00eenement contre un tubage fixe, la roche est concass\u00e9e en particules plus fines, puis \u00e9vacu\u00e9e par le tubage.<\/p>\r\n<\/div><!-- .vgblk-rw-wrapper -->","protected":false},"excerpt":{"rendered":"<p>Description Xs T V2.0 Le syst\u00e8me Xs T V2.0 peut \u00eatre utilis\u00e9 avec n&rsquo;importe quelle taille de tubage, mais il est principalement con\u00e7u pour les tubages \u00e0 paroi \u00e9paisse. Le syst\u00e8me Xs T V2.0 poss\u00e8de quatre (4) rainures permettant de transmettre directement l&rsquo;impact du marteau \u00e0 la couronne, procurant ainsi la force n\u00e9cessaire pour forer&#8230;<\/p>\n","protected":false},"author":1,"featured_media":993680,"parent":995043,"menu_order":0,"comment_status":"closed","ping_status":"closed","template":"","meta":{"_acf_changed":false,"inline_featured_image":false,"_monsterinsights_skip_tracking":false,"_monsterinsights_sitenote_active":false,"_monsterinsights_sitenote_note":"","_monsterinsights_sitenote_category":0,"footnotes":""},"class_list":["post-995083","page","type-page","status-publish","has-post-thumbnail","hentry"],"acf":[],"yoast_head":"<!-- This site is optimized with the Yoast SEO plugin v26.8 - https:\/\/yoast.com\/product\/yoast-seo-wordpress\/ -->\n<title>Syst\u00e8me Xs T v2.0 - GeoRocFor<\/title>\n<meta name=\"description\" content=\"XS-T v2.0 GeoRocFor : tubage durable et pr\u00e9cis con\u00e7u pour maximiser productivit\u00e9, stabilit\u00e9 et efficacit\u00e9 de forage approfondi.\" \/>\n<meta name=\"robots\" content=\"index, follow, max-snippet:-1, max-image-preview:large, max-video-preview:-1\" \/>\n<link rel=\"canonical\" href=\"https:\/\/georocfor.com\/fr\/produits\/systemes-de-tubage-a-lavancement\/systeme-xs-t-v2-0\/\" \/>\n<meta property=\"og:locale\" content=\"fr_CA\" \/>\n<meta property=\"og:type\" content=\"article\" \/>\n<meta property=\"og:title\" content=\"Syst\u00e8me Xs T v2.0 - GeoRocFor\" \/>\n<meta property=\"og:description\" content=\"XS-T v2.0 GeoRocFor : tubage durable et pr\u00e9cis con\u00e7u pour maximiser productivit\u00e9, stabilit\u00e9 et efficacit\u00e9 de forage approfondi.\" \/>\n<meta property=\"og:url\" content=\"https:\/\/georocfor.com\/fr\/produits\/systemes-de-tubage-a-lavancement\/systeme-xs-t-v2-0\/\" \/>\n<meta property=\"og:site_name\" content=\"GeoRocFor\" \/>\n<meta property=\"article:modified_time\" content=\"2026-01-27T21:28:07+00:00\" \/>\n<meta property=\"og:image\" content=\"https:\/\/georocfor.com\/wp-content\/uploads\/2025\/08\/Syst_XST-V2_-_24_000_0042.jpg\" \/>\n\t<meta property=\"og:image:width\" content=\"640\" \/>\n\t<meta property=\"og:image:height\" content=\"480\" \/>\n\t<meta property=\"og:image:type\" content=\"image\/jpeg\" \/>\n<meta name=\"twitter:card\" content=\"summary_large_image\" \/>\n<meta name=\"twitter:label1\" content=\"Estimation du temps de lecture\" \/>\n\t<meta name=\"twitter:data1\" content=\"4 minutes\" \/>\n<script type=\"application\/ld+json\" class=\"yoast-schema-graph\">{\"@context\":\"https:\/\/schema.org\",\"@graph\":[{\"@type\":\"WebPage\",\"@id\":\"https:\/\/georocfor.com\/fr\/produits\/systemes-de-tubage-a-lavancement\/systeme-xs-t-v2-0\/\",\"url\":\"https:\/\/georocfor.com\/fr\/produits\/systemes-de-tubage-a-lavancement\/systeme-xs-t-v2-0\/\",\"name\":\"Syst\u00e8me Xs T v2.0 - GeoRocFor\",\"isPartOf\":{\"@id\":\"https:\/\/georocfor.com\/fr\/#website\"},\"primaryImageOfPage\":{\"@id\":\"https:\/\/georocfor.com\/fr\/produits\/systemes-de-tubage-a-lavancement\/systeme-xs-t-v2-0\/#primaryimage\"},\"image\":{\"@id\":\"https:\/\/georocfor.com\/fr\/produits\/systemes-de-tubage-a-lavancement\/systeme-xs-t-v2-0\/#primaryimage\"},\"thumbnailUrl\":\"https:\/\/georocfor.com\/wp-content\/uploads\/2025\/08\/Syst_XST-V2_-_24_000_0042.jpg\",\"datePublished\":\"2024-03-26T19:23:14+00:00\",\"dateModified\":\"2026-01-27T21:28:07+00:00\",\"description\":\"XS-T v2.0 GeoRocFor : tubage durable et pr\u00e9cis con\u00e7u pour maximiser productivit\u00e9, stabilit\u00e9 et efficacit\u00e9 de forage approfondi.\",\"breadcrumb\":{\"@id\":\"https:\/\/georocfor.com\/fr\/produits\/systemes-de-tubage-a-lavancement\/systeme-xs-t-v2-0\/#breadcrumb\"},\"inLanguage\":\"fr-CA\",\"potentialAction\":[{\"@type\":\"ReadAction\",\"target\":[\"https:\/\/georocfor.com\/fr\/produits\/systemes-de-tubage-a-lavancement\/systeme-xs-t-v2-0\/\"]}]},{\"@type\":\"ImageObject\",\"inLanguage\":\"fr-CA\",\"@id\":\"https:\/\/georocfor.com\/fr\/produits\/systemes-de-tubage-a-lavancement\/systeme-xs-t-v2-0\/#primaryimage\",\"url\":\"https:\/\/georocfor.com\/wp-content\/uploads\/2025\/08\/Syst_XST-V2_-_24_000_0042.jpg\",\"contentUrl\":\"https:\/\/georocfor.com\/wp-content\/uploads\/2025\/08\/Syst_XST-V2_-_24_000_0042.jpg\",\"width\":640,\"height\":480,\"caption\":\"Syst\u00e8me Xs T V2.0 - 20,000\u2033 \/ 508mm \u00e0 28,000\u2033 \/ 711.2mm\"},{\"@type\":\"BreadcrumbList\",\"@id\":\"https:\/\/georocfor.com\/fr\/produits\/systemes-de-tubage-a-lavancement\/systeme-xs-t-v2-0\/#breadcrumb\",\"itemListElement\":[{\"@type\":\"ListItem\",\"position\":1,\"name\":\"Home\",\"item\":\"https:\/\/georocfor.com\/fr\/\"},{\"@type\":\"ListItem\",\"position\":2,\"name\":\"Produits\",\"item\":\"https:\/\/georocfor.com\/fr\/produits\/\"},{\"@type\":\"ListItem\",\"position\":3,\"name\":\"Syst\u00e8mes de tubage \u00e0 l\u2019avancement\",\"item\":\"https:\/\/georocfor.com\/fr\/produits\/systemes-de-tubage-a-lavancement\/\"},{\"@type\":\"ListItem\",\"position\":4,\"name\":\"Syst\u00e8me Xs T v2.0\"}]},{\"@type\":\"WebSite\",\"@id\":\"https:\/\/georocfor.com\/fr\/#website\",\"url\":\"https:\/\/georocfor.com\/fr\/\",\"name\":\"GeoRocFor\",\"description\":\"\",\"publisher\":{\"@id\":\"https:\/\/georocfor.com\/fr\/#organization\"},\"potentialAction\":[{\"@type\":\"SearchAction\",\"target\":{\"@type\":\"EntryPoint\",\"urlTemplate\":\"https:\/\/georocfor.com\/fr\/?s={search_term_string}\"},\"query-input\":{\"@type\":\"PropertyValueSpecification\",\"valueRequired\":true,\"valueName\":\"search_term_string\"}}],\"inLanguage\":\"fr-CA\"},{\"@type\":\"Organization\",\"@id\":\"https:\/\/georocfor.com\/fr\/#organization\",\"name\":\"GeoRocFor\",\"url\":\"https:\/\/georocfor.com\/fr\/\",\"logo\":{\"@type\":\"ImageObject\",\"inLanguage\":\"fr-CA\",\"@id\":\"https:\/\/georocfor.com\/fr\/#\/schema\/logo\/image\/\",\"url\":\"https:\/\/georocfor.com\/wp-content\/uploads\/2024\/03\/georocfor_logo_457x64.png\",\"contentUrl\":\"https:\/\/georocfor.com\/wp-content\/uploads\/2024\/03\/georocfor_logo_457x64.png\",\"width\":457,\"height\":64,\"caption\":\"GeoRocFor\"},\"image\":{\"@id\":\"https:\/\/georocfor.com\/fr\/#\/schema\/logo\/image\/\"}}]}<\/script>\n<!-- \/ Yoast SEO plugin. -->","yoast_head_json":{"title":"Syst\u00e8me Xs T v2.0 - GeoRocFor","description":"XS-T v2.0 GeoRocFor : tubage durable et pr\u00e9cis con\u00e7u pour maximiser productivit\u00e9, stabilit\u00e9 et efficacit\u00e9 de forage approfondi.","robots":{"index":"index","follow":"follow","max-snippet":"max-snippet:-1","max-image-preview":"max-image-preview:large","max-video-preview":"max-video-preview:-1"},"canonical":"https:\/\/georocfor.com\/fr\/produits\/systemes-de-tubage-a-lavancement\/systeme-xs-t-v2-0\/","og_locale":"fr_CA","og_type":"article","og_title":"Syst\u00e8me Xs T v2.0 - GeoRocFor","og_description":"XS-T v2.0 GeoRocFor : tubage durable et pr\u00e9cis con\u00e7u pour maximiser productivit\u00e9, stabilit\u00e9 et efficacit\u00e9 de forage approfondi.","og_url":"https:\/\/georocfor.com\/fr\/produits\/systemes-de-tubage-a-lavancement\/systeme-xs-t-v2-0\/","og_site_name":"GeoRocFor","article_modified_time":"2026-01-27T21:28:07+00:00","og_image":[{"width":640,"height":480,"url":"https:\/\/georocfor.com\/wp-content\/uploads\/2025\/08\/Syst_XST-V2_-_24_000_0042.jpg","type":"image\/jpeg"}],"twitter_card":"summary_large_image","twitter_misc":{"Estimation du temps de lecture":"4 minutes"},"schema":{"@context":"https:\/\/schema.org","@graph":[{"@type":"WebPage","@id":"https:\/\/georocfor.com\/fr\/produits\/systemes-de-tubage-a-lavancement\/systeme-xs-t-v2-0\/","url":"https:\/\/georocfor.com\/fr\/produits\/systemes-de-tubage-a-lavancement\/systeme-xs-t-v2-0\/","name":"Syst\u00e8me Xs T v2.0 - GeoRocFor","isPartOf":{"@id":"https:\/\/georocfor.com\/fr\/#website"},"primaryImageOfPage":{"@id":"https:\/\/georocfor.com\/fr\/produits\/systemes-de-tubage-a-lavancement\/systeme-xs-t-v2-0\/#primaryimage"},"image":{"@id":"https:\/\/georocfor.com\/fr\/produits\/systemes-de-tubage-a-lavancement\/systeme-xs-t-v2-0\/#primaryimage"},"thumbnailUrl":"https:\/\/georocfor.com\/wp-content\/uploads\/2025\/08\/Syst_XST-V2_-_24_000_0042.jpg","datePublished":"2024-03-26T19:23:14+00:00","dateModified":"2026-01-27T21:28:07+00:00","description":"XS-T v2.0 GeoRocFor : tubage durable et pr\u00e9cis con\u00e7u pour maximiser productivit\u00e9, stabilit\u00e9 et efficacit\u00e9 de forage approfondi.","breadcrumb":{"@id":"https:\/\/georocfor.com\/fr\/produits\/systemes-de-tubage-a-lavancement\/systeme-xs-t-v2-0\/#breadcrumb"},"inLanguage":"fr-CA","potentialAction":[{"@type":"ReadAction","target":["https:\/\/georocfor.com\/fr\/produits\/systemes-de-tubage-a-lavancement\/systeme-xs-t-v2-0\/"]}]},{"@type":"ImageObject","inLanguage":"fr-CA","@id":"https:\/\/georocfor.com\/fr\/produits\/systemes-de-tubage-a-lavancement\/systeme-xs-t-v2-0\/#primaryimage","url":"https:\/\/georocfor.com\/wp-content\/uploads\/2025\/08\/Syst_XST-V2_-_24_000_0042.jpg","contentUrl":"https:\/\/georocfor.com\/wp-content\/uploads\/2025\/08\/Syst_XST-V2_-_24_000_0042.jpg","width":640,"height":480,"caption":"Syst\u00e8me Xs T V2.0 - 20,000\u2033 \/ 508mm \u00e0 28,000\u2033 \/ 711.2mm"},{"@type":"BreadcrumbList","@id":"https:\/\/georocfor.com\/fr\/produits\/systemes-de-tubage-a-lavancement\/systeme-xs-t-v2-0\/#breadcrumb","itemListElement":[{"@type":"ListItem","position":1,"name":"Home","item":"https:\/\/georocfor.com\/fr\/"},{"@type":"ListItem","position":2,"name":"Produits","item":"https:\/\/georocfor.com\/fr\/produits\/"},{"@type":"ListItem","position":3,"name":"Syst\u00e8mes de tubage \u00e0 l\u2019avancement","item":"https:\/\/georocfor.com\/fr\/produits\/systemes-de-tubage-a-lavancement\/"},{"@type":"ListItem","position":4,"name":"Syst\u00e8me Xs T v2.0"}]},{"@type":"WebSite","@id":"https:\/\/georocfor.com\/fr\/#website","url":"https:\/\/georocfor.com\/fr\/","name":"GeoRocFor","description":"","publisher":{"@id":"https:\/\/georocfor.com\/fr\/#organization"},"potentialAction":[{"@type":"SearchAction","target":{"@type":"EntryPoint","urlTemplate":"https:\/\/georocfor.com\/fr\/?s={search_term_string}"},"query-input":{"@type":"PropertyValueSpecification","valueRequired":true,"valueName":"search_term_string"}}],"inLanguage":"fr-CA"},{"@type":"Organization","@id":"https:\/\/georocfor.com\/fr\/#organization","name":"GeoRocFor","url":"https:\/\/georocfor.com\/fr\/","logo":{"@type":"ImageObject","inLanguage":"fr-CA","@id":"https:\/\/georocfor.com\/fr\/#\/schema\/logo\/image\/","url":"https:\/\/georocfor.com\/wp-content\/uploads\/2024\/03\/georocfor_logo_457x64.png","contentUrl":"https:\/\/georocfor.com\/wp-content\/uploads\/2024\/03\/georocfor_logo_457x64.png","width":457,"height":64,"caption":"GeoRocFor"},"image":{"@id":"https:\/\/georocfor.com\/fr\/#\/schema\/logo\/image\/"}}]}},"jetpack_sharing_enabled":true,"_links":{"self":[{"href":"https:\/\/georocfor.com\/fr\/wp-json\/wp\/v2\/pages\/995083","targetHints":{"allow":["GET"]}}],"collection":[{"href":"https:\/\/georocfor.com\/fr\/wp-json\/wp\/v2\/pages"}],"about":[{"href":"https:\/\/georocfor.com\/fr\/wp-json\/wp\/v2\/types\/page"}],"author":[{"embeddable":true,"href":"https:\/\/georocfor.com\/fr\/wp-json\/wp\/v2\/users\/1"}],"replies":[{"embeddable":true,"href":"https:\/\/georocfor.com\/fr\/wp-json\/wp\/v2\/comments?post=995083"}],"version-history":[{"count":7,"href":"https:\/\/georocfor.com\/fr\/wp-json\/wp\/v2\/pages\/995083\/revisions"}],"predecessor-version":[{"id":995852,"href":"https:\/\/georocfor.com\/fr\/wp-json\/wp\/v2\/pages\/995083\/revisions\/995852"}],"up":[{"embeddable":true,"href":"https:\/\/georocfor.com\/fr\/wp-json\/wp\/v2\/pages\/995043"}],"wp:featuredmedia":[{"embeddable":true,"href":"https:\/\/georocfor.com\/fr\/wp-json\/wp\/v2\/media\/993680"}],"wp:attachment":[{"href":"https:\/\/georocfor.com\/fr\/wp-json\/wp\/v2\/media?parent=995083"}],"curies":[{"name":"wp","href":"https:\/\/api.w.org\/{rel}","templated":true}]}}