{"id":995081,"date":"2024-03-26T15:10:44","date_gmt":"2024-03-26T19:10:44","guid":{"rendered":"https:\/\/georocfor.com\/produits\/systemes-de-tubage-a-lavancement\/xs-t-system\/"},"modified":"2026-01-27T15:17:24","modified_gmt":"2026-01-27T20:17:24","slug":"systeme-xs-t","status":"publish","type":"page","link":"https:\/\/georocfor.com\/fr\/produits\/systemes-de-tubage-a-lavancement\/systeme-xs-t\/","title":{"rendered":"Syst\u00e8me Xs T"},"content":{"rendered":"<div class=\"vgblk-rw-wrapper limit-wrapper\">\r\n<h2>Description<br \/><b>Xs T<\/b><\/h2>\r\n<p><strong>Le syst\u00e8me Xs T est utilis\u00e9 avec tout diam\u00e8tre de tubage ayant particuli\u00e8rement une paroi plus \u00e9paisse. <\/strong><\/p>\r\n<p>La conception du Xs T comporte quatre (4) parties encastr\u00e9es qui transmettent directement l&rsquo;impact du marteau vers la couronne de forage, fournissant ainsi la force n\u00e9cessaire pour forer et enfoncer le tubage. La couronne est munie d&rsquo;un embo\u00eetement qui s&rsquo;ajuste sur le tubage pour un meilleur alignement lors du soudage.<\/p>\r\n<p>Cette conception permet \u00e0 l&rsquo;op\u00e9rateur de forer l&#8217;emboitement dans le roc au m\u00eame diam\u00e8tre que le diam\u00e8tre int\u00e9rieur du tubage gr\u00e2ce \u00e0 notre taillant \u00a0\u00bbcarr\u00e9\u00a0\u00bb, con\u00e7u sp\u00e9cialement pour permettre l&rsquo;utilisation d&rsquo;un marteaux fond de trou (DTH) de plus grande taille.<\/p>\r\n<h2>Voir les produits du <br \/><b>syst\u00e8me Xs T<\/b><\/h2>\r\n<p>Xs T 4,500\u2033 &#8211; 5,500\u2033 (114.3mm &#8211; 139.7mm)<\/p>\r\n<p><a role=\"button\" href=\"https:\/\/georocfor.com\/fr\/produits\/systemes-de-tubage-a-lavancement\/systeme-xs-t\/xs-t-4500-114-3mm-a-5500-139-7mm\/\" target=\"_self\"> Voir le produit <\/a><\/p>\r\n<p>Xs T 6,000\u2033- 8,625\u2033 (152.4mm &#8211; 219mm)<\/p>\r\n<p><a role=\"button\" href=\"https:\/\/georocfor.com\/fr\/produits\/systemes-de-tubage-a-lavancement\/systeme-xs-t\/xs-t-6000-152-4mm-a-8625-219mm\/\" target=\"_self\"> Voir le produit <\/a><\/p>\r\n<p>Xs T 10,750\u2033 &#8211; 18,000\u2033 (273mm &#8211; 457.2mm)<\/p>\r\n<p><a role=\"button\" href=\"https:\/\/georocfor.com\/fr\/produits\/systemes-de-tubage-a-lavancement\/systeme-xs-t\/xs-t-10750-273mm-a-18000-457-2mm\/\" target=\"_self\"> Voir le produit <\/a><\/p>\r\n<p>Xs T 20,000\u2033 &#8211; 36,000\u2033 (508mm &#8211; 914.4mm)<\/p>\r\n<p><a role=\"button\" href=\"https:\/\/georocfor.com\/fr\/produits\/systemes-de-tubage-a-lavancement\/systeme-xs-t\/xs-t-20000-508mm-a-36000-914-4mm\/\" target=\"_self\"> Voir le produit <\/a><\/p>\r\n<h2>Nos <br \/><b>documents<\/b><\/h2>\r\n<h4><a title=\"Installation initiale\" href=\"https:\/\/georocfor.com\/wp-content\/uploads\/2025\/11\/Drillin-with-xs-drill-FR.pdf\" target=\"_blank\" rel=\"noopener\"> Installation initiale <\/a><\/h4>\r\n<p>Voici toutes les \u00e9tapes de pr\u00e9paration et de forage pour notre syst\u00e8me de forage.<\/p>\r\n<p><a role=\"button\" href=\"https:\/\/georocfor.com\/wp-content\/uploads\/2025\/11\/Drillin-with-xs-drill-FR.pdf\" target=\"_blank\" rel=\"noopener\"> En savoir plus <\/a> <iframe loading=\"lazy\" title=\"Drilling System Xs S \/ Xs T Georocfor\" src=\"https:\/\/www.youtube.com\/embed\/wgGLZZ7bj24?feature=oembed\" width=\"1260\" height=\"945\" frameborder=\"0\" allowfullscreen=\"allowfullscreen\"><\/iframe><\/p>\r\n<h2>Avantages <br \/><b>du produit<\/b><\/h2>\r\n<h4><a title=\"Advantages Over Eccentric Systems\" href=\"https:\/\/georocfor.com\/fr\/produits\/systemes-de-tubage-a-lavancement\/avantages-par-rapport-aux-systemes-excentriques\/\" target=\"_self\"> Advantages Over Eccentric Systems <\/a><\/h4>\r\n<p>Un syst\u00e8me de forage concentrique offre un meilleur contr\u00f4le directionnel, un retrait de tubage plus facile et de meilleures performances dans des conditions de sol difficiles comparativement \u00e0 un syst\u00e8me excentrique.<\/p>\r\n<p><a role=\"button\" href=\"https:\/\/georocfor.com\/fr\/produits\/systemes-de-tubage-a-lavancement\/avantages-par-rapport-aux-systemes-excentriques\/\" target=\"_self\"> En savoir plus <\/a><\/p>\r\n<h4><a title=\"Avantages par rapport aux autres syst\u00e8mes concentrique\" href=\"https:\/\/georocfor.com\/fr\/produits\/systemes-de-tubage-a-lavancement\/avantages-par-rapport-aux-autres-systemes-concentrique\/\" target=\"_self\"> Avantages par rapport aux autres syst\u00e8mes concentrique <\/a><\/h4>\r\n<p>Le syst\u00e8me concentrique G\u00e9oRocFor offre une rectitude sup\u00e9rieure du trou de forage, des taux de p\u00e9n\u00e9tration plus \u00e9lev\u00e9s et la possibilit\u00e9 d&rsquo;utiliser de plus gros marteaux fond de trou (DTH), comparativement aux autres syst\u00e8mes concentriques.<\/p>\r\n<p><a role=\"button\" href=\"https:\/\/georocfor.com\/fr\/produits\/systemes-de-tubage-a-lavancement\/avantages-par-rapport-aux-autres-systemes-concentrique\/\" target=\"_self\"> En savoir plus <\/a><\/p>\r\n<h4><a title=\"Avantages par rapport aux syst\u00e8mes \u00e0 ailettes\" href=\"https:\/\/georocfor.com\/fr\/produits\/systemes-de-tubage-a-lavancement\/avantages-par-rapport-aux-systemes-a-ailettes\/\" target=\"_self\"> Avantages par rapport aux syst\u00e8mes \u00e0 ailettes <\/a><\/h4>\r\n<p>La conception enti\u00e8rement concentrique du Xs Drill permet un forage fluide et ininterrompu, m\u00eame dans des terrains de recouvrement difficiles, \u00e9vitant ainsi les blocages et les pics de couple fr\u00e9quemment rencontr\u00e9s avec les syst\u00e8mes \u00e0 ailettes.<\/p>\r\n<p><a role=\"button\" href=\"https:\/\/georocfor.com\/fr\/produits\/systemes-de-tubage-a-lavancement\/avantages-par-rapport-aux-systemes-a-ailettes\/\" target=\"_self\"> En savoir plus <\/a><\/p>\r\n<h2>Les <br \/><b>composants<\/b><\/h2>\r\n<p><img loading=\"lazy\" decoding=\"async\" title=\"Dr-XST-6.625\" src=\"https:\/\/georocfor.com\/wp-content\/uploads\/2024\/03\/Dr-XST-6.625.jpg\" sizes=\"auto, (max-width: 768px) 100vw, 100vw\" srcset=\"https:\/\/georocfor.com\/wp-content\/uploads\/2024\/03\/Dr-XST-6.625.jpg 1080w, https:\/\/georocfor.com\/wp-content\/uploads\/2024\/03\/Dr-XST-6.625-315x315.jpg 315w, https:\/\/georocfor.com\/wp-content\/uploads\/2024\/03\/Dr-XST-6.625-100x100.jpg 100w, https:\/\/georocfor.com\/wp-content\/uploads\/2024\/03\/Dr-XST-6.625-630x630.jpg 630w, https:\/\/georocfor.com\/wp-content\/uploads\/2024\/03\/Dr-XST-6.625-300x300.jpg 300w, https:\/\/georocfor.com\/wp-content\/uploads\/2024\/03\/Dr-XST-6.625-1024x1024.jpg 1024w, https:\/\/georocfor.com\/wp-content\/uploads\/2024\/03\/Dr-XST-6.625-150x150.jpg 150w, https:\/\/georocfor.com\/wp-content\/uploads\/2024\/03\/Dr-XST-6.625-768x768.jpg 768w, https:\/\/georocfor.com\/wp-content\/uploads\/2024\/03\/Dr-XST-6.625-420x420.jpg 420w, https:\/\/georocfor.com\/wp-content\/uploads\/2024\/03\/Dr-XST-6.625-840x840.jpg 840w\" alt=\"Dr-XST-6.625\" width=\"1080\" height=\"1080\" \/><\/p>\r\n<h3>Taillant d&rsquo;entra\u00eenement<\/h3>\r\n<p>Le taillant d&rsquo;entra\u00eenement est le dispositif qui transmet l&rsquo;impact et la rotation \u00e0 la couronne pour le forage. Le taillant d&rsquo;entra\u00eenement s&rsquo;engage dans quatre m\u00e9plats sur la couronne du tubage et ils fonctionnent ensemble comme un taillant standard; le taillant d&rsquo;entra\u00eenement et la couronne sont tous deux munis de boutons en carbure de tungst\u00e8ne. Le taillant d&rsquo;entra\u00eenement perce un trou pilote sous la couronne pour guider la direction du tubage dans des conditions de forage difficiles. Par la suite, cet espace pilote sous la couronne permet au taillant carr\u00e9 de tourner sans toucher la couronne.<\/p>\r\n<ul>\r\n<li><strong>Zone d&rsquo;impact :<\/strong> L&rsquo;\u00e9nergie directe du marteau est transf\u00e9r\u00e9e \u00e0 la couronne au moyen de quatre (4) \u00e9videments form\u00e9s par la surface de verrouillage<\/li>\r\n<li><strong>\u00c9vacuation :<\/strong> Deux (2) grands orifices d&rsquo;air sont perc\u00e9s \u00e0 l&rsquo;extr\u00e9mit\u00e9 du taillant (c\u00f4t\u00e9 forage). Ces orifices sont directement reli\u00e9s \u00e0 deux (2) canaux d&rsquo;\u00e9vacuation qui permettent d&rsquo;\u00e9vacuer les d\u00e9bris for\u00e9s depuis l&rsquo;extr\u00e9mit\u00e9 du taillant \u00e0 travers le tubage. Pour faciliter l&rsquo;\u00e9vacuation des d\u00e9bris, deux (2) orifices d&rsquo;air plus petits dans les canaux d&rsquo;\u00e9vacuation sont ajout\u00e9s afin de g\u00e9n\u00e9rer une v\u00e9locit\u00e9 accrue pour aider \u00e0 expulser les d\u00e9bris.<\/li>\r\n<\/ul>\r\n<p>Ce mod\u00e8le est \u00e9galement dot\u00e9 d&rsquo;une \u00ab\u202fzone de concassage rotative\u202f\u00bb. Cette zone de protection est situ\u00e9e \u00e0 l&rsquo;extr\u00e9mit\u00e9 des conduits d&rsquo;\u00e9vacuation, juste sous l&rsquo;entra\u00eenement cannel\u00e9 du marteau. Cette zone vise \u00e0 am\u00e9liorer l&rsquo;\u00e9vacuation en emp\u00eachant l&rsquo;accumulation de roches et de gravier au point de retrait. En tournant l&rsquo;entra\u00eenement contre un tubage fixe, la roche est concass\u00e9e en particules plus fines, puis \u00e9vacu\u00e9e par le tubage.<\/p>\r\n<p><img loading=\"lazy\" decoding=\"async\" title=\"Cr-XS-6.6251-250x250\" src=\"https:\/\/georocfor.com\/wp-content\/uploads\/2024\/03\/Cr-XS-6.6251-250x250-1.jpg\" sizes=\"auto, (max-width: 768px) 100vw, 100vw\" srcset=\"https:\/\/georocfor.com\/wp-content\/uploads\/2024\/03\/Cr-XS-6.6251-250x250-1.jpg 250w, https:\/\/georocfor.com\/wp-content\/uploads\/2024\/03\/Cr-XS-6.6251-250x250-1-100x100.jpg 100w, https:\/\/georocfor.com\/wp-content\/uploads\/2024\/03\/Cr-XS-6.6251-250x250-1-150x150.jpg 150w\" alt=\"Cr-XS-6.6251-250x250\" width=\"250\" height=\"250\" \/><\/p>\r\n<h3>Couronne de forage<\/h3>\r\n<p>La couronne de forage est une unit\u00e9 compos\u00e9e de deux pi\u00e8ces, reli\u00e9es de fa\u00e7on permanente. La partie sup\u00e9rieure est soud\u00e9e au tubage, tandis que la partie inf\u00e9rieure, munie de carbure de tungst\u00e8ne, peut tourner librement avec le taillant d&rsquo;entra\u00eenement. <img loading=\"lazy\" decoding=\"async\" title=\"Dr-XST-6.625-250x250\" src=\"https:\/\/georocfor.com\/wp-content\/uploads\/2024\/03\/Dr-XST-6.625-250x250-1.jpg\" sizes=\"auto, (max-width: 768px) 100vw, 100vw\" srcset=\"https:\/\/georocfor.com\/wp-content\/uploads\/2024\/03\/Dr-XST-6.625-250x250-1.jpg 250w, https:\/\/georocfor.com\/wp-content\/uploads\/2024\/03\/Dr-XST-6.625-250x250-1-100x100.jpg 100w, https:\/\/georocfor.com\/wp-content\/uploads\/2024\/03\/Dr-XST-6.625-250x250-1-150x150.jpg 150w\" alt=\"Dr-XST-6.625-250x250\" width=\"250\" height=\"250\" \/><\/p>\r\n<h3>Taillant carr\u00e9<\/h3>\r\n<p>Ce taillant carr\u00e9e est sp\u00e9cialement con\u00e7u pour traverser les surfaces plates de la couronne et forer le trou du sous-tubage jusqu&rsquo;\u00e0 un diam\u00e8tre maximal, permettant ainsi, dans la plupart des cas, l&rsquo;utilisation d&rsquo;un marteau de plus grand diam\u00e8tre que la concurrence.<\/p>\r\n<\/div><!-- .vgblk-rw-wrapper -->","protected":false},"excerpt":{"rendered":"<p>DescriptionXs T Le syst\u00e8me Xs T est utilis\u00e9 avec tout diam\u00e8tre de tubage ayant particuli\u00e8rement une paroi plus \u00e9paisse. La conception du Xs T comporte quatre (4) parties encastr\u00e9es qui transmettent directement l&rsquo;impact du marteau vers la couronne de forage, fournissant ainsi la force n\u00e9cessaire pour forer et enfoncer le tubage. La couronne est munie&#8230;<\/p>\n","protected":false},"author":1,"featured_media":993680,"parent":995043,"menu_order":0,"comment_status":"closed","ping_status":"closed","template":"","meta":{"_acf_changed":false,"inline_featured_image":false,"_monsterinsights_skip_tracking":false,"_monsterinsights_sitenote_active":false,"_monsterinsights_sitenote_note":"","_monsterinsights_sitenote_category":0,"footnotes":""},"class_list":["post-995081","page","type-page","status-publish","has-post-thumbnail","hentry"],"acf":[],"yoast_head":"<!-- This site is optimized with the Yoast SEO plugin v26.8 - https:\/\/yoast.com\/product\/yoast-seo-wordpress\/ -->\n<title>Syst\u00e8me Xs T - GeoRocFor<\/title>\n<meta name=\"description\" content=\"Syst\u00e8me XS-T GeoRocFor : solution de tubage \u00e0 l\u2019avancement fiable et performante pour forages techniques, fondations et travaux civils.\" \/>\n<meta name=\"robots\" content=\"index, follow, max-snippet:-1, max-image-preview:large, max-video-preview:-1\" \/>\n<link rel=\"canonical\" href=\"https:\/\/georocfor.com\/fr\/produits\/systemes-de-tubage-a-lavancement\/systeme-xs-t\/\" \/>\n<meta property=\"og:locale\" content=\"fr_CA\" \/>\n<meta property=\"og:type\" content=\"article\" \/>\n<meta property=\"og:title\" content=\"Syst\u00e8me Xs T - GeoRocFor\" \/>\n<meta property=\"og:description\" content=\"Syst\u00e8me XS-T GeoRocFor : solution de tubage \u00e0 l\u2019avancement fiable et performante pour forages techniques, fondations et travaux civils.\" \/>\n<meta property=\"og:url\" content=\"https:\/\/georocfor.com\/fr\/produits\/systemes-de-tubage-a-lavancement\/systeme-xs-t\/\" \/>\n<meta property=\"og:site_name\" content=\"GeoRocFor\" \/>\n<meta property=\"article:modified_time\" content=\"2026-01-27T20:17:24+00:00\" \/>\n<meta property=\"og:image\" content=\"https:\/\/georocfor.com\/wp-content\/uploads\/2025\/08\/Syst_XST-V2_-_24_000_0042.jpg\" \/>\n\t<meta property=\"og:image:width\" content=\"640\" \/>\n\t<meta property=\"og:image:height\" content=\"480\" \/>\n\t<meta property=\"og:image:type\" content=\"image\/jpeg\" \/>\n<meta name=\"twitter:card\" content=\"summary_large_image\" \/>\n<meta name=\"twitter:label1\" content=\"Estimation du temps de lecture\" \/>\n\t<meta name=\"twitter:data1\" content=\"4 minutes\" \/>\n<script type=\"application\/ld+json\" class=\"yoast-schema-graph\">{\"@context\":\"https:\/\/schema.org\",\"@graph\":[{\"@type\":\"WebPage\",\"@id\":\"https:\/\/georocfor.com\/fr\/produits\/systemes-de-tubage-a-lavancement\/systeme-xs-t\/\",\"url\":\"https:\/\/georocfor.com\/fr\/produits\/systemes-de-tubage-a-lavancement\/systeme-xs-t\/\",\"name\":\"Syst\u00e8me Xs T - GeoRocFor\",\"isPartOf\":{\"@id\":\"https:\/\/georocfor.com\/fr\/#website\"},\"primaryImageOfPage\":{\"@id\":\"https:\/\/georocfor.com\/fr\/produits\/systemes-de-tubage-a-lavancement\/systeme-xs-t\/#primaryimage\"},\"image\":{\"@id\":\"https:\/\/georocfor.com\/fr\/produits\/systemes-de-tubage-a-lavancement\/systeme-xs-t\/#primaryimage\"},\"thumbnailUrl\":\"https:\/\/georocfor.com\/wp-content\/uploads\/2025\/08\/Syst_XST-V2_-_24_000_0042.jpg\",\"datePublished\":\"2024-03-26T19:10:44+00:00\",\"dateModified\":\"2026-01-27T20:17:24+00:00\",\"description\":\"Syst\u00e8me XS-T GeoRocFor : solution de tubage \u00e0 l\u2019avancement fiable et performante pour forages techniques, fondations et travaux civils.\",\"breadcrumb\":{\"@id\":\"https:\/\/georocfor.com\/fr\/produits\/systemes-de-tubage-a-lavancement\/systeme-xs-t\/#breadcrumb\"},\"inLanguage\":\"fr-CA\",\"potentialAction\":[{\"@type\":\"ReadAction\",\"target\":[\"https:\/\/georocfor.com\/fr\/produits\/systemes-de-tubage-a-lavancement\/systeme-xs-t\/\"]}]},{\"@type\":\"ImageObject\",\"inLanguage\":\"fr-CA\",\"@id\":\"https:\/\/georocfor.com\/fr\/produits\/systemes-de-tubage-a-lavancement\/systeme-xs-t\/#primaryimage\",\"url\":\"https:\/\/georocfor.com\/wp-content\/uploads\/2025\/08\/Syst_XST-V2_-_24_000_0042.jpg\",\"contentUrl\":\"https:\/\/georocfor.com\/wp-content\/uploads\/2025\/08\/Syst_XST-V2_-_24_000_0042.jpg\",\"width\":640,\"height\":480,\"caption\":\"Syst\u00e8me Xs T V2.0 - 20,000\u2033 \/ 508mm \u00e0 28,000\u2033 \/ 711.2mm\"},{\"@type\":\"BreadcrumbList\",\"@id\":\"https:\/\/georocfor.com\/fr\/produits\/systemes-de-tubage-a-lavancement\/systeme-xs-t\/#breadcrumb\",\"itemListElement\":[{\"@type\":\"ListItem\",\"position\":1,\"name\":\"Home\",\"item\":\"https:\/\/georocfor.com\/fr\/\"},{\"@type\":\"ListItem\",\"position\":2,\"name\":\"Produits\",\"item\":\"https:\/\/georocfor.com\/fr\/produits\/\"},{\"@type\":\"ListItem\",\"position\":3,\"name\":\"Syst\u00e8mes de tubage \u00e0 l\u2019avancement\",\"item\":\"https:\/\/georocfor.com\/fr\/produits\/systemes-de-tubage-a-lavancement\/\"},{\"@type\":\"ListItem\",\"position\":4,\"name\":\"Syst\u00e8me Xs T\"}]},{\"@type\":\"WebSite\",\"@id\":\"https:\/\/georocfor.com\/fr\/#website\",\"url\":\"https:\/\/georocfor.com\/fr\/\",\"name\":\"GeoRocFor\",\"description\":\"\",\"publisher\":{\"@id\":\"https:\/\/georocfor.com\/fr\/#organization\"},\"potentialAction\":[{\"@type\":\"SearchAction\",\"target\":{\"@type\":\"EntryPoint\",\"urlTemplate\":\"https:\/\/georocfor.com\/fr\/?s={search_term_string}\"},\"query-input\":{\"@type\":\"PropertyValueSpecification\",\"valueRequired\":true,\"valueName\":\"search_term_string\"}}],\"inLanguage\":\"fr-CA\"},{\"@type\":\"Organization\",\"@id\":\"https:\/\/georocfor.com\/fr\/#organization\",\"name\":\"GeoRocFor\",\"url\":\"https:\/\/georocfor.com\/fr\/\",\"logo\":{\"@type\":\"ImageObject\",\"inLanguage\":\"fr-CA\",\"@id\":\"https:\/\/georocfor.com\/fr\/#\/schema\/logo\/image\/\",\"url\":\"https:\/\/georocfor.com\/wp-content\/uploads\/2024\/03\/georocfor_logo_457x64.png\",\"contentUrl\":\"https:\/\/georocfor.com\/wp-content\/uploads\/2024\/03\/georocfor_logo_457x64.png\",\"width\":457,\"height\":64,\"caption\":\"GeoRocFor\"},\"image\":{\"@id\":\"https:\/\/georocfor.com\/fr\/#\/schema\/logo\/image\/\"}}]}<\/script>\n<!-- \/ Yoast SEO plugin. -->","yoast_head_json":{"title":"Syst\u00e8me Xs T - GeoRocFor","description":"Syst\u00e8me XS-T GeoRocFor : solution de tubage \u00e0 l\u2019avancement fiable et performante pour forages techniques, fondations et travaux civils.","robots":{"index":"index","follow":"follow","max-snippet":"max-snippet:-1","max-image-preview":"max-image-preview:large","max-video-preview":"max-video-preview:-1"},"canonical":"https:\/\/georocfor.com\/fr\/produits\/systemes-de-tubage-a-lavancement\/systeme-xs-t\/","og_locale":"fr_CA","og_type":"article","og_title":"Syst\u00e8me Xs T - GeoRocFor","og_description":"Syst\u00e8me XS-T GeoRocFor : solution de tubage \u00e0 l\u2019avancement fiable et performante pour forages techniques, fondations et travaux civils.","og_url":"https:\/\/georocfor.com\/fr\/produits\/systemes-de-tubage-a-lavancement\/systeme-xs-t\/","og_site_name":"GeoRocFor","article_modified_time":"2026-01-27T20:17:24+00:00","og_image":[{"width":640,"height":480,"url":"https:\/\/georocfor.com\/wp-content\/uploads\/2025\/08\/Syst_XST-V2_-_24_000_0042.jpg","type":"image\/jpeg"}],"twitter_card":"summary_large_image","twitter_misc":{"Estimation du temps de lecture":"4 minutes"},"schema":{"@context":"https:\/\/schema.org","@graph":[{"@type":"WebPage","@id":"https:\/\/georocfor.com\/fr\/produits\/systemes-de-tubage-a-lavancement\/systeme-xs-t\/","url":"https:\/\/georocfor.com\/fr\/produits\/systemes-de-tubage-a-lavancement\/systeme-xs-t\/","name":"Syst\u00e8me Xs T - GeoRocFor","isPartOf":{"@id":"https:\/\/georocfor.com\/fr\/#website"},"primaryImageOfPage":{"@id":"https:\/\/georocfor.com\/fr\/produits\/systemes-de-tubage-a-lavancement\/systeme-xs-t\/#primaryimage"},"image":{"@id":"https:\/\/georocfor.com\/fr\/produits\/systemes-de-tubage-a-lavancement\/systeme-xs-t\/#primaryimage"},"thumbnailUrl":"https:\/\/georocfor.com\/wp-content\/uploads\/2025\/08\/Syst_XST-V2_-_24_000_0042.jpg","datePublished":"2024-03-26T19:10:44+00:00","dateModified":"2026-01-27T20:17:24+00:00","description":"Syst\u00e8me XS-T GeoRocFor : solution de tubage \u00e0 l\u2019avancement fiable et performante pour forages techniques, fondations et travaux civils.","breadcrumb":{"@id":"https:\/\/georocfor.com\/fr\/produits\/systemes-de-tubage-a-lavancement\/systeme-xs-t\/#breadcrumb"},"inLanguage":"fr-CA","potentialAction":[{"@type":"ReadAction","target":["https:\/\/georocfor.com\/fr\/produits\/systemes-de-tubage-a-lavancement\/systeme-xs-t\/"]}]},{"@type":"ImageObject","inLanguage":"fr-CA","@id":"https:\/\/georocfor.com\/fr\/produits\/systemes-de-tubage-a-lavancement\/systeme-xs-t\/#primaryimage","url":"https:\/\/georocfor.com\/wp-content\/uploads\/2025\/08\/Syst_XST-V2_-_24_000_0042.jpg","contentUrl":"https:\/\/georocfor.com\/wp-content\/uploads\/2025\/08\/Syst_XST-V2_-_24_000_0042.jpg","width":640,"height":480,"caption":"Syst\u00e8me Xs T V2.0 - 20,000\u2033 \/ 508mm \u00e0 28,000\u2033 \/ 711.2mm"},{"@type":"BreadcrumbList","@id":"https:\/\/georocfor.com\/fr\/produits\/systemes-de-tubage-a-lavancement\/systeme-xs-t\/#breadcrumb","itemListElement":[{"@type":"ListItem","position":1,"name":"Home","item":"https:\/\/georocfor.com\/fr\/"},{"@type":"ListItem","position":2,"name":"Produits","item":"https:\/\/georocfor.com\/fr\/produits\/"},{"@type":"ListItem","position":3,"name":"Syst\u00e8mes de tubage \u00e0 l\u2019avancement","item":"https:\/\/georocfor.com\/fr\/produits\/systemes-de-tubage-a-lavancement\/"},{"@type":"ListItem","position":4,"name":"Syst\u00e8me Xs T"}]},{"@type":"WebSite","@id":"https:\/\/georocfor.com\/fr\/#website","url":"https:\/\/georocfor.com\/fr\/","name":"GeoRocFor","description":"","publisher":{"@id":"https:\/\/georocfor.com\/fr\/#organization"},"potentialAction":[{"@type":"SearchAction","target":{"@type":"EntryPoint","urlTemplate":"https:\/\/georocfor.com\/fr\/?s={search_term_string}"},"query-input":{"@type":"PropertyValueSpecification","valueRequired":true,"valueName":"search_term_string"}}],"inLanguage":"fr-CA"},{"@type":"Organization","@id":"https:\/\/georocfor.com\/fr\/#organization","name":"GeoRocFor","url":"https:\/\/georocfor.com\/fr\/","logo":{"@type":"ImageObject","inLanguage":"fr-CA","@id":"https:\/\/georocfor.com\/fr\/#\/schema\/logo\/image\/","url":"https:\/\/georocfor.com\/wp-content\/uploads\/2024\/03\/georocfor_logo_457x64.png","contentUrl":"https:\/\/georocfor.com\/wp-content\/uploads\/2024\/03\/georocfor_logo_457x64.png","width":457,"height":64,"caption":"GeoRocFor"},"image":{"@id":"https:\/\/georocfor.com\/fr\/#\/schema\/logo\/image\/"}}]}},"jetpack_sharing_enabled":true,"_links":{"self":[{"href":"https:\/\/georocfor.com\/fr\/wp-json\/wp\/v2\/pages\/995081","targetHints":{"allow":["GET"]}}],"collection":[{"href":"https:\/\/georocfor.com\/fr\/wp-json\/wp\/v2\/pages"}],"about":[{"href":"https:\/\/georocfor.com\/fr\/wp-json\/wp\/v2\/types\/page"}],"author":[{"embeddable":true,"href":"https:\/\/georocfor.com\/fr\/wp-json\/wp\/v2\/users\/1"}],"replies":[{"embeddable":true,"href":"https:\/\/georocfor.com\/fr\/wp-json\/wp\/v2\/comments?post=995081"}],"version-history":[{"count":7,"href":"https:\/\/georocfor.com\/fr\/wp-json\/wp\/v2\/pages\/995081\/revisions"}],"predecessor-version":[{"id":995847,"href":"https:\/\/georocfor.com\/fr\/wp-json\/wp\/v2\/pages\/995081\/revisions\/995847"}],"up":[{"embeddable":true,"href":"https:\/\/georocfor.com\/fr\/wp-json\/wp\/v2\/pages\/995043"}],"wp:featuredmedia":[{"embeddable":true,"href":"https:\/\/georocfor.com\/fr\/wp-json\/wp\/v2\/media\/993680"}],"wp:attachment":[{"href":"https:\/\/georocfor.com\/fr\/wp-json\/wp\/v2\/media?parent=995081"}],"curies":[{"name":"wp","href":"https:\/\/api.w.org\/{rel}","templated":true}]}}