{"id":995078,"date":"2024-03-27T08:20:59","date_gmt":"2024-03-27T12:20:59","guid":{"rendered":"https:\/\/georocfor.com\/produits\/systemes-de-tubage-a-lavancement\/xs-ru-system\/"},"modified":"2026-01-27T15:12:19","modified_gmt":"2026-01-27T20:12:19","slug":"systeme-xs-ru","status":"publish","type":"page","link":"https:\/\/georocfor.com\/fr\/produits\/systemes-de-tubage-a-lavancement\/systeme-xs-ru\/","title":{"rendered":"Syst\u00e8me Xs RU"},"content":{"rendered":"<div class=\"vgblk-rw-wrapper limit-wrapper\">\r\n<h2>Description <br \/><b>Xs RU <\/b><\/h2>\r\n<p><strong>Le syst\u00e8me Xs RU (r\u00e9cup\u00e9rable\/r\u00e9utilisable) est utilis\u00e9 avec tout diam\u00e8tre de tubage devant \u00eatre retir\u00e9 du sol.<\/strong><\/p>\r\n<p>La partie rotative de la couronne poss\u00e8de un diam\u00e8tre sup\u00e9rieur \u00e0 celui du tubage et comporte des rainures de d\u00e9gagement sur sa p\u00e9riph\u00e9rie pour faciliter le processus de r\u00e9cup\u00e9ration. Ce syst\u00e8me est muni d&rsquo;une connexion soud\u00e9e bout-\u00e0-bout. Le syst\u00e8me Xs RU s&rsquo;utilise avec tout marteau DTH de taille standard.<\/p>\r\n<h2>Voir les produits du <br \/><b>syst\u00e8me Xs RU<\/b><\/h2>\r\n<p>Xs RU 4,500\u2033 &#8211; 7,000\u2033 (114.3mm &#8211; 177.8mm)<\/p>\r\n<p><a role=\"button\" href=\"https:\/\/georocfor.com\/fr\/produits\/systemes-de-tubage-a-lavancement\/systeme-xs-ru\/xs-ru-4500-114-3mm-a-7000-177-8mm\/\" target=\"_self\"> Voir le produit <\/a><\/p>\r\n<p>Xs RU 7,625\u2033- 9,625\u2033 (196.7mm &#8211; 244.5mm)<\/p>\r\n<p><a role=\"button\" href=\"https:\/\/georocfor.com\/fr\/produits\/systemes-de-tubage-a-lavancement\/systeme-xs-ru\/xs-ru-7625-196-7mm-a-9625-244-5mm\/\" target=\"_self\"> Voir le produit <\/a><\/p>\r\n<p>Xs RU 10,750\u2033- 14,000\u2033\u00a0(273mm &#8211; 355.6mm)<\/p>\r\n<p><a role=\"button\" href=\"https:\/\/georocfor.com\/fr\/produits\/systemes-de-tubage-a-lavancement\/systeme-xs-ru\/xs-ru-10750-273mm-a-14000-355-6mm\/\" target=\"_self\"> Voir le produit <\/a><\/p>\r\n<p>Xs RU 16,000\u2033 &#8211; 18,000\u2033 (406.4mm &#8211; 457.2mm)<\/p>\r\n<p><a role=\"button\" href=\"https:\/\/georocfor.com\/fr\/produits\/systemes-de-tubage-a-lavancement\/systeme-xs-ru\/xs-ru-16000-406-4mm-a-18000-457-2mm\/\" target=\"_self\"> Voir le produit <\/a><\/p>\r\n<p>Xs RU 20,000\u2033 &#8211; 28,000\u2033 (508mm &#8211; 711.2mm)<\/p>\r\n<p><a role=\"button\" href=\"https:\/\/georocfor.com\/fr\/produits\/systemes-de-tubage-a-lavancement\/systeme-xs-ru\/xs-ru-20000-508mm-a-28000-711-2mm\/\" target=\"_self\"> Voir le produit <\/a><\/p>\r\n<p>Xs RU 30,000\u2033 &#8211; 36,000\u2033 (762mm &#8211; 914.4mm)<\/p>\r\n<p><a role=\"button\" href=\"https:\/\/georocfor.com\/fr\/produits\/systemes-de-tubage-a-lavancement\/systeme-xs-ru\/xs-ru-30000-762mm-a-36000-914-4mm\/\" target=\"_self\"> Voir le produit <\/a><\/p>\r\n<h2>Nos <br \/><b>documents<\/b><\/h2>\r\n<h4><a title=\"Installation initiale\" href=\"https:\/\/georocfor.com\/wp-content\/uploads\/2025\/11\/Drillin-with-xs-drill-FR.pdf\" target=\"_blank\" rel=\"noopener\"> Installation initiale <\/a><\/h4>\r\n<p>Voici toutes les \u00e9tapes de pr\u00e9paration et de forage pour notre syst\u00e8me de forage.<\/p>\r\n<p><a role=\"button\" href=\"https:\/\/georocfor.com\/wp-content\/uploads\/2025\/11\/Drillin-with-xs-drill-FR.pdf\" target=\"_blank\" rel=\"noopener\"> En savoir plus <\/a> <iframe loading=\"lazy\" title=\"Drilling System Xs RU Georocfor\" src=\"https:\/\/www.youtube.com\/embed\/IYg9slMs4MY?feature=oembed\" width=\"1260\" height=\"945\" frameborder=\"0\" allowfullscreen=\"allowfullscreen\"><\/iframe><\/p>\r\n<h2>Avantages <br \/><b>du produit<\/b><\/h2>\r\n<h4><a title=\"Avantages par rapport aux syst\u00e8mes excentriques\" href=\"https:\/\/georocfor.com\/fr\/produits\/systemes-de-tubage-a-lavancement\/avantages-par-rapport-aux-systemes-excentriques\/\" target=\"_self\"> Avantages par rapport aux syst\u00e8mes excentriques <\/a><\/h4>\r\n<p>Un syst\u00e8me de forage concentrique offre un meilleur contr\u00f4le directionnel, un retrait de tubage plus facile et de meilleures performances dans des conditions de sol difficiles comparativement \u00e0 un syst\u00e8me excentrique.<\/p>\r\n<p><a role=\"button\" href=\"https:\/\/georocfor.com\/fr\/produits\/systemes-de-tubage-a-lavancement\/avantages-par-rapport-aux-systemes-excentriques\/\" target=\"_self\"> En savoir plus <\/a><\/p>\r\n<h4><a title=\"Avantages par rapport aux autres syst\u00e8mes concentrique\" href=\"https:\/\/georocfor.com\/fr\/produits\/systemes-de-tubage-a-lavancement\/avantages-par-rapport-aux-autres-systemes-concentrique\/\" target=\"_self\"> Avantages par rapport aux autres syst\u00e8mes concentrique <\/a><\/h4>\r\n<p>Le syst\u00e8me concentrique G\u00e9oRocFor offre une rectitude sup\u00e9rieure du trou de forage, des taux de p\u00e9n\u00e9tration plus \u00e9lev\u00e9s et la possibilit\u00e9 d&rsquo;utiliser de plus gros marteaux fond de trou (DTH), comparativement aux autres syst\u00e8mes concentriques.<\/p>\r\n<p><a role=\"button\" href=\"https:\/\/georocfor.com\/fr\/produits\/systemes-de-tubage-a-lavancement\/avantages-par-rapport-aux-autres-systemes-concentrique\/\" target=\"_self\"> En savoir plus <\/a><\/p>\r\n<h4><a title=\"Avantages par rapport aux syst\u00e8mes \u00e0 ailettes\" href=\"https:\/\/georocfor.com\/fr\/produits\/systemes-de-tubage-a-lavancement\/avantages-par-rapport-aux-systemes-a-ailettes\/\" target=\"_self\"> Avantages par rapport aux syst\u00e8mes \u00e0 ailettes <\/a><\/h4>\r\n<p>La conception enti\u00e8rement concentrique du Xs Drill permet un forage fluide et ininterrompu, m\u00eame dans des terrains de recouvrement difficiles, \u00e9vitant ainsi les blocages et les pics de couple fr\u00e9quemment rencontr\u00e9s avec les syst\u00e8mes \u00e0 ailettes.<\/p>\r\n<p><a role=\"button\" href=\"https:\/\/georocfor.com\/fr\/produits\/systemes-de-tubage-a-lavancement\/avantages-par-rapport-aux-systemes-a-ailettes\/\" target=\"_self\"> En savoir plus <\/a><\/p>\r\n<h2>Les <br \/><b>composants<\/b><\/h2>\r\n<p><img loading=\"lazy\" decoding=\"async\" title=\"Dr-XS-RU-6.625-250x250\" src=\"https:\/\/georocfor.com\/wp-content\/uploads\/2024\/03\/Dr-XS-RU-6.625-250x250-1.jpg\" sizes=\"auto, (max-width: 768px) 100vw, 100vw\" srcset=\"https:\/\/georocfor.com\/wp-content\/uploads\/2024\/03\/Dr-XS-RU-6.625-250x250-1.jpg 250w, https:\/\/georocfor.com\/wp-content\/uploads\/2024\/03\/Dr-XS-RU-6.625-250x250-1-100x100.jpg 100w, https:\/\/georocfor.com\/wp-content\/uploads\/2024\/03\/Dr-XS-RU-6.625-250x250-1-150x150.jpg 150w\" alt=\"Dr-XS-RU-6.625-250x250\" width=\"250\" height=\"250\" \/><\/p>\r\n<h3>Taillant d&rsquo;entra\u00eenement<\/h3>\r\n<p>Le taillant d&rsquo;entra\u00eenement est le dispositif qui transf\u00e8re l&rsquo;impact et la rotation \u00e0 la couronne pour le forage. Le taillant d&rsquo;entra\u00eenement s&#8217;embo\u00eete dans deux ou quatre m\u00e9plats sur la couronne du tubage et ils fonctionnent ensemble comme un taillant standard. Tant le taillant d&rsquo;entra\u00eenement que la couronne sont munis de boutons en carbure de tungst\u00e8ne.<\/p>\r\n<p><img loading=\"lazy\" decoding=\"async\" title=\"Cr-XS-RU-6.625-250x250\" src=\"https:\/\/georocfor.com\/wp-content\/uploads\/2024\/03\/Cr-XS-RU-6.625-250x250-1.jpg\" sizes=\"auto, (max-width: 768px) 100vw, 100vw\" srcset=\"https:\/\/georocfor.com\/wp-content\/uploads\/2024\/03\/Cr-XS-RU-6.625-250x250-1.jpg 250w, https:\/\/georocfor.com\/wp-content\/uploads\/2024\/03\/Cr-XS-RU-6.625-250x250-1-100x100.jpg 100w, https:\/\/georocfor.com\/wp-content\/uploads\/2024\/03\/Cr-XS-RU-6.625-250x250-1-150x150.jpg 150w\" alt=\"Cr-XS-RU-6.625-250x250\" width=\"250\" height=\"250\" \/><\/p>\r\n<h3>Couronne de forage<\/h3>\r\n<p>La couronne de forage est une unit\u00e9 compos\u00e9e de deux pi\u00e8ces reli\u00e9es de fa\u00e7on permanente. La partie sup\u00e9rieure est soud\u00e9e bout \u00e0 bout au tubage, tandis que la partie inf\u00e9rieure, qui contient du carbure de tungst\u00e8ne, peut tourner librement avec le taillant d&rsquo;entra\u00eenement.<\/p>\r\n<ul>\r\n<li><strong>Zone d&rsquo;impact :<\/strong> L&rsquo;\u00e9nergie directe du marteau est transf\u00e9r\u00e9e \u00e0 la couronne de forage par l&rsquo;entremise de quatre (4) \u00e9videments<\/li>\r\n<li>Deux (2) grands trous d&rsquo;air sont perc\u00e9s sur la face de la couronne (c\u00f4t\u00e9 forage). Ces trous sont directement connect\u00e9s \u00e0 deux (2) grands chemins d&rsquo;\u00e9vacuation, permettant de transporter les d\u00e9bris de forage depuis l&rsquo;extr\u00e9mit\u00e9 du taillant jusqu&rsquo;\u00e0 l&rsquo;int\u00e9rieur du tubage. Pour faciliter l&rsquo;\u00e9vacuation des d\u00e9bris, deux (2) petits trous d&rsquo;air dans les voies d&rsquo;\u00e9vacuation augmentent la vitesse des d\u00e9bris.<\/li>\r\n<\/ul>\r\n<\/div><!-- .vgblk-rw-wrapper -->","protected":false},"excerpt":{"rendered":"<p>Description Xs RU Le syst\u00e8me Xs RU (r\u00e9cup\u00e9rable\/r\u00e9utilisable) est utilis\u00e9 avec tout diam\u00e8tre de tubage devant \u00eatre retir\u00e9 du sol. La partie rotative de la couronne poss\u00e8de un diam\u00e8tre sup\u00e9rieur \u00e0 celui du tubage et comporte des rainures de d\u00e9gagement sur sa p\u00e9riph\u00e9rie pour faciliter le processus de r\u00e9cup\u00e9ration. Ce syst\u00e8me est muni d&rsquo;une connexion&#8230;<\/p>\n","protected":false},"author":1,"featured_media":994814,"parent":995043,"menu_order":0,"comment_status":"closed","ping_status":"closed","template":"","meta":{"_acf_changed":false,"inline_featured_image":false,"_monsterinsights_skip_tracking":false,"_monsterinsights_sitenote_active":false,"_monsterinsights_sitenote_note":"","_monsterinsights_sitenote_category":0,"footnotes":""},"class_list":["post-995078","page","type-page","status-publish","has-post-thumbnail","hentry"],"acf":[],"yoast_head":"<!-- This site is optimized with the Yoast SEO plugin v26.8 - https:\/\/yoast.com\/product\/yoast-seo-wordpress\/ -->\n<title>Syst\u00e8me Xs RU - GeoRocFor<\/title>\n<meta name=\"description\" content=\"D\u00e9couvrez le syst\u00e8me XS-RU GeoRocFor : tubage \u00e0 l\u2019avancement robuste con\u00e7u pour stabilisation efficace, durabilit\u00e9 et performance sur chantier.\" \/>\n<meta name=\"robots\" content=\"index, follow, max-snippet:-1, max-image-preview:large, max-video-preview:-1\" \/>\n<link rel=\"canonical\" href=\"https:\/\/georocfor.com\/fr\/produits\/systemes-de-tubage-a-lavancement\/systeme-xs-ru\/\" \/>\n<meta property=\"og:locale\" content=\"fr_CA\" \/>\n<meta property=\"og:type\" content=\"article\" \/>\n<meta property=\"og:title\" content=\"Syst\u00e8me Xs RU - GeoRocFor\" \/>\n<meta property=\"og:description\" content=\"D\u00e9couvrez le syst\u00e8me XS-RU GeoRocFor : tubage \u00e0 l\u2019avancement robuste con\u00e7u pour stabilisation efficace, durabilit\u00e9 et performance sur chantier.\" \/>\n<meta property=\"og:url\" content=\"https:\/\/georocfor.com\/fr\/produits\/systemes-de-tubage-a-lavancement\/systeme-xs-ru\/\" \/>\n<meta property=\"og:site_name\" content=\"GeoRocFor\" \/>\n<meta property=\"article:modified_time\" content=\"2026-01-27T20:12:19+00:00\" \/>\n<meta property=\"og:image\" content=\"https:\/\/georocfor.com\/wp-content\/uploads\/2025\/08\/Syst_XS-RU_-_24_000_0042.jpg\" \/>\n\t<meta property=\"og:image:width\" content=\"640\" \/>\n\t<meta property=\"og:image:height\" content=\"480\" \/>\n\t<meta property=\"og:image:type\" content=\"image\/jpeg\" \/>\n<meta name=\"twitter:card\" content=\"summary_large_image\" \/>\n<meta name=\"twitter:label1\" content=\"Estimation du temps de lecture\" \/>\n\t<meta name=\"twitter:data1\" content=\"3 minutes\" \/>\n<script type=\"application\/ld+json\" class=\"yoast-schema-graph\">{\"@context\":\"https:\/\/schema.org\",\"@graph\":[{\"@type\":\"WebPage\",\"@id\":\"https:\/\/georocfor.com\/fr\/produits\/systemes-de-tubage-a-lavancement\/systeme-xs-ru\/\",\"url\":\"https:\/\/georocfor.com\/fr\/produits\/systemes-de-tubage-a-lavancement\/systeme-xs-ru\/\",\"name\":\"Syst\u00e8me Xs RU - GeoRocFor\",\"isPartOf\":{\"@id\":\"https:\/\/georocfor.com\/fr\/#website\"},\"primaryImageOfPage\":{\"@id\":\"https:\/\/georocfor.com\/fr\/produits\/systemes-de-tubage-a-lavancement\/systeme-xs-ru\/#primaryimage\"},\"image\":{\"@id\":\"https:\/\/georocfor.com\/fr\/produits\/systemes-de-tubage-a-lavancement\/systeme-xs-ru\/#primaryimage\"},\"thumbnailUrl\":\"https:\/\/georocfor.com\/wp-content\/uploads\/2025\/08\/Syst_XS-RU_-_24_000_0042.jpg\",\"datePublished\":\"2024-03-27T12:20:59+00:00\",\"dateModified\":\"2026-01-27T20:12:19+00:00\",\"description\":\"D\u00e9couvrez le syst\u00e8me XS-RU GeoRocFor : tubage \u00e0 l\u2019avancement robuste con\u00e7u pour stabilisation efficace, durabilit\u00e9 et performance sur chantier.\",\"breadcrumb\":{\"@id\":\"https:\/\/georocfor.com\/fr\/produits\/systemes-de-tubage-a-lavancement\/systeme-xs-ru\/#breadcrumb\"},\"inLanguage\":\"fr-CA\",\"potentialAction\":[{\"@type\":\"ReadAction\",\"target\":[\"https:\/\/georocfor.com\/fr\/produits\/systemes-de-tubage-a-lavancement\/systeme-xs-ru\/\"]}]},{\"@type\":\"ImageObject\",\"inLanguage\":\"fr-CA\",\"@id\":\"https:\/\/georocfor.com\/fr\/produits\/systemes-de-tubage-a-lavancement\/systeme-xs-ru\/#primaryimage\",\"url\":\"https:\/\/georocfor.com\/wp-content\/uploads\/2025\/08\/Syst_XS-RU_-_24_000_0042.jpg\",\"contentUrl\":\"https:\/\/georocfor.com\/wp-content\/uploads\/2025\/08\/Syst_XS-RU_-_24_000_0042.jpg\",\"width\":640,\"height\":480,\"caption\":\"Syst\u00e8me Xs RU - 20,000\u2033 \/ 508mm \u00e0 28,000\u2033 \/ 711.2mm\"},{\"@type\":\"BreadcrumbList\",\"@id\":\"https:\/\/georocfor.com\/fr\/produits\/systemes-de-tubage-a-lavancement\/systeme-xs-ru\/#breadcrumb\",\"itemListElement\":[{\"@type\":\"ListItem\",\"position\":1,\"name\":\"Home\",\"item\":\"https:\/\/georocfor.com\/fr\/\"},{\"@type\":\"ListItem\",\"position\":2,\"name\":\"Produits\",\"item\":\"https:\/\/georocfor.com\/fr\/produits\/\"},{\"@type\":\"ListItem\",\"position\":3,\"name\":\"Syst\u00e8mes de tubage \u00e0 l\u2019avancement\",\"item\":\"https:\/\/georocfor.com\/fr\/produits\/systemes-de-tubage-a-lavancement\/\"},{\"@type\":\"ListItem\",\"position\":4,\"name\":\"Syst\u00e8me Xs RU\"}]},{\"@type\":\"WebSite\",\"@id\":\"https:\/\/georocfor.com\/fr\/#website\",\"url\":\"https:\/\/georocfor.com\/fr\/\",\"name\":\"GeoRocFor\",\"description\":\"\",\"publisher\":{\"@id\":\"https:\/\/georocfor.com\/fr\/#organization\"},\"potentialAction\":[{\"@type\":\"SearchAction\",\"target\":{\"@type\":\"EntryPoint\",\"urlTemplate\":\"https:\/\/georocfor.com\/fr\/?s={search_term_string}\"},\"query-input\":{\"@type\":\"PropertyValueSpecification\",\"valueRequired\":true,\"valueName\":\"search_term_string\"}}],\"inLanguage\":\"fr-CA\"},{\"@type\":\"Organization\",\"@id\":\"https:\/\/georocfor.com\/fr\/#organization\",\"name\":\"GeoRocFor\",\"url\":\"https:\/\/georocfor.com\/fr\/\",\"logo\":{\"@type\":\"ImageObject\",\"inLanguage\":\"fr-CA\",\"@id\":\"https:\/\/georocfor.com\/fr\/#\/schema\/logo\/image\/\",\"url\":\"https:\/\/georocfor.com\/wp-content\/uploads\/2024\/03\/georocfor_logo_457x64.png\",\"contentUrl\":\"https:\/\/georocfor.com\/wp-content\/uploads\/2024\/03\/georocfor_logo_457x64.png\",\"width\":457,\"height\":64,\"caption\":\"GeoRocFor\"},\"image\":{\"@id\":\"https:\/\/georocfor.com\/fr\/#\/schema\/logo\/image\/\"}}]}<\/script>\n<!-- \/ Yoast SEO plugin. -->","yoast_head_json":{"title":"Syst\u00e8me Xs RU - GeoRocFor","description":"D\u00e9couvrez le syst\u00e8me XS-RU GeoRocFor : tubage \u00e0 l\u2019avancement robuste con\u00e7u pour stabilisation efficace, durabilit\u00e9 et performance sur chantier.","robots":{"index":"index","follow":"follow","max-snippet":"max-snippet:-1","max-image-preview":"max-image-preview:large","max-video-preview":"max-video-preview:-1"},"canonical":"https:\/\/georocfor.com\/fr\/produits\/systemes-de-tubage-a-lavancement\/systeme-xs-ru\/","og_locale":"fr_CA","og_type":"article","og_title":"Syst\u00e8me Xs RU - GeoRocFor","og_description":"D\u00e9couvrez le syst\u00e8me XS-RU GeoRocFor : tubage \u00e0 l\u2019avancement robuste con\u00e7u pour stabilisation efficace, durabilit\u00e9 et performance sur chantier.","og_url":"https:\/\/georocfor.com\/fr\/produits\/systemes-de-tubage-a-lavancement\/systeme-xs-ru\/","og_site_name":"GeoRocFor","article_modified_time":"2026-01-27T20:12:19+00:00","og_image":[{"width":640,"height":480,"url":"https:\/\/georocfor.com\/wp-content\/uploads\/2025\/08\/Syst_XS-RU_-_24_000_0042.jpg","type":"image\/jpeg"}],"twitter_card":"summary_large_image","twitter_misc":{"Estimation du temps de lecture":"3 minutes"},"schema":{"@context":"https:\/\/schema.org","@graph":[{"@type":"WebPage","@id":"https:\/\/georocfor.com\/fr\/produits\/systemes-de-tubage-a-lavancement\/systeme-xs-ru\/","url":"https:\/\/georocfor.com\/fr\/produits\/systemes-de-tubage-a-lavancement\/systeme-xs-ru\/","name":"Syst\u00e8me Xs RU - GeoRocFor","isPartOf":{"@id":"https:\/\/georocfor.com\/fr\/#website"},"primaryImageOfPage":{"@id":"https:\/\/georocfor.com\/fr\/produits\/systemes-de-tubage-a-lavancement\/systeme-xs-ru\/#primaryimage"},"image":{"@id":"https:\/\/georocfor.com\/fr\/produits\/systemes-de-tubage-a-lavancement\/systeme-xs-ru\/#primaryimage"},"thumbnailUrl":"https:\/\/georocfor.com\/wp-content\/uploads\/2025\/08\/Syst_XS-RU_-_24_000_0042.jpg","datePublished":"2024-03-27T12:20:59+00:00","dateModified":"2026-01-27T20:12:19+00:00","description":"D\u00e9couvrez le syst\u00e8me XS-RU GeoRocFor : tubage \u00e0 l\u2019avancement robuste con\u00e7u pour stabilisation efficace, durabilit\u00e9 et performance sur chantier.","breadcrumb":{"@id":"https:\/\/georocfor.com\/fr\/produits\/systemes-de-tubage-a-lavancement\/systeme-xs-ru\/#breadcrumb"},"inLanguage":"fr-CA","potentialAction":[{"@type":"ReadAction","target":["https:\/\/georocfor.com\/fr\/produits\/systemes-de-tubage-a-lavancement\/systeme-xs-ru\/"]}]},{"@type":"ImageObject","inLanguage":"fr-CA","@id":"https:\/\/georocfor.com\/fr\/produits\/systemes-de-tubage-a-lavancement\/systeme-xs-ru\/#primaryimage","url":"https:\/\/georocfor.com\/wp-content\/uploads\/2025\/08\/Syst_XS-RU_-_24_000_0042.jpg","contentUrl":"https:\/\/georocfor.com\/wp-content\/uploads\/2025\/08\/Syst_XS-RU_-_24_000_0042.jpg","width":640,"height":480,"caption":"Syst\u00e8me Xs RU - 20,000\u2033 \/ 508mm \u00e0 28,000\u2033 \/ 711.2mm"},{"@type":"BreadcrumbList","@id":"https:\/\/georocfor.com\/fr\/produits\/systemes-de-tubage-a-lavancement\/systeme-xs-ru\/#breadcrumb","itemListElement":[{"@type":"ListItem","position":1,"name":"Home","item":"https:\/\/georocfor.com\/fr\/"},{"@type":"ListItem","position":2,"name":"Produits","item":"https:\/\/georocfor.com\/fr\/produits\/"},{"@type":"ListItem","position":3,"name":"Syst\u00e8mes de tubage \u00e0 l\u2019avancement","item":"https:\/\/georocfor.com\/fr\/produits\/systemes-de-tubage-a-lavancement\/"},{"@type":"ListItem","position":4,"name":"Syst\u00e8me Xs RU"}]},{"@type":"WebSite","@id":"https:\/\/georocfor.com\/fr\/#website","url":"https:\/\/georocfor.com\/fr\/","name":"GeoRocFor","description":"","publisher":{"@id":"https:\/\/georocfor.com\/fr\/#organization"},"potentialAction":[{"@type":"SearchAction","target":{"@type":"EntryPoint","urlTemplate":"https:\/\/georocfor.com\/fr\/?s={search_term_string}"},"query-input":{"@type":"PropertyValueSpecification","valueRequired":true,"valueName":"search_term_string"}}],"inLanguage":"fr-CA"},{"@type":"Organization","@id":"https:\/\/georocfor.com\/fr\/#organization","name":"GeoRocFor","url":"https:\/\/georocfor.com\/fr\/","logo":{"@type":"ImageObject","inLanguage":"fr-CA","@id":"https:\/\/georocfor.com\/fr\/#\/schema\/logo\/image\/","url":"https:\/\/georocfor.com\/wp-content\/uploads\/2024\/03\/georocfor_logo_457x64.png","contentUrl":"https:\/\/georocfor.com\/wp-content\/uploads\/2024\/03\/georocfor_logo_457x64.png","width":457,"height":64,"caption":"GeoRocFor"},"image":{"@id":"https:\/\/georocfor.com\/fr\/#\/schema\/logo\/image\/"}}]}},"jetpack_sharing_enabled":true,"_links":{"self":[{"href":"https:\/\/georocfor.com\/fr\/wp-json\/wp\/v2\/pages\/995078","targetHints":{"allow":["GET"]}}],"collection":[{"href":"https:\/\/georocfor.com\/fr\/wp-json\/wp\/v2\/pages"}],"about":[{"href":"https:\/\/georocfor.com\/fr\/wp-json\/wp\/v2\/types\/page"}],"author":[{"embeddable":true,"href":"https:\/\/georocfor.com\/fr\/wp-json\/wp\/v2\/users\/1"}],"replies":[{"embeddable":true,"href":"https:\/\/georocfor.com\/fr\/wp-json\/wp\/v2\/comments?post=995078"}],"version-history":[{"count":6,"href":"https:\/\/georocfor.com\/fr\/wp-json\/wp\/v2\/pages\/995078\/revisions"}],"predecessor-version":[{"id":995834,"href":"https:\/\/georocfor.com\/fr\/wp-json\/wp\/v2\/pages\/995078\/revisions\/995834"}],"up":[{"embeddable":true,"href":"https:\/\/georocfor.com\/fr\/wp-json\/wp\/v2\/pages\/995043"}],"wp:featuredmedia":[{"embeddable":true,"href":"https:\/\/georocfor.com\/fr\/wp-json\/wp\/v2\/media\/994814"}],"wp:attachment":[{"href":"https:\/\/georocfor.com\/fr\/wp-json\/wp\/v2\/media?parent=995078"}],"curies":[{"name":"wp","href":"https:\/\/api.w.org\/{rel}","templated":true}]}}