{"id":995073,"date":"2024-03-26T15:41:56","date_gmt":"2024-03-26T19:41:56","guid":{"rendered":"https:\/\/georocfor.com\/produits\/systemes-de-tubage-a-lavancement\/xs-gt3-system\/"},"modified":"2026-01-27T15:05:42","modified_gmt":"2026-01-27T20:05:42","slug":"systeme-xs-gt3","status":"publish","type":"page","link":"https:\/\/georocfor.com\/fr\/produits\/systemes-de-tubage-a-lavancement\/systeme-xs-gt3\/","title":{"rendered":"Syst\u00e8me Xs GT3"},"content":{"rendered":"<div class=\"vgblk-rw-wrapper limit-wrapper\">\r\n<h2>Description<br \/><b>Xs GT3<\/b><\/h2>\r\n<p>Le taillant d&rsquo;entrainement comporte trois (3) sections encastr\u00e9es qui transmettent l&rsquo;impact directement \u00e0 la couronne, fournissant ainsi la force n\u00e9cessaire pour forer et enfoncer le tubage. L&rsquo;extr\u00e9mit\u00e9 de per\u00e7age du taillant d&rsquo;entrainement est l\u00e9g\u00e8rement plus grande que le corps du taillant lui-m\u00eame afin de permettre un d\u00e9gagement lors du forage dans le roc. Ce syst\u00e8me permet d&rsquo;obtenir un diam\u00e8tre de trou de forage presque \u00e9gal au diam\u00e8tre int\u00e9rieur du tubage. La fixation de la couronne est de type embo\u00eetement.<\/p>\r\n<h2>Voir les produits du<br \/><b>syst\u00e8me Xs GT3 <\/b><\/h2>\r\n<p>Xs GT3 4,500\u2033 &#8211; 7,000\u2033 (114.3mm &#8211; 177.8mm)<\/p>\r\n<p><a role=\"button\" href=\"https:\/\/georocfor.com\/fr\/produits\/systemes-de-tubage-a-lavancement\/systeme-xs-gt3\/xs-gt3-4500-114-3mm-a-7000-2-177-8mm-2\/\" target=\"_self\"> Voir le produit <\/a><\/p>\r\n<p>Xs GT3 8,625\u2033 &#8211; 9,625\u2033 (219mm &#8211; 244.5mm)<\/p>\r\n<p><a role=\"button\" href=\"https:\/\/georocfor.com\/fr\/produits\/systemes-de-tubage-a-lavancement\/systeme-xs-gt3\/xs-gt3-8625-219mm-a-9625-244-5mm\/\" target=\"_self\"> Voir le produit <\/a><\/p>\r\n<p>Xs GT3 10,750\u2033- 14,000\u2033 (273mm &#8211; 355.6mm)<\/p>\r\n<p><a role=\"button\" href=\"https:\/\/georocfor.com\/fr\/produits\/systemes-de-tubage-a-lavancement\/systeme-xs-gt3\/xs-gt3-10750-273mm-a-14000-355-6mm\/\" target=\"_self\"> Voir le produit <\/a><\/p>\r\n<p>Xs GT3 16,000\u2033 &#8211; 18,000\u2033 (406.4mm &#8211; 457.2mm)<\/p>\r\n<p><a role=\"button\" href=\"https:\/\/georocfor.com\/fr\/produits\/systemes-de-tubage-a-lavancement\/systeme-xs-gt3\/xs-gt3-16000-406-4mm-a-18000-457-2mm\/\" target=\"_self\"> Voir le produit <\/a><\/p>\r\n<p>Xs GT3\u00a0 20,000\u2033 &#8211; 28,000\u2033 (508mm &#8211; 711.2mm)<\/p>\r\n<p><a role=\"button\" href=\"https:\/\/georocfor.com\/fr\/produits\/systemes-de-tubage-a-lavancement\/systeme-xs-gt3\/xs-gt3-20000-508mm-a-28000-711-2mm\/\" target=\"_self\"> Voir le produit <\/a><\/p>\r\n<p>Xs GT3 30,000\u2033 &#8211; 36,000\u2033 (762mm &#8211; 914.4mm)<\/p>\r\n<p><a role=\"button\" href=\"https:\/\/georocfor.com\/fr\/produits\/systemes-de-tubage-a-lavancement\/systeme-xs-gt3\/xs-gt3-30000-762mm-a-36000-914-4mm\/\" target=\"_self\"> Voir le produit <\/a> <iframe loading=\"lazy\" title=\"Drilling System XS GT Georocfor\" src=\"https:\/\/www.youtube.com\/embed\/ZUlH96Y1Lg8?feature=oembed\" width=\"1260\" height=\"945\" frameborder=\"0\" allowfullscreen=\"allowfullscreen\"><\/iframe><\/p>\r\n<h2>Avantages<br \/><b>du produit<\/b><\/h2>\r\n<h4><a title=\"Avantages par rapport aux syst\u00e8mes excentriques\" href=\"https:\/\/georocfor.com\/fr\/produits\/systemes-de-tubage-a-lavancement\/avantages-par-rapport-aux-systemes-excentriques\/\" target=\"_self\"> Avantages par rapport aux syst\u00e8mes excentriques <\/a><\/h4>\r\n<p>Un syst\u00e8me de forage concentrique offre un meilleur contr\u00f4le directionnel, un retrait de tubage plus facile et de meilleures performances dans des conditions de sol difficiles comparativement \u00e0 un syst\u00e8me excentrique.<\/p>\r\n<p><a role=\"button\" href=\"https:\/\/georocfor.com\/fr\/produits\/systemes-de-tubage-a-lavancement\/avantages-par-rapport-aux-systemes-excentriques\/\" target=\"_self\"> En savoir plus <\/a><\/p>\r\n<h4><a title=\"Avantages par rapport aux autres syst\u00e8mes concentrique\" href=\"https:\/\/georocfor.com\/fr\/produits\/systemes-de-tubage-a-lavancement\/avantages-par-rapport-aux-autres-systemes-concentrique\/\" target=\"_self\"> Avantages par rapport aux autres syst\u00e8mes concentrique <\/a><\/h4>\r\n<p>Le syst\u00e8me concentrique G\u00e9oRocFor offre une rectitude sup\u00e9rieure du trou de forage, des taux de p\u00e9n\u00e9tration plus \u00e9lev\u00e9s et la possibilit\u00e9 d&rsquo;utiliser de plus gros marteaux fond de trou (DTH), comparativement aux autres syst\u00e8mes concentriques.<\/p>\r\n<p><a role=\"button\" href=\"https:\/\/georocfor.com\/fr\/produits\/systemes-de-tubage-a-lavancement\/avantages-par-rapport-aux-autres-systemes-concentrique\/\" target=\"_self\"> En savoir plus <\/a><\/p>\r\n<h4><a title=\"Avantages par rapport aux syst\u00e8mes \u00e0 ailettes\" href=\"https:\/\/georocfor.com\/fr\/produits\/systemes-de-tubage-a-lavancement\/avantages-par-rapport-aux-systemes-a-ailettes\/\" target=\"_self\"> Avantages par rapport aux syst\u00e8mes \u00e0 ailettes <\/a><\/h4>\r\n<p>La conception enti\u00e8rement concentrique du Xs Drill permet un forage fluide et ininterrompu, m\u00eame dans des terrains de recouvrement difficiles, \u00e9vitant ainsi les blocages et les pics de couple fr\u00e9quemment rencontr\u00e9s avec les syst\u00e8mes \u00e0 ailettes.<\/p>\r\n<p><a role=\"button\" href=\"https:\/\/georocfor.com\/fr\/produits\/systemes-de-tubage-a-lavancement\/avantages-par-rapport-aux-systemes-a-ailettes\/\" target=\"_self\"> En savoir plus <\/a><\/p>\r\n<h2>Les <br \/><b>composants<\/b><\/h2>\r\n<p><img loading=\"lazy\" decoding=\"async\" title=\"georocfor_xs-gt3-components-driver-bit_250x250\" src=\"https:\/\/georocfor.com\/wp-content\/uploads\/2025\/08\/georocfor_xs-gt3-components-driver-bit_250x250.jpg\" sizes=\"auto, (max-width: 768px) 100vw, 100vw\" srcset=\"https:\/\/georocfor.com\/wp-content\/uploads\/2025\/08\/georocfor_xs-gt3-components-driver-bit_250x250.jpg 250w, https:\/\/georocfor.com\/wp-content\/uploads\/2025\/08\/georocfor_xs-gt3-components-driver-bit_250x250-150x150.jpg 150w, https:\/\/georocfor.com\/wp-content\/uploads\/2025\/08\/georocfor_xs-gt3-components-driver-bit_250x250-100x100.jpg 100w\" alt=\"georocfor_xs-gt3-components-driver-bit_250x250\" width=\"250\" height=\"250\" \/><\/p>\r\n<h3>Taillant d&rsquo;entra\u00eenement<\/h3>\r\n<p>Le taillant d&rsquo;entra\u00eenement est l&rsquo;\u00e9l\u00e9ment qui transmet l&rsquo;impact et la rotation \u00e0 la couronne pour le forage. Le taillant d&rsquo;entra\u00eenement s&rsquo;ins\u00e8re dans trois plats de la couronne du tubage, et ils fonctionnent ensemble comme un taillant standard; le taillant d&rsquo;entra\u00eenement et la couronne sont tous deux munis de boutons en carbure de tungst\u00e8ne. Le taillant d&rsquo;entra\u00eenement fore avec la couronne en faisant avancer le tubage jusqu&rsquo;\u00e0 la profondeur d\u00e9sir\u00e9e. Par la suite, le m\u00eame taillant d&rsquo;entra\u00eenement peut \u00eatre utilis\u00e9 pour le forage de sous-tubage.<\/p>\r\n<p><img loading=\"lazy\" decoding=\"async\" title=\"georocfor_xs-gt3-components-crown-bit_250x250\" src=\"https:\/\/georocfor.com\/wp-content\/uploads\/2025\/08\/georocfor_xs-gt3-components-crown-bit_250x250.jpg\" sizes=\"auto, (max-width: 768px) 100vw, 100vw\" srcset=\"https:\/\/georocfor.com\/wp-content\/uploads\/2025\/08\/georocfor_xs-gt3-components-crown-bit_250x250.jpg 250w, https:\/\/georocfor.com\/wp-content\/uploads\/2025\/08\/georocfor_xs-gt3-components-crown-bit_250x250-150x150.jpg 150w, https:\/\/georocfor.com\/wp-content\/uploads\/2025\/08\/georocfor_xs-gt3-components-crown-bit_250x250-100x100.jpg 100w\" alt=\"georocfor_xs-gt3-components-crown-bit_250x250\" width=\"250\" height=\"250\" \/><\/p>\r\n<h3>Couronne de forage<\/h3>\r\n<p>La couronne de forage est une unit\u00e9 compos\u00e9e de deux pi\u00e8ces reli\u00e9es de fa\u00e7on permanente. La partie sup\u00e9rieure est soud\u00e9e au tubage, tandis que la partie inf\u00e9rieure, qui comporte du carbure de tungst\u00e8ne, est libre de tourner avec le taillant d&rsquo;entra\u00eenement.<\/p>\r\n<ul>\r\n<li>L&rsquo;\u00e9nergie directe du marteau est transf\u00e9r\u00e9e \u00e0 la couronne de forage par l&rsquo;interm\u00e9diaire de trois (3) \u00e9videments form\u00e9s par la surface de verrouillage.<\/li>\r\n<li>Trois (3) grands trous d&rsquo;air sont perc\u00e9s sur la face de la couronne (c\u00f4t\u00e9 forage). Ces trous sont directement connect\u00e9s \u00e0 trois (3) grands chemins d&rsquo;\u00e9vacuation, permettant de transporter les d\u00e9bris de forage depuis l&rsquo;extr\u00e9mit\u00e9 du taillant jusqu&rsquo;\u00e0 l&rsquo;int\u00e9rieur du tubage. Pour faciliter l&rsquo;\u00e9vacuation des d\u00e9bris, trois (3) petits trous d&rsquo;air dans les voies d&rsquo;\u00e9vacuation augmentent la vitesse des d\u00e9bris.<\/li>\r\n<\/ul>\r\n<\/div><!-- .vgblk-rw-wrapper -->","protected":false},"excerpt":{"rendered":"<p>DescriptionXs GT3 Le taillant d&rsquo;entrainement comporte trois (3) sections encastr\u00e9es qui transmettent l&rsquo;impact directement \u00e0 la couronne, fournissant ainsi la force n\u00e9cessaire pour forer et enfoncer le tubage. L&rsquo;extr\u00e9mit\u00e9 de per\u00e7age du taillant d&rsquo;entrainement est l\u00e9g\u00e8rement plus grande que le corps du taillant lui-m\u00eame afin de permettre un d\u00e9gagement lors du forage dans le roc&#8230;.<\/p>\n","protected":false},"author":1,"featured_media":994925,"parent":995043,"menu_order":0,"comment_status":"closed","ping_status":"closed","template":"","meta":{"_acf_changed":false,"inline_featured_image":false,"_monsterinsights_skip_tracking":false,"_monsterinsights_sitenote_active":false,"_monsterinsights_sitenote_note":"","_monsterinsights_sitenote_category":0,"footnotes":""},"class_list":["post-995073","page","type-page","status-publish","has-post-thumbnail","hentry"],"acf":[],"yoast_head":"<!-- This site is optimized with the Yoast SEO plugin v26.8 - https:\/\/yoast.com\/product\/yoast-seo-wordpress\/ -->\n<title>Syst\u00e8me Xs GT3 - GeoRocFor<\/title>\n<meta name=\"description\" content=\"Syst\u00e8me XS-GT3 GeoRocFor pour tubage \u00e0 l\u2019avancement : pr\u00e9cision, durabilit\u00e9 et optimisation des op\u00e9rations de forage profond.\" \/>\n<meta name=\"robots\" content=\"index, follow, max-snippet:-1, max-image-preview:large, max-video-preview:-1\" \/>\n<link rel=\"canonical\" href=\"https:\/\/georocfor.com\/fr\/produits\/systemes-de-tubage-a-lavancement\/systeme-xs-gt3\/\" \/>\n<meta property=\"og:locale\" content=\"fr_CA\" \/>\n<meta property=\"og:type\" content=\"article\" \/>\n<meta property=\"og:title\" content=\"Syst\u00e8me Xs GT3 - GeoRocFor\" \/>\n<meta property=\"og:description\" content=\"Syst\u00e8me XS-GT3 GeoRocFor pour tubage \u00e0 l\u2019avancement : pr\u00e9cision, durabilit\u00e9 et optimisation des op\u00e9rations de forage profond.\" \/>\n<meta property=\"og:url\" content=\"https:\/\/georocfor.com\/fr\/produits\/systemes-de-tubage-a-lavancement\/systeme-xs-gt3\/\" \/>\n<meta property=\"og:site_name\" content=\"GeoRocFor\" \/>\n<meta property=\"article:modified_time\" content=\"2026-01-27T20:05:42+00:00\" \/>\n<meta property=\"og:image\" content=\"https:\/\/georocfor.com\/wp-content\/uploads\/2025\/08\/georocfor_xs-gt3-components-driver-bit_250x250.jpg\" \/>\n\t<meta property=\"og:image:width\" content=\"250\" \/>\n\t<meta property=\"og:image:height\" content=\"250\" \/>\n\t<meta property=\"og:image:type\" content=\"image\/jpeg\" \/>\n<meta name=\"twitter:card\" content=\"summary_large_image\" \/>\n<meta name=\"twitter:label1\" content=\"Estimation du temps de lecture\" \/>\n\t<meta name=\"twitter:data1\" content=\"3 minutes\" \/>\n<script type=\"application\/ld+json\" class=\"yoast-schema-graph\">{\"@context\":\"https:\/\/schema.org\",\"@graph\":[{\"@type\":\"WebPage\",\"@id\":\"https:\/\/georocfor.com\/fr\/produits\/systemes-de-tubage-a-lavancement\/systeme-xs-gt3\/\",\"url\":\"https:\/\/georocfor.com\/fr\/produits\/systemes-de-tubage-a-lavancement\/systeme-xs-gt3\/\",\"name\":\"Syst\u00e8me Xs GT3 - GeoRocFor\",\"isPartOf\":{\"@id\":\"https:\/\/georocfor.com\/fr\/#website\"},\"primaryImageOfPage\":{\"@id\":\"https:\/\/georocfor.com\/fr\/produits\/systemes-de-tubage-a-lavancement\/systeme-xs-gt3\/#primaryimage\"},\"image\":{\"@id\":\"https:\/\/georocfor.com\/fr\/produits\/systemes-de-tubage-a-lavancement\/systeme-xs-gt3\/#primaryimage\"},\"thumbnailUrl\":\"https:\/\/georocfor.com\/wp-content\/uploads\/2025\/08\/georocfor_xs-gt3-components-driver-bit_250x250.jpg\",\"datePublished\":\"2024-03-26T19:41:56+00:00\",\"dateModified\":\"2026-01-27T20:05:42+00:00\",\"description\":\"Syst\u00e8me XS-GT3 GeoRocFor pour tubage \u00e0 l\u2019avancement : pr\u00e9cision, durabilit\u00e9 et optimisation des op\u00e9rations de forage profond.\",\"breadcrumb\":{\"@id\":\"https:\/\/georocfor.com\/fr\/produits\/systemes-de-tubage-a-lavancement\/systeme-xs-gt3\/#breadcrumb\"},\"inLanguage\":\"fr-CA\",\"potentialAction\":[{\"@type\":\"ReadAction\",\"target\":[\"https:\/\/georocfor.com\/fr\/produits\/systemes-de-tubage-a-lavancement\/systeme-xs-gt3\/\"]}]},{\"@type\":\"ImageObject\",\"inLanguage\":\"fr-CA\",\"@id\":\"https:\/\/georocfor.com\/fr\/produits\/systemes-de-tubage-a-lavancement\/systeme-xs-gt3\/#primaryimage\",\"url\":\"https:\/\/georocfor.com\/wp-content\/uploads\/2025\/08\/georocfor_xs-gt3-components-driver-bit_250x250.jpg\",\"contentUrl\":\"https:\/\/georocfor.com\/wp-content\/uploads\/2025\/08\/georocfor_xs-gt3-components-driver-bit_250x250.jpg\",\"width\":250,\"height\":250,\"caption\":\"Syst\u00e8me Xs GT3 - Taillant d'entra\u00eenement\"},{\"@type\":\"BreadcrumbList\",\"@id\":\"https:\/\/georocfor.com\/fr\/produits\/systemes-de-tubage-a-lavancement\/systeme-xs-gt3\/#breadcrumb\",\"itemListElement\":[{\"@type\":\"ListItem\",\"position\":1,\"name\":\"Home\",\"item\":\"https:\/\/georocfor.com\/fr\/\"},{\"@type\":\"ListItem\",\"position\":2,\"name\":\"Produits\",\"item\":\"https:\/\/georocfor.com\/fr\/produits\/\"},{\"@type\":\"ListItem\",\"position\":3,\"name\":\"Syst\u00e8mes de tubage \u00e0 l\u2019avancement\",\"item\":\"https:\/\/georocfor.com\/fr\/produits\/systemes-de-tubage-a-lavancement\/\"},{\"@type\":\"ListItem\",\"position\":4,\"name\":\"Syst\u00e8me Xs GT3\"}]},{\"@type\":\"WebSite\",\"@id\":\"https:\/\/georocfor.com\/fr\/#website\",\"url\":\"https:\/\/georocfor.com\/fr\/\",\"name\":\"GeoRocFor\",\"description\":\"\",\"publisher\":{\"@id\":\"https:\/\/georocfor.com\/fr\/#organization\"},\"potentialAction\":[{\"@type\":\"SearchAction\",\"target\":{\"@type\":\"EntryPoint\",\"urlTemplate\":\"https:\/\/georocfor.com\/fr\/?s={search_term_string}\"},\"query-input\":{\"@type\":\"PropertyValueSpecification\",\"valueRequired\":true,\"valueName\":\"search_term_string\"}}],\"inLanguage\":\"fr-CA\"},{\"@type\":\"Organization\",\"@id\":\"https:\/\/georocfor.com\/fr\/#organization\",\"name\":\"GeoRocFor\",\"url\":\"https:\/\/georocfor.com\/fr\/\",\"logo\":{\"@type\":\"ImageObject\",\"inLanguage\":\"fr-CA\",\"@id\":\"https:\/\/georocfor.com\/fr\/#\/schema\/logo\/image\/\",\"url\":\"https:\/\/georocfor.com\/wp-content\/uploads\/2024\/03\/georocfor_logo_457x64.png\",\"contentUrl\":\"https:\/\/georocfor.com\/wp-content\/uploads\/2024\/03\/georocfor_logo_457x64.png\",\"width\":457,\"height\":64,\"caption\":\"GeoRocFor\"},\"image\":{\"@id\":\"https:\/\/georocfor.com\/fr\/#\/schema\/logo\/image\/\"}}]}<\/script>\n<!-- \/ Yoast SEO plugin. -->","yoast_head_json":{"title":"Syst\u00e8me Xs GT3 - GeoRocFor","description":"Syst\u00e8me XS-GT3 GeoRocFor pour tubage \u00e0 l\u2019avancement : pr\u00e9cision, durabilit\u00e9 et optimisation des op\u00e9rations de forage profond.","robots":{"index":"index","follow":"follow","max-snippet":"max-snippet:-1","max-image-preview":"max-image-preview:large","max-video-preview":"max-video-preview:-1"},"canonical":"https:\/\/georocfor.com\/fr\/produits\/systemes-de-tubage-a-lavancement\/systeme-xs-gt3\/","og_locale":"fr_CA","og_type":"article","og_title":"Syst\u00e8me Xs GT3 - GeoRocFor","og_description":"Syst\u00e8me XS-GT3 GeoRocFor pour tubage \u00e0 l\u2019avancement : pr\u00e9cision, durabilit\u00e9 et optimisation des op\u00e9rations de forage profond.","og_url":"https:\/\/georocfor.com\/fr\/produits\/systemes-de-tubage-a-lavancement\/systeme-xs-gt3\/","og_site_name":"GeoRocFor","article_modified_time":"2026-01-27T20:05:42+00:00","og_image":[{"width":250,"height":250,"url":"https:\/\/georocfor.com\/wp-content\/uploads\/2025\/08\/georocfor_xs-gt3-components-driver-bit_250x250.jpg","type":"image\/jpeg"}],"twitter_card":"summary_large_image","twitter_misc":{"Estimation du temps de lecture":"3 minutes"},"schema":{"@context":"https:\/\/schema.org","@graph":[{"@type":"WebPage","@id":"https:\/\/georocfor.com\/fr\/produits\/systemes-de-tubage-a-lavancement\/systeme-xs-gt3\/","url":"https:\/\/georocfor.com\/fr\/produits\/systemes-de-tubage-a-lavancement\/systeme-xs-gt3\/","name":"Syst\u00e8me Xs GT3 - GeoRocFor","isPartOf":{"@id":"https:\/\/georocfor.com\/fr\/#website"},"primaryImageOfPage":{"@id":"https:\/\/georocfor.com\/fr\/produits\/systemes-de-tubage-a-lavancement\/systeme-xs-gt3\/#primaryimage"},"image":{"@id":"https:\/\/georocfor.com\/fr\/produits\/systemes-de-tubage-a-lavancement\/systeme-xs-gt3\/#primaryimage"},"thumbnailUrl":"https:\/\/georocfor.com\/wp-content\/uploads\/2025\/08\/georocfor_xs-gt3-components-driver-bit_250x250.jpg","datePublished":"2024-03-26T19:41:56+00:00","dateModified":"2026-01-27T20:05:42+00:00","description":"Syst\u00e8me XS-GT3 GeoRocFor pour tubage \u00e0 l\u2019avancement : pr\u00e9cision, durabilit\u00e9 et optimisation des op\u00e9rations de forage profond.","breadcrumb":{"@id":"https:\/\/georocfor.com\/fr\/produits\/systemes-de-tubage-a-lavancement\/systeme-xs-gt3\/#breadcrumb"},"inLanguage":"fr-CA","potentialAction":[{"@type":"ReadAction","target":["https:\/\/georocfor.com\/fr\/produits\/systemes-de-tubage-a-lavancement\/systeme-xs-gt3\/"]}]},{"@type":"ImageObject","inLanguage":"fr-CA","@id":"https:\/\/georocfor.com\/fr\/produits\/systemes-de-tubage-a-lavancement\/systeme-xs-gt3\/#primaryimage","url":"https:\/\/georocfor.com\/wp-content\/uploads\/2025\/08\/georocfor_xs-gt3-components-driver-bit_250x250.jpg","contentUrl":"https:\/\/georocfor.com\/wp-content\/uploads\/2025\/08\/georocfor_xs-gt3-components-driver-bit_250x250.jpg","width":250,"height":250,"caption":"Syst\u00e8me Xs GT3 - Taillant d'entra\u00eenement"},{"@type":"BreadcrumbList","@id":"https:\/\/georocfor.com\/fr\/produits\/systemes-de-tubage-a-lavancement\/systeme-xs-gt3\/#breadcrumb","itemListElement":[{"@type":"ListItem","position":1,"name":"Home","item":"https:\/\/georocfor.com\/fr\/"},{"@type":"ListItem","position":2,"name":"Produits","item":"https:\/\/georocfor.com\/fr\/produits\/"},{"@type":"ListItem","position":3,"name":"Syst\u00e8mes de tubage \u00e0 l\u2019avancement","item":"https:\/\/georocfor.com\/fr\/produits\/systemes-de-tubage-a-lavancement\/"},{"@type":"ListItem","position":4,"name":"Syst\u00e8me Xs GT3"}]},{"@type":"WebSite","@id":"https:\/\/georocfor.com\/fr\/#website","url":"https:\/\/georocfor.com\/fr\/","name":"GeoRocFor","description":"","publisher":{"@id":"https:\/\/georocfor.com\/fr\/#organization"},"potentialAction":[{"@type":"SearchAction","target":{"@type":"EntryPoint","urlTemplate":"https:\/\/georocfor.com\/fr\/?s={search_term_string}"},"query-input":{"@type":"PropertyValueSpecification","valueRequired":true,"valueName":"search_term_string"}}],"inLanguage":"fr-CA"},{"@type":"Organization","@id":"https:\/\/georocfor.com\/fr\/#organization","name":"GeoRocFor","url":"https:\/\/georocfor.com\/fr\/","logo":{"@type":"ImageObject","inLanguage":"fr-CA","@id":"https:\/\/georocfor.com\/fr\/#\/schema\/logo\/image\/","url":"https:\/\/georocfor.com\/wp-content\/uploads\/2024\/03\/georocfor_logo_457x64.png","contentUrl":"https:\/\/georocfor.com\/wp-content\/uploads\/2024\/03\/georocfor_logo_457x64.png","width":457,"height":64,"caption":"GeoRocFor"},"image":{"@id":"https:\/\/georocfor.com\/fr\/#\/schema\/logo\/image\/"}}]}},"jetpack_sharing_enabled":true,"_links":{"self":[{"href":"https:\/\/georocfor.com\/fr\/wp-json\/wp\/v2\/pages\/995073","targetHints":{"allow":["GET"]}}],"collection":[{"href":"https:\/\/georocfor.com\/fr\/wp-json\/wp\/v2\/pages"}],"about":[{"href":"https:\/\/georocfor.com\/fr\/wp-json\/wp\/v2\/types\/page"}],"author":[{"embeddable":true,"href":"https:\/\/georocfor.com\/fr\/wp-json\/wp\/v2\/users\/1"}],"replies":[{"embeddable":true,"href":"https:\/\/georocfor.com\/fr\/wp-json\/wp\/v2\/comments?post=995073"}],"version-history":[{"count":7,"href":"https:\/\/georocfor.com\/fr\/wp-json\/wp\/v2\/pages\/995073\/revisions"}],"predecessor-version":[{"id":995820,"href":"https:\/\/georocfor.com\/fr\/wp-json\/wp\/v2\/pages\/995073\/revisions\/995820"}],"up":[{"embeddable":true,"href":"https:\/\/georocfor.com\/fr\/wp-json\/wp\/v2\/pages\/995043"}],"wp:featuredmedia":[{"embeddable":true,"href":"https:\/\/georocfor.com\/fr\/wp-json\/wp\/v2\/media\/994925"}],"wp:attachment":[{"href":"https:\/\/georocfor.com\/fr\/wp-json\/wp\/v2\/media?parent=995073"}],"curies":[{"name":"wp","href":"https:\/\/api.w.org\/{rel}","templated":true}]}}