{"id":995071,"date":"2024-03-27T08:34:17","date_gmt":"2024-03-27T12:34:17","guid":{"rendered":"https:\/\/georocfor.com\/produits\/systemes-de-tubage-a-lavancement\/xs-fp-fph-system\/"},"modified":"2026-01-27T15:03:27","modified_gmt":"2026-01-27T20:03:27","slug":"systeme-xs-fp-fph","status":"publish","type":"page","link":"https:\/\/georocfor.com\/fr\/produits\/systemes-de-tubage-a-lavancement\/systeme-xs-fp-fph\/","title":{"rendered":"Syst\u00e8me Xs FP \/ FPH"},"content":{"rendered":"<div class=\"vgblk-rw-wrapper limit-wrapper\">\r\n<h2>Description <br \/><b>Xs FP \/ FPH<\/b><\/h2>\r\n<p><strong>Les syst\u00e8mes Xs FP et FPH sont utilis\u00e9s dans les applications de vo\u00fbte parapluie, de drainage et d&rsquo;injection.<\/strong><\/p>\r\n<p>Utilis\u00e9s avec des foreuses avec marteau hors trou ou des marteaux fond de trou (DTH), ces syst\u00e8mes ont \u00e9t\u00e9 principalement d\u00e9velopp\u00e9s pour le creusement de tunnels dans des formations non consolid\u00e9es.<\/p>\r\n<p>Le taillant d&rsquo;entra\u00eenement standard est offert sans rainures de verrouillage et porte le nom NLS (syst\u00e8me sans verrouillage). Le r\u00f4le du taillant d&rsquo;entra\u00eenement est de transmettre la rotation et la percussion \u00e0 la couronne.<\/p>\r\n<p>Le NLS s&rsquo;est r\u00e9v\u00e9l\u00e9 \u00eatre le syst\u00e8me le plus performant et le plus convivial sur le march\u00e9. Une fois le forage termin\u00e9, il est tr\u00e8s facile de d\u00e9sengager la couronne simplement en tirant vers l&rsquo;arri\u00e8re.<\/p>\r\n<h2>Voir les produits du <br \/><b>syst\u00e8me Xs FP \/ FPH<\/b><\/h2>\r\n<p>Xs FP \/ FPH 3,000\u2033 &#8211; 3,500\u2033 (72.2mm &#8211; 88.9mm)<\/p>\r\n<p><a role=\"button\" href=\"https:\/\/georocfor.com\/fr\/produits\/systemes-de-tubage-a-lavancement\/systeme-xs-fp-fph\/xs-fp-fph-3000-72-2mm-a-3500-88-9mm\/\" target=\"_self\"> Voir le produit <\/a><\/p>\r\n<p>Xs FP \/ FPH 4,000\u2033- 4,500\u2033 (101.6mm &#8211; 114.3mm)<\/p>\r\n<p><a role=\"button\" href=\"https:\/\/georocfor.com\/fr\/produits\/systemes-de-tubage-a-lavancement\/systeme-xs-fp-fph\/xs-fp-fph-4000-101-6mm-a-4500-114-3mm\/\" target=\"_self\"> Voir le produit <\/a><\/p>\r\n<p>Xs FP \/ FPH 5,000\u2033 &#8211; 6,000\u2033 (127mm &#8211; 152.4mm)<\/p>\r\n<p><a role=\"button\" href=\"https:\/\/georocfor.com\/fr\/produits\/systemes-de-tubage-a-lavancement\/systeme-xs-fp-fph\/xs-fp-fph-5000-127mm-a-6000-152-4mm\/\" target=\"_self\"> Voir le produit <\/a><\/p>\r\n<h2>Nos <br \/><b>documents<\/b><\/h2>\r\n<h4><a title=\"Brochure\" href=\"https:\/\/georocfor.com\/wp-content\/uploads\/2025\/11\/FR-Brochure-georocfor_tunnel_FR.pdf\" target=\"_blank\" rel=\"noopener\"> Brochure <\/a><\/h4>\r\n<p>Pour en savoir plus sur le syst\u00e8me, veuillez consulter la brochure<\/p>\r\n<p><a role=\"button\" href=\"https:\/\/georocfor.com\/wp-content\/uploads\/2025\/11\/FR-Brochure-georocfor_tunnel_FR.pdf\" target=\"_blank\" rel=\"noopener\"> En savoir plus <\/a> <iframe loading=\"lazy\" title=\"Drilling System Xs FP \/ Xs FPH Georocfor\" src=\"https:\/\/www.youtube.com\/embed\/7hFpRtlqfJE?feature=oembed\" width=\"1260\" height=\"945\" frameborder=\"0\" allowfullscreen=\"allowfullscreen\"><\/iframe><\/p>\r\n<h2>Avantages <br \/><b>du produit <\/b><\/h2>\r\n<h4>Avantages<\/h4>\r\n<p>Lorsqu&rsquo;il est utilis\u00e9 \u00e0 l&rsquo;horizontale, ce syst\u00e8me est utilis\u00e9 sans rainures de verrouillage, ce qui rend le retrait du taillant d&rsquo;entra\u00eenement du trou beaucoup plus facile. L&rsquo;op\u00e9rateur n&rsquo;a pas \u00e0 perdre de temps pr\u00e9cieux \u00e0 essayer de d\u00e9verrouiller le syst\u00e8me.<\/p>\r\n<p>Nous offrons aussi un syst\u00e8me sp\u00e9cial pour le forage dans les formations argileuses. Ce syst\u00e8me a \u00e9t\u00e9 adapt\u00e9 pour \u00eatre plus agressif lors du per\u00e7age (meilleur taux de p\u00e9n\u00e9tration) et permettre plus d&rsquo;espace pour que les d\u00e9blais collants puissent s&rsquo;\u00e9vacuer.<\/p>\r\n<h2>Les <br \/><b>composants<\/b><\/h2>\r\n<p><img loading=\"lazy\" decoding=\"async\" title=\"Dr-XS-FPH-3.500-250x250\" src=\"https:\/\/georocfor.com\/wp-content\/uploads\/2024\/03\/Dr-XS-FPH-3.500-250x250-1.jpg\" sizes=\"auto, (max-width: 768px) 100vw, 100vw\" srcset=\"https:\/\/georocfor.com\/wp-content\/uploads\/2024\/03\/Dr-XS-FPH-3.500-250x250-1.jpg 250w, https:\/\/georocfor.com\/wp-content\/uploads\/2024\/03\/Dr-XS-FPH-3.500-250x250-1-100x100.jpg 100w, https:\/\/georocfor.com\/wp-content\/uploads\/2024\/03\/Dr-XS-FPH-3.500-250x250-1-150x150.jpg 150w\" alt=\"Dr-XS-FPH-3.500-250x250\" width=\"250\" height=\"250\" \/><\/p>\r\n<h3>Taillant d&rsquo;entra\u00eenement<\/h3>\r\n<p>Le taillant d&rsquo;entra\u00eenement est l&rsquo;outil qui transf\u00e8re l&rsquo;impact et la rotation \u00e0 la couronne pour le forage. Le taillant d&rsquo;entra\u00eenement s&rsquo;ins\u00e8re dans la couronne et ils fonctionnent ensemble comme un taillant standard. Les deux, le taillant d&rsquo;entra\u00eenement et la couronne, sont munis de pastilles en carbure de tungst\u00e8ne. Le taillant d&rsquo;entra\u00eenement perce comme un foret pilote, cr\u00e9ant un avant trou d&rsquo;environ 1 1\/2\u2033 (40mm) devant la couronne pour guider la direction du tubage dans des conditions de forage difficiles.<\/p>\r\n<p><img loading=\"lazy\" decoding=\"async\" title=\"Cr-XS-FPH-3.500-250x250\" src=\"https:\/\/georocfor.com\/wp-content\/uploads\/2024\/03\/Cr-XS-FPH-3.500-250x250-1.jpg\" sizes=\"auto, (max-width: 768px) 100vw, 100vw\" srcset=\"https:\/\/georocfor.com\/wp-content\/uploads\/2024\/03\/Cr-XS-FPH-3.500-250x250-1.jpg 250w, https:\/\/georocfor.com\/wp-content\/uploads\/2024\/03\/Cr-XS-FPH-3.500-250x250-1-100x100.jpg 100w, https:\/\/georocfor.com\/wp-content\/uploads\/2024\/03\/Cr-XS-FPH-3.500-250x250-1-150x150.jpg 150w\" alt=\"Cr-XS-FPH-3.500-250x250\" width=\"250\" height=\"250\" \/><\/p>\r\n<h3>Couronne de forage<\/h3>\r\n<p>La couronne de forage est une unit\u00e9 compos\u00e9e de deux pi\u00e8ces reli\u00e9es de fa\u00e7on permanente. La partie sup\u00e9rieure est soud\u00e9e au tubage, tandis que la partie inf\u00e9rieure, qui comporte les pastilles en carbure de tungst\u00e8ne, est libre de tourner avec le taillant d&rsquo;entra\u00eenement.<\/p>\r\n<ul>\r\n<li><strong>Zone d&rsquo;impact :<\/strong> L&rsquo;\u00e9nergie directe provenant du marteau hors trou est transf\u00e9r\u00e9e \u00e0 la couronne de forage par l&rsquo;interm\u00e9diaire de diff\u00e9rents \u00e9paulements sur le taillant d&rsquo;entra\u00eenement.<\/li>\r\n<li><strong>Deux (2) trous d&rsquo;air<\/strong> sont perc\u00e9s sur la face de la couronne (c\u00f4t\u00e9 forage). Ces trous sont directement connect\u00e9s \u00e0 deux (2) chemins d&rsquo;\u00e9vacuation, permettant de transporter les d\u00e9bris de forage depuis l&rsquo;extr\u00e9mit\u00e9 du taillant jusqu&rsquo;\u00e0 l&rsquo;int\u00e9rieur du tubage. Pour faciliter l&rsquo;\u00e9vacuation des d\u00e9bris, de petits trous d&rsquo;air dans les voies d&rsquo;\u00e9vacuation augmentent la vitesse des d\u00e9bris.<\/li>\r\n<\/ul>\r\n<\/div><!-- .vgblk-rw-wrapper -->","protected":false},"excerpt":{"rendered":"<p>Description Xs FP \/ FPH Les syst\u00e8mes Xs FP et FPH sont utilis\u00e9s dans les applications de vo\u00fbte parapluie, de drainage et d&rsquo;injection. Utilis\u00e9s avec des foreuses avec marteau hors trou ou des marteaux fond de trou (DTH), ces syst\u00e8mes ont \u00e9t\u00e9 principalement d\u00e9velopp\u00e9s pour le creusement de tunnels dans des formations non consolid\u00e9es. Le&#8230;<\/p>\n","protected":false},"author":1,"featured_media":992425,"parent":995043,"menu_order":0,"comment_status":"closed","ping_status":"closed","template":"","meta":{"_acf_changed":false,"inline_featured_image":false,"_monsterinsights_skip_tracking":false,"_monsterinsights_sitenote_active":false,"_monsterinsights_sitenote_note":"","_monsterinsights_sitenote_category":0,"footnotes":""},"class_list":["post-995071","page","type-page","status-publish","has-post-thumbnail","hentry"],"acf":[],"yoast_head":"<!-- This site is optimized with the Yoast SEO plugin v26.8 - https:\/\/yoast.com\/product\/yoast-seo-wordpress\/ -->\n<title>Syst\u00e8me Xs FP \/ FPH - GeoRocFor<\/title>\n<meta name=\"description\" content=\"XS-FP\/FPH GeoRocFor : tubage \u00e0 l\u2019avancement efficace, installation fluide et durabilit\u00e9 sur chantiers complexes et applications sp\u00e9cialis\u00e9es.\" \/>\n<meta name=\"robots\" content=\"index, follow, max-snippet:-1, max-image-preview:large, max-video-preview:-1\" \/>\n<link rel=\"canonical\" href=\"https:\/\/georocfor.com\/fr\/produits\/systemes-de-tubage-a-lavancement\/systeme-xs-fp-fph\/\" \/>\n<meta property=\"og:locale\" content=\"fr_CA\" \/>\n<meta property=\"og:type\" content=\"article\" \/>\n<meta property=\"og:title\" content=\"Syst\u00e8me Xs FP \/ FPH - GeoRocFor\" \/>\n<meta property=\"og:description\" content=\"XS-FP\/FPH GeoRocFor : tubage \u00e0 l\u2019avancement efficace, installation fluide et durabilit\u00e9 sur chantiers complexes et applications sp\u00e9cialis\u00e9es.\" \/>\n<meta property=\"og:url\" content=\"https:\/\/georocfor.com\/fr\/produits\/systemes-de-tubage-a-lavancement\/systeme-xs-fp-fph\/\" \/>\n<meta property=\"og:site_name\" content=\"GeoRocFor\" \/>\n<meta property=\"article:modified_time\" content=\"2026-01-27T20:03:27+00:00\" \/>\n<meta property=\"og:image\" content=\"https:\/\/georocfor.com\/wp-content\/uploads\/2024\/08\/georocfor_casing-systems_xs-fp-fph_200x355.jpg\" \/>\n\t<meta property=\"og:image:width\" content=\"355\" \/>\n\t<meta property=\"og:image:height\" content=\"200\" \/>\n\t<meta property=\"og:image:type\" content=\"image\/jpeg\" \/>\n<meta name=\"twitter:card\" content=\"summary_large_image\" \/>\n<meta name=\"twitter:label1\" content=\"Estimation du temps de lecture\" \/>\n\t<meta name=\"twitter:data1\" content=\"3 minutes\" \/>\n<script type=\"application\/ld+json\" class=\"yoast-schema-graph\">{\"@context\":\"https:\/\/schema.org\",\"@graph\":[{\"@type\":\"WebPage\",\"@id\":\"https:\/\/georocfor.com\/fr\/produits\/systemes-de-tubage-a-lavancement\/systeme-xs-fp-fph\/\",\"url\":\"https:\/\/georocfor.com\/fr\/produits\/systemes-de-tubage-a-lavancement\/systeme-xs-fp-fph\/\",\"name\":\"Syst\u00e8me Xs FP \/ FPH - GeoRocFor\",\"isPartOf\":{\"@id\":\"https:\/\/georocfor.com\/fr\/#website\"},\"primaryImageOfPage\":{\"@id\":\"https:\/\/georocfor.com\/fr\/produits\/systemes-de-tubage-a-lavancement\/systeme-xs-fp-fph\/#primaryimage\"},\"image\":{\"@id\":\"https:\/\/georocfor.com\/fr\/produits\/systemes-de-tubage-a-lavancement\/systeme-xs-fp-fph\/#primaryimage\"},\"thumbnailUrl\":\"https:\/\/georocfor.com\/wp-content\/uploads\/2024\/08\/georocfor_casing-systems_xs-fp-fph_200x355.jpg\",\"datePublished\":\"2024-03-27T12:34:17+00:00\",\"dateModified\":\"2026-01-27T20:03:27+00:00\",\"description\":\"XS-FP\/FPH GeoRocFor : tubage \u00e0 l\u2019avancement efficace, installation fluide et durabilit\u00e9 sur chantiers complexes et applications sp\u00e9cialis\u00e9es.\",\"breadcrumb\":{\"@id\":\"https:\/\/georocfor.com\/fr\/produits\/systemes-de-tubage-a-lavancement\/systeme-xs-fp-fph\/#breadcrumb\"},\"inLanguage\":\"fr-CA\",\"potentialAction\":[{\"@type\":\"ReadAction\",\"target\":[\"https:\/\/georocfor.com\/fr\/produits\/systemes-de-tubage-a-lavancement\/systeme-xs-fp-fph\/\"]}]},{\"@type\":\"ImageObject\",\"inLanguage\":\"fr-CA\",\"@id\":\"https:\/\/georocfor.com\/fr\/produits\/systemes-de-tubage-a-lavancement\/systeme-xs-fp-fph\/#primaryimage\",\"url\":\"https:\/\/georocfor.com\/wp-content\/uploads\/2024\/08\/georocfor_casing-systems_xs-fp-fph_200x355.jpg\",\"contentUrl\":\"https:\/\/georocfor.com\/wp-content\/uploads\/2024\/08\/georocfor_casing-systems_xs-fp-fph_200x355.jpg\",\"width\":355,\"height\":200,\"caption\":\"Syst\u00e8mes de tubage \u00e0 l'avancement - Xs FP \/ FPH\"},{\"@type\":\"BreadcrumbList\",\"@id\":\"https:\/\/georocfor.com\/fr\/produits\/systemes-de-tubage-a-lavancement\/systeme-xs-fp-fph\/#breadcrumb\",\"itemListElement\":[{\"@type\":\"ListItem\",\"position\":1,\"name\":\"Home\",\"item\":\"https:\/\/georocfor.com\/fr\/\"},{\"@type\":\"ListItem\",\"position\":2,\"name\":\"Produits\",\"item\":\"https:\/\/georocfor.com\/fr\/produits\/\"},{\"@type\":\"ListItem\",\"position\":3,\"name\":\"Syst\u00e8mes de tubage \u00e0 l\u2019avancement\",\"item\":\"https:\/\/georocfor.com\/fr\/produits\/systemes-de-tubage-a-lavancement\/\"},{\"@type\":\"ListItem\",\"position\":4,\"name\":\"Syst\u00e8me Xs FP \/ FPH\"}]},{\"@type\":\"WebSite\",\"@id\":\"https:\/\/georocfor.com\/fr\/#website\",\"url\":\"https:\/\/georocfor.com\/fr\/\",\"name\":\"GeoRocFor\",\"description\":\"\",\"publisher\":{\"@id\":\"https:\/\/georocfor.com\/fr\/#organization\"},\"potentialAction\":[{\"@type\":\"SearchAction\",\"target\":{\"@type\":\"EntryPoint\",\"urlTemplate\":\"https:\/\/georocfor.com\/fr\/?s={search_term_string}\"},\"query-input\":{\"@type\":\"PropertyValueSpecification\",\"valueRequired\":true,\"valueName\":\"search_term_string\"}}],\"inLanguage\":\"fr-CA\"},{\"@type\":\"Organization\",\"@id\":\"https:\/\/georocfor.com\/fr\/#organization\",\"name\":\"GeoRocFor\",\"url\":\"https:\/\/georocfor.com\/fr\/\",\"logo\":{\"@type\":\"ImageObject\",\"inLanguage\":\"fr-CA\",\"@id\":\"https:\/\/georocfor.com\/fr\/#\/schema\/logo\/image\/\",\"url\":\"https:\/\/georocfor.com\/wp-content\/uploads\/2024\/03\/georocfor_logo_457x64.png\",\"contentUrl\":\"https:\/\/georocfor.com\/wp-content\/uploads\/2024\/03\/georocfor_logo_457x64.png\",\"width\":457,\"height\":64,\"caption\":\"GeoRocFor\"},\"image\":{\"@id\":\"https:\/\/georocfor.com\/fr\/#\/schema\/logo\/image\/\"}}]}<\/script>\n<!-- \/ Yoast SEO plugin. -->","yoast_head_json":{"title":"Syst\u00e8me Xs FP \/ FPH - GeoRocFor","description":"XS-FP\/FPH GeoRocFor : tubage \u00e0 l\u2019avancement efficace, installation fluide et durabilit\u00e9 sur chantiers complexes et applications sp\u00e9cialis\u00e9es.","robots":{"index":"index","follow":"follow","max-snippet":"max-snippet:-1","max-image-preview":"max-image-preview:large","max-video-preview":"max-video-preview:-1"},"canonical":"https:\/\/georocfor.com\/fr\/produits\/systemes-de-tubage-a-lavancement\/systeme-xs-fp-fph\/","og_locale":"fr_CA","og_type":"article","og_title":"Syst\u00e8me Xs FP \/ FPH - GeoRocFor","og_description":"XS-FP\/FPH GeoRocFor : tubage \u00e0 l\u2019avancement efficace, installation fluide et durabilit\u00e9 sur chantiers complexes et applications sp\u00e9cialis\u00e9es.","og_url":"https:\/\/georocfor.com\/fr\/produits\/systemes-de-tubage-a-lavancement\/systeme-xs-fp-fph\/","og_site_name":"GeoRocFor","article_modified_time":"2026-01-27T20:03:27+00:00","og_image":[{"width":355,"height":200,"url":"https:\/\/georocfor.com\/wp-content\/uploads\/2024\/08\/georocfor_casing-systems_xs-fp-fph_200x355.jpg","type":"image\/jpeg"}],"twitter_card":"summary_large_image","twitter_misc":{"Estimation du temps de lecture":"3 minutes"},"schema":{"@context":"https:\/\/schema.org","@graph":[{"@type":"WebPage","@id":"https:\/\/georocfor.com\/fr\/produits\/systemes-de-tubage-a-lavancement\/systeme-xs-fp-fph\/","url":"https:\/\/georocfor.com\/fr\/produits\/systemes-de-tubage-a-lavancement\/systeme-xs-fp-fph\/","name":"Syst\u00e8me Xs FP \/ FPH - GeoRocFor","isPartOf":{"@id":"https:\/\/georocfor.com\/fr\/#website"},"primaryImageOfPage":{"@id":"https:\/\/georocfor.com\/fr\/produits\/systemes-de-tubage-a-lavancement\/systeme-xs-fp-fph\/#primaryimage"},"image":{"@id":"https:\/\/georocfor.com\/fr\/produits\/systemes-de-tubage-a-lavancement\/systeme-xs-fp-fph\/#primaryimage"},"thumbnailUrl":"https:\/\/georocfor.com\/wp-content\/uploads\/2024\/08\/georocfor_casing-systems_xs-fp-fph_200x355.jpg","datePublished":"2024-03-27T12:34:17+00:00","dateModified":"2026-01-27T20:03:27+00:00","description":"XS-FP\/FPH GeoRocFor : tubage \u00e0 l\u2019avancement efficace, installation fluide et durabilit\u00e9 sur chantiers complexes et applications sp\u00e9cialis\u00e9es.","breadcrumb":{"@id":"https:\/\/georocfor.com\/fr\/produits\/systemes-de-tubage-a-lavancement\/systeme-xs-fp-fph\/#breadcrumb"},"inLanguage":"fr-CA","potentialAction":[{"@type":"ReadAction","target":["https:\/\/georocfor.com\/fr\/produits\/systemes-de-tubage-a-lavancement\/systeme-xs-fp-fph\/"]}]},{"@type":"ImageObject","inLanguage":"fr-CA","@id":"https:\/\/georocfor.com\/fr\/produits\/systemes-de-tubage-a-lavancement\/systeme-xs-fp-fph\/#primaryimage","url":"https:\/\/georocfor.com\/wp-content\/uploads\/2024\/08\/georocfor_casing-systems_xs-fp-fph_200x355.jpg","contentUrl":"https:\/\/georocfor.com\/wp-content\/uploads\/2024\/08\/georocfor_casing-systems_xs-fp-fph_200x355.jpg","width":355,"height":200,"caption":"Syst\u00e8mes de tubage \u00e0 l'avancement - Xs FP \/ FPH"},{"@type":"BreadcrumbList","@id":"https:\/\/georocfor.com\/fr\/produits\/systemes-de-tubage-a-lavancement\/systeme-xs-fp-fph\/#breadcrumb","itemListElement":[{"@type":"ListItem","position":1,"name":"Home","item":"https:\/\/georocfor.com\/fr\/"},{"@type":"ListItem","position":2,"name":"Produits","item":"https:\/\/georocfor.com\/fr\/produits\/"},{"@type":"ListItem","position":3,"name":"Syst\u00e8mes de tubage \u00e0 l\u2019avancement","item":"https:\/\/georocfor.com\/fr\/produits\/systemes-de-tubage-a-lavancement\/"},{"@type":"ListItem","position":4,"name":"Syst\u00e8me Xs FP \/ FPH"}]},{"@type":"WebSite","@id":"https:\/\/georocfor.com\/fr\/#website","url":"https:\/\/georocfor.com\/fr\/","name":"GeoRocFor","description":"","publisher":{"@id":"https:\/\/georocfor.com\/fr\/#organization"},"potentialAction":[{"@type":"SearchAction","target":{"@type":"EntryPoint","urlTemplate":"https:\/\/georocfor.com\/fr\/?s={search_term_string}"},"query-input":{"@type":"PropertyValueSpecification","valueRequired":true,"valueName":"search_term_string"}}],"inLanguage":"fr-CA"},{"@type":"Organization","@id":"https:\/\/georocfor.com\/fr\/#organization","name":"GeoRocFor","url":"https:\/\/georocfor.com\/fr\/","logo":{"@type":"ImageObject","inLanguage":"fr-CA","@id":"https:\/\/georocfor.com\/fr\/#\/schema\/logo\/image\/","url":"https:\/\/georocfor.com\/wp-content\/uploads\/2024\/03\/georocfor_logo_457x64.png","contentUrl":"https:\/\/georocfor.com\/wp-content\/uploads\/2024\/03\/georocfor_logo_457x64.png","width":457,"height":64,"caption":"GeoRocFor"},"image":{"@id":"https:\/\/georocfor.com\/fr\/#\/schema\/logo\/image\/"}}]}},"jetpack_sharing_enabled":true,"_links":{"self":[{"href":"https:\/\/georocfor.com\/fr\/wp-json\/wp\/v2\/pages\/995071","targetHints":{"allow":["GET"]}}],"collection":[{"href":"https:\/\/georocfor.com\/fr\/wp-json\/wp\/v2\/pages"}],"about":[{"href":"https:\/\/georocfor.com\/fr\/wp-json\/wp\/v2\/types\/page"}],"author":[{"embeddable":true,"href":"https:\/\/georocfor.com\/fr\/wp-json\/wp\/v2\/users\/1"}],"replies":[{"embeddable":true,"href":"https:\/\/georocfor.com\/fr\/wp-json\/wp\/v2\/comments?post=995071"}],"version-history":[{"count":5,"href":"https:\/\/georocfor.com\/fr\/wp-json\/wp\/v2\/pages\/995071\/revisions"}],"predecessor-version":[{"id":995913,"href":"https:\/\/georocfor.com\/fr\/wp-json\/wp\/v2\/pages\/995071\/revisions\/995913"}],"up":[{"embeddable":true,"href":"https:\/\/georocfor.com\/fr\/wp-json\/wp\/v2\/pages\/995043"}],"wp:featuredmedia":[{"embeddable":true,"href":"https:\/\/georocfor.com\/fr\/wp-json\/wp\/v2\/media\/992425"}],"wp:attachment":[{"href":"https:\/\/georocfor.com\/fr\/wp-json\/wp\/v2\/media?parent=995071"}],"curies":[{"name":"wp","href":"https:\/\/api.w.org\/{rel}","templated":true}]}}