{"id":995069,"date":"2024-02-02T11:36:30","date_gmt":"2024-02-02T16:36:30","guid":{"rendered":"https:\/\/georocfor.com\/produits\/systemes-de-tubage-a-lavancement\/xs-f3-system\/"},"modified":"2026-01-27T14:59:15","modified_gmt":"2026-01-27T19:59:15","slug":"systeme-xs-f3","status":"publish","type":"page","link":"https:\/\/georocfor.com\/fr\/produits\/systemes-de-tubage-a-lavancement\/systeme-xs-f3\/","title":{"rendered":"Syst\u00e8me Xs F3"},"content":{"rendered":"<div class=\"vgblk-rw-wrapper limit-wrapper\">\r\n<h2>Description<br \/><b>Xs F3<\/b><\/h2>\r\n<p><strong>Le syst\u00e8me Xs F3 peut \u00eatre utilis\u00e9 avec n&rsquo;importe quelle taille de tubage. La long\u00e9vit\u00e9 de ce syst\u00e8me est grandement am\u00e9lior\u00e9e gr\u00e2ce \u00e0 sa g\u00e9om\u00e9trie, qui comporte trois but\u00e9es d&rsquo;impact.<\/strong><\/p>\r\n<p>Une but\u00e9e transf\u00e8re la force vers le sabot d&rsquo;entra\u00eenement, fournissant la puissance n\u00e9cessaire pour faire avancer le tubage, tandis que la seconde transmet l&rsquo;\u00e9nergie directement \u00e0 la couronne pour le forage. Ce mod\u00e8le est notre syst\u00e8me le plus \u00e9conomique dans sa version standard. Il est tr\u00e8s facile d&rsquo;adapter le diam\u00e8tre ext\u00e9rieur de la couronne selon le diam\u00e8tre de forage d\u00e9sir\u00e9. Il est possible de forer jusqu&rsquo;\u00e0 6 pouces de plus grand que le diam\u00e8tre du tubage.<\/p>\r\n<p>Ce syst\u00e8me est id\u00e9al pour le forage de murs de type O-Pile, o\u00f9 le diam\u00e8tre de forage requis est beaucoup plus grand que le diam\u00e8tre ext\u00e9rieur du tubage.<\/p>\r\n<h2>Voir les produits du<br \/><b>syst\u00e8me Xs F3<\/b><\/h2>\r\n<p>Xs F3 4,000\u2033 &#8211; 6,625\u2033 (101.6mm &#8211; 168.3mm)<\/p>\r\n<p><a role=\"button\" href=\"https:\/\/georocfor.com\/fr\/produits\/systemes-de-tubage-a-lavancement\/systeme-xs-f3\/xs-f3-4000-101-6mm-a-6625-e-168-3mm-e\/\" target=\"_self\"> Voir le produit <\/a><\/p>\r\n<p>Xs F3 7,000\u2033 &#8211; 10,750\u2033 (177.8mm &#8211; 273mm)<\/p>\r\n<p><a role=\"button\" href=\"https:\/\/georocfor.com\/fr\/produits\/systemes-de-tubage-a-lavancement\/systeme-xs-f3\/xs-f3-7000-177-8mm-a-10750-273mm\/\" target=\"_self\"> Voir le produit <\/a><\/p>\r\n<p>Xs F3 12,750\u2033 &#8211; 14,000\u2033 (323.9mm &#8211; 355.6mm)<\/p>\r\n<p><a role=\"button\" href=\"https:\/\/georocfor.com\/fr\/produits\/systemes-de-tubage-a-lavancement\/systeme-xs-f3\/xs-f3-12750-323-9mm-a-14000-355-6mm\/\" target=\"_self\"> Voir le produit <\/a><\/p>\r\n<p>Xs F3 16,000\u2033 &#8211; 36,000\u2033 (406.4mm &#8211; 914.4mm)<\/p>\r\n<p><a role=\"button\" href=\"https:\/\/georocfor.com\/fr\/produits\/systemes-de-tubage-a-lavancement\/systeme-xs-f3\/xs-f3-16000-406-4mm-a-36000-914-4mm\/\" target=\"_self\"> Voir le produit <\/a><\/p>\r\n<h2>Nos <br \/><b>documents<\/b><\/h2>\r\n<h4><a title=\"Installation initiale\" href=\"https:\/\/georocfor.com\/wp-content\/uploads\/2025\/11\/Drillin-with-xs-drill-FR.pdf\" target=\"_blank\" rel=\"noopener\"> Installation initiale <\/a><\/h4>\r\n<p>Voici toutes les \u00e9tapes de pr\u00e9paration et de forage pour notre syst\u00e8me de forage.<\/p>\r\n<p><a role=\"button\" href=\"https:\/\/georocfor.com\/wp-content\/uploads\/2025\/11\/Drillin-with-xs-drill-FR.pdf\" target=\"_blank\" rel=\"noopener\"> En savoir plus <\/a><\/p>\r\n<h4><a title=\"Brochure\" href=\"https:\/\/georocfor.com\/wp-content\/uploads\/2025\/11\/FR-Brochure-georocfor_floating_FR.pdf\" target=\"_blank\" rel=\"noopener\"> Brochure <\/a><\/h4>\r\n<p>Pour en savoir plus sur le syst\u00e8me, veuillez consulter la brochure<\/p>\r\n<p><a role=\"button\" href=\"https:\/\/georocfor.com\/wp-content\/uploads\/2025\/11\/FR-Brochure-georocfor_floating_FR.pdf\" target=\"_blank\" rel=\"noopener\"> En savoir plus <\/a> <iframe loading=\"lazy\" title=\"Drilling System XSF Georocfor\" src=\"https:\/\/www.youtube.com\/embed\/RkTIJjgwTNA?feature=oembed\" width=\"1260\" height=\"945\" frameborder=\"0\" allowfullscreen=\"allowfullscreen\"><\/iframe><\/p>\r\n<h2>Avantages<br \/><b>du produit<\/b><\/h2>\r\n<h4><a title=\"Avantages par rapport aux syst\u00e8mes excentriques\" href=\"https:\/\/georocfor.com\/fr\/produits\/systemes-de-tubage-a-lavancement\/avantages-par-rapport-aux-systemes-excentriques\/\" target=\"_self\"> Avantages par rapport aux syst\u00e8mes excentriques <\/a><\/h4>\r\n<p>Un syst\u00e8me de forage concentrique offre un meilleur contr\u00f4le directionnel, un retrait de tubage plus facile et de meilleures performances dans des conditions de sol difficiles comparativement \u00e0 un syst\u00e8me excentrique.<\/p>\r\n<p><a role=\"button\" href=\"https:\/\/georocfor.com\/fr\/produits\/systemes-de-tubage-a-lavancement\/avantages-par-rapport-aux-systemes-excentriques\/\" target=\"_self\"> En savoir plus <\/a><\/p>\r\n<h4><a title=\"Avantages par rapport aux autres syst\u00e8mes concentrique\" href=\"https:\/\/georocfor.com\/fr\/produits\/systemes-de-tubage-a-lavancement\/avantages-par-rapport-aux-autres-systemes-concentrique\/\" target=\"_self\"> Avantages par rapport aux autres syst\u00e8mes concentrique <\/a><\/h4>\r\n<p>Le syst\u00e8me concentrique G\u00e9oRocFor offre une rectitude sup\u00e9rieure du trou de forage, des taux de p\u00e9n\u00e9tration plus \u00e9lev\u00e9s et la possibilit\u00e9 d&rsquo;utiliser de plus gros marteaux fond de trou (DTH), comparativement aux autres syst\u00e8mes concentriques.<\/p>\r\n<p><a role=\"button\" href=\"https:\/\/georocfor.com\/fr\/produits\/systemes-de-tubage-a-lavancement\/avantages-par-rapport-aux-autres-systemes-concentrique\/\" target=\"_self\"> En savoir plus <\/a><\/p>\r\n<h4><a title=\"Avantages par rapport aux syst\u00e8mes \u00e0 ailettes\" href=\"https:\/\/georocfor.com\/fr\/produits\/systemes-de-tubage-a-lavancement\/avantages-par-rapport-aux-systemes-a-ailettes\/\" target=\"_self\"> Avantages par rapport aux syst\u00e8mes \u00e0 ailettes <\/a><\/h4>\r\n<p>La conception enti\u00e8rement concentrique du Xs Drill permet un forage fluide et ininterrompu, m\u00eame dans des terrains de recouvrement difficiles, \u00e9vitant ainsi les blocages et les pics de couple fr\u00e9quemment rencontr\u00e9s avec les syst\u00e8mes \u00e0 ailettes.<\/p>\r\n<p><a role=\"button\" href=\"https:\/\/georocfor.com\/fr\/produits\/systemes-de-tubage-a-lavancement\/avantages-par-rapport-aux-systemes-a-ailettes\/\" target=\"_self\"> En savoir plus <\/a><\/p>\r\n<h2>Les<br \/><b>composants<\/b><\/h2>\r\n<p><img loading=\"lazy\" decoding=\"async\" title=\"Dr-XSF-6.625-B-250x250-1\" src=\"https:\/\/georocfor.com\/wp-content\/uploads\/2024\/02\/Dr-XSF-6.625-B-250x250-1.webp\" sizes=\"auto, (max-width: 768px) 100vw, 100vw\" srcset=\"https:\/\/georocfor.com\/wp-content\/uploads\/2024\/02\/Dr-XSF-6.625-B-250x250-1.webp 250w, https:\/\/georocfor.com\/wp-content\/uploads\/2024\/02\/Dr-XSF-6.625-B-250x250-1-100x100.webp 100w, https:\/\/georocfor.com\/wp-content\/uploads\/2024\/02\/Dr-XSF-6.625-B-250x250-1-150x150.webp 150w\" alt=\"Dr-XSF-6.625-B-250x250-1\" width=\"250\" height=\"250\" \/><\/p>\r\n<h3>Taillant d&rsquo;entra\u00eenement<\/h3>\r\n<p>Le taillant d&rsquo;entra\u00eenement est le dispositif qui transmet l&rsquo;impact et la rotation \u00e0 la couronne pour le forage. Le taillant d&rsquo;entra\u00eenement s&rsquo;ins\u00e8re dans trois plats sur la couronne du tubage et ils agissent ensemble comme un foret standard; le taillant d&rsquo;entra\u00eenement et la couronne sont tous deux munis de boutons en carbure de tungst\u00e8ne. Le foret pilote perce un trou de guidage de 3\u2033 sous la couronne afin d&rsquo;orienter la direction du tubage dans des conditions de forage difficiles.<\/p>\r\n<p><img loading=\"lazy\" decoding=\"async\" title=\"Cr-XSF-6.625-B-250x250-1\" src=\"https:\/\/georocfor.com\/wp-content\/uploads\/2024\/02\/Cr-XSF-6.625-B-250x250-1.webp\" sizes=\"auto, (max-width: 768px) 100vw, 100vw\" srcset=\"https:\/\/georocfor.com\/wp-content\/uploads\/2024\/02\/Cr-XSF-6.625-B-250x250-1.webp 250w, https:\/\/georocfor.com\/wp-content\/uploads\/2024\/02\/Cr-XSF-6.625-B-250x250-1-100x100.webp 100w, https:\/\/georocfor.com\/wp-content\/uploads\/2024\/02\/Cr-XSF-6.625-B-250x250-1-150x150.webp 150w\" alt=\"Cr-XSF-6.625-B-250x250-1\" width=\"250\" height=\"250\" \/><\/p>\r\n<h3>Couronne de forage<\/h3>\r\n<p>La couronne est une pi\u00e8ce unique en carbure de tungst\u00e8ne, maintenue sur le taillant d&rsquo;entra\u00eenement uniquement par la surface de verrouillage.<\/p>\r\n<p><img loading=\"lazy\" decoding=\"async\" title=\"Wr-XSF-6.625-B-250x250\" src=\"https:\/\/georocfor.com\/wp-content\/uploads\/2024\/02\/Wr-XSF-6.625-B-250x250-1.jpg\" sizes=\"auto, (max-width: 768px) 100vw, 100vw\" srcset=\"https:\/\/georocfor.com\/wp-content\/uploads\/2024\/02\/Wr-XSF-6.625-B-250x250-1.jpg 250w, https:\/\/georocfor.com\/wp-content\/uploads\/2024\/02\/Wr-XSF-6.625-B-250x250-1-100x100.jpg 100w, https:\/\/georocfor.com\/wp-content\/uploads\/2024\/02\/Wr-XSF-6.625-B-250x250-1-150x150.jpg 150w\" alt=\"Wr-XSF-6.625-B-250x250\" width=\"250\" height=\"250\" \/><\/p>\r\n<h3>Sabot d&rsquo;entra\u00eenement<\/h3>\r\n<p>Le sabot d&rsquo;entra\u00eenement est soud\u00e9 au tubage et re\u00e7oit l&rsquo;impact du taillant d&rsquo;entra\u00eenement pour enfoncer le tubage. Le sabot a le m\u00eame diam\u00e8tre ext\u00e9rieur que le tubage afin de faciliter le retrait.<\/p>\r\n<ul>\r\n<li><strong>L&rsquo;\u00e9nergie directe du marteau<\/strong> est transf\u00e9r\u00e9e \u00e0 la couronne de forage par l&rsquo;interm\u00e9diaire de trois (3) \u00e9videments form\u00e9s par la surface de verrouillage.<\/li>\r\n<li><strong>Trois (3) grands trous d&rsquo;air<\/strong> sont perc\u00e9s sur la face de la couronne (c\u00f4t\u00e9 forage). Ces trous sont directement connect\u00e9s \u00e0 trois (3) grands chemins d&rsquo;\u00e9vacuation, permettant de transporter les d\u00e9bris de forage depuis l&rsquo;extr\u00e9mit\u00e9 du taillant jusqu&rsquo;\u00e0 l&rsquo;int\u00e9rieur du tubage. Pour faciliter l&rsquo;\u00e9vacuation des d\u00e9bris, trois (3) petits trous d&rsquo;air dans les voies d&rsquo;\u00e9vacuation augmentent la vitesse des d\u00e9bris.<\/li>\r\n<\/ul>\r\n<\/div><!-- .vgblk-rw-wrapper -->","protected":false},"excerpt":{"rendered":"<p>DescriptionXs F3 Le syst\u00e8me Xs F3 peut \u00eatre utilis\u00e9 avec n&rsquo;importe quelle taille de tubage. La long\u00e9vit\u00e9 de ce syst\u00e8me est grandement am\u00e9lior\u00e9e gr\u00e2ce \u00e0 sa g\u00e9om\u00e9trie, qui comporte trois but\u00e9es d&rsquo;impact. Une but\u00e9e transf\u00e8re la force vers le sabot d&rsquo;entra\u00eenement, fournissant la puissance n\u00e9cessaire pour faire avancer le tubage, tandis que la seconde transmet&#8230;<\/p>\n","protected":false},"author":1,"featured_media":994944,"parent":995043,"menu_order":0,"comment_status":"closed","ping_status":"closed","template":"","meta":{"_acf_changed":false,"inline_featured_image":false,"_monsterinsights_skip_tracking":false,"_monsterinsights_sitenote_active":false,"_monsterinsights_sitenote_note":"","_monsterinsights_sitenote_category":0,"footnotes":""},"class_list":["post-995069","page","type-page","status-publish","has-post-thumbnail","hentry"],"acf":[],"yoast_head":"<!-- This site is optimized with the Yoast SEO plugin v26.8 - https:\/\/yoast.com\/product\/yoast-seo-wordpress\/ -->\n<title>Syst\u00e8me Xs F3 - GeoRocFor<\/title>\n<meta name=\"description\" content=\"Syst\u00e8me XS-F3 GeoRocFor : solution de tubage \u00e0 l\u2019avancement robuste, con\u00e7ue pour stabilisation optimale et productivit\u00e9 accrue.\" \/>\n<meta name=\"robots\" content=\"index, follow, max-snippet:-1, max-image-preview:large, max-video-preview:-1\" \/>\n<link rel=\"canonical\" href=\"https:\/\/georocfor.com\/fr\/produits\/systemes-de-tubage-a-lavancement\/systeme-xs-f3\/\" \/>\n<meta property=\"og:locale\" content=\"fr_CA\" \/>\n<meta property=\"og:type\" content=\"article\" \/>\n<meta property=\"og:title\" content=\"Syst\u00e8me Xs F3 - GeoRocFor\" \/>\n<meta property=\"og:description\" content=\"Syst\u00e8me XS-F3 GeoRocFor : solution de tubage \u00e0 l\u2019avancement robuste, con\u00e7ue pour stabilisation optimale et productivit\u00e9 accrue.\" \/>\n<meta property=\"og:url\" content=\"https:\/\/georocfor.com\/fr\/produits\/systemes-de-tubage-a-lavancement\/systeme-xs-f3\/\" \/>\n<meta property=\"og:site_name\" content=\"GeoRocFor\" \/>\n<meta property=\"article:modified_time\" content=\"2026-01-27T19:59:15+00:00\" \/>\n<meta property=\"og:image\" content=\"https:\/\/georocfor.com\/wp-content\/uploads\/2025\/08\/georocfor_products_xs-f3_200x355.jpg\" \/>\n\t<meta property=\"og:image:width\" content=\"355\" \/>\n\t<meta property=\"og:image:height\" content=\"200\" \/>\n\t<meta property=\"og:image:type\" content=\"image\/jpeg\" \/>\n<meta name=\"twitter:card\" content=\"summary_large_image\" \/>\n<meta name=\"twitter:label1\" content=\"Estimation du temps de lecture\" \/>\n\t<meta name=\"twitter:data1\" content=\"4 minutes\" \/>\n<script type=\"application\/ld+json\" class=\"yoast-schema-graph\">{\"@context\":\"https:\/\/schema.org\",\"@graph\":[{\"@type\":\"WebPage\",\"@id\":\"https:\/\/georocfor.com\/fr\/produits\/systemes-de-tubage-a-lavancement\/systeme-xs-f3\/\",\"url\":\"https:\/\/georocfor.com\/fr\/produits\/systemes-de-tubage-a-lavancement\/systeme-xs-f3\/\",\"name\":\"Syst\u00e8me Xs F3 - GeoRocFor\",\"isPartOf\":{\"@id\":\"https:\/\/georocfor.com\/fr\/#website\"},\"primaryImageOfPage\":{\"@id\":\"https:\/\/georocfor.com\/fr\/produits\/systemes-de-tubage-a-lavancement\/systeme-xs-f3\/#primaryimage\"},\"image\":{\"@id\":\"https:\/\/georocfor.com\/fr\/produits\/systemes-de-tubage-a-lavancement\/systeme-xs-f3\/#primaryimage\"},\"thumbnailUrl\":\"https:\/\/georocfor.com\/wp-content\/uploads\/2025\/08\/georocfor_products_xs-f3_200x355.jpg\",\"datePublished\":\"2024-02-02T16:36:30+00:00\",\"dateModified\":\"2026-01-27T19:59:15+00:00\",\"description\":\"Syst\u00e8me XS-F3 GeoRocFor : solution de tubage \u00e0 l\u2019avancement robuste, con\u00e7ue pour stabilisation optimale et productivit\u00e9 accrue.\",\"breadcrumb\":{\"@id\":\"https:\/\/georocfor.com\/fr\/produits\/systemes-de-tubage-a-lavancement\/systeme-xs-f3\/#breadcrumb\"},\"inLanguage\":\"fr-CA\",\"potentialAction\":[{\"@type\":\"ReadAction\",\"target\":[\"https:\/\/georocfor.com\/fr\/produits\/systemes-de-tubage-a-lavancement\/systeme-xs-f3\/\"]}]},{\"@type\":\"ImageObject\",\"inLanguage\":\"fr-CA\",\"@id\":\"https:\/\/georocfor.com\/fr\/produits\/systemes-de-tubage-a-lavancement\/systeme-xs-f3\/#primaryimage\",\"url\":\"https:\/\/georocfor.com\/wp-content\/uploads\/2025\/08\/georocfor_products_xs-f3_200x355.jpg\",\"contentUrl\":\"https:\/\/georocfor.com\/wp-content\/uploads\/2025\/08\/georocfor_products_xs-f3_200x355.jpg\",\"width\":355,\"height\":200,\"caption\":\"Syst\u00e8me Xs F3\"},{\"@type\":\"BreadcrumbList\",\"@id\":\"https:\/\/georocfor.com\/fr\/produits\/systemes-de-tubage-a-lavancement\/systeme-xs-f3\/#breadcrumb\",\"itemListElement\":[{\"@type\":\"ListItem\",\"position\":1,\"name\":\"Home\",\"item\":\"https:\/\/georocfor.com\/fr\/\"},{\"@type\":\"ListItem\",\"position\":2,\"name\":\"Produits\",\"item\":\"https:\/\/georocfor.com\/fr\/produits\/\"},{\"@type\":\"ListItem\",\"position\":3,\"name\":\"Syst\u00e8mes de tubage \u00e0 l\u2019avancement\",\"item\":\"https:\/\/georocfor.com\/fr\/produits\/systemes-de-tubage-a-lavancement\/\"},{\"@type\":\"ListItem\",\"position\":4,\"name\":\"Syst\u00e8me Xs F3\"}]},{\"@type\":\"WebSite\",\"@id\":\"https:\/\/georocfor.com\/fr\/#website\",\"url\":\"https:\/\/georocfor.com\/fr\/\",\"name\":\"GeoRocFor\",\"description\":\"\",\"publisher\":{\"@id\":\"https:\/\/georocfor.com\/fr\/#organization\"},\"potentialAction\":[{\"@type\":\"SearchAction\",\"target\":{\"@type\":\"EntryPoint\",\"urlTemplate\":\"https:\/\/georocfor.com\/fr\/?s={search_term_string}\"},\"query-input\":{\"@type\":\"PropertyValueSpecification\",\"valueRequired\":true,\"valueName\":\"search_term_string\"}}],\"inLanguage\":\"fr-CA\"},{\"@type\":\"Organization\",\"@id\":\"https:\/\/georocfor.com\/fr\/#organization\",\"name\":\"GeoRocFor\",\"url\":\"https:\/\/georocfor.com\/fr\/\",\"logo\":{\"@type\":\"ImageObject\",\"inLanguage\":\"fr-CA\",\"@id\":\"https:\/\/georocfor.com\/fr\/#\/schema\/logo\/image\/\",\"url\":\"https:\/\/georocfor.com\/wp-content\/uploads\/2024\/03\/georocfor_logo_457x64.png\",\"contentUrl\":\"https:\/\/georocfor.com\/wp-content\/uploads\/2024\/03\/georocfor_logo_457x64.png\",\"width\":457,\"height\":64,\"caption\":\"GeoRocFor\"},\"image\":{\"@id\":\"https:\/\/georocfor.com\/fr\/#\/schema\/logo\/image\/\"}}]}<\/script>\n<!-- \/ Yoast SEO plugin. -->","yoast_head_json":{"title":"Syst\u00e8me Xs F3 - GeoRocFor","description":"Syst\u00e8me XS-F3 GeoRocFor : solution de tubage \u00e0 l\u2019avancement robuste, con\u00e7ue pour stabilisation optimale et productivit\u00e9 accrue.","robots":{"index":"index","follow":"follow","max-snippet":"max-snippet:-1","max-image-preview":"max-image-preview:large","max-video-preview":"max-video-preview:-1"},"canonical":"https:\/\/georocfor.com\/fr\/produits\/systemes-de-tubage-a-lavancement\/systeme-xs-f3\/","og_locale":"fr_CA","og_type":"article","og_title":"Syst\u00e8me Xs F3 - GeoRocFor","og_description":"Syst\u00e8me XS-F3 GeoRocFor : solution de tubage \u00e0 l\u2019avancement robuste, con\u00e7ue pour stabilisation optimale et productivit\u00e9 accrue.","og_url":"https:\/\/georocfor.com\/fr\/produits\/systemes-de-tubage-a-lavancement\/systeme-xs-f3\/","og_site_name":"GeoRocFor","article_modified_time":"2026-01-27T19:59:15+00:00","og_image":[{"width":355,"height":200,"url":"https:\/\/georocfor.com\/wp-content\/uploads\/2025\/08\/georocfor_products_xs-f3_200x355.jpg","type":"image\/jpeg"}],"twitter_card":"summary_large_image","twitter_misc":{"Estimation du temps de lecture":"4 minutes"},"schema":{"@context":"https:\/\/schema.org","@graph":[{"@type":"WebPage","@id":"https:\/\/georocfor.com\/fr\/produits\/systemes-de-tubage-a-lavancement\/systeme-xs-f3\/","url":"https:\/\/georocfor.com\/fr\/produits\/systemes-de-tubage-a-lavancement\/systeme-xs-f3\/","name":"Syst\u00e8me Xs F3 - GeoRocFor","isPartOf":{"@id":"https:\/\/georocfor.com\/fr\/#website"},"primaryImageOfPage":{"@id":"https:\/\/georocfor.com\/fr\/produits\/systemes-de-tubage-a-lavancement\/systeme-xs-f3\/#primaryimage"},"image":{"@id":"https:\/\/georocfor.com\/fr\/produits\/systemes-de-tubage-a-lavancement\/systeme-xs-f3\/#primaryimage"},"thumbnailUrl":"https:\/\/georocfor.com\/wp-content\/uploads\/2025\/08\/georocfor_products_xs-f3_200x355.jpg","datePublished":"2024-02-02T16:36:30+00:00","dateModified":"2026-01-27T19:59:15+00:00","description":"Syst\u00e8me XS-F3 GeoRocFor : solution de tubage \u00e0 l\u2019avancement robuste, con\u00e7ue pour stabilisation optimale et productivit\u00e9 accrue.","breadcrumb":{"@id":"https:\/\/georocfor.com\/fr\/produits\/systemes-de-tubage-a-lavancement\/systeme-xs-f3\/#breadcrumb"},"inLanguage":"fr-CA","potentialAction":[{"@type":"ReadAction","target":["https:\/\/georocfor.com\/fr\/produits\/systemes-de-tubage-a-lavancement\/systeme-xs-f3\/"]}]},{"@type":"ImageObject","inLanguage":"fr-CA","@id":"https:\/\/georocfor.com\/fr\/produits\/systemes-de-tubage-a-lavancement\/systeme-xs-f3\/#primaryimage","url":"https:\/\/georocfor.com\/wp-content\/uploads\/2025\/08\/georocfor_products_xs-f3_200x355.jpg","contentUrl":"https:\/\/georocfor.com\/wp-content\/uploads\/2025\/08\/georocfor_products_xs-f3_200x355.jpg","width":355,"height":200,"caption":"Syst\u00e8me Xs F3"},{"@type":"BreadcrumbList","@id":"https:\/\/georocfor.com\/fr\/produits\/systemes-de-tubage-a-lavancement\/systeme-xs-f3\/#breadcrumb","itemListElement":[{"@type":"ListItem","position":1,"name":"Home","item":"https:\/\/georocfor.com\/fr\/"},{"@type":"ListItem","position":2,"name":"Produits","item":"https:\/\/georocfor.com\/fr\/produits\/"},{"@type":"ListItem","position":3,"name":"Syst\u00e8mes de tubage \u00e0 l\u2019avancement","item":"https:\/\/georocfor.com\/fr\/produits\/systemes-de-tubage-a-lavancement\/"},{"@type":"ListItem","position":4,"name":"Syst\u00e8me Xs F3"}]},{"@type":"WebSite","@id":"https:\/\/georocfor.com\/fr\/#website","url":"https:\/\/georocfor.com\/fr\/","name":"GeoRocFor","description":"","publisher":{"@id":"https:\/\/georocfor.com\/fr\/#organization"},"potentialAction":[{"@type":"SearchAction","target":{"@type":"EntryPoint","urlTemplate":"https:\/\/georocfor.com\/fr\/?s={search_term_string}"},"query-input":{"@type":"PropertyValueSpecification","valueRequired":true,"valueName":"search_term_string"}}],"inLanguage":"fr-CA"},{"@type":"Organization","@id":"https:\/\/georocfor.com\/fr\/#organization","name":"GeoRocFor","url":"https:\/\/georocfor.com\/fr\/","logo":{"@type":"ImageObject","inLanguage":"fr-CA","@id":"https:\/\/georocfor.com\/fr\/#\/schema\/logo\/image\/","url":"https:\/\/georocfor.com\/wp-content\/uploads\/2024\/03\/georocfor_logo_457x64.png","contentUrl":"https:\/\/georocfor.com\/wp-content\/uploads\/2024\/03\/georocfor_logo_457x64.png","width":457,"height":64,"caption":"GeoRocFor"},"image":{"@id":"https:\/\/georocfor.com\/fr\/#\/schema\/logo\/image\/"}}]}},"jetpack_sharing_enabled":true,"_links":{"self":[{"href":"https:\/\/georocfor.com\/fr\/wp-json\/wp\/v2\/pages\/995069","targetHints":{"allow":["GET"]}}],"collection":[{"href":"https:\/\/georocfor.com\/fr\/wp-json\/wp\/v2\/pages"}],"about":[{"href":"https:\/\/georocfor.com\/fr\/wp-json\/wp\/v2\/types\/page"}],"author":[{"embeddable":true,"href":"https:\/\/georocfor.com\/fr\/wp-json\/wp\/v2\/users\/1"}],"replies":[{"embeddable":true,"href":"https:\/\/georocfor.com\/fr\/wp-json\/wp\/v2\/comments?post=995069"}],"version-history":[{"count":8,"href":"https:\/\/georocfor.com\/fr\/wp-json\/wp\/v2\/pages\/995069\/revisions"}],"predecessor-version":[{"id":995792,"href":"https:\/\/georocfor.com\/fr\/wp-json\/wp\/v2\/pages\/995069\/revisions\/995792"}],"up":[{"embeddable":true,"href":"https:\/\/georocfor.com\/fr\/wp-json\/wp\/v2\/pages\/995043"}],"wp:featuredmedia":[{"embeddable":true,"href":"https:\/\/georocfor.com\/fr\/wp-json\/wp\/v2\/media\/994944"}],"wp:attachment":[{"href":"https:\/\/georocfor.com\/fr\/wp-json\/wp\/v2\/media?parent=995069"}],"curies":[{"name":"wp","href":"https:\/\/api.w.org\/{rel}","templated":true}]}}