{"id":995058,"date":"2017-05-08T17:30:45","date_gmt":"2017-05-08T21:30:45","guid":{"rendered":"https:\/\/georocfor.com\/produits\/threaded-casing\/"},"modified":"2026-01-27T16:50:28","modified_gmt":"2026-01-27T21:50:28","slug":"tubage-filete","status":"publish","type":"page","link":"https:\/\/georocfor.com\/fr\/produits\/tubage-filete\/","title":{"rendered":"Tubage filet\u00e9"},"content":{"rendered":"<div class=\"vgblk-rw-wrapper limit-wrapper\">\r\n<h2>Conception de filets <br \/><b>pens\u00e9e pour les foreurs <\/b><\/h2>\r\n<p><strong>Au fil des ann\u00e9es, G\u00e9oRocFor a d\u00e9velopp\u00e9 sa propre conception de filet robuste, \u00e9conomique et facile \u00e0 l&rsquo;utilisation. Notre filet, plus court, permet un assemblage rapide et r\u00e9duit la perte de mati\u00e8re dans les configurations m\u00e2le\/femelle pour les pieux for\u00e9s. <\/strong><\/p>\r\n<p>De plus, nous pouvons fabriquer tout type de filet &#8211; enti\u00e8rement personnalis\u00e9 selon vos sp\u00e9cifications exactes.<\/p>\r\n<p>Gr\u00e2ce \u00e0 notre deuxi\u00e8me usine, nous pouvons d\u00e9sormais offrir un service complet et int\u00e9gr\u00e9 de pr\u00e9paration de tuyaux pour les pieux for\u00e9s ou battus, couvrant des diam\u00e8tres de 4\u00a0\u00bb \u00e0 48\u00a0\u00bb. Tout est r\u00e9alis\u00e9 au m\u00eame endroit : de la d\u00e9coupe du mat\u00e9riau \u00e0 l&rsquo;usinage et au soudage. Il vous suffit de nous envoyer votre tuyau, et nous prenons en charge l&rsquo;ensemble du processus de pr\u00e9paration, en veillant \u00e0 ce que votre commande soit exp\u00e9di\u00e9e directement sur votre chantier, vous faisant ainsi \u00e9conomiser temps et tracas. Ce n&rsquo;est l\u00e0 qu&rsquo;un des nombreux avantages de notre service : efficacit\u00e9, fiabilit\u00e9 et qualit\u00e9 r\u00e9unies.<\/p>\r\n<p><img loading=\"lazy\" decoding=\"async\" title=\"georocfor_casing-threads_design-casing-01_1200x800\" src=\"https:\/\/georocfor.com\/wp-content\/uploads\/2025\/04\/georocfor_casing-threads_design-casing-01_1200x800.jpg\" sizes=\"auto, (max-width: 768px) 100vw, 100vw\" srcset=\"https:\/\/georocfor.com\/wp-content\/uploads\/2025\/04\/georocfor_casing-threads_design-casing-01_1200x800.jpg 1200w, https:\/\/georocfor.com\/wp-content\/uploads\/2025\/04\/georocfor_casing-threads_design-casing-01_1200x800-630x420.jpg 630w, https:\/\/georocfor.com\/wp-content\/uploads\/2025\/04\/georocfor_casing-threads_design-casing-01_1200x800-300x200.jpg 300w, https:\/\/georocfor.com\/wp-content\/uploads\/2025\/04\/georocfor_casing-threads_design-casing-01_1200x800-1024x683.jpg 1024w, https:\/\/georocfor.com\/wp-content\/uploads\/2025\/04\/georocfor_casing-threads_design-casing-01_1200x800-768x512.jpg 768w, https:\/\/georocfor.com\/wp-content\/uploads\/2025\/04\/georocfor_casing-threads_design-casing-01_1200x800-420x280.jpg 420w, https:\/\/georocfor.com\/wp-content\/uploads\/2025\/04\/georocfor_casing-threads_design-casing-01_1200x800-840x560.jpg 840w, https:\/\/georocfor.com\/wp-content\/uploads\/2025\/04\/georocfor_casing-threads_design-casing-01_1200x800-315x210.jpg 315w\" alt=\"georocfor_casing-threads_design-casing-01_1200x800\" width=\"1200\" height=\"800\" \/> <img loading=\"lazy\" decoding=\"async\" title=\"georocfor_casing-threads_design-casing-02_1200x800\" src=\"https:\/\/georocfor.com\/wp-content\/uploads\/2025\/04\/georocfor_casing-threads_design-casing-02_1200x800.jpg\" sizes=\"auto, (max-width: 768px) 100vw, 100vw\" srcset=\"https:\/\/georocfor.com\/wp-content\/uploads\/2025\/04\/georocfor_casing-threads_design-casing-02_1200x800.jpg 1200w, https:\/\/georocfor.com\/wp-content\/uploads\/2025\/04\/georocfor_casing-threads_design-casing-02_1200x800-630x420.jpg 630w, https:\/\/georocfor.com\/wp-content\/uploads\/2025\/04\/georocfor_casing-threads_design-casing-02_1200x800-300x200.jpg 300w, https:\/\/georocfor.com\/wp-content\/uploads\/2025\/04\/georocfor_casing-threads_design-casing-02_1200x800-1024x683.jpg 1024w, https:\/\/georocfor.com\/wp-content\/uploads\/2025\/04\/georocfor_casing-threads_design-casing-02_1200x800-768x512.jpg 768w, https:\/\/georocfor.com\/wp-content\/uploads\/2025\/04\/georocfor_casing-threads_design-casing-02_1200x800-420x280.jpg 420w, https:\/\/georocfor.com\/wp-content\/uploads\/2025\/04\/georocfor_casing-threads_design-casing-02_1200x800-840x560.jpg 840w, https:\/\/georocfor.com\/wp-content\/uploads\/2025\/04\/georocfor_casing-threads_design-casing-02_1200x800-315x210.jpg 315w\" alt=\"georocfor_casing-threads_design-casing-02_1200x800\" width=\"1200\" height=\"800\" \/> <img loading=\"lazy\" decoding=\"async\" title=\"georocfor_casing-threads_design-casing-03_1200x800\" src=\"https:\/\/georocfor.com\/wp-content\/uploads\/2025\/04\/georocfor_casing-threads_design-casing-03_1200x800.jpg\" sizes=\"auto, (max-width: 768px) 100vw, 100vw\" srcset=\"https:\/\/georocfor.com\/wp-content\/uploads\/2025\/04\/georocfor_casing-threads_design-casing-03_1200x800.jpg 1200w, https:\/\/georocfor.com\/wp-content\/uploads\/2025\/04\/georocfor_casing-threads_design-casing-03_1200x800-630x420.jpg 630w, https:\/\/georocfor.com\/wp-content\/uploads\/2025\/04\/georocfor_casing-threads_design-casing-03_1200x800-300x200.jpg 300w, https:\/\/georocfor.com\/wp-content\/uploads\/2025\/04\/georocfor_casing-threads_design-casing-03_1200x800-1024x683.jpg 1024w, https:\/\/georocfor.com\/wp-content\/uploads\/2025\/04\/georocfor_casing-threads_design-casing-03_1200x800-768x512.jpg 768w, https:\/\/georocfor.com\/wp-content\/uploads\/2025\/04\/georocfor_casing-threads_design-casing-03_1200x800-420x280.jpg 420w, https:\/\/georocfor.com\/wp-content\/uploads\/2025\/04\/georocfor_casing-threads_design-casing-03_1200x800-840x560.jpg 840w, https:\/\/georocfor.com\/wp-content\/uploads\/2025\/04\/georocfor_casing-threads_design-casing-03_1200x800-315x210.jpg 315w\" alt=\"georocfor_casing-threads_design-casing-03_1200x800\" width=\"1200\" height=\"800\" \/><\/p>\r\n<h2>La pr\u00e9cision r\u00e9invent\u00e9e <br \/><b>Notre nouvelle usine <\/b><\/h2>\r\n<p><img loading=\"lazy\" decoding=\"async\" title=\"georocfor_casing-system_precision-refined_1200x800\" src=\"https:\/\/georocfor.com\/wp-content\/uploads\/2025\/04\/georocfor_casing-system_precision-refined_1200x800.jpg\" sizes=\"auto, (max-width: 768px) 100vw, 100vw\" srcset=\"https:\/\/georocfor.com\/wp-content\/uploads\/2025\/04\/georocfor_casing-system_precision-refined_1200x800.jpg 1200w, https:\/\/georocfor.com\/wp-content\/uploads\/2025\/04\/georocfor_casing-system_precision-refined_1200x800-630x420.jpg 630w, https:\/\/georocfor.com\/wp-content\/uploads\/2025\/04\/georocfor_casing-system_precision-refined_1200x800-300x200.jpg 300w, https:\/\/georocfor.com\/wp-content\/uploads\/2025\/04\/georocfor_casing-system_precision-refined_1200x800-1024x683.jpg 1024w, https:\/\/georocfor.com\/wp-content\/uploads\/2025\/04\/georocfor_casing-system_precision-refined_1200x800-768x512.jpg 768w, https:\/\/georocfor.com\/wp-content\/uploads\/2025\/04\/georocfor_casing-system_precision-refined_1200x800-420x280.jpg 420w, https:\/\/georocfor.com\/wp-content\/uploads\/2025\/04\/georocfor_casing-system_precision-refined_1200x800-840x560.jpg 840w, https:\/\/georocfor.com\/wp-content\/uploads\/2025\/04\/georocfor_casing-system_precision-refined_1200x800-315x210.jpg 315w\" alt=\"georocfor_casing-system_precision-refined_1200x800\" width=\"1200\" height=\"800\" \/><\/p>\r\n<p>Notre nouvelle usine est dot\u00e9e de fonctionnalit\u00e9s avanc\u00e9es con\u00e7ues pour r\u00e9pondre aux normes les plus \u00e9lev\u00e9es de l&rsquo;industrie :<\/p>\r\n<ul>\r\n<li>Capacit\u00e9 de coupe jusqu&rsquo;\u00e0 28 po de diam\u00e8tre<\/li>\r\n<li>Capacit\u00e9 de coupe au plasma jusqu&rsquo;\u00e0 48 po<\/li>\r\n<li>Filetage direct sur des tuyaux jusqu&rsquo;\u00e0 24 po de diam\u00e8tre<\/li>\r\n<li>Capacit\u00e9s de soudage pour des tuyaux jusqu&rsquo;\u00e0 48 po<\/li>\r\n<li>Table robotis\u00e9e de soudage et de coupe au plasma \u00e0 la fine pointe de la technologie<\/li>\r\n<\/ul>\r\n<h2>De la conception au forage <br \/><b>Nous sommes l\u00e0 pour vous <\/b><\/h2>\r\n<p>De plus, G\u00e9orocfor propose \u00e9galement sa propre conception de filetage exclusif pour les tubes m\u00e2les\/femelles sacrificiels. Chaque aspect du processus de conception est pris en charge par notre \u00e9quipe d&rsquo;ing\u00e9nierie interne, garantissant une pr\u00e9cision et une qualit\u00e9 adapt\u00e9es \u00e0 vos besoins sp\u00e9cifiques.<\/p>\r\n<p>En vous associant avec nous, vous optez pour une solution compl\u00e8te pour tous vos besoins en forage et en pr\u00e9paration de pieux. Que vous recherchiez la pr\u00e9cision, la rapidit\u00e9 ou la flexibilit\u00e9, nous offrons la qualit\u00e9 et l&rsquo;expertise n\u00e9cessaires pour vous aider \u00e0 garder une longueur d&rsquo;avance sur la concurrence.<\/p>\r\n<p><strong>Vente &#8211; Pr\u00e9paration &#8211; Soudage &#8211; Mat\u00e9riel de forage <\/strong><br \/>Laissez-nous devenir votre partenaire de confiance pour tous vos besoins en pr\u00e9paration de tuyaux et d\u00e9couvrez la diff\u00e9rence de travailler avec un chef de file de l&rsquo;industrie. <img loading=\"lazy\" decoding=\"async\" title=\"georocfor_casing-threads_design-drill-01_1200x800\" src=\"https:\/\/georocfor.com\/wp-content\/uploads\/2025\/04\/georocfor_casing-threads_design-drill-01_1200x800.jpg\" sizes=\"auto, (max-width: 768px) 100vw, 100vw\" srcset=\"https:\/\/georocfor.com\/wp-content\/uploads\/2025\/04\/georocfor_casing-threads_design-drill-01_1200x800.jpg 1200w, https:\/\/georocfor.com\/wp-content\/uploads\/2025\/04\/georocfor_casing-threads_design-drill-01_1200x800-630x420.jpg 630w, https:\/\/georocfor.com\/wp-content\/uploads\/2025\/04\/georocfor_casing-threads_design-drill-01_1200x800-300x200.jpg 300w, https:\/\/georocfor.com\/wp-content\/uploads\/2025\/04\/georocfor_casing-threads_design-drill-01_1200x800-1024x683.jpg 1024w, https:\/\/georocfor.com\/wp-content\/uploads\/2025\/04\/georocfor_casing-threads_design-drill-01_1200x800-768x512.jpg 768w, https:\/\/georocfor.com\/wp-content\/uploads\/2025\/04\/georocfor_casing-threads_design-drill-01_1200x800-420x280.jpg 420w, https:\/\/georocfor.com\/wp-content\/uploads\/2025\/04\/georocfor_casing-threads_design-drill-01_1200x800-840x560.jpg 840w, https:\/\/georocfor.com\/wp-content\/uploads\/2025\/04\/georocfor_casing-threads_design-drill-01_1200x800-315x210.jpg 315w\" alt=\"georocfor_casing-threads_design-drill-01_1200x800\" width=\"1200\" height=\"800\" \/> <img loading=\"lazy\" decoding=\"async\" title=\"georocfor_casing-threads_design-drill-02_1200x800\" src=\"https:\/\/georocfor.com\/wp-content\/uploads\/2025\/04\/georocfor_casing-threads_design-drill-02_1200x800.jpg\" sizes=\"auto, (max-width: 768px) 100vw, 100vw\" srcset=\"https:\/\/georocfor.com\/wp-content\/uploads\/2025\/04\/georocfor_casing-threads_design-drill-02_1200x800.jpg 1200w, https:\/\/georocfor.com\/wp-content\/uploads\/2025\/04\/georocfor_casing-threads_design-drill-02_1200x800-630x420.jpg 630w, https:\/\/georocfor.com\/wp-content\/uploads\/2025\/04\/georocfor_casing-threads_design-drill-02_1200x800-300x200.jpg 300w, https:\/\/georocfor.com\/wp-content\/uploads\/2025\/04\/georocfor_casing-threads_design-drill-02_1200x800-1024x683.jpg 1024w, https:\/\/georocfor.com\/wp-content\/uploads\/2025\/04\/georocfor_casing-threads_design-drill-02_1200x800-768x512.jpg 768w, https:\/\/georocfor.com\/wp-content\/uploads\/2025\/04\/georocfor_casing-threads_design-drill-02_1200x800-420x280.jpg 420w, https:\/\/georocfor.com\/wp-content\/uploads\/2025\/04\/georocfor_casing-threads_design-drill-02_1200x800-840x560.jpg 840w, https:\/\/georocfor.com\/wp-content\/uploads\/2025\/04\/georocfor_casing-threads_design-drill-02_1200x800-315x210.jpg 315w\" alt=\"georocfor_casing-threads_design-drill-02_1200x800\" width=\"1200\" height=\"800\" \/><\/p>\r\n<\/div><!-- .vgblk-rw-wrapper -->","protected":false},"excerpt":{"rendered":"<p>Conception de filets pens\u00e9e pour les foreurs Au fil des ann\u00e9es, G\u00e9oRocFor a d\u00e9velopp\u00e9 sa propre conception de filet robuste, \u00e9conomique et facile \u00e0 l&rsquo;utilisation. Notre filet, plus court, permet un assemblage rapide et r\u00e9duit la perte de mati\u00e8re dans les configurations m\u00e2le\/femelle pour les pieux for\u00e9s. De plus, nous pouvons fabriquer tout type de&#8230;<\/p>\n","protected":false},"author":1,"featured_media":992574,"parent":995037,"menu_order":0,"comment_status":"closed","ping_status":"closed","template":"","meta":{"_acf_changed":false,"inline_featured_image":false,"_monsterinsights_skip_tracking":false,"_monsterinsights_sitenote_active":false,"_monsterinsights_sitenote_note":"","_monsterinsights_sitenote_category":0,"footnotes":""},"class_list":["post-995058","page","type-page","status-publish","has-post-thumbnail","hentry"],"acf":[],"yoast_head":"<!-- This site is optimized with the Yoast SEO plugin v26.8 - https:\/\/yoast.com\/product\/yoast-seo-wordpress\/ -->\n<title>Tubage filet\u00e9 - GeoRocFor<\/title>\n<meta name=\"description\" content=\"D\u00e9couvrez le tubage filet\u00e9 GeoRocFor : connexions s\u00e9curis\u00e9es, performances optimales et durabilit\u00e9 pour vos projets de forage.\" \/>\n<meta name=\"robots\" content=\"index, follow, max-snippet:-1, max-image-preview:large, max-video-preview:-1\" \/>\n<link rel=\"canonical\" href=\"https:\/\/georocfor.com\/fr\/produits\/tubage-filete\/\" \/>\n<meta property=\"og:locale\" content=\"fr_CA\" \/>\n<meta property=\"og:type\" content=\"article\" \/>\n<meta property=\"og:title\" content=\"Tubage filet\u00e9 - GeoRocFor\" \/>\n<meta property=\"og:description\" content=\"D\u00e9couvrez le tubage filet\u00e9 GeoRocFor : connexions s\u00e9curis\u00e9es, performances optimales et durabilit\u00e9 pour vos projets de forage.\" \/>\n<meta property=\"og:url\" content=\"https:\/\/georocfor.com\/fr\/produits\/tubage-filete\/\" \/>\n<meta property=\"og:site_name\" content=\"GeoRocFor\" \/>\n<meta property=\"article:modified_time\" content=\"2026-01-27T21:50:28+00:00\" \/>\n<meta property=\"og:image\" content=\"https:\/\/georocfor.com\/wp-content\/uploads\/2025\/04\/georocfor_casing-system_precision-refined_1200x800.jpg\" \/>\n\t<meta property=\"og:image:width\" content=\"1200\" \/>\n\t<meta property=\"og:image:height\" content=\"800\" \/>\n\t<meta property=\"og:image:type\" content=\"image\/jpeg\" \/>\n<meta name=\"twitter:card\" content=\"summary_large_image\" \/>\n<meta name=\"twitter:label1\" content=\"Estimation du temps de lecture\" \/>\n\t<meta name=\"twitter:data1\" content=\"3 minutes\" \/>\n<script type=\"application\/ld+json\" class=\"yoast-schema-graph\">{\"@context\":\"https:\/\/schema.org\",\"@graph\":[{\"@type\":\"WebPage\",\"@id\":\"https:\/\/georocfor.com\/fr\/produits\/tubage-filete\/\",\"url\":\"https:\/\/georocfor.com\/fr\/produits\/tubage-filete\/\",\"name\":\"Tubage filet\u00e9 - GeoRocFor\",\"isPartOf\":{\"@id\":\"https:\/\/georocfor.com\/fr\/#website\"},\"primaryImageOfPage\":{\"@id\":\"https:\/\/georocfor.com\/fr\/produits\/tubage-filete\/#primaryimage\"},\"image\":{\"@id\":\"https:\/\/georocfor.com\/fr\/produits\/tubage-filete\/#primaryimage\"},\"thumbnailUrl\":\"https:\/\/georocfor.com\/wp-content\/uploads\/2025\/04\/georocfor_casing-system_precision-refined_1200x800.jpg\",\"datePublished\":\"2017-05-08T21:30:45+00:00\",\"dateModified\":\"2026-01-27T21:50:28+00:00\",\"description\":\"D\u00e9couvrez le tubage filet\u00e9 GeoRocFor : connexions s\u00e9curis\u00e9es, performances optimales et durabilit\u00e9 pour vos projets de forage.\",\"breadcrumb\":{\"@id\":\"https:\/\/georocfor.com\/fr\/produits\/tubage-filete\/#breadcrumb\"},\"inLanguage\":\"fr-CA\",\"potentialAction\":[{\"@type\":\"ReadAction\",\"target\":[\"https:\/\/georocfor.com\/fr\/produits\/tubage-filete\/\"]}]},{\"@type\":\"ImageObject\",\"inLanguage\":\"fr-CA\",\"@id\":\"https:\/\/georocfor.com\/fr\/produits\/tubage-filete\/#primaryimage\",\"url\":\"https:\/\/georocfor.com\/wp-content\/uploads\/2025\/04\/georocfor_casing-system_precision-refined_1200x800.jpg\",\"contentUrl\":\"https:\/\/georocfor.com\/wp-content\/uploads\/2025\/04\/georocfor_casing-system_precision-refined_1200x800.jpg\",\"width\":1200,\"height\":800,\"caption\":\"Threaded casing multiple stacks of pipes\"},{\"@type\":\"BreadcrumbList\",\"@id\":\"https:\/\/georocfor.com\/fr\/produits\/tubage-filete\/#breadcrumb\",\"itemListElement\":[{\"@type\":\"ListItem\",\"position\":1,\"name\":\"Home\",\"item\":\"https:\/\/georocfor.com\/fr\/\"},{\"@type\":\"ListItem\",\"position\":2,\"name\":\"Produits\",\"item\":\"https:\/\/georocfor.com\/fr\/produits\/\"},{\"@type\":\"ListItem\",\"position\":3,\"name\":\"Tubage filet\u00e9\"}]},{\"@type\":\"WebSite\",\"@id\":\"https:\/\/georocfor.com\/fr\/#website\",\"url\":\"https:\/\/georocfor.com\/fr\/\",\"name\":\"GeoRocFor\",\"description\":\"\",\"publisher\":{\"@id\":\"https:\/\/georocfor.com\/fr\/#organization\"},\"potentialAction\":[{\"@type\":\"SearchAction\",\"target\":{\"@type\":\"EntryPoint\",\"urlTemplate\":\"https:\/\/georocfor.com\/fr\/?s={search_term_string}\"},\"query-input\":{\"@type\":\"PropertyValueSpecification\",\"valueRequired\":true,\"valueName\":\"search_term_string\"}}],\"inLanguage\":\"fr-CA\"},{\"@type\":\"Organization\",\"@id\":\"https:\/\/georocfor.com\/fr\/#organization\",\"name\":\"GeoRocFor\",\"url\":\"https:\/\/georocfor.com\/fr\/\",\"logo\":{\"@type\":\"ImageObject\",\"inLanguage\":\"fr-CA\",\"@id\":\"https:\/\/georocfor.com\/fr\/#\/schema\/logo\/image\/\",\"url\":\"https:\/\/georocfor.com\/wp-content\/uploads\/2024\/03\/georocfor_logo_457x64.png\",\"contentUrl\":\"https:\/\/georocfor.com\/wp-content\/uploads\/2024\/03\/georocfor_logo_457x64.png\",\"width\":457,\"height\":64,\"caption\":\"GeoRocFor\"},\"image\":{\"@id\":\"https:\/\/georocfor.com\/fr\/#\/schema\/logo\/image\/\"}}]}<\/script>\n<!-- \/ Yoast SEO plugin. -->","yoast_head_json":{"title":"Tubage filet\u00e9 - GeoRocFor","description":"D\u00e9couvrez le tubage filet\u00e9 GeoRocFor : connexions s\u00e9curis\u00e9es, performances optimales et durabilit\u00e9 pour vos projets de forage.","robots":{"index":"index","follow":"follow","max-snippet":"max-snippet:-1","max-image-preview":"max-image-preview:large","max-video-preview":"max-video-preview:-1"},"canonical":"https:\/\/georocfor.com\/fr\/produits\/tubage-filete\/","og_locale":"fr_CA","og_type":"article","og_title":"Tubage filet\u00e9 - GeoRocFor","og_description":"D\u00e9couvrez le tubage filet\u00e9 GeoRocFor : connexions s\u00e9curis\u00e9es, performances optimales et durabilit\u00e9 pour vos projets de forage.","og_url":"https:\/\/georocfor.com\/fr\/produits\/tubage-filete\/","og_site_name":"GeoRocFor","article_modified_time":"2026-01-27T21:50:28+00:00","og_image":[{"width":1200,"height":800,"url":"https:\/\/georocfor.com\/wp-content\/uploads\/2025\/04\/georocfor_casing-system_precision-refined_1200x800.jpg","type":"image\/jpeg"}],"twitter_card":"summary_large_image","twitter_misc":{"Estimation du temps de lecture":"3 minutes"},"schema":{"@context":"https:\/\/schema.org","@graph":[{"@type":"WebPage","@id":"https:\/\/georocfor.com\/fr\/produits\/tubage-filete\/","url":"https:\/\/georocfor.com\/fr\/produits\/tubage-filete\/","name":"Tubage filet\u00e9 - GeoRocFor","isPartOf":{"@id":"https:\/\/georocfor.com\/fr\/#website"},"primaryImageOfPage":{"@id":"https:\/\/georocfor.com\/fr\/produits\/tubage-filete\/#primaryimage"},"image":{"@id":"https:\/\/georocfor.com\/fr\/produits\/tubage-filete\/#primaryimage"},"thumbnailUrl":"https:\/\/georocfor.com\/wp-content\/uploads\/2025\/04\/georocfor_casing-system_precision-refined_1200x800.jpg","datePublished":"2017-05-08T21:30:45+00:00","dateModified":"2026-01-27T21:50:28+00:00","description":"D\u00e9couvrez le tubage filet\u00e9 GeoRocFor : connexions s\u00e9curis\u00e9es, performances optimales et durabilit\u00e9 pour vos projets de forage.","breadcrumb":{"@id":"https:\/\/georocfor.com\/fr\/produits\/tubage-filete\/#breadcrumb"},"inLanguage":"fr-CA","potentialAction":[{"@type":"ReadAction","target":["https:\/\/georocfor.com\/fr\/produits\/tubage-filete\/"]}]},{"@type":"ImageObject","inLanguage":"fr-CA","@id":"https:\/\/georocfor.com\/fr\/produits\/tubage-filete\/#primaryimage","url":"https:\/\/georocfor.com\/wp-content\/uploads\/2025\/04\/georocfor_casing-system_precision-refined_1200x800.jpg","contentUrl":"https:\/\/georocfor.com\/wp-content\/uploads\/2025\/04\/georocfor_casing-system_precision-refined_1200x800.jpg","width":1200,"height":800,"caption":"Threaded casing multiple stacks of pipes"},{"@type":"BreadcrumbList","@id":"https:\/\/georocfor.com\/fr\/produits\/tubage-filete\/#breadcrumb","itemListElement":[{"@type":"ListItem","position":1,"name":"Home","item":"https:\/\/georocfor.com\/fr\/"},{"@type":"ListItem","position":2,"name":"Produits","item":"https:\/\/georocfor.com\/fr\/produits\/"},{"@type":"ListItem","position":3,"name":"Tubage filet\u00e9"}]},{"@type":"WebSite","@id":"https:\/\/georocfor.com\/fr\/#website","url":"https:\/\/georocfor.com\/fr\/","name":"GeoRocFor","description":"","publisher":{"@id":"https:\/\/georocfor.com\/fr\/#organization"},"potentialAction":[{"@type":"SearchAction","target":{"@type":"EntryPoint","urlTemplate":"https:\/\/georocfor.com\/fr\/?s={search_term_string}"},"query-input":{"@type":"PropertyValueSpecification","valueRequired":true,"valueName":"search_term_string"}}],"inLanguage":"fr-CA"},{"@type":"Organization","@id":"https:\/\/georocfor.com\/fr\/#organization","name":"GeoRocFor","url":"https:\/\/georocfor.com\/fr\/","logo":{"@type":"ImageObject","inLanguage":"fr-CA","@id":"https:\/\/georocfor.com\/fr\/#\/schema\/logo\/image\/","url":"https:\/\/georocfor.com\/wp-content\/uploads\/2024\/03\/georocfor_logo_457x64.png","contentUrl":"https:\/\/georocfor.com\/wp-content\/uploads\/2024\/03\/georocfor_logo_457x64.png","width":457,"height":64,"caption":"GeoRocFor"},"image":{"@id":"https:\/\/georocfor.com\/fr\/#\/schema\/logo\/image\/"}}]}},"jetpack_sharing_enabled":false,"_links":{"self":[{"href":"https:\/\/georocfor.com\/fr\/wp-json\/wp\/v2\/pages\/995058","targetHints":{"allow":["GET"]}}],"collection":[{"href":"https:\/\/georocfor.com\/fr\/wp-json\/wp\/v2\/pages"}],"about":[{"href":"https:\/\/georocfor.com\/fr\/wp-json\/wp\/v2\/types\/page"}],"author":[{"embeddable":true,"href":"https:\/\/georocfor.com\/fr\/wp-json\/wp\/v2\/users\/1"}],"replies":[{"embeddable":true,"href":"https:\/\/georocfor.com\/fr\/wp-json\/wp\/v2\/comments?post=995058"}],"version-history":[{"count":5,"href":"https:\/\/georocfor.com\/fr\/wp-json\/wp\/v2\/pages\/995058\/revisions"}],"predecessor-version":[{"id":995795,"href":"https:\/\/georocfor.com\/fr\/wp-json\/wp\/v2\/pages\/995058\/revisions\/995795"}],"up":[{"embeddable":true,"href":"https:\/\/georocfor.com\/fr\/wp-json\/wp\/v2\/pages\/995037"}],"wp:featuredmedia":[{"embeddable":true,"href":"https:\/\/georocfor.com\/fr\/wp-json\/wp\/v2\/media\/992574"}],"wp:attachment":[{"href":"https:\/\/georocfor.com\/fr\/wp-json\/wp\/v2\/media?parent=995058"}],"curies":[{"name":"wp","href":"https:\/\/api.w.org\/{rel}","templated":true}]}}