{"id":995055,"date":"2024-04-08T16:45:12","date_gmt":"2024-04-08T20:45:12","guid":{"rendered":"https:\/\/georocfor.com\/produits\/rock-drilling-bits\/"},"modified":"2026-01-27T16:43:45","modified_gmt":"2026-01-27T21:43:45","slug":"taillants-de-forage-de-roche","status":"publish","type":"page","link":"https:\/\/georocfor.com\/fr\/produits\/taillants-de-forage-de-roche\/","title":{"rendered":"Taillants de forage de roche"},"content":{"rendered":"<div class=\"vgblk-rw-wrapper limit-wrapper\">\r\n<h2>Plus de 30 ans<br \/><b>d&rsquo;expertise en forage <\/b><\/h2>\r\n<p><img loading=\"lazy\" decoding=\"async\" title=\"georocfor_rock-drilling-bits_1200x800\" src=\"https:\/\/georocfor.com\/wp-content\/uploads\/2025\/04\/georocfor_rock-drilling-bits_1200x800.jpg\" sizes=\"auto, (max-width: 768px) 100vw, 100vw\" srcset=\"https:\/\/georocfor.com\/wp-content\/uploads\/2025\/04\/georocfor_rock-drilling-bits_1200x800.jpg 1200w, https:\/\/georocfor.com\/wp-content\/uploads\/2025\/04\/georocfor_rock-drilling-bits_1200x800-300x200.jpg 300w, https:\/\/georocfor.com\/wp-content\/uploads\/2025\/04\/georocfor_rock-drilling-bits_1200x800-1024x683.jpg 1024w, https:\/\/georocfor.com\/wp-content\/uploads\/2025\/04\/georocfor_rock-drilling-bits_1200x800-768x512.jpg 768w, https:\/\/georocfor.com\/wp-content\/uploads\/2025\/04\/georocfor_rock-drilling-bits_1200x800-630x420.jpg 630w, https:\/\/georocfor.com\/wp-content\/uploads\/2025\/04\/georocfor_rock-drilling-bits_1200x800-420x280.jpg 420w, https:\/\/georocfor.com\/wp-content\/uploads\/2025\/04\/georocfor_rock-drilling-bits_1200x800-840x560.jpg 840w, https:\/\/georocfor.com\/wp-content\/uploads\/2025\/04\/georocfor_rock-drilling-bits_1200x800-315x210.jpg 315w\" alt=\"georocfor_rock-drilling-bits_1200x800\" width=\"1200\" height=\"800\" \/><\/p>\r\n<p>En tant que sp\u00e9cialiste de premier plan dans la fabrication de taillants de forage fond de trou (DTH) au Canada, G\u00e9oRocFor offre une gamme compl\u00e8te de produits de haute qualit\u00e9 pour r\u00e9pondre \u00e0 tous vos besoins en forage. Avec un engagement ferme envers la qualit\u00e9 et la performance, tous nos produits sont fi\u00e8rement fabriqu\u00e9s au Canada, \u00e0 partir d&rsquo;acier nord-am\u00e9ricain de premi\u00e8re qualit\u00e9, afin d&rsquo;assurer durabilit\u00e9, robustesse et performance durable, m\u00eame dans les environnements de forage les plus exigeants.<\/p>\r\n<p>Fort de plus de 30 ans d&rsquo;exp\u00e9rience dans l&rsquo;industrie de la fabrication de taillants, nous avons acquis une compr\u00e9hension approfondie des besoins vari\u00e9s de nos clients. Notre expertise nous permet de personnaliser et d&rsquo;adapter la conception de chaque taillant DTH selon vos exigences sp\u00e9cifiques, que ce soit pour une application de forage particuli\u00e8re ou pour un environnement g\u00e9ologique unique. De la construction \u00e0 l&rsquo;exploitation mini\u00e8re, nous proposons des solutions pour une vaste gamme de secteurs, offrant des outils efficaces et fiables qui am\u00e9liorent la productivit\u00e9.<\/p>\r\n<h3>Taillants de toutes tailles<\/h3>\r\n<p>La capacit\u00e9 de fabrication de G\u00e9oRocFor est l&rsquo;un de nos principaux atouts. Nous sommes en mesure de produire des taillants DTH d&rsquo;un diam\u00e8tre allant de 3\u00a0\u00bb \u00e0 30\u00a0\u00bb, ce qui nous permet de r\u00e9pondre aussi bien aux projets de forage de petite qu&rsquo;\u00e0 grande envergure. Que vous ayez besoin de taillants pour un forage de pr\u00e9cision dans des espaces restreints ou de grands taillants \u00e0 haute capacit\u00e9 pour des op\u00e9rations intensives, nous pouvons fournir des produits performants, adapt\u00e9s \u00e0 vos besoins.<\/p>\r\n<h3>Con\u00e7us pour la fiabilit\u00e9<\/h3>\r\n<p>Notre engagement envers le contr\u00f4le de la qualit\u00e9 garantit que chaque taillant DTH que nous produisons r\u00e9pond aux plus hautes normes en mati\u00e8re de conception, de qualit\u00e9 des mat\u00e9riaux et de performance. Chez G\u00e9oRocFor, nous sommes convaincus que le succ\u00e8s de vos projets de forage d\u00e9pend des outils que vous utilisez. C&rsquo;est pourquoi nous nous engageons \u00e0 fournir des produits innovants, fiables et durables qui vous aident \u00e0 obtenir des r\u00e9sultats optimaux et \u00e0 minimiser les temps d&rsquo;arr\u00eat.<\/p>\r\n<h3>Forez encore plus intelligemment<\/h3>\r\n<p>Si vous recherchez un partenaire de confiance pour vos besoins en forage, G\u00e9oRocFor offre non seulement des produits exceptionnels, mais aussi une expertise technique, un service \u00e0 la client\u00e8le et la flexibilit\u00e9 n\u00e9cessaire pour s&rsquo;adapter aux exigences \u00e9volutives de l&rsquo;industrie du forage. Permettez-nous d&rsquo;augmenter votre efficacit\u00e9 de forage gr\u00e2ce \u00e0 notre vaste gamme de taillants DTH personnalisables, con\u00e7us pour la performance et la durabilit\u00e9.<\/p>\r\n<h2>Nos taillants<br \/><b>de forage de roche <\/b><\/h2>\r\n<h3><a title=\"Taillants DTH standards \" href=\"https:\/\/georocfor.com\/fr\/produits\/taillants-de-forage-de-roche\/taillants-dth-standard\/\" target=\"_self\"> Taillants DTH standards <\/a><\/h3>\r\n<p>La fabrication de taillants pour marteaux fond de trou (DTH) est un proc\u00e9d\u00e9 hautement sp\u00e9cialis\u00e9 qui allie l&rsquo;ing\u00e9nierie de pr\u00e9cision.<\/p>\r\n<p><a role=\"button\" href=\"https:\/\/georocfor.com\/fr\/produits\/taillants-de-forage-de-roche\/taillants-dth-standard\/\" target=\"_self\"> En savoir plus <\/a><\/p>\r\n<h3><a title=\"Al\u00e9seurs de trous DTH \" href=\"https:\/\/georocfor.com\/fr\/produits\/taillants-de-forage-de-roche\/aleseur-de-trous-dth\/\" target=\"_self\"> Al\u00e9seurs de trous DTH <\/a><\/h3>\r\n<p>Les al\u00e9seurs de trous sont des outils essentiels dans le forage DTH. Ils servent principalement \u00e0 \u00e9largir les trous pr\u00e9alablement for\u00e9s et \u00e0 maintenir la rectitude du trou.<\/p>\r\n<p><a role=\"button\" href=\"https:\/\/georocfor.com\/fr\/produits\/taillants-de-forage-de-roche\/aleseur-de-trous-dth\/\" target=\"_self\"> En savoir plus <\/a><\/p>\r\n<h3><a title=\"Taillants sur mesure pour marteaux hors trou \" href=\"https:\/\/georocfor.com\/fr\/produits\/taillants-de-forage-de-roche\/taillants-marteau-hors-trou-sur-mesure\/\" target=\"_self\"> Taillants sur mesure pour marteaux hors trou <\/a><\/h3>\r\n<p>G\u00e9oRocFor se sp\u00e9cialise dans la fabrication de taillants pour marteaux hors trou adapt\u00e9s aux exigences particuli\u00e8res des applications sp\u00e9ciales.<\/p>\r\n<p><a role=\"button\" href=\"https:\/\/georocfor.com\/fr\/produits\/taillants-de-forage-de-roche\/taillants-marteau-hors-trou-sur-mesure\/\" target=\"_self\"> En savoir plus <\/a><\/p>\r\n<h3><a title=\"Taillants RC \" href=\"https:\/\/georocfor.com\/fr\/produits\/taillants-de-forage-de-roche\/taillants-rc\/\" target=\"_self\"> Taillants RC <\/a><\/h3>\r\n<p>Les taillants RC de G\u00e9orocfor sont con\u00e7us pour offrir des performances exceptionnelles, une grande durabilit\u00e9 et une efficacit\u00e9 optimale.<\/p>\r\n<p><a role=\"button\" href=\"https:\/\/georocfor.com\/fr\/produits\/taillants-de-forage-de-roche\/taillants-rc\/\" target=\"_self\"> En savoir plus <\/a><\/p>\r\n<h3><a title=\"Taillants pour marteau \u00e0 eau \" href=\"https:\/\/georocfor.com\/fr\/produits\/taillants-de-forage-de-roche\/taillants-pour-marteau-a-eau\/\" target=\"_self\"> Taillants pour marteau \u00e0 eau <\/a><\/h3>\r\n<p>L&rsquo;utilisation d&rsquo;un marteau \u00e0 eau dans le forage fond de trou (DTH) pr\u00e9sente plusieurs avantages distincts qui am\u00e9liorent l&rsquo;efficacit\u00e9 globale et la performance du processus de forage.<\/p>\r\n<p><a role=\"button\" href=\"https:\/\/georocfor.com\/fr\/produits\/taillants-de-forage-de-roche\/taillants-pour-marteau-a-eau\/\" target=\"_self\"> En savoir plus <\/a><\/p>\r\n<h3><a title=\"R\u00e9paration des taillants \" href=\"https:\/\/georocfor.com\/fr\/produits\/taillants-de-forage-de-roche\/reparation-de-taillants\/\" target=\"_self\"> R\u00e9paration des taillants <\/a><\/h3>\r\n<p>Dans le secteur du forage fond de trou (DTH), la durabilit\u00e9 et la performance des taillants sont essentielles pour garantir une efficacit\u00e9 de forage optimale.<\/p>\r\n<p><a role=\"button\" href=\"https:\/\/georocfor.com\/fr\/produits\/taillants-de-forage-de-roche\/reparation-de-taillants\/\" target=\"_self\"> En savoir plus <\/a><\/p>\r\n<h2>Laissez-nous vous aider \u00e0 choisir les<br \/><strong>produits adapt\u00e9s \u00e0 vos besoins<\/strong><\/h2>\r\n<p><a role=\"button\" href=\"https:\/\/georocfor.com\/fr\/contact\/\" target=\"_self\"> Communiquer avec notre service \u00e0 la client\u00e8le <\/a><\/p>\r\n<\/div><!-- .vgblk-rw-wrapper -->","protected":false},"excerpt":{"rendered":"<p>Plus de 30 ansd&rsquo;expertise en forage En tant que sp\u00e9cialiste de premier plan dans la fabrication de taillants de forage fond de trou (DTH) au Canada, G\u00e9oRocFor offre une gamme compl\u00e8te de produits de haute qualit\u00e9 pour r\u00e9pondre \u00e0 tous vos besoins en forage. Avec un engagement ferme envers la qualit\u00e9 et la performance, tous&#8230;<\/p>\n","protected":false},"author":1,"featured_media":992621,"parent":995037,"menu_order":0,"comment_status":"closed","ping_status":"closed","template":"","meta":{"_acf_changed":false,"inline_featured_image":false,"_monsterinsights_skip_tracking":false,"_monsterinsights_sitenote_active":false,"_monsterinsights_sitenote_note":"","_monsterinsights_sitenote_category":0,"footnotes":""},"class_list":["post-995055","page","type-page","status-publish","has-post-thumbnail","hentry"],"acf":[],"yoast_head":"<!-- This site is optimized with the Yoast SEO plugin v26.8 - https:\/\/yoast.com\/product\/yoast-seo-wordpress\/ -->\n<title>Taillants de forage de roche - GeoRocFor<\/title>\n<meta name=\"description\" content=\"Solutions de taillants de forage de roche GeoRocFor pour fondations, puits et travaux civils : performance, stabilit\u00e9 et long\u00e9vit\u00e9.\" \/>\n<meta name=\"robots\" content=\"index, follow, max-snippet:-1, max-image-preview:large, max-video-preview:-1\" \/>\n<link rel=\"canonical\" href=\"https:\/\/georocfor.com\/fr\/produits\/taillants-de-forage-de-roche\/\" \/>\n<meta property=\"og:locale\" content=\"fr_CA\" \/>\n<meta property=\"og:type\" content=\"article\" \/>\n<meta property=\"og:title\" content=\"Taillants de forage de roche - GeoRocFor\" \/>\n<meta property=\"og:description\" content=\"Solutions de taillants de forage de roche GeoRocFor pour fondations, puits et travaux civils : performance, stabilit\u00e9 et long\u00e9vit\u00e9.\" \/>\n<meta property=\"og:url\" content=\"https:\/\/georocfor.com\/fr\/produits\/taillants-de-forage-de-roche\/\" \/>\n<meta property=\"og:site_name\" content=\"GeoRocFor\" \/>\n<meta property=\"article:modified_time\" content=\"2026-01-27T21:43:45+00:00\" \/>\n<meta property=\"og:image\" content=\"https:\/\/georocfor.com\/wp-content\/uploads\/2025\/04\/georocfor_rock-drilling-bits_1200x800.jpg\" \/>\n\t<meta property=\"og:image:width\" content=\"1200\" \/>\n\t<meta property=\"og:image:height\" content=\"800\" \/>\n\t<meta property=\"og:image:type\" content=\"image\/jpeg\" \/>\n<meta name=\"twitter:card\" content=\"summary_large_image\" \/>\n<meta name=\"twitter:label1\" content=\"Estimation du temps de lecture\" \/>\n\t<meta name=\"twitter:data1\" content=\"3 minutes\" \/>\n<script type=\"application\/ld+json\" class=\"yoast-schema-graph\">{\"@context\":\"https:\/\/schema.org\",\"@graph\":[{\"@type\":\"WebPage\",\"@id\":\"https:\/\/georocfor.com\/fr\/produits\/taillants-de-forage-de-roche\/\",\"url\":\"https:\/\/georocfor.com\/fr\/produits\/taillants-de-forage-de-roche\/\",\"name\":\"Taillants de forage de roche - GeoRocFor\",\"isPartOf\":{\"@id\":\"https:\/\/georocfor.com\/fr\/#website\"},\"primaryImageOfPage\":{\"@id\":\"https:\/\/georocfor.com\/fr\/produits\/taillants-de-forage-de-roche\/#primaryimage\"},\"image\":{\"@id\":\"https:\/\/georocfor.com\/fr\/produits\/taillants-de-forage-de-roche\/#primaryimage\"},\"thumbnailUrl\":\"https:\/\/georocfor.com\/wp-content\/uploads\/2025\/04\/georocfor_rock-drilling-bits_1200x800.jpg\",\"datePublished\":\"2024-04-08T20:45:12+00:00\",\"dateModified\":\"2026-01-27T21:43:45+00:00\",\"description\":\"Solutions de taillants de forage de roche GeoRocFor pour fondations, puits et travaux civils : performance, stabilit\u00e9 et long\u00e9vit\u00e9.\",\"breadcrumb\":{\"@id\":\"https:\/\/georocfor.com\/fr\/produits\/taillants-de-forage-de-roche\/#breadcrumb\"},\"inLanguage\":\"fr-CA\",\"potentialAction\":[{\"@type\":\"ReadAction\",\"target\":[\"https:\/\/georocfor.com\/fr\/produits\/taillants-de-forage-de-roche\/\"]}]},{\"@type\":\"ImageObject\",\"inLanguage\":\"fr-CA\",\"@id\":\"https:\/\/georocfor.com\/fr\/produits\/taillants-de-forage-de-roche\/#primaryimage\",\"url\":\"https:\/\/georocfor.com\/wp-content\/uploads\/2025\/04\/georocfor_rock-drilling-bits_1200x800.jpg\",\"contentUrl\":\"https:\/\/georocfor.com\/wp-content\/uploads\/2025\/04\/georocfor_rock-drilling-bits_1200x800.jpg\",\"width\":1200,\"height\":800,\"caption\":\"Rock Drilling Bits - Pieces\"},{\"@type\":\"BreadcrumbList\",\"@id\":\"https:\/\/georocfor.com\/fr\/produits\/taillants-de-forage-de-roche\/#breadcrumb\",\"itemListElement\":[{\"@type\":\"ListItem\",\"position\":1,\"name\":\"Home\",\"item\":\"https:\/\/georocfor.com\/fr\/\"},{\"@type\":\"ListItem\",\"position\":2,\"name\":\"Produits\",\"item\":\"https:\/\/georocfor.com\/fr\/produits\/\"},{\"@type\":\"ListItem\",\"position\":3,\"name\":\"Taillants de forage de roche\"}]},{\"@type\":\"WebSite\",\"@id\":\"https:\/\/georocfor.com\/fr\/#website\",\"url\":\"https:\/\/georocfor.com\/fr\/\",\"name\":\"GeoRocFor\",\"description\":\"\",\"publisher\":{\"@id\":\"https:\/\/georocfor.com\/fr\/#organization\"},\"potentialAction\":[{\"@type\":\"SearchAction\",\"target\":{\"@type\":\"EntryPoint\",\"urlTemplate\":\"https:\/\/georocfor.com\/fr\/?s={search_term_string}\"},\"query-input\":{\"@type\":\"PropertyValueSpecification\",\"valueRequired\":true,\"valueName\":\"search_term_string\"}}],\"inLanguage\":\"fr-CA\"},{\"@type\":\"Organization\",\"@id\":\"https:\/\/georocfor.com\/fr\/#organization\",\"name\":\"GeoRocFor\",\"url\":\"https:\/\/georocfor.com\/fr\/\",\"logo\":{\"@type\":\"ImageObject\",\"inLanguage\":\"fr-CA\",\"@id\":\"https:\/\/georocfor.com\/fr\/#\/schema\/logo\/image\/\",\"url\":\"https:\/\/georocfor.com\/wp-content\/uploads\/2024\/03\/georocfor_logo_457x64.png\",\"contentUrl\":\"https:\/\/georocfor.com\/wp-content\/uploads\/2024\/03\/georocfor_logo_457x64.png\",\"width\":457,\"height\":64,\"caption\":\"GeoRocFor\"},\"image\":{\"@id\":\"https:\/\/georocfor.com\/fr\/#\/schema\/logo\/image\/\"}}]}<\/script>\n<!-- \/ Yoast SEO plugin. -->","yoast_head_json":{"title":"Taillants de forage de roche - GeoRocFor","description":"Solutions de taillants de forage de roche GeoRocFor pour fondations, puits et travaux civils : performance, stabilit\u00e9 et long\u00e9vit\u00e9.","robots":{"index":"index","follow":"follow","max-snippet":"max-snippet:-1","max-image-preview":"max-image-preview:large","max-video-preview":"max-video-preview:-1"},"canonical":"https:\/\/georocfor.com\/fr\/produits\/taillants-de-forage-de-roche\/","og_locale":"fr_CA","og_type":"article","og_title":"Taillants de forage de roche - GeoRocFor","og_description":"Solutions de taillants de forage de roche GeoRocFor pour fondations, puits et travaux civils : performance, stabilit\u00e9 et long\u00e9vit\u00e9.","og_url":"https:\/\/georocfor.com\/fr\/produits\/taillants-de-forage-de-roche\/","og_site_name":"GeoRocFor","article_modified_time":"2026-01-27T21:43:45+00:00","og_image":[{"width":1200,"height":800,"url":"https:\/\/georocfor.com\/wp-content\/uploads\/2025\/04\/georocfor_rock-drilling-bits_1200x800.jpg","type":"image\/jpeg"}],"twitter_card":"summary_large_image","twitter_misc":{"Estimation du temps de lecture":"3 minutes"},"schema":{"@context":"https:\/\/schema.org","@graph":[{"@type":"WebPage","@id":"https:\/\/georocfor.com\/fr\/produits\/taillants-de-forage-de-roche\/","url":"https:\/\/georocfor.com\/fr\/produits\/taillants-de-forage-de-roche\/","name":"Taillants de forage de roche - GeoRocFor","isPartOf":{"@id":"https:\/\/georocfor.com\/fr\/#website"},"primaryImageOfPage":{"@id":"https:\/\/georocfor.com\/fr\/produits\/taillants-de-forage-de-roche\/#primaryimage"},"image":{"@id":"https:\/\/georocfor.com\/fr\/produits\/taillants-de-forage-de-roche\/#primaryimage"},"thumbnailUrl":"https:\/\/georocfor.com\/wp-content\/uploads\/2025\/04\/georocfor_rock-drilling-bits_1200x800.jpg","datePublished":"2024-04-08T20:45:12+00:00","dateModified":"2026-01-27T21:43:45+00:00","description":"Solutions de taillants de forage de roche GeoRocFor pour fondations, puits et travaux civils : performance, stabilit\u00e9 et long\u00e9vit\u00e9.","breadcrumb":{"@id":"https:\/\/georocfor.com\/fr\/produits\/taillants-de-forage-de-roche\/#breadcrumb"},"inLanguage":"fr-CA","potentialAction":[{"@type":"ReadAction","target":["https:\/\/georocfor.com\/fr\/produits\/taillants-de-forage-de-roche\/"]}]},{"@type":"ImageObject","inLanguage":"fr-CA","@id":"https:\/\/georocfor.com\/fr\/produits\/taillants-de-forage-de-roche\/#primaryimage","url":"https:\/\/georocfor.com\/wp-content\/uploads\/2025\/04\/georocfor_rock-drilling-bits_1200x800.jpg","contentUrl":"https:\/\/georocfor.com\/wp-content\/uploads\/2025\/04\/georocfor_rock-drilling-bits_1200x800.jpg","width":1200,"height":800,"caption":"Rock Drilling Bits - Pieces"},{"@type":"BreadcrumbList","@id":"https:\/\/georocfor.com\/fr\/produits\/taillants-de-forage-de-roche\/#breadcrumb","itemListElement":[{"@type":"ListItem","position":1,"name":"Home","item":"https:\/\/georocfor.com\/fr\/"},{"@type":"ListItem","position":2,"name":"Produits","item":"https:\/\/georocfor.com\/fr\/produits\/"},{"@type":"ListItem","position":3,"name":"Taillants de forage de roche"}]},{"@type":"WebSite","@id":"https:\/\/georocfor.com\/fr\/#website","url":"https:\/\/georocfor.com\/fr\/","name":"GeoRocFor","description":"","publisher":{"@id":"https:\/\/georocfor.com\/fr\/#organization"},"potentialAction":[{"@type":"SearchAction","target":{"@type":"EntryPoint","urlTemplate":"https:\/\/georocfor.com\/fr\/?s={search_term_string}"},"query-input":{"@type":"PropertyValueSpecification","valueRequired":true,"valueName":"search_term_string"}}],"inLanguage":"fr-CA"},{"@type":"Organization","@id":"https:\/\/georocfor.com\/fr\/#organization","name":"GeoRocFor","url":"https:\/\/georocfor.com\/fr\/","logo":{"@type":"ImageObject","inLanguage":"fr-CA","@id":"https:\/\/georocfor.com\/fr\/#\/schema\/logo\/image\/","url":"https:\/\/georocfor.com\/wp-content\/uploads\/2024\/03\/georocfor_logo_457x64.png","contentUrl":"https:\/\/georocfor.com\/wp-content\/uploads\/2024\/03\/georocfor_logo_457x64.png","width":457,"height":64,"caption":"GeoRocFor"},"image":{"@id":"https:\/\/georocfor.com\/fr\/#\/schema\/logo\/image\/"}}]}},"jetpack_sharing_enabled":true,"_links":{"self":[{"href":"https:\/\/georocfor.com\/fr\/wp-json\/wp\/v2\/pages\/995055","targetHints":{"allow":["GET"]}}],"collection":[{"href":"https:\/\/georocfor.com\/fr\/wp-json\/wp\/v2\/pages"}],"about":[{"href":"https:\/\/georocfor.com\/fr\/wp-json\/wp\/v2\/types\/page"}],"author":[{"embeddable":true,"href":"https:\/\/georocfor.com\/fr\/wp-json\/wp\/v2\/users\/1"}],"replies":[{"embeddable":true,"href":"https:\/\/georocfor.com\/fr\/wp-json\/wp\/v2\/comments?post=995055"}],"version-history":[{"count":6,"href":"https:\/\/georocfor.com\/fr\/wp-json\/wp\/v2\/pages\/995055\/revisions"}],"predecessor-version":[{"id":995806,"href":"https:\/\/georocfor.com\/fr\/wp-json\/wp\/v2\/pages\/995055\/revisions\/995806"}],"up":[{"embeddable":true,"href":"https:\/\/georocfor.com\/fr\/wp-json\/wp\/v2\/pages\/995037"}],"wp:featuredmedia":[{"embeddable":true,"href":"https:\/\/georocfor.com\/fr\/wp-json\/wp\/v2\/media\/992621"}],"wp:attachment":[{"href":"https:\/\/georocfor.com\/fr\/wp-json\/wp\/v2\/media?parent=995055"}],"curies":[{"name":"wp","href":"https:\/\/api.w.org\/{rel}","templated":true}]}}