{"id":995049,"date":"2024-04-10T10:40:29","date_gmt":"2024-04-10T14:40:29","guid":{"rendered":"https:\/\/georocfor.com\/produits\/diverter-box\/"},"modified":"2026-01-27T16:49:16","modified_gmt":"2026-01-27T21:49:16","slug":"tete-de-decharge","status":"publish","type":"page","link":"https:\/\/georocfor.com\/fr\/produits\/tete-de-decharge\/","title":{"rendered":"T\u00eate de d\u00e9charge"},"content":{"rendered":"<div class=\"vgblk-rw-wrapper limit-wrapper\">\r\n<h2>Contr\u00f4lez le d\u00e9bit, <b> contr\u00f4lez le chantier<\/b><\/h2>\r\n<p>Lors du forage avec un syst\u00e8me de tubage \u00e0 l&rsquo;avancement, les d\u00e9bris et les d\u00e9blais reviennent par le centre du tubage, entre le diam\u00e8tre int\u00e9rieur du tubage et la tige de forage. Pour assurer un environnement de travail s\u00e9curitaire et maintenir un chantier propre, il est essentiel de rediriger ce flux de retour. Une bo\u00eete de d\u00e9rivation est utilis\u00e9e pour guider les d\u00e9bris loin de l&rsquo;ouverture du tubage et les \u00e9vacuer en toute s\u00e9curit\u00e9. Cela permet de pr\u00e9venir les dangers autour du chantier de forage et d&rsquo;am\u00e9liorer l&rsquo;efficacit\u00e9 des op\u00e9rations. G\u00e9oRocFor offre deux types de t\u00eates de d\u00e9charge, adapt\u00e9es \u00e0 diff\u00e9rents besoins de forage et conditions de chantier.<\/p>\r\n<h2>Nos <br \/><b>t\u00eates de d\u00e9charge<\/b><\/h2>\r\n<h3><a title=\"T\u00eate de d\u00e9charge \u00e0 boulonner\" href=\"https:\/\/georocfor.com\/fr\/produits\/tete-de-decharge\/tete-de-decharge-a-boulonner\/\" target=\"_self\"> T\u00eate de d\u00e9charge \u00e0 boulonner <\/a><\/h3>\r\n<p>Vous devez d\u00e9visser le joint sup\u00e9rieur, glisser la t\u00eate de d\u00e9charge par-dessus le tube de forage jusqu&rsquo;au tubage, puis boulonner le collier inf\u00e9rieur au tubage. Ce mod\u00e8le est \u00e9conomique, mais demande plus de manipulation de la part des employ\u00e9s. Le processus peut prendre plusieurs minutes avant de pouvoir d\u00e9buter le forage.<\/p>\r\n<p><a role=\"button\" href=\"https:\/\/georocfor.com\/fr\/produits\/tete-de-decharge\/tete-de-decharge-a-boulonner\/\" target=\"_self\"> En savoir plus <\/a><\/p>\r\n<h3><a title=\"T\u00eate de d\u00e9charge pneumatique Xs\" href=\"https:\/\/georocfor.com\/fr\/produits\/tete-de-decharge\/tete-de-decharge-pneumatique\/\" target=\"_self\"> T\u00eate de d\u00e9charge pneumatique Xs <\/a><\/h3>\r\n<p>La t\u00eate de d\u00e9charge est fix\u00e9e \u00e0 la t\u00eate de rotation \u00e0 l&rsquo;aide de deux v\u00e9rins pneumatiques, et elle est command\u00e9e par une valve de t\u00e9l\u00e9commande pneumatique situ\u00e9e sur le panneau de contr\u00f4le. Ce mod\u00e8le est un peu plus dispendieux, mais permet d&rsquo;\u00e9liminer les manipulations et de gagner du temps.<\/p>\r\n<p><a role=\"button\" href=\"https:\/\/georocfor.com\/fr\/produits\/tete-de-decharge\/tete-de-decharge-pneumatique\/\" target=\"_self\"> En savoir plus <\/a><\/p>\r\n<h2>Laissez-nous vous aider \u00e0 choisir les<br \/><strong>produits adapt\u00e9s \u00e0 vos besoins<\/strong><\/h2>\r\n<p><a role=\"button\" href=\"https:\/\/georocfor.com\/fr\/contact\/\" target=\"_self\"> Communiquer avec notre service \u00e0 la client\u00e8le <\/a><\/p>\r\n<\/div><!-- .vgblk-rw-wrapper -->","protected":false},"excerpt":{"rendered":"<p>Contr\u00f4lez le d\u00e9bit, contr\u00f4lez le chantier Lors du forage avec un syst\u00e8me de tubage \u00e0 l&rsquo;avancement, les d\u00e9bris et les d\u00e9blais reviennent par le centre du tubage, entre le diam\u00e8tre int\u00e9rieur du tubage et la tige de forage. Pour assurer un environnement de travail s\u00e9curitaire et maintenir un chantier propre, il est essentiel de rediriger&#8230;<\/p>\n","protected":false},"author":1,"featured_media":992238,"parent":995037,"menu_order":0,"comment_status":"closed","ping_status":"closed","template":"","meta":{"_acf_changed":false,"inline_featured_image":false,"_monsterinsights_skip_tracking":false,"_monsterinsights_sitenote_active":false,"_monsterinsights_sitenote_note":"","_monsterinsights_sitenote_category":0,"footnotes":""},"class_list":["post-995049","page","type-page","status-publish","has-post-thumbnail","hentry"],"acf":[],"yoast_head":"<!-- This site is optimized with the Yoast SEO plugin v26.8 - https:\/\/yoast.com\/product\/yoast-seo-wordpress\/ -->\n<title>T\u00eate de d\u00e9charge - GeoRocFor<\/title>\n<meta name=\"description\" content=\"T\u00eates de d\u00e9charge GeoRocFor : solutions robustes pour \u00e9vacuer efficacement les d\u00e9blais et optimiser la circulation d\u2019air en forage.\" \/>\n<meta name=\"robots\" content=\"index, follow, max-snippet:-1, max-image-preview:large, max-video-preview:-1\" \/>\n<link rel=\"canonical\" href=\"https:\/\/georocfor.com\/fr\/produits\/tete-de-decharge\/\" \/>\n<meta property=\"og:locale\" content=\"fr_CA\" \/>\n<meta property=\"og:type\" content=\"article\" \/>\n<meta property=\"og:title\" content=\"T\u00eate de d\u00e9charge - GeoRocFor\" \/>\n<meta property=\"og:description\" content=\"T\u00eates de d\u00e9charge GeoRocFor : solutions robustes pour \u00e9vacuer efficacement les d\u00e9blais et optimiser la circulation d\u2019air en forage.\" \/>\n<meta property=\"og:url\" content=\"https:\/\/georocfor.com\/fr\/produits\/tete-de-decharge\/\" \/>\n<meta property=\"og:site_name\" content=\"GeoRocFor\" \/>\n<meta property=\"article:modified_time\" content=\"2026-01-27T21:49:16+00:00\" \/>\n<meta property=\"og:image\" content=\"https:\/\/georocfor.com\/wp-content\/uploads\/2024\/04\/georocfor_xs-pneumatic-diverter-03_1200x800.jpg\" \/>\n\t<meta property=\"og:image:width\" content=\"1200\" \/>\n\t<meta property=\"og:image:height\" content=\"800\" \/>\n\t<meta property=\"og:image:type\" content=\"image\/jpeg\" \/>\n<meta name=\"twitter:card\" content=\"summary_large_image\" \/>\n<meta name=\"twitter:label1\" content=\"Estimation du temps de lecture\" \/>\n\t<meta name=\"twitter:data1\" content=\"2 minutes\" \/>\n<script type=\"application\/ld+json\" class=\"yoast-schema-graph\">{\"@context\":\"https:\/\/schema.org\",\"@graph\":[{\"@type\":\"WebPage\",\"@id\":\"https:\/\/georocfor.com\/fr\/produits\/tete-de-decharge\/\",\"url\":\"https:\/\/georocfor.com\/fr\/produits\/tete-de-decharge\/\",\"name\":\"T\u00eate de d\u00e9charge - GeoRocFor\",\"isPartOf\":{\"@id\":\"https:\/\/georocfor.com\/fr\/#website\"},\"primaryImageOfPage\":{\"@id\":\"https:\/\/georocfor.com\/fr\/produits\/tete-de-decharge\/#primaryimage\"},\"image\":{\"@id\":\"https:\/\/georocfor.com\/fr\/produits\/tete-de-decharge\/#primaryimage\"},\"thumbnailUrl\":\"https:\/\/georocfor.com\/wp-content\/uploads\/2024\/04\/georocfor_xs-pneumatic-diverter-03_1200x800.jpg\",\"datePublished\":\"2024-04-10T14:40:29+00:00\",\"dateModified\":\"2026-01-27T21:49:16+00:00\",\"description\":\"T\u00eates de d\u00e9charge GeoRocFor : solutions robustes pour \u00e9vacuer efficacement les d\u00e9blais et optimiser la circulation d\u2019air en forage.\",\"breadcrumb\":{\"@id\":\"https:\/\/georocfor.com\/fr\/produits\/tete-de-decharge\/#breadcrumb\"},\"inLanguage\":\"fr-CA\",\"potentialAction\":[{\"@type\":\"ReadAction\",\"target\":[\"https:\/\/georocfor.com\/fr\/produits\/tete-de-decharge\/\"]}]},{\"@type\":\"ImageObject\",\"inLanguage\":\"fr-CA\",\"@id\":\"https:\/\/georocfor.com\/fr\/produits\/tete-de-decharge\/#primaryimage\",\"url\":\"https:\/\/georocfor.com\/wp-content\/uploads\/2024\/04\/georocfor_xs-pneumatic-diverter-03_1200x800.jpg\",\"contentUrl\":\"https:\/\/georocfor.com\/wp-content\/uploads\/2024\/04\/georocfor_xs-pneumatic-diverter-03_1200x800.jpg\",\"width\":1200,\"height\":800,\"caption\":\"T\u00eate de d\u00e9charge pneumatique\"},{\"@type\":\"BreadcrumbList\",\"@id\":\"https:\/\/georocfor.com\/fr\/produits\/tete-de-decharge\/#breadcrumb\",\"itemListElement\":[{\"@type\":\"ListItem\",\"position\":1,\"name\":\"Home\",\"item\":\"https:\/\/georocfor.com\/fr\/\"},{\"@type\":\"ListItem\",\"position\":2,\"name\":\"Produits\",\"item\":\"https:\/\/georocfor.com\/fr\/produits\/\"},{\"@type\":\"ListItem\",\"position\":3,\"name\":\"T\u00eate de d\u00e9charge\"}]},{\"@type\":\"WebSite\",\"@id\":\"https:\/\/georocfor.com\/fr\/#website\",\"url\":\"https:\/\/georocfor.com\/fr\/\",\"name\":\"GeoRocFor\",\"description\":\"\",\"publisher\":{\"@id\":\"https:\/\/georocfor.com\/fr\/#organization\"},\"potentialAction\":[{\"@type\":\"SearchAction\",\"target\":{\"@type\":\"EntryPoint\",\"urlTemplate\":\"https:\/\/georocfor.com\/fr\/?s={search_term_string}\"},\"query-input\":{\"@type\":\"PropertyValueSpecification\",\"valueRequired\":true,\"valueName\":\"search_term_string\"}}],\"inLanguage\":\"fr-CA\"},{\"@type\":\"Organization\",\"@id\":\"https:\/\/georocfor.com\/fr\/#organization\",\"name\":\"GeoRocFor\",\"url\":\"https:\/\/georocfor.com\/fr\/\",\"logo\":{\"@type\":\"ImageObject\",\"inLanguage\":\"fr-CA\",\"@id\":\"https:\/\/georocfor.com\/fr\/#\/schema\/logo\/image\/\",\"url\":\"https:\/\/georocfor.com\/wp-content\/uploads\/2024\/03\/georocfor_logo_457x64.png\",\"contentUrl\":\"https:\/\/georocfor.com\/wp-content\/uploads\/2024\/03\/georocfor_logo_457x64.png\",\"width\":457,\"height\":64,\"caption\":\"GeoRocFor\"},\"image\":{\"@id\":\"https:\/\/georocfor.com\/fr\/#\/schema\/logo\/image\/\"}}]}<\/script>\n<!-- \/ Yoast SEO plugin. -->","yoast_head_json":{"title":"T\u00eate de d\u00e9charge - GeoRocFor","description":"T\u00eates de d\u00e9charge GeoRocFor : solutions robustes pour \u00e9vacuer efficacement les d\u00e9blais et optimiser la circulation d\u2019air en forage.","robots":{"index":"index","follow":"follow","max-snippet":"max-snippet:-1","max-image-preview":"max-image-preview:large","max-video-preview":"max-video-preview:-1"},"canonical":"https:\/\/georocfor.com\/fr\/produits\/tete-de-decharge\/","og_locale":"fr_CA","og_type":"article","og_title":"T\u00eate de d\u00e9charge - GeoRocFor","og_description":"T\u00eates de d\u00e9charge GeoRocFor : solutions robustes pour \u00e9vacuer efficacement les d\u00e9blais et optimiser la circulation d\u2019air en forage.","og_url":"https:\/\/georocfor.com\/fr\/produits\/tete-de-decharge\/","og_site_name":"GeoRocFor","article_modified_time":"2026-01-27T21:49:16+00:00","og_image":[{"width":1200,"height":800,"url":"https:\/\/georocfor.com\/wp-content\/uploads\/2024\/04\/georocfor_xs-pneumatic-diverter-03_1200x800.jpg","type":"image\/jpeg"}],"twitter_card":"summary_large_image","twitter_misc":{"Estimation du temps de lecture":"2 minutes"},"schema":{"@context":"https:\/\/schema.org","@graph":[{"@type":"WebPage","@id":"https:\/\/georocfor.com\/fr\/produits\/tete-de-decharge\/","url":"https:\/\/georocfor.com\/fr\/produits\/tete-de-decharge\/","name":"T\u00eate de d\u00e9charge - GeoRocFor","isPartOf":{"@id":"https:\/\/georocfor.com\/fr\/#website"},"primaryImageOfPage":{"@id":"https:\/\/georocfor.com\/fr\/produits\/tete-de-decharge\/#primaryimage"},"image":{"@id":"https:\/\/georocfor.com\/fr\/produits\/tete-de-decharge\/#primaryimage"},"thumbnailUrl":"https:\/\/georocfor.com\/wp-content\/uploads\/2024\/04\/georocfor_xs-pneumatic-diverter-03_1200x800.jpg","datePublished":"2024-04-10T14:40:29+00:00","dateModified":"2026-01-27T21:49:16+00:00","description":"T\u00eates de d\u00e9charge GeoRocFor : solutions robustes pour \u00e9vacuer efficacement les d\u00e9blais et optimiser la circulation d\u2019air en forage.","breadcrumb":{"@id":"https:\/\/georocfor.com\/fr\/produits\/tete-de-decharge\/#breadcrumb"},"inLanguage":"fr-CA","potentialAction":[{"@type":"ReadAction","target":["https:\/\/georocfor.com\/fr\/produits\/tete-de-decharge\/"]}]},{"@type":"ImageObject","inLanguage":"fr-CA","@id":"https:\/\/georocfor.com\/fr\/produits\/tete-de-decharge\/#primaryimage","url":"https:\/\/georocfor.com\/wp-content\/uploads\/2024\/04\/georocfor_xs-pneumatic-diverter-03_1200x800.jpg","contentUrl":"https:\/\/georocfor.com\/wp-content\/uploads\/2024\/04\/georocfor_xs-pneumatic-diverter-03_1200x800.jpg","width":1200,"height":800,"caption":"T\u00eate de d\u00e9charge pneumatique"},{"@type":"BreadcrumbList","@id":"https:\/\/georocfor.com\/fr\/produits\/tete-de-decharge\/#breadcrumb","itemListElement":[{"@type":"ListItem","position":1,"name":"Home","item":"https:\/\/georocfor.com\/fr\/"},{"@type":"ListItem","position":2,"name":"Produits","item":"https:\/\/georocfor.com\/fr\/produits\/"},{"@type":"ListItem","position":3,"name":"T\u00eate de d\u00e9charge"}]},{"@type":"WebSite","@id":"https:\/\/georocfor.com\/fr\/#website","url":"https:\/\/georocfor.com\/fr\/","name":"GeoRocFor","description":"","publisher":{"@id":"https:\/\/georocfor.com\/fr\/#organization"},"potentialAction":[{"@type":"SearchAction","target":{"@type":"EntryPoint","urlTemplate":"https:\/\/georocfor.com\/fr\/?s={search_term_string}"},"query-input":{"@type":"PropertyValueSpecification","valueRequired":true,"valueName":"search_term_string"}}],"inLanguage":"fr-CA"},{"@type":"Organization","@id":"https:\/\/georocfor.com\/fr\/#organization","name":"GeoRocFor","url":"https:\/\/georocfor.com\/fr\/","logo":{"@type":"ImageObject","inLanguage":"fr-CA","@id":"https:\/\/georocfor.com\/fr\/#\/schema\/logo\/image\/","url":"https:\/\/georocfor.com\/wp-content\/uploads\/2024\/03\/georocfor_logo_457x64.png","contentUrl":"https:\/\/georocfor.com\/wp-content\/uploads\/2024\/03\/georocfor_logo_457x64.png","width":457,"height":64,"caption":"GeoRocFor"},"image":{"@id":"https:\/\/georocfor.com\/fr\/#\/schema\/logo\/image\/"}}]}},"jetpack_sharing_enabled":true,"_links":{"self":[{"href":"https:\/\/georocfor.com\/fr\/wp-json\/wp\/v2\/pages\/995049","targetHints":{"allow":["GET"]}}],"collection":[{"href":"https:\/\/georocfor.com\/fr\/wp-json\/wp\/v2\/pages"}],"about":[{"href":"https:\/\/georocfor.com\/fr\/wp-json\/wp\/v2\/types\/page"}],"author":[{"embeddable":true,"href":"https:\/\/georocfor.com\/fr\/wp-json\/wp\/v2\/users\/1"}],"replies":[{"embeddable":true,"href":"https:\/\/georocfor.com\/fr\/wp-json\/wp\/v2\/comments?post=995049"}],"version-history":[{"count":4,"href":"https:\/\/georocfor.com\/fr\/wp-json\/wp\/v2\/pages\/995049\/revisions"}],"predecessor-version":[{"id":995798,"href":"https:\/\/georocfor.com\/fr\/wp-json\/wp\/v2\/pages\/995049\/revisions\/995798"}],"up":[{"embeddable":true,"href":"https:\/\/georocfor.com\/fr\/wp-json\/wp\/v2\/pages\/995037"}],"wp:featuredmedia":[{"embeddable":true,"href":"https:\/\/georocfor.com\/fr\/wp-json\/wp\/v2\/media\/992238"}],"wp:attachment":[{"href":"https:\/\/georocfor.com\/fr\/wp-json\/wp\/v2\/media?parent=995049"}],"curies":[{"name":"wp","href":"https:\/\/api.w.org\/{rel}","templated":true}]}}