{"id":995046,"date":"2024-01-31T10:58:56","date_gmt":"2024-01-31T15:58:56","guid":{"rendered":"https:\/\/georocfor.com\/produits\/demolition-tools\/"},"modified":"2026-01-27T14:57:23","modified_gmt":"2026-01-27T19:57:23","slug":"outils-de-demolition","status":"publish","type":"page","link":"https:\/\/georocfor.com\/fr\/produits\/outils-de-demolition\/","title":{"rendered":"Outils de d\u00e9molition"},"content":{"rendered":"<div class=\"vgblk-rw-wrapper limit-wrapper\">\r\n<h2>Nos <br \/><b>outils de demolition<\/b><\/h2>\r\n<p>Depuis plus de 30 ans, G\u00e9oRocFor est reconnu comme un leader dans la fabrication d&rsquo;outils de d\u00e9molition haute performance pour marteaux hydrauliques. Fier de ses racines canadiennes, notre \u00e9quipe allie des d\u00e9cennies d&rsquo;expertise pratique aux meilleurs mat\u00e9riaux pour offrir des outils capables de r\u00e9sister aux conditions les plus exigeantes.<\/p>\r\n<p>Des burins aux pointes pyramidales, chaque outil G\u00e9oRocFor est con\u00e7u pour une durabilit\u00e9 maximale, une r\u00e9sistance aux chocs et une productivit\u00e9 accrue sur le chantier. Que vous ayez \u00e0 briser de la roche, du b\u00e9ton ou des structures arm\u00e9es, nos outils sont fabriqu\u00e9s pour vous permettre de travailler plus longtemps, plus fort et plus efficacement.<\/p>\r\n<p><strong>Quand la pr\u00e9cision rencontre la robustesse &#8211; c&rsquo;est \u00e7a, la diff\u00e9rence G\u00e9oRocFor.<\/strong><\/p>\r\n<h2>Nos <br \/><b>documents<\/b><\/h2>\r\n<h4>Allied Tools<\/h4>\r\n<h4>Atlas Copco<\/h4>\r\n<h4>Bobcat Tools<\/h4>\r\n<h4>Breakers Drills<\/h4>\r\n<h4>Caterpillar<\/h4>\r\n<h4>Huskie Tools<\/h4>\r\n<h4>Indeco Tools<\/h4>\r\n<h4>Kent Tools<\/h4>\r\n<h4>Komatsu Tools<\/h4>\r\n<h4>Magnum Tools<\/h4>\r\n<h4>N.P.K Tools<\/h4>\r\n<h4>Rammer Tools<\/h4>\r\n<h4>Sandvick<\/h4>\r\n<h4>Soosan Tools<\/h4>\r\n<h4>Stanley Tools<\/h4>\r\n<h4>Takeuchi<\/h4>\r\n<h4>Teledyne<\/h4>\r\n<h4>Tramac Tools<\/h4>\r\n<h2>Choix de<br \/><b>mod\u00e8les d&rsquo;outils<\/b><\/h2>\r\n<p><img loading=\"lazy\" decoding=\"async\" title=\"georocfor_demolition-tools_cross-cut-chisel_220x400\" src=\"https:\/\/georocfor.com\/wp-content\/uploads\/2024\/04\/georocfor_demolition-tools_cross-cut-chisel_220x400.png\" sizes=\"auto, (max-width: 768px) 100vw, 100vw\" srcset=\"https:\/\/georocfor.com\/wp-content\/uploads\/2024\/04\/georocfor_demolition-tools_cross-cut-chisel_220x400.png 400w, https:\/\/georocfor.com\/wp-content\/uploads\/2024\/04\/georocfor_demolition-tools_cross-cut-chisel_220x400-300x165.png 300w, https:\/\/georocfor.com\/wp-content\/uploads\/2024\/04\/georocfor_demolition-tools_cross-cut-chisel_220x400-315x173.png 315w\" alt=\"georocfor_demolition-tools_cross-cut-chisel_220x400\" width=\"400\" height=\"220\" \/><\/p>\r\n<h4>Burin \u00e0 tranchant crois\u00e9<\/h4>\r\n<p>Usage g\u00e9n\u00e9ral pour creuser des fosses dans un sous-sol rocheux. S\u00e9paration de dalles de roche.<\/p>\r\n<p><img loading=\"lazy\" decoding=\"async\" title=\"georocfor_demolition-tools_in-line-chisel_220x400\" src=\"https:\/\/georocfor.com\/wp-content\/uploads\/2024\/04\/georocfor_demolition-tools_in-line-chisel_220x400.png\" sizes=\"auto, (max-width: 768px) 100vw, 100vw\" srcset=\"https:\/\/georocfor.com\/wp-content\/uploads\/2024\/04\/georocfor_demolition-tools_in-line-chisel_220x400.png 400w, https:\/\/georocfor.com\/wp-content\/uploads\/2024\/04\/georocfor_demolition-tools_in-line-chisel_220x400-300x165.png 300w, https:\/\/georocfor.com\/wp-content\/uploads\/2024\/04\/georocfor_demolition-tools_in-line-chisel_220x400-315x173.png 315w\" alt=\"georocfor_demolition-tools_in-line-chisel_220x400\" width=\"400\" height=\"220\" \/><\/p>\r\n<h4>Burin \u00e0 tranchant en ligne<\/h4>\r\n<p>Usage g\u00e9n\u00e9ral pour creuser des fosses dans le sous-sol rocheux. S\u00e9paration de dalles de roche.<\/p>\r\n<p><img loading=\"lazy\" decoding=\"async\" title=\"georocfor_demolition-tools_moil-point_220x400\" src=\"https:\/\/georocfor.com\/wp-content\/uploads\/2024\/04\/georocfor_demolition-tools_moil-point_220x400.png\" sizes=\"auto, (max-width: 768px) 100vw, 100vw\" srcset=\"https:\/\/georocfor.com\/wp-content\/uploads\/2024\/04\/georocfor_demolition-tools_moil-point_220x400.png 400w, https:\/\/georocfor.com\/wp-content\/uploads\/2024\/04\/georocfor_demolition-tools_moil-point_220x400-300x165.png 300w, https:\/\/georocfor.com\/wp-content\/uploads\/2024\/04\/georocfor_demolition-tools_moil-point_220x400-315x173.png 315w\" alt=\"georocfor_demolition-tools_moil-point_220x400\" width=\"400\" height=\"220\" \/><\/p>\r\n<h4>Pointe \u00e0 4 faces<\/h4>\r\n<p>Usage g\u00e9n\u00e9ral dans les carri\u00e8res. Fondations. Creusement de voies.<\/p>\r\n<p><img loading=\"lazy\" decoding=\"async\" title=\"georocfor_demolition-tools_point_220x400\" src=\"https:\/\/georocfor.com\/wp-content\/uploads\/2024\/04\/georocfor_demolition-tools_point_220x400.png\" sizes=\"auto, (max-width: 768px) 100vw, 100vw\" srcset=\"https:\/\/georocfor.com\/wp-content\/uploads\/2024\/04\/georocfor_demolition-tools_point_220x400.png 400w, https:\/\/georocfor.com\/wp-content\/uploads\/2024\/04\/georocfor_demolition-tools_point_220x400-300x165.png 300w, https:\/\/georocfor.com\/wp-content\/uploads\/2024\/04\/georocfor_demolition-tools_point_220x400-315x173.png 315w\" alt=\"georocfor_demolition-tools_point_220x400\" width=\"400\" height=\"220\" \/><\/p>\r\n<h4>Pointe<\/h4>\r\n<p>Usage g\u00e9n\u00e9ral avec action p\u00e9n\u00e9trante.<\/p>\r\n<p><img loading=\"lazy\" decoding=\"async\" title=\"georocfor_demolition-tools_blunt_220x400\" src=\"https:\/\/georocfor.com\/wp-content\/uploads\/2024\/04\/georocfor_demolition-tools_blunt_220x400.png\" sizes=\"auto, (max-width: 768px) 100vw, 100vw\" srcset=\"https:\/\/georocfor.com\/wp-content\/uploads\/2024\/04\/georocfor_demolition-tools_blunt_220x400.png 400w, https:\/\/georocfor.com\/wp-content\/uploads\/2024\/04\/georocfor_demolition-tools_blunt_220x400-300x165.png 300w, https:\/\/georocfor.com\/wp-content\/uploads\/2024\/04\/georocfor_demolition-tools_blunt_220x400-315x173.png 315w\" alt=\"georocfor_demolition-tools_blunt_220x400\" width=\"400\" height=\"220\" \/><\/p>\r\n<h4>\u00c9craseur<\/h4>\r\n<p>Broyage de roche dans les carri\u00e8res. Broyage de scories. Compression du sol.<\/p>\r\n<p><img loading=\"lazy\" decoding=\"async\" title=\"georocfor_demolition-tools_elephant-foot_220x400\" src=\"https:\/\/georocfor.com\/wp-content\/uploads\/2024\/04\/georocfor_demolition-tools_elephant-foot_220x400.png\" sizes=\"auto, (max-width: 768px) 100vw, 100vw\" srcset=\"https:\/\/georocfor.com\/wp-content\/uploads\/2024\/04\/georocfor_demolition-tools_elephant-foot_220x400.png 400w, https:\/\/georocfor.com\/wp-content\/uploads\/2024\/04\/georocfor_demolition-tools_elephant-foot_220x400-300x165.png 300w, https:\/\/georocfor.com\/wp-content\/uploads\/2024\/04\/georocfor_demolition-tools_elephant-foot_220x400-315x173.png 315w\" alt=\"georocfor_demolition-tools_elephant-foot_220x400\" width=\"400\" height=\"220\" \/><\/p>\r\n<h4>Pied d&rsquo;\u00e9l\u00e9phant<\/h4>\r\n<p>D\u00e9molition de b\u00e9ton arm\u00e9. Concassage de grosses roches. Compactage du sol.<\/p>\r\n<p><img loading=\"lazy\" decoding=\"async\" title=\"georocfor_demolition-tools_asphalt-cutter_220x400\" src=\"https:\/\/georocfor.com\/wp-content\/uploads\/2024\/04\/georocfor_demolition-tools_asphalt-cutter_220x400.png\" sizes=\"auto, (max-width: 768px) 100vw, 100vw\" srcset=\"https:\/\/georocfor.com\/wp-content\/uploads\/2024\/04\/georocfor_demolition-tools_asphalt-cutter_220x400.png 400w, https:\/\/georocfor.com\/wp-content\/uploads\/2024\/04\/georocfor_demolition-tools_asphalt-cutter_220x400-300x165.png 300w, https:\/\/georocfor.com\/wp-content\/uploads\/2024\/04\/georocfor_demolition-tools_asphalt-cutter_220x400-315x173.png 315w\" alt=\"georocfor_demolition-tools_asphalt-cutter_220x400\" width=\"400\" height=\"220\" \/><\/p>\r\n<h4>Coupe-asphalte<\/h4>\r\n<p>Usage g\u00e9n\u00e9ral avec action de coupe suppl\u00e9mentaire. D\u00e9coupe de l&rsquo;asphalte ou de mat\u00e9riaux tendres.<\/p>\r\n<p><img loading=\"lazy\" decoding=\"async\" title=\"georocfor_demolition-tools_wide-chisel_220x400\" src=\"https:\/\/georocfor.com\/wp-content\/uploads\/2024\/04\/georocfor_demolition-tools_wide-chisel_220x400.png\" sizes=\"auto, (max-width: 768px) 100vw, 100vw\" srcset=\"https:\/\/georocfor.com\/wp-content\/uploads\/2024\/04\/georocfor_demolition-tools_wide-chisel_220x400.png 400w, https:\/\/georocfor.com\/wp-content\/uploads\/2024\/04\/georocfor_demolition-tools_wide-chisel_220x400-300x165.png 300w, https:\/\/georocfor.com\/wp-content\/uploads\/2024\/04\/georocfor_demolition-tools_wide-chisel_220x400-315x173.png 315w\" alt=\"georocfor_demolition-tools_wide-chisel_220x400\" width=\"400\" height=\"220\" \/><\/p>\r\n<h4>Ciseau large<\/h4>\r\n<p>Usage g\u00e9n\u00e9ral avec action de coupe suppl\u00e9mentaire. Bris de rev\u00eatement d&rsquo;asphalte.<\/p>\r\n<p><img loading=\"lazy\" decoding=\"async\" title=\"georocfor_demolition-tools_pole-driver_220x400\" src=\"https:\/\/georocfor.com\/wp-content\/uploads\/2024\/04\/georocfor_demolition-tools_pole-driver_220x400.png\" sizes=\"auto, (max-width: 768px) 100vw, 100vw\" srcset=\"https:\/\/georocfor.com\/wp-content\/uploads\/2024\/04\/georocfor_demolition-tools_pole-driver_220x400.png 400w, https:\/\/georocfor.com\/wp-content\/uploads\/2024\/04\/georocfor_demolition-tools_pole-driver_220x400-300x165.png 300w, https:\/\/georocfor.com\/wp-content\/uploads\/2024\/04\/georocfor_demolition-tools_pole-driver_220x400-315x173.png 315w\" alt=\"georocfor_demolition-tools_pole-driver_220x400\" width=\"400\" height=\"220\" \/><\/p>\r\n<h4>Pilonneur<\/h4>\r\n<p>Enfoncement de poteaux et de tuyaux. Produit sur demande.<\/p>\r\n<p><img loading=\"lazy\" decoding=\"async\" title=\"georocfor_demolition-tools_tamping-tool_220x400\" src=\"https:\/\/georocfor.com\/wp-content\/uploads\/2024\/04\/georocfor_demolition-tools_tamping-tool_220x400.png\" sizes=\"auto, (max-width: 768px) 100vw, 100vw\" srcset=\"https:\/\/georocfor.com\/wp-content\/uploads\/2024\/04\/georocfor_demolition-tools_tamping-tool_220x400.png 400w, https:\/\/georocfor.com\/wp-content\/uploads\/2024\/04\/georocfor_demolition-tools_tamping-tool_220x400-300x165.png 300w, https:\/\/georocfor.com\/wp-content\/uploads\/2024\/04\/georocfor_demolition-tools_tamping-tool_220x400-315x173.png 315w\" alt=\"georocfor_demolition-tools_tamping-tool_220x400\" width=\"400\" height=\"220\" \/><\/p>\r\n<h4>Outil de damage<\/h4>\r\n<p>Compactage du sol et du gravier. Produit sur demande.<\/p>\r\n<\/div><!-- .vgblk-rw-wrapper -->","protected":false},"excerpt":{"rendered":"<p>Nos outils de demolition Depuis plus de 30 ans, G\u00e9oRocFor est reconnu comme un leader dans la fabrication d&rsquo;outils de d\u00e9molition haute performance pour marteaux hydrauliques. Fier de ses racines canadiennes, notre \u00e9quipe allie des d\u00e9cennies d&rsquo;expertise pratique aux meilleurs mat\u00e9riaux pour offrir des outils capables de r\u00e9sister aux conditions les plus exigeantes. Des burins&#8230;<\/p>\n","protected":false},"author":1,"featured_media":995909,"parent":995037,"menu_order":0,"comment_status":"closed","ping_status":"closed","template":"","meta":{"_acf_changed":false,"inline_featured_image":false,"_monsterinsights_skip_tracking":false,"_monsterinsights_sitenote_active":false,"_monsterinsights_sitenote_note":"","_monsterinsights_sitenote_category":0,"footnotes":""},"class_list":["post-995046","page","type-page","status-publish","has-post-thumbnail","hentry"],"acf":[],"yoast_head":"<!-- This site is optimized with the Yoast SEO plugin v26.8 - https:\/\/yoast.com\/product\/yoast-seo-wordpress\/ -->\n<title>Outils de d\u00e9molition - GeoRocFor<\/title>\n<meta name=\"description\" content=\"Outils de d\u00e9molition GeoRocFor : durabilit\u00e9 et puissance pour d\u00e9molition contr\u00f4l\u00e9e et pr\u00e9paration de site sans compromis.\" \/>\n<meta name=\"robots\" content=\"index, follow, max-snippet:-1, max-image-preview:large, max-video-preview:-1\" \/>\n<link rel=\"canonical\" href=\"https:\/\/georocfor.com\/fr\/produits\/outils-de-demolition\/\" \/>\n<meta property=\"og:locale\" content=\"fr_CA\" \/>\n<meta property=\"og:type\" content=\"article\" \/>\n<meta property=\"og:title\" content=\"Outils de d\u00e9molition - GeoRocFor\" \/>\n<meta property=\"og:description\" content=\"Outils de d\u00e9molition GeoRocFor : durabilit\u00e9 et puissance pour d\u00e9molition contr\u00f4l\u00e9e et pr\u00e9paration de site sans compromis.\" \/>\n<meta property=\"og:url\" content=\"https:\/\/georocfor.com\/fr\/produits\/outils-de-demolition\/\" \/>\n<meta property=\"og:site_name\" content=\"GeoRocFor\" \/>\n<meta property=\"article:modified_time\" content=\"2026-01-27T19:57:23+00:00\" \/>\n<meta property=\"og:image\" content=\"https:\/\/georocfor.com\/wp-content\/uploads\/2026\/01\/georocfor_demoliton-tools_1200x800.jpg\" \/>\n\t<meta property=\"og:image:width\" content=\"1200\" \/>\n\t<meta property=\"og:image:height\" content=\"800\" \/>\n\t<meta property=\"og:image:type\" content=\"image\/jpeg\" \/>\n<meta name=\"twitter:card\" content=\"summary_large_image\" \/>\n<meta name=\"twitter:label1\" content=\"Estimation du temps de lecture\" \/>\n\t<meta name=\"twitter:data1\" content=\"4 minutes\" \/>\n<script type=\"application\/ld+json\" class=\"yoast-schema-graph\">{\"@context\":\"https:\/\/schema.org\",\"@graph\":[{\"@type\":\"WebPage\",\"@id\":\"https:\/\/georocfor.com\/fr\/produits\/outils-de-demolition\/\",\"url\":\"https:\/\/georocfor.com\/fr\/produits\/outils-de-demolition\/\",\"name\":\"Outils de d\u00e9molition - GeoRocFor\",\"isPartOf\":{\"@id\":\"https:\/\/georocfor.com\/fr\/#website\"},\"primaryImageOfPage\":{\"@id\":\"https:\/\/georocfor.com\/fr\/produits\/outils-de-demolition\/#primaryimage\"},\"image\":{\"@id\":\"https:\/\/georocfor.com\/fr\/produits\/outils-de-demolition\/#primaryimage\"},\"thumbnailUrl\":\"https:\/\/georocfor.com\/wp-content\/uploads\/2026\/01\/georocfor_demoliton-tools_1200x800.jpg\",\"datePublished\":\"2024-01-31T15:58:56+00:00\",\"dateModified\":\"2026-01-27T19:57:23+00:00\",\"description\":\"Outils de d\u00e9molition GeoRocFor : durabilit\u00e9 et puissance pour d\u00e9molition contr\u00f4l\u00e9e et pr\u00e9paration de site sans compromis.\",\"breadcrumb\":{\"@id\":\"https:\/\/georocfor.com\/fr\/produits\/outils-de-demolition\/#breadcrumb\"},\"inLanguage\":\"fr-CA\",\"potentialAction\":[{\"@type\":\"ReadAction\",\"target\":[\"https:\/\/georocfor.com\/fr\/produits\/outils-de-demolition\/\"]}]},{\"@type\":\"ImageObject\",\"inLanguage\":\"fr-CA\",\"@id\":\"https:\/\/georocfor.com\/fr\/produits\/outils-de-demolition\/#primaryimage\",\"url\":\"https:\/\/georocfor.com\/wp-content\/uploads\/2026\/01\/georocfor_demoliton-tools_1200x800.jpg\",\"contentUrl\":\"https:\/\/georocfor.com\/wp-content\/uploads\/2026\/01\/georocfor_demoliton-tools_1200x800.jpg\",\"width\":1200,\"height\":800,\"caption\":\"GeoRocFor - Outil de d\u00e9molition\"},{\"@type\":\"BreadcrumbList\",\"@id\":\"https:\/\/georocfor.com\/fr\/produits\/outils-de-demolition\/#breadcrumb\",\"itemListElement\":[{\"@type\":\"ListItem\",\"position\":1,\"name\":\"Home\",\"item\":\"https:\/\/georocfor.com\/fr\/\"},{\"@type\":\"ListItem\",\"position\":2,\"name\":\"Produits\",\"item\":\"https:\/\/georocfor.com\/fr\/produits\/\"},{\"@type\":\"ListItem\",\"position\":3,\"name\":\"Outils de d\u00e9molition\"}]},{\"@type\":\"WebSite\",\"@id\":\"https:\/\/georocfor.com\/fr\/#website\",\"url\":\"https:\/\/georocfor.com\/fr\/\",\"name\":\"GeoRocFor\",\"description\":\"\",\"publisher\":{\"@id\":\"https:\/\/georocfor.com\/fr\/#organization\"},\"potentialAction\":[{\"@type\":\"SearchAction\",\"target\":{\"@type\":\"EntryPoint\",\"urlTemplate\":\"https:\/\/georocfor.com\/fr\/?s={search_term_string}\"},\"query-input\":{\"@type\":\"PropertyValueSpecification\",\"valueRequired\":true,\"valueName\":\"search_term_string\"}}],\"inLanguage\":\"fr-CA\"},{\"@type\":\"Organization\",\"@id\":\"https:\/\/georocfor.com\/fr\/#organization\",\"name\":\"GeoRocFor\",\"url\":\"https:\/\/georocfor.com\/fr\/\",\"logo\":{\"@type\":\"ImageObject\",\"inLanguage\":\"fr-CA\",\"@id\":\"https:\/\/georocfor.com\/fr\/#\/schema\/logo\/image\/\",\"url\":\"https:\/\/georocfor.com\/wp-content\/uploads\/2024\/03\/georocfor_logo_457x64.png\",\"contentUrl\":\"https:\/\/georocfor.com\/wp-content\/uploads\/2024\/03\/georocfor_logo_457x64.png\",\"width\":457,\"height\":64,\"caption\":\"GeoRocFor\"},\"image\":{\"@id\":\"https:\/\/georocfor.com\/fr\/#\/schema\/logo\/image\/\"}}]}<\/script>\n<!-- \/ Yoast SEO plugin. -->","yoast_head_json":{"title":"Outils de d\u00e9molition - GeoRocFor","description":"Outils de d\u00e9molition GeoRocFor : durabilit\u00e9 et puissance pour d\u00e9molition contr\u00f4l\u00e9e et pr\u00e9paration de site sans compromis.","robots":{"index":"index","follow":"follow","max-snippet":"max-snippet:-1","max-image-preview":"max-image-preview:large","max-video-preview":"max-video-preview:-1"},"canonical":"https:\/\/georocfor.com\/fr\/produits\/outils-de-demolition\/","og_locale":"fr_CA","og_type":"article","og_title":"Outils de d\u00e9molition - GeoRocFor","og_description":"Outils de d\u00e9molition GeoRocFor : durabilit\u00e9 et puissance pour d\u00e9molition contr\u00f4l\u00e9e et pr\u00e9paration de site sans compromis.","og_url":"https:\/\/georocfor.com\/fr\/produits\/outils-de-demolition\/","og_site_name":"GeoRocFor","article_modified_time":"2026-01-27T19:57:23+00:00","og_image":[{"width":1200,"height":800,"url":"https:\/\/georocfor.com\/wp-content\/uploads\/2026\/01\/georocfor_demoliton-tools_1200x800.jpg","type":"image\/jpeg"}],"twitter_card":"summary_large_image","twitter_misc":{"Estimation du temps de lecture":"4 minutes"},"schema":{"@context":"https:\/\/schema.org","@graph":[{"@type":"WebPage","@id":"https:\/\/georocfor.com\/fr\/produits\/outils-de-demolition\/","url":"https:\/\/georocfor.com\/fr\/produits\/outils-de-demolition\/","name":"Outils de d\u00e9molition - GeoRocFor","isPartOf":{"@id":"https:\/\/georocfor.com\/fr\/#website"},"primaryImageOfPage":{"@id":"https:\/\/georocfor.com\/fr\/produits\/outils-de-demolition\/#primaryimage"},"image":{"@id":"https:\/\/georocfor.com\/fr\/produits\/outils-de-demolition\/#primaryimage"},"thumbnailUrl":"https:\/\/georocfor.com\/wp-content\/uploads\/2026\/01\/georocfor_demoliton-tools_1200x800.jpg","datePublished":"2024-01-31T15:58:56+00:00","dateModified":"2026-01-27T19:57:23+00:00","description":"Outils de d\u00e9molition GeoRocFor : durabilit\u00e9 et puissance pour d\u00e9molition contr\u00f4l\u00e9e et pr\u00e9paration de site sans compromis.","breadcrumb":{"@id":"https:\/\/georocfor.com\/fr\/produits\/outils-de-demolition\/#breadcrumb"},"inLanguage":"fr-CA","potentialAction":[{"@type":"ReadAction","target":["https:\/\/georocfor.com\/fr\/produits\/outils-de-demolition\/"]}]},{"@type":"ImageObject","inLanguage":"fr-CA","@id":"https:\/\/georocfor.com\/fr\/produits\/outils-de-demolition\/#primaryimage","url":"https:\/\/georocfor.com\/wp-content\/uploads\/2026\/01\/georocfor_demoliton-tools_1200x800.jpg","contentUrl":"https:\/\/georocfor.com\/wp-content\/uploads\/2026\/01\/georocfor_demoliton-tools_1200x800.jpg","width":1200,"height":800,"caption":"GeoRocFor - Outil de d\u00e9molition"},{"@type":"BreadcrumbList","@id":"https:\/\/georocfor.com\/fr\/produits\/outils-de-demolition\/#breadcrumb","itemListElement":[{"@type":"ListItem","position":1,"name":"Home","item":"https:\/\/georocfor.com\/fr\/"},{"@type":"ListItem","position":2,"name":"Produits","item":"https:\/\/georocfor.com\/fr\/produits\/"},{"@type":"ListItem","position":3,"name":"Outils de d\u00e9molition"}]},{"@type":"WebSite","@id":"https:\/\/georocfor.com\/fr\/#website","url":"https:\/\/georocfor.com\/fr\/","name":"GeoRocFor","description":"","publisher":{"@id":"https:\/\/georocfor.com\/fr\/#organization"},"potentialAction":[{"@type":"SearchAction","target":{"@type":"EntryPoint","urlTemplate":"https:\/\/georocfor.com\/fr\/?s={search_term_string}"},"query-input":{"@type":"PropertyValueSpecification","valueRequired":true,"valueName":"search_term_string"}}],"inLanguage":"fr-CA"},{"@type":"Organization","@id":"https:\/\/georocfor.com\/fr\/#organization","name":"GeoRocFor","url":"https:\/\/georocfor.com\/fr\/","logo":{"@type":"ImageObject","inLanguage":"fr-CA","@id":"https:\/\/georocfor.com\/fr\/#\/schema\/logo\/image\/","url":"https:\/\/georocfor.com\/wp-content\/uploads\/2024\/03\/georocfor_logo_457x64.png","contentUrl":"https:\/\/georocfor.com\/wp-content\/uploads\/2024\/03\/georocfor_logo_457x64.png","width":457,"height":64,"caption":"GeoRocFor"},"image":{"@id":"https:\/\/georocfor.com\/fr\/#\/schema\/logo\/image\/"}}]}},"jetpack_sharing_enabled":false,"_links":{"self":[{"href":"https:\/\/georocfor.com\/fr\/wp-json\/wp\/v2\/pages\/995046","targetHints":{"allow":["GET"]}}],"collection":[{"href":"https:\/\/georocfor.com\/fr\/wp-json\/wp\/v2\/pages"}],"about":[{"href":"https:\/\/georocfor.com\/fr\/wp-json\/wp\/v2\/types\/page"}],"author":[{"embeddable":true,"href":"https:\/\/georocfor.com\/fr\/wp-json\/wp\/v2\/users\/1"}],"replies":[{"embeddable":true,"href":"https:\/\/georocfor.com\/fr\/wp-json\/wp\/v2\/comments?post=995046"}],"version-history":[{"count":4,"href":"https:\/\/georocfor.com\/fr\/wp-json\/wp\/v2\/pages\/995046\/revisions"}],"predecessor-version":[{"id":995787,"href":"https:\/\/georocfor.com\/fr\/wp-json\/wp\/v2\/pages\/995046\/revisions\/995787"}],"up":[{"embeddable":true,"href":"https:\/\/georocfor.com\/fr\/wp-json\/wp\/v2\/pages\/995037"}],"wp:featuredmedia":[{"embeddable":true,"href":"https:\/\/georocfor.com\/fr\/wp-json\/wp\/v2\/media\/995909"}],"wp:attachment":[{"href":"https:\/\/georocfor.com\/fr\/wp-json\/wp\/v2\/media?parent=995046"}],"curies":[{"name":"wp","href":"https:\/\/api.w.org\/{rel}","templated":true}]}}