{"id":995043,"date":"2024-04-03T12:24:16","date_gmt":"2024-04-03T16:24:16","guid":{"rendered":"https:\/\/georocfor.com\/produits\/casing-systems\/"},"modified":"2026-01-27T14:58:43","modified_gmt":"2026-01-27T19:58:43","slug":"systemes-de-tubage-a-lavancement","status":"publish","type":"page","link":"https:\/\/georocfor.com\/fr\/produits\/systemes-de-tubage-a-lavancement\/","title":{"rendered":"Syst\u00e8mes de tubage \u00e0 l\u2019avancement"},"content":{"rendered":"<div class=\"vgblk-rw-wrapper limit-wrapper\">\r\n<h2>Nos <br \/><b>syst\u00e8mes<\/b><\/h2>\r\n<p><img loading=\"lazy\" decoding=\"async\" title=\"georocfor_casing-systems_xs-s_200x355\" src=\"https:\/\/georocfor.com\/wp-content\/uploads\/2024\/08\/georocfor_casing-systems_xs-s_200x355.jpg\" sizes=\"auto, (max-width: 768px) 100vw, 100vw\" srcset=\"https:\/\/georocfor.com\/wp-content\/uploads\/2024\/08\/georocfor_casing-systems_xs-s_200x355.jpg 355w, https:\/\/georocfor.com\/wp-content\/uploads\/2024\/08\/georocfor_casing-systems_xs-s_200x355-300x169.jpg 300w, https:\/\/georocfor.com\/wp-content\/uploads\/2024\/08\/georocfor_casing-systems_xs-s_200x355-315x177.jpg 315w\" alt=\"georocfor_casing-systems_xs-s_200x355\" width=\"355\" height=\"200\" \/><\/p>\r\n<h3><a title=\"Syst\u00e8me Xs S\" href=\"https:\/\/georocfor.com\/fr\/produits\/systemes-de-tubage-a-lavancement\/systeme-xs-s\/\" target=\"_self\"> Syst\u00e8me Xs S <\/a><\/h3>\r\n<p>Le syst\u00e8me Xs S est utilis\u00e9 avec tout diam\u00e8tre de tubage ayant une paroi mince.<\/p>\r\n<p><a role=\"button\" href=\"https:\/\/georocfor.com\/fr\/produits\/systemes-de-tubage-a-lavancement\/systeme-xs-s\/\" target=\"_self\"> En savoir plus <\/a> <img loading=\"lazy\" decoding=\"async\" title=\"georocfor_casing-systems_xs-t_200x355\" src=\"https:\/\/georocfor.com\/wp-content\/uploads\/2024\/08\/georocfor_casing-systems_xs-t_200x355.jpg\" sizes=\"auto, (max-width: 768px) 100vw, 100vw\" srcset=\"https:\/\/georocfor.com\/wp-content\/uploads\/2024\/08\/georocfor_casing-systems_xs-t_200x355.jpg 355w, https:\/\/georocfor.com\/wp-content\/uploads\/2024\/08\/georocfor_casing-systems_xs-t_200x355-300x169.jpg 300w, https:\/\/georocfor.com\/wp-content\/uploads\/2024\/08\/georocfor_casing-systems_xs-t_200x355-315x177.jpg 315w\" alt=\"georocfor_casing-systems_xs-t_200x355\" width=\"355\" height=\"200\" \/><\/p>\r\n<h3><a title=\"Syst\u00e8me Xs T\" href=\"https:\/\/georocfor.com\/fr\/produits\/systemes-de-tubage-a-lavancement\/systeme-xs-t\/\" target=\"_self\"> Syst\u00e8me Xs T <\/a><\/h3>\r\n<p>Le syst\u00e8me Xs T peut \u00eatre utilis\u00e9 avec tout diam\u00e8tre de tubage, mais il est principalement con\u00e7u pour les tubages \u00e0 paroi \u00e9paisse.<\/p>\r\n<p><a role=\"button\" href=\"https:\/\/georocfor.com\/fr\/produits\/systemes-de-tubage-a-lavancement\/systeme-xs-t\/\" target=\"_self\"> En savoir plus <\/a> <img loading=\"lazy\" decoding=\"async\" title=\"georocfor_casing-systems_xs-t-v2_200x355\" src=\"https:\/\/georocfor.com\/wp-content\/uploads\/2024\/08\/georocfor_casing-systems_xs-t-v2_200x355.jpg\" sizes=\"auto, (max-width: 768px) 100vw, 100vw\" srcset=\"https:\/\/georocfor.com\/wp-content\/uploads\/2024\/08\/georocfor_casing-systems_xs-t-v2_200x355.jpg 355w, https:\/\/georocfor.com\/wp-content\/uploads\/2024\/08\/georocfor_casing-systems_xs-t-v2_200x355-300x169.jpg 300w, https:\/\/georocfor.com\/wp-content\/uploads\/2024\/08\/georocfor_casing-systems_xs-t-v2_200x355-315x177.jpg 315w\" alt=\"georocfor_casing-systems_xs-t-v2_200x355\" width=\"355\" height=\"200\" \/><\/p>\r\n<h3><a title=\"Syst\u00e8me Xs T v2.0\" href=\"https:\/\/georocfor.com\/fr\/produits\/systemes-de-tubage-a-lavancement\/systeme-xs-t-v2-0\/\" target=\"_self\"> Syst\u00e8me Xs T v2.0 <\/a><\/h3>\r\n<p>Le syst\u00e8me Xs T V2.0 peut \u00eatre utilis\u00e9 avec tout diam\u00e8tre de tubage, mais il est principalement con\u00e7u pour les tubages \u00e0 paroi \u00e9paisse.<\/p>\r\n<p><a role=\"button\" href=\"https:\/\/georocfor.com\/fr\/produits\/systemes-de-tubage-a-lavancement\/systeme-xs-t-v2-0\/\" target=\"_self\"> En savoir plus <\/a> <img loading=\"lazy\" decoding=\"async\" title=\"georocfor_products_xs-gt3_200x355\" src=\"https:\/\/georocfor.com\/wp-content\/uploads\/2025\/08\/georocfor_products_xs-gt3_200x355.jpg\" sizes=\"auto, (max-width: 768px) 100vw, 100vw\" srcset=\"https:\/\/georocfor.com\/wp-content\/uploads\/2025\/08\/georocfor_products_xs-gt3_200x355.jpg 355w, https:\/\/georocfor.com\/wp-content\/uploads\/2025\/08\/georocfor_products_xs-gt3_200x355-300x169.jpg 300w, https:\/\/georocfor.com\/wp-content\/uploads\/2025\/08\/georocfor_products_xs-gt3_200x355-315x177.jpg 315w\" alt=\"georocfor_products_xs-gt3_200x355\" width=\"355\" height=\"200\" \/><\/p>\r\n<h3><a title=\"Syst\u00e8me Xs GT3\" href=\"https:\/\/georocfor.com\/fr\/produits\/systemes-de-tubage-a-lavancement\/systeme-xs-gt3\/\" target=\"_self\"> Syst\u00e8me Xs GT3 <\/a><\/h3>\r\n<p>Le syst\u00e8me Xs GT3 est sp\u00e9cialement con\u00e7u pour le forage de pieux, les micropieux, l&rsquo;installation d&rsquo;ancrages et d&rsquo;autres applications de g\u00e9nie civil.<\/p>\r\n<p><a role=\"button\" href=\"https:\/\/georocfor.com\/fr\/produits\/systemes-de-tubage-a-lavancement\/systeme-xs-gt3\/\" target=\"_self\"> En savoir plus <\/a> <img loading=\"lazy\" decoding=\"async\" title=\"georocfor_products_xs-gte3_200x355\" src=\"https:\/\/georocfor.com\/wp-content\/uploads\/2025\/08\/georocfor_products_xs-gte3_200x355.jpg\" sizes=\"auto, (max-width: 768px) 100vw, 100vw\" srcset=\"https:\/\/georocfor.com\/wp-content\/uploads\/2025\/08\/georocfor_products_xs-gte3_200x355.jpg 355w, https:\/\/georocfor.com\/wp-content\/uploads\/2025\/08\/georocfor_products_xs-gte3_200x355-300x169.jpg 300w, https:\/\/georocfor.com\/wp-content\/uploads\/2025\/08\/georocfor_products_xs-gte3_200x355-315x177.jpg 315w\" alt=\"georocfor_products_xs-gte3_200x355\" width=\"355\" height=\"200\" \/><\/p>\r\n<h3><a title=\"Syst\u00e8me Xs GTE3\" href=\"https:\/\/georocfor.com\/fr\/produits\/systemes-de-tubage-a-lavancement\/systeme-xs-gte3\/\" target=\"_self\"> Syst\u00e8me Xs GTE3 <\/a><\/h3>\r\n<p>Le syst\u00e8me Xs GTE3 est sp\u00e9cialement con\u00e7u pour le forage de pieux, les micropieux, l&rsquo;installation d&rsquo;ancrages et d&rsquo;autres applications de g\u00e9nie civil.<\/p>\r\n<p><a role=\"button\" href=\"https:\/\/georocfor.com\/fr\/produits\/systemes-de-tubage-a-lavancement\/systeme-xs-gte3\/\" target=\"_self\"> En savoir plus <\/a> <img loading=\"lazy\" decoding=\"async\" title=\"georocfor_products_xs-f3_200x355\" src=\"https:\/\/georocfor.com\/wp-content\/uploads\/2025\/08\/georocfor_products_xs-f3_200x355.jpg\" sizes=\"auto, (max-width: 768px) 100vw, 100vw\" srcset=\"https:\/\/georocfor.com\/wp-content\/uploads\/2025\/08\/georocfor_products_xs-f3_200x355.jpg 355w, https:\/\/georocfor.com\/wp-content\/uploads\/2025\/08\/georocfor_products_xs-f3_200x355-300x169.jpg 300w, https:\/\/georocfor.com\/wp-content\/uploads\/2025\/08\/georocfor_products_xs-f3_200x355-315x177.jpg 315w\" alt=\"georocfor_products_xs-f3_200x355\" width=\"355\" height=\"200\" \/><\/p>\r\n<h3><a title=\"Syst\u00e8me Xs F3\" href=\"https:\/\/georocfor.com\/fr\/produits\/systemes-de-tubage-a-lavancement\/systeme-xs-f3\/\" target=\"_self\"> Syst\u00e8me Xs F3 <\/a><\/h3>\r\n<p>Le syst\u00e8me Xs F3 (Flottant) est sp\u00e9cialement con\u00e7u pour le forage de pieux, les micropieux, l&rsquo;installation d&rsquo;ancrages et d&rsquo;autres applications de g\u00e9nie civil dans des trous peu profonds, que le tubage soit laiss\u00e9 en place ou retir\u00e9.<\/p>\r\n<p><a role=\"button\" href=\"https:\/\/georocfor.com\/fr\/produits\/systemes-de-tubage-a-lavancement\/systeme-xs-f3\/\" target=\"_self\"> En savoir plus <\/a> <img loading=\"lazy\" decoding=\"async\" title=\"georocfor_casing-systems_xs-ru_200x355\" src=\"https:\/\/georocfor.com\/wp-content\/uploads\/2024\/08\/georocfor_casing-systems_xs-ru_200x355.jpg\" sizes=\"auto, (max-width: 768px) 100vw, 100vw\" srcset=\"https:\/\/georocfor.com\/wp-content\/uploads\/2024\/08\/georocfor_casing-systems_xs-ru_200x355.jpg 355w, https:\/\/georocfor.com\/wp-content\/uploads\/2024\/08\/georocfor_casing-systems_xs-ru_200x355-300x169.jpg 300w, https:\/\/georocfor.com\/wp-content\/uploads\/2024\/08\/georocfor_casing-systems_xs-ru_200x355-315x177.jpg 315w\" alt=\"georocfor_casing-systems_xs-ru_200x355\" width=\"355\" height=\"200\" \/><\/p>\r\n<h3><a title=\"Syst\u00e8me Xs RU\" href=\"https:\/\/georocfor.com\/fr\/produits\/systemes-de-tubage-a-lavancement\/systeme-xs-ru\/\" target=\"_self\"> Syst\u00e8me Xs RU <\/a><\/h3>\r\n<p>Le syst\u00e8me Xs RU (r\u00e9cup\u00e9rable\/r\u00e9utilisable) est utilis\u00e9 avec tout diam\u00e8tre de tubage devant \u00eatre retir\u00e9 du sol.<\/p>\r\n<p><a role=\"button\" href=\"https:\/\/georocfor.com\/fr\/produits\/systemes-de-tubage-a-lavancement\/systeme-xs-ru\/\" target=\"_self\"> En savoir plus <\/a> <img loading=\"lazy\" decoding=\"async\" title=\"georocfor_casing-systems_xs-fp-fph_200x355\" src=\"https:\/\/georocfor.com\/wp-content\/uploads\/2024\/08\/georocfor_casing-systems_xs-fp-fph_200x355.jpg\" sizes=\"auto, (max-width: 768px) 100vw, 100vw\" srcset=\"https:\/\/georocfor.com\/wp-content\/uploads\/2024\/08\/georocfor_casing-systems_xs-fp-fph_200x355.jpg 355w, https:\/\/georocfor.com\/wp-content\/uploads\/2024\/08\/georocfor_casing-systems_xs-fp-fph_200x355-300x169.jpg 300w, https:\/\/georocfor.com\/wp-content\/uploads\/2024\/08\/georocfor_casing-systems_xs-fp-fph_200x355-315x177.jpg 315w\" alt=\"georocfor_casing-systems_xs-fp-fph_200x355\" width=\"355\" height=\"200\" \/><\/p>\r\n<h3><a title=\"Syst\u00e8me Xs FP \/ FPH\" href=\"https:\/\/georocfor.com\/fr\/produits\/systemes-de-tubage-a-lavancement\/systeme-xs-fp-fph\/\" target=\"_self\"> Syst\u00e8me Xs FP \/ FPH <\/a><\/h3>\r\n<p>Les syst\u00e8mes Xs FP et FPH sont utilis\u00e9s pour les applications de vo\u00fbte parapluie, de drainage et d&rsquo;injection.<\/p>\r\n<p><a role=\"button\" href=\"https:\/\/georocfor.com\/fr\/produits\/systemes-de-tubage-a-lavancement\/systeme-xs-fp-fph\/\" target=\"_self\"> En savoir plus <\/a> <img loading=\"lazy\" decoding=\"async\" title=\"georocfor_casing-systems_xs-w_200x355\" src=\"https:\/\/georocfor.com\/wp-content\/uploads\/2024\/08\/georocfor_casing-systems_xs-w_200x355.jpg\" sizes=\"auto, (max-width: 768px) 100vw, 100vw\" srcset=\"https:\/\/georocfor.com\/wp-content\/uploads\/2024\/08\/georocfor_casing-systems_xs-w_200x355.jpg 355w, https:\/\/georocfor.com\/wp-content\/uploads\/2024\/08\/georocfor_casing-systems_xs-w_200x355-300x169.jpg 300w, https:\/\/georocfor.com\/wp-content\/uploads\/2024\/08\/georocfor_casing-systems_xs-w_200x355-315x177.jpg 315w\" alt=\"georocfor_casing-systems_xs-w_200x355\" width=\"355\" height=\"200\" \/><\/p>\r\n<h3><a title=\"Syst\u00e8me Xs W\" href=\"https:\/\/georocfor.com\/fr\/produits\/systemes-de-tubage-a-lavancement\/systeme-xs-w-system\/\" target=\"_self\"> Syst\u00e8me Xs W <\/a><\/h3>\r\n<p>G\u00e9orocfor offre une gamme compl\u00e8te de taillants \u00e9largisseurs pour r\u00e9aliser des forages dans des terrains meubles \u00e0 moyennement meubles.<\/p>\r\n<p><a role=\"button\" href=\"https:\/\/georocfor.com\/fr\/produits\/systemes-de-tubage-a-lavancement\/systeme-xs-w-system\/\" target=\"_self\"> En savoir plus <\/a><\/p>\r\n<h2>Laissez-nous vous aider \u00e0 choisir les<br \/><strong>produits adapt\u00e9s \u00e0 vos besoins<\/strong><\/h2>\r\n<p><a role=\"button\" href=\"https:\/\/georocfor.com\/fr\/contact\/\" target=\"_self\"> Communiquer avec notre service \u00e0 la client\u00e8le <\/a><\/p>\r\n<\/div><!-- .vgblk-rw-wrapper -->","protected":false},"excerpt":{"rendered":"<p>Nos syst\u00e8mes Syst\u00e8me Xs S Le syst\u00e8me Xs S est utilis\u00e9 avec tout diam\u00e8tre de tubage ayant une paroi mince. En savoir plus Syst\u00e8me Xs T Le syst\u00e8me Xs T peut \u00eatre utilis\u00e9 avec tout diam\u00e8tre de tubage, mais il est principalement con\u00e7u pour les tubages \u00e0 paroi \u00e9paisse. En savoir plus Syst\u00e8me Xs T&#8230;<\/p>\n","protected":false},"author":1,"featured_media":994944,"parent":995037,"menu_order":0,"comment_status":"closed","ping_status":"closed","template":"","meta":{"_acf_changed":false,"inline_featured_image":false,"_monsterinsights_skip_tracking":false,"_monsterinsights_sitenote_active":false,"_monsterinsights_sitenote_note":"","_monsterinsights_sitenote_category":0,"footnotes":""},"class_list":["post-995043","page","type-page","status-publish","has-post-thumbnail","hentry"],"acf":[],"yoast_head":"<!-- This site is optimized with the Yoast SEO plugin v26.8 - https:\/\/yoast.com\/product\/yoast-seo-wordpress\/ -->\n<title>Syst\u00e8mes de tubage \u00e0 l\u2019avancement - GeoRocFor<\/title>\n<meta name=\"description\" content=\"Tubage \u00e0 l\u2019avancement GeoRocFor : fiabilit\u00e9, durabilit\u00e9 et performance pour vos projets de forage complexes.\" \/>\n<meta name=\"robots\" content=\"index, follow, max-snippet:-1, max-image-preview:large, max-video-preview:-1\" \/>\n<link rel=\"canonical\" href=\"https:\/\/georocfor.com\/fr\/produits\/systemes-de-tubage-a-lavancement\/\" \/>\n<meta property=\"og:locale\" content=\"fr_CA\" \/>\n<meta property=\"og:type\" content=\"article\" \/>\n<meta property=\"og:title\" content=\"Syst\u00e8mes de tubage \u00e0 l\u2019avancement - GeoRocFor\" \/>\n<meta property=\"og:description\" content=\"Tubage \u00e0 l\u2019avancement GeoRocFor : fiabilit\u00e9, durabilit\u00e9 et performance pour vos projets de forage complexes.\" \/>\n<meta property=\"og:url\" content=\"https:\/\/georocfor.com\/fr\/produits\/systemes-de-tubage-a-lavancement\/\" \/>\n<meta property=\"og:site_name\" content=\"GeoRocFor\" \/>\n<meta property=\"article:modified_time\" content=\"2026-01-27T19:58:43+00:00\" \/>\n<meta property=\"og:image\" content=\"https:\/\/georocfor.com\/wp-content\/uploads\/2025\/08\/georocfor_products_xs-f3_200x355.jpg\" \/>\n\t<meta property=\"og:image:width\" content=\"355\" \/>\n\t<meta property=\"og:image:height\" content=\"200\" \/>\n\t<meta property=\"og:image:type\" content=\"image\/jpeg\" \/>\n<meta name=\"twitter:card\" content=\"summary_large_image\" \/>\n<meta name=\"twitter:label1\" content=\"Estimation du temps de lecture\" \/>\n\t<meta name=\"twitter:data1\" content=\"4 minutes\" \/>\n<script type=\"application\/ld+json\" class=\"yoast-schema-graph\">{\"@context\":\"https:\/\/schema.org\",\"@graph\":[{\"@type\":\"WebPage\",\"@id\":\"https:\/\/georocfor.com\/fr\/produits\/systemes-de-tubage-a-lavancement\/\",\"url\":\"https:\/\/georocfor.com\/fr\/produits\/systemes-de-tubage-a-lavancement\/\",\"name\":\"Syst\u00e8mes de tubage \u00e0 l\u2019avancement - GeoRocFor\",\"isPartOf\":{\"@id\":\"https:\/\/georocfor.com\/fr\/#website\"},\"primaryImageOfPage\":{\"@id\":\"https:\/\/georocfor.com\/fr\/produits\/systemes-de-tubage-a-lavancement\/#primaryimage\"},\"image\":{\"@id\":\"https:\/\/georocfor.com\/fr\/produits\/systemes-de-tubage-a-lavancement\/#primaryimage\"},\"thumbnailUrl\":\"https:\/\/georocfor.com\/wp-content\/uploads\/2025\/08\/georocfor_products_xs-f3_200x355.jpg\",\"datePublished\":\"2024-04-03T16:24:16+00:00\",\"dateModified\":\"2026-01-27T19:58:43+00:00\",\"description\":\"Tubage \u00e0 l\u2019avancement GeoRocFor : fiabilit\u00e9, durabilit\u00e9 et performance pour vos projets de forage complexes.\",\"breadcrumb\":{\"@id\":\"https:\/\/georocfor.com\/fr\/produits\/systemes-de-tubage-a-lavancement\/#breadcrumb\"},\"inLanguage\":\"fr-CA\",\"potentialAction\":[{\"@type\":\"ReadAction\",\"target\":[\"https:\/\/georocfor.com\/fr\/produits\/systemes-de-tubage-a-lavancement\/\"]}]},{\"@type\":\"ImageObject\",\"inLanguage\":\"fr-CA\",\"@id\":\"https:\/\/georocfor.com\/fr\/produits\/systemes-de-tubage-a-lavancement\/#primaryimage\",\"url\":\"https:\/\/georocfor.com\/wp-content\/uploads\/2025\/08\/georocfor_products_xs-f3_200x355.jpg\",\"contentUrl\":\"https:\/\/georocfor.com\/wp-content\/uploads\/2025\/08\/georocfor_products_xs-f3_200x355.jpg\",\"width\":355,\"height\":200,\"caption\":\"Syst\u00e8me Xs F3\"},{\"@type\":\"BreadcrumbList\",\"@id\":\"https:\/\/georocfor.com\/fr\/produits\/systemes-de-tubage-a-lavancement\/#breadcrumb\",\"itemListElement\":[{\"@type\":\"ListItem\",\"position\":1,\"name\":\"Home\",\"item\":\"https:\/\/georocfor.com\/fr\/\"},{\"@type\":\"ListItem\",\"position\":2,\"name\":\"Produits\",\"item\":\"https:\/\/georocfor.com\/fr\/produits\/\"},{\"@type\":\"ListItem\",\"position\":3,\"name\":\"Syst\u00e8mes de tubage \u00e0 l\u2019avancement\"}]},{\"@type\":\"WebSite\",\"@id\":\"https:\/\/georocfor.com\/fr\/#website\",\"url\":\"https:\/\/georocfor.com\/fr\/\",\"name\":\"GeoRocFor\",\"description\":\"\",\"publisher\":{\"@id\":\"https:\/\/georocfor.com\/fr\/#organization\"},\"potentialAction\":[{\"@type\":\"SearchAction\",\"target\":{\"@type\":\"EntryPoint\",\"urlTemplate\":\"https:\/\/georocfor.com\/fr\/?s={search_term_string}\"},\"query-input\":{\"@type\":\"PropertyValueSpecification\",\"valueRequired\":true,\"valueName\":\"search_term_string\"}}],\"inLanguage\":\"fr-CA\"},{\"@type\":\"Organization\",\"@id\":\"https:\/\/georocfor.com\/fr\/#organization\",\"name\":\"GeoRocFor\",\"url\":\"https:\/\/georocfor.com\/fr\/\",\"logo\":{\"@type\":\"ImageObject\",\"inLanguage\":\"fr-CA\",\"@id\":\"https:\/\/georocfor.com\/fr\/#\/schema\/logo\/image\/\",\"url\":\"https:\/\/georocfor.com\/wp-content\/uploads\/2024\/03\/georocfor_logo_457x64.png\",\"contentUrl\":\"https:\/\/georocfor.com\/wp-content\/uploads\/2024\/03\/georocfor_logo_457x64.png\",\"width\":457,\"height\":64,\"caption\":\"GeoRocFor\"},\"image\":{\"@id\":\"https:\/\/georocfor.com\/fr\/#\/schema\/logo\/image\/\"}}]}<\/script>\n<!-- \/ Yoast SEO plugin. -->","yoast_head_json":{"title":"Syst\u00e8mes de tubage \u00e0 l\u2019avancement - GeoRocFor","description":"Tubage \u00e0 l\u2019avancement GeoRocFor : fiabilit\u00e9, durabilit\u00e9 et performance pour vos projets de forage complexes.","robots":{"index":"index","follow":"follow","max-snippet":"max-snippet:-1","max-image-preview":"max-image-preview:large","max-video-preview":"max-video-preview:-1"},"canonical":"https:\/\/georocfor.com\/fr\/produits\/systemes-de-tubage-a-lavancement\/","og_locale":"fr_CA","og_type":"article","og_title":"Syst\u00e8mes de tubage \u00e0 l\u2019avancement - GeoRocFor","og_description":"Tubage \u00e0 l\u2019avancement GeoRocFor : fiabilit\u00e9, durabilit\u00e9 et performance pour vos projets de forage complexes.","og_url":"https:\/\/georocfor.com\/fr\/produits\/systemes-de-tubage-a-lavancement\/","og_site_name":"GeoRocFor","article_modified_time":"2026-01-27T19:58:43+00:00","og_image":[{"width":355,"height":200,"url":"https:\/\/georocfor.com\/wp-content\/uploads\/2025\/08\/georocfor_products_xs-f3_200x355.jpg","type":"image\/jpeg"}],"twitter_card":"summary_large_image","twitter_misc":{"Estimation du temps de lecture":"4 minutes"},"schema":{"@context":"https:\/\/schema.org","@graph":[{"@type":"WebPage","@id":"https:\/\/georocfor.com\/fr\/produits\/systemes-de-tubage-a-lavancement\/","url":"https:\/\/georocfor.com\/fr\/produits\/systemes-de-tubage-a-lavancement\/","name":"Syst\u00e8mes de tubage \u00e0 l\u2019avancement - GeoRocFor","isPartOf":{"@id":"https:\/\/georocfor.com\/fr\/#website"},"primaryImageOfPage":{"@id":"https:\/\/georocfor.com\/fr\/produits\/systemes-de-tubage-a-lavancement\/#primaryimage"},"image":{"@id":"https:\/\/georocfor.com\/fr\/produits\/systemes-de-tubage-a-lavancement\/#primaryimage"},"thumbnailUrl":"https:\/\/georocfor.com\/wp-content\/uploads\/2025\/08\/georocfor_products_xs-f3_200x355.jpg","datePublished":"2024-04-03T16:24:16+00:00","dateModified":"2026-01-27T19:58:43+00:00","description":"Tubage \u00e0 l\u2019avancement GeoRocFor : fiabilit\u00e9, durabilit\u00e9 et performance pour vos projets de forage complexes.","breadcrumb":{"@id":"https:\/\/georocfor.com\/fr\/produits\/systemes-de-tubage-a-lavancement\/#breadcrumb"},"inLanguage":"fr-CA","potentialAction":[{"@type":"ReadAction","target":["https:\/\/georocfor.com\/fr\/produits\/systemes-de-tubage-a-lavancement\/"]}]},{"@type":"ImageObject","inLanguage":"fr-CA","@id":"https:\/\/georocfor.com\/fr\/produits\/systemes-de-tubage-a-lavancement\/#primaryimage","url":"https:\/\/georocfor.com\/wp-content\/uploads\/2025\/08\/georocfor_products_xs-f3_200x355.jpg","contentUrl":"https:\/\/georocfor.com\/wp-content\/uploads\/2025\/08\/georocfor_products_xs-f3_200x355.jpg","width":355,"height":200,"caption":"Syst\u00e8me Xs F3"},{"@type":"BreadcrumbList","@id":"https:\/\/georocfor.com\/fr\/produits\/systemes-de-tubage-a-lavancement\/#breadcrumb","itemListElement":[{"@type":"ListItem","position":1,"name":"Home","item":"https:\/\/georocfor.com\/fr\/"},{"@type":"ListItem","position":2,"name":"Produits","item":"https:\/\/georocfor.com\/fr\/produits\/"},{"@type":"ListItem","position":3,"name":"Syst\u00e8mes de tubage \u00e0 l\u2019avancement"}]},{"@type":"WebSite","@id":"https:\/\/georocfor.com\/fr\/#website","url":"https:\/\/georocfor.com\/fr\/","name":"GeoRocFor","description":"","publisher":{"@id":"https:\/\/georocfor.com\/fr\/#organization"},"potentialAction":[{"@type":"SearchAction","target":{"@type":"EntryPoint","urlTemplate":"https:\/\/georocfor.com\/fr\/?s={search_term_string}"},"query-input":{"@type":"PropertyValueSpecification","valueRequired":true,"valueName":"search_term_string"}}],"inLanguage":"fr-CA"},{"@type":"Organization","@id":"https:\/\/georocfor.com\/fr\/#organization","name":"GeoRocFor","url":"https:\/\/georocfor.com\/fr\/","logo":{"@type":"ImageObject","inLanguage":"fr-CA","@id":"https:\/\/georocfor.com\/fr\/#\/schema\/logo\/image\/","url":"https:\/\/georocfor.com\/wp-content\/uploads\/2024\/03\/georocfor_logo_457x64.png","contentUrl":"https:\/\/georocfor.com\/wp-content\/uploads\/2024\/03\/georocfor_logo_457x64.png","width":457,"height":64,"caption":"GeoRocFor"},"image":{"@id":"https:\/\/georocfor.com\/fr\/#\/schema\/logo\/image\/"}}]}},"jetpack_sharing_enabled":true,"_links":{"self":[{"href":"https:\/\/georocfor.com\/fr\/wp-json\/wp\/v2\/pages\/995043","targetHints":{"allow":["GET"]}}],"collection":[{"href":"https:\/\/georocfor.com\/fr\/wp-json\/wp\/v2\/pages"}],"about":[{"href":"https:\/\/georocfor.com\/fr\/wp-json\/wp\/v2\/types\/page"}],"author":[{"embeddable":true,"href":"https:\/\/georocfor.com\/fr\/wp-json\/wp\/v2\/users\/1"}],"replies":[{"embeddable":true,"href":"https:\/\/georocfor.com\/fr\/wp-json\/wp\/v2\/comments?post=995043"}],"version-history":[{"count":4,"href":"https:\/\/georocfor.com\/fr\/wp-json\/wp\/v2\/pages\/995043\/revisions"}],"predecessor-version":[{"id":995788,"href":"https:\/\/georocfor.com\/fr\/wp-json\/wp\/v2\/pages\/995043\/revisions\/995788"}],"up":[{"embeddable":true,"href":"https:\/\/georocfor.com\/fr\/wp-json\/wp\/v2\/pages\/995037"}],"wp:featuredmedia":[{"embeddable":true,"href":"https:\/\/georocfor.com\/fr\/wp-json\/wp\/v2\/media\/994944"}],"wp:attachment":[{"href":"https:\/\/georocfor.com\/fr\/wp-json\/wp\/v2\/media?parent=995043"}],"curies":[{"name":"wp","href":"https:\/\/api.w.org\/{rel}","templated":true}]}}