{"id":995040,"date":"2025-08-22T09:24:44","date_gmt":"2025-08-22T13:24:44","guid":{"rendered":"https:\/\/georocfor.com\/produits\/air-master\/"},"modified":"2026-01-27T14:55:04","modified_gmt":"2026-01-27T19:55:04","slug":"air-master","status":"publish","type":"page","link":"https:\/\/georocfor.com\/fr\/produits\/air-master\/","title":{"rendered":"Air Master"},"content":{"rendered":"<div class=\"vgblk-rw-wrapper limit-wrapper\">\r\n<h2>Ma\u00eetriser l&rsquo;air,<br \/><b>ma\u00eetriser l&rsquo;avenir <\/b><\/h2>\r\n<p><img loading=\"lazy\" decoding=\"async\" title=\"georocfor_air-master-mastering-air-future_1200x800\" src=\"https:\/\/georocfor.com\/wp-content\/uploads\/2025\/08\/georocfor_air-master-mastering-air-future_1200x800.jpg\" sizes=\"auto, (max-width: 768px) 100vw, 100vw\" srcset=\"https:\/\/georocfor.com\/wp-content\/uploads\/2025\/08\/georocfor_air-master-mastering-air-future_1200x800.jpg 1200w, https:\/\/georocfor.com\/wp-content\/uploads\/2025\/08\/georocfor_air-master-mastering-air-future_1200x800-300x200.jpg 300w, https:\/\/georocfor.com\/wp-content\/uploads\/2025\/08\/georocfor_air-master-mastering-air-future_1200x800-1024x683.jpg 1024w, https:\/\/georocfor.com\/wp-content\/uploads\/2025\/08\/georocfor_air-master-mastering-air-future_1200x800-768x512.jpg 768w, https:\/\/georocfor.com\/wp-content\/uploads\/2025\/08\/georocfor_air-master-mastering-air-future_1200x800-630x420.jpg 630w, https:\/\/georocfor.com\/wp-content\/uploads\/2025\/08\/georocfor_air-master-mastering-air-future_1200x800-420x280.jpg 420w, https:\/\/georocfor.com\/wp-content\/uploads\/2025\/08\/georocfor_air-master-mastering-air-future_1200x800-840x560.jpg 840w, https:\/\/georocfor.com\/wp-content\/uploads\/2025\/08\/georocfor_air-master-mastering-air-future_1200x800-315x210.jpg 315w\" alt=\"georocfor_air-master-mastering-air-future_1200x800\" width=\"1200\" height=\"800\" \/><\/p>\r\n<h3>Percez plus intelligemment avec AirMaster<\/h3>\r\n<p>G\u00e9oRocFor propose maintenant une nouvelle option innovante sur les syst\u00e8mes Xs GT3, Xs GTE3 et XS F3 : le \u00abAirMaster\u00bb. Con\u00e7ue pour r\u00e9duire de fa\u00e7on significative le risque de perte d&rsquo;air dans le sol lors du forage de fondations, en particulier lors de l&rsquo;utilisation d&rsquo;un marteau fond de trou (DTH), cette option s&rsquo;attaque \u00e0 un probl\u00e8me courant. La perte d&rsquo;air survient souvent lors du forage \u00e0 travers des sols meubles ou non consolid\u00e9s, ou lorsque l&rsquo;air est utilis\u00e9 pour nettoyer le trou de forage. Cela peut entra\u00eener des inefficacit\u00e9s, de l&rsquo;instabilit\u00e9, voire le risque d&rsquo;effondrement du trou. L&rsquo;option AirMaster permet de contr\u00f4ler et de minimiser l&rsquo;\u00e9chappement d&rsquo;air tout au long du processus de forage.<\/p>\r\n<p>En int\u00e9grant l&rsquo;option AirMaster \u00e0 l&rsquo;un de nos syst\u00e8mes de tubage \u00e0 l&rsquo;avancement, vous contribuez \u00e0 maintenir une pression stable \u00e0 l&rsquo;int\u00e9rieur du trou, assurant ainsi que l&rsquo;air est efficacement contenu et dirig\u00e9 exactement l\u00e0 o\u00f9 il est n\u00e9cessaire. Cet environnement contr\u00f4l\u00e9 r\u00e9duit les risques de d\u00e9placement de sol, de contamination et de perte inutile de ressources pr\u00e9cieuses pour le forage, comme l&rsquo;air.<\/p>\r\n<h2>Optimisez le forage de pieux <br \/><b> avec les syst\u00e8mes G\u00e9oRocFor <\/b><\/h2>\r\n<p>Globalement, l&rsquo;option AirMaster am\u00e9liore l&rsquo;efficacit\u00e9 et la s\u00e9curit\u00e9 du syst\u00e8me de tubage \u00e0 l&rsquo;avancement en optimisant l&rsquo;utilisation de l&rsquo;air, en augmentant la performance de forage et en cr\u00e9ant un processus de forage de fondations plus stable et plus propre. Cela permet une installation de pieux plus rapide et plus pr\u00e9cise tout en minimisant l&rsquo;impact environnemental de la perte d&rsquo;air dans les sols sensibles.<\/p>\r\n<p><strong>G\u00e9oRocFor offre le meilleur syst\u00e8me adapt\u00e9 au forage de pieux, au micropieu et au forage d&rsquo;ancrages. <\/strong><\/p>\r\n<p>Les syst\u00e8mes GTE et GTE3 permettent de forer le logement sous la couronne avec le m\u00eame taillant pilote. Ce syst\u00e8me est tr\u00e8s avantageux car il fait gagner beaucoup de temps en \u00e9vitant la manipulation des tiges de forage. Lorsque vous retirez le taillant pilote du tubage, le trou est termin\u00e9.<\/p>\r\n<h2>Nos<br \/><b>syst\u00e8mes<\/b><\/h2>\r\n<p><img loading=\"lazy\" decoding=\"async\" title=\"georocfor_products_xs-gt3_200x355\" src=\"https:\/\/georocfor.com\/wp-content\/uploads\/2025\/08\/georocfor_products_xs-gt3_200x355.jpg\" sizes=\"auto, (max-width: 768px) 100vw, 100vw\" srcset=\"https:\/\/georocfor.com\/wp-content\/uploads\/2025\/08\/georocfor_products_xs-gt3_200x355.jpg 355w, https:\/\/georocfor.com\/wp-content\/uploads\/2025\/08\/georocfor_products_xs-gt3_200x355-300x169.jpg 300w, https:\/\/georocfor.com\/wp-content\/uploads\/2025\/08\/georocfor_products_xs-gt3_200x355-315x177.jpg 315w\" alt=\"georocfor_products_xs-gt3_200x355\" width=\"355\" height=\"200\" \/><\/p>\r\n<h3><a title=\"Syst\u00e8me Xs GT3 \" href=\"https:\/\/georocfor.com\/fr\/produits\/systemes-de-tubage-a-lavancement\/systeme-xs-gt3\/\" target=\"_self\"> Syst\u00e8me Xs GT3 <\/a><\/h3>\r\n<p>Le syst\u00e8me Xs GT est sp\u00e9cialement con\u00e7u pour le forage de pieux, de micropieux, l&rsquo;installation d&rsquo;ancrages et d&rsquo;autres applications de g\u00e9nie civil. Type de connexion : par embo\u00eetement<\/p>\r\n<p><a role=\"button\" href=\"https:\/\/georocfor.com\/fr\/produits\/systemes-de-tubage-a-lavancement\/systeme-xs-gt3\/\" target=\"_self\"> En savoir plus <\/a> <img loading=\"lazy\" decoding=\"async\" title=\"georocfor_products_xs-gte3_200x355\" src=\"https:\/\/georocfor.com\/wp-content\/uploads\/2025\/08\/georocfor_products_xs-gte3_200x355.jpg\" sizes=\"auto, (max-width: 768px) 100vw, 100vw\" srcset=\"https:\/\/georocfor.com\/wp-content\/uploads\/2025\/08\/georocfor_products_xs-gte3_200x355.jpg 355w, https:\/\/georocfor.com\/wp-content\/uploads\/2025\/08\/georocfor_products_xs-gte3_200x355-300x169.jpg 300w, https:\/\/georocfor.com\/wp-content\/uploads\/2025\/08\/georocfor_products_xs-gte3_200x355-315x177.jpg 315w\" alt=\"georocfor_products_xs-gte3_200x355\" width=\"355\" height=\"200\" \/><\/p>\r\n<h3><a title=\"Syst\u00e8me Xs GTE3 \" href=\"https:\/\/georocfor.com\/fr\/produits\/systemes-de-tubage-a-lavancement\/systeme-xs-gte3\/\" target=\"_self\"> Syst\u00e8me Xs GTE3 <\/a><\/h3>\r\n<p>Le syst\u00e8me Xs GTE est sp\u00e9cialement con\u00e7u pour le forage de pieux, de micropieux, l&rsquo;installation d&rsquo;ancrages et d&rsquo;autres applications de g\u00e9nie civil. Type de connexion : bout-\u00e0-bout<\/p>\r\n<p><a role=\"button\" href=\"https:\/\/georocfor.com\/fr\/produits\/systemes-de-tubage-a-lavancement\/systeme-xs-gte3\/\" target=\"_self\"> En savoir plus <\/a> <img loading=\"lazy\" decoding=\"async\" title=\"georocfor_products_xs-f3_200x355\" src=\"https:\/\/georocfor.com\/wp-content\/uploads\/2025\/08\/georocfor_products_xs-f3_200x355.jpg\" sizes=\"auto, (max-width: 768px) 100vw, 100vw\" srcset=\"https:\/\/georocfor.com\/wp-content\/uploads\/2025\/08\/georocfor_products_xs-f3_200x355.jpg 355w, https:\/\/georocfor.com\/wp-content\/uploads\/2025\/08\/georocfor_products_xs-f3_200x355-300x169.jpg 300w, https:\/\/georocfor.com\/wp-content\/uploads\/2025\/08\/georocfor_products_xs-f3_200x355-315x177.jpg 315w\" alt=\"georocfor_products_xs-f3_200x355\" width=\"355\" height=\"200\" \/><\/p>\r\n<h3><a title=\"Syst\u00e8me Xs F3 \" href=\"https:\/\/georocfor.com\/fr\/produits\/systemes-de-tubage-a-lavancement\/systeme-xs-f3\/\" target=\"_self\"> Syst\u00e8me Xs F3 <\/a><\/h3>\r\n<p>Le syst\u00e8me Xs F (Flottant) est sp\u00e9cialement con\u00e7u pour le forage de pieux, de micropieux, l&rsquo;installation d&rsquo;ancrages et d&rsquo;autres applications de g\u00e9nie civil dans des trous peu profonds, que le tubage soit laiss\u00e9 dans le trou ou retir\u00e9.<\/p>\r\n<p><a role=\"button\" href=\"https:\/\/georocfor.com\/fr\/produits\/systemes-de-tubage-a-lavancement\/systeme-xs-f3\/\" target=\"_self\"> En savoir plus <\/a><\/p>\r\n<h2>Nos<br \/><b>documents<\/b><\/h2>\r\n<h4><a title=\"Brochure\" href=\"https:\/\/georocfor.com\/wp-content\/uploads\/2025\/11\/FR-Brochure-georocfor_air-master_FR.pdf\" target=\"_blank\" rel=\"noopener\"> Brochure <\/a><\/h4>\r\n<p>Pour en savoir plus sur le syst\u00e8me, veuillez consulter la brochure.<\/p>\r\n<p><a role=\"button\" href=\"https:\/\/georocfor.com\/wp-content\/uploads\/2025\/11\/FR-Brochure-georocfor_air-master_FR.pdf\" target=\"_blank\" rel=\"noopener\"> En savoir plus <\/a><\/p>\r\n<h2>Danger des<b> pertes d&rsquo;air <\/b><\/h2>\r\n<p><img loading=\"lazy\" decoding=\"async\" title=\"georocfor_air-master--air-loss_1200x800\" src=\"https:\/\/georocfor.com\/wp-content\/uploads\/2025\/08\/georocfor_air-master-air-loss_1200x800.jpg\" sizes=\"auto, (max-width: 768px) 100vw, 100vw\" srcset=\"https:\/\/georocfor.com\/wp-content\/uploads\/2025\/08\/georocfor_air-master-air-loss_1200x800.jpg 1200w, https:\/\/georocfor.com\/wp-content\/uploads\/2025\/08\/georocfor_air-master-air-loss_1200x800-300x200.jpg 300w, https:\/\/georocfor.com\/wp-content\/uploads\/2025\/08\/georocfor_air-master-air-loss_1200x800-1024x683.jpg 1024w, https:\/\/georocfor.com\/wp-content\/uploads\/2025\/08\/georocfor_air-master-air-loss_1200x800-768x512.jpg 768w, https:\/\/georocfor.com\/wp-content\/uploads\/2025\/08\/georocfor_air-master-air-loss_1200x800-630x420.jpg 630w, https:\/\/georocfor.com\/wp-content\/uploads\/2025\/08\/georocfor_air-master-air-loss_1200x800-420x280.jpg 420w, https:\/\/georocfor.com\/wp-content\/uploads\/2025\/08\/georocfor_air-master-air-loss_1200x800-840x560.jpg 840w, https:\/\/georocfor.com\/wp-content\/uploads\/2025\/08\/georocfor_air-master-air-loss_1200x800-315x210.jpg 315w\" alt=\"georocfor_air-master--air-loss_1200x800\" width=\"1200\" height=\"800\" \/><\/p>\r\n<p>L&rsquo;un des plus grands d\u00e9fis lors de l&rsquo;utilisation de syst\u00e8mes de forage avec un marteau fond de trou est la perte d&rsquo;air dans le sol. Il est essentiel de garder le contr\u00f4le sur l&rsquo;op\u00e9ration de forage en tout temps. L&rsquo;entrepreneur doit diriger les travaux et g\u00e9rer les risques associ\u00e9s.<\/p>\r\n<p>Il existe au moins deux principaux inconv\u00e9nients lorsque l&rsquo;air se perd durant le forage. Premi\u00e8rement, cette perte d&rsquo;air r\u00e9duit la capacit\u00e9 d&rsquo;\u00e9vacuer les d\u00e9bris du trou, ce qui peut entra\u00eener divers probl\u00e8mes. Si l&rsquo;\u00e9vacuation devient difficile ou impossible, une grande quantit\u00e9 de d\u00e9bris reste en suspension \u00e0 l&rsquo;int\u00e9rieur du tuyau. Dans ces situations, l&rsquo;air s&rsquo;\u00e9chappera naturellement l\u00e0 o\u00f9 la r\u00e9sistance est la plus faible, g\u00e9n\u00e9ralement dans le sol, ce qui accentue le probl\u00e8me. De plus, lors du changement des tiges de forage, tous ces d\u00e9bris tomberont au fond du trou, ce qui peut emp\u00eacher le marteau fond de trou de red\u00e9marrer et augmente le risque qu&rsquo;il se bloque. Il devient alors tr\u00e8s difficile de d\u00e9placer cette masse de d\u00e9bris coinc\u00e9e \u00e0 l&rsquo;int\u00e9rieur du tuyau.<\/p>\r\n<p>Cependant, le plus grand danger lorsque les conditions de forage ne sont pas contr\u00f4l\u00e9es est que l&rsquo;air qui s&rsquo;\u00e9chappe peut d\u00e9placer le sol environnant, causant des affaissements et, ultimement, endommageant les structures avoisinantes.<\/p>\r\n<h3>Effets de la perte d&rsquo;air<\/h3>\r\n<ul>\r\n<li>Affaissement diff\u00e9rentiel sous les fondations existantes.<\/li>\r\n<li>Effondrement partiel des chauss\u00e9es ou des dalles de b\u00e9ton. .<\/li>\r\n<li>Dommages ou ruptures des infrastructures souterraines telles que les tuyaux, les c\u00e2bles et les ponceaux.<\/li>\r\n<\/ul>\r\n<ul>\r\n<li>Fissuration des murs ou des fondations avoisinantes.<\/li>\r\n<li>D\u00e9t\u00e9rioration des joints dans les conduites d&rsquo;eau, de gaz ou d&rsquo;\u00e9gout.<\/li>\r\n<li>Instabilit\u00e9 des structures anciennes ou fragiles, y compris les b\u00e2timents patrimoniaux et les murs de pierres s\u00e8ches.<\/li>\r\n<\/ul>\r\n<h2>Laissez-nous vous aider \u00e0 choisir les<br \/><strong>produits adapt\u00e9s \u00e0 vos besoins<\/strong><\/h2>\r\n<p><a role=\"button\" href=\"https:\/\/georocfor.com\/fr\/contact\/\" target=\"_self\"> Communiquer avec notre service \u00e0 la client\u00e8le <\/a><\/p>\r\n<\/div><!-- .vgblk-rw-wrapper -->","protected":false},"excerpt":{"rendered":"<p>Ma\u00eetriser l&rsquo;air,ma\u00eetriser l&rsquo;avenir Percez plus intelligemment avec AirMaster G\u00e9oRocFor propose maintenant une nouvelle option innovante sur les syst\u00e8mes Xs GT3, Xs GTE3 et XS F3 : le \u00abAirMaster\u00bb. Con\u00e7ue pour r\u00e9duire de fa\u00e7on significative le risque de perte d&rsquo;air dans le sol lors du forage de fondations, en particulier lors de l&rsquo;utilisation d&rsquo;un marteau fond&#8230;<\/p>\n","protected":false},"author":1,"featured_media":994954,"parent":995037,"menu_order":0,"comment_status":"closed","ping_status":"closed","template":"","meta":{"_acf_changed":false,"inline_featured_image":false,"_monsterinsights_skip_tracking":false,"_monsterinsights_sitenote_active":false,"_monsterinsights_sitenote_note":"","_monsterinsights_sitenote_category":0,"footnotes":""},"class_list":["post-995040","page","type-page","status-publish","has-post-thumbnail","hentry"],"acf":[],"yoast_head":"<!-- This site is optimized with the Yoast SEO plugin v26.8 - https:\/\/yoast.com\/product\/yoast-seo-wordpress\/ -->\n<title>Air Master - GeoRocFor<\/title>\n<meta name=\"description\" content=\"Air Master de GeoRocFor : solutions de forage \u00e0 air comprim\u00e9 haute performance pour production, ventilation et excavation efficace.\" \/>\n<meta name=\"robots\" content=\"index, follow, max-snippet:-1, max-image-preview:large, max-video-preview:-1\" \/>\n<link rel=\"canonical\" href=\"https:\/\/georocfor.com\/fr\/produits\/air-master\/\" \/>\n<meta property=\"og:locale\" content=\"fr_CA\" \/>\n<meta property=\"og:type\" content=\"article\" \/>\n<meta property=\"og:title\" content=\"Air Master - GeoRocFor\" \/>\n<meta property=\"og:description\" content=\"Air Master de GeoRocFor : solutions de forage \u00e0 air comprim\u00e9 haute performance pour production, ventilation et excavation efficace.\" \/>\n<meta property=\"og:url\" content=\"https:\/\/georocfor.com\/fr\/produits\/air-master\/\" \/>\n<meta property=\"og:site_name\" content=\"GeoRocFor\" \/>\n<meta property=\"article:modified_time\" content=\"2026-01-27T19:55:04+00:00\" \/>\n<meta property=\"og:image\" content=\"https:\/\/georocfor.com\/wp-content\/uploads\/2025\/08\/georocfor_air-master-air-loss_1200x800.jpg\" \/>\n\t<meta property=\"og:image:width\" content=\"1200\" \/>\n\t<meta property=\"og:image:height\" content=\"800\" \/>\n\t<meta property=\"og:image:type\" content=\"image\/jpeg\" \/>\n<meta name=\"twitter:card\" content=\"summary_large_image\" \/>\n<meta name=\"twitter:label1\" content=\"Estimation du temps de lecture\" \/>\n\t<meta name=\"twitter:data1\" content=\"5 minutes\" \/>\n<script type=\"application\/ld+json\" class=\"yoast-schema-graph\">{\"@context\":\"https:\/\/schema.org\",\"@graph\":[{\"@type\":\"WebPage\",\"@id\":\"https:\/\/georocfor.com\/fr\/produits\/air-master\/\",\"url\":\"https:\/\/georocfor.com\/fr\/produits\/air-master\/\",\"name\":\"Air Master - GeoRocFor\",\"isPartOf\":{\"@id\":\"https:\/\/georocfor.com\/fr\/#website\"},\"primaryImageOfPage\":{\"@id\":\"https:\/\/georocfor.com\/fr\/produits\/air-master\/#primaryimage\"},\"image\":{\"@id\":\"https:\/\/georocfor.com\/fr\/produits\/air-master\/#primaryimage\"},\"thumbnailUrl\":\"https:\/\/georocfor.com\/wp-content\/uploads\/2025\/08\/georocfor_air-master-air-loss_1200x800.jpg\",\"datePublished\":\"2025-08-22T13:24:44+00:00\",\"dateModified\":\"2026-01-27T19:55:04+00:00\",\"description\":\"Air Master de GeoRocFor : solutions de forage \u00e0 air comprim\u00e9 haute performance pour production, ventilation et excavation efficace.\",\"breadcrumb\":{\"@id\":\"https:\/\/georocfor.com\/fr\/produits\/air-master\/#breadcrumb\"},\"inLanguage\":\"fr-CA\",\"potentialAction\":[{\"@type\":\"ReadAction\",\"target\":[\"https:\/\/georocfor.com\/fr\/produits\/air-master\/\"]}]},{\"@type\":\"ImageObject\",\"inLanguage\":\"fr-CA\",\"@id\":\"https:\/\/georocfor.com\/fr\/produits\/air-master\/#primaryimage\",\"url\":\"https:\/\/georocfor.com\/wp-content\/uploads\/2025\/08\/georocfor_air-master-air-loss_1200x800.jpg\",\"contentUrl\":\"https:\/\/georocfor.com\/wp-content\/uploads\/2025\/08\/georocfor_air-master-air-loss_1200x800.jpg\",\"width\":1200,\"height\":800,\"caption\":\"Danger des pertes d'air\"},{\"@type\":\"BreadcrumbList\",\"@id\":\"https:\/\/georocfor.com\/fr\/produits\/air-master\/#breadcrumb\",\"itemListElement\":[{\"@type\":\"ListItem\",\"position\":1,\"name\":\"Home\",\"item\":\"https:\/\/georocfor.com\/fr\/\"},{\"@type\":\"ListItem\",\"position\":2,\"name\":\"Produits\",\"item\":\"https:\/\/georocfor.com\/fr\/produits\/\"},{\"@type\":\"ListItem\",\"position\":3,\"name\":\"Air Master\"}]},{\"@type\":\"WebSite\",\"@id\":\"https:\/\/georocfor.com\/fr\/#website\",\"url\":\"https:\/\/georocfor.com\/fr\/\",\"name\":\"GeoRocFor\",\"description\":\"\",\"publisher\":{\"@id\":\"https:\/\/georocfor.com\/fr\/#organization\"},\"potentialAction\":[{\"@type\":\"SearchAction\",\"target\":{\"@type\":\"EntryPoint\",\"urlTemplate\":\"https:\/\/georocfor.com\/fr\/?s={search_term_string}\"},\"query-input\":{\"@type\":\"PropertyValueSpecification\",\"valueRequired\":true,\"valueName\":\"search_term_string\"}}],\"inLanguage\":\"fr-CA\"},{\"@type\":\"Organization\",\"@id\":\"https:\/\/georocfor.com\/fr\/#organization\",\"name\":\"GeoRocFor\",\"url\":\"https:\/\/georocfor.com\/fr\/\",\"logo\":{\"@type\":\"ImageObject\",\"inLanguage\":\"fr-CA\",\"@id\":\"https:\/\/georocfor.com\/fr\/#\/schema\/logo\/image\/\",\"url\":\"https:\/\/georocfor.com\/wp-content\/uploads\/2024\/03\/georocfor_logo_457x64.png\",\"contentUrl\":\"https:\/\/georocfor.com\/wp-content\/uploads\/2024\/03\/georocfor_logo_457x64.png\",\"width\":457,\"height\":64,\"caption\":\"GeoRocFor\"},\"image\":{\"@id\":\"https:\/\/georocfor.com\/fr\/#\/schema\/logo\/image\/\"}}]}<\/script>\n<!-- \/ Yoast SEO plugin. -->","yoast_head_json":{"title":"Air Master - GeoRocFor","description":"Air Master de GeoRocFor : solutions de forage \u00e0 air comprim\u00e9 haute performance pour production, ventilation et excavation efficace.","robots":{"index":"index","follow":"follow","max-snippet":"max-snippet:-1","max-image-preview":"max-image-preview:large","max-video-preview":"max-video-preview:-1"},"canonical":"https:\/\/georocfor.com\/fr\/produits\/air-master\/","og_locale":"fr_CA","og_type":"article","og_title":"Air Master - GeoRocFor","og_description":"Air Master de GeoRocFor : solutions de forage \u00e0 air comprim\u00e9 haute performance pour production, ventilation et excavation efficace.","og_url":"https:\/\/georocfor.com\/fr\/produits\/air-master\/","og_site_name":"GeoRocFor","article_modified_time":"2026-01-27T19:55:04+00:00","og_image":[{"width":1200,"height":800,"url":"https:\/\/georocfor.com\/wp-content\/uploads\/2025\/08\/georocfor_air-master-air-loss_1200x800.jpg","type":"image\/jpeg"}],"twitter_card":"summary_large_image","twitter_misc":{"Estimation du temps de lecture":"5 minutes"},"schema":{"@context":"https:\/\/schema.org","@graph":[{"@type":"WebPage","@id":"https:\/\/georocfor.com\/fr\/produits\/air-master\/","url":"https:\/\/georocfor.com\/fr\/produits\/air-master\/","name":"Air Master - GeoRocFor","isPartOf":{"@id":"https:\/\/georocfor.com\/fr\/#website"},"primaryImageOfPage":{"@id":"https:\/\/georocfor.com\/fr\/produits\/air-master\/#primaryimage"},"image":{"@id":"https:\/\/georocfor.com\/fr\/produits\/air-master\/#primaryimage"},"thumbnailUrl":"https:\/\/georocfor.com\/wp-content\/uploads\/2025\/08\/georocfor_air-master-air-loss_1200x800.jpg","datePublished":"2025-08-22T13:24:44+00:00","dateModified":"2026-01-27T19:55:04+00:00","description":"Air Master de GeoRocFor : solutions de forage \u00e0 air comprim\u00e9 haute performance pour production, ventilation et excavation efficace.","breadcrumb":{"@id":"https:\/\/georocfor.com\/fr\/produits\/air-master\/#breadcrumb"},"inLanguage":"fr-CA","potentialAction":[{"@type":"ReadAction","target":["https:\/\/georocfor.com\/fr\/produits\/air-master\/"]}]},{"@type":"ImageObject","inLanguage":"fr-CA","@id":"https:\/\/georocfor.com\/fr\/produits\/air-master\/#primaryimage","url":"https:\/\/georocfor.com\/wp-content\/uploads\/2025\/08\/georocfor_air-master-air-loss_1200x800.jpg","contentUrl":"https:\/\/georocfor.com\/wp-content\/uploads\/2025\/08\/georocfor_air-master-air-loss_1200x800.jpg","width":1200,"height":800,"caption":"Danger des pertes d'air"},{"@type":"BreadcrumbList","@id":"https:\/\/georocfor.com\/fr\/produits\/air-master\/#breadcrumb","itemListElement":[{"@type":"ListItem","position":1,"name":"Home","item":"https:\/\/georocfor.com\/fr\/"},{"@type":"ListItem","position":2,"name":"Produits","item":"https:\/\/georocfor.com\/fr\/produits\/"},{"@type":"ListItem","position":3,"name":"Air Master"}]},{"@type":"WebSite","@id":"https:\/\/georocfor.com\/fr\/#website","url":"https:\/\/georocfor.com\/fr\/","name":"GeoRocFor","description":"","publisher":{"@id":"https:\/\/georocfor.com\/fr\/#organization"},"potentialAction":[{"@type":"SearchAction","target":{"@type":"EntryPoint","urlTemplate":"https:\/\/georocfor.com\/fr\/?s={search_term_string}"},"query-input":{"@type":"PropertyValueSpecification","valueRequired":true,"valueName":"search_term_string"}}],"inLanguage":"fr-CA"},{"@type":"Organization","@id":"https:\/\/georocfor.com\/fr\/#organization","name":"GeoRocFor","url":"https:\/\/georocfor.com\/fr\/","logo":{"@type":"ImageObject","inLanguage":"fr-CA","@id":"https:\/\/georocfor.com\/fr\/#\/schema\/logo\/image\/","url":"https:\/\/georocfor.com\/wp-content\/uploads\/2024\/03\/georocfor_logo_457x64.png","contentUrl":"https:\/\/georocfor.com\/wp-content\/uploads\/2024\/03\/georocfor_logo_457x64.png","width":457,"height":64,"caption":"GeoRocFor"},"image":{"@id":"https:\/\/georocfor.com\/fr\/#\/schema\/logo\/image\/"}}]}},"jetpack_sharing_enabled":true,"_links":{"self":[{"href":"https:\/\/georocfor.com\/fr\/wp-json\/wp\/v2\/pages\/995040","targetHints":{"allow":["GET"]}}],"collection":[{"href":"https:\/\/georocfor.com\/fr\/wp-json\/wp\/v2\/pages"}],"about":[{"href":"https:\/\/georocfor.com\/fr\/wp-json\/wp\/v2\/types\/page"}],"author":[{"embeddable":true,"href":"https:\/\/georocfor.com\/fr\/wp-json\/wp\/v2\/users\/1"}],"replies":[{"embeddable":true,"href":"https:\/\/georocfor.com\/fr\/wp-json\/wp\/v2\/comments?post=995040"}],"version-history":[{"count":9,"href":"https:\/\/georocfor.com\/fr\/wp-json\/wp\/v2\/pages\/995040\/revisions"}],"predecessor-version":[{"id":995907,"href":"https:\/\/georocfor.com\/fr\/wp-json\/wp\/v2\/pages\/995040\/revisions\/995907"}],"up":[{"embeddable":true,"href":"https:\/\/georocfor.com\/fr\/wp-json\/wp\/v2\/pages\/995037"}],"wp:featuredmedia":[{"embeddable":true,"href":"https:\/\/georocfor.com\/fr\/wp-json\/wp\/v2\/media\/994954"}],"wp:attachment":[{"href":"https:\/\/georocfor.com\/fr\/wp-json\/wp\/v2\/media?parent=995040"}],"curies":[{"name":"wp","href":"https:\/\/api.w.org\/{rel}","templated":true}]}}