{"id":995037,"date":"2017-07-31T12:46:27","date_gmt":"2017-07-31T16:46:27","guid":{"rendered":"https:\/\/georocfor.com\/products\/"},"modified":"2026-01-27T14:54:38","modified_gmt":"2026-01-27T19:54:38","slug":"produits","status":"publish","type":"page","link":"https:\/\/georocfor.com\/fr\/produits\/","title":{"rendered":"Produits"},"content":{"rendered":"<div class=\"vgblk-rw-wrapper limit-wrapper\">\r\n<h2>Nos <br \/><b>produits<\/b><\/h2>\r\n<p><img loading=\"lazy\" decoding=\"async\" title=\"georocfor_products_casing-system_200x355\" src=\"https:\/\/georocfor.com\/wp-content\/uploads\/2024\/08\/georocfor_products_casing-system_200x355.jpg\" sizes=\"auto, (max-width: 768px) 100vw, 100vw\" srcset=\"https:\/\/georocfor.com\/wp-content\/uploads\/2024\/08\/georocfor_products_casing-system_200x355.jpg 355w, https:\/\/georocfor.com\/wp-content\/uploads\/2024\/08\/georocfor_products_casing-system_200x355-300x169.jpg 300w, https:\/\/georocfor.com\/wp-content\/uploads\/2024\/08\/georocfor_products_casing-system_200x355-315x177.jpg 315w\" alt=\"georocfor_products_casing-system_200x355\" width=\"355\" height=\"200\" \/><\/p>\r\n<h3><a title=\"Syst\u00e8mes de tubage \" href=\"https:\/\/georocfor.com\/fr\/produits\/systemes-de-tubage-a-lavancement\/\" target=\"_self\"> Syst\u00e8mes de tubage <\/a><\/h3>\r\n<p>Ces syst\u00e8mes brevet\u00e9s de tubage \u00e0 l&rsquo;avancement : de plus en plus populaires aupr\u00e8s des utilisateurs de syst\u00e8mes a ailettes ou excentrique.<\/p>\r\n<p><a role=\"button\" href=\"https:\/\/georocfor.com\/fr\/produits\/systemes-de-tubage-a-lavancement\/\" target=\"_self\"> En savoir plus <\/a> <img loading=\"lazy\" decoding=\"async\" title=\"georocfor_products_casing-threads_200x355\" src=\"https:\/\/georocfor.com\/wp-content\/uploads\/2024\/08\/georocfor_products_casing-threads_200x355.jpg\" sizes=\"auto, (max-width: 768px) 100vw, 100vw\" srcset=\"https:\/\/georocfor.com\/wp-content\/uploads\/2024\/08\/georocfor_products_casing-threads_200x355.jpg 355w, https:\/\/georocfor.com\/wp-content\/uploads\/2024\/08\/georocfor_products_casing-threads_200x355-300x169.jpg 300w, https:\/\/georocfor.com\/wp-content\/uploads\/2024\/08\/georocfor_products_casing-threads_200x355-315x177.jpg 315w\" alt=\"georocfor_products_casing-threads_200x355\" width=\"355\" height=\"200\" \/><\/p>\r\n<h3><a title=\"Filets sur tubage \" href=\"https:\/\/georocfor.com\/fr\/produits\/tubage-filete\/\" target=\"_self\"> Filets sur tubage <\/a><\/h3>\r\n<p>GeoRocFor con\u00e7oit et fabrique des tubages filet\u00e9s pour des applications en fondations et travaux de g\u00e9nie civil.<\/p>\r\n<p><a role=\"button\" href=\"https:\/\/georocfor.com\/fr\/produits\/tubage-filete\/\" target=\"_self\"> En savoir plus <\/a> <img loading=\"lazy\" decoding=\"async\" title=\"georocfor_products_rock-drilling-bits_200x355\" src=\"https:\/\/georocfor.com\/wp-content\/uploads\/2024\/08\/georocfor_products_rock-drilling-bits_200x355.jpg\" sizes=\"auto, (max-width: 768px) 100vw, 100vw\" srcset=\"https:\/\/georocfor.com\/wp-content\/uploads\/2024\/08\/georocfor_products_rock-drilling-bits_200x355.jpg 355w, https:\/\/georocfor.com\/wp-content\/uploads\/2024\/08\/georocfor_products_rock-drilling-bits_200x355-300x169.jpg 300w, https:\/\/georocfor.com\/wp-content\/uploads\/2024\/08\/georocfor_products_rock-drilling-bits_200x355-315x177.jpg 315w\" alt=\"georocfor_products_rock-drilling-bits_200x355\" width=\"355\" height=\"200\" \/><\/p>\r\n<h3><a title=\"Taillants de forage \" href=\"https:\/\/georocfor.com\/fr\/produits\/taillants-de-forage-de-roche\/\" target=\"_self\"> Taillants de forage <\/a><\/h3>\r\n<p>GeoRocFor fabrique des taillants de forage pour DTH et marteaux hors trou, con\u00e7us sur mesure pour r\u00e9pondre \u00e0 vos besoins.<\/p>\r\n<p><a role=\"button\" href=\"https:\/\/georocfor.com\/fr\/produits\/taillants-de-forage-de-roche\/\" target=\"_self\"> En savoir plus <\/a> <img loading=\"lazy\" decoding=\"async\" title=\"georocfor_products_dr-drilling_200x355\" src=\"https:\/\/georocfor.com\/wp-content\/uploads\/2024\/08\/georocfor_products_dr-drilling_200x355.jpg\" sizes=\"auto, (max-width: 768px) 100vw, 100vw\" srcset=\"https:\/\/georocfor.com\/wp-content\/uploads\/2024\/08\/georocfor_products_dr-drilling_200x355.jpg 355w, https:\/\/georocfor.com\/wp-content\/uploads\/2024\/08\/georocfor_products_dr-drilling_200x355-300x169.jpg 300w, https:\/\/georocfor.com\/wp-content\/uploads\/2024\/08\/georocfor_products_dr-drilling_200x355-315x177.jpg 315w\" alt=\"georocfor_products_dr-drilling_200x355\" width=\"355\" height=\"200\" \/><\/p>\r\n<h3><a title=\"Double rotation \" href=\"https:\/\/georocfor.com\/fr\/produits\/forage-double-rotation\/\" target=\"_self\"> Double rotation <\/a><\/h3>\r\n<p>Optimisez vos op\u00e9rations \u00e0 double rotation gr\u00e2ce \u00e0 notre outillage de haute performance &#8211; con\u00e7ues pour la pr\u00e9cision, faites pour durer.<\/p>\r\n<p><a role=\"button\" href=\"https:\/\/georocfor.com\/fr\/produits\/forage-double-rotation\/\" target=\"_self\"> En savoir plus <\/a> <img loading=\"lazy\" decoding=\"async\" title=\"georocfor_products_diverter-box_200x355\" src=\"https:\/\/georocfor.com\/wp-content\/uploads\/2024\/08\/georocfor_products_diverter-box_200x355.jpg\" sizes=\"auto, (max-width: 768px) 100vw, 100vw\" srcset=\"https:\/\/georocfor.com\/wp-content\/uploads\/2024\/08\/georocfor_products_diverter-box_200x355.jpg 355w, https:\/\/georocfor.com\/wp-content\/uploads\/2024\/08\/georocfor_products_diverter-box_200x355-300x169.jpg 300w, https:\/\/georocfor.com\/wp-content\/uploads\/2024\/08\/georocfor_products_diverter-box_200x355-315x177.jpg 315w\" alt=\"georocfor_products_diverter-box_200x355\" width=\"355\" height=\"200\" \/><\/p>\r\n<h3><a title=\"T\u00eates de d\u00e9chargement \" href=\"https:\/\/georocfor.com\/fr\/produits\/tete-de-decharge\/\" target=\"_self\"> T\u00eates de d\u00e9chargement <\/a><\/h3>\r\n<p>Une t\u00eate de d\u00e9chargement permet d&rsquo;acheminer les d\u00e9bris en lieu s\u00fbr, lors de l&rsquo;utilisation de nos syst\u00e8mes de forage.<\/p>\r\n<p><a role=\"button\" href=\"https:\/\/georocfor.com\/fr\/produits\/tete-de-decharge\/\" target=\"_self\"> En savoir plus <\/a> <img loading=\"lazy\" decoding=\"async\" title=\"georocfor_products_demolition-tools_200x355\" src=\"https:\/\/georocfor.com\/wp-content\/uploads\/2024\/08\/georocfor_products_demolition-tools_200x355.jpg\" sizes=\"auto, (max-width: 768px) 100vw, 100vw\" srcset=\"https:\/\/georocfor.com\/wp-content\/uploads\/2024\/08\/georocfor_products_demolition-tools_200x355.jpg 355w, https:\/\/georocfor.com\/wp-content\/uploads\/2024\/08\/georocfor_products_demolition-tools_200x355-300x169.jpg 300w, https:\/\/georocfor.com\/wp-content\/uploads\/2024\/08\/georocfor_products_demolition-tools_200x355-315x177.jpg 315w\" alt=\"georocfor_products_demolition-tools_200x355\" width=\"355\" height=\"200\" \/><\/p>\r\n<h3><a title=\"Outils de d\u00e9molition \" href=\"https:\/\/georocfor.com\/fr\/produits\/outils-de-demolition\/\" target=\"_self\"> Outils de d\u00e9molition <\/a><\/h3>\r\n<p>Pour brise-roches mont\u00e9s sur \u00e9quipements lourds et\/ou sur fl\u00e8che.<\/p>\r\n<p><a role=\"button\" href=\"https:\/\/georocfor.com\/fr\/produits\/outils-de-demolition\/\" target=\"_self\"> En savoir plus <\/a> <img loading=\"lazy\" decoding=\"async\" title=\"georocfor_products_xs-gt3_200x355\" src=\"https:\/\/georocfor.com\/wp-content\/uploads\/2025\/08\/georocfor_products_xs-gt3_200x355.jpg\" sizes=\"auto, (max-width: 768px) 100vw, 100vw\" srcset=\"https:\/\/georocfor.com\/wp-content\/uploads\/2025\/08\/georocfor_products_xs-gt3_200x355.jpg 355w, https:\/\/georocfor.com\/wp-content\/uploads\/2025\/08\/georocfor_products_xs-gt3_200x355-300x169.jpg 300w, https:\/\/georocfor.com\/wp-content\/uploads\/2025\/08\/georocfor_products_xs-gt3_200x355-315x177.jpg 315w\" alt=\"georocfor_products_xs-gt3_200x355\" width=\"355\" height=\"200\" \/><\/p>\r\n<h3><a title=\"Air Master\" href=\"https:\/\/georocfor.com\/fr\/produits\/air-master\/\" target=\"_self\"> Air Master <\/a><\/h3>\r\n<p>Con\u00e7u pour r\u00e9duire significativement le risque de perte d&rsquo;air dans le sol lors du forage de fondations, en particulier lors de l&rsquo;utilisation d&rsquo;un marteau fond de trou (DTH).<\/p>\r\n<p><a role=\"button\" href=\"https:\/\/georocfor.com\/fr\/produits\/air-master\/\" target=\"_self\"> En savoir plus <\/a><\/p>\r\n<h2><b>Applications <\/b><\/h2>\r\n<h3><a title=\"Puits Art\u00e9siens\" href=\"https:\/\/georocfor.com\/fr\/applications\/forage-de-puits-artesien\/\" target=\"_self\"> Puits Art\u00e9siens <\/a><\/h3>\r\n<p>When casing must be installed for a water well (artesian well), the use of the Xs Drill drilling system is the number 1 choice for drillers.<\/p>\r\n<p><a role=\"button\" href=\"https:\/\/georocfor.com\/fr\/applications\/forage-de-puits-artesien\/\" target=\"_self\"> En savoir plus <\/a><\/p>\r\n<h3><a title=\"Fondations\" href=\"https:\/\/georocfor.com\/fr\/applications\/fondations\/\" target=\"_self\"> Fondations <\/a><\/h3>\r\n<p>GeoRocFor offre le meilleur syst\u00e8me adapt\u00e9 au forage de pieux, au micro-pieux et au forage d&rsquo;ancrages.<\/p>\r\n<p><a role=\"button\" href=\"https:\/\/georocfor.com\/fr\/applications\/fondations\/\" target=\"_self\"> En savoir plus <\/a><\/p>\r\n<h3><a title=\"Vo\u00fbtes parapluie \" href=\"https:\/\/georocfor.com\/fr\/applications\/forage-de-voute-parapluie\/\" target=\"_self\"> Vo\u00fbtes parapluie <\/a><\/h3>\r\n<p>Syst\u00e8me simple pour une meilleure production.<\/p>\r\n<p><a role=\"button\" href=\"https:\/\/georocfor.com\/fr\/applications\/forage-de-voute-parapluie\/\" target=\"_self\"> En savoir plus <\/a><\/p>\r\n<h3><a title=\"Forage horizontal \" href=\"https:\/\/georocfor.com\/fr\/applications\/forage-horizontal\/\" target=\"_self\"> Forage horizontal <\/a><\/h3>\r\n<p>Con\u00e7u pour affronter les conditions les plus difficiles.<\/p>\r\n<p><a role=\"button\" href=\"https:\/\/georocfor.com\/fr\/applications\/forage-horizontal\/\" target=\"_self\"> En savoir plus <\/a><\/p>\r\n<h3><a title=\"Forage de g\u00e9othermie \" href=\"https:\/\/georocfor.com\/fr\/applications\/puits-geothermique\/\" target=\"_self\"> Forage de g\u00e9othermie <\/a><\/h3>\r\n<p>Ces forages sont utilis\u00e9s pour l&rsquo;installation de syst\u00e8mes g\u00e9othermiques capables de r\u00e9cup\u00e9rer la chaleur naturelle du sol afin de chauffer ou de climatiser des b\u00e2timents.<\/p>\r\n<p><a role=\"button\" href=\"https:\/\/georocfor.com\/fr\/applications\/puits-geothermique\/\" target=\"_self\"> En savoir plus <\/a><\/p>\r\n<h2>Laissez-nous vous aider \u00e0 choisir les<br \/><strong>produits adapt\u00e9s \u00e0 vos besoins<\/strong><\/h2>\r\n<p><a role=\"button\" href=\"https:\/\/georocfor.com\/fr\/contact\/\" target=\"_self\"> Communiquer avec notre service \u00e0 la client\u00e8le <\/a><\/p>\r\n<\/div><!-- .vgblk-rw-wrapper -->","protected":false},"excerpt":{"rendered":"<p>Nos produits Syst\u00e8mes de tubage Ces syst\u00e8mes brevet\u00e9s de tubage \u00e0 l&rsquo;avancement : de plus en plus populaires aupr\u00e8s des utilisateurs de syst\u00e8mes a ailettes ou excentrique. En savoir plus Filets sur tubage GeoRocFor con\u00e7oit et fabrique des tubages filet\u00e9s pour des applications en fondations et travaux de g\u00e9nie civil. En savoir plus Taillants de&#8230;<\/p>\n","protected":false},"author":1,"featured_media":994940,"parent":0,"menu_order":0,"comment_status":"closed","ping_status":"closed","template":"","meta":{"_acf_changed":false,"inline_featured_image":false,"_monsterinsights_skip_tracking":false,"_monsterinsights_sitenote_active":false,"_monsterinsights_sitenote_note":"","_monsterinsights_sitenote_category":0,"footnotes":""},"class_list":["post-995037","page","type-page","status-publish","has-post-thumbnail","hentry"],"acf":[],"yoast_head":"<!-- This site is optimized with the Yoast SEO plugin v26.8 - https:\/\/yoast.com\/product\/yoast-seo-wordpress\/ -->\n<title>Produits - GeoRocFor<\/title>\n<meta name=\"description\" content=\"Produits GeoRocFor : solutions compl\u00e8tes de forage avec syst\u00e8mes de tubage \u00e0 l\u2019avancement, taillants, outils DTH, DR, t\u00eates de d\u00e9charge, etc.\" \/>\n<meta name=\"robots\" content=\"index, follow, max-snippet:-1, max-image-preview:large, max-video-preview:-1\" \/>\n<link rel=\"canonical\" href=\"https:\/\/georocfor.com\/fr\/produits\/\" \/>\n<meta property=\"og:locale\" content=\"fr_CA\" \/>\n<meta property=\"og:type\" content=\"article\" \/>\n<meta property=\"og:title\" content=\"Produits - GeoRocFor\" \/>\n<meta property=\"og:description\" content=\"Produits GeoRocFor : solutions compl\u00e8tes de forage avec syst\u00e8mes de tubage \u00e0 l\u2019avancement, taillants, outils DTH, DR, t\u00eates de d\u00e9charge, etc.\" \/>\n<meta property=\"og:url\" content=\"https:\/\/georocfor.com\/fr\/produits\/\" \/>\n<meta property=\"og:site_name\" content=\"GeoRocFor\" \/>\n<meta property=\"article:modified_time\" content=\"2026-01-27T19:54:38+00:00\" \/>\n<meta property=\"og:image\" content=\"https:\/\/georocfor.com\/wp-content\/uploads\/2025\/08\/georocfor_products_xs-gt3_200x355.jpg\" \/>\n\t<meta property=\"og:image:width\" content=\"355\" \/>\n\t<meta property=\"og:image:height\" content=\"200\" \/>\n\t<meta property=\"og:image:type\" content=\"image\/jpeg\" \/>\n<meta name=\"twitter:card\" content=\"summary_large_image\" \/>\n<meta name=\"twitter:label1\" content=\"Estimation du temps de lecture\" \/>\n\t<meta name=\"twitter:data1\" content=\"3 minutes\" \/>\n<script type=\"application\/ld+json\" class=\"yoast-schema-graph\">{\"@context\":\"https:\/\/schema.org\",\"@graph\":[{\"@type\":\"WebPage\",\"@id\":\"https:\/\/georocfor.com\/fr\/produits\/\",\"url\":\"https:\/\/georocfor.com\/fr\/produits\/\",\"name\":\"Produits - GeoRocFor\",\"isPartOf\":{\"@id\":\"https:\/\/georocfor.com\/fr\/#website\"},\"primaryImageOfPage\":{\"@id\":\"https:\/\/georocfor.com\/fr\/produits\/#primaryimage\"},\"image\":{\"@id\":\"https:\/\/georocfor.com\/fr\/produits\/#primaryimage\"},\"thumbnailUrl\":\"https:\/\/georocfor.com\/wp-content\/uploads\/2025\/08\/georocfor_products_xs-gt3_200x355.jpg\",\"datePublished\":\"2017-07-31T16:46:27+00:00\",\"dateModified\":\"2026-01-27T19:54:38+00:00\",\"description\":\"Produits GeoRocFor : solutions compl\u00e8tes de forage avec syst\u00e8mes de tubage \u00e0 l\u2019avancement, taillants, outils DTH, DR, t\u00eates de d\u00e9charge, etc.\",\"breadcrumb\":{\"@id\":\"https:\/\/georocfor.com\/fr\/produits\/#breadcrumb\"},\"inLanguage\":\"fr-CA\",\"potentialAction\":[{\"@type\":\"ReadAction\",\"target\":[\"https:\/\/georocfor.com\/fr\/produits\/\"]}]},{\"@type\":\"ImageObject\",\"inLanguage\":\"fr-CA\",\"@id\":\"https:\/\/georocfor.com\/fr\/produits\/#primaryimage\",\"url\":\"https:\/\/georocfor.com\/wp-content\/uploads\/2025\/08\/georocfor_products_xs-gt3_200x355.jpg\",\"contentUrl\":\"https:\/\/georocfor.com\/wp-content\/uploads\/2025\/08\/georocfor_products_xs-gt3_200x355.jpg\",\"width\":355,\"height\":200,\"caption\":\"Produits GeoRocFor - Air Master\"},{\"@type\":\"BreadcrumbList\",\"@id\":\"https:\/\/georocfor.com\/fr\/produits\/#breadcrumb\",\"itemListElement\":[{\"@type\":\"ListItem\",\"position\":1,\"name\":\"Home\",\"item\":\"https:\/\/georocfor.com\/fr\/\"},{\"@type\":\"ListItem\",\"position\":2,\"name\":\"Produits\"}]},{\"@type\":\"WebSite\",\"@id\":\"https:\/\/georocfor.com\/fr\/#website\",\"url\":\"https:\/\/georocfor.com\/fr\/\",\"name\":\"GeoRocFor\",\"description\":\"\",\"publisher\":{\"@id\":\"https:\/\/georocfor.com\/fr\/#organization\"},\"potentialAction\":[{\"@type\":\"SearchAction\",\"target\":{\"@type\":\"EntryPoint\",\"urlTemplate\":\"https:\/\/georocfor.com\/fr\/?s={search_term_string}\"},\"query-input\":{\"@type\":\"PropertyValueSpecification\",\"valueRequired\":true,\"valueName\":\"search_term_string\"}}],\"inLanguage\":\"fr-CA\"},{\"@type\":\"Organization\",\"@id\":\"https:\/\/georocfor.com\/fr\/#organization\",\"name\":\"GeoRocFor\",\"url\":\"https:\/\/georocfor.com\/fr\/\",\"logo\":{\"@type\":\"ImageObject\",\"inLanguage\":\"fr-CA\",\"@id\":\"https:\/\/georocfor.com\/fr\/#\/schema\/logo\/image\/\",\"url\":\"https:\/\/georocfor.com\/wp-content\/uploads\/2024\/03\/georocfor_logo_457x64.png\",\"contentUrl\":\"https:\/\/georocfor.com\/wp-content\/uploads\/2024\/03\/georocfor_logo_457x64.png\",\"width\":457,\"height\":64,\"caption\":\"GeoRocFor\"},\"image\":{\"@id\":\"https:\/\/georocfor.com\/fr\/#\/schema\/logo\/image\/\"}}]}<\/script>\n<!-- \/ Yoast SEO plugin. -->","yoast_head_json":{"title":"Produits - GeoRocFor","description":"Produits GeoRocFor : solutions compl\u00e8tes de forage avec syst\u00e8mes de tubage \u00e0 l\u2019avancement, taillants, outils DTH, DR, t\u00eates de d\u00e9charge, etc.","robots":{"index":"index","follow":"follow","max-snippet":"max-snippet:-1","max-image-preview":"max-image-preview:large","max-video-preview":"max-video-preview:-1"},"canonical":"https:\/\/georocfor.com\/fr\/produits\/","og_locale":"fr_CA","og_type":"article","og_title":"Produits - GeoRocFor","og_description":"Produits GeoRocFor : solutions compl\u00e8tes de forage avec syst\u00e8mes de tubage \u00e0 l\u2019avancement, taillants, outils DTH, DR, t\u00eates de d\u00e9charge, etc.","og_url":"https:\/\/georocfor.com\/fr\/produits\/","og_site_name":"GeoRocFor","article_modified_time":"2026-01-27T19:54:38+00:00","og_image":[{"width":355,"height":200,"url":"https:\/\/georocfor.com\/wp-content\/uploads\/2025\/08\/georocfor_products_xs-gt3_200x355.jpg","type":"image\/jpeg"}],"twitter_card":"summary_large_image","twitter_misc":{"Estimation du temps de lecture":"3 minutes"},"schema":{"@context":"https:\/\/schema.org","@graph":[{"@type":"WebPage","@id":"https:\/\/georocfor.com\/fr\/produits\/","url":"https:\/\/georocfor.com\/fr\/produits\/","name":"Produits - GeoRocFor","isPartOf":{"@id":"https:\/\/georocfor.com\/fr\/#website"},"primaryImageOfPage":{"@id":"https:\/\/georocfor.com\/fr\/produits\/#primaryimage"},"image":{"@id":"https:\/\/georocfor.com\/fr\/produits\/#primaryimage"},"thumbnailUrl":"https:\/\/georocfor.com\/wp-content\/uploads\/2025\/08\/georocfor_products_xs-gt3_200x355.jpg","datePublished":"2017-07-31T16:46:27+00:00","dateModified":"2026-01-27T19:54:38+00:00","description":"Produits GeoRocFor : solutions compl\u00e8tes de forage avec syst\u00e8mes de tubage \u00e0 l\u2019avancement, taillants, outils DTH, DR, t\u00eates de d\u00e9charge, etc.","breadcrumb":{"@id":"https:\/\/georocfor.com\/fr\/produits\/#breadcrumb"},"inLanguage":"fr-CA","potentialAction":[{"@type":"ReadAction","target":["https:\/\/georocfor.com\/fr\/produits\/"]}]},{"@type":"ImageObject","inLanguage":"fr-CA","@id":"https:\/\/georocfor.com\/fr\/produits\/#primaryimage","url":"https:\/\/georocfor.com\/wp-content\/uploads\/2025\/08\/georocfor_products_xs-gt3_200x355.jpg","contentUrl":"https:\/\/georocfor.com\/wp-content\/uploads\/2025\/08\/georocfor_products_xs-gt3_200x355.jpg","width":355,"height":200,"caption":"Produits GeoRocFor - Air Master"},{"@type":"BreadcrumbList","@id":"https:\/\/georocfor.com\/fr\/produits\/#breadcrumb","itemListElement":[{"@type":"ListItem","position":1,"name":"Home","item":"https:\/\/georocfor.com\/fr\/"},{"@type":"ListItem","position":2,"name":"Produits"}]},{"@type":"WebSite","@id":"https:\/\/georocfor.com\/fr\/#website","url":"https:\/\/georocfor.com\/fr\/","name":"GeoRocFor","description":"","publisher":{"@id":"https:\/\/georocfor.com\/fr\/#organization"},"potentialAction":[{"@type":"SearchAction","target":{"@type":"EntryPoint","urlTemplate":"https:\/\/georocfor.com\/fr\/?s={search_term_string}"},"query-input":{"@type":"PropertyValueSpecification","valueRequired":true,"valueName":"search_term_string"}}],"inLanguage":"fr-CA"},{"@type":"Organization","@id":"https:\/\/georocfor.com\/fr\/#organization","name":"GeoRocFor","url":"https:\/\/georocfor.com\/fr\/","logo":{"@type":"ImageObject","inLanguage":"fr-CA","@id":"https:\/\/georocfor.com\/fr\/#\/schema\/logo\/image\/","url":"https:\/\/georocfor.com\/wp-content\/uploads\/2024\/03\/georocfor_logo_457x64.png","contentUrl":"https:\/\/georocfor.com\/wp-content\/uploads\/2024\/03\/georocfor_logo_457x64.png","width":457,"height":64,"caption":"GeoRocFor"},"image":{"@id":"https:\/\/georocfor.com\/fr\/#\/schema\/logo\/image\/"}}]}},"jetpack_sharing_enabled":true,"_links":{"self":[{"href":"https:\/\/georocfor.com\/fr\/wp-json\/wp\/v2\/pages\/995037","targetHints":{"allow":["GET"]}}],"collection":[{"href":"https:\/\/georocfor.com\/fr\/wp-json\/wp\/v2\/pages"}],"about":[{"href":"https:\/\/georocfor.com\/fr\/wp-json\/wp\/v2\/types\/page"}],"author":[{"embeddable":true,"href":"https:\/\/georocfor.com\/fr\/wp-json\/wp\/v2\/users\/1"}],"replies":[{"embeddable":true,"href":"https:\/\/georocfor.com\/fr\/wp-json\/wp\/v2\/comments?post=995037"}],"version-history":[{"count":5,"href":"https:\/\/georocfor.com\/fr\/wp-json\/wp\/v2\/pages\/995037\/revisions"}],"predecessor-version":[{"id":995783,"href":"https:\/\/georocfor.com\/fr\/wp-json\/wp\/v2\/pages\/995037\/revisions\/995783"}],"wp:featuredmedia":[{"embeddable":true,"href":"https:\/\/georocfor.com\/fr\/wp-json\/wp\/v2\/media\/994940"}],"wp:attachment":[{"href":"https:\/\/georocfor.com\/fr\/wp-json\/wp\/v2\/media?parent=995037"}],"curies":[{"name":"wp","href":"https:\/\/api.w.org\/{rel}","templated":true}]}}