{"id":995033,"date":"2017-07-31T13:05:22","date_gmt":"2017-07-31T17:05:22","guid":{"rendered":"https:\/\/georocfor.com\/about-us\/"},"modified":"2026-01-27T14:42:26","modified_gmt":"2026-01-27T19:42:26","slug":"a-propos","status":"publish","type":"page","link":"https:\/\/georocfor.com\/fr\/a-propos\/","title":{"rendered":"\u00c0 propos"},"content":{"rendered":"<div class=\"vgblk-rw-wrapper limit-wrapper\">\r\n<h3>Fabricant d&rsquo;outils de forage depuis 1985, G\u00e9oRocFor est reconnu comme le sp\u00e9cialiste des syst\u00e8mes de tubage \u00e0 l&rsquo;avancement pour terrain de recouvrement.<\/h3>\r\n<p><strong>Fond\u00e9e \u00e0 Sherbrooke, Qu\u00e9bec (CANADA) en 1985, G\u00e9oRocFor se sp\u00e9cialise dans la fabrication de produits de forage innovants con\u00e7us pour augmenter la productivit\u00e9 sur les chantiers.<\/strong><\/p>\r\n<h2>Am\u00e9liorer nos <strong>connaissances<\/strong><\/h2>\r\n<p>D\u00e9butant ses activit\u00e9s en tant que distributeur d&rsquo;accessoires de forage, l&rsquo;entreprise a rapidement amorc\u00e9 la fabrication de ses propres produits en 1989, en faisant l&rsquo;acquisition de son tout premier \u00e9quipement d&rsquo;usinage : un tour manuel.<\/p>\r\n<p>Au fil des ann\u00e9es, la compagnie n&rsquo;a cess\u00e9 de cro\u00eetre, ajoutant progressivement des machines de fabrication et enrichissant son expertise technique. G\u00e9oRocFor est ainsi devenue la premi\u00e8re entreprise canadienne de l&rsquo;histoire \u00e0 produire des taillants pour marteaux fond de trou. Au d\u00e9but des ann\u00e9es 2000, elle a con\u00e7u son tout premier syst\u00e8me de tubage \u00e0 l&rsquo;avancement pour mort-terrain, qui a rapidement connu un immense succ\u00e8s lors de son lancement au Canada, aux \u00c9tats-Unis et en Europe.<\/p>\r\n<p><img loading=\"lazy\" decoding=\"async\" title=\"georocfor_about-us_improving-knowledge_1200x800\" src=\"https:\/\/georocfor.com\/wp-content\/uploads\/2024\/10\/georocfor_about-us_improving-knowledge_1200x800.jpg\" sizes=\"auto, (max-width: 768px) 100vw, 100vw\" srcset=\"https:\/\/georocfor.com\/wp-content\/uploads\/2024\/10\/georocfor_about-us_improving-knowledge_1200x800.jpg 1200w, https:\/\/georocfor.com\/wp-content\/uploads\/2024\/10\/georocfor_about-us_improving-knowledge_1200x800-630x420.jpg 630w, https:\/\/georocfor.com\/wp-content\/uploads\/2024\/10\/georocfor_about-us_improving-knowledge_1200x800-300x200.jpg 300w, https:\/\/georocfor.com\/wp-content\/uploads\/2024\/10\/georocfor_about-us_improving-knowledge_1200x800-1024x683.jpg 1024w, https:\/\/georocfor.com\/wp-content\/uploads\/2024\/10\/georocfor_about-us_improving-knowledge_1200x800-768x512.jpg 768w, https:\/\/georocfor.com\/wp-content\/uploads\/2024\/10\/georocfor_about-us_improving-knowledge_1200x800-420x280.jpg 420w, https:\/\/georocfor.com\/wp-content\/uploads\/2024\/10\/georocfor_about-us_improving-knowledge_1200x800-840x560.jpg 840w, https:\/\/georocfor.com\/wp-content\/uploads\/2024\/10\/georocfor_about-us_improving-knowledge_1200x800-315x210.jpg 315w\" alt=\"georocfor_about-us_improving-knowledge_1200x800\" width=\"1200\" height=\"800\" \/><\/p>\r\n<p>Gr\u00e2ce \u00e0 sa proximit\u00e9 avec les utilisateurs, G\u00e9oRocFor a d\u00e9velopp\u00e9 plusieurs autres versions de ce syst\u00e8me. Chacune d&rsquo;elles est sp\u00e9cialement con\u00e7ue pour maximiser l&rsquo;efficacit\u00e9 du forage dans des domaines vari\u00e9s, tels que les puits art\u00e9siens, les fondations, les vo\u00fbtes parapluie ou encore l&rsquo;\u00e9nergie g\u00e9othermique. G\u00e9oRocFor est fi\u00e8re de constater qu&rsquo;aujourd&rsquo;hui, plusieurs de ses concurrents suivent \u00e9galement la voie des syst\u00e8mes \u00e0 versions multiples.<\/p>\r\n<h2>L&rsquo;entreprise propose <a href=\"https:\/\/georocfor.com\/fr\/produits\/systemes-de-tubage-a-lavancement\/\"><strong><br \/>9 syst\u00e8mes diff\u00e9rents<\/strong><\/a>, selon les travaux \u00e0 r\u00e9aliser.<\/h2>\r\n<p>En plus du syst\u00e8me Xs Drill, G\u00e9oRocFor fabrique \u00e9galement :<\/p>\r\n<h3>Taillants de forage<\/h3>\r\n<p>Taillants de forage standards et sp\u00e9cialis\u00e9s pour marteaux fond de trou (DTH), forage \u00e0 circulation inverse (RC) et<br \/>marteaux en t\u00eate. <a role=\"button\" href=\"https:\/\/georocfor.com\/fr\/produits\/taillants-de-forage-de-roche\/\" target=\"_self\"> En savoir plus <\/a><\/p>\r\n<h3>Forage Double Rotation<\/h3>\r\n<p>Couronnes et embouts de tubage \u00e0 double rotation.<\/p>\r\n<p><a role=\"button\" href=\"https:\/\/georocfor.com\/fr\/produits\/forage-double-rotation\/\" target=\"_self\"> En savoir plus <\/a><\/p>\r\n<h3>Outils de d\u00e9molition<\/h3>\r\n<p>Pour brise-roches mont\u00e9s sur \u00e9quipements lourds et\/ou sur fl\u00e8che.<\/p>\r\n<p><a role=\"button\" href=\"https:\/\/georocfor.com\/fr\/produits\/outils-de-demolition\/\" target=\"_self\"> En savoir plus <\/a><\/p>\r\n<h3>Produits connexes<\/h3>\r\n<p>Et autres produits associ\u00e9s.<\/p>\r\n<p><a role=\"button\" href=\"https:\/\/georocfor.com\/fr\/produits\/\" target=\"_self\"> En savoir plus <\/a><\/p>\r\n<h2>Produits<br \/><strong>Innovants<\/strong><\/h2>\r\n<p>G\u00e9oRocFor investit beaucoup de temps et d&rsquo;efforts dans le d\u00e9veloppement de nouveaux produits de forage ainsi que dans l&rsquo;am\u00e9lioration continue de ses produits existants. Gr\u00e2ce \u00e0 une \u00e9quipe interne d&rsquo;ing\u00e9nieurs et de techniciens en g\u00e9nie m\u00e9canique, l&rsquo;entreprise con\u00e7oit, d\u00e9veloppe et perfectionne ses produits innovants. L&rsquo;\u00e9quipe fait \u00e9galement appel \u00e0 divers partenaires sp\u00e9cialis\u00e9s pour enrichir son expertise, notamment plusieurs universit\u00e9s au Qu\u00e9bec.<\/p>\r\n<p>L&rsquo;entreprise d\u00e9tient plusieurs brevets au Canada, aux \u00c9tats-Unis ainsi qu&rsquo;en Europe. De plus, des demandes de brevets sont actuellement en cours de d\u00e9p\u00f4t et d&rsquo;\u00e9tude pour l&rsquo;Asie.<\/p>\r\n<p>La proximit\u00e9 avec les utilisateurs est l&rsquo;une des valeurs fondamentales de l&rsquo;entreprise. Notre objectif est de pouvoir proposer et adapter des syst\u00e8mes en fonction des travaux \u00e0 r\u00e9aliser.<\/p>\r\n<h2>Notre<br \/><strong>\u00e9quipe<\/strong><\/h2>\r\n<p><img loading=\"lazy\" decoding=\"async\" title=\"georocfor_about-us_luc-charland_1200x1200\" src=\"https:\/\/georocfor.com\/wp-content\/uploads\/2025\/04\/georocfor_about-us_luc-charland_1200x1200.jpg\" sizes=\"auto, (max-width: 768px) 100vw, 100vw\" srcset=\"https:\/\/georocfor.com\/wp-content\/uploads\/2025\/04\/georocfor_about-us_luc-charland_1200x1200.jpg 1200w, https:\/\/georocfor.com\/wp-content\/uploads\/2025\/04\/georocfor_about-us_luc-charland_1200x1200-315x315.jpg 315w, https:\/\/georocfor.com\/wp-content\/uploads\/2025\/04\/georocfor_about-us_luc-charland_1200x1200-100x100.jpg 100w, https:\/\/georocfor.com\/wp-content\/uploads\/2025\/04\/georocfor_about-us_luc-charland_1200x1200-630x630.jpg 630w, https:\/\/georocfor.com\/wp-content\/uploads\/2025\/04\/georocfor_about-us_luc-charland_1200x1200-300x300.jpg 300w, https:\/\/georocfor.com\/wp-content\/uploads\/2025\/04\/georocfor_about-us_luc-charland_1200x1200-1024x1024.jpg 1024w, https:\/\/georocfor.com\/wp-content\/uploads\/2025\/04\/georocfor_about-us_luc-charland_1200x1200-150x150.jpg 150w, https:\/\/georocfor.com\/wp-content\/uploads\/2025\/04\/georocfor_about-us_luc-charland_1200x1200-768x768.jpg 768w, https:\/\/georocfor.com\/wp-content\/uploads\/2025\/04\/georocfor_about-us_luc-charland_1200x1200-420x420.jpg 420w, https:\/\/georocfor.com\/wp-content\/uploads\/2025\/04\/georocfor_about-us_luc-charland_1200x1200-840x840.jpg 840w\" alt=\"georocfor_about-us_luc-charland_1200x1200\" width=\"1200\" height=\"1200\" \/><\/p>\r\n<h4>Luc Charland, Pr\u00e9sident<\/h4>\r\n<p><a href=\"mailto:luc@georocfor.com\">luc@georocfor.com<\/a><\/p>\r\n<p><img loading=\"lazy\" decoding=\"async\" title=\"georocfor_about-us_stephane-vaillancourt_1200x1200\" src=\"https:\/\/georocfor.com\/wp-content\/uploads\/2025\/04\/georocfor_about-us_stephane-vaillancourt_1200x1200.jpg\" sizes=\"auto, (max-width: 768px) 100vw, 100vw\" srcset=\"https:\/\/georocfor.com\/wp-content\/uploads\/2025\/04\/georocfor_about-us_stephane-vaillancourt_1200x1200.jpg 1200w, https:\/\/georocfor.com\/wp-content\/uploads\/2025\/04\/georocfor_about-us_stephane-vaillancourt_1200x1200-315x315.jpg 315w, https:\/\/georocfor.com\/wp-content\/uploads\/2025\/04\/georocfor_about-us_stephane-vaillancourt_1200x1200-100x100.jpg 100w, https:\/\/georocfor.com\/wp-content\/uploads\/2025\/04\/georocfor_about-us_stephane-vaillancourt_1200x1200-630x630.jpg 630w, https:\/\/georocfor.com\/wp-content\/uploads\/2025\/04\/georocfor_about-us_stephane-vaillancourt_1200x1200-300x300.jpg 300w, https:\/\/georocfor.com\/wp-content\/uploads\/2025\/04\/georocfor_about-us_stephane-vaillancourt_1200x1200-1024x1024.jpg 1024w, https:\/\/georocfor.com\/wp-content\/uploads\/2025\/04\/georocfor_about-us_stephane-vaillancourt_1200x1200-150x150.jpg 150w, https:\/\/georocfor.com\/wp-content\/uploads\/2025\/04\/georocfor_about-us_stephane-vaillancourt_1200x1200-768x768.jpg 768w, https:\/\/georocfor.com\/wp-content\/uploads\/2025\/04\/georocfor_about-us_stephane-vaillancourt_1200x1200-420x420.jpg 420w, https:\/\/georocfor.com\/wp-content\/uploads\/2025\/04\/georocfor_about-us_stephane-vaillancourt_1200x1200-840x840.jpg 840w\" alt=\"georocfor_about-us_stephane-vaillancourt_1200x1200\" width=\"1200\" height=\"1200\" \/><\/p>\r\n<h4>Stephane Vaillancourt, Directeur des ventes<\/h4>\r\n<p><a href=\"mailto:info@georocfor.com\">info@georocfor.com<\/a><\/p>\r\n<p><img loading=\"lazy\" decoding=\"async\" title=\"georocfor_about-us_david-theberge_1200x1200\" src=\"https:\/\/georocfor.com\/wp-content\/uploads\/2025\/04\/georocfor_about-us_david-theberge_1200x1200.jpg\" sizes=\"auto, (max-width: 768px) 100vw, 100vw\" srcset=\"https:\/\/georocfor.com\/wp-content\/uploads\/2025\/04\/georocfor_about-us_david-theberge_1200x1200.jpg 1200w, https:\/\/georocfor.com\/wp-content\/uploads\/2025\/04\/georocfor_about-us_david-theberge_1200x1200-315x315.jpg 315w, https:\/\/georocfor.com\/wp-content\/uploads\/2025\/04\/georocfor_about-us_david-theberge_1200x1200-100x100.jpg 100w, https:\/\/georocfor.com\/wp-content\/uploads\/2025\/04\/georocfor_about-us_david-theberge_1200x1200-630x630.jpg 630w, https:\/\/georocfor.com\/wp-content\/uploads\/2025\/04\/georocfor_about-us_david-theberge_1200x1200-300x300.jpg 300w, https:\/\/georocfor.com\/wp-content\/uploads\/2025\/04\/georocfor_about-us_david-theberge_1200x1200-1024x1024.jpg 1024w, https:\/\/georocfor.com\/wp-content\/uploads\/2025\/04\/georocfor_about-us_david-theberge_1200x1200-150x150.jpg 150w, https:\/\/georocfor.com\/wp-content\/uploads\/2025\/04\/georocfor_about-us_david-theberge_1200x1200-768x768.jpg 768w, https:\/\/georocfor.com\/wp-content\/uploads\/2025\/04\/georocfor_about-us_david-theberge_1200x1200-420x420.jpg 420w, https:\/\/georocfor.com\/wp-content\/uploads\/2025\/04\/georocfor_about-us_david-theberge_1200x1200-840x840.jpg 840w\" alt=\"georocfor_about-us_david-theberge_1200x1200\" width=\"1200\" height=\"1200\" \/><\/p>\r\n<h4>David Th\u00e9berge, Eng. Directeur de produit<\/h4>\r\n<p><a href=\"mailto:david@georocfor.com\">david@georocfor.com<\/a><\/p>\r\n<h4>Louis-Rock Gagnon, D\u00e9veloppement des affaires &#8211; Canada<\/h4>\r\n<p><a href=\"mailto:lrgagnon@georocfor.com\">lrgagnon@georocfor.com<\/a><\/p>\r\n<h4>Jeffrey Foraker, D\u00e9veloppement des affaires &#8211; USA<\/h4>\r\n<p><a href=\"mailto:jforaker@georocfor.com\">jforaker@georocfor.com<\/a><\/p>\r\n<\/div><!-- .vgblk-rw-wrapper -->","protected":false},"excerpt":{"rendered":"<p>Fabricant d&rsquo;outils de forage depuis 1985, G\u00e9oRocFor est reconnu comme le sp\u00e9cialiste des syst\u00e8mes de tubage \u00e0 l&rsquo;avancement pour terrain de recouvrement. Fond\u00e9e \u00e0 Sherbrooke, Qu\u00e9bec (CANADA) en 1985, G\u00e9oRocFor se sp\u00e9cialise dans la fabrication de produits de forage innovants con\u00e7us pour augmenter la productivit\u00e9 sur les chantiers. Am\u00e9liorer nos connaissances D\u00e9butant ses activit\u00e9s en&#8230;<\/p>\n","protected":false},"author":1,"featured_media":988349,"parent":0,"menu_order":0,"comment_status":"closed","ping_status":"closed","template":"","meta":{"_acf_changed":false,"inline_featured_image":false,"_monsterinsights_skip_tracking":false,"_monsterinsights_sitenote_active":false,"_monsterinsights_sitenote_note":"","_monsterinsights_sitenote_category":0,"footnotes":""},"class_list":["post-995033","page","type-page","status-publish","has-post-thumbnail","hentry"],"acf":[],"yoast_head":"<!-- This site is optimized with the Yoast SEO plugin v26.8 - https:\/\/yoast.com\/product\/yoast-seo-wordpress\/ -->\n<title>\u00c0 propos - GeoRocFor<\/title>\n<meta name=\"description\" content=\"GeoRocFor est sp\u00e9cialiste des syst\u00e8mes de tubage \u00e0 l\u2019avancement et produits de forage haute performance.\" \/>\n<meta name=\"robots\" content=\"index, follow, max-snippet:-1, max-image-preview:large, max-video-preview:-1\" \/>\n<link rel=\"canonical\" href=\"https:\/\/georocfor.com\/fr\/a-propos\/\" \/>\n<meta property=\"og:locale\" content=\"fr_CA\" \/>\n<meta property=\"og:type\" content=\"article\" \/>\n<meta property=\"og:title\" content=\"\u00c0 propos - GeoRocFor\" \/>\n<meta property=\"og:description\" content=\"GeoRocFor est sp\u00e9cialiste des syst\u00e8mes de tubage \u00e0 l\u2019avancement et produits de forage haute performance.\" \/>\n<meta property=\"og:url\" content=\"https:\/\/georocfor.com\/fr\/a-propos\/\" \/>\n<meta property=\"og:site_name\" content=\"GeoRocFor\" \/>\n<meta property=\"article:modified_time\" content=\"2026-01-27T19:42:26+00:00\" \/>\n<meta property=\"og:image\" content=\"https:\/\/georocfor.com\/wp-content\/uploads\/2024\/03\/georocfor_about-us_1200x800-2.jpg\" \/>\n\t<meta property=\"og:image:width\" content=\"1200\" \/>\n\t<meta property=\"og:image:height\" content=\"800\" \/>\n\t<meta property=\"og:image:type\" content=\"image\/jpeg\" \/>\n<meta name=\"twitter:card\" content=\"summary_large_image\" \/>\n<meta name=\"twitter:label1\" content=\"Estimation du temps de lecture\" \/>\n\t<meta name=\"twitter:data1\" content=\"3 minutes\" \/>\n<script type=\"application\/ld+json\" class=\"yoast-schema-graph\">{\"@context\":\"https:\/\/schema.org\",\"@graph\":[{\"@type\":\"WebPage\",\"@id\":\"https:\/\/georocfor.com\/fr\/a-propos\/\",\"url\":\"https:\/\/georocfor.com\/fr\/a-propos\/\",\"name\":\"\u00c0 propos - GeoRocFor\",\"isPartOf\":{\"@id\":\"https:\/\/georocfor.com\/fr\/#website\"},\"primaryImageOfPage\":{\"@id\":\"https:\/\/georocfor.com\/fr\/a-propos\/#primaryimage\"},\"image\":{\"@id\":\"https:\/\/georocfor.com\/fr\/a-propos\/#primaryimage\"},\"thumbnailUrl\":\"https:\/\/georocfor.com\/wp-content\/uploads\/2024\/03\/georocfor_about-us_1200x800.jpg\",\"datePublished\":\"2017-07-31T17:05:22+00:00\",\"dateModified\":\"2026-01-27T19:42:26+00:00\",\"description\":\"GeoRocFor est sp\u00e9cialiste des syst\u00e8mes de tubage \u00e0 l\u2019avancement et produits de forage haute performance.\",\"breadcrumb\":{\"@id\":\"https:\/\/georocfor.com\/fr\/a-propos\/#breadcrumb\"},\"inLanguage\":\"fr-CA\",\"potentialAction\":[{\"@type\":\"ReadAction\",\"target\":[\"https:\/\/georocfor.com\/fr\/a-propos\/\"]}]},{\"@type\":\"ImageObject\",\"inLanguage\":\"fr-CA\",\"@id\":\"https:\/\/georocfor.com\/fr\/a-propos\/#primaryimage\",\"url\":\"https:\/\/georocfor.com\/wp-content\/uploads\/2024\/03\/georocfor_about-us_1200x800.jpg\",\"contentUrl\":\"https:\/\/georocfor.com\/wp-content\/uploads\/2024\/03\/georocfor_about-us_1200x800.jpg\",\"width\":600,\"height\":400,\"caption\":\"Des op\u00e9rateurs de forage effectuent des trous dans une paroi rocheuse.\"},{\"@type\":\"BreadcrumbList\",\"@id\":\"https:\/\/georocfor.com\/fr\/a-propos\/#breadcrumb\",\"itemListElement\":[{\"@type\":\"ListItem\",\"position\":1,\"name\":\"Home\",\"item\":\"https:\/\/georocfor.com\/fr\/\"},{\"@type\":\"ListItem\",\"position\":2,\"name\":\"\u00c0 propos\"}]},{\"@type\":\"WebSite\",\"@id\":\"https:\/\/georocfor.com\/fr\/#website\",\"url\":\"https:\/\/georocfor.com\/fr\/\",\"name\":\"GeoRocFor\",\"description\":\"\",\"publisher\":{\"@id\":\"https:\/\/georocfor.com\/fr\/#organization\"},\"potentialAction\":[{\"@type\":\"SearchAction\",\"target\":{\"@type\":\"EntryPoint\",\"urlTemplate\":\"https:\/\/georocfor.com\/fr\/?s={search_term_string}\"},\"query-input\":{\"@type\":\"PropertyValueSpecification\",\"valueRequired\":true,\"valueName\":\"search_term_string\"}}],\"inLanguage\":\"fr-CA\"},{\"@type\":\"Organization\",\"@id\":\"https:\/\/georocfor.com\/fr\/#organization\",\"name\":\"GeoRocFor\",\"url\":\"https:\/\/georocfor.com\/fr\/\",\"logo\":{\"@type\":\"ImageObject\",\"inLanguage\":\"fr-CA\",\"@id\":\"https:\/\/georocfor.com\/fr\/#\/schema\/logo\/image\/\",\"url\":\"https:\/\/georocfor.com\/wp-content\/uploads\/2024\/03\/georocfor_logo_457x64.png\",\"contentUrl\":\"https:\/\/georocfor.com\/wp-content\/uploads\/2024\/03\/georocfor_logo_457x64.png\",\"width\":457,\"height\":64,\"caption\":\"GeoRocFor\"},\"image\":{\"@id\":\"https:\/\/georocfor.com\/fr\/#\/schema\/logo\/image\/\"}}]}<\/script>\n<!-- \/ Yoast SEO plugin. -->","yoast_head_json":{"title":"\u00c0 propos - GeoRocFor","description":"GeoRocFor est sp\u00e9cialiste des syst\u00e8mes de tubage \u00e0 l\u2019avancement et produits de forage haute performance.","robots":{"index":"index","follow":"follow","max-snippet":"max-snippet:-1","max-image-preview":"max-image-preview:large","max-video-preview":"max-video-preview:-1"},"canonical":"https:\/\/georocfor.com\/fr\/a-propos\/","og_locale":"fr_CA","og_type":"article","og_title":"\u00c0 propos - GeoRocFor","og_description":"GeoRocFor est sp\u00e9cialiste des syst\u00e8mes de tubage \u00e0 l\u2019avancement et produits de forage haute performance.","og_url":"https:\/\/georocfor.com\/fr\/a-propos\/","og_site_name":"GeoRocFor","article_modified_time":"2026-01-27T19:42:26+00:00","og_image":[{"width":1200,"height":800,"url":"https:\/\/georocfor.com\/wp-content\/uploads\/2024\/03\/georocfor_about-us_1200x800-2.jpg","type":"image\/jpeg"}],"twitter_card":"summary_large_image","twitter_misc":{"Estimation du temps de lecture":"3 minutes"},"schema":{"@context":"https:\/\/schema.org","@graph":[{"@type":"WebPage","@id":"https:\/\/georocfor.com\/fr\/a-propos\/","url":"https:\/\/georocfor.com\/fr\/a-propos\/","name":"\u00c0 propos - GeoRocFor","isPartOf":{"@id":"https:\/\/georocfor.com\/fr\/#website"},"primaryImageOfPage":{"@id":"https:\/\/georocfor.com\/fr\/a-propos\/#primaryimage"},"image":{"@id":"https:\/\/georocfor.com\/fr\/a-propos\/#primaryimage"},"thumbnailUrl":"https:\/\/georocfor.com\/wp-content\/uploads\/2024\/03\/georocfor_about-us_1200x800.jpg","datePublished":"2017-07-31T17:05:22+00:00","dateModified":"2026-01-27T19:42:26+00:00","description":"GeoRocFor est sp\u00e9cialiste des syst\u00e8mes de tubage \u00e0 l\u2019avancement et produits de forage haute performance.","breadcrumb":{"@id":"https:\/\/georocfor.com\/fr\/a-propos\/#breadcrumb"},"inLanguage":"fr-CA","potentialAction":[{"@type":"ReadAction","target":["https:\/\/georocfor.com\/fr\/a-propos\/"]}]},{"@type":"ImageObject","inLanguage":"fr-CA","@id":"https:\/\/georocfor.com\/fr\/a-propos\/#primaryimage","url":"https:\/\/georocfor.com\/wp-content\/uploads\/2024\/03\/georocfor_about-us_1200x800.jpg","contentUrl":"https:\/\/georocfor.com\/wp-content\/uploads\/2024\/03\/georocfor_about-us_1200x800.jpg","width":600,"height":400,"caption":"Des op\u00e9rateurs de forage effectuent des trous dans une paroi rocheuse."},{"@type":"BreadcrumbList","@id":"https:\/\/georocfor.com\/fr\/a-propos\/#breadcrumb","itemListElement":[{"@type":"ListItem","position":1,"name":"Home","item":"https:\/\/georocfor.com\/fr\/"},{"@type":"ListItem","position":2,"name":"\u00c0 propos"}]},{"@type":"WebSite","@id":"https:\/\/georocfor.com\/fr\/#website","url":"https:\/\/georocfor.com\/fr\/","name":"GeoRocFor","description":"","publisher":{"@id":"https:\/\/georocfor.com\/fr\/#organization"},"potentialAction":[{"@type":"SearchAction","target":{"@type":"EntryPoint","urlTemplate":"https:\/\/georocfor.com\/fr\/?s={search_term_string}"},"query-input":{"@type":"PropertyValueSpecification","valueRequired":true,"valueName":"search_term_string"}}],"inLanguage":"fr-CA"},{"@type":"Organization","@id":"https:\/\/georocfor.com\/fr\/#organization","name":"GeoRocFor","url":"https:\/\/georocfor.com\/fr\/","logo":{"@type":"ImageObject","inLanguage":"fr-CA","@id":"https:\/\/georocfor.com\/fr\/#\/schema\/logo\/image\/","url":"https:\/\/georocfor.com\/wp-content\/uploads\/2024\/03\/georocfor_logo_457x64.png","contentUrl":"https:\/\/georocfor.com\/wp-content\/uploads\/2024\/03\/georocfor_logo_457x64.png","width":457,"height":64,"caption":"GeoRocFor"},"image":{"@id":"https:\/\/georocfor.com\/fr\/#\/schema\/logo\/image\/"}}]}},"jetpack_sharing_enabled":true,"_links":{"self":[{"href":"https:\/\/georocfor.com\/fr\/wp-json\/wp\/v2\/pages\/995033","targetHints":{"allow":["GET"]}}],"collection":[{"href":"https:\/\/georocfor.com\/fr\/wp-json\/wp\/v2\/pages"}],"about":[{"href":"https:\/\/georocfor.com\/fr\/wp-json\/wp\/v2\/types\/page"}],"author":[{"embeddable":true,"href":"https:\/\/georocfor.com\/fr\/wp-json\/wp\/v2\/users\/1"}],"replies":[{"embeddable":true,"href":"https:\/\/georocfor.com\/fr\/wp-json\/wp\/v2\/comments?post=995033"}],"version-history":[{"count":7,"href":"https:\/\/georocfor.com\/fr\/wp-json\/wp\/v2\/pages\/995033\/revisions"}],"predecessor-version":[{"id":995885,"href":"https:\/\/georocfor.com\/fr\/wp-json\/wp\/v2\/pages\/995033\/revisions\/995885"}],"wp:featuredmedia":[{"embeddable":true,"href":"https:\/\/georocfor.com\/fr\/wp-json\/wp\/v2\/media\/988349"}],"wp:attachment":[{"href":"https:\/\/georocfor.com\/fr\/wp-json\/wp\/v2\/media?parent=995033"}],"curies":[{"name":"wp","href":"https:\/\/api.w.org\/{rel}","templated":true}]}}