{"id":995028,"date":"2017-04-12T17:55:35","date_gmt":"2017-04-12T21:55:35","guid":{"rendered":"https:\/\/georocfor.com\/home-modern\/"},"modified":"2026-01-27T14:43:00","modified_gmt":"2026-01-27T19:43:00","slug":"home-modern","status":"publish","type":"page","link":"https:\/\/georocfor.com\/fr\/","title":{"rendered":"Accueil"},"content":{"rendered":"<div class=\"vgblk-rw-wrapper limit-wrapper\">\r\n<h3>35 +<\/h3>\r\n<h4><strong>ANN\u00c9ES<\/strong><br \/>d&rsquo;expertise<\/h4>\r\n<h3>1200 +<\/h3>\r\n<h4><strong>CLIENTS<\/strong><br \/>satisfaits<\/h4>\r\n<h3>1 000 +<\/h3>\r\n<h4><strong>PROJETS<\/strong><br \/>\u00e0 travers le monde<\/h4>\r\n<h2>NOS PRODUITS<\/h2>\r\n<p>QUALIT\u00c9. RAPIDIT\u00c9. PERFORMANCE.<br \/>Nos produits sont fabriqu\u00e9s selon les normes les plus strictes de l&rsquo;industrie.<\/p>\r\n<h3>Syst\u00e8mes de tubage<\/h3>\r\n<p>Ces syst\u00e8mes brevet\u00e9s de tubage \u00e0 l&rsquo;avancement : de plus en plus populaires.<\/p>\r\n<p><a role=\"button\" href=\"https:\/\/georocfor.com\/fr\/produits\/systemes-de-tubage-a-lavancement\/\" target=\"_self\"> En savoir plus <\/a><\/p>\r\n<h3>Filets sur tubage<\/h3>\r\n<p>GeoRocFor con\u00e7oit et fabrique des tubages filet\u00e9s pour des applications en fondations et travaux de g\u00e9nie civil.<\/p>\r\n<p><a role=\"button\" href=\"https:\/\/georocfor.com\/fr\/produits\/tubage-filete\/\" target=\"_self\"> En savoir plus <\/a><\/p>\r\n<h3>Taillants de forage<\/h3>\r\n<p>GeoRocFor fabrique des taillants de forage pour DTH et marteaux hors trou, con\u00e7us sur mesure pour r\u00e9pondre \u00e0 vos<br \/>besoins. <a role=\"button\" href=\"https:\/\/georocfor.com\/fr\/produits\/taillants-de-forage-de-roche\/\" target=\"_self\"> En savoir plus <\/a><\/p>\r\n<h3>Double rotation<\/h3>\r\n<p>Optimisez vos op\u00e9rations \u00e0 double rotation gr\u00e2ce \u00e0 notre outillage de haute performance &#8211; con\u00e7ues pour la pr\u00e9cision,<br \/>faites pour durer. <a role=\"button\" href=\"https:\/\/georocfor.com\/fr\/produits\/forage-double-rotation\/\" target=\"_self\"> En savoir plus <\/a><\/p>\r\n<h3>T\u00eates de d\u00e9chargement<\/h3>\r\n<p>Une t\u00eate de d\u00e9chargement permet d&rsquo;acheminer les d\u00e9bris en lieu s\u00fbr, lors de l&rsquo;utilisation de nos syst\u00e8mes de forage.<\/p>\r\n<p><a role=\"button\" href=\"https:\/\/georocfor.com\/fr\/produits\/tete-de-decharge\/\" target=\"_self\"> En savoir plus <\/a><\/p>\r\n<h3>Outils de d\u00e9molition<\/h3>\r\n<p>Pour brise-roches mont\u00e9s sur \u00e9quipements lourds et\/ou sur fl\u00e8che.<\/p>\r\n<p><a role=\"button\" href=\"https:\/\/georocfor.com\/fr\/produits\/outils-de-demolition\/\" target=\"_self\"> En savoir plus <\/a><\/p>\r\n<h2>\u00c0 PROPOS<\/h2>\r\n<p>Solide comme le ROC.<\/p>\r\n<h2>Fabricant<br \/><strong> d&rsquo;outils de forage<\/strong><\/h2>\r\n<p>Fabricant d&rsquo;outils de forage depuis 1985, G\u00e9oRocFor est reconnu mondialement comme le sp\u00e9cialiste des syst\u00e8mes de tubage \u00e0 l&rsquo;avancement.<\/p>\r\n<p>Seul fabricant autoris\u00e9 du syst\u00e8me brevet\u00e9 Xs drill pour terrains de recouvrement, un concept innovant permettant de forer et de tuber un puits simultan\u00e9ment gr\u00e2ce \u00e0 un design concentrique.<\/p>\r\n<p><a role=\"button\" href=\"https:\/\/georocfor.com\/fr\/a-propos\/\" target=\"_self\"> En savoir plus <\/a> <img loading=\"lazy\" decoding=\"async\" title=\"georocfor_acc_a-propos-drilling_1200x800\" src=\"https:\/\/georocfor.com\/wp-content\/uploads\/2024\/03\/georocfor_acc_a-propos-drilling_1200x800.jpg\" sizes=\"auto, (max-width: 768px) 100vw, 100vw\" srcset=\"https:\/\/georocfor.com\/wp-content\/uploads\/2024\/03\/georocfor_acc_a-propos-drilling_1200x800.jpg 1200w, https:\/\/georocfor.com\/wp-content\/uploads\/2024\/03\/georocfor_acc_a-propos-drilling_1200x800-630x420.jpg 630w, https:\/\/georocfor.com\/wp-content\/uploads\/2024\/03\/georocfor_acc_a-propos-drilling_1200x800-300x200.jpg 300w, https:\/\/georocfor.com\/wp-content\/uploads\/2024\/03\/georocfor_acc_a-propos-drilling_1200x800-1024x683.jpg 1024w, https:\/\/georocfor.com\/wp-content\/uploads\/2024\/03\/georocfor_acc_a-propos-drilling_1200x800-768x512.jpg 768w, https:\/\/georocfor.com\/wp-content\/uploads\/2024\/03\/georocfor_acc_a-propos-drilling_1200x800-420x280.jpg 420w, https:\/\/georocfor.com\/wp-content\/uploads\/2024\/03\/georocfor_acc_a-propos-drilling_1200x800-840x560.jpg 840w, https:\/\/georocfor.com\/wp-content\/uploads\/2024\/03\/georocfor_acc_a-propos-drilling_1200x800-315x210.jpg 315w\" alt=\"georocfor_acc_a-propos-drilling_1200x800\" width=\"1200\" height=\"800\" \/><\/p>\r\n<h2>Rejoindre <b>l&rsquo;\u00e9quipe<\/b><\/h2>\r\n<p><a role=\"button\" href=\"https:\/\/georocfor.com\/fr\/carriere\/\" target=\"_self\"> Appliquer <\/a><\/p>\r\n<h2>NOUVELLES<\/h2>\r\n<p><a role=\"button\" href=\"https:\/\/georocfor.com\/fr\/nouvelles\/\" target=\"_self\"> En savoir plus <\/a><\/p>\r\n<h3><a title=\"Bureau\" href=\"https:\/\/georocfor.com\/fr\/contact\/\" target=\"_self\"> Bureau <\/a><\/h3>\r\n<p>165 Joseph-Robertson<br \/>Sherbrooke, Quebec, J1L 2W7<\/p>\r\n<h3><a title=\"Nous contacter\" href=\"https:\/\/georocfor.com\/fr\/contact\/\" target=\"_self\"> Nous contacter <\/a><\/h3>\r\n<p>819 569.4207<\/p>\r\n<p><a role=\"button\" href=\"https:\/\/georocfor.com\/fr\/contact\/\" target=\"_self\"> Contactez-nous <\/a><\/p>\r\n<h3><a title=\"Support\" href=\"https:\/\/georocfor.com\/fr\/contact\/\" target=\"_self\"> Support <\/a><\/h3>\r\n<p>Learn more about us and find resources that will help you with all of our products<\/p>\r\n<\/div><!-- .vgblk-rw-wrapper -->","protected":false},"excerpt":{"rendered":"<p>35 + ANN\u00c9ESd&rsquo;expertise 1200 + CLIENTSsatisfaits 1 000 + PROJETS\u00e0 travers le monde NOS PRODUITS QUALIT\u00c9. RAPIDIT\u00c9. PERFORMANCE.Nos produits sont fabriqu\u00e9s selon les normes les plus strictes de l&rsquo;industrie. Syst\u00e8mes de tubage Ces syst\u00e8mes brevet\u00e9s de tubage \u00e0 l&rsquo;avancement : de plus en plus populaires. En savoir plus Filets sur tubage GeoRocFor con\u00e7oit et fabrique&#8230;<\/p>\n","protected":false},"author":1,"featured_media":992459,"parent":0,"menu_order":0,"comment_status":"closed","ping_status":"closed","template":"","meta":{"_acf_changed":false,"inline_featured_image":false,"_monsterinsights_skip_tracking":false,"_monsterinsights_sitenote_active":false,"_monsterinsights_sitenote_note":"","_monsterinsights_sitenote_category":0,"footnotes":""},"class_list":["post-995028","page","type-page","status-publish","has-post-thumbnail","hentry"],"acf":[],"yoast_head":"<!-- This site is optimized with the Yoast SEO plugin v26.8 - https:\/\/yoast.com\/product\/yoast-seo-wordpress\/ -->\n<title>GeoRocFor<\/title>\n<meta name=\"description\" content=\"GeoRocFor con\u00e7oit et fabrique syst\u00e8mes de tubage, tr\u00e9pans et accessoires robustes pour fondations, puits, g\u00e9othermie et g\u00e9nie civil.\" \/>\n<meta name=\"robots\" content=\"index, follow, max-snippet:-1, max-image-preview:large, max-video-preview:-1\" \/>\n<link rel=\"canonical\" href=\"https:\/\/georocfor.com\/fr\/\" \/>\n<meta property=\"og:locale\" content=\"fr_CA\" \/>\n<meta property=\"og:type\" content=\"article\" \/>\n<meta property=\"og:title\" content=\"GeoRocFor\" \/>\n<meta property=\"og:description\" content=\"GeoRocFor con\u00e7oit et fabrique syst\u00e8mes de tubage, tr\u00e9pans et accessoires robustes pour fondations, puits, g\u00e9othermie et g\u00e9nie civil.\" \/>\n<meta property=\"og:url\" content=\"https:\/\/georocfor.com\/fr\/\" \/>\n<meta property=\"og:site_name\" content=\"GeoRocFor\" \/>\n<meta property=\"article:modified_time\" content=\"2026-01-27T19:43:00+00:00\" \/>\n<meta property=\"og:image\" content=\"https:\/\/georocfor.com\/wp-content\/uploads\/2024\/10\/georocfor_acc-slider2_background_1440x862-1.jpg\" \/>\n\t<meta property=\"og:image:width\" content=\"1440\" \/>\n\t<meta property=\"og:image:height\" content=\"862\" \/>\n\t<meta property=\"og:image:type\" content=\"image\/jpeg\" \/>\n<meta name=\"twitter:card\" content=\"summary_large_image\" \/>\n<meta name=\"twitter:label1\" content=\"Estimation du temps de lecture\" \/>\n\t<meta name=\"twitter:data1\" content=\"5 minutes\" \/>\n<script type=\"application\/ld+json\" class=\"yoast-schema-graph\">{\"@context\":\"https:\/\/schema.org\",\"@graph\":[{\"@type\":\"WebPage\",\"@id\":\"https:\/\/georocfor.com\/fr\/\",\"url\":\"https:\/\/georocfor.com\/fr\/\",\"name\":\"GeoRocFor\",\"isPartOf\":{\"@id\":\"https:\/\/georocfor.com\/fr\/#website\"},\"primaryImageOfPage\":{\"@id\":\"https:\/\/georocfor.com\/fr\/#primaryimage\"},\"image\":{\"@id\":\"https:\/\/georocfor.com\/fr\/#primaryimage\"},\"thumbnailUrl\":\"https:\/\/georocfor.com\/wp-content\/uploads\/2024\/10\/georocfor_acc-slider2_background_1440x862-1.jpg\",\"datePublished\":\"2017-04-12T21:55:35+00:00\",\"dateModified\":\"2026-01-27T19:43:00+00:00\",\"description\":\"GeoRocFor con\u00e7oit et fabrique syst\u00e8mes de tubage, tr\u00e9pans et accessoires robustes pour fondations, puits, g\u00e9othermie et g\u00e9nie civil.\",\"breadcrumb\":{\"@id\":\"https:\/\/georocfor.com\/fr\/#breadcrumb\"},\"inLanguage\":\"fr-CA\",\"potentialAction\":[{\"@type\":\"ReadAction\",\"target\":[\"https:\/\/georocfor.com\/fr\/\"]}]},{\"@type\":\"ImageObject\",\"inLanguage\":\"fr-CA\",\"@id\":\"https:\/\/georocfor.com\/fr\/#primaryimage\",\"url\":\"https:\/\/georocfor.com\/wp-content\/uploads\/2024\/10\/georocfor_acc-slider2_background_1440x862-1.jpg\",\"contentUrl\":\"https:\/\/georocfor.com\/wp-content\/uploads\/2024\/10\/georocfor_acc-slider2_background_1440x862-1.jpg\",\"width\":1440,\"height\":862,\"caption\":\"GeoRocFor - Traverser les conditions les plus difficiles\"},{\"@type\":\"BreadcrumbList\",\"@id\":\"https:\/\/georocfor.com\/fr\/#breadcrumb\",\"itemListElement\":[{\"@type\":\"ListItem\",\"position\":1,\"name\":\"Home\",\"item\":\"https:\/\/georocfor.com\/fr\/\"},{\"@type\":\"ListItem\",\"position\":2,\"name\":\"Accueil\"}]},{\"@type\":\"WebSite\",\"@id\":\"https:\/\/georocfor.com\/fr\/#website\",\"url\":\"https:\/\/georocfor.com\/fr\/\",\"name\":\"GeoRocFor\",\"description\":\"\",\"publisher\":{\"@id\":\"https:\/\/georocfor.com\/fr\/#organization\"},\"potentialAction\":[{\"@type\":\"SearchAction\",\"target\":{\"@type\":\"EntryPoint\",\"urlTemplate\":\"https:\/\/georocfor.com\/fr\/?s={search_term_string}\"},\"query-input\":{\"@type\":\"PropertyValueSpecification\",\"valueRequired\":true,\"valueName\":\"search_term_string\"}}],\"inLanguage\":\"fr-CA\"},{\"@type\":\"Organization\",\"@id\":\"https:\/\/georocfor.com\/fr\/#organization\",\"name\":\"GeoRocFor\",\"url\":\"https:\/\/georocfor.com\/fr\/\",\"logo\":{\"@type\":\"ImageObject\",\"inLanguage\":\"fr-CA\",\"@id\":\"https:\/\/georocfor.com\/fr\/#\/schema\/logo\/image\/\",\"url\":\"https:\/\/georocfor.com\/wp-content\/uploads\/2024\/03\/georocfor_logo_457x64.png\",\"contentUrl\":\"https:\/\/georocfor.com\/wp-content\/uploads\/2024\/03\/georocfor_logo_457x64.png\",\"width\":457,\"height\":64,\"caption\":\"GeoRocFor\"},\"image\":{\"@id\":\"https:\/\/georocfor.com\/fr\/#\/schema\/logo\/image\/\"}}]}<\/script>\n<!-- \/ Yoast SEO plugin. -->","yoast_head_json":{"title":"GeoRocFor","description":"GeoRocFor con\u00e7oit et fabrique syst\u00e8mes de tubage, tr\u00e9pans et accessoires robustes pour fondations, puits, g\u00e9othermie et g\u00e9nie civil.","robots":{"index":"index","follow":"follow","max-snippet":"max-snippet:-1","max-image-preview":"max-image-preview:large","max-video-preview":"max-video-preview:-1"},"canonical":"https:\/\/georocfor.com\/fr\/","og_locale":"fr_CA","og_type":"article","og_title":"GeoRocFor","og_description":"GeoRocFor con\u00e7oit et fabrique syst\u00e8mes de tubage, tr\u00e9pans et accessoires robustes pour fondations, puits, g\u00e9othermie et g\u00e9nie civil.","og_url":"https:\/\/georocfor.com\/fr\/","og_site_name":"GeoRocFor","article_modified_time":"2026-01-27T19:43:00+00:00","og_image":[{"width":1440,"height":862,"url":"https:\/\/georocfor.com\/wp-content\/uploads\/2024\/10\/georocfor_acc-slider2_background_1440x862-1.jpg","type":"image\/jpeg"}],"twitter_card":"summary_large_image","twitter_misc":{"Estimation du temps de lecture":"5 minutes"},"schema":{"@context":"https:\/\/schema.org","@graph":[{"@type":"WebPage","@id":"https:\/\/georocfor.com\/fr\/","url":"https:\/\/georocfor.com\/fr\/","name":"GeoRocFor","isPartOf":{"@id":"https:\/\/georocfor.com\/fr\/#website"},"primaryImageOfPage":{"@id":"https:\/\/georocfor.com\/fr\/#primaryimage"},"image":{"@id":"https:\/\/georocfor.com\/fr\/#primaryimage"},"thumbnailUrl":"https:\/\/georocfor.com\/wp-content\/uploads\/2024\/10\/georocfor_acc-slider2_background_1440x862-1.jpg","datePublished":"2017-04-12T21:55:35+00:00","dateModified":"2026-01-27T19:43:00+00:00","description":"GeoRocFor con\u00e7oit et fabrique syst\u00e8mes de tubage, tr\u00e9pans et accessoires robustes pour fondations, puits, g\u00e9othermie et g\u00e9nie civil.","breadcrumb":{"@id":"https:\/\/georocfor.com\/fr\/#breadcrumb"},"inLanguage":"fr-CA","potentialAction":[{"@type":"ReadAction","target":["https:\/\/georocfor.com\/fr\/"]}]},{"@type":"ImageObject","inLanguage":"fr-CA","@id":"https:\/\/georocfor.com\/fr\/#primaryimage","url":"https:\/\/georocfor.com\/wp-content\/uploads\/2024\/10\/georocfor_acc-slider2_background_1440x862-1.jpg","contentUrl":"https:\/\/georocfor.com\/wp-content\/uploads\/2024\/10\/georocfor_acc-slider2_background_1440x862-1.jpg","width":1440,"height":862,"caption":"GeoRocFor - Traverser les conditions les plus difficiles"},{"@type":"BreadcrumbList","@id":"https:\/\/georocfor.com\/fr\/#breadcrumb","itemListElement":[{"@type":"ListItem","position":1,"name":"Home","item":"https:\/\/georocfor.com\/fr\/"},{"@type":"ListItem","position":2,"name":"Accueil"}]},{"@type":"WebSite","@id":"https:\/\/georocfor.com\/fr\/#website","url":"https:\/\/georocfor.com\/fr\/","name":"GeoRocFor","description":"","publisher":{"@id":"https:\/\/georocfor.com\/fr\/#organization"},"potentialAction":[{"@type":"SearchAction","target":{"@type":"EntryPoint","urlTemplate":"https:\/\/georocfor.com\/fr\/?s={search_term_string}"},"query-input":{"@type":"PropertyValueSpecification","valueRequired":true,"valueName":"search_term_string"}}],"inLanguage":"fr-CA"},{"@type":"Organization","@id":"https:\/\/georocfor.com\/fr\/#organization","name":"GeoRocFor","url":"https:\/\/georocfor.com\/fr\/","logo":{"@type":"ImageObject","inLanguage":"fr-CA","@id":"https:\/\/georocfor.com\/fr\/#\/schema\/logo\/image\/","url":"https:\/\/georocfor.com\/wp-content\/uploads\/2024\/03\/georocfor_logo_457x64.png","contentUrl":"https:\/\/georocfor.com\/wp-content\/uploads\/2024\/03\/georocfor_logo_457x64.png","width":457,"height":64,"caption":"GeoRocFor"},"image":{"@id":"https:\/\/georocfor.com\/fr\/#\/schema\/logo\/image\/"}}]}},"jetpack_sharing_enabled":true,"_links":{"self":[{"href":"https:\/\/georocfor.com\/fr\/wp-json\/wp\/v2\/pages\/995028","targetHints":{"allow":["GET"]}}],"collection":[{"href":"https:\/\/georocfor.com\/fr\/wp-json\/wp\/v2\/pages"}],"about":[{"href":"https:\/\/georocfor.com\/fr\/wp-json\/wp\/v2\/types\/page"}],"author":[{"embeddable":true,"href":"https:\/\/georocfor.com\/fr\/wp-json\/wp\/v2\/users\/1"}],"replies":[{"embeddable":true,"href":"https:\/\/georocfor.com\/fr\/wp-json\/wp\/v2\/comments?post=995028"}],"version-history":[{"count":8,"href":"https:\/\/georocfor.com\/fr\/wp-json\/wp\/v2\/pages\/995028\/revisions"}],"predecessor-version":[{"id":995771,"href":"https:\/\/georocfor.com\/fr\/wp-json\/wp\/v2\/pages\/995028\/revisions\/995771"}],"wp:featuredmedia":[{"embeddable":true,"href":"https:\/\/georocfor.com\/fr\/wp-json\/wp\/v2\/media\/992459"}],"wp:attachment":[{"href":"https:\/\/georocfor.com\/fr\/wp-json\/wp\/v2\/media?parent=995028"}],"curies":[{"name":"wp","href":"https:\/\/api.w.org\/{rel}","templated":true}]}}