{"id":992363,"date":"2017-04-25T22:40:51","date_gmt":"2017-04-26T02:40:51","guid":{"rendered":"https:\/\/georocfor.com\/faq\/"},"modified":"2026-01-27T14:53:56","modified_gmt":"2026-01-27T19:53:56","slug":"faq","status":"publish","type":"page","link":"https:\/\/georocfor.com\/fr\/faq\/","title":{"rendered":"FAQ"},"content":{"rendered":"<div class=\"vgblk-rw-wrapper limit-wrapper\">\r\n<p>Fabriquez-vous des outils pour tous les types de forage ?<\/p>\r\n<p>Non. Nous nous sp\u00e9cialisons principalement dans les outils pour le forage au marteau fond de trou, mais nous offrons aussi certains produits pour les marteaux hors trou.<\/p>\r\n<p>Vos syst\u00e8mes d&rsquo;avancement de tubage sont-ils compatibles avec ceux de la concurrence ?<\/p>\r\n<p>Non. Chaque dimension d&rsquo;entra\u00eenement est propre \u00e0 chaque fabricant et les syst\u00e8mes ne sont pas interchangeables.<\/p>\r\n<p>Offrez-vous la fabrication sur mesure ?<\/p>\r\n<p>Oui, c&rsquo;est l&rsquo;un des points forts de G\u00e9oRocFor. Que ce soit pour les taillants de forage, les syst\u00e8mes de tubage \u00e0 l&rsquo;avancement ou la pr\u00e9paration de tubes de forage, notre d\u00e9partement d&rsquo;ing\u00e9nierie peut rapidement vous proposer un produit adapt\u00e9 \u00e0 vos besoins.<\/p>\r\n<p>De quel \u00e9quipement suppl\u00e9mentaire ai-je besoin pour utiliser vos syst\u00e8mes de tubage \u00e0 l&rsquo;avancement ?<\/p>\r\n<p>Vous devrez avoir une t\u00eate de d\u00e9charge pour recueillir les d\u00e9blais provenant du tubage pendant le forage. Nous offrons deux types de t\u00eate de d\u00e9charge: <a href=\"https:\/\/georocfor.com\/fr\/produits\/tete-de-decharge\/tete-de-decharge-a-boulonner\/\">\u00e0 boulonner<\/a> et <a href=\"https:\/\/georocfor.com\/fr\/produits\/tete-de-decharge\/tete-de-decharge-pneumatique\/\">pneumatique<\/a>.<\/p>\r\n<p>L&rsquo;air s&rsquo;\u00e9chappe-t-il du tubage lors du forage avec un syst\u00e8me de tubage \u00e0 l&rsquo;avancement ?<\/p>\r\n<p>Certains syst\u00e8mes sur le march\u00e9 ne conviennent pas pour contr\u00f4ler la perte d&rsquo;air. Nous offrons un syst\u00e8me con\u00e7u sp\u00e9cifiquement pour r\u00e9duire le risque de perte d&rsquo;air dans le sol, appel\u00e9 AirMaster. Son diam\u00e8tre de forage est l\u00e9g\u00e8rement sup\u00e9rieur \u00e0 celui du tubage, et sa conception facilite l&rsquo;\u00e9vacuation de l&rsquo;air depuis l&rsquo;int\u00e9rieur du tubage.<\/p>\r\n<p>Pourquoi est-il utile d&rsquo;installer le tubage en m\u00eame temps que le forage d&rsquo;un puits art\u00e9sien ?<\/p>\r\n<p>Certains sols sont non consolid\u00e9s, ce qui peut causer de s\u00e9rieux probl\u00e8mes pendant le forage. En fait, il est pr\u00e9f\u00e9rable pour l&rsquo;entrepreneur d&rsquo;installer le tubage simultan\u00e9ment afin d&rsquo;\u00e9viter de rester coinc\u00e9 dans le trou pendant le forage.<\/p>\r\n<p>Pourquoi installer un tubage en acier dans le sol ?<\/p>\r\n<p>Voici les principales raisons :<\/p>\r\n<ul>\r\n<li>Pour le forage de puits : le tubage sert \u00e0 maintenir le trou ouvert dans les sols non consolid\u00e9s.<\/li>\r\n<li>Pour le forage de pieux (g\u00e9nie civil) : le tubage permet de supporter des b\u00e2timents ou d&rsquo;autres ouvrages lorsque la capacit\u00e9 portante du sol est insuffisante et, ainsi, de faire partie int\u00e9grante de la structure. De plus, il sert aussi de coffrage pour recevoir les ancrages et le b\u00e9ton.<\/li>\r\n<\/ul>\r\n<p>Avez-vous un inventaire d&rsquo;outils ?<\/p>\r\n<p>Oui. Nous gardons en stock la plupart des syst\u00e8mes et outils de forage standards dans les tailles courantes.<\/p>\r\n<p>Exportez-vous vos produits ?<\/p>\r\n<p>Oui. Gr\u00e2ce \u00e0 notre proximit\u00e9 des fronti\u00e8res am\u00e9ricaines, du port et de l&rsquo;a\u00e9roport de Montr\u00e9al, nous exp\u00e9dions r\u00e9guli\u00e8rement partout dans le monde.<\/p>\r\n<\/div><!-- .vgblk-rw-wrapper -->","protected":false},"excerpt":{"rendered":"<p>Fabriquez-vous des outils pour tous les types de forage ? Non. Nous nous sp\u00e9cialisons principalement dans les outils pour le forage au marteau fond de trou, mais nous offrons aussi certains produits pour les marteaux hors trou. Vos syst\u00e8mes d&rsquo;avancement de tubage sont-ils compatibles avec ceux de la concurrence ? Non. Chaque dimension d&rsquo;entra\u00eenement est&#8230;<\/p>\n","protected":false},"author":1,"featured_media":995903,"parent":0,"menu_order":0,"comment_status":"closed","ping_status":"closed","template":"","meta":{"_acf_changed":false,"inline_featured_image":false,"_monsterinsights_skip_tracking":false,"_monsterinsights_sitenote_active":false,"_monsterinsights_sitenote_note":"","_monsterinsights_sitenote_category":0,"footnotes":""},"class_list":["post-992363","page","type-page","status-publish","has-post-thumbnail","hentry"],"acf":[],"yoast_head":"<!-- This site is optimized with the Yoast SEO plugin v26.8 - https:\/\/yoast.com\/product\/yoast-seo-wordpress\/ -->\n<title>FAQ - GeoRocFor<\/title>\n<meta name=\"description\" content=\"Consultez la FAQ GeoRocFor pour r\u00e9ponses aux questions fr\u00e9quentes sur nos outils de forage, tubage, applications et support technique.\" \/>\n<meta name=\"robots\" content=\"index, follow, max-snippet:-1, max-image-preview:large, max-video-preview:-1\" \/>\n<link rel=\"canonical\" href=\"https:\/\/georocfor.com\/fr\/faq\/\" \/>\n<meta property=\"og:locale\" content=\"fr_CA\" \/>\n<meta property=\"og:type\" content=\"article\" \/>\n<meta property=\"og:title\" content=\"FAQ - GeoRocFor\" \/>\n<meta property=\"og:description\" content=\"Consultez la FAQ GeoRocFor pour r\u00e9ponses aux questions fr\u00e9quentes sur nos outils de forage, tubage, applications et support technique.\" \/>\n<meta property=\"og:url\" content=\"https:\/\/georocfor.com\/fr\/faq\/\" \/>\n<meta property=\"og:site_name\" content=\"GeoRocFor\" \/>\n<meta property=\"article:modified_time\" content=\"2026-01-27T19:53:56+00:00\" \/>\n<meta property=\"og:image\" content=\"https:\/\/georocfor.com\/wp-content\/uploads\/2026\/01\/georocfor_faq_1200x800-1.jpg\" \/>\n\t<meta property=\"og:image:width\" content=\"1200\" \/>\n\t<meta property=\"og:image:height\" content=\"800\" \/>\n\t<meta property=\"og:image:type\" content=\"image\/jpeg\" \/>\n<meta name=\"twitter:card\" content=\"summary_large_image\" \/>\n<meta name=\"twitter:label1\" content=\"Estimation du temps de lecture\" \/>\n\t<meta name=\"twitter:data1\" content=\"2 minutes\" \/>\n<script type=\"application\/ld+json\" class=\"yoast-schema-graph\">{\"@context\":\"https:\/\/schema.org\",\"@graph\":[{\"@type\":\"WebPage\",\"@id\":\"https:\/\/georocfor.com\/fr\/faq\/\",\"url\":\"https:\/\/georocfor.com\/fr\/faq\/\",\"name\":\"FAQ - GeoRocFor\",\"isPartOf\":{\"@id\":\"https:\/\/georocfor.com\/fr\/#website\"},\"primaryImageOfPage\":{\"@id\":\"https:\/\/georocfor.com\/fr\/faq\/#primaryimage\"},\"image\":{\"@id\":\"https:\/\/georocfor.com\/fr\/faq\/#primaryimage\"},\"thumbnailUrl\":\"https:\/\/georocfor.com\/wp-content\/uploads\/2026\/01\/georocfor_faq_1200x800-1.jpg\",\"datePublished\":\"2017-04-26T02:40:51+00:00\",\"dateModified\":\"2026-01-27T19:53:56+00:00\",\"description\":\"Consultez la FAQ GeoRocFor pour r\u00e9ponses aux questions fr\u00e9quentes sur nos outils de forage, tubage, applications et support technique.\",\"breadcrumb\":{\"@id\":\"https:\/\/georocfor.com\/fr\/faq\/#breadcrumb\"},\"inLanguage\":\"fr-CA\",\"potentialAction\":[{\"@type\":\"ReadAction\",\"target\":[\"https:\/\/georocfor.com\/fr\/faq\/\"]}]},{\"@type\":\"ImageObject\",\"inLanguage\":\"fr-CA\",\"@id\":\"https:\/\/georocfor.com\/fr\/faq\/#primaryimage\",\"url\":\"https:\/\/georocfor.com\/wp-content\/uploads\/2026\/01\/georocfor_faq_1200x800-1.jpg\",\"contentUrl\":\"https:\/\/georocfor.com\/wp-content\/uploads\/2026\/01\/georocfor_faq_1200x800-1.jpg\",\"width\":1200,\"height\":800,\"caption\":\"Chantier de construction de forage.\"},{\"@type\":\"BreadcrumbList\",\"@id\":\"https:\/\/georocfor.com\/fr\/faq\/#breadcrumb\",\"itemListElement\":[{\"@type\":\"ListItem\",\"position\":1,\"name\":\"Home\",\"item\":\"https:\/\/georocfor.com\/fr\/\"},{\"@type\":\"ListItem\",\"position\":2,\"name\":\"FAQ\"}]},{\"@type\":\"WebSite\",\"@id\":\"https:\/\/georocfor.com\/fr\/#website\",\"url\":\"https:\/\/georocfor.com\/fr\/\",\"name\":\"GeoRocFor\",\"description\":\"\",\"publisher\":{\"@id\":\"https:\/\/georocfor.com\/fr\/#organization\"},\"potentialAction\":[{\"@type\":\"SearchAction\",\"target\":{\"@type\":\"EntryPoint\",\"urlTemplate\":\"https:\/\/georocfor.com\/fr\/?s={search_term_string}\"},\"query-input\":{\"@type\":\"PropertyValueSpecification\",\"valueRequired\":true,\"valueName\":\"search_term_string\"}}],\"inLanguage\":\"fr-CA\"},{\"@type\":\"Organization\",\"@id\":\"https:\/\/georocfor.com\/fr\/#organization\",\"name\":\"GeoRocFor\",\"url\":\"https:\/\/georocfor.com\/fr\/\",\"logo\":{\"@type\":\"ImageObject\",\"inLanguage\":\"fr-CA\",\"@id\":\"https:\/\/georocfor.com\/fr\/#\/schema\/logo\/image\/\",\"url\":\"https:\/\/georocfor.com\/wp-content\/uploads\/2024\/03\/georocfor_logo_457x64.png\",\"contentUrl\":\"https:\/\/georocfor.com\/wp-content\/uploads\/2024\/03\/georocfor_logo_457x64.png\",\"width\":457,\"height\":64,\"caption\":\"GeoRocFor\"},\"image\":{\"@id\":\"https:\/\/georocfor.com\/fr\/#\/schema\/logo\/image\/\"}}]}<\/script>\n<!-- \/ Yoast SEO plugin. -->","yoast_head_json":{"title":"FAQ - GeoRocFor","description":"Consultez la FAQ GeoRocFor pour r\u00e9ponses aux questions fr\u00e9quentes sur nos outils de forage, tubage, applications et support technique.","robots":{"index":"index","follow":"follow","max-snippet":"max-snippet:-1","max-image-preview":"max-image-preview:large","max-video-preview":"max-video-preview:-1"},"canonical":"https:\/\/georocfor.com\/fr\/faq\/","og_locale":"fr_CA","og_type":"article","og_title":"FAQ - GeoRocFor","og_description":"Consultez la FAQ GeoRocFor pour r\u00e9ponses aux questions fr\u00e9quentes sur nos outils de forage, tubage, applications et support technique.","og_url":"https:\/\/georocfor.com\/fr\/faq\/","og_site_name":"GeoRocFor","article_modified_time":"2026-01-27T19:53:56+00:00","og_image":[{"width":1200,"height":800,"url":"https:\/\/georocfor.com\/wp-content\/uploads\/2026\/01\/georocfor_faq_1200x800-1.jpg","type":"image\/jpeg"}],"twitter_card":"summary_large_image","twitter_misc":{"Estimation du temps de lecture":"2 minutes"},"schema":{"@context":"https:\/\/schema.org","@graph":[{"@type":"WebPage","@id":"https:\/\/georocfor.com\/fr\/faq\/","url":"https:\/\/georocfor.com\/fr\/faq\/","name":"FAQ - GeoRocFor","isPartOf":{"@id":"https:\/\/georocfor.com\/fr\/#website"},"primaryImageOfPage":{"@id":"https:\/\/georocfor.com\/fr\/faq\/#primaryimage"},"image":{"@id":"https:\/\/georocfor.com\/fr\/faq\/#primaryimage"},"thumbnailUrl":"https:\/\/georocfor.com\/wp-content\/uploads\/2026\/01\/georocfor_faq_1200x800-1.jpg","datePublished":"2017-04-26T02:40:51+00:00","dateModified":"2026-01-27T19:53:56+00:00","description":"Consultez la FAQ GeoRocFor pour r\u00e9ponses aux questions fr\u00e9quentes sur nos outils de forage, tubage, applications et support technique.","breadcrumb":{"@id":"https:\/\/georocfor.com\/fr\/faq\/#breadcrumb"},"inLanguage":"fr-CA","potentialAction":[{"@type":"ReadAction","target":["https:\/\/georocfor.com\/fr\/faq\/"]}]},{"@type":"ImageObject","inLanguage":"fr-CA","@id":"https:\/\/georocfor.com\/fr\/faq\/#primaryimage","url":"https:\/\/georocfor.com\/wp-content\/uploads\/2026\/01\/georocfor_faq_1200x800-1.jpg","contentUrl":"https:\/\/georocfor.com\/wp-content\/uploads\/2026\/01\/georocfor_faq_1200x800-1.jpg","width":1200,"height":800,"caption":"Chantier de construction de forage."},{"@type":"BreadcrumbList","@id":"https:\/\/georocfor.com\/fr\/faq\/#breadcrumb","itemListElement":[{"@type":"ListItem","position":1,"name":"Home","item":"https:\/\/georocfor.com\/fr\/"},{"@type":"ListItem","position":2,"name":"FAQ"}]},{"@type":"WebSite","@id":"https:\/\/georocfor.com\/fr\/#website","url":"https:\/\/georocfor.com\/fr\/","name":"GeoRocFor","description":"","publisher":{"@id":"https:\/\/georocfor.com\/fr\/#organization"},"potentialAction":[{"@type":"SearchAction","target":{"@type":"EntryPoint","urlTemplate":"https:\/\/georocfor.com\/fr\/?s={search_term_string}"},"query-input":{"@type":"PropertyValueSpecification","valueRequired":true,"valueName":"search_term_string"}}],"inLanguage":"fr-CA"},{"@type":"Organization","@id":"https:\/\/georocfor.com\/fr\/#organization","name":"GeoRocFor","url":"https:\/\/georocfor.com\/fr\/","logo":{"@type":"ImageObject","inLanguage":"fr-CA","@id":"https:\/\/georocfor.com\/fr\/#\/schema\/logo\/image\/","url":"https:\/\/georocfor.com\/wp-content\/uploads\/2024\/03\/georocfor_logo_457x64.png","contentUrl":"https:\/\/georocfor.com\/wp-content\/uploads\/2024\/03\/georocfor_logo_457x64.png","width":457,"height":64,"caption":"GeoRocFor"},"image":{"@id":"https:\/\/georocfor.com\/fr\/#\/schema\/logo\/image\/"}}]}},"jetpack_sharing_enabled":true,"_links":{"self":[{"href":"https:\/\/georocfor.com\/fr\/wp-json\/wp\/v2\/pages\/992363","targetHints":{"allow":["GET"]}}],"collection":[{"href":"https:\/\/georocfor.com\/fr\/wp-json\/wp\/v2\/pages"}],"about":[{"href":"https:\/\/georocfor.com\/fr\/wp-json\/wp\/v2\/types\/page"}],"author":[{"embeddable":true,"href":"https:\/\/georocfor.com\/fr\/wp-json\/wp\/v2\/users\/1"}],"replies":[{"embeddable":true,"href":"https:\/\/georocfor.com\/fr\/wp-json\/wp\/v2\/comments?post=992363"}],"version-history":[{"count":9,"href":"https:\/\/georocfor.com\/fr\/wp-json\/wp\/v2\/pages\/992363\/revisions"}],"predecessor-version":[{"id":995780,"href":"https:\/\/georocfor.com\/fr\/wp-json\/wp\/v2\/pages\/992363\/revisions\/995780"}],"wp:featuredmedia":[{"embeddable":true,"href":"https:\/\/georocfor.com\/fr\/wp-json\/wp\/v2\/media\/995903"}],"wp:attachment":[{"href":"https:\/\/georocfor.com\/fr\/wp-json\/wp\/v2\/media?parent=992363"}],"curies":[{"name":"wp","href":"https:\/\/api.w.org\/{rel}","templated":true}]}}